{"id":90,"date":"2020-06-10T06:38:23","date_gmt":"2020-06-10T06:38:23","guid":{"rendered":"https:\/\/new.milvus.ro\/?page_id=90"},"modified":"2020-11-19T13:51:55","modified_gmt":"2020-11-19T11:51:55","slug":"programe-pentru-gimnazii-activitati-regulate","status":"publish","type":"page","link":"https:\/\/milvus.ro\/hu\/szemleletformalas\/programe-pentru-gimnazii-activitati-regulate\/","title":{"rendered":"Rendszeres tev\u00e9kenys\u00e9gek k\u00f6z\u00e9piskol\u00e1soknak"},"content":{"rendered":"<p><strong>El\u0151ad\u00e1sok<\/strong><br>A term\u00e9szetr\u0151l tanulunk, a madarak seg\u00edts\u00e9g\u00e9vel k\u00f6zelebb ker\u00fcl\u00fcnk az \u00e9l\u0151vil\u00e1ghoz. K\u00e9pek,<br>filmecsk\u00e9k, versek \u00e9s mes\u00e9k seg\u00edts\u00e9g\u00e9vel belekukkanthatunk a madarak csod\u00e1latos vil\u00e1g\u00e1ba.<\/p><p><strong>Bark\u00e1csol\u00e1s, k\u00e9zm\u0171vess\u00e9g<\/strong><br>Olyan gyakorlati tev\u00e9kenys\u00e9gekkel lepj\u00fck meg a gyerekeket, melyek sor\u00e1n \u00e9rz\u00e9kszerveik<br>seg\u00edts\u00e9g\u00e9vel fedezhetik fel a k\u00f6r\u00fcl\u00f6tt\u00fck lev\u0151 \u00e9l\u0151vil\u00e1got. A gyerekek, kreativit\u00e1st is fejleszt\u0151<br>tev\u00e9kenys\u00e9geink sor\u00e1n, megismerhetik a haz\u00e1nkban el\u0151fordul\u00f3 mad\u00e1rfajokat \u00e9s azok \u00e9let\u00e9t.<\/p><p><strong>Szabadt\u00e9ri j\u00e1t\u00e9kok<\/strong><br>Mozg\u00e1s, friss leveg\u0151, j\u00f3kedv, j\u00e1t\u00e9k: mind fontos a gyerekek eg\u00e9szs\u00e9ges fizikai \u00e9s szellemi<br>fejl\u0151d\u00e9s\u00e9hez. C\u00e9lunk: kimozd\u00edtani a gyerekeket a termekb\u0151l \u00e9s kialak\u00edtani az ig\u00e9nyt, hogy min\u00e9l<br>t\u00f6bb id\u0151t t\u00f6ltsenek a szabadban. J\u00e1t\u00e9kaink sor\u00e1n a term\u00e9szetr\u0151l tanulunk, megtanulunk k\u00f6rnyezet tudatosan \u00e9lni.<\/p><ol class=\"wp-block-list\"><li>\u0150szi vonul\u00e1s<\/li><li>T\u00e9li etet\u00e9s<\/li><li>Madarak tavasszal<\/li><li>Tavaszi vonul\u00e1s<\/li><li>Mad\u00e1rhangok<\/li><li>F\u00e9szkel\u00e9s<\/li><li>A fi\u00f3k\u00e1k \u00e9lete<\/li><li>Mad\u00e1rbar\u00e1t kert<\/li><li>T\u00e1pl\u00e1lkoz\u00e1s \u2013 Cs\u0151rt\u00edpusok<\/li><li>Madarak rehabilit\u00e1ci\u00f3ja<\/li><\/ol><p><\/p>","protected":false},"excerpt":{"rendered":"El\u0151ad\u00e1sokA term\u00e9szetr\u0151l tanulunk, a madarak seg\u00edts\u00e9g\u00e9vel k\u00f6zelebb ker\u00fcl\u00fcnk az \u00e9l\u0151vil\u00e1ghoz. K\u00e9pek,filmecsk\u00e9k, versek \u00e9s mes\u00e9k seg\u00edts\u00e9g\u00e9vel belekukkanthatunk a madarak csod\u00e1latos vil\u00e1g\u00e1ba.Bark\u00e1csol\u00e1s, k\u00e9zm\u0171vess\u00e9gOlyan gyakorlati tev\u00e9kenys\u00e9gekkel lepj\u00fck meg a gyerekeket, melyek sor\u00e1n \u00e9rz\u00e9kszerveikseg\u00edts\u00e9g\u00e9vel fedezhetik fel a k\u00f6r\u00fcl\u00f6tt\u00fck lev\u0151 \u00e9l\u0151vil\u00e1got. A gyerekek, kreativit\u00e1st is fejleszt\u0151tev\u00e9kenys\u00e9geink sor\u00e1n, megismerhetik a haz\u00e1nkban el\u0151fordul\u00f3 mad\u00e1rfajokat \u00e9s azok \u00e9let\u00e9t.Szabadt\u00e9ri j\u00e1t\u00e9kokMozg\u00e1s, friss leveg\u0151, j\u00f3kedv, j\u00e1t\u00e9k: [&hellip;]","protected":false},"author":2,"featured_media":0,"parent":14380,"menu_order":0,"comment_status":"closed","ping_status":"closed","template":"","meta":{"_acf_changed":false,"_eb_attr":"","ocean_post_layout":"left-sidebar","ocean_both_sidebars_style":"","ocean_both_sidebars_content_width":0,"ocean_both_sidebars_sidebars_width":0,"ocean_sidebar":"ocs-education-menu","ocean_second_sidebar":"0","ocean_disable_margins":"enable","ocean_add_body_class":"","ocean_shortcode_before_top_bar":"","ocean_shortcode_after_top_bar":"","ocean_shortcode_before_header":"","ocean_shortcode_after_header":"","ocean_has_shortcode":"","ocean_shortcode_after_title":"","ocean_shortcode_before_footer_widgets":"","ocean_shortcode_after_footer_widgets":"","ocean_shortcode_before_footer_bottom":"","ocean_shortcode_after_footer_bottom":"","ocean_display_top_bar":"default","ocean_display_header":"default","ocean_header_style":"","ocean_center_header_left_menu":"0","ocean_custom_header_template":"0","ocean_custom_logo":0,"ocean_custom_retina_logo":0,"ocean_custom_logo_max_width":0,"ocean_custom_logo_tablet_max_width":0,"ocean_custom_logo_mobile_max_width":0,"ocean_custom_logo_max_height":0,"ocean_custom_logo_tablet_max_height":0,"ocean_custom_logo_mobile_max_height":0,"ocean_header_custom_menu":"0","ocean_menu_typo_font_family":"0","ocean_menu_typo_font_subset":"","ocean_menu_typo_font_size":0,"ocean_menu_typo_font_size_tablet":0,"ocean_menu_typo_font_size_mobile":0,"ocean_menu_typo_font_size_unit":"px","ocean_menu_typo_font_weight":"","ocean_menu_typo_font_weight_tablet":"","ocean_menu_typo_font_weight_mobile":"","ocean_menu_typo_transform":"","ocean_menu_typo_transform_tablet":"","ocean_menu_typo_transform_mobile":"","ocean_menu_typo_line_height":0,"ocean_menu_typo_line_height_tablet":0,"ocean_menu_typo_line_height_mobile":0,"ocean_menu_typo_line_height_unit":"","ocean_menu_typo_spacing":0,"ocean_menu_typo_spacing_tablet":0,"ocean_menu_typo_spacing_mobile":0,"ocean_menu_typo_spacing_unit":"","ocean_menu_link_color":"","ocean_menu_link_color_hover":"","ocean_menu_link_color_active":"","ocean_menu_link_background":"","ocean_menu_link_hover_background":"","ocean_menu_link_active_background":"","ocean_menu_social_links_bg":"","ocean_menu_social_hover_links_bg":"","ocean_menu_social_links_color":"","ocean_menu_social_hover_links_color":"","ocean_disable_title":"enable","ocean_disable_heading":"enable","ocean_post_title":"","ocean_post_subheading":"","ocean_post_title_style":"","ocean_post_title_background_color":"","ocean_post_title_background":0,"ocean_post_title_bg_image_position":"","ocean_post_title_bg_image_attachment":"","ocean_post_title_bg_image_repeat":"","ocean_post_title_bg_image_size":"","ocean_post_title_height":0,"ocean_post_title_bg_overlay":0.5,"ocean_post_title_bg_overlay_color":"","ocean_disable_breadcrumbs":"on","ocean_breadcrumbs_color":"","ocean_breadcrumbs_separator_color":"","ocean_breadcrumbs_links_color":"","ocean_breadcrumbs_links_hover_color":"","ocean_display_footer_widgets":"default","ocean_display_footer_bottom":"default","ocean_custom_footer_template":"0","omw_enable_modal_window":"enable","osh_disable_topbar_sticky":"default","osh_disable_header_sticky":"default","osh_sticky_header_style":"default","osh_sticky_header_effect":"","osh_custom_sticky_logo":0,"osh_custom_retina_sticky_logo":0,"osh_custom_sticky_logo_height":0,"osh_background_color":"","osh_links_color":"","osh_links_hover_color":"","osh_links_active_color":"","osh_links_bg_color":"","osh_links_hover_bg_color":"","osh_links_active_bg_color":"","osh_menu_social_links_color":"","osh_menu_social_hover_links_color":"","footnotes":""},"class_list":["post-90","page","type-page","status-publish","hentry","entry","owp-thumbs-layout-horizontal","owp-btn-normal","owp-tabs-layout-horizontal","has-no-thumbnails","has-product-nav"],"acf":[],"_links":{"self":[{"href":"https:\/\/milvus.ro\/hu\/wp-json\/wp\/v2\/pages\/90","targetHints":{"allow":["GET"]}}],"collection":[{"href":"https:\/\/milvus.ro\/hu\/wp-json\/wp\/v2\/pages"}],"about":[{"href":"https:\/\/milvus.ro\/hu\/wp-json\/wp\/v2\/types\/page"}],"author":[{"embeddable":true,"href":"https:\/\/milvus.ro\/hu\/wp-json\/wp\/v2\/users\/2"}],"replies":[{"embeddable":true,"href":"https:\/\/milvus.ro\/hu\/wp-json\/wp\/v2\/comments?post=90"}],"version-history":[{"count":3,"href":"https:\/\/milvus.ro\/hu\/wp-json\/wp\/v2\/pages\/90\/revisions"}],"predecessor-version":[{"id":17886,"href":"https:\/\/milvus.ro\/hu\/wp-json\/wp\/v2\/pages\/90\/revisions\/17886"}],"up":[{"embeddable":true,"href":"https:\/\/milvus.ro\/hu\/wp-json\/wp\/v2\/pages\/14380"}],"wp:attachment":[{"href":"https:\/\/milvus.ro\/hu\/wp-json\/wp\/v2\/media?parent=90"}],"curies":[{"name":"wp","href":"https:\/\/api.w.org\/{rel}","templated":true}]}}