{"id":883,"date":"2020-07-16T07:36:09","date_gmt":"2020-07-16T07:36:09","guid":{"rendered":"https:\/\/new.milvus.ro\/?page_id=883"},"modified":"2020-11-19T13:55:04","modified_gmt":"2020-11-19T11:55:04","slug":"kirandulasok-kozepiskolasoknak","status":"publish","type":"page","link":"https:\/\/milvus.ro\/hu\/szemleletformalas\/kirandulasok-kozepiskolasoknak\/","title":{"rendered":"Kir\u00e1ndul\u00e1sok k\u00f6z\u00e9piskol\u00e1soknak"},"content":{"rendered":"<p>Egy napos kir\u00e1ndul\u00e1sok<\/p><div class=\"wp-block-group\"><div class=\"wp-block-group__inner-container is-layout-flow wp-block-group-is-layout-flow\"><ul class=\"wp-block-list\"><li>Rigm\u00e1ny (30 km) (\u0151sz, tavasz)<ul><li>m\u0171od\u00fa ellen\u0151rz\u00e9s<\/li><li>lombhullat\u00f3 erd\u0151 \u00e9l\u0151vil\u00e1ga \u2013 j\u00e1t\u00e9kok, tev\u00e9kenys\u00e9gek az erd\u0151ben (2 tev\u00e9kenys\u00e9g)<\/li><li>gy\u0171r\u0171z\u00e9s \u2013 bemutat\u00f3<\/li><li>s\u00e9ta a kil\u00e1t\u00f3ig<\/li><li>h\u00e1zi keny\u00e9r k\u00f3stol\u00e1s<\/li><\/ul><\/li><\/ul><\/div><\/div><div class=\"wp-block-group\"><div class=\"wp-block-group__inner-container is-layout-flow wp-block-group-is-layout-flow\"><ul class=\"wp-block-list\"><li>Rigm\u00e1ny kir\u00e1ndul\u00e1s \u00e9s Rehabilit\u00e1ci\u00f3s K\u00f6zpont l\u00e1togat\u00e1s Szentsimonba (32 km) (\u0151sz, tavasz)<ul><li>Rehabilit\u00e1ci\u00f3s K\u00f6zpont bemutat\u00f3\/ falum\u00fazeum<\/li><li>gy\u0171r\u0171z\u00e9s \u2013 bemutat\u00f3<\/li><li>s\u00e9ta az erd\u0151ig<\/li><li>lombhullat\u00f3 erd\u0151 \u00e9l\u0151vil\u00e1ga \u2013 j\u00e1t\u00e9kok, tev\u00e9kenys\u00e9gek az erd\u0151ben<\/li><\/ul><\/li><li>Rigm\u00e1ny kir\u00e1ndul\u00e1s \u00e9s t\u00e9li mad\u00e1retet\u00e9s (30 km) (t\u00e9l)<ul><li>Rehabilit\u00e1ci\u00f3s K\u00f6zpont bemutat\u00f3<\/li><li>h\u00e1zi keny\u00e9r k\u00f3stol\u00e1s<\/li><li>t\u00e9li mad\u00e1retet\u00e9s \u2013 mivel, hogyan, mikor etess\u00fcnk, \u00fajrahasznos\u00edtott anyagokb\u00f3l k\u00e9sz\u00edtett etet\u0151k<\/li><li>s\u00e9ta az erd\u0151ig \u2013 m\u0171od\u00fa kihelyez\u00e9s\/ l\u00e1togat\u00e1s<\/li><\/ul><\/li><\/ul><\/div><\/div><div class=\"wp-block-group\"><div class=\"wp-block-group__inner-container is-layout-flow wp-block-group-is-layout-flow\"><ul class=\"wp-block-list\"><li>S\u00e1rpataki kir\u00e1ndul\u00e1s (18 km) \u2013 foly\u00f3part \u00e9s erd\u0151 (\u0151sz, tavasz)<ul><li>Natura 2000<\/li><li>gy\u0171r\u0171z\u00e9s \u2013 bemutat\u00f3, monitoring<\/li><li>mad\u00e1rkeres\u00e9s t\u00e1vcs\u0151vel \u00e9s spekt\u00edvvel<\/li><li>j\u00e1t\u00e9kok az erd\u0151ben \u2013 ismerd meg a lombhullat\u00f3 erd\u0151 \u00e9l\u0151vil\u00e1g\u00e1t<\/li><li>az erd\u0151 szintjei, t\u00e1pl\u00e1l\u00e9kh\u00e1l\u00f3\/ ragadoz\u00f3mad\u00e1r (\u00f6lyv) \u2013 f\u00e9szek l\u00e1togat\u00e1s<\/li><\/ul><\/li><li>S\u00e1rpataki kir\u00e1ndul\u00e1s (18 km) \u2013 tavak \u00e9s erd\u0151 (\u0151sz, tavasz)<ul><li>Natura 2000 ter\u00fclet bemutat\u00e1sa , gy\u0171r\u0171z\u00e9s bemutat\u00f3, monitoring<\/li><li>madar\u00e1sz\u00e1s a tet\u0151r\u0151l \u2013 fajok bemutat\u00e1sa, mad\u00e1r keres\u00e9s<\/li><li>j\u00e1t\u00e9kok az erd\u0151ben \u2013 ismerd meg a lombhullat\u00f3 erd\u0151k \u00e9l\u0151vil\u00e1g\u00e1t<\/li><\/ul><\/li><\/ul><\/div><\/div><p><\/p>","protected":false},"excerpt":{"rendered":"Egy napos kir\u00e1ndul\u00e1sokRigm\u00e1ny (30 km) (\u0151sz, tavasz)m\u0171od\u00fa ellen\u0151rz\u00e9slombhullat\u00f3 erd\u0151 \u00e9l\u0151vil\u00e1ga \u2013 j\u00e1t\u00e9kok, tev\u00e9kenys\u00e9gek az erd\u0151ben (2 tev\u00e9kenys\u00e9g)gy\u0171r\u0171z\u00e9s \u2013 bemutat\u00f3s\u00e9ta a kil\u00e1t\u00f3igh\u00e1zi keny\u00e9r k\u00f3stol\u00e1sRigm\u00e1ny kir\u00e1ndul\u00e1s \u00e9s Rehabilit\u00e1ci\u00f3s K\u00f6zpont l\u00e1togat\u00e1s Szentsimonba (32 km) (\u0151sz, tavasz)Rehabilit\u00e1ci\u00f3s K\u00f6zpont bemutat\u00f3\/ falum\u00fazeumgy\u0171r\u0171z\u00e9s \u2013 bemutat\u00f3s\u00e9ta az erd\u0151iglombhullat\u00f3 erd\u0151 \u00e9l\u0151vil\u00e1ga \u2013 j\u00e1t\u00e9kok, tev\u00e9kenys\u00e9gek az erd\u0151benRigm\u00e1ny kir\u00e1ndul\u00e1s \u00e9s t\u00e9li mad\u00e1retet\u00e9s (30 km) (t\u00e9l)Rehabilit\u00e1ci\u00f3s K\u00f6zpont [&hellip;]","protected":false},"author":2,"featured_media":0,"parent":14380,"menu_order":0,"comment_status":"closed","ping_status":"closed","template":"","meta":{"_acf_changed":false,"_eb_attr":"","ocean_post_layout":"left-sidebar","ocean_both_sidebars_style":"","ocean_both_sidebars_content_width":0,"ocean_both_sidebars_sidebars_width":0,"ocean_sidebar":"ocs-education-menu","ocean_second_sidebar":"0","ocean_disable_margins":"enable","ocean_add_body_class":"","ocean_shortcode_before_top_bar":"","ocean_shortcode_after_top_bar":"","ocean_shortcode_before_header":"","ocean_shortcode_after_header":"","ocean_has_shortcode":"","ocean_shortcode_after_title":"","ocean_shortcode_before_footer_widgets":"","ocean_shortcode_after_footer_widgets":"","ocean_shortcode_before_footer_bottom":"","ocean_shortcode_after_footer_bottom":"","ocean_display_top_bar":"default","ocean_display_header":"default","ocean_header_style":"","ocean_center_header_left_menu":"0","ocean_custom_header_template":"0","ocean_custom_logo":0,"ocean_custom_retina_logo":0,"ocean_custom_logo_max_width":0,"ocean_custom_logo_tablet_max_width":0,"ocean_custom_logo_mobile_max_width":0,"ocean_custom_logo_max_height":0,"ocean_custom_logo_tablet_max_height":0,"ocean_custom_logo_mobile_max_height":0,"ocean_header_custom_menu":"0","ocean_menu_typo_font_family":"0","ocean_menu_typo_font_subset":"","ocean_menu_typo_font_size":0,"ocean_menu_typo_font_size_tablet":0,"ocean_menu_typo_font_size_mobile":0,"ocean_menu_typo_font_size_unit":"px","ocean_menu_typo_font_weight":"","ocean_menu_typo_font_weight_tablet":"","ocean_menu_typo_font_weight_mobile":"","ocean_menu_typo_transform":"","ocean_menu_typo_transform_tablet":"","ocean_menu_typo_transform_mobile":"","ocean_menu_typo_line_height":0,"ocean_menu_typo_line_height_tablet":0,"ocean_menu_typo_line_height_mobile":0,"ocean_menu_typo_line_height_unit":"","ocean_menu_typo_spacing":0,"ocean_menu_typo_spacing_tablet":0,"ocean_menu_typo_spacing_mobile":0,"ocean_menu_typo_spacing_unit":"","ocean_menu_link_color":"","ocean_menu_link_color_hover":"","ocean_menu_link_color_active":"","ocean_menu_link_background":"","ocean_menu_link_hover_background":"","ocean_menu_link_active_background":"","ocean_menu_social_links_bg":"","ocean_menu_social_hover_links_bg":"","ocean_menu_social_links_color":"","ocean_menu_social_hover_links_color":"","ocean_disable_title":"enable","ocean_disable_heading":"enable","ocean_post_title":"","ocean_post_subheading":"","ocean_post_title_style":"","ocean_post_title_background_color":"","ocean_post_title_background":0,"ocean_post_title_bg_image_position":"","ocean_post_title_bg_image_attachment":"","ocean_post_title_bg_image_repeat":"","ocean_post_title_bg_image_size":"","ocean_post_title_height":0,"ocean_post_title_bg_overlay":0.5,"ocean_post_title_bg_overlay_color":"","ocean_disable_breadcrumbs":"default","ocean_breadcrumbs_color":"","ocean_breadcrumbs_separator_color":"","ocean_breadcrumbs_links_color":"","ocean_breadcrumbs_links_hover_color":"","ocean_display_footer_widgets":"default","ocean_display_footer_bottom":"default","ocean_custom_footer_template":"0","omw_enable_modal_window":"enable","osh_disable_topbar_sticky":"default","osh_disable_header_sticky":"default","osh_sticky_header_style":"default","osh_sticky_header_effect":"","osh_custom_sticky_logo":0,"osh_custom_retina_sticky_logo":0,"osh_custom_sticky_logo_height":0,"osh_background_color":"","osh_links_color":"","osh_links_hover_color":"","osh_links_active_color":"","osh_links_bg_color":"","osh_links_hover_bg_color":"","osh_links_active_bg_color":"","osh_menu_social_links_color":"","osh_menu_social_hover_links_color":"","footnotes":""},"class_list":["post-883","page","type-page","status-publish","hentry","entry","owp-thumbs-layout-horizontal","owp-btn-normal","owp-tabs-layout-horizontal","has-no-thumbnails","has-product-nav"],"acf":[],"_links":{"self":[{"href":"https:\/\/milvus.ro\/hu\/wp-json\/wp\/v2\/pages\/883","targetHints":{"allow":["GET"]}}],"collection":[{"href":"https:\/\/milvus.ro\/hu\/wp-json\/wp\/v2\/pages"}],"about":[{"href":"https:\/\/milvus.ro\/hu\/wp-json\/wp\/v2\/types\/page"}],"author":[{"embeddable":true,"href":"https:\/\/milvus.ro\/hu\/wp-json\/wp\/v2\/users\/2"}],"replies":[{"embeddable":true,"href":"https:\/\/milvus.ro\/hu\/wp-json\/wp\/v2\/comments?post=883"}],"version-history":[{"count":2,"href":"https:\/\/milvus.ro\/hu\/wp-json\/wp\/v2\/pages\/883\/revisions"}],"predecessor-version":[{"id":1408,"href":"https:\/\/milvus.ro\/hu\/wp-json\/wp\/v2\/pages\/883\/revisions\/1408"}],"up":[{"embeddable":true,"href":"https:\/\/milvus.ro\/hu\/wp-json\/wp\/v2\/pages\/14380"}],"wp:attachment":[{"href":"https:\/\/milvus.ro\/hu\/wp-json\/wp\/v2\/media?parent=883"}],"curies":[{"name":"wp","href":"https:\/\/api.w.org\/{rel}","templated":true}]}}