{"id":88,"date":"2020-06-10T06:37:12","date_gmt":"2020-06-10T06:37:12","guid":{"rendered":"https:\/\/new.milvus.ro\/?page_id=88"},"modified":"2020-11-19T13:53:43","modified_gmt":"2020-11-19T11:53:43","slug":"kisiskolasoknak","status":"publish","type":"page","link":"https:\/\/milvus.ro\/hu\/szemleletformalas\/kisiskolasoknak\/","title":{"rendered":"Rendszeres tev\u00e9kenys\u00e9gek kisiskol\u00e1soknak"},"content":{"rendered":"<p><strong>El\u0151ad\u00e1sok<\/strong><br>A term\u00e9szetr\u0151l tanulunk, a madarak seg\u00edts\u00e9g\u00e9vel k\u00f6zelebb ker\u00fcl\u00fcnk az \u00e9l\u0151vil\u00e1ghoz. K\u00e9pek,<br>filmecsk\u00e9k, versek \u00e9s mes\u00e9k seg\u00edts\u00e9g\u00e9vel belekukkanthatunk a madarak csod\u00e1latos vil\u00e1g\u00e1ba.<\/p><p><strong>Bark\u00e1csol\u00e1s, k\u00e9zm\u0171vess\u00e9g<\/strong><br>Olyan gyakorlati tev\u00e9kenys\u00e9gekkel lepj\u00fck meg a gyerekeket, melyek sor\u00e1n \u00e9rz\u00e9kszerveik<br>seg\u00edts\u00e9g\u00e9vel fedezhetik fel a k\u00f6r\u00fcl\u00f6tt\u00fck lev\u0151 \u00e9l\u0151vil\u00e1got. A gyerekek, kreativit\u00e1st is fejleszt\u0151<br>tev\u00e9kenys\u00e9geink sor\u00e1n, megismerhetik a haz\u00e1nkban el\u0151fordul\u00f3 mad\u00e1rfajokat \u00e9s azok \u00e9let\u00e9t.<\/p><p><strong>Szabadt\u00e9ri j\u00e1t\u00e9kok<\/strong><br>Mozg\u00e1s, friss leveg\u0151, j\u00f3kedv, j\u00e1t\u00e9k: mind fontos a gyerekek eg\u00e9szs\u00e9ges fizikai \u00e9s szellemi<br>fejl\u0151d\u00e9s\u00e9hez. C\u00e9lunk: kimozd\u00edtani a gyerekeket a termekb\u0151l \u00e9s kialak\u00edtani az ig\u00e9nyt, hogy min\u00e9l t\u00f6bb id\u0151t t\u00f6ltsenek a szabadban. J\u00e1t\u00e9kaink sor\u00e1n a term\u00e9szetr\u0151l tanulunk, megtanulunk k\u00f6rnyezettudatosan \u00e9lni.<\/p><h4 class=\"wp-block-heading\"><strong>Madaras tematika kezd\u0151 csoportnak:<\/strong><\/h4><p>Mi\u00e9rt \u00e9ppen a madarak?\u2026<br>Mert \u00e9rdekesek\u2026 Sz\u00ednesek\u2026 \u00e9s n\u00e9ha hangosak\u2026 b\u00e1rhol tal\u00e1lkozhatunk vel\u00fck\u2026 j\u00f3 \u00e9rz\u00e9s k\u00f6zel ker\u00fclni hozz\u00e1juk.<br>A madar\u00e1sz\u00e1s ide\u00e1lis hobby mindenki sz\u00e1m\u00e1ra. T\u00f6bb mozg\u00e1st biztos\u00edt egy jobb k\u00f6rnyezetben \u00e9s felfriss\u00edti a mindennapok egyhang\u00fas\u00e1g\u00e1t.<br>Kell enn\u00e9l t\u00f6bb?<\/p><ol class=\"wp-block-list\"><li>\u0150szi vonul\u00e1s<\/li><li>T\u00e9li etet\u00e9s<\/li><li>Madarak tavasszal<\/li><li>Tavaszi vonul\u00e1s<\/li><li>Mad\u00e1rhangok<\/li><li>F\u00e9szkel\u00e9s<\/li><li>A fi\u00f3k\u00e1k \u00e9lete<\/li><li>Mad\u00e1rbar\u00e1t kert<\/li><li>T\u00e1pl\u00e1lkoz\u00e1s \u2013 Cs\u0151rt\u00edpusok<\/li><li>Madarak rehabilit\u00e1ci\u00f3ja<\/li><\/ol><p>I. F\u00c9L\u00c9V<\/p><p><strong>1.fejezet<\/strong><br>Term\u00e9szet \u2013 \u00e9l\u0151vil\u00e1g \u2013 diverzit\u00e1s<br>Mi\u00e9rt van sz\u00fcks\u00e9g\u00fcnk a term\u00e9szetre? Egy kis \u00edzel\u00edt\u0151 az \u00e9l\u0151vil\u00e1gr\u00f3l.<br>Ki hol lakik? J\u00e1tsz\u00f3djunk az erd\u0151 \u00e9l\u0151vil\u00e1g\u00e1val.<\/p><p><strong>2. fejezet<\/strong><br>Madarakr\u00f3l \u00e1ltal\u00e1nosan<br>Testalkat \u2013 Mi\u00e9rt m\u00e1sak a madarak?<br>V\u00edzi \u00e9s sz\u00e1razf\u00f6ldi k\u00f6rnyezet \u2013 Melyik mad\u00e1r hol \u00e9l?<br>Egy kismad\u00e1r \u00e9lete (napszakos ritmus, \u00e9ves ritmus).<br>\u0150szi term\u00e9szet \u2013 a madarak \u0151szi vonul\u00e1sa.<\/p><p>II. F\u00c9L\u00c9V<\/p><p><strong>3.fejezet<\/strong><br>T\u00e9li term\u00e9szet \u2013 a madarak \u00e9lete t\u00e9len.<br>Hogyan seg\u00edthet\u00fcnk a madaraknak t\u00e9len?<\/p><p><strong>4. fejezet<\/strong><br>Tavaszi term\u00e9szet \u2013 A madarak \u00e9lete tavasszal<br>Tavaszi vonul\u00e1s. Mad\u00e1rhangok.<br>F\u00e9szkel\u00e9s \u2013 A mad\u00e1rcsal\u00e1d \u00e9lete tavasszal.<br>Hogyan seg\u00edthet\u00fcnk a madarakon tavasszal (mad\u00e1rcsalogat\u00f3 kert).<\/p><p><strong>5.fejezet<\/strong><br>\u00c9rdekess\u00e9gek \u00e9s furcsas\u00e1gok<br>Nappali \u00e9s \u00e9jjeli ragadoz\u00f3k<br>V\u00edzi madarak<\/p><h4 class=\"wp-block-heading\"><strong>\u00c1ltal\u00e1nos tematika halad\u00f3 csoportnak:<\/strong><\/h4><p>Ha m\u00e1r megkedvelt\u00fck a term\u00e9szetet a madarak seg\u00edts\u00e9g\u00e9vel, a k\u00f6vetkez\u0151 l\u00e9p\u00e9s, hogy t\u00f6bbet tudjunk meg az \u00e9l\u0151helyekr\u0151l \u00e9s azokr\u00f3l a ter\u00fcletekr\u0151l amire sz\u00fcks\u00e9g\u00fck van eg\u00e9sz \u00e9vben.<br>A halad\u00f3 csoportoknak olyan tev\u00e9kenys\u00e9geket k\u00e9sz\u00edtett\u00fcnk el\u0151, mely sor\u00e1n t\u00f6bbet megtudunk a lombhullat\u00f3 erd\u0151k, t\u0171level\u0171 erd\u0151k, r\u00e9tek, mez\u0151gazdas\u00e1gi ter\u00fcletek, telep\u00fcl\u00e9sek, \u00e1ll\u00f3vizek, foly\u00f3k \u00e9l\u0151vil\u00e1g\u00e1r\u00f3l.<\/p><p>I. F\u00c9L\u00c9V<\/p><p><strong>1.fejezet (Szeptember\/Okt\u00f3ber)<\/strong><br>Term\u00e9szet \u2013 \u00e9l\u0151vil\u00e1g \u2013 diverzit\u00e1s<br>Mi\u00e9rt van sz\u00fcks\u00e9g\u00fcnk a term\u00e9szetre? Egy kis \u00edzel\u00edt\u0151 a term\u00e9szet \u00e9l\u0151vil\u00e1g\u00e1r\u00f3l.<br>Ki hol lakik? Sz\u00e1razf\u00f6ldi k\u00f6rnyezet\/V\u00edzi k\u00f6rnyezet<br>Lombhullat\u00f3 erd\u0151k-T\u0171level\u0171 erd\u0151k-R\u00e9tek-Mez\u0151gazdas\u00e1gi ter\u00fcletek \u00e9s telep\u00fcl\u00e9sek- \u00c1ll\u00f3vizek-Foly\u00f3k<\/p><p><strong>2. fejezet (Okt\u00f3ber\/November\/December)<\/strong><br>\u0150szi term\u00e9szet<br>Mi jellemz\u0151?\/Mi v\u00e1ltozik meg?<\/p><p>II. F\u00c9L\u00c9V<\/p><p><strong>3.fejezet (December\/Janu\u00e1r\/Febru\u00e1r)<\/strong><br>T\u00e9li term\u00e9szet<br>Hogyan seg\u00edthet\u00fcnk az \u00e1llatokon t\u00e9len?<\/p><p><strong>4. fejezet (M\u00e1rcius\/\u00c1prilis\/M\u00e1jus)<\/strong><br>Tavaszi term\u00e9szet<br>\u00dajj\u00e1\u00e9led\u0151 term\u00e9szet.<br>Hogyan seg\u00edthet\u00fcnk az \u00e1llatokon tavasszal?<\/p><p><strong>5. fejezet (M\u00e1jus\/J\u00fanius)<\/strong><br>Ny\u00e1ri term\u00e9szet \u2013 \u00c9rdekess\u00e9gek \u00e9s furcsas\u00e1gok<br>Nappali \u00e9s \u00e9jjeli ragadoz\u00f3k<br>V\u00edzi madarak<\/p>","protected":false},"excerpt":{"rendered":"El\u0151ad\u00e1sokA term\u00e9szetr\u0151l tanulunk, a madarak seg\u00edts\u00e9g\u00e9vel k\u00f6zelebb ker\u00fcl\u00fcnk az \u00e9l\u0151vil\u00e1ghoz. K\u00e9pek,filmecsk\u00e9k, versek \u00e9s mes\u00e9k seg\u00edts\u00e9g\u00e9vel belekukkanthatunk a madarak csod\u00e1latos vil\u00e1g\u00e1ba.Bark\u00e1csol\u00e1s, k\u00e9zm\u0171vess\u00e9gOlyan gyakorlati tev\u00e9kenys\u00e9gekkel lepj\u00fck meg a gyerekeket, melyek sor\u00e1n \u00e9rz\u00e9kszerveikseg\u00edts\u00e9g\u00e9vel fedezhetik fel a k\u00f6r\u00fcl\u00f6tt\u00fck lev\u0151 \u00e9l\u0151vil\u00e1got. A gyerekek, kreativit\u00e1st is fejleszt\u0151tev\u00e9kenys\u00e9geink sor\u00e1n, megismerhetik a haz\u00e1nkban el\u0151fordul\u00f3 mad\u00e1rfajokat \u00e9s azok \u00e9let\u00e9t.Szabadt\u00e9ri j\u00e1t\u00e9kokMozg\u00e1s, friss leveg\u0151, j\u00f3kedv, j\u00e1t\u00e9k: [&hellip;]","protected":false},"author":2,"featured_media":0,"parent":14380,"menu_order":0,"comment_status":"closed","ping_status":"closed","template":"","meta":{"_acf_changed":false,"_eb_attr":"","ocean_post_layout":"left-sidebar","ocean_both_sidebars_style":"","ocean_both_sidebars_content_width":0,"ocean_both_sidebars_sidebars_width":0,"ocean_sidebar":"ocs-education-menu","ocean_second_sidebar":"0","ocean_disable_margins":"enable","ocean_add_body_class":"","ocean_shortcode_before_top_bar":"","ocean_shortcode_after_top_bar":"","ocean_shortcode_before_header":"","ocean_shortcode_after_header":"","ocean_has_shortcode":"","ocean_shortcode_after_title":"","ocean_shortcode_before_footer_widgets":"","ocean_shortcode_after_footer_widgets":"","ocean_shortcode_before_footer_bottom":"","ocean_shortcode_after_footer_bottom":"","ocean_display_top_bar":"default","ocean_display_header":"default","ocean_header_style":"","ocean_center_header_left_menu":"0","ocean_custom_header_template":"0","ocean_custom_logo":0,"ocean_custom_retina_logo":0,"ocean_custom_logo_max_width":0,"ocean_custom_logo_tablet_max_width":0,"ocean_custom_logo_mobile_max_width":0,"ocean_custom_logo_max_height":0,"ocean_custom_logo_tablet_max_height":0,"ocean_custom_logo_mobile_max_height":0,"ocean_header_custom_menu":"0","ocean_menu_typo_font_family":"0","ocean_menu_typo_font_subset":"","ocean_menu_typo_font_size":0,"ocean_menu_typo_font_size_tablet":0,"ocean_menu_typo_font_size_mobile":0,"ocean_menu_typo_font_size_unit":"px","ocean_menu_typo_font_weight":"","ocean_menu_typo_font_weight_tablet":"","ocean_menu_typo_font_weight_mobile":"","ocean_menu_typo_transform":"","ocean_menu_typo_transform_tablet":"","ocean_menu_typo_transform_mobile":"","ocean_menu_typo_line_height":0,"ocean_menu_typo_line_height_tablet":0,"ocean_menu_typo_line_height_mobile":0,"ocean_menu_typo_line_height_unit":"","ocean_menu_typo_spacing":0,"ocean_menu_typo_spacing_tablet":0,"ocean_menu_typo_spacing_mobile":0,"ocean_menu_typo_spacing_unit":"","ocean_menu_link_color":"","ocean_menu_link_color_hover":"","ocean_menu_link_color_active":"","ocean_menu_link_background":"","ocean_menu_link_hover_background":"","ocean_menu_link_active_background":"","ocean_menu_social_links_bg":"","ocean_menu_social_hover_links_bg":"","ocean_menu_social_links_color":"","ocean_menu_social_hover_links_color":"","ocean_disable_title":"enable","ocean_disable_heading":"enable","ocean_post_title":"","ocean_post_subheading":"","ocean_post_title_style":"","ocean_post_title_background_color":"","ocean_post_title_background":0,"ocean_post_title_bg_image_position":"","ocean_post_title_bg_image_attachment":"","ocean_post_title_bg_image_repeat":"","ocean_post_title_bg_image_size":"","ocean_post_title_height":0,"ocean_post_title_bg_overlay":0.5,"ocean_post_title_bg_overlay_color":"","ocean_disable_breadcrumbs":"on","ocean_breadcrumbs_color":"","ocean_breadcrumbs_separator_color":"","ocean_breadcrumbs_links_color":"","ocean_breadcrumbs_links_hover_color":"","ocean_display_footer_widgets":"default","ocean_display_footer_bottom":"default","ocean_custom_footer_template":"0","omw_enable_modal_window":"enable","osh_disable_topbar_sticky":"default","osh_disable_header_sticky":"default","osh_sticky_header_style":"default","osh_sticky_header_effect":"","osh_custom_sticky_logo":0,"osh_custom_retina_sticky_logo":0,"osh_custom_sticky_logo_height":0,"osh_background_color":"","osh_links_color":"","osh_links_hover_color":"","osh_links_active_color":"","osh_links_bg_color":"","osh_links_hover_bg_color":"","osh_links_active_bg_color":"","osh_menu_social_links_color":"","osh_menu_social_hover_links_color":"","footnotes":""},"class_list":["post-88","page","type-page","status-publish","hentry","entry","owp-thumbs-layout-horizontal","owp-btn-normal","owp-tabs-layout-horizontal","has-no-thumbnails","has-product-nav"],"acf":[],"_links":{"self":[{"href":"https:\/\/milvus.ro\/hu\/wp-json\/wp\/v2\/pages\/88","targetHints":{"allow":["GET"]}}],"collection":[{"href":"https:\/\/milvus.ro\/hu\/wp-json\/wp\/v2\/pages"}],"about":[{"href":"https:\/\/milvus.ro\/hu\/wp-json\/wp\/v2\/types\/page"}],"author":[{"embeddable":true,"href":"https:\/\/milvus.ro\/hu\/wp-json\/wp\/v2\/users\/2"}],"replies":[{"embeddable":true,"href":"https:\/\/milvus.ro\/hu\/wp-json\/wp\/v2\/comments?post=88"}],"version-history":[{"count":2,"href":"https:\/\/milvus.ro\/hu\/wp-json\/wp\/v2\/pages\/88\/revisions"}],"predecessor-version":[{"id":107,"href":"https:\/\/milvus.ro\/hu\/wp-json\/wp\/v2\/pages\/88\/revisions\/107"}],"up":[{"embeddable":true,"href":"https:\/\/milvus.ro\/hu\/wp-json\/wp\/v2\/pages\/14380"}],"wp:attachment":[{"href":"https:\/\/milvus.ro\/hu\/wp-json\/wp\/v2\/media?parent=88"}],"curies":[{"name":"wp","href":"https:\/\/api.w.org\/{rel}","templated":true}]}}