{"id":877,"date":"2020-07-16T07:30:22","date_gmt":"2020-07-16T07:30:22","guid":{"rendered":"https:\/\/new.milvus.ro\/?page_id=877"},"modified":"2020-09-28T07:56:03","modified_gmt":"2020-09-28T07:56:03","slug":"alkalmi-tevekenysegek-liceumi-diakoknak","status":"publish","type":"page","link":"https:\/\/milvus.ro\/hu\/szemleletformalas\/alkalmi-tevekenysegek-liceumi-diakoknak\/","title":{"rendered":"Alkalmi tev\u00e9kenys\u00e9gek l\u00edceumi di\u00e1koknak"},"content":{"rendered":"<ul class=\"wp-block-list\"><li>Hogyan kutathatjuk a madarakat?<\/li><li>Nemzeti parkok \u00e9s v\u00e9dett ter\u00fcletek<\/li><li>S\u00e9r\u00fclt \u00e1llatok \u00e9s rehabilit\u00e1ci\u00f3<\/li><li>Nyomoz\u00e1s<\/li><li>Mad\u00e1rvonul\u00e1s<\/li><li>T\u00e9li vend\u00e9gek<\/li><li>Nappali \u00e9s \u00e9jjeli ragadoz\u00f3k<\/li><li>Eml\u0151s\u00f6k<\/li><li>\u00d6kol\u00e1bnyom<\/li><li>Tavaszi mad\u00e1rhangok<\/li><li>Var\u00e1zsold magad k\u00f6r\u00e9 a term\u00e9szetet<\/li><li>Szezon\u00e1lis jelens\u00e9gek, \u00e9rdekess\u00e9gek az \u00e9l\u0151vil\u00e1gban<\/li><\/ul>","protected":false},"excerpt":{"rendered":"Hogyan kutathatjuk a madarakat?Nemzeti parkok \u00e9s v\u00e9dett ter\u00fcletekS\u00e9r\u00fclt \u00e1llatok \u00e9s rehabilit\u00e1ci\u00f3Nyomoz\u00e1sMad\u00e1rvonul\u00e1sT\u00e9li vend\u00e9gekNappali \u00e9s \u00e9jjeli ragadoz\u00f3kEml\u0151s\u00f6k\u00d6kol\u00e1bnyomTavaszi mad\u00e1rhangokVar\u00e1zsold magad k\u00f6r\u00e9 a term\u00e9szetetSzezon\u00e1lis jelens\u00e9gek, \u00e9rdekess\u00e9gek az \u00e9l\u0151vil\u00e1gban","protected":false},"author":1,"featured_media":0,"parent":14380,"menu_order":0,"comment_status":"closed","ping_status":"closed","template":"","meta":{"_acf_changed":false,"_eb_attr":"","ocean_post_layout":"left-sidebar","ocean_both_sidebars_style":"","ocean_both_sidebars_content_width":0,"ocean_both_sidebars_sidebars_width":0,"ocean_sidebar":"ocs-education-menu","ocean_second_sidebar":"0","ocean_disable_margins":"enable","ocean_add_body_class":"","ocean_shortcode_before_top_bar":"","ocean_shortcode_after_top_bar":"","ocean_shortcode_before_header":"","ocean_shortcode_after_header":"","ocean_has_shortcode":"","ocean_shortcode_after_title":"","ocean_shortcode_before_footer_widgets":"","ocean_shortcode_after_footer_widgets":"","ocean_shortcode_before_footer_bottom":"","ocean_shortcode_after_footer_bottom":"","ocean_display_top_bar":"default","ocean_display_header":"default","ocean_header_style":"","ocean_center_header_left_menu":"0","ocean_custom_header_template":"0","ocean_custom_logo":0,"ocean_custom_retina_logo":0,"ocean_custom_logo_max_width":0,"ocean_custom_logo_tablet_max_width":0,"ocean_custom_logo_mobile_max_width":0,"ocean_custom_logo_max_height":0,"ocean_custom_logo_tablet_max_height":0,"ocean_custom_logo_mobile_max_height":0,"ocean_header_custom_menu":"0","ocean_menu_typo_font_family":"0","ocean_menu_typo_font_subset":"","ocean_menu_typo_font_size":0,"ocean_menu_typo_font_size_tablet":0,"ocean_menu_typo_font_size_mobile":0,"ocean_menu_typo_font_size_unit":"px","ocean_menu_typo_font_weight":"","ocean_menu_typo_font_weight_tablet":"","ocean_menu_typo_font_weight_mobile":"","ocean_menu_typo_transform":"","ocean_menu_typo_transform_tablet":"","ocean_menu_typo_transform_mobile":"","ocean_menu_typo_line_height":0,"ocean_menu_typo_line_height_tablet":0,"ocean_menu_typo_line_height_mobile":0,"ocean_menu_typo_line_height_unit":"","ocean_menu_typo_spacing":0,"ocean_menu_typo_spacing_tablet":0,"ocean_menu_typo_spacing_mobile":0,"ocean_menu_typo_spacing_unit":"","ocean_menu_link_color":"","ocean_menu_link_color_hover":"","ocean_menu_link_color_active":"","ocean_menu_link_background":"","ocean_menu_link_hover_background":"","ocean_menu_link_active_background":"","ocean_menu_social_links_bg":"","ocean_menu_social_hover_links_bg":"","ocean_menu_social_links_color":"","ocean_menu_social_hover_links_color":"","ocean_disable_title":"enable","ocean_disable_heading":"enable","ocean_post_title":"","ocean_post_subheading":"","ocean_post_title_style":"","ocean_post_title_background_color":"","ocean_post_title_background":0,"ocean_post_title_bg_image_position":"","ocean_post_title_bg_image_attachment":"","ocean_post_title_bg_image_repeat":"","ocean_post_title_bg_image_size":"","ocean_post_title_height":0,"ocean_post_title_bg_overlay":0.5,"ocean_post_title_bg_overlay_color":"","ocean_disable_breadcrumbs":"default","ocean_breadcrumbs_color":"","ocean_breadcrumbs_separator_color":"","ocean_breadcrumbs_links_color":"","ocean_breadcrumbs_links_hover_color":"","ocean_display_footer_widgets":"default","ocean_display_footer_bottom":"default","ocean_custom_footer_template":"0","omw_enable_modal_window":"enable","osh_disable_topbar_sticky":"default","osh_disable_header_sticky":"default","osh_sticky_header_style":"default","osh_sticky_header_effect":"","osh_custom_sticky_logo":0,"osh_custom_retina_sticky_logo":0,"osh_custom_sticky_logo_height":0,"osh_background_color":"","osh_links_color":"","osh_links_hover_color":"","osh_links_active_color":"","osh_links_bg_color":"","osh_links_hover_bg_color":"","osh_links_active_bg_color":"","osh_menu_social_links_color":"","osh_menu_social_hover_links_color":"","footnotes":""},"class_list":["post-877","page","type-page","status-publish","hentry","entry","owp-thumbs-layout-horizontal","owp-btn-normal","owp-tabs-layout-horizontal","has-no-thumbnails","has-product-nav"],"acf":[],"_links":{"self":[{"href":"https:\/\/milvus.ro\/hu\/wp-json\/wp\/v2\/pages\/877","targetHints":{"allow":["GET"]}}],"collection":[{"href":"https:\/\/milvus.ro\/hu\/wp-json\/wp\/v2\/pages"}],"about":[{"href":"https:\/\/milvus.ro\/hu\/wp-json\/wp\/v2\/types\/page"}],"author":[{"embeddable":true,"href":"https:\/\/milvus.ro\/hu\/wp-json\/wp\/v2\/users\/1"}],"replies":[{"embeddable":true,"href":"https:\/\/milvus.ro\/hu\/wp-json\/wp\/v2\/comments?post=877"}],"version-history":[{"count":1,"href":"https:\/\/milvus.ro\/hu\/wp-json\/wp\/v2\/pages\/877\/revisions"}],"predecessor-version":[{"id":878,"href":"https:\/\/milvus.ro\/hu\/wp-json\/wp\/v2\/pages\/877\/revisions\/878"}],"up":[{"embeddable":true,"href":"https:\/\/milvus.ro\/hu\/wp-json\/wp\/v2\/pages\/14380"}],"wp:attachment":[{"href":"https:\/\/milvus.ro\/hu\/wp-json\/wp\/v2\/media?parent=877"}],"curies":[{"name":"wp","href":"https:\/\/api.w.org\/{rel}","templated":true}]}}