{"id":871,"date":"2020-07-16T07:23:28","date_gmt":"2020-07-16T07:23:28","guid":{"rendered":"https:\/\/new.milvus.ro\/?page_id=871"},"modified":"2020-09-28T07:56:03","modified_gmt":"2020-09-28T07:56:03","slug":"alkalmi-tevekenysegek-ovodasoknak","status":"publish","type":"page","link":"https:\/\/milvus.ro\/hu\/szemleletformalas\/alkalmi-tevekenysegek-ovodasoknak\/","title":{"rendered":"Alkalmi tev\u00e9kenys\u00e9gek \u00f3vod\u00e1soknak"},"content":{"rendered":"<ul class=\"wp-block-list\"><li>A madarak \u0151szi vonul\u00e1sa \u2013 Elmennek a g\u00f3ly\u00e1k\u2026<\/li><li>Az erd\u0151 kincsei<\/li><li>T\u00e9li etet\u00e9s \u2013 A mad\u00e1rvend\u00e9gl\u0151 l\u00e1togat\u00f3i<\/li><li>Tavaszi mad\u00e1rhangok<\/li><li>A madarak \u00e9lete tavasszal<ul><li>A fekete rig\u00f3 csal\u00e1d \u00e9lete tavasszal<\/li><li>A g\u00f3ly\u00e1k \u00e9lete tavasszal<\/li><\/ul><\/li><\/ul><p><\/p>","protected":false},"excerpt":{"rendered":"A madarak \u0151szi vonul\u00e1sa \u2013 Elmennek a g\u00f3ly\u00e1k\u2026Az erd\u0151 kincseiT\u00e9li etet\u00e9s \u2013 A mad\u00e1rvend\u00e9gl\u0151 l\u00e1togat\u00f3iTavaszi mad\u00e1rhangokA madarak \u00e9lete tavasszalA fekete rig\u00f3 csal\u00e1d \u00e9lete tavasszalA g\u00f3ly\u00e1k \u00e9lete tavasszal","protected":false},"author":1,"featured_media":0,"parent":14380,"menu_order":0,"comment_status":"closed","ping_status":"closed","template":"","meta":{"_acf_changed":false,"_eb_attr":"","ocean_post_layout":"left-sidebar","ocean_both_sidebars_style":"","ocean_both_sidebars_content_width":0,"ocean_both_sidebars_sidebars_width":0,"ocean_sidebar":"ocs-education-menu","ocean_second_sidebar":"0","ocean_disable_margins":"enable","ocean_add_body_class":"","ocean_shortcode_before_top_bar":"","ocean_shortcode_after_top_bar":"","ocean_shortcode_before_header":"","ocean_shortcode_after_header":"","ocean_has_shortcode":"","ocean_shortcode_after_title":"","ocean_shortcode_before_footer_widgets":"","ocean_shortcode_after_footer_widgets":"","ocean_shortcode_before_footer_bottom":"","ocean_shortcode_after_footer_bottom":"","ocean_display_top_bar":"default","ocean_display_header":"default","ocean_header_style":"","ocean_center_header_left_menu":"0","ocean_custom_header_template":"0","ocean_custom_logo":0,"ocean_custom_retina_logo":0,"ocean_custom_logo_max_width":0,"ocean_custom_logo_tablet_max_width":0,"ocean_custom_logo_mobile_max_width":0,"ocean_custom_logo_max_height":0,"ocean_custom_logo_tablet_max_height":0,"ocean_custom_logo_mobile_max_height":0,"ocean_header_custom_menu":"0","ocean_menu_typo_font_family":"0","ocean_menu_typo_font_subset":"","ocean_menu_typo_font_size":0,"ocean_menu_typo_font_size_tablet":0,"ocean_menu_typo_font_size_mobile":0,"ocean_menu_typo_font_size_unit":"px","ocean_menu_typo_font_weight":"","ocean_menu_typo_font_weight_tablet":"","ocean_menu_typo_font_weight_mobile":"","ocean_menu_typo_transform":"","ocean_menu_typo_transform_tablet":"","ocean_menu_typo_transform_mobile":"","ocean_menu_typo_line_height":0,"ocean_menu_typo_line_height_tablet":0,"ocean_menu_typo_line_height_mobile":0,"ocean_menu_typo_line_height_unit":"","ocean_menu_typo_spacing":0,"ocean_menu_typo_spacing_tablet":0,"ocean_menu_typo_spacing_mobile":0,"ocean_menu_typo_spacing_unit":"","ocean_menu_link_color":"","ocean_menu_link_color_hover":"","ocean_menu_link_color_active":"","ocean_menu_link_background":"","ocean_menu_link_hover_background":"","ocean_menu_link_active_background":"","ocean_menu_social_links_bg":"","ocean_menu_social_hover_links_bg":"","ocean_menu_social_links_color":"","ocean_menu_social_hover_links_color":"","ocean_disable_title":"enable","ocean_disable_heading":"enable","ocean_post_title":"","ocean_post_subheading":"","ocean_post_title_style":"","ocean_post_title_background_color":"","ocean_post_title_background":0,"ocean_post_title_bg_image_position":"","ocean_post_title_bg_image_attachment":"","ocean_post_title_bg_image_repeat":"","ocean_post_title_bg_image_size":"","ocean_post_title_height":0,"ocean_post_title_bg_overlay":0.5,"ocean_post_title_bg_overlay_color":"","ocean_disable_breadcrumbs":"default","ocean_breadcrumbs_color":"","ocean_breadcrumbs_separator_color":"","ocean_breadcrumbs_links_color":"","ocean_breadcrumbs_links_hover_color":"","ocean_display_footer_widgets":"default","ocean_display_footer_bottom":"default","ocean_custom_footer_template":"0","omw_enable_modal_window":"enable","osh_disable_topbar_sticky":"default","osh_disable_header_sticky":"default","osh_sticky_header_style":"default","osh_sticky_header_effect":"","osh_custom_sticky_logo":0,"osh_custom_retina_sticky_logo":0,"osh_custom_sticky_logo_height":0,"osh_background_color":"","osh_links_color":"","osh_links_hover_color":"","osh_links_active_color":"","osh_links_bg_color":"","osh_links_hover_bg_color":"","osh_links_active_bg_color":"","osh_menu_social_links_color":"","osh_menu_social_hover_links_color":"","footnotes":""},"class_list":["post-871","page","type-page","status-publish","hentry","entry","owp-thumbs-layout-horizontal","owp-btn-normal","owp-tabs-layout-horizontal","has-no-thumbnails","has-product-nav"],"acf":[],"_links":{"self":[{"href":"https:\/\/milvus.ro\/hu\/wp-json\/wp\/v2\/pages\/871","targetHints":{"allow":["GET"]}}],"collection":[{"href":"https:\/\/milvus.ro\/hu\/wp-json\/wp\/v2\/pages"}],"about":[{"href":"https:\/\/milvus.ro\/hu\/wp-json\/wp\/v2\/types\/page"}],"author":[{"embeddable":true,"href":"https:\/\/milvus.ro\/hu\/wp-json\/wp\/v2\/users\/1"}],"replies":[{"embeddable":true,"href":"https:\/\/milvus.ro\/hu\/wp-json\/wp\/v2\/comments?post=871"}],"version-history":[{"count":2,"href":"https:\/\/milvus.ro\/hu\/wp-json\/wp\/v2\/pages\/871\/revisions"}],"predecessor-version":[{"id":916,"href":"https:\/\/milvus.ro\/hu\/wp-json\/wp\/v2\/pages\/871\/revisions\/916"}],"up":[{"embeddable":true,"href":"https:\/\/milvus.ro\/hu\/wp-json\/wp\/v2\/pages\/14380"}],"wp:attachment":[{"href":"https:\/\/milvus.ro\/hu\/wp-json\/wp\/v2\/media?parent=871"}],"curies":[{"name":"wp","href":"https:\/\/api.w.org\/{rel}","templated":true}]}}