{"id":48434,"date":"2023-09-27T17:57:15","date_gmt":"2023-09-27T14:57:15","guid":{"rendered":"https:\/\/milvus.ro\/tamogass\/legy-azok-kozott-akiknek-szamit\/"},"modified":"2025-08-18T18:11:35","modified_gmt":"2025-08-18T15:11:35","slug":"legy-azok-kozott-akiknek-szamit","status":"publish","type":"page","link":"https:\/\/milvus.ro\/hu\/tamogass\/legy-azok-kozott-akiknek-szamit\/","title":{"rendered":"L\u00e9gy azok k\u00f6z\u00f6tt, akiknek sz\u00e1m\u00edt!"},"content":{"rendered":"<script type=\"text\/javascript\" src=\"https:\/\/pay.galantom.ro\/embed\/embed.js\"><\/script><iframe id=\"galatom-form\" class=\"galantom-widget\" src=\"https:\/\/pay.galantom.ro\/widgets\/donation_forms\/view?id=173&#038;lang=hu\" onload=\"(function(o){o.style.height=o.contentWindow.document.body.scrollHeight+'px';}(this));\" sandbox=\"allow-top-navigation allow-scripts allow-popups allow-forms allow-same-origin allow-modals\" style=\"width: 100%;overflow-x:hidden;border:0;height: 1500px\"><\/iframe><div class=\"wp-block-group is-vertical is-content-justification-center is-layout-flex wp-container-core-group-is-layout-52c8502b wp-block-group-is-layout-flex\"><p class=\"has-text-align-center has-small-font-size\">Ha le szeretn\u00e9 mondani havi adom\u00e1ny\u00e1t, vagy meg szeretn\u00e9 v\u00e1ltoztatni az ism\u00e9tl\u0151d\u0151 adom\u00e1nya \u00f6sszeg\u00e9t, k\u00e9rj\u00fck, l\u00e9pjen kapcsolatba vel\u00fcnk (of&#102;&#105;ce&#64;&#109;&#105;&#108;&#118;&#117;&#115;&#46;r&#111;).<\/p>\n\n<div style=\"height:0px\" aria-hidden=\"true\" class=\"wp-block-spacer wp-container-content-c00f5982\"><\/div>\n\n<p class=\"has-text-align-left\"><strong>Banki \u00e1tutal\u00e1ssal is adom\u00e1nyozhat:<\/strong><\/p>\n\n<p class=\"has-text-align-left\">Asocia\u021bia Grupul Milvus, Tg.Mures, Rom\u00e2nia<br>Banca: ING Bank N.V. Amsterdam, sucursala Bucure\u015fti<br>Cont bancar (EUR): RO03 INGB 0000 9999 0179 9043<br>Codul SWIFT: INGBROBUXXX<br>Cont bancar (RON): RO12 INGB 0000 9999 0170 3336<\/p>\n\n<div style=\"height:0px\" aria-hidden=\"true\" class=\"wp-block-spacer wp-container-content-b30579f5\"><\/div><\/div><div class=\"wp-block-columns is-layout-flex wp-container-core-columns-is-layout-9d6595d7 wp-block-columns-is-layout-flex\"><div class=\"wp-block-column is-layout-flow wp-block-column-is-layout-flow\" style=\"flex-basis:15%\"><\/div>\n\n<div class=\"wp-block-column is-layout-flow wp-block-column-is-layout-flow\" style=\"flex-basis:70%\"><figure class=\"wp-block-embed aligncenter is-type-video is-provider-youtube wp-block-embed-youtube wp-embed-aspect-16-9 wp-has-aspect-ratio\"><div class=\"wp-block-embed__wrapper\">\n<p class=\"responsive-video-wrap clr\"><iframe title=\"Adom\u00e1nyozz: Szalak\u00f3ta \u00e9s k\u00e9k v\u00e9rcse\" width=\"1200\" height=\"675\" src=\"https:\/\/www.youtube.com\/embed\/dQpwW3Qtq5k?feature=oembed\" frameborder=\"0\" allow=\"accelerometer; autoplay; clipboard-write; encrypted-media; gyroscope; picture-in-picture; web-share\" referrerpolicy=\"strict-origin-when-cross-origin\" allowfullscreen><\/iframe><\/p>\n<\/div><\/figure><\/div>\n\n<div class=\"wp-block-column is-layout-flow wp-block-column-is-layout-flow\" style=\"flex-basis:15%\"><\/div><\/div><p class=\"has-text-align-right has-text-color has-small-font-size\" style=\"color:#898989\">Foto: Buslig Johanna<\/p>","protected":false},"excerpt":{"rendered":"Ha le szeretn\u00e9 mondani havi adom\u00e1ny\u00e1t, vagy meg szeretn\u00e9 v\u00e1ltoztatni az ism\u00e9tl\u0151d\u0151 adom\u00e1nya \u00f6sszeg\u00e9t, k\u00e9rj\u00fck, l\u00e9pjen kapcsolatba vel\u00fcnk (of&#102;i&#99;e&#64;&#109;&#105;lvu&#115;.&#114;o).Banki \u00e1tutal\u00e1ssal is adom\u00e1nyozhat:Asocia\u021bia Grupul Milvus, Tg.Mures, Rom\u00e2niaBanca: ING Bank N.V. Amsterdam, sucursala Bucure\u015ftiCont bancar (EUR): RO03 INGB 0000 9999 0179 9043Codul SWIFT: INGBROBUXXXCont bancar (RON): RO12 INGB 0000 9999 0170 3336Foto: Buslig Johanna","protected":false},"author":2,"featured_media":21585,"parent":29676,"menu_order":0,"comment_status":"closed","ping_status":"closed","template":"","meta":{"_acf_changed":false,"_eb_attr":"","ocean_post_layout":"","ocean_both_sidebars_style":"","ocean_both_sidebars_content_width":0,"ocean_both_sidebars_sidebars_width":0,"ocean_sidebar":"0","ocean_second_sidebar":"0","ocean_disable_margins":"enable","ocean_add_body_class":"","ocean_shortcode_before_top_bar":"","ocean_shortcode_after_top_bar":"","ocean_shortcode_before_header":"","ocean_shortcode_after_header":"","ocean_has_shortcode":"","ocean_shortcode_after_title":"","ocean_shortcode_before_footer_widgets":"","ocean_shortcode_after_footer_widgets":"","ocean_shortcode_before_footer_bottom":"","ocean_shortcode_after_footer_bottom":"","ocean_display_top_bar":"default","ocean_display_header":"default","ocean_header_style":"","ocean_center_header_left_menu":"0","ocean_custom_header_template":"0","ocean_custom_logo":0,"ocean_custom_retina_logo":0,"ocean_custom_logo_max_width":0,"ocean_custom_logo_tablet_max_width":0,"ocean_custom_logo_mobile_max_width":0,"ocean_custom_logo_max_height":0,"ocean_custom_logo_tablet_max_height":0,"ocean_custom_logo_mobile_max_height":0,"ocean_header_custom_menu":"0","ocean_menu_typo_font_family":"0","ocean_menu_typo_font_subset":"","ocean_menu_typo_font_size":0,"ocean_menu_typo_font_size_tablet":0,"ocean_menu_typo_font_size_mobile":0,"ocean_menu_typo_font_size_unit":"px","ocean_menu_typo_font_weight":"","ocean_menu_typo_font_weight_tablet":"","ocean_menu_typo_font_weight_mobile":"","ocean_menu_typo_transform":"","ocean_menu_typo_transform_tablet":"","ocean_menu_typo_transform_mobile":"","ocean_menu_typo_line_height":0,"ocean_menu_typo_line_height_tablet":0,"ocean_menu_typo_line_height_mobile":0,"ocean_menu_typo_line_height_unit":"","ocean_menu_typo_spacing":0,"ocean_menu_typo_spacing_tablet":0,"ocean_menu_typo_spacing_mobile":0,"ocean_menu_typo_spacing_unit":"","ocean_menu_link_color":"","ocean_menu_link_color_hover":"","ocean_menu_link_color_active":"","ocean_menu_link_background":"","ocean_menu_link_hover_background":"","ocean_menu_link_active_background":"","ocean_menu_social_links_bg":"","ocean_menu_social_hover_links_bg":"","ocean_menu_social_links_color":"","ocean_menu_social_hover_links_color":"","ocean_disable_title":"default","ocean_disable_heading":"default","ocean_post_title":"","ocean_post_subheading":"","ocean_post_title_style":"background-image","ocean_post_title_background_color":"","ocean_post_title_background":37558,"ocean_post_title_bg_image_position":"center center","ocean_post_title_bg_image_attachment":"fixed","ocean_post_title_bg_image_repeat":"no-repeat","ocean_post_title_bg_image_size":"cover","ocean_post_title_height":450,"ocean_post_title_bg_overlay":0.2,"ocean_post_title_bg_overlay_color":"","ocean_disable_breadcrumbs":"default","ocean_breadcrumbs_color":"","ocean_breadcrumbs_separator_color":"","ocean_breadcrumbs_links_color":"","ocean_breadcrumbs_links_hover_color":"","ocean_display_footer_widgets":"default","ocean_display_footer_bottom":"default","ocean_custom_footer_template":"0","omw_enable_modal_window":"enable","osh_disable_topbar_sticky":"default","osh_disable_header_sticky":"default","osh_sticky_header_style":"default","osh_sticky_header_effect":"","osh_custom_sticky_logo":0,"osh_custom_retina_sticky_logo":0,"osh_custom_sticky_logo_height":0,"osh_background_color":"","osh_links_color":"","osh_links_hover_color":"","osh_links_active_color":"","osh_links_bg_color":"","osh_links_hover_bg_color":"","osh_links_active_bg_color":"","osh_menu_social_links_color":"","osh_menu_social_hover_links_color":"","footnotes":""},"class_list":["post-48434","page","type-page","status-publish","has-post-thumbnail","hentry","entry","has-media","owp-thumbs-layout-horizontal","owp-btn-normal","owp-tabs-layout-horizontal","has-no-thumbnails","has-product-nav"],"acf":[],"_links":{"self":[{"href":"https:\/\/milvus.ro\/hu\/wp-json\/wp\/v2\/pages\/48434","targetHints":{"allow":["GET"]}}],"collection":[{"href":"https:\/\/milvus.ro\/hu\/wp-json\/wp\/v2\/pages"}],"about":[{"href":"https:\/\/milvus.ro\/hu\/wp-json\/wp\/v2\/types\/page"}],"author":[{"embeddable":true,"href":"https:\/\/milvus.ro\/hu\/wp-json\/wp\/v2\/users\/2"}],"replies":[{"embeddable":true,"href":"https:\/\/milvus.ro\/hu\/wp-json\/wp\/v2\/comments?post=48434"}],"version-history":[{"count":7,"href":"https:\/\/milvus.ro\/hu\/wp-json\/wp\/v2\/pages\/48434\/revisions"}],"predecessor-version":[{"id":48645,"href":"https:\/\/milvus.ro\/hu\/wp-json\/wp\/v2\/pages\/48434\/revisions\/48645"}],"up":[{"embeddable":true,"href":"https:\/\/milvus.ro\/hu\/wp-json\/wp\/v2\/pages\/29676"}],"wp:featuredmedia":[{"embeddable":true,"href":"https:\/\/milvus.ro\/hu\/wp-json\/wp\/v2\/media\/21585"}],"wp:attachment":[{"href":"https:\/\/milvus.ro\/hu\/wp-json\/wp\/v2\/media?parent=48434"}],"curies":[{"name":"wp","href":"https:\/\/api.w.org\/{rel}","templated":true}]}}