{"id":43739,"date":"2024-10-15T21:48:05","date_gmt":"2024-10-15T18:48:05","guid":{"rendered":"https:\/\/milvus.ro\/?page_id=43739"},"modified":"2024-10-15T21:58:05","modified_gmt":"2024-10-15T18:58:05","slug":"mindennapi-madarak-monitoring","status":"publish","type":"page","link":"https:\/\/milvus.ro\/hu\/monitoring\/mindennapi-madarak-monitoring\/","title":{"rendered":"Mindennapi madarak monitoringja"},"content":{"rendered":"\t\t<div data-elementor-type=\"wp-page\" data-elementor-id=\"43739\" class=\"elementor elementor-43739\">\n\t\t\t\t\t\t<section class=\"elementor-section elementor-top-section elementor-element elementor-element-231c993b elementor-section-boxed elementor-section-height-default elementor-section-height-default\" data-id=\"231c993b\" data-element_type=\"section\">\n\t\t\t\t\t\t<div class=\"elementor-container elementor-column-gap-default\">\n\t\t\t\t\t<div class=\"elementor-column elementor-col-100 elementor-top-column elementor-element elementor-element-23938f87\" data-id=\"23938f87\" data-element_type=\"column\">\n\t\t\t<div class=\"elementor-widget-wrap elementor-element-populated\">\n\t\t\t\t\t\t<div class=\"elementor-element elementor-element-7eec9dfa elementor-widget elementor-widget-text-editor\" data-id=\"7eec9dfa\" data-element_type=\"widget\" data-widget_type=\"text-editor.default\">\n\t\t\t\t<div class=\"elementor-widget-container\">\n\t\t\t\t\t\t\t<p><b>C\u00e9lfaj:<\/b><span style=\"font-weight: 400;\"> k\u00f6z\u00f6ns\u00e9ges madarak<\/span><\/p>\n<p><b>Id\u0151szak:<\/b><span style=\"font-weight: 400;\"> 2 kij\u00e1r\u00e1s: \u00e1prilis 15 \u2013 m\u00e1jus 15 \u00e9s m\u00e1jus 16 \u2013 j\u00fanius 15<\/span><\/p>\n<p><b>Felk\u00e9sz\u00fclts\u00e9gi szint:<\/b><span style=\"font-weight: 400;\"> \u00e1ltal\u00e1nos mad\u00e1r faj ismeret\u00a0<\/span><\/p>\n<p><b>Felm\u00e9r\u00e9shez sz\u00fcks\u00e9ges szem\u00e9lyek sz\u00e1ma:<\/b><span style=\"font-weight: 400;\"> 1 szem\u00e9ly<\/span><\/p>\n<p><b>Sz\u00fcks\u00e9ges felszerel\u00e9s:<\/b><span style=\"font-weight: 400;\"> k\u00e9zi t\u00e1vcs\u0151, mobiltelefon<\/span><\/p>\n<p><b>Helysz\u00edn:<\/b><span style=\"font-weight: 400;\"> 2x2km-es n\u00e9gyzetekben 25 megfigyel\u0151 pont<\/span><\/p>\n<h2><b>M\u00f3dszertan r\u00f6vid le\u00edr\u00e1sa<\/b><\/h2>\n<p><span style=\"font-weight: 400;\">A Mindennapi Madaraink Monitoringja egy \u00e1ltal\u00e1nos, hossz\u00fa t\u00e1v\u00fa megfigyel\u00e9si program a gyakori mad\u00e1rfajok sz\u00e1m\u00e1ra. Eur\u00f3p\u00e1ban t\u00f6bb orsz\u00e1gban is v\u00e9geznek hasonl\u00f3 felm\u00e9r\u00e9si programokat. Ezek a programok egy\u00fctt alak\u00edtj\u00e1k ki az EBCC (<\/span><i><span style=\"font-weight: 400;\">European Bird Census Counsil<\/span><\/i><span style=\"font-weight: 400;\">) \u00e1ltal koordin\u00e1lt <\/span><i><span style=\"font-weight: 400;\">P\u00e1neur\u00f3pai k\u00f6z\u00f6ns\u00e9ges madarak monitoringj\u00e1t<\/span><\/i><span style=\"font-weight: 400;\">, aminek a legf\u0151bb c\u00e9lja a k\u00f6z\u00f6ns\u00e9ges madarak popul\u00e1ci\u00f3v\u00e1ltoz\u00e1s\u00e1nak nyomon k\u00f6vet\u00e9se az eg\u00e9sz kontinensen.<\/span><\/p>\n<p><span style=\"font-weight: 400;\">A felm\u00e9r\u00e9st napkelt\u00e9t\u0151l 10 \u00f3r\u00e1ig kell v\u00e9gezni. A 25 megfigyel\u0151pontb\u00f3l, standard m\u00f3don a program koordin\u00e1tora \u00e1ltal kiv\u00e1lasztott 10 pontot kell felm\u00e9rni. Minden megfigyel\u0151pont eset\u00e9ben 5 percig kell akt\u00edvan keress\u00fck a madarakat. Az \u00e9szlelt egyedeket az \u00e9szlel\u00e9s pontos hely\u00e9re kell feljegyezni terepi jegyzetf\u00fczet vagy okostelefon seg\u00edts\u00e9g\u00e9vel.<\/span><\/p>\n<p><span style=\"font-weight: 400;\">Minden \u00e9vben a megfigyel\u00e9seket k\u00e9tszer kell elv\u00e9gezni \u00fagy, hogy minimum 14 nap k\u00fcl\u00f6nbs\u00e9g legyen a k\u00e9t megfigyel\u00e9s k\u00f6z\u00f6tt. Erre az\u00e9rt van sz\u00fcks\u00e9g, mert az \u00e1lland\u00f3 \u00e9s a vonul\u00f3 fajok m\u00e1s peri\u00f3dusban kezdenek el ter\u00fcletet foglalni \u00e9s k\u00f6lteni. Az ism\u00e9tl\u00e9s \u00e1ltal pontosabb k\u00e9pet kapunk arr\u00f3l, hogy a ter\u00fcleten milyen mad\u00e1rfajok tal\u00e1lhat\u00f3ak.<\/span><\/p>\n<p><span style=\"font-weight: 400;\">Tov\u00e1bbi inform\u00e1ci\u00f3k <a href=\"https:\/\/www.sor.ro\/proiect\/common-bird-monitoring\/\">https:\/\/www.sor.ro\/proiect\/common-bird-monitoring\/<\/a> oldalon tal\u00e1lhat\u00f3ak.<\/span><\/p>\n<h2><b>Eredm\u00e9nyek<\/b><\/h2>\n<p><a href=\"https:\/\/milvus.ro\/hu\/europai-madarmonitoring-trendek-2023-ban\/\"><b>2023<\/b><\/a><br \/><a href=\"https:\/\/milvus.ro\/hu\/az-elmult-40-evben-minden-hatodik-madarbol-egyet-elveszitettunk\/\"><b>2021<\/b><\/a><br \/><a href=\"https:\/\/milvus.ro\/wp-content\/uploads\/2010\/04\/Szabo-et-al-BN-2019-poster_BirdNumbers.pdf\"><b>2006-2017<\/b><\/a><\/p>\t\t\t\t\t\t<\/div>\n\t\t\t\t<\/div>\n\t\t\t\t\t<\/div>\n\t\t<\/div>\n\t\t\t\t\t<\/div>\n\t\t<\/section>\n\t\t\t\t<\/div>\n\t\t","protected":false},"excerpt":{"rendered":"C\u00e9lfaj: k\u00f6z\u00f6ns\u00e9ges madarak Id\u0151szak: 2 kij\u00e1r\u00e1s: \u00e1prilis 15 \u2013 m\u00e1jus 15 \u00e9s m\u00e1jus 16 \u2013 j\u00fanius 15 Felk\u00e9sz\u00fclts\u00e9gi szint: \u00e1ltal\u00e1nos mad\u00e1r faj ismeret\u00a0 Felm\u00e9r\u00e9shez sz\u00fcks\u00e9ges szem\u00e9lyek sz\u00e1ma: 1 szem\u00e9ly Sz\u00fcks\u00e9ges felszerel\u00e9s: k\u00e9zi t\u00e1vcs\u0151, mobiltelefon Helysz\u00edn: 2x2km-es n\u00e9gyzetekben 25 megfigyel\u0151 pont M\u00f3dszertan r\u00f6vid le\u00edr\u00e1sa A Mindennapi Madaraink Monitoringja egy \u00e1ltal\u00e1nos, hossz\u00fa t\u00e1v\u00fa megfigyel\u00e9si program a gyakori [&hellip;]","protected":false},"author":20,"featured_media":1285,"parent":17587,"menu_order":0,"comment_status":"closed","ping_status":"closed","template":"","meta":{"_acf_changed":false,"_eb_attr":"","ocean_post_layout":"left-sidebar","ocean_both_sidebars_style":"","ocean_both_sidebars_content_width":0,"ocean_both_sidebars_sidebars_width":0,"ocean_sidebar":"ocs-monitoring-menu","ocean_second_sidebar":"0","ocean_disable_margins":"enable","ocean_add_body_class":"","ocean_shortcode_before_top_bar":"","ocean_shortcode_after_top_bar":"","ocean_shortcode_before_header":"","ocean_shortcode_after_header":"","ocean_has_shortcode":"","ocean_shortcode_after_title":"","ocean_shortcode_before_footer_widgets":"","ocean_shortcode_after_footer_widgets":"","ocean_shortcode_before_footer_bottom":"","ocean_shortcode_after_footer_bottom":"","ocean_display_top_bar":"default","ocean_display_header":"default","ocean_header_style":"","ocean_center_header_left_menu":"0","ocean_custom_header_template":"0","ocean_custom_logo":0,"ocean_custom_retina_logo":0,"ocean_custom_logo_max_width":0,"ocean_custom_logo_tablet_max_width":0,"ocean_custom_logo_mobile_max_width":0,"ocean_custom_logo_max_height":0,"ocean_custom_logo_tablet_max_height":0,"ocean_custom_logo_mobile_max_height":0,"ocean_header_custom_menu":"0","ocean_menu_typo_font_family":"0","ocean_menu_typo_font_subset":"","ocean_menu_typo_font_size":0,"ocean_menu_typo_font_size_tablet":0,"ocean_menu_typo_font_size_mobile":0,"ocean_menu_typo_font_size_unit":"px","ocean_menu_typo_font_weight":"","ocean_menu_typo_font_weight_tablet":"","ocean_menu_typo_font_weight_mobile":"","ocean_menu_typo_transform":"","ocean_menu_typo_transform_tablet":"","ocean_menu_typo_transform_mobile":"","ocean_menu_typo_line_height":0,"ocean_menu_typo_line_height_tablet":0,"ocean_menu_typo_line_height_mobile":0,"ocean_menu_typo_line_height_unit":"","ocean_menu_typo_spacing":0,"ocean_menu_typo_spacing_tablet":0,"ocean_menu_typo_spacing_mobile":0,"ocean_menu_typo_spacing_unit":"","ocean_menu_link_color":"","ocean_menu_link_color_hover":"","ocean_menu_link_color_active":"","ocean_menu_link_background":"","ocean_menu_link_hover_background":"","ocean_menu_link_active_background":"","ocean_menu_social_links_bg":"","ocean_menu_social_hover_links_bg":"","ocean_menu_social_links_color":"","ocean_menu_social_hover_links_color":"","ocean_disable_title":"enable","ocean_disable_heading":"enable","ocean_post_title":"","ocean_post_subheading":"","ocean_post_title_style":"background-image","ocean_post_title_background_color":"","ocean_post_title_background":43749,"ocean_post_title_bg_image_position":"center center","ocean_post_title_bg_image_attachment":"fixed","ocean_post_title_bg_image_repeat":"no-repeat","ocean_post_title_bg_image_size":"cover","ocean_post_title_height":550,"ocean_post_title_bg_overlay":0.2,"ocean_post_title_bg_overlay_color":"#000000","ocean_disable_breadcrumbs":"on","ocean_breadcrumbs_color":"","ocean_breadcrumbs_separator_color":"","ocean_breadcrumbs_links_color":"","ocean_breadcrumbs_links_hover_color":"","ocean_display_footer_widgets":"default","ocean_display_footer_bottom":"default","ocean_custom_footer_template":"0","omw_enable_modal_window":"enable","osh_disable_topbar_sticky":"default","osh_disable_header_sticky":"default","osh_sticky_header_style":"default","osh_sticky_header_effect":"","osh_custom_sticky_logo":0,"osh_custom_retina_sticky_logo":0,"osh_custom_sticky_logo_height":0,"osh_background_color":"","osh_links_color":"","osh_links_hover_color":"","osh_links_active_color":"","osh_links_bg_color":"","osh_links_hover_bg_color":"","osh_links_active_bg_color":"","osh_menu_social_links_color":"","osh_menu_social_hover_links_color":"","footnotes":""},"class_list":["post-43739","page","type-page","status-publish","has-post-thumbnail","hentry","entry","has-media","owp-thumbs-layout-horizontal","owp-btn-normal","owp-tabs-layout-horizontal","has-no-thumbnails","has-product-nav"],"acf":[],"_links":{"self":[{"href":"https:\/\/milvus.ro\/hu\/wp-json\/wp\/v2\/pages\/43739","targetHints":{"allow":["GET"]}}],"collection":[{"href":"https:\/\/milvus.ro\/hu\/wp-json\/wp\/v2\/pages"}],"about":[{"href":"https:\/\/milvus.ro\/hu\/wp-json\/wp\/v2\/types\/page"}],"author":[{"embeddable":true,"href":"https:\/\/milvus.ro\/hu\/wp-json\/wp\/v2\/users\/20"}],"replies":[{"embeddable":true,"href":"https:\/\/milvus.ro\/hu\/wp-json\/wp\/v2\/comments?post=43739"}],"version-history":[{"count":6,"href":"https:\/\/milvus.ro\/hu\/wp-json\/wp\/v2\/pages\/43739\/revisions"}],"predecessor-version":[{"id":43752,"href":"https:\/\/milvus.ro\/hu\/wp-json\/wp\/v2\/pages\/43739\/revisions\/43752"}],"up":[{"embeddable":true,"href":"https:\/\/milvus.ro\/hu\/wp-json\/wp\/v2\/pages\/17587"}],"wp:featuredmedia":[{"embeddable":true,"href":"https:\/\/milvus.ro\/hu\/wp-json\/wp\/v2\/media\/1285"}],"wp:attachment":[{"href":"https:\/\/milvus.ro\/hu\/wp-json\/wp\/v2\/media?parent=43739"}],"curies":[{"name":"wp","href":"https:\/\/api.w.org\/{rel}","templated":true}]}}