{"id":42555,"date":"2024-07-29T21:55:14","date_gmt":"2024-07-29T18:55:14","guid":{"rendered":"https:\/\/milvus.ro\/?page_id=42555"},"modified":"2026-01-30T13:31:43","modified_gmt":"2026-01-30T11:31:43","slug":"tevekenysegeink","status":"publish","type":"page","link":"https:\/\/milvus.ro\/hu\/szemleletformalas\/tevekenysegeink\/","title":{"rendered":"Tev\u00e9kenys\u00e9geink"},"content":{"rendered":"\t\t<div data-elementor-type=\"wp-page\" data-elementor-id=\"42555\" class=\"elementor elementor-42555\">\n\t\t\t\t\t\t<section class=\"elementor-section elementor-top-section elementor-element elementor-element-ed57d27 elementor-section-boxed elementor-section-height-default elementor-section-height-default\" data-id=\"ed57d27\" data-element_type=\"section\">\n\t\t\t\t\t\t<div class=\"elementor-container elementor-column-gap-default\">\n\t\t\t\t\t<div class=\"elementor-column elementor-col-100 elementor-top-column elementor-element elementor-element-0044a7f\" data-id=\"0044a7f\" data-element_type=\"column\">\n\t\t\t<div class=\"elementor-widget-wrap elementor-element-populated\">\n\t\t\t\t\t\t<div class=\"elementor-element elementor-element-7a80e7f elementor-widget elementor-widget-text-editor\" data-id=\"7a80e7f\" data-element_type=\"widget\" data-widget_type=\"text-editor.default\">\n\t\t\t\t<div class=\"elementor-widget-container\">\n\t\t\t\t\t\t\t<p>A Milvus csoport t\u00f6bb mint 15 \u00e9ve foglalkozik term\u00e9szetv\u00e9delmi nevel\u00e9ssel. Tev\u00e9kenys\u00e9geink az \u00f3vodai koroszt\u00e1lyt\u00f3l a k\u00f6z\u00e9piskol\u00e1s koroszt\u00e1lyig terjednek, \u00edgy 3 \u00e9ves kort\u00f3l 18-19 \u00e9ves korig k\u00edn\u00e1lunk izgalmas, rendszeres vagy alkalmi tev\u00e9kenys\u00e9geket a tan\u00f3r\u00e1k keret\u00e9n bel\u00fcl. K\u00edn\u00e1latunkban ugyanakkor t\u00e1borok \u00e9s kir\u00e1ndul\u00e1sok is szerepelnek.<\/p>\t\t\t\t\t\t<\/div>\n\t\t\t\t<\/div>\n\t\t\t\t\t<\/div>\n\t\t<\/div>\n\t\t\t\t\t<\/div>\n\t\t<\/section>\n\t\t\t\t<section class=\"elementor-section elementor-top-section elementor-element elementor-element-2147daf animated-slow elementor-section-boxed elementor-section-height-default elementor-section-height-default elementor-invisible\" data-id=\"2147daf\" data-element_type=\"section\" data-settings=\"{&quot;animation&quot;:&quot;fadeInUp&quot;}\">\n\t\t\t\t\t\t<div class=\"elementor-container elementor-column-gap-default\">\n\t\t\t\t\t<div class=\"elementor-column elementor-col-100 elementor-top-column elementor-element elementor-element-68108e3\" data-id=\"68108e3\" data-element_type=\"column\">\n\t\t\t<div class=\"elementor-widget-wrap elementor-element-populated\">\n\t\t\t\t\t\t<div class=\"elementor-element elementor-element-b75c192 elementor-widget elementor-widget-heading\" data-id=\"b75c192\" data-element_type=\"widget\" data-widget_type=\"heading.default\">\n\t\t\t\t<div class=\"elementor-widget-container\">\n\t\t\t<h4 class=\"elementor-heading-title elementor-size-large\">Tev\u00e9kenys\u00e9geink:<\/h4>\t\t<\/div>\n\t\t\t\t<\/div>\n\t\t\t\t<section class=\"elementor-section elementor-inner-section elementor-element elementor-element-7c0d5c7 elementor-section-boxed elementor-section-height-default elementor-section-height-default\" data-id=\"7c0d5c7\" data-element_type=\"section\">\n\t\t\t\t\t\t<div class=\"elementor-container elementor-column-gap-default\">\n\t\t\t\t\t<div class=\"elementor-column elementor-col-25 elementor-inner-column elementor-element elementor-element-477f219\" data-id=\"477f219\" data-element_type=\"column\">\n\t\t\t<div class=\"elementor-widget-wrap elementor-element-populated\">\n\t\t\t\t\t\t<div class=\"elementor-element elementor-element-94cbc31 elementor-position-top elementor-widget elementor-widget-image-box\" data-id=\"94cbc31\" data-element_type=\"widget\" data-widget_type=\"image-box.default\">\n\t\t\t\t<div class=\"elementor-widget-container\">\n\t\t\t<div class=\"elementor-image-box-wrapper\"><figure class=\"elementor-image-box-img\"><a href=\"https:\/\/milvus.ro\/hu\/szemleletformalas\/tevekenysegeink\/ovodasoknak\/\" tabindex=\"-1\"><img decoding=\"async\" src=\"https:\/\/milvus.ro\/wp-content\/uploads\/elementor\/thumbs\/10.27-Oktatasi-tevekenysegek2-pwtidaexj0rmpjdqq1drlgnr5mwrygaeurzremdx6o.jpg\" title=\"10.27 Oktatasi tevekenysegek2\" alt=\"10.27 Oktatasi tevekenysegek2\" class=\"elementor-animation-grow\" loading=\"lazy\" \/><\/a><\/figure><div class=\"elementor-image-box-content\"><h4 class=\"elementor-image-box-title\"><a href=\"https:\/\/milvus.ro\/hu\/szemleletformalas\/tevekenysegeink\/ovodasoknak\/\">\u00d3vod\u00e1soknak<\/a><\/h4><\/div><\/div>\t\t<\/div>\n\t\t\t\t<\/div>\n\t\t\t\t\t<\/div>\n\t\t<\/div>\n\t\t\t\t<div class=\"elementor-column elementor-col-25 elementor-inner-column elementor-element elementor-element-855e693\" data-id=\"855e693\" data-element_type=\"column\">\n\t\t\t<div class=\"elementor-widget-wrap elementor-element-populated\">\n\t\t\t\t\t\t<div class=\"elementor-element elementor-element-a672fca elementor-position-top elementor-widget elementor-widget-image-box\" data-id=\"a672fca\" data-element_type=\"widget\" data-widget_type=\"image-box.default\">\n\t\t\t\t<div class=\"elementor-widget-container\">\n\t\t\t<div class=\"elementor-image-box-wrapper\"><figure class=\"elementor-image-box-img\"><a href=\"https:\/\/milvus.ro\/hu\/szemleletformalas\/tevekenysegeink\/elemi-osztalyosoknak\/\" tabindex=\"-1\"><img decoding=\"async\" src=\"https:\/\/milvus.ro\/wp-content\/uploads\/elementor\/thumbs\/PXL_20240424_073428617.MP_-scaled-qq6lzyu20b5hwa1xb8egk24d5m37qbygqgj85trc5c.jpg\" title=\"PXL_20240424_073428617.MP_\" alt=\"Tavaszi kir\u00e1ndul\u00e1s\" class=\"elementor-animation-grow\" loading=\"lazy\" \/><\/a><\/figure><div class=\"elementor-image-box-content\"><h4 class=\"elementor-image-box-title\"><a href=\"https:\/\/milvus.ro\/hu\/szemleletformalas\/tevekenysegeink\/elemi-osztalyosoknak\/\">Elemi oszt\u00e1lyosoknak<\/a><\/h4><\/div><\/div>\t\t<\/div>\n\t\t\t\t<\/div>\n\t\t\t\t\t<\/div>\n\t\t<\/div>\n\t\t\t\t<div class=\"elementor-column elementor-col-25 elementor-inner-column elementor-element elementor-element-7a01c8a\" data-id=\"7a01c8a\" data-element_type=\"column\">\n\t\t\t<div class=\"elementor-widget-wrap elementor-element-populated\">\n\t\t\t\t\t\t<div class=\"elementor-element elementor-element-9867900 elementor-position-top elementor-widget elementor-widget-image-box\" data-id=\"9867900\" data-element_type=\"widget\" data-widget_type=\"image-box.default\">\n\t\t\t\t<div class=\"elementor-widget-container\">\n\t\t\t<div class=\"elementor-image-box-wrapper\"><figure class=\"elementor-image-box-img\"><a href=\"https:\/\/milvus.ro\/hu\/szemleletformalas\/tevekenysegeink\/v-viii-osztalyosoknak\/\" tabindex=\"-1\"><img decoding=\"async\" src=\"https:\/\/milvus.ro\/wp-content\/uploads\/elementor\/thumbs\/PXL_20230913_062018757.MP_-1-scaled-qcoq3qwm8w2kngdl1e2epqgevpr623z0k5b5vsex4w.jpg\" title=\"PXL_20230913_062018757.MP_-1\" alt=\"PXL_20230913_062018757.MP_-1\" class=\"elementor-animation-grow\" loading=\"lazy\" \/><\/a><\/figure><div class=\"elementor-image-box-content\"><h4 class=\"elementor-image-box-title\"><a href=\"https:\/\/milvus.ro\/hu\/szemleletformalas\/tevekenysegeink\/v-viii-osztalyosoknak\/\">V - VIII oszt\u00e1lyosoknak<\/a><\/h4><\/div><\/div>\t\t<\/div>\n\t\t\t\t<\/div>\n\t\t\t\t\t<\/div>\n\t\t<\/div>\n\t\t\t\t<div class=\"elementor-column elementor-col-25 elementor-inner-column elementor-element elementor-element-084f37d\" data-id=\"084f37d\" data-element_type=\"column\">\n\t\t\t<div class=\"elementor-widget-wrap elementor-element-populated\">\n\t\t\t\t\t\t<div class=\"elementor-element elementor-element-ca07d50 elementor-position-top elementor-widget elementor-widget-image-box\" data-id=\"ca07d50\" data-element_type=\"widget\" data-widget_type=\"image-box.default\">\n\t\t\t\t<div class=\"elementor-widget-container\">\n\t\t\t<div class=\"elementor-image-box-wrapper\"><figure class=\"elementor-image-box-img\"><a href=\"https:\/\/milvus.ro\/hu\/szemleletformalas\/tevekenysegeink\/kozepiskolasoknak\/\" tabindex=\"-1\"><img decoding=\"async\" src=\"https:\/\/milvus.ro\/wp-content\/uploads\/elementor\/thumbs\/Vizita-la-centrul-de-reabilitare-a-animalelor-salbatice-1-py8c88bwyalhv0cpbuejd5f5t1pei58r5gvdtkybls.jpeg\" title=\"Vizita-la-centrul-de-reabilitare-a-animalelor-salbatice-1\" alt=\"Vizita-la-centrul-de-reabilitare-a-animalelor-salbatice-1\" class=\"elementor-animation-grow\" loading=\"lazy\" \/><\/a><\/figure><div class=\"elementor-image-box-content\"><h4 class=\"elementor-image-box-title\"><a href=\"https:\/\/milvus.ro\/hu\/szemleletformalas\/tevekenysegeink\/kozepiskolasoknak\/\">K\u00f6z\u00e9piskol\u00e1soknak<\/a><\/h4><\/div><\/div>\t\t<\/div>\n\t\t\t\t<\/div>\n\t\t\t\t\t<\/div>\n\t\t<\/div>\n\t\t\t\t\t<\/div>\n\t\t<\/section>\n\t\t\t\t\t<\/div>\n\t\t<\/div>\n\t\t\t\t\t<\/div>\n\t\t<\/section>\n\t\t\t\t<section class=\"elementor-section elementor-top-section elementor-element elementor-element-e31f3a6 elementor-section-boxed elementor-section-height-default elementor-section-height-default\" data-id=\"e31f3a6\" data-element_type=\"section\">\n\t\t\t\t\t\t<div class=\"elementor-container elementor-column-gap-default\">\n\t\t\t\t\t<div class=\"elementor-column elementor-col-100 elementor-top-column elementor-element elementor-element-394551e\" data-id=\"394551e\" data-element_type=\"column\">\n\t\t\t<div class=\"elementor-widget-wrap elementor-element-populated\">\n\t\t\t\t\t\t<div class=\"elementor-element elementor-element-b5ea923 elementor-widget elementor-widget-video\" data-id=\"b5ea923\" data-element_type=\"widget\" data-settings=\"{&quot;youtube_url&quot;:&quot;https:\\\/\\\/www.youtube.com\\\/watch?v=wB_clPl7SVU&quot;,&quot;video_type&quot;:&quot;youtube&quot;,&quot;controls&quot;:&quot;yes&quot;}\" data-widget_type=\"video.default\">\n\t\t\t\t<div class=\"elementor-widget-container\">\n\t\t\t\t\t<div class=\"elementor-wrapper elementor-open-inline\">\n\t\t\t<div class=\"elementor-video\"><\/div>\t\t<\/div>\n\t\t\t\t<\/div>\n\t\t\t\t<\/div>\n\t\t\t\t\t<\/div>\n\t\t<\/div>\n\t\t\t\t\t<\/div>\n\t\t<\/section>\n\t\t\t\t<\/div>\n\t\t","protected":false},"excerpt":{"rendered":"A Milvus csoport t\u00f6bb mint 15 \u00e9ve foglalkozik term\u00e9szetv\u00e9delmi nevel\u00e9ssel. Tev\u00e9kenys\u00e9geink az \u00f3vodai koroszt\u00e1lyt\u00f3l a k\u00f6z\u00e9piskol\u00e1s koroszt\u00e1lyig terjednek, \u00edgy 3 \u00e9ves kort\u00f3l 18-19 \u00e9ves korig k\u00edn\u00e1lunk izgalmas, rendszeres vagy alkalmi tev\u00e9kenys\u00e9geket a tan\u00f3r\u00e1k keret\u00e9n bel\u00fcl. K\u00edn\u00e1latunkban ugyanakkor t\u00e1borok \u00e9s kir\u00e1ndul\u00e1sok is szerepelnek. Tev\u00e9kenys\u00e9geink: \u00d3vod\u00e1soknak Elemi oszt\u00e1lyosoknak V &#8211; VIII oszt\u00e1lyosoknak K\u00f6z\u00e9piskol\u00e1soknak","protected":false},"author":2,"featured_media":0,"parent":14380,"menu_order":0,"comment_status":"closed","ping_status":"closed","template":"","meta":{"_acf_changed":false,"_eb_attr":"","ocean_post_layout":"left-sidebar","ocean_both_sidebars_style":"","ocean_both_sidebars_content_width":0,"ocean_both_sidebars_sidebars_width":0,"ocean_sidebar":"ocs-education-menu","ocean_second_sidebar":"","ocean_disable_margins":"enable","ocean_add_body_class":"","ocean_shortcode_before_top_bar":"","ocean_shortcode_after_top_bar":"","ocean_shortcode_before_header":"","ocean_shortcode_after_header":"","ocean_has_shortcode":"","ocean_shortcode_after_title":"","ocean_shortcode_before_footer_widgets":"","ocean_shortcode_after_footer_widgets":"","ocean_shortcode_before_footer_bottom":"","ocean_shortcode_after_footer_bottom":"","ocean_display_top_bar":"default","ocean_display_header":"default","ocean_header_style":"","ocean_center_header_left_menu":"","ocean_custom_header_template":"","ocean_custom_logo":0,"ocean_custom_retina_logo":0,"ocean_custom_logo_max_width":0,"ocean_custom_logo_tablet_max_width":0,"ocean_custom_logo_mobile_max_width":0,"ocean_custom_logo_max_height":0,"ocean_custom_logo_tablet_max_height":0,"ocean_custom_logo_mobile_max_height":0,"ocean_header_custom_menu":"","ocean_menu_typo_font_family":"","ocean_menu_typo_font_subset":"","ocean_menu_typo_font_size":0,"ocean_menu_typo_font_size_tablet":0,"ocean_menu_typo_font_size_mobile":0,"ocean_menu_typo_font_size_unit":"px","ocean_menu_typo_font_weight":"","ocean_menu_typo_font_weight_tablet":"","ocean_menu_typo_font_weight_mobile":"","ocean_menu_typo_transform":"","ocean_menu_typo_transform_tablet":"","ocean_menu_typo_transform_mobile":"","ocean_menu_typo_line_height":0,"ocean_menu_typo_line_height_tablet":0,"ocean_menu_typo_line_height_mobile":0,"ocean_menu_typo_line_height_unit":"","ocean_menu_typo_spacing":0,"ocean_menu_typo_spacing_tablet":0,"ocean_menu_typo_spacing_mobile":0,"ocean_menu_typo_spacing_unit":"","ocean_menu_link_color":"","ocean_menu_link_color_hover":"","ocean_menu_link_color_active":"","ocean_menu_link_background":"","ocean_menu_link_hover_background":"","ocean_menu_link_active_background":"","ocean_menu_social_links_bg":"","ocean_menu_social_hover_links_bg":"","ocean_menu_social_links_color":"","ocean_menu_social_hover_links_color":"","ocean_disable_title":"default","ocean_disable_heading":"default","ocean_post_title":"","ocean_post_subheading":"","ocean_post_title_style":"background-image","ocean_post_title_background_color":"","ocean_post_title_background":34874,"ocean_post_title_bg_image_position":"","ocean_post_title_bg_image_attachment":"fixed","ocean_post_title_bg_image_repeat":"no-repeat","ocean_post_title_bg_image_size":"cover","ocean_post_title_height":0,"ocean_post_title_bg_overlay":0.5,"ocean_post_title_bg_overlay_color":"","ocean_disable_breadcrumbs":"default","ocean_breadcrumbs_color":"","ocean_breadcrumbs_separator_color":"","ocean_breadcrumbs_links_color":"","ocean_breadcrumbs_links_hover_color":"","ocean_display_footer_widgets":"default","ocean_display_footer_bottom":"default","ocean_custom_footer_template":"","omw_enable_modal_window":"enable","osh_disable_topbar_sticky":"default","osh_disable_header_sticky":"default","osh_sticky_header_style":"default","osh_sticky_header_effect":"","osh_custom_sticky_logo":0,"osh_custom_retina_sticky_logo":0,"osh_custom_sticky_logo_height":0,"osh_background_color":"","osh_links_color":"","osh_links_hover_color":"","osh_links_active_color":"","osh_links_bg_color":"","osh_links_hover_bg_color":"","osh_links_active_bg_color":"","osh_menu_social_links_color":"","osh_menu_social_hover_links_color":"","footnotes":""},"class_list":["post-42555","page","type-page","status-publish","hentry","entry","owp-thumbs-layout-horizontal","owp-btn-normal","owp-tabs-layout-horizontal","has-no-thumbnails","has-product-nav"],"acf":[],"_links":{"self":[{"href":"https:\/\/milvus.ro\/hu\/wp-json\/wp\/v2\/pages\/42555","targetHints":{"allow":["GET"]}}],"collection":[{"href":"https:\/\/milvus.ro\/hu\/wp-json\/wp\/v2\/pages"}],"about":[{"href":"https:\/\/milvus.ro\/hu\/wp-json\/wp\/v2\/types\/page"}],"author":[{"embeddable":true,"href":"https:\/\/milvus.ro\/hu\/wp-json\/wp\/v2\/users\/2"}],"replies":[{"embeddable":true,"href":"https:\/\/milvus.ro\/hu\/wp-json\/wp\/v2\/comments?post=42555"}],"version-history":[{"count":20,"href":"https:\/\/milvus.ro\/hu\/wp-json\/wp\/v2\/pages\/42555\/revisions"}],"predecessor-version":[{"id":50547,"href":"https:\/\/milvus.ro\/hu\/wp-json\/wp\/v2\/pages\/42555\/revisions\/50547"}],"up":[{"embeddable":true,"href":"https:\/\/milvus.ro\/hu\/wp-json\/wp\/v2\/pages\/14380"}],"wp:attachment":[{"href":"https:\/\/milvus.ro\/hu\/wp-json\/wp\/v2\/media?parent=42555"}],"curies":[{"name":"wp","href":"https:\/\/api.w.org\/{rel}","templated":true}]}}