{"id":41121,"date":"2023-01-16T10:57:14","date_gmt":"2023-01-16T08:57:14","guid":{"rendered":"https:\/\/milvus.ro\/?page_id=41121"},"modified":"2026-03-26T12:05:15","modified_gmt":"2026-03-26T10:05:15","slug":"vizirigo-monitoring-program","status":"publish","type":"page","link":"https:\/\/milvus.ro\/hu\/monitoring\/vizirigo-monitoring-program\/","title":{"rendered":"V\u00edzirig\u00f3 monitoring program"},"content":{"rendered":"\t\t<div data-elementor-type=\"wp-page\" data-elementor-id=\"41121\" class=\"elementor elementor-41121 elementor-38014\">\n\t\t\t\t\t\t<section class=\"elementor-section elementor-top-section elementor-element elementor-element-72d6258 elementor-section-boxed elementor-section-height-default elementor-section-height-default\" data-id=\"72d6258\" data-element_type=\"section\">\n\t\t\t\t\t\t<div class=\"elementor-container elementor-column-gap-default\">\n\t\t\t\t\t<div class=\"elementor-column elementor-col-100 elementor-top-column elementor-element elementor-element-2074c9d\" data-id=\"2074c9d\" data-element_type=\"column\">\n\t\t\t<div class=\"elementor-widget-wrap elementor-element-populated\">\n\t\t\t\t\t\t<div class=\"elementor-element elementor-element-8e32ff6 elementor-widget elementor-widget-text-editor\" data-id=\"8e32ff6\" data-element_type=\"widget\" data-widget_type=\"text-editor.default\">\n\t\t\t\t<div class=\"elementor-widget-container\">\n\t\t\t\t\t\t\t<p><strong>C\u00e9lfaj:<\/strong> v\u00edzirig\u00f3<\/p>\n<p><strong>Id\u0151szak:<\/strong> janu\u00e1r 20-25<\/p>\n<p><strong>Felk\u00e9sz\u00fclts\u00e9gi szint:<\/strong> alap<\/p>\n<p><strong>Felm\u00e9r\u00e9shez sz\u00fcks\u00e9ges szem\u00e9lyek sz\u00e1ma:<\/strong> 2-5 szem\u00e9lyb\u0151l \u00e1ll\u00f3 csapatok<\/p>\n<p><strong>Sz\u00fcks\u00e9ges felszerel\u00e9s:<\/strong> mobiltelefon (android), t\u00e1vcs\u0151, spekt\u00edv\/teleszk\u00f3p (opcion\u00e1lis)<\/p>\n<p>    <\/p>\n<p><strong>Helysz\u00edn: <\/strong>foly\u00f3k, hegyek l\u00e1b\u00e1n\u00e1l fut\u00f3 foly\u00f3k vagy nagyobb patakok, amelyek nem fagynak be teljesen<\/p>\t\t\t\t\t\t<\/div>\n\t\t\t\t<\/div>\n\t\t\t\t\t<\/div>\n\t\t<\/div>\n\t\t\t\t\t<\/div>\n\t\t<\/section>\n\t\t\t\t<section class=\"elementor-section elementor-top-section elementor-element elementor-element-c06e796 elementor-section-boxed elementor-section-height-default elementor-section-height-default\" data-id=\"c06e796\" data-element_type=\"section\">\n\t\t\t\t\t\t<div class=\"elementor-container elementor-column-gap-default\">\n\t\t\t\t\t<div class=\"elementor-column elementor-col-100 elementor-top-column elementor-element elementor-element-0f488a6\" data-id=\"0f488a6\" data-element_type=\"column\">\n\t\t\t<div class=\"elementor-widget-wrap elementor-element-populated\">\n\t\t\t\t\t\t<div class=\"elementor-element elementor-element-7beb736 elementor-widget__width-initial elementor-widget elementor-widget-video\" data-id=\"7beb736\" data-element_type=\"widget\" data-settings=\"{&quot;youtube_url&quot;:&quot;https:\\\/\\\/www.youtube.com\\\/watch?v=33iRN0uNXnM&amp;ab_channel=MilvusGroup&quot;,&quot;autoplay&quot;:&quot;yes&quot;,&quot;mute&quot;:&quot;yes&quot;,&quot;loop&quot;:&quot;yes&quot;,&quot;modestbranding&quot;:&quot;yes&quot;,&quot;video_type&quot;:&quot;youtube&quot;,&quot;controls&quot;:&quot;yes&quot;}\" data-widget_type=\"video.default\">\n\t\t\t\t<div class=\"elementor-widget-container\">\n\t\t\t\t\t<div class=\"elementor-wrapper elementor-open-inline\">\n\t\t\t<div class=\"elementor-video\"><\/div>\t\t<\/div>\n\t\t\t\t<\/div>\n\t\t\t\t<\/div>\n\t\t\t\t\t<\/div>\n\t\t<\/div>\n\t\t\t\t\t<\/div>\n\t\t<\/section>\n\t\t\t\t<section class=\"elementor-section elementor-top-section elementor-element elementor-element-5d7c4ab3 elementor-section-boxed elementor-section-height-default elementor-section-height-default\" data-id=\"5d7c4ab3\" data-element_type=\"section\">\n\t\t\t\t\t\t<div class=\"elementor-container elementor-column-gap-default\">\n\t\t\t\t\t<div class=\"elementor-column elementor-col-100 elementor-top-column elementor-element elementor-element-76f48450\" data-id=\"76f48450\" data-element_type=\"column\">\n\t\t\t<div class=\"elementor-widget-wrap elementor-element-populated\">\n\t\t\t\t\t\t<div class=\"elementor-element elementor-element-6ddf5f66 elementor-widget elementor-widget-text-editor\" data-id=\"6ddf5f66\" data-element_type=\"widget\" data-widget_type=\"text-editor.default\">\n\t\t\t\t<div class=\"elementor-widget-container\">\n\t\t\t\t\t\t\t<h2 class=\"wp-block-heading\">M\u00f3dszertan r\u00f6vid le\u00edr\u00e1sa:<\/h2><p>A monitoring kapcs\u00e1n a kijel\u00f6lt foly\u00f3kat r\u00f6videbb szakaszokra osztjuk, amelyek ment\u00e9n v\u00e9gig s\u00e9t\u00e1lunk. A mad\u00e1rmegfigyel\u00e9s csapatban (kett\u0151-\u00f6t f\u0151), lehet\u0151leg egy tapasztaltabb megfigyel\u0151 vezet\u00e9s\u00e9vel t\u00f6rt\u00e9nik. T\u00e9li k\u00f6r\u00fclm\u00e9nyek k\u00f6z\u00f6tt a s\u00e9ta meglehet\u0151sen f\u00e1raszt\u00f3, ez\u00e9rt nem aj\u00e1nlott 10-12 kilom\u00e9tern\u00e9l hosszabb szakaszokat tervezni. A v\u00edzirig\u00f3kon k\u00edv\u00fcl m\u00e1s fajokat is meg lehet figyelni, v\u00edzi \u00e9s sz\u00e1razf\u00f6ldi fajokat egyar\u00e1nt, ez\u00e9rt teljes fajlista \u00f6ssze\u00e1ll\u00edt\u00e1s\u00e1t aj\u00e1nljuk.<\/p><p>A v\u00edzirig\u00f3 ritk\u00e1n t\u00e1volodik el a v\u00edzt\u0151l. A v\u00edz felett rep\u00fclve, befagyott r\u00e9szre, partra ki\u00fclve vagy a, k\u00f6vek k\u00f6z\u00f6tt, figyelhet\u0151 meg els\u0151sorban. Aki t\u00e1vcs\u0151vel keresi ezt a madarat, annak minden alkalmat meg kell ragadnia, hogy a foly\u00f3parton \u00e9s a v\u00edzen l\u00e9v\u0151 ter\u00fcleteket felm\u00e9rje. A legjobb helyek a hidak \u00e9s a g\u00e1tak, ahonnan mindk\u00e9t part j\u00f3l bel\u00e1that\u00f3.<\/p><p>A t\u00f6bbi megfigyel\u00e9si programhoz hasonl\u00f3an az adatok gy\u0171jt\u00e9se az OpenBioMaps mobilalkalmaz\u00e1ssal t\u00f6rt\u00e9nik (az erre c\u00e9lra k\u00e9sz\u00fclt \u0171rlap seg\u00edts\u00e9g\u00e9vel), majd ut\u00f3lag az adatokat fel kell t\u00f6lteni az OpenBirdMaps adatb\u00e1zisba.<\/p><p>A r\u00e9szletes m\u00f3dszer<strong> <a href=\"https:\/\/milvus.ro\/wp-content\/uploads\/2025\/02\/Protocol-de-monitorizare-pescarelului-negru.pdf\" target=\"_blank\" rel=\"noreferrer noopener\">itt<\/a><\/strong> olvashat\u00f3 (RO).<\/p><h2 id=\"eredmenyek\" class=\"wp-block-heading\">Eredm\u00e9nyek<\/h2>\t\t\t\t\t\t<\/div>\n\t\t\t\t<\/div>\n\t\t\t\t\t<\/div>\n\t\t<\/div>\n\t\t\t\t\t<\/div>\n\t\t<\/section>\n\t\t\t\t<section class=\"elementor-section elementor-top-section elementor-element elementor-element-c805f31 elementor-section-boxed elementor-section-height-default elementor-section-height-default\" data-id=\"c805f31\" data-element_type=\"section\">\n\t\t\t\t\t\t<div class=\"elementor-container elementor-column-gap-default\">\n\t\t\t\t\t<div class=\"elementor-column elementor-col-100 elementor-top-column elementor-element elementor-element-468e3f4\" data-id=\"468e3f4\" data-element_type=\"column\">\n\t\t\t<div class=\"elementor-widget-wrap elementor-element-populated\">\n\t\t\t\t\t\t<div class=\"elementor-element elementor-element-b059b26 elementor-widget elementor-widget-html\" data-id=\"b059b26\" data-element_type=\"widget\" data-widget_type=\"html.default\">\n\t\t\t\t<div class=\"elementor-widget-container\">\n\t\t\t<!DOCTYPE html>\r\n<html lang=\"en\">\r\n<head>\r\n  <meta charset=\"UTF-8\">\r\n  <title>Dipper results<\/title>\r\n  <style>\r\n    table {\r\n      border-collapse: collapse;\r\n      width: 100%;\r\n    }\r\n    th, td {\r\n      border: 1px solid #ccc;\r\n      padding: 8px;\r\n      text-align: left;\r\n    }\r\n    \/* Group header styling *\/\r\n    tr.group-header {\r\n      background-color: #f0f0f0;\r\n      cursor: pointer;\r\n    }\r\n    \/* Initially hide data rows *\/\r\n    tr.group-data {\r\n      display: none;\r\n    }\r\n  <\/style>\r\n<\/head>\r\n<body>\r\n  <table id=\"collapsibleTable\">\r\n    <thead>\r\n      <tr>\r\n        <th>Foly\u00f3<\/th>\r\n        <th>2015<\/th>\r\n        <th>2016<\/th>\r\n        <th>2017<\/th>\r\n        <th>2018<\/th>\r\n        <th>2019<\/th>\r\n        <th>2020<\/th>\r\n        <th>2021<\/th>\r\n        <th>2022<\/th>\r\n        <th>2023<\/th>\r\n        <th>2024<\/th>\r\n        <th>2025<\/th>\r\n\t    <th>2026<\/th>\r\n      <\/tr>\r\n    <\/thead>\r\n    <tbody>\r\n      <!-- Group 1 Header -->\r\n      <tr class=\"group-header\" data-group=\"group1\">\r\n        <td>Maros v\u00edzgy\u00fcjt\u0151<\/td>\r\n        <td colspan=\"12\">\r\n          Utols\u00f3 felm\u00e9r\u00e9s eredm\u00e9nyei <span class=\"group-sum\">0<\/span> (Kilik a r\u00e9szletek\u00e9rt)\r\n        <\/td>\r\n      <\/tr>\r\n      <!-- Group 1 Data Rows -->\r\n      <tr class=\"group-data\" data-group=\"group1\">\r\n        <td>Maros<\/td>\r\n        <td>305<\/td>\r\n        <td>161<\/td>\r\n        <td>170<\/td>\r\n        <td>173<\/td>\r\n        <td>143<\/td>\r\n        <td>166<\/td>\r\n        <td>161<\/td>\r\n        <td>192<\/td>\r\n        <td>39<\/td>\r\n        <td>171<\/td>\r\n        <td>156<\/td>\r\n        <td>163<\/td>\r\n      <\/tr>\r\n      \r\n      <!-- Group 2 Header -->\r\n      <tr class=\"group-header\" data-group=\"group2\">\r\n        <td>Sebes-K\u00f6r\u00f6s v\u00edzgy\u00fcjt\u0151<\/td>\r\n        <td colspan=\"12\">\r\n          Utols\u00f3 felm\u00e9r\u00e9s eredm\u00e9nyei <span class=\"group-sum\">0<\/span> (Kilik a r\u00e9szletek\u00e9rt)\r\n        <\/td>\r\n      <\/tr>\r\n      <!-- Group 2 Data Rows -->\r\n      <tr class=\"group-data\" data-group=\"group2\">\r\n        <td>Sebes-K\u00f6r\u00f6s<\/td>\r\n        <td><\/td>\r\n        <td><\/td>\r\n        <td><\/td>\r\n        <td><\/td>\r\n        <td><\/td>\r\n        <td>64<\/td>\r\n        <td>72<\/td>\r\n        <td>73<\/td>\r\n        <td>64<\/td>\r\n        <td>50<\/td>\r\n        <td>85<\/td>\r\n        <td>52<\/td>\r\n      <\/tr>\r\n      <tr class=\"group-data\" data-group=\"group2\">\r\n        <td>J\u00e1d pataka<\/td>\r\n        <td><\/td>\r\n        <td><\/td>\r\n        <td><\/td>\r\n        <td><\/td>\r\n        <td><\/td>\r\n        <td><\/td>\r\n        <td>10<\/td>\r\n        <td>24<\/td>\r\n        <td>21<\/td>\r\n        <td>6<\/td>\r\n        <td>12<\/td>\r\n        <td>21<\/td>\r\n      <\/tr>\r\n      <tr class=\"group-data\" data-group=\"group2\">\r\n        <td>Drag\u00e1n pataka<\/td>\r\n        <td><\/td>\r\n        <td><\/td>\r\n        <td><\/td>\r\n        <td><\/td>\r\n        <td><\/td>\r\n        <td><\/td>\r\n        <td>33<\/td>\r\n        <td>28<\/td>\r\n        <td>25<\/td>\r\n        <td>19<\/td>\r\n        <td>31<\/td>\r\n        <td>11<\/td>\r\n      <\/tr>\r\n\r\n      <!-- Group 3 Header -->\r\n      <tr class=\"group-header\" data-group=\"group3\">\r\n        <td>Aranyos v\u00edzgy\u00fcjt\u0151<\/td>\r\n        <td colspan=\"12\">\r\n          Utols\u00f3 felm\u00e9r\u00e9s eredm\u00e9nyei <span class=\"group-sum\">0<\/span> (Kilik a r\u00e9szletek\u00e9rt)\r\n        <\/td>\r\n      <\/tr>\r\n      <!-- Group 3 Data Rows -->\r\n      <tr class=\"group-data\" data-group=\"group3\">\r\n        <td>J\u00e1ra pataka<\/td>\r\n        <td><\/td>\r\n        <td><\/td>\r\n        <td><\/td>\r\n        <td><\/td>\r\n        <td><\/td>\r\n        <td><\/td>\r\n        <td><\/td>\r\n        <td>22<\/td>\r\n        <td>16<\/td>\r\n        <td><\/td>\r\n        <td><\/td>\r\n        <td><\/td>\r\n      <\/tr>\r\n\r\n      <tr class=\"group-header\" data-group=\"group4\">\r\n        <td>Nagy-K\u00fck\u00fcl\u0151 v\u00edzgy\u00fcjt\u0151<\/td>\r\n        <td colspan=\"12\">\r\n          Utols\u00f3 felm\u00e9r\u00e9s eredm\u00e9nyei <span class=\"group-sum\">0<\/span> (Kilik a r\u00e9szletek\u00e9rt)\r\n        <\/td>\r\n      <\/tr>\r\n\r\n      <tr class=\"group-data\" data-group=\"group4\">\r\n        <td>Nagy-K\u00fck\u00fcl\u0151<\/td>\r\n        <td><\/td>\r\n        <td><\/td>\r\n        <td><\/td>\r\n        <td><\/td>\r\n        <td><\/td>\r\n        <td>10<\/td>\r\n        <td>8<\/td>\r\n        <td>15<\/td>\r\n        <td>3<\/td>\r\n        <td>5<\/td>\r\n        <td>8<\/td>\r\n        <td>4<\/td>\r\n      <\/tr>\r\n\r\n      <tr class=\"group-header\" data-group=\"group5\">\r\n        <td>Duna v\u00edzgy\u00fcjt\u0151<\/td>\r\n        <td colspan=\"12\">\r\n          Utols\u00f3 felm\u00e9r\u00e9s eredm\u00e9nyei <span class=\"group-sum\">0<\/span> (Kilik a r\u00e9szletek\u00e9rt)\r\n        <\/td>\r\n      <\/tr>\r\n      \r\n      <tr class=\"group-data\" data-group=\"group5\">\r\n        <td>Vaskapu Nemzeti Park patakai<\/td>\r\n        <td><\/td>\r\n        <td><\/td>\r\n        <td><\/td>\r\n        <td><\/td>\r\n        <td><\/td>\r\n        <td><\/td>\r\n        <td>4<\/td>\r\n        <td>14<\/td>\r\n        <td><\/td>\r\n        <td>9<\/td>\r\n        <td>4<\/td>\r\n        <td><\/td>\r\n      <\/tr>\r\n      <tr class=\"group-data\" data-group=\"group5\">\r\n        <td>Cserna<\/td>\r\n        <td><\/td>\r\n        <td><\/td>\r\n        <td><\/td>\r\n        <td><\/td>\r\n        <td><\/td>\r\n        <td><\/td>\r\n        <td><\/td>\r\n        <td>29<\/td>\r\n        <td>4<\/td>\r\n        <td><\/td>\r\n        <td><\/td>\r\n        <td><\/td>\r\n      <\/tr>\r\n\r\n      <tr class=\"group-header\" data-group=\"group6\">\r\n        <td>Zsil v\u00edzgy\u00fcjt\u0151<\/td>\r\n        <td colspan=\"12\">\r\n          Utols\u00f3 felm\u00e9r\u00e9s eredm\u00e9nyei <span class=\"group-sum\">0<\/span> (Kilik a r\u00e9szletek\u00e9rt)\r\n        <\/td>\r\n      <\/tr>\r\n\r\n      <tr class=\"group-data\" data-group=\"group6\">\r\n        <td>Zsil<\/td>\r\n        <td><\/td>\r\n        <td><\/td>\r\n        <td><\/td>\r\n        <td><\/td>\r\n        <td><\/td>\r\n        <td><\/td>\r\n        <td>6<\/td>\r\n        <td>24<\/td>\r\n        <td>36<\/td>\r\n        <td>5<\/td>\r\n        <td><\/td>\r\n        <td><\/td>\r\n      <\/tr>\r\n\r\n      <tr class=\"group-header\" data-group=\"group7\">\r\n        <td>Olt v\u00edzgy\u00fcjt\u0151<\/td>\r\n        <td colspan=\"12\">\r\n          Utols\u00f3 felm\u00e9r\u00e9s eredm\u00e9nyei <span class=\"group-sum\">0<\/span> (Kilik a r\u00e9szletek\u00e9rt)\r\n        <\/td>\r\n      <\/tr>\r\n\r\n      <tr class=\"group-data\" data-group=\"group7\">\r\n        <td>B\u00e2rsa pataka<\/td>\r\n        <td><\/td>\r\n        <td><\/td>\r\n        <td><\/td>\r\n        <td><\/td>\r\n        <td><\/td>\r\n        <td><\/td>\r\n        <td><\/td>\r\n        <td><\/td>\r\n        <td>15<\/td>\r\n        <td><\/td>\r\n        <td>17<\/td>\r\n        <td><\/td>\r\n      <\/tr>\r\n      <tr class=\"group-data\" data-group=\"group7\">\r\n        <td>Olt<\/td>\r\n        <td><\/td>\r\n        <td><\/td>\r\n        <td><\/td>\r\n        <td><\/td>\r\n        <td><\/td>\r\n        <td><\/td>\r\n        <td><\/td>\r\n        <td><\/td>\r\n        <td><\/td>\r\n        <td>10<\/td>\r\n        <td>33<\/td>\r\n        <td>40<\/td>\r\n      <\/tr>\r\n      <tr class=\"group-data\" data-group=\"group7\">\r\n        <td>Vargyas pataka<\/td>\r\n        <td><\/td>\r\n        <td><\/td>\r\n        <td><\/td>\r\n        <td><\/td>\r\n        <td><\/td>\r\n        <td><\/td>\r\n        <td><\/td>\r\n        <td><\/td>\r\n        <td><\/td>\r\n        <td><\/td>\r\n        <td>14<\/td>\r\n        <td>7<\/td>\r\n      <\/tr>\r\n\r\n      <tr class=\"group-header\" data-group=\"group8\">\r\n        <td>D\u00e2mbovi\u021ba v\u00edzgy\u00fcjt\u0151<\/td>\r\n        <td colspan=\"12\">\r\n          Utols\u00f3 felm\u00e9r\u00e9s eredm\u00e9nyei <span class=\"group-sum\">0<\/span> (Kilika r\u00e9szletek\u00e9rt)\r\n        <\/td>\r\n      <\/tr>\r\n\r\n      <tr class=\"group-data\" data-group=\"group8\">\r\n        <td>D\u00e2mbovi\u021ba<\/td>\r\n        <td><\/td>\r\n        <td><\/td>\r\n        <td><\/td>\r\n        <td><\/td>\r\n        <td><\/td>\r\n        <td><\/td>\r\n        <td><\/td>\r\n        <td><\/td>\r\n        <td><\/td>\r\n        <td><\/td>\r\n        <td>4<\/td>\r\n        <td><\/td>\r\n      <\/tr>\r\n\r\n      <tr class=\"group-header\" data-group=\"group9\">\r\n        <td>Szamos v\u00edzgy\u00fcjt\u0151<\/td>\r\n        <td colspan=\"12\">\r\n          Utols\u00f3 felm\u00e9r\u00e9s eredm\u00e9nyei <span class=\"group-sum\">0<\/span> (Kilik a r\u00e9szletek\u00e9rt)\r\n        <\/td>\r\n      <\/tr>\r\n\r\n      <tr class=\"group-data\" data-group=\"group9\">\r\n        <td>Kis-Szamos<\/td>\r\n        <td><\/td>\r\n        <td><\/td>\r\n        <td><\/td>\r\n        <td><\/td>\r\n        <td><\/td>\r\n        <td><\/td>\r\n        <td><\/td>\r\n        <td><\/td>\r\n        <td><\/td>\r\n        <td>3<\/td>\r\n        <td>1<\/td>\r\n        <td>0<\/td>\r\n      <\/tr>\r\n\r\n     <tr class=\"group-data\" data-group=\"group9\">\r\n        <td>Zazar<\/td>\r\n        <td><\/td>\r\n        <td><\/td>\r\n        <td><\/td>\r\n        <td><\/td>\r\n        <td><\/td>\r\n        <td><\/td>\r\n        <td><\/td>\r\n        <td><\/td>\r\n        <td><\/td>\r\n        <td><\/td>\r\n        <td><\/td>\r\n        <td>0<\/td>\r\n      <\/tr>\r\n\r\n     <tr class=\"group-header\" data-group=\"group10\">\r\n        <td>Tatros v\u00edzgy\u00fcjt\u0151<\/td>\r\n        <td colspan=\"12\">\r\n          Utols\u00f3 felm\u00e9r\u00e9s eredm\u00e9nyei <span class=\"group-sum\">0<\/span> (Kilik a r\u00e9szletek\u00e9rt)\r\n        <\/td>\r\n      <\/tr>\r\n\r\n      <tr class=\"group-data\" data-group=\"group10\">\r\n        <td>Tatros<\/td>\r\n        <td><\/td>\r\n        <td><\/td>\r\n        <td><\/td>\r\n        <td><\/td>\r\n        <td><\/td>\r\n        <td><\/td>\r\n        <td><\/td>\r\n        <td><\/td>\r\n        <td><\/td>\r\n        <td><\/td>\r\n        <td><\/td>\r\n        <td>17<\/td>\r\n      <\/tr>\r\n\r\n    <\/tbody>\r\n  <\/table>\r\n\r\n  <script>\r\n    document.addEventListener(\"DOMContentLoaded\", function() {\r\n      \/\/ Select all group header rows\r\n      const headers = document.querySelectorAll(\"tr.group-header\");\r\n      \r\n      headers.forEach(function(header) {\r\n        \/\/ Get the group identifier\r\n        const group = header.getAttribute(\"data-group\");\r\n        \/\/ Select all data rows for this group\r\n        const rows = document.querySelectorAll(\"tr.group-data[data-group='\" + group + \"']\");\r\n        let sum = 0;\r\n        \r\n        \/\/ Calculate the sum from the \"Row Number\" column (assumed to be the second cell)\r\n        rows.forEach(function(row) {\r\n            const length = row.cells.length\r\n          var cell = row.cells[length-1];\r\n          var num = parseFloat(cell.textContent);\r\n          if (!isNaN(num)) {\r\n            sum += num;\r\n          }\r\n        });\r\n        \/\/ Update the sum in the group header\r\n        const sumSpan = header.querySelector(\"span.group-sum\");\r\n        if(sumSpan) {\r\n          sumSpan.textContent = sum;\r\n        }\r\n        \r\n        \/\/ Attach click event to toggle visibility of group data rows\r\n        header.addEventListener(\"click\", function() {\r\n          rows.forEach(function(row) {\r\n            row.style.display = (row.style.display === \"table-row\") ? \"none\" : \"table-row\";\r\n          });\r\n        });\r\n      });\r\n    });\r\n  <\/script>\r\n<\/body>\r\n<\/html>\r\n\t\t<\/div>\n\t\t\t\t<\/div>\n\t\t\t\t\t<\/div>\n\t\t<\/div>\n\t\t\t\t\t<\/div>\n\t\t<\/section>\n\t\t\t\t<section class=\"elementor-section elementor-top-section elementor-element elementor-element-38b8e3c elementor-section-boxed elementor-section-height-default elementor-section-height-default\" data-id=\"38b8e3c\" data-element_type=\"section\">\n\t\t\t\t\t\t<div class=\"elementor-container elementor-column-gap-default\">\n\t\t\t\t\t<div class=\"elementor-column elementor-col-100 elementor-top-column elementor-element elementor-element-68bea16\" data-id=\"68bea16\" data-element_type=\"column\">\n\t\t\t<div class=\"elementor-widget-wrap elementor-element-populated\">\n\t\t\t\t\t\t<div class=\"elementor-element elementor-element-2e6022f elementor-widget elementor-widget-text-editor\" data-id=\"2e6022f\" data-element_type=\"widget\" data-widget_type=\"text-editor.default\">\n\t\t\t\t<div class=\"elementor-widget-container\">\n\t\t\t\t\t\t\t<p><iframe title=\"YouTube video player\" src=\"https:\/\/www.youtube.com\/embed\/pZhQnhDUArU\" width=\"560\" height=\"315\" frameborder=\"0\" allowfullscreen=\"allowfullscreen\"><\/iframe><\/p><h2 class=\"wp-block-heading\">Kapcsolat<\/h2><p>Szab\u00f3 D. Zolt\u00e1n, &#122;&#111;l&#116;&#97;&#110;&#46;d.&#115;zabo&#64;m&#105;&#108;&#118;u&#115;.&#114;&#111;, 0745590082<\/p>\t\t\t\t\t\t<\/div>\n\t\t\t\t<\/div>\n\t\t\t\t\t<\/div>\n\t\t<\/div>\n\t\t\t\t\t<\/div>\n\t\t<\/section>\n\t\t\t\t<\/div>\n\t\t","protected":false},"excerpt":{"rendered":"C\u00e9lfaj: v\u00edzirig\u00f3 Id\u0151szak: janu\u00e1r 20-25 Felk\u00e9sz\u00fclts\u00e9gi szint: alap Felm\u00e9r\u00e9shez sz\u00fcks\u00e9ges szem\u00e9lyek sz\u00e1ma: 2-5 szem\u00e9lyb\u0151l \u00e1ll\u00f3 csapatok Sz\u00fcks\u00e9ges felszerel\u00e9s: mobiltelefon (android), t\u00e1vcs\u0151, spekt\u00edv\/teleszk\u00f3p (opcion\u00e1lis) Helysz\u00edn: foly\u00f3k, hegyek l\u00e1b\u00e1n\u00e1l fut\u00f3 foly\u00f3k vagy nagyobb patakok, amelyek nem fagynak be teljesenhttps:\/\/www.youtube.com\/watch?v=33iRN0uNXnM&#038;ab_channel=MilvusGroupM\u00f3dszertan r\u00f6vid le\u00edr\u00e1sa:A monitoring kapcs\u00e1n a kijel\u00f6lt foly\u00f3kat r\u00f6videbb szakaszokra osztjuk, amelyek ment\u00e9n v\u00e9gig s\u00e9t\u00e1lunk. A mad\u00e1rmegfigyel\u00e9s csapatban (kett\u0151-\u00f6t [&hellip;]","protected":false},"author":2,"featured_media":21885,"parent":17587,"menu_order":0,"comment_status":"closed","ping_status":"closed","template":"","meta":{"_acf_changed":false,"_eb_attr":"","ocean_post_layout":"left-sidebar","ocean_both_sidebars_style":"","ocean_both_sidebars_content_width":0,"ocean_both_sidebars_sidebars_width":0,"ocean_sidebar":"ocs-monitoring-menu","ocean_second_sidebar":"","ocean_disable_margins":"enable","ocean_add_body_class":"","ocean_shortcode_before_top_bar":"","ocean_shortcode_after_top_bar":"","ocean_shortcode_before_header":"","ocean_shortcode_after_header":"","ocean_has_shortcode":"","ocean_shortcode_after_title":"","ocean_shortcode_before_footer_widgets":"","ocean_shortcode_after_footer_widgets":"","ocean_shortcode_before_footer_bottom":"","ocean_shortcode_after_footer_bottom":"","ocean_display_top_bar":"default","ocean_display_header":"default","ocean_header_style":"","ocean_center_header_left_menu":"","ocean_custom_header_template":"","ocean_custom_logo":0,"ocean_custom_retina_logo":0,"ocean_custom_logo_max_width":0,"ocean_custom_logo_tablet_max_width":0,"ocean_custom_logo_mobile_max_width":0,"ocean_custom_logo_max_height":0,"ocean_custom_logo_tablet_max_height":0,"ocean_custom_logo_mobile_max_height":0,"ocean_header_custom_menu":"","ocean_menu_typo_font_family":"","ocean_menu_typo_font_subset":"","ocean_menu_typo_font_size":0,"ocean_menu_typo_font_size_tablet":0,"ocean_menu_typo_font_size_mobile":0,"ocean_menu_typo_font_size_unit":"px","ocean_menu_typo_font_weight":"","ocean_menu_typo_font_weight_tablet":"","ocean_menu_typo_font_weight_mobile":"","ocean_menu_typo_transform":"","ocean_menu_typo_transform_tablet":"","ocean_menu_typo_transform_mobile":"","ocean_menu_typo_line_height":0,"ocean_menu_typo_line_height_tablet":0,"ocean_menu_typo_line_height_mobile":0,"ocean_menu_typo_line_height_unit":"","ocean_menu_typo_spacing":0,"ocean_menu_typo_spacing_tablet":0,"ocean_menu_typo_spacing_mobile":0,"ocean_menu_typo_spacing_unit":"","ocean_menu_link_color":"","ocean_menu_link_color_hover":"","ocean_menu_link_color_active":"","ocean_menu_link_background":"","ocean_menu_link_hover_background":"","ocean_menu_link_active_background":"","ocean_menu_social_links_bg":"","ocean_menu_social_hover_links_bg":"","ocean_menu_social_links_color":"","ocean_menu_social_hover_links_color":"","ocean_disable_title":"default","ocean_disable_heading":"default","ocean_post_title":"","ocean_post_subheading":"","ocean_post_title_style":"background-image","ocean_post_title_background_color":"","ocean_post_title_background":27872,"ocean_post_title_bg_image_position":"center center","ocean_post_title_bg_image_attachment":"fixed","ocean_post_title_bg_image_repeat":"no-repeat","ocean_post_title_bg_image_size":"cover","ocean_post_title_height":500,"ocean_post_title_bg_overlay":0.4,"ocean_post_title_bg_overlay_color":"#232323ed","ocean_disable_breadcrumbs":"default","ocean_breadcrumbs_color":"","ocean_breadcrumbs_separator_color":"","ocean_breadcrumbs_links_color":"","ocean_breadcrumbs_links_hover_color":"","ocean_display_footer_widgets":"default","ocean_display_footer_bottom":"default","ocean_custom_footer_template":"","omw_enable_modal_window":"enable","osh_disable_topbar_sticky":"default","osh_disable_header_sticky":"default","osh_sticky_header_style":"default","osh_sticky_header_effect":"","osh_custom_sticky_logo":0,"osh_custom_retina_sticky_logo":0,"osh_custom_sticky_logo_height":0,"osh_background_color":"","osh_links_color":"","osh_links_hover_color":"","osh_links_active_color":"","osh_links_bg_color":"","osh_links_hover_bg_color":"","osh_links_active_bg_color":"","osh_menu_social_links_color":"","osh_menu_social_hover_links_color":"","footnotes":""},"class_list":["post-41121","page","type-page","status-publish","has-post-thumbnail","hentry","entry","has-media","owp-thumbs-layout-horizontal","owp-btn-normal","owp-tabs-layout-horizontal","has-no-thumbnails","has-product-nav"],"acf":[],"_links":{"self":[{"href":"https:\/\/milvus.ro\/hu\/wp-json\/wp\/v2\/pages\/41121","targetHints":{"allow":["GET"]}}],"collection":[{"href":"https:\/\/milvus.ro\/hu\/wp-json\/wp\/v2\/pages"}],"about":[{"href":"https:\/\/milvus.ro\/hu\/wp-json\/wp\/v2\/types\/page"}],"author":[{"embeddable":true,"href":"https:\/\/milvus.ro\/hu\/wp-json\/wp\/v2\/users\/2"}],"replies":[{"embeddable":true,"href":"https:\/\/milvus.ro\/hu\/wp-json\/wp\/v2\/comments?post=41121"}],"version-history":[{"count":41,"href":"https:\/\/milvus.ro\/hu\/wp-json\/wp\/v2\/pages\/41121\/revisions"}],"predecessor-version":[{"id":51299,"href":"https:\/\/milvus.ro\/hu\/wp-json\/wp\/v2\/pages\/41121\/revisions\/51299"}],"up":[{"embeddable":true,"href":"https:\/\/milvus.ro\/hu\/wp-json\/wp\/v2\/pages\/17587"}],"wp:featuredmedia":[{"embeddable":true,"href":"https:\/\/milvus.ro\/hu\/wp-json\/wp\/v2\/media\/21885"}],"wp:attachment":[{"href":"https:\/\/milvus.ro\/hu\/wp-json\/wp\/v2\/media?parent=41121"}],"curies":[{"name":"wp","href":"https:\/\/api.w.org\/{rel}","templated":true}]}}