{"id":38781,"date":"2023-04-24T17:56:37","date_gmt":"2023-04-24T14:56:37","guid":{"rendered":"https:\/\/milvus.ro\/?page_id=38781"},"modified":"2023-04-24T17:56:38","modified_gmt":"2023-04-24T14:56:38","slug":"terra-futura-tarsasjatek","status":"publish","type":"page","link":"https:\/\/milvus.ro\/hu\/gameon\/terra-futura-tarsasjatek\/","title":{"rendered":"Terra Futura t\u00e1rsasj\u00e1t\u00e9k"},"content":{"rendered":"<p>A Terra Futura t\u00e1rsasj\u00e1t\u00e9k a #GameOn projektnek k\u00f6sz\u00f6nhet\u0151en sz\u00fcletett meg, amelyb\u0151l sokat tanulhatunk \u00f6nmagunkr\u00f3l \u00e9s arr\u00f3l, hogy mit tehet\u00fcnk az \u00e9ghajlatv\u00e1ltoz\u00e1s elleni k\u00fczdelem\u00e9rt, vagy a k\u00f6rnyezetv\u00e9delem \u00e9rdek\u00e9ben, mik\u00f6zben \u00e9rt\u00e9kes id\u0151t t\u00f6lt\u00fcnk el egy\u00fctt.<\/p><p>A t\u00e1rsasj\u00e1t\u00e9k az \u00e9ghajlatv\u00e1ltoz\u00e1ssal, \u00e9s annak Eur\u00f3p\u00e1ra \u00e9s a vil\u00e1g d\u00e9li orsz\u00e1gaira val\u00f3 hat\u00e1saival foglalkozik.<\/p><p>12 \u00e9ven fel\u00fcli gyermekeknek \u00e9s feln\u0151tteknek egyar\u00e1nt aj\u00e1nlott, j\u00e1t\u00e9kideje kb. 30 perc, a c\u00e9l pedig egyszer\u0171: pr\u00f3b\u00e1ljunk meg olyan gazdas\u00e1gokat \u00e9p\u00edteni, hogy k\u00f6zben a lehet\u0151 legkevesebb szennyez\u00e9st okozzuk. A j\u00e1t\u00e9kban mindenki saj\u00e1t gazdas\u00e1got \u00e9p\u00edt, de figyelni kell a t\u00e1rsakra is, hiszen az egy\u00e9ni k\u00fcldet\u00e9sek, \u00e9s a k\u00f6z\u00f6s k\u00e1rtyapaklib\u00f3l val\u00f3 h\u00faz\u00e1s seg\u00edtheti, vagy akad\u00e1lyozhatja is az ellenfelek \u00e9p\u00edtkez\u00e9s\u00e9t. A szab\u00e1lyok egyszer\u0171ek, de seg\u00edts\u00e9gk\u00e9nt aj\u00e1nljuk, hogy n\u00e9zz\u00e9tek meg ezt a vide\u00f3t:<\/p><iframe width=\"100%\" height=\"500\" src=\"https:\/\/www.youtube.com\/embed\/wc2Px6COGAI\" title=\"YouTube video player\" frameborder=\"0\" allow=\"accelerometer; autoplay; clipboard-write; encrypted-media; gyroscope; picture-in-picture; web-share\" allowfullscreen><\/iframe>","protected":false},"excerpt":{"rendered":"A Terra Futura t\u00e1rsasj\u00e1t\u00e9k a #GameOn projektnek k\u00f6sz\u00f6nhet\u0151en sz\u00fcletett meg, amelyb\u0151l sokat tanulhatunk \u00f6nmagunkr\u00f3l \u00e9s arr\u00f3l, hogy mit tehet\u00fcnk az \u00e9ghajlatv\u00e1ltoz\u00e1s elleni k\u00fczdelem\u00e9rt, vagy a k\u00f6rnyezetv\u00e9delem \u00e9rdek\u00e9ben, mik\u00f6zben \u00e9rt\u00e9kes id\u0151t t\u00f6lt\u00fcnk el egy\u00fctt.A t\u00e1rsasj\u00e1t\u00e9k az \u00e9ghajlatv\u00e1ltoz\u00e1ssal, \u00e9s annak Eur\u00f3p\u00e1ra \u00e9s a vil\u00e1g d\u00e9li orsz\u00e1gaira val\u00f3 hat\u00e1saival foglalkozik.12 \u00e9ven fel\u00fcli gyermekeknek \u00e9s feln\u0151tteknek egyar\u00e1nt aj\u00e1nlott, j\u00e1t\u00e9kideje [&hellip;]","protected":false},"author":2,"featured_media":552,"parent":17653,"menu_order":0,"comment_status":"closed","ping_status":"closed","template":"","meta":{"_acf_changed":false,"_eb_attr":"","ocean_post_layout":"","ocean_both_sidebars_style":"","ocean_both_sidebars_content_width":0,"ocean_both_sidebars_sidebars_width":0,"ocean_sidebar":"0","ocean_second_sidebar":"0","ocean_disable_margins":"enable","ocean_add_body_class":"","ocean_shortcode_before_top_bar":"","ocean_shortcode_after_top_bar":"","ocean_shortcode_before_header":"","ocean_shortcode_after_header":"","ocean_has_shortcode":"","ocean_shortcode_after_title":"[oceanwp_library id=\"2219\"]","ocean_shortcode_before_footer_widgets":"","ocean_shortcode_after_footer_widgets":"","ocean_shortcode_before_footer_bottom":"","ocean_shortcode_after_footer_bottom":"","ocean_display_top_bar":"default","ocean_display_header":"default","ocean_header_style":"","ocean_center_header_left_menu":"0","ocean_custom_header_template":"0","ocean_custom_logo":0,"ocean_custom_retina_logo":0,"ocean_custom_logo_max_width":0,"ocean_custom_logo_tablet_max_width":0,"ocean_custom_logo_mobile_max_width":0,"ocean_custom_logo_max_height":0,"ocean_custom_logo_tablet_max_height":0,"ocean_custom_logo_mobile_max_height":0,"ocean_header_custom_menu":"0","ocean_menu_typo_font_family":"0","ocean_menu_typo_font_subset":"","ocean_menu_typo_font_size":0,"ocean_menu_typo_font_size_tablet":0,"ocean_menu_typo_font_size_mobile":0,"ocean_menu_typo_font_size_unit":"px","ocean_menu_typo_font_weight":"","ocean_menu_typo_font_weight_tablet":"","ocean_menu_typo_font_weight_mobile":"","ocean_menu_typo_transform":"","ocean_menu_typo_transform_tablet":"","ocean_menu_typo_transform_mobile":"","ocean_menu_typo_line_height":0,"ocean_menu_typo_line_height_tablet":0,"ocean_menu_typo_line_height_mobile":0,"ocean_menu_typo_line_height_unit":"","ocean_menu_typo_spacing":0,"ocean_menu_typo_spacing_tablet":0,"ocean_menu_typo_spacing_mobile":0,"ocean_menu_typo_spacing_unit":"","ocean_menu_link_color":"","ocean_menu_link_color_hover":"","ocean_menu_link_color_active":"","ocean_menu_link_background":"","ocean_menu_link_hover_background":"","ocean_menu_link_active_background":"","ocean_menu_social_links_bg":"","ocean_menu_social_hover_links_bg":"","ocean_menu_social_links_color":"","ocean_menu_social_hover_links_color":"","ocean_disable_title":"default","ocean_disable_heading":"default","ocean_post_title":"","ocean_post_subheading":"","ocean_post_title_style":"background-image","ocean_post_title_background_color":"","ocean_post_title_background":27534,"ocean_post_title_bg_image_position":"center center","ocean_post_title_bg_image_attachment":"","ocean_post_title_bg_image_repeat":"no-repeat","ocean_post_title_bg_image_size":"cover","ocean_post_title_height":0,"ocean_post_title_bg_overlay":0.1,"ocean_post_title_bg_overlay_color":"#000000","ocean_disable_breadcrumbs":"default","ocean_breadcrumbs_color":"","ocean_breadcrumbs_separator_color":"","ocean_breadcrumbs_links_color":"","ocean_breadcrumbs_links_hover_color":"","ocean_display_footer_widgets":"default","ocean_display_footer_bottom":"default","ocean_custom_footer_template":"0","omw_enable_modal_window":"enable","osh_disable_topbar_sticky":"default","osh_disable_header_sticky":"default","osh_sticky_header_style":"default","osh_sticky_header_effect":"","osh_custom_sticky_logo":0,"osh_custom_retina_sticky_logo":0,"osh_custom_sticky_logo_height":0,"osh_background_color":"","osh_links_color":"","osh_links_hover_color":"","osh_links_active_color":"","osh_links_bg_color":"","osh_links_hover_bg_color":"","osh_links_active_bg_color":"","osh_menu_social_links_color":"","osh_menu_social_hover_links_color":"","footnotes":""},"class_list":["post-38781","page","type-page","status-publish","has-post-thumbnail","hentry","entry","has-media","owp-thumbs-layout-horizontal","owp-btn-normal","owp-tabs-layout-horizontal","has-no-thumbnails","has-product-nav"],"acf":[],"_links":{"self":[{"href":"https:\/\/milvus.ro\/hu\/wp-json\/wp\/v2\/pages\/38781","targetHints":{"allow":["GET"]}}],"collection":[{"href":"https:\/\/milvus.ro\/hu\/wp-json\/wp\/v2\/pages"}],"about":[{"href":"https:\/\/milvus.ro\/hu\/wp-json\/wp\/v2\/types\/page"}],"author":[{"embeddable":true,"href":"https:\/\/milvus.ro\/hu\/wp-json\/wp\/v2\/users\/2"}],"replies":[{"embeddable":true,"href":"https:\/\/milvus.ro\/hu\/wp-json\/wp\/v2\/comments?post=38781"}],"version-history":[{"count":1,"href":"https:\/\/milvus.ro\/hu\/wp-json\/wp\/v2\/pages\/38781\/revisions"}],"predecessor-version":[{"id":38782,"href":"https:\/\/milvus.ro\/hu\/wp-json\/wp\/v2\/pages\/38781\/revisions\/38782"}],"up":[{"embeddable":true,"href":"https:\/\/milvus.ro\/hu\/wp-json\/wp\/v2\/pages\/17653"}],"wp:featuredmedia":[{"embeddable":true,"href":"https:\/\/milvus.ro\/hu\/wp-json\/wp\/v2\/media\/552"}],"wp:attachment":[{"href":"https:\/\/milvus.ro\/hu\/wp-json\/wp\/v2\/media?parent=38781"}],"curies":[{"name":"wp","href":"https:\/\/api.w.org\/{rel}","templated":true}]}}