{"id":38772,"date":"2023-04-24T20:19:25","date_gmt":"2023-04-24T17:19:25","guid":{"rendered":"https:\/\/milvus.ro\/?page_id=38772"},"modified":"2023-10-23T18:29:49","modified_gmt":"2023-10-23T15:29:49","slug":"taborok","status":"publish","type":"page","link":"https:\/\/milvus.ro\/hu\/gameon\/taborok\/","title":{"rendered":"T\u00e1borok"},"content":{"rendered":"\t\t<div data-elementor-type=\"wp-page\" data-elementor-id=\"38772\" class=\"elementor elementor-38772\">\n\t\t\t\t\t\t<section class=\"elementor-section elementor-top-section elementor-element elementor-element-9888af9 elementor-section-boxed elementor-section-height-default elementor-section-height-default\" data-id=\"9888af9\" data-element_type=\"section\">\n\t\t\t\t\t\t<div class=\"elementor-container elementor-column-gap-default\">\n\t\t\t\t\t<div class=\"elementor-column elementor-col-100 elementor-top-column elementor-element elementor-element-c18a6dd\" data-id=\"c18a6dd\" data-element_type=\"column\">\n\t\t\t<div class=\"elementor-widget-wrap elementor-element-populated\">\n\t\t\t\t\t\t<div class=\"elementor-element elementor-element-17ba472 elementor-widget elementor-widget-heading\" data-id=\"17ba472\" data-element_type=\"widget\" data-widget_type=\"heading.default\">\n\t\t\t\t<div class=\"elementor-widget-container\">\n\t\t\t<h2 class=\"elementor-heading-title elementor-size-large\">Chituc<\/h2>\t\t<\/div>\n\t\t\t\t<\/div>\n\t\t\t\t<div class=\"elementor-element elementor-element-c98b5d9 elementor-widget elementor-widget-text-editor\" data-id=\"c98b5d9\" data-element_type=\"widget\" data-widget_type=\"text-editor.default\">\n\t\t\t\t<div class=\"elementor-widget-container\">\n\t\t\t\t\t\t\t<p>A Milvus Csoport m\u00e1r 2014 \u00f3ta tanulm\u00e1nyozza a madarak vonul\u00e1s\u00e1t \u00e9s dinamik\u00e1j\u00e1nak v\u00e1ltoz\u00e1sait a Duna-delta Bioszf\u00e9ra Rezerv\u00e1tumhoz tartoz\u00f3 Chituc-turz\u00e1son, ahol j\u00falius \u00e9s november k\u00f6z\u00f6tt gy\u0171r\u0171zz\u00fck a madarakat, ilyenkor t\u00f6bb adatot is felvesz\u00fcnk r\u00f3luk, amelyek hozz\u00e1j\u00e1rulnak a vonul\u00f3 madarak kutat\u00e1s\u00e1hoz.<\/p><p>2022-ben a #GameOn projekt keret\u00e9ben szervezett Chituc-i t\u00e1borainkba augusztus v\u00e9g\u00e9n a #kl\u00edmav\u00e1ltoz\u00e1s mad\u00e1rvonul\u00e1sra gyakorolt hat\u00e1sai mellett a hat orsz\u00e1gb\u00f3l \u00e9rkezett fiatalok hasznos tud\u00e1ssal gyarapodhattak az elektromos energia \u00e9s infrastrukt\u00fara, fenntarthat\u00f3s\u00e1g \u00e9s felel\u0151s \u00e1llammal kapcsolatos t\u00e9m\u00e1kban is.<\/p>\t\t\t\t\t\t<\/div>\n\t\t\t\t<\/div>\n\t\t\t\t<div class=\"elementor-element elementor-element-3ba3eb5 elementor-arrows-position-inside elementor-pagination-position-outside elementor-widget elementor-widget-image-carousel\" data-id=\"3ba3eb5\" data-element_type=\"widget\" data-settings=\"{&quot;slides_to_show&quot;:&quot;1&quot;,&quot;navigation&quot;:&quot;both&quot;,&quot;autoplay&quot;:&quot;yes&quot;,&quot;pause_on_hover&quot;:&quot;yes&quot;,&quot;pause_on_interaction&quot;:&quot;yes&quot;,&quot;autoplay_speed&quot;:5000,&quot;infinite&quot;:&quot;yes&quot;,&quot;effect&quot;:&quot;slide&quot;,&quot;speed&quot;:500}\" data-widget_type=\"image-carousel.default\">\n\t\t\t\t<div class=\"elementor-widget-container\">\n\t\t\t\t\t<div class=\"elementor-image-carousel-wrapper swiper\" dir=\"ltr\">\n\t\t\t<div class=\"elementor-image-carousel swiper-wrapper\" aria-live=\"off\">\n\t\t\t\t\t\t\t\t<div class=\"swiper-slide\" role=\"group\" aria-roledescription=\"slide\" aria-label=\"1 \/ 5\"><figure class=\"swiper-slide-inner\"><img decoding=\"async\" class=\"swiper-slide-image\" src=\"https:\/\/milvus.ro\/wp-content\/uploads\/2023\/04\/chituc-camp-1.jpg\" alt=\"chituc-camp-1\" \/><\/figure><\/div><div class=\"swiper-slide\" role=\"group\" aria-roledescription=\"slide\" aria-label=\"2 \/ 5\"><figure class=\"swiper-slide-inner\"><img decoding=\"async\" class=\"swiper-slide-image\" src=\"https:\/\/milvus.ro\/wp-content\/uploads\/2023\/04\/chituc-camp-5.jpg\" alt=\"chituc-camp-5\" \/><\/figure><\/div><div class=\"swiper-slide\" role=\"group\" aria-roledescription=\"slide\" aria-label=\"3 \/ 5\"><figure class=\"swiper-slide-inner\"><img decoding=\"async\" class=\"swiper-slide-image\" src=\"https:\/\/milvus.ro\/wp-content\/uploads\/2023\/04\/chituc-camp-2.jpg\" alt=\"chituc-camp-2\" \/><\/figure><\/div><div class=\"swiper-slide\" role=\"group\" aria-roledescription=\"slide\" aria-label=\"4 \/ 5\"><figure class=\"swiper-slide-inner\"><img decoding=\"async\" class=\"swiper-slide-image\" src=\"https:\/\/milvus.ro\/wp-content\/uploads\/2023\/04\/chituc-camp-4.jpg\" alt=\"chituc-camp-4\" \/><\/figure><\/div><div class=\"swiper-slide\" role=\"group\" aria-roledescription=\"slide\" aria-label=\"5 \/ 5\"><figure class=\"swiper-slide-inner\"><img decoding=\"async\" class=\"swiper-slide-image\" src=\"https:\/\/milvus.ro\/wp-content\/uploads\/2023\/04\/chituc-camp-3.jpg\" alt=\"chituc-camp-3\" \/><\/figure><\/div>\t\t\t<\/div>\n\t\t\t\t\t\t\t\t\t\t\t\t<div class=\"elementor-swiper-button elementor-swiper-button-prev\" role=\"button\" tabindex=\"0\">\n\t\t\t\t\t\t<i aria-hidden=\"true\" class=\"eicon-chevron-left\"><\/i>\t\t\t\t\t<\/div>\n\t\t\t\t\t<div class=\"elementor-swiper-button elementor-swiper-button-next\" role=\"button\" tabindex=\"0\">\n\t\t\t\t\t\t<i aria-hidden=\"true\" class=\"eicon-chevron-right\"><\/i>\t\t\t\t\t<\/div>\n\t\t\t\t\n\t\t\t\t\t\t\t\t\t<div class=\"swiper-pagination\"><\/div>\n\t\t\t\t\t\t\t\t\t<\/div>\n\t\t\t\t<\/div>\n\t\t\t\t<\/div>\n\t\t\t\t<div class=\"elementor-element elementor-element-ddcc5b0 elementor-widget elementor-widget-heading\" data-id=\"ddcc5b0\" data-element_type=\"widget\" data-widget_type=\"heading.default\">\n\t\t\t\t<div class=\"elementor-widget-container\">\n\t\t\t<h2 class=\"elementor-heading-title elementor-size-large\">H\u00edrek<\/h2>\t\t<\/div>\n\t\t\t\t<\/div>\n\t\t\t\t<div class=\"elementor-element elementor-element-4bb12c3 elementor-grid-eael-col-4 elementor-grid-tablet-eael-col-2 elementor-grid-mobile-eael-col-1 elementor-widget elementor-widget-eael-post-grid\" data-id=\"4bb12c3\" data-element_type=\"widget\" data-settings=\"{&quot;eael_post_grid_columns&quot;:&quot;eael-col-4&quot;,&quot;eael_post_grid_columns_tablet&quot;:&quot;eael-col-2&quot;,&quot;eael_post_grid_columns_mobile&quot;:&quot;eael-col-1&quot;}\" data-widget_type=\"eael-post-grid.default\">\n\t\t\t\t<div class=\"elementor-widget-container\">\n\t\t\t<div id=\"eael-post-grid-4bb12c3\" class=\"eael-post-grid-container\">\n            <div class=\"eael-post-grid eael-post-appender eael-post-appender-4bb12c3 eael-post-grid-style-two\" data-layout-mode=\"grid\"><article class=\"eael-grid-post eael-post-grid-column\" data-id=\"48620\">\n        <div class=\"eael-grid-post-holder\">\n            <div class=\"eael-grid-post-holder-inner\"><div class=\"eael-entry-media\"><div class=\"eael-entry-overlay fade-in\"><i class=\"\" aria-hidden=\"true\"><\/i><a href=\"https:\/\/milvus.ro\/hu\/elkezdtuk-a-2025-os-madargyuruzesi-evadot-a-chituc-turzason\/\"><\/a><\/div><div class=\"eael-entry-thumbnail \">\n                                <img fetchpriority=\"high\" decoding=\"async\" width=\"768\" height=\"432\" src=\"https:\/\/milvus.ro\/wp-content\/uploads\/2025\/08\/Untitled-design-6-768x432.png\" class=\"attachment-medium_large size-medium_large wp-image-48608\" alt=\"\" srcset=\"https:\/\/milvus.ro\/wp-content\/uploads\/2025\/08\/Untitled-design-6-768x432.png 768w, https:\/\/milvus.ro\/wp-content\/uploads\/2025\/08\/Untitled-design-6-300x169.png 300w, https:\/\/milvus.ro\/wp-content\/uploads\/2025\/08\/Untitled-design-6-1024x576.png 1024w, https:\/\/milvus.ro\/wp-content\/uploads\/2025\/08\/Untitled-design-6-1536x864.png 1536w, https:\/\/milvus.ro\/wp-content\/uploads\/2025\/08\/Untitled-design-6-800x450.png 800w, https:\/\/milvus.ro\/wp-content\/uploads\/2025\/08\/Untitled-design-6-600x338.png 600w, https:\/\/milvus.ro\/wp-content\/uploads\/2025\/08\/Untitled-design-6.png 1920w\" sizes=\"(max-width: 768px) 100vw, 768px\" \/>\n                              <\/div>\n                      <\/div><div class=\"eael-entry-wrapper\"><header class=\"eael-entry-header\"><h2 class=\"eael-entry-title\"><a class=\"eael-grid-post-link\" href=\"https:\/\/milvus.ro\/hu\/elkezdtuk-a-2025-os-madargyuruzesi-evadot-a-chituc-turzason\/\" title=\"Elkezdt\u00fck a 2025-\u00f6s mad\u00e1rgy\u0171r\u0171z\u00e9si \u00e9vadot a Chituc turz\u00e1son\">Elkezdt\u00fck a 2025-\u00f6s mad\u00e1rgy\u0171r\u0171z\u00e9si \u00e9vadot a Chituc turz\u00e1son<\/a><\/h2><\/header><div class=\"eael-entry-content\">\n                                    <div class=\"eael-grid-post-excerpt\"><p>12 \u00e9ve ind\u00edtottuk \u00fajra a jelenlegi form\u00e1j\u00e1ban gy\u0171r\u0171z\u0151t\u00e1borunkat a Chituc...<\/p><a\n                                        href=\"https:\/\/milvus.ro\/hu\/elkezdtuk-a-2025-os-madargyuruzesi-evadot-a-chituc-turzason\/\"\n                                        class=\"eael-post-elements-readmore-btn\">Read More<\/a><\/div>\n                                <\/div><div class=\"eael-entry-header-after style-two\"><div class=\"eael-entry-meta\"><span class=\"eael-meta-posted-on\"><i class=\"far fa-clock\"><\/i><time datetime=\"augusztus 13, 2025\">augusztus 13, 2025<\/time><\/span><\/div><\/div><\/div><\/div>\n        <\/div>\n    <\/article><article class=\"eael-grid-post eael-post-grid-column\" data-id=\"44651\">\n        <div class=\"eael-grid-post-holder\">\n            <div class=\"eael-grid-post-holder-inner\"><div class=\"eael-entry-media\"><div class=\"eael-entry-overlay fade-in\"><i class=\"\" aria-hidden=\"true\"><\/i><a href=\"https:\/\/milvus.ro\/hu\/ujabb-osz-egy-ujabb-madargyuruzesi-evad-a-chituc-turzason\/\"><\/a><\/div><div class=\"eael-entry-thumbnail \">\n                                <img decoding=\"async\" width=\"768\" height=\"512\" src=\"https:\/\/milvus.ro\/wp-content\/uploads\/2024\/11\/IMG_5675-57-768x512.jpg\" class=\"attachment-medium_large size-medium_large wp-image-44647\" alt=\"\" srcset=\"https:\/\/milvus.ro\/wp-content\/uploads\/2024\/11\/IMG_5675-57-768x512.jpg 768w, https:\/\/milvus.ro\/wp-content\/uploads\/2024\/11\/IMG_5675-57-300x200.jpg 300w, https:\/\/milvus.ro\/wp-content\/uploads\/2024\/11\/IMG_5675-57-1024x683.jpg 1024w, https:\/\/milvus.ro\/wp-content\/uploads\/2024\/11\/IMG_5675-57-1536x1024.jpg 1536w, https:\/\/milvus.ro\/wp-content\/uploads\/2024\/11\/IMG_5675-57-2048x1365.jpg 2048w, https:\/\/milvus.ro\/wp-content\/uploads\/2024\/11\/IMG_5675-57-600x400.jpg 600w\" sizes=\"(max-width: 768px) 100vw, 768px\" \/>\n                              <\/div>\n                      <\/div><div class=\"eael-entry-wrapper\"><header class=\"eael-entry-header\"><h2 class=\"eael-entry-title\"><a class=\"eael-grid-post-link\" href=\"https:\/\/milvus.ro\/hu\/ujabb-osz-egy-ujabb-madargyuruzesi-evad-a-chituc-turzason\/\" title=\"\u00dajabb \u0151sz, egy \u00fajabb mad\u00e1rgy\u0171r\u0171z\u00e9si \u00e9vad a Chituc turz\u00e1son\">\u00dajabb \u0151sz, egy \u00fajabb mad\u00e1rgy\u0171r\u0171z\u00e9si \u00e9vad a Chituc turz\u00e1son<\/a><\/h2><\/header><div class=\"eael-entry-content\">\n                                    <div class=\"eael-grid-post-excerpt\"><p>Miut\u00e1n a tavaly \u0151sszel minden kor\u00e1bbi t\u00e1bori rekordot megd\u00f6nt\u00f6tt\u00fcnk, a...<\/p><a\n                                        href=\"https:\/\/milvus.ro\/hu\/ujabb-osz-egy-ujabb-madargyuruzesi-evad-a-chituc-turzason\/\"\n                                        class=\"eael-post-elements-readmore-btn\">Read More<\/a><\/div>\n                                <\/div><div class=\"eael-entry-header-after style-two\"><div class=\"eael-entry-meta\"><span class=\"eael-meta-posted-on\"><i class=\"far fa-clock\"><\/i><time datetime=\"november 27, 2024\">november 27, 2024<\/time><\/span><\/div><\/div><\/div><\/div>\n        <\/div>\n    <\/article><article class=\"eael-grid-post eael-post-grid-column\" data-id=\"43167\">\n        <div class=\"eael-grid-post-holder\">\n            <div class=\"eael-grid-post-holder-inner\"><div class=\"eael-entry-media\"><div class=\"eael-entry-overlay fade-in\"><i class=\"\" aria-hidden=\"true\"><\/i><a href=\"https:\/\/milvus.ro\/hu\/7-500-madarat-jeloltunk-iden-mostanig-chitucon\/\"><\/a><\/div><div class=\"eael-entry-thumbnail \">\n                                <img decoding=\"async\" width=\"768\" height=\"576\" src=\"https:\/\/milvus.ro\/wp-content\/uploads\/2024\/10\/WhatsApp-Image-2024-09-27-at-15.45.44-768x576.jpeg\" class=\"attachment-medium_large size-medium_large wp-image-43165\" alt=\"\" srcset=\"https:\/\/milvus.ro\/wp-content\/uploads\/2024\/10\/WhatsApp-Image-2024-09-27-at-15.45.44-768x576.jpeg 768w, https:\/\/milvus.ro\/wp-content\/uploads\/2024\/10\/WhatsApp-Image-2024-09-27-at-15.45.44-scaled-600x450.jpeg 600w, https:\/\/milvus.ro\/wp-content\/uploads\/2024\/10\/WhatsApp-Image-2024-09-27-at-15.45.44-300x225.jpeg 300w, https:\/\/milvus.ro\/wp-content\/uploads\/2024\/10\/WhatsApp-Image-2024-09-27-at-15.45.44-1024x768.jpeg 1024w, https:\/\/milvus.ro\/wp-content\/uploads\/2024\/10\/WhatsApp-Image-2024-09-27-at-15.45.44-1536x1152.jpeg 1536w, https:\/\/milvus.ro\/wp-content\/uploads\/2024\/10\/WhatsApp-Image-2024-09-27-at-15.45.44-2048x1536.jpeg 2048w\" sizes=\"(max-width: 768px) 100vw, 768px\" \/>\n                              <\/div>\n                      <\/div><div class=\"eael-entry-wrapper\"><header class=\"eael-entry-header\"><h2 class=\"eael-entry-title\"><a class=\"eael-grid-post-link\" href=\"https:\/\/milvus.ro\/hu\/7-500-madarat-jeloltunk-iden-mostanig-chitucon\/\" title=\"7 500 madarat jel\u00f6lt\u00fcnk id\u00e9n mostanig Chitucon\">7 500 madarat jel\u00f6lt\u00fcnk id\u00e9n mostanig Chitucon<\/a><\/h2><\/header><div class=\"eael-entry-content\">\n                                    <div class=\"eael-grid-post-excerpt\"><p>A 11. egym\u00e1st k\u00f6vet\u0151 gy\u0171r\u0171z\u00e9si \u00e9vad fel\u00e9n\u00e9l j\u00e1runk a Chituc...<\/p><a\n                                        href=\"https:\/\/milvus.ro\/hu\/7-500-madarat-jeloltunk-iden-mostanig-chitucon\/\"\n                                        class=\"eael-post-elements-readmore-btn\">Read More<\/a><\/div>\n                                <\/div><div class=\"eael-entry-header-after style-two\"><div class=\"eael-entry-meta\"><span class=\"eael-meta-posted-on\"><i class=\"far fa-clock\"><\/i><time datetime=\"okt\u00f3ber 7, 2024\">okt\u00f3ber 7, 2024<\/time><\/span><\/div><\/div><\/div><\/div>\n        <\/div>\n    <\/article><article class=\"eael-grid-post eael-post-grid-column\" data-id=\"42323\">\n        <div class=\"eael-grid-post-holder\">\n            <div class=\"eael-grid-post-holder-inner\"><div class=\"eael-entry-media\"><div class=\"eael-entry-overlay fade-in\"><i class=\"\" aria-hidden=\"true\"><\/i><a href=\"https:\/\/milvus.ro\/hu\/elindult-a-visszaszamlalas-az-idei-gyuruzotabor-kezdeteig\/\"><\/a><\/div><div class=\"eael-entry-thumbnail \">\n                                <img loading=\"lazy\" decoding=\"async\" width=\"768\" height=\"576\" src=\"https:\/\/milvus.ro\/wp-content\/uploads\/2024\/07\/85ede18a-00e9-4212-8f4c-252d511342b7-768x576.jpg\" class=\"attachment-medium_large size-medium_large wp-image-42320\" alt=\"\" srcset=\"https:\/\/milvus.ro\/wp-content\/uploads\/2024\/07\/85ede18a-00e9-4212-8f4c-252d511342b7-768x576.jpg 768w, https:\/\/milvus.ro\/wp-content\/uploads\/2024\/07\/85ede18a-00e9-4212-8f4c-252d511342b7-600x450.jpg 600w, https:\/\/milvus.ro\/wp-content\/uploads\/2024\/07\/85ede18a-00e9-4212-8f4c-252d511342b7-300x225.jpg 300w, https:\/\/milvus.ro\/wp-content\/uploads\/2024\/07\/85ede18a-00e9-4212-8f4c-252d511342b7-1024x768.jpg 1024w, https:\/\/milvus.ro\/wp-content\/uploads\/2024\/07\/85ede18a-00e9-4212-8f4c-252d511342b7-1536x1152.jpg 1536w, https:\/\/milvus.ro\/wp-content\/uploads\/2024\/07\/85ede18a-00e9-4212-8f4c-252d511342b7.jpg 2016w\" sizes=\"(max-width: 768px) 100vw, 768px\" \/>\n                              <\/div>\n                      <\/div><div class=\"eael-entry-wrapper\"><header class=\"eael-entry-header\"><h2 class=\"eael-entry-title\"><a class=\"eael-grid-post-link\" href=\"https:\/\/milvus.ro\/hu\/elindult-a-visszaszamlalas-az-idei-gyuruzotabor-kezdeteig\/\" title=\"Elindult a visszasz\u00e1ml\u00e1l\u00e1s az idei gy\u0171r\u0171z\u0151t\u00e1bor kezdet\u00e9ig\">Elindult a visszasz\u00e1ml\u00e1l\u00e1s az idei gy\u0171r\u0171z\u0151t\u00e1bor kezdet\u00e9ig<\/a><\/h2><\/header><div class=\"eael-entry-content\">\n                                    <div class=\"eael-grid-post-excerpt\"><p>Izgatottan v\u00e1rjuk a 11. Chituc turz\u00e1si gy\u0171r\u0171z\u0151t\u00e1borunk kezd\u00e9s\u00e9t. A 2023-as...<\/p><a\n                                        href=\"https:\/\/milvus.ro\/hu\/elindult-a-visszaszamlalas-az-idei-gyuruzotabor-kezdeteig\/\"\n                                        class=\"eael-post-elements-readmore-btn\">Read More<\/a><\/div>\n                                <\/div><div class=\"eael-entry-header-after style-two\"><div class=\"eael-entry-meta\"><span class=\"eael-meta-posted-on\"><i class=\"far fa-clock\"><\/i><time datetime=\"j\u00falius 10, 2024\">j\u00falius 10, 2024<\/time><\/span><\/div><\/div><\/div><\/div>\n        <\/div>\n    <\/article><\/div>\n            <div class=\"clearfix\"><\/div>\n        <\/div>            <div class=\"eael-load-more-button-wrap eael-force-hide\">\n                <button class=\"eael-load-more-button\" id=\"eael-load-more-btn-4bb12c3\" data-widget-id=\"4bb12c3\" data-widget=\"4bb12c3\" data-page-id=\"38772\" data-template=\"{&quot;dir&quot;:&quot;lite&quot;,&quot;file_name&quot;:&quot;default.php&quot;,&quot;name&quot;:&quot;Post-Grid&quot;}\" data-class=\"Essential_Addons_Elementor\\Elements\\Post_Grid\" data-layout=\"grid\" data-page=\"1\" data-args=\"orderby=date&amp;order=desc&amp;ignore_sticky_posts=1&amp;post_status=publish&amp;posts_per_page=4&amp;offset=0&amp;post_type=post&amp;tax_query%5B0%5D%5Btaxonomy%5D=post_tag&amp;tax_query%5B0%5D%5Bfield%5D=term_id&amp;tax_query%5B0%5D%5Bterms%5D%5B0%5D=3772&amp;tax_query%5Brelation%5D=AND\" data-max-page=\"5\">\n                    <span class=\"eael-btn-loader button__loader\"><\/span>\n                    <span class=\"eael_load_more_text\">Load More<\/span>\n                <\/button>\n            <\/div>\n            \t\t<\/div>\n\t\t\t\t<\/div>\n\t\t\t\t<div class=\"elementor-element elementor-element-8498131 elementor-widget elementor-widget-heading\" data-id=\"8498131\" data-element_type=\"widget\" data-widget_type=\"heading.default\">\n\t\t\t\t<div class=\"elementor-widget-container\">\n\t\t\t<h2 class=\"elementor-heading-title elementor-size-large\">Land Art Camp<\/h2>\t\t<\/div>\n\t\t\t\t<\/div>\n\t\t\t\t<div class=\"elementor-element elementor-element-e385a5e elementor-widget elementor-widget-text-editor\" data-id=\"e385a5e\" data-element_type=\"widget\" data-widget_type=\"text-editor.default\">\n\t\t\t\t<div class=\"elementor-widget-container\">\n\t\t\t\t\t\t\t<p>A Land Art t\u00e1bor c\u00e9lja, hogy felh\u00edvjuk a figyelmet az \u00e9desv\u00edz fontoss\u00e1g\u00e1ra. A t\u00e1borban k\u00e9sz\u00fclt v\u00edzmegtart\u00f3 g\u00e1t \u00e9s v\u00edzcsepp alak\u00fa install\u00e1ci\u00f3 funkcion\u00e1lis \u00e9s m\u0171v\u00e9szeti alkot\u00e1s is egyben.<\/p>\t\t\t\t\t\t<\/div>\n\t\t\t\t<\/div>\n\t\t\t\t<div class=\"elementor-element elementor-element-a282333 elementor-widget elementor-widget-html\" data-id=\"a282333\" data-element_type=\"widget\" data-widget_type=\"html.default\">\n\t\t\t\t<div class=\"elementor-widget-container\">\n\t\t\t<iframe width=\"100%\" height=\"450\" src=\"https:\/\/www.youtube.com\/embed\/f_-_qHRxF3s\" title=\"YouTube video player\" frameborder=\"0\" allow=\"accelerometer; autoplay; clipboard-write; encrypted-media; gyroscope; picture-in-picture; web-share\" allowfullscreen><\/iframe>\t\t<\/div>\n\t\t\t\t<\/div>\n\t\t\t\t\t<\/div>\n\t\t<\/div>\n\t\t\t\t\t<\/div>\n\t\t<\/section>\n\t\t\t\t<\/div>\n\t\t","protected":false},"excerpt":{"rendered":"Chituc A Milvus Csoport m\u00e1r 2014 \u00f3ta tanulm\u00e1nyozza a madarak vonul\u00e1s\u00e1t \u00e9s dinamik\u00e1j\u00e1nak v\u00e1ltoz\u00e1sait a Duna-delta Bioszf\u00e9ra Rezerv\u00e1tumhoz tartoz\u00f3 Chituc-turz\u00e1son, ahol j\u00falius \u00e9s november k\u00f6z\u00f6tt gy\u0171r\u0171zz\u00fck a madarakat, ilyenkor t\u00f6bb adatot is felvesz\u00fcnk r\u00f3luk, amelyek hozz\u00e1j\u00e1rulnak a vonul\u00f3 madarak kutat\u00e1s\u00e1hoz.2022-ben a #GameOn projekt keret\u00e9ben szervezett Chituc-i t\u00e1borainkba augusztus v\u00e9g\u00e9n a #kl\u00edmav\u00e1ltoz\u00e1s mad\u00e1rvonul\u00e1sra gyakorolt hat\u00e1sai mellett [&hellip;]","protected":false},"author":2,"featured_media":552,"parent":17653,"menu_order":0,"comment_status":"closed","ping_status":"closed","template":"","meta":{"_acf_changed":false,"_eb_attr":"","ocean_post_layout":"","ocean_both_sidebars_style":"","ocean_both_sidebars_content_width":0,"ocean_both_sidebars_sidebars_width":0,"ocean_sidebar":"0","ocean_second_sidebar":"0","ocean_disable_margins":"enable","ocean_add_body_class":"","ocean_shortcode_before_top_bar":"","ocean_shortcode_after_top_bar":"","ocean_shortcode_before_header":"","ocean_shortcode_after_header":"","ocean_has_shortcode":"","ocean_shortcode_after_title":"[oceanwp_library id=\"2219\"]","ocean_shortcode_before_footer_widgets":"","ocean_shortcode_after_footer_widgets":"","ocean_shortcode_before_footer_bottom":"","ocean_shortcode_after_footer_bottom":"","ocean_display_top_bar":"default","ocean_display_header":"default","ocean_header_style":"","ocean_center_header_left_menu":"0","ocean_custom_header_template":"0","ocean_custom_logo":0,"ocean_custom_retina_logo":0,"ocean_custom_logo_max_width":0,"ocean_custom_logo_tablet_max_width":0,"ocean_custom_logo_mobile_max_width":0,"ocean_custom_logo_max_height":0,"ocean_custom_logo_tablet_max_height":0,"ocean_custom_logo_mobile_max_height":0,"ocean_header_custom_menu":"0","ocean_menu_typo_font_family":"0","ocean_menu_typo_font_subset":"","ocean_menu_typo_font_size":0,"ocean_menu_typo_font_size_tablet":0,"ocean_menu_typo_font_size_mobile":0,"ocean_menu_typo_font_size_unit":"px","ocean_menu_typo_font_weight":"","ocean_menu_typo_font_weight_tablet":"","ocean_menu_typo_font_weight_mobile":"","ocean_menu_typo_transform":"","ocean_menu_typo_transform_tablet":"","ocean_menu_typo_transform_mobile":"","ocean_menu_typo_line_height":0,"ocean_menu_typo_line_height_tablet":0,"ocean_menu_typo_line_height_mobile":0,"ocean_menu_typo_line_height_unit":"","ocean_menu_typo_spacing":0,"ocean_menu_typo_spacing_tablet":0,"ocean_menu_typo_spacing_mobile":0,"ocean_menu_typo_spacing_unit":"","ocean_menu_link_color":"","ocean_menu_link_color_hover":"","ocean_menu_link_color_active":"","ocean_menu_link_background":"","ocean_menu_link_hover_background":"","ocean_menu_link_active_background":"","ocean_menu_social_links_bg":"","ocean_menu_social_hover_links_bg":"","ocean_menu_social_links_color":"","ocean_menu_social_hover_links_color":"","ocean_disable_title":"default","ocean_disable_heading":"default","ocean_post_title":"","ocean_post_subheading":"","ocean_post_title_style":"background-image","ocean_post_title_background_color":"","ocean_post_title_background":38777,"ocean_post_title_bg_image_position":"center center","ocean_post_title_bg_image_attachment":"","ocean_post_title_bg_image_repeat":"no-repeat","ocean_post_title_bg_image_size":"","ocean_post_title_height":0,"ocean_post_title_bg_overlay":0.3,"ocean_post_title_bg_overlay_color":"#000000","ocean_disable_breadcrumbs":"default","ocean_breadcrumbs_color":"","ocean_breadcrumbs_separator_color":"","ocean_breadcrumbs_links_color":"","ocean_breadcrumbs_links_hover_color":"","ocean_display_footer_widgets":"default","ocean_display_footer_bottom":"default","ocean_custom_footer_template":"0","omw_enable_modal_window":"enable","osh_disable_topbar_sticky":"default","osh_disable_header_sticky":"default","osh_sticky_header_style":"default","osh_sticky_header_effect":"","osh_custom_sticky_logo":0,"osh_custom_retina_sticky_logo":0,"osh_custom_sticky_logo_height":0,"osh_background_color":"","osh_links_color":"","osh_links_hover_color":"","osh_links_active_color":"","osh_links_bg_color":"","osh_links_hover_bg_color":"","osh_links_active_bg_color":"","osh_menu_social_links_color":"","osh_menu_social_hover_links_color":"","footnotes":""},"class_list":["post-38772","page","type-page","status-publish","has-post-thumbnail","hentry","entry","has-media","owp-thumbs-layout-horizontal","owp-btn-normal","owp-tabs-layout-horizontal","has-no-thumbnails","has-product-nav"],"acf":[],"_links":{"self":[{"href":"https:\/\/milvus.ro\/hu\/wp-json\/wp\/v2\/pages\/38772","targetHints":{"allow":["GET"]}}],"collection":[{"href":"https:\/\/milvus.ro\/hu\/wp-json\/wp\/v2\/pages"}],"about":[{"href":"https:\/\/milvus.ro\/hu\/wp-json\/wp\/v2\/types\/page"}],"author":[{"embeddable":true,"href":"https:\/\/milvus.ro\/hu\/wp-json\/wp\/v2\/users\/2"}],"replies":[{"embeddable":true,"href":"https:\/\/milvus.ro\/hu\/wp-json\/wp\/v2\/comments?post=38772"}],"version-history":[{"count":21,"href":"https:\/\/milvus.ro\/hu\/wp-json\/wp\/v2\/pages\/38772\/revisions"}],"predecessor-version":[{"id":40319,"href":"https:\/\/milvus.ro\/hu\/wp-json\/wp\/v2\/pages\/38772\/revisions\/40319"}],"up":[{"embeddable":true,"href":"https:\/\/milvus.ro\/hu\/wp-json\/wp\/v2\/pages\/17653"}],"wp:featuredmedia":[{"embeddable":true,"href":"https:\/\/milvus.ro\/hu\/wp-json\/wp\/v2\/media\/552"}],"wp:attachment":[{"href":"https:\/\/milvus.ro\/hu\/wp-json\/wp\/v2\/media?parent=38772"}],"curies":[{"name":"wp","href":"https:\/\/api.w.org\/{rel}","templated":true}]}}