{"id":35672,"date":"2022-06-07T15:38:25","date_gmt":"2022-06-07T12:38:25","guid":{"rendered":"https:\/\/milvus.ro\/?page_id=35672"},"modified":"2025-03-24T17:26:19","modified_gmt":"2025-03-24T15:26:19","slug":"feher-golya-feszek-monitoring","status":"publish","type":"page","link":"https:\/\/milvus.ro\/hu\/monitoring\/feher-golya-feszek-monitoring\/","title":{"rendered":"Feh\u00e9r g\u00f3lya f\u00e9szek monitoring"},"content":{"rendered":"\t\t<div data-elementor-type=\"wp-page\" data-elementor-id=\"35672\" class=\"elementor elementor-35672\">\n\t\t\t\t\t\t<section class=\"elementor-section elementor-top-section elementor-element elementor-element-234fc823 elementor-section-boxed elementor-section-height-default elementor-section-height-default\" data-id=\"234fc823\" data-element_type=\"section\">\n\t\t\t\t\t\t<div class=\"elementor-container elementor-column-gap-default\">\n\t\t\t\t\t<div class=\"elementor-column elementor-col-100 elementor-top-column elementor-element elementor-element-288b6652\" data-id=\"288b6652\" data-element_type=\"column\">\n\t\t\t<div class=\"elementor-widget-wrap elementor-element-populated\">\n\t\t\t\t\t\t<div class=\"elementor-element elementor-element-50a4683b elementor-widget elementor-widget-text-editor\" data-id=\"50a4683b\" data-element_type=\"widget\" data-widget_type=\"text-editor.default\">\n\t\t\t\t<div class=\"elementor-widget-container\">\n\t\t\t\t\t\t\t\n<p><strong>C\u00e9lfajok: <\/strong>feh\u00e9r g\u00f3lya<\/p>\n\n<p><strong>Id\u0151szak:<\/strong> m\u00e1rcius-augusztus<\/p>\n\n<p><strong>Felk\u00e9sz\u00fcl\u00e9si szint:<\/strong> alap<\/p>\n\n<p><strong>Felm\u00e9r\u00e9shez sz\u00fcks\u00e9ges szem\u00e9lyek sz\u00e1ma: <\/strong>1<\/p>\n<p><\/p>\n<p><strong>Felszerel\u00e9s:<\/strong> okostelefon, esetleg t\u00e1vcs\u0151<\/p>\n<p><\/p>\n<p><strong>Helysz\u00edn:<\/strong> telep\u00fcl\u00e9sek ahol g\u00f3lyaf\u00e9szkek vannak.<\/p>\n\t\t\t\t\t\t<\/div>\n\t\t\t\t<\/div>\n\t\t\t\t<div class=\"elementor-element elementor-element-3981958 elementor-widget elementor-widget-heading\" data-id=\"3981958\" data-element_type=\"widget\" data-widget_type=\"heading.default\">\n\t\t\t\t<div class=\"elementor-widget-container\">\n\t\t\t<h2 class=\"elementor-heading-title elementor-size-default\">M\u00f3dszer r\u00f6vid le\u00edr\u00e1sa:<\/h2>\t\t<\/div>\n\t\t\t\t<\/div>\n\t\t\t\t<div class=\"elementor-element elementor-element-45d4040 elementor-widget elementor-widget-text-editor\" data-id=\"45d4040\" data-element_type=\"widget\" data-widget_type=\"text-editor.default\">\n\t\t\t\t<div class=\"elementor-widget-container\">\n\t\t\t\t\t\t\t<p>A felm\u00e9r\u0151kt\u0151l azt v\u00e1rjuk, hogy a lak\u00f3hely\u00fck k\u00f6zel\u00e9ben l\u00e9v\u0151 feh\u00e9r g\u00f3lya f\u00e9szkeket figyelj\u00e9k rendszeresen, a g\u00f3ly\u00e1k \u00e9rkez\u00e9s\u00e9t\u0151l a ny\u00e1r v\u00e9gi vonul\u00e1sig \u00e9s feljegyezz\u00e9k a f\u00e9szekben t\u00f6rt\u00e9n\u0151 f\u0151 esem\u00e9nyeket. Ezek k\u00f6z\u00fcl a k\u00e9t legfontosabb az \u00e9rkez\u00e9s d\u00e1tuma \u00e9s a kirep\u00fclt fi\u00f3k\u00e1k sz\u00e1ma, de ezek mellett b\u00e1rmi m\u00e1s ami a f\u00e9szek \u00e9let\u00e9hez kapcsol\u00f3dik: p\u00e1rba\u00e1ll\u00e1s ideje, toj\u00e1sok lerak\u00e1sa, kotl\u00e1s kezdete, fi\u00f3k\u00e1k kikel\u00e9se \u00e9s kirep\u00fcl\u00e9se, feln\u0151tt madarak vagy fi\u00f3k\u00e1k pusztul\u00e1sa, f\u00e9szek megrong\u00e1l\u00f3d\u00e1sa, stb. A gy\u0171jt\u00f6tt inform\u00e1ci\u00f3kat a t\u00f6bbi monitoring programunkhoz hasonl\u00f3an az <a href=\"https:\/\/play.google.com\/store\/apps\/details?id=com.openbiomapsmobile\" target=\"_blank\" rel=\"noreferrer noopener\">OpenBioMaps <\/a>telefonos alkalmaz\u00e1s seg\u00edts\u00e9g\u00e9vel kell r\u00f6gz\u00edteni.<\/p><p>A m\u00f3dszer r\u00e9szletes le\u00edr\u00e1sa <strong><a href=\"https:\/\/milvus.ro\/wp-content\/uploads\/2025\/03\/Protocol-de-monitorizare-barza-alba.pdf\" target=\"_blank\" rel=\"noopener\">itt olvashat\u00f3 (RO)<\/a>.<\/strong><\/p><p>Ahhoz, hogy megfigyelhess\u00fck a f\u00e9szket, tudnunk kell, hol tal\u00e1lhat\u00f3. A t\u00e9rk\u00e9pen l\u00e1that\u00f3k az adatb\u00e1zisban m\u00e1r regisztr\u00e1lt f\u00e9szkek.<\/p>\t\t\t\t\t\t<\/div>\n\t\t\t\t<\/div>\n\t\t\t\t\t<\/div>\n\t\t<\/div>\n\t\t\t\t\t<\/div>\n\t\t<\/section>\n\t\t\t\t<section class=\"elementor-section elementor-top-section elementor-element elementor-element-71de218 elementor-section-boxed elementor-section-height-default elementor-section-height-default\" data-id=\"71de218\" data-element_type=\"section\">\n\t\t\t\t\t\t<div class=\"elementor-container elementor-column-gap-default\">\n\t\t\t\t\t<div class=\"elementor-column elementor-col-100 elementor-top-column elementor-element elementor-element-549cc72\" data-id=\"549cc72\" data-element_type=\"column\">\n\t\t\t<div class=\"elementor-widget-wrap elementor-element-populated\">\n\t\t\t\t\t\t<div class=\"elementor-element elementor-element-242ac3c elementor-align-center elementor-widget elementor-widget-button\" data-id=\"242ac3c\" data-element_type=\"widget\" data-widget_type=\"button.default\">\n\t\t\t\t<div class=\"elementor-widget-container\">\n\t\t\t\t\t\t\t<div class=\"elementor-button-wrapper\">\n\t\t\t\t\t<a class=\"elementor-button elementor-button-link elementor-size-sm elementor-animation-grow\" href=\"https:\/\/openbirdmaps.ro\/?bookmark=179&#64;c&#117;i&#98;d&#101;ba&#114;za&#97;&#108;b&#97;&#038;qtable=milvus_nest_data\" target=\"_blank\">\n\t\t\t\t\t\t<span class=\"elementor-button-content-wrapper\">\n\t\t\t\t\t\t\t\t\t<span class=\"elementor-button-text\">R\u00e9szletek a monitorozott f\u00e9szkekr\u0151l itt tal\u00e1lhat\u00f3ak.<\/span>\n\t\t\t\t\t<\/span>\n\t\t\t\t\t<\/a>\n\t\t\t\t<\/div>\n\t\t\t\t\t\t<\/div>\n\t\t\t\t<\/div>\n\t\t\t\t\t<\/div>\n\t\t<\/div>\n\t\t\t\t\t<\/div>\n\t\t<\/section>\n\t\t\t\t<section class=\"elementor-section elementor-top-section elementor-element elementor-element-9edb466 elementor-section-boxed elementor-section-height-default elementor-section-height-default\" data-id=\"9edb466\" data-element_type=\"section\">\n\t\t\t\t\t\t<div class=\"elementor-container elementor-column-gap-default\">\n\t\t\t\t\t<div class=\"elementor-column elementor-col-100 elementor-top-column elementor-element elementor-element-e356a97\" data-id=\"e356a97\" data-element_type=\"column\">\n\t\t\t<div class=\"elementor-widget-wrap elementor-element-populated\">\n\t\t\t\t\t\t<div class=\"elementor-element elementor-element-b31b9e4 elementor-widget elementor-widget-text-editor\" data-id=\"b31b9e4\" data-element_type=\"widget\" data-widget_type=\"text-editor.default\">\n\t\t\t\t<div class=\"elementor-widget-container\">\n\t\t\t\t\t\t\t<p>Ezeket a f\u00e9szkeket <strong>NEM<\/strong> kell \u00fajra regisztr\u00e1lni az \u201e<em>\u00daj feh\u00e9r g\u00f3lya f\u00e9szek\u201d<\/em> \u0171rlap kit\u00f6lt\u00e9s\u00e9vel. Nyissd meg a t\u00e9rk\u00e9pet, \u00e9s nyomd meg az oldal alj\u00e1n tal\u00e1lhat\u00f3 \u201e<em>i<\/em>\u201d ikont. A gombra kattint\u00e1s ut\u00e1n megtekintheted a m\u00e1r regisztr\u00e1lt f\u00e9szkek adatait \u00e9s nev\u00e9t. Ha a megfigyelni k\u00edv\u00e1nt f\u00e9szek nem szerepel a t\u00e9rk\u00e9pen, el\u0151sz\u00f6r regisztr\u00e1lnia kell azt az \u201e<em>\u00daj feh\u00e9r g\u00f3lya f\u00e9szek<\/em>\u201d \u0171rlap kit\u00f6lt\u00e9s\u00e9vel (l\u00e1sd a feh\u00e9r g\u00f3lyaf\u00e9szkek megfigyel\u00e9si protokollj\u00e1t, D.3 pont).<\/p>\t\t\t\t\t\t<\/div>\n\t\t\t\t<\/div>\n\t\t\t\t\t<\/div>\n\t\t<\/div>\n\t\t\t\t\t<\/div>\n\t\t<\/section>\n\t\t\t\t<section class=\"elementor-section elementor-top-section elementor-element elementor-element-44f181c elementor-section-boxed elementor-section-height-default elementor-section-height-default\" data-id=\"44f181c\" data-element_type=\"section\">\n\t\t\t\t\t\t<div class=\"elementor-container elementor-column-gap-default\">\n\t\t\t\t\t<div class=\"elementor-column elementor-col-100 elementor-top-column elementor-element elementor-element-4827266\" data-id=\"4827266\" data-element_type=\"column\">\n\t\t\t<div class=\"elementor-widget-wrap elementor-element-populated\">\n\t\t\t\t\t\t<section class=\"elementor-section elementor-inner-section elementor-element elementor-element-55846eb elementor-section-boxed elementor-section-height-default elementor-section-height-default\" data-id=\"55846eb\" data-element_type=\"section\">\n\t\t\t\t\t\t<div class=\"elementor-container elementor-column-gap-default\">\n\t\t\t\t\t<div class=\"elementor-column elementor-col-50 elementor-inner-column elementor-element elementor-element-25c17e7\" data-id=\"25c17e7\" data-element_type=\"column\">\n\t\t\t<div class=\"elementor-widget-wrap elementor-element-populated\">\n\t\t\t\t\t\t<div class=\"elementor-element elementor-element-51760a4 elementor-widget elementor-widget-text-editor\" data-id=\"51760a4\" data-element_type=\"widget\" data-widget_type=\"text-editor.default\">\n\t\t\t\t<div class=\"elementor-widget-container\">\n\t\t\t\t\t\t\t<p>\u00datmutat\u00f3 vide\u00f3k egy \u00faj feh\u00e9r g\u00f3lyaf\u00e9szek regisztr\u00e1l\u00e1s\u00e1hoz. Kattints <strong><a href=\"https:\/\/www.youtube.com\/watch?v=BlpeUhtJ3Bo&amp;ab_channel=MilvusGroup\" target=\"_blank\" rel=\"noopener\">ide<\/a><\/strong><\/p>\t\t\t\t\t\t<\/div>\n\t\t\t\t<\/div>\n\t\t\t\t<div class=\"elementor-element elementor-element-24b94aa elementor-widget elementor-widget-image\" data-id=\"24b94aa\" data-element_type=\"widget\" data-widget_type=\"image.default\">\n\t\t\t\t<div class=\"elementor-widget-container\">\n\t\t\t\t\t\t\t\t\t\t\t\t\t\t<a href=\"https:\/\/www.youtube.com\/watch?v=BlpeUhtJ3Bo&#038;ab_channel=MilvusGroup\" target=\"_blank\">\n\t\t\t\t\t\t\t<img fetchpriority=\"high\" decoding=\"async\" width=\"300\" height=\"300\" src=\"https:\/\/milvus.ro\/wp-content\/uploads\/2025\/03\/uj_golya_feszek_ghid_ikon-1-300x300.png\" class=\"elementor-animation-buzz-out attachment-medium size-medium wp-image-46137\" alt=\"\" srcset=\"https:\/\/milvus.ro\/wp-content\/uploads\/2025\/03\/uj_golya_feszek_ghid_ikon-1-300x300.png 300w, https:\/\/milvus.ro\/wp-content\/uploads\/2025\/03\/uj_golya_feszek_ghid_ikon-1-150x150.png 150w, https:\/\/milvus.ro\/wp-content\/uploads\/2025\/03\/uj_golya_feszek_ghid_ikon-1-100x100.png 100w, https:\/\/milvus.ro\/wp-content\/uploads\/2025\/03\/uj_golya_feszek_ghid_ikon-1.png 500w\" sizes=\"(max-width: 300px) 100vw, 300px\" \/>\t\t\t\t\t\t\t\t<\/a>\n\t\t\t\t\t\t\t\t\t\t\t\t\t<\/div>\n\t\t\t\t<\/div>\n\t\t\t\t\t<\/div>\n\t\t<\/div>\n\t\t\t\t<div class=\"elementor-column elementor-col-50 elementor-inner-column elementor-element elementor-element-7fcab61\" data-id=\"7fcab61\" data-element_type=\"column\">\n\t\t\t<div class=\"elementor-widget-wrap elementor-element-populated\">\n\t\t\t\t\t\t<div class=\"elementor-element elementor-element-90500b9 elementor-widget elementor-widget-text-editor\" data-id=\"90500b9\" data-element_type=\"widget\" data-widget_type=\"text-editor.default\">\n\t\t\t\t<div class=\"elementor-widget-container\">\n\t\t\t\t\t\t\t<p>\u00datmutat\u00f3 vide\u00f3k a megfigyel\u00e9si adatok r\u00f6gz\u00edt\u00e9s\u00e9hez. Kattints <strong><a href=\"https:\/\/www.youtube.com\/watch?v=YzqBoI2sz8s&amp;ab_channel=MilvusGroup\" target=\"_blank\" rel=\"noopener\" data-wplink-edit=\"true\">ide<\/a><\/strong><\/p>\t\t\t\t\t\t<\/div>\n\t\t\t\t<\/div>\n\t\t\t\t<div class=\"elementor-element elementor-element-4a97074 elementor-widget elementor-widget-image\" data-id=\"4a97074\" data-element_type=\"widget\" data-widget_type=\"image.default\">\n\t\t\t\t<div class=\"elementor-widget-container\">\n\t\t\t\t\t\t\t\t\t\t\t\t\t\t<a href=\"https:\/\/www.youtube.com\/watch?v=YzqBoI2sz8s&#038;ab_channel=MilvusGroup\" target=\"_blank\">\n\t\t\t\t\t\t\t<img decoding=\"async\" width=\"300\" height=\"300\" src=\"https:\/\/milvus.ro\/wp-content\/uploads\/2025\/03\/golya_monitoring_ghid_ikon-1-300x300.png\" class=\"elementor-animation-buzz-out attachment-medium size-medium wp-image-46140\" alt=\"\" srcset=\"https:\/\/milvus.ro\/wp-content\/uploads\/2025\/03\/golya_monitoring_ghid_ikon-1-300x300.png 300w, https:\/\/milvus.ro\/wp-content\/uploads\/2025\/03\/golya_monitoring_ghid_ikon-1-150x150.png 150w, https:\/\/milvus.ro\/wp-content\/uploads\/2025\/03\/golya_monitoring_ghid_ikon-1-100x100.png 100w, https:\/\/milvus.ro\/wp-content\/uploads\/2025\/03\/golya_monitoring_ghid_ikon-1.png 500w\" sizes=\"(max-width: 300px) 100vw, 300px\" \/>\t\t\t\t\t\t\t\t<\/a>\n\t\t\t\t\t\t\t\t\t\t\t\t\t<\/div>\n\t\t\t\t<\/div>\n\t\t\t\t\t<\/div>\n\t\t<\/div>\n\t\t\t\t\t<\/div>\n\t\t<\/section>\n\t\t\t\t\t<\/div>\n\t\t<\/div>\n\t\t\t\t\t<\/div>\n\t\t<\/section>\n\t\t\t\t<section class=\"elementor-section elementor-top-section elementor-element elementor-element-b67eeb5 elementor-section-boxed elementor-section-height-default elementor-section-height-default\" data-id=\"b67eeb5\" data-element_type=\"section\">\n\t\t\t\t\t\t<div class=\"elementor-container elementor-column-gap-default\">\n\t\t\t\t\t<div class=\"elementor-column elementor-col-100 elementor-top-column elementor-element elementor-element-75a79e0\" data-id=\"75a79e0\" data-element_type=\"column\">\n\t\t\t<div class=\"elementor-widget-wrap elementor-element-populated\">\n\t\t\t\t\t\t<div class=\"elementor-element elementor-element-2b6efde elementor-widget elementor-widget-heading\" data-id=\"2b6efde\" data-element_type=\"widget\" data-widget_type=\"heading.default\">\n\t\t\t\t<div class=\"elementor-widget-container\">\n\t\t\t<h2 class=\"elementor-heading-title elementor-size-default\">Partnerek, t\u00e1mogat\u00f3k:<\/h2>\t\t<\/div>\n\t\t\t\t<\/div>\n\t\t\t\t<div class=\"elementor-element elementor-element-ba68e07 elementor-widget elementor-widget-text-editor\" data-id=\"ba68e07\" data-element_type=\"widget\" data-widget_type=\"text-editor.default\">\n\t\t\t\t<div class=\"elementor-widget-container\">\n\t\t\t\t\t\t\t<p>A g\u00f3lyaf\u00e9szek monitoring kezdeti szakasz\u00e1t, a G\u00f3lyagondnok programunkat a <a href=\"https:\/\/www.polgartars.ro\/\" target=\"_blank\" rel=\"noopener\">Partnership Alap\u00edtv\u00e1ny<\/a> t\u00e1mogatta.<\/p>\t\t\t\t\t\t<\/div>\n\t\t\t\t<\/div>\n\t\t\t\t<div class=\"elementor-element elementor-element-d70d148 elementor-widget elementor-widget-heading\" data-id=\"d70d148\" data-element_type=\"widget\" data-widget_type=\"heading.default\">\n\t\t\t\t<div class=\"elementor-widget-container\">\n\t\t\t<h2 class=\"elementor-heading-title elementor-size-default\">Kapcsolat<\/h2>\t\t<\/div>\n\t\t\t\t<\/div>\n\t\t\t\t<div class=\"elementor-element elementor-element-9bf8d5e elementor-widget elementor-widget-text-editor\" data-id=\"9bf8d5e\" data-element_type=\"widget\" data-widget_type=\"text-editor.default\">\n\t\t\t\t<div class=\"elementor-widget-container\">\n\t\t\t\t\t\t\t<p>Papp Edg\u00e1r, &#101;&#100;gar&#46;&#112;&#97;pp&#64;m&#105;&#108;&#118;&#117;&#115;.&#114;&#111;, 0743994580<\/p>\t\t\t\t\t\t<\/div>\n\t\t\t\t<\/div>\n\t\t\t\t\t<\/div>\n\t\t<\/div>\n\t\t\t\t\t<\/div>\n\t\t<\/section>\n\t\t\t\t<\/div>\n\t\t","protected":false},"excerpt":{"rendered":"C\u00e9lfajok: feh\u00e9r g\u00f3lya Id\u0151szak: m\u00e1rcius-augusztus Felk\u00e9sz\u00fcl\u00e9si szint: alap Felm\u00e9r\u00e9shez sz\u00fcks\u00e9ges szem\u00e9lyek sz\u00e1ma: 1 Felszerel\u00e9s: okostelefon, esetleg t\u00e1vcs\u0151 Helysz\u00edn: telep\u00fcl\u00e9sek ahol g\u00f3lyaf\u00e9szkek vannak. M\u00f3dszer r\u00f6vid le\u00edr\u00e1sa: A felm\u00e9r\u0151kt\u0151l azt v\u00e1rjuk, hogy a lak\u00f3hely\u00fck k\u00f6zel\u00e9ben l\u00e9v\u0151 feh\u00e9r g\u00f3lya f\u00e9szkeket figyelj\u00e9k rendszeresen, a g\u00f3ly\u00e1k \u00e9rkez\u00e9s\u00e9t\u0151l a ny\u00e1r v\u00e9gi vonul\u00e1sig \u00e9s feljegyezz\u00e9k a f\u00e9szekben t\u00f6rt\u00e9n\u0151 f\u0151 esem\u00e9nyeket. Ezek k\u00f6z\u00fcl [&hellip;]","protected":false},"author":2,"featured_media":21811,"parent":17587,"menu_order":0,"comment_status":"closed","ping_status":"closed","template":"","meta":{"_acf_changed":false,"_eb_attr":"","ocean_post_layout":"left-sidebar","ocean_both_sidebars_style":"","ocean_both_sidebars_content_width":0,"ocean_both_sidebars_sidebars_width":0,"ocean_sidebar":"ocs-monitoring-menu","ocean_second_sidebar":"0","ocean_disable_margins":"enable","ocean_add_body_class":"","ocean_shortcode_before_top_bar":"","ocean_shortcode_after_top_bar":"","ocean_shortcode_before_header":"","ocean_shortcode_after_header":"","ocean_has_shortcode":"","ocean_shortcode_after_title":"","ocean_shortcode_before_footer_widgets":"","ocean_shortcode_after_footer_widgets":"","ocean_shortcode_before_footer_bottom":"","ocean_shortcode_after_footer_bottom":"","ocean_display_top_bar":"default","ocean_display_header":"default","ocean_header_style":"","ocean_center_header_left_menu":"0","ocean_custom_header_template":"0","ocean_custom_logo":0,"ocean_custom_retina_logo":0,"ocean_custom_logo_max_width":0,"ocean_custom_logo_tablet_max_width":0,"ocean_custom_logo_mobile_max_width":0,"ocean_custom_logo_max_height":0,"ocean_custom_logo_tablet_max_height":0,"ocean_custom_logo_mobile_max_height":0,"ocean_header_custom_menu":"0","ocean_menu_typo_font_family":"0","ocean_menu_typo_font_subset":"","ocean_menu_typo_font_size":0,"ocean_menu_typo_font_size_tablet":0,"ocean_menu_typo_font_size_mobile":0,"ocean_menu_typo_font_size_unit":"px","ocean_menu_typo_font_weight":"","ocean_menu_typo_font_weight_tablet":"","ocean_menu_typo_font_weight_mobile":"","ocean_menu_typo_transform":"","ocean_menu_typo_transform_tablet":"","ocean_menu_typo_transform_mobile":"","ocean_menu_typo_line_height":0,"ocean_menu_typo_line_height_tablet":0,"ocean_menu_typo_line_height_mobile":0,"ocean_menu_typo_line_height_unit":"","ocean_menu_typo_spacing":0,"ocean_menu_typo_spacing_tablet":0,"ocean_menu_typo_spacing_mobile":0,"ocean_menu_typo_spacing_unit":"","ocean_menu_link_color":"","ocean_menu_link_color_hover":"","ocean_menu_link_color_active":"","ocean_menu_link_background":"","ocean_menu_link_hover_background":"","ocean_menu_link_active_background":"","ocean_menu_social_links_bg":"","ocean_menu_social_hover_links_bg":"","ocean_menu_social_links_color":"","ocean_menu_social_hover_links_color":"","ocean_disable_title":"default","ocean_disable_heading":"default","ocean_post_title":"","ocean_post_subheading":"","ocean_post_title_style":"background-image","ocean_post_title_background_color":"","ocean_post_title_background":35684,"ocean_post_title_bg_image_position":"center center","ocean_post_title_bg_image_attachment":"fixed","ocean_post_title_bg_image_repeat":"no-repeat","ocean_post_title_bg_image_size":"cover","ocean_post_title_height":580,"ocean_post_title_bg_overlay":0.4,"ocean_post_title_bg_overlay_color":"#000000","ocean_disable_breadcrumbs":"default","ocean_breadcrumbs_color":"","ocean_breadcrumbs_separator_color":"","ocean_breadcrumbs_links_color":"","ocean_breadcrumbs_links_hover_color":"","ocean_display_footer_widgets":"default","ocean_display_footer_bottom":"default","ocean_custom_footer_template":"0","omw_enable_modal_window":"enable","osh_disable_topbar_sticky":"default","osh_disable_header_sticky":"default","osh_sticky_header_style":"default","osh_sticky_header_effect":"","osh_custom_sticky_logo":0,"osh_custom_retina_sticky_logo":0,"osh_custom_sticky_logo_height":0,"osh_background_color":"","osh_links_color":"","osh_links_hover_color":"","osh_links_active_color":"","osh_links_bg_color":"","osh_links_hover_bg_color":"","osh_links_active_bg_color":"","osh_menu_social_links_color":"","osh_menu_social_hover_links_color":"","footnotes":""},"class_list":["post-35672","page","type-page","status-publish","has-post-thumbnail","hentry","entry","has-media","owp-thumbs-layout-horizontal","owp-btn-normal","owp-tabs-layout-horizontal","has-no-thumbnails","has-product-nav"],"acf":[],"_links":{"self":[{"href":"https:\/\/milvus.ro\/hu\/wp-json\/wp\/v2\/pages\/35672","targetHints":{"allow":["GET"]}}],"collection":[{"href":"https:\/\/milvus.ro\/hu\/wp-json\/wp\/v2\/pages"}],"about":[{"href":"https:\/\/milvus.ro\/hu\/wp-json\/wp\/v2\/types\/page"}],"author":[{"embeddable":true,"href":"https:\/\/milvus.ro\/hu\/wp-json\/wp\/v2\/users\/2"}],"replies":[{"embeddable":true,"href":"https:\/\/milvus.ro\/hu\/wp-json\/wp\/v2\/comments?post=35672"}],"version-history":[{"count":35,"href":"https:\/\/milvus.ro\/hu\/wp-json\/wp\/v2\/pages\/35672\/revisions"}],"predecessor-version":[{"id":46160,"href":"https:\/\/milvus.ro\/hu\/wp-json\/wp\/v2\/pages\/35672\/revisions\/46160"}],"up":[{"embeddable":true,"href":"https:\/\/milvus.ro\/hu\/wp-json\/wp\/v2\/pages\/17587"}],"wp:featuredmedia":[{"embeddable":true,"href":"https:\/\/milvus.ro\/hu\/wp-json\/wp\/v2\/media\/21811"}],"wp:attachment":[{"href":"https:\/\/milvus.ro\/hu\/wp-json\/wp\/v2\/media?parent=35672"}],"curies":[{"name":"wp","href":"https:\/\/api.w.org\/{rel}","templated":true}]}}