{"id":35651,"date":"2022-06-03T16:03:46","date_gmt":"2022-06-03T13:03:46","guid":{"rendered":"https:\/\/milvus.ro\/?page_id=35651"},"modified":"2022-06-03T18:56:05","modified_gmt":"2022-06-03T15:56:05","slug":"open-nature-maps","status":"publish","type":"page","link":"https:\/\/milvus.ro\/hu\/open-nature-maps\/","title":{"rendered":"Open Nature Maps"},"content":{"rendered":"\t\t<div data-elementor-type=\"wp-page\" data-elementor-id=\"35651\" class=\"elementor elementor-35651 elementor-35624\">\n\t\t\t\t\t\t<section class=\"elementor-section elementor-top-section elementor-element elementor-element-6b7894f6 elementor-section-boxed elementor-section-height-default elementor-section-height-default\" data-id=\"6b7894f6\" data-element_type=\"section\">\n\t\t\t\t\t\t<div class=\"elementor-container elementor-column-gap-default\">\n\t\t\t\t\t<div class=\"elementor-column elementor-col-100 elementor-top-column elementor-element elementor-element-5cf5686c\" data-id=\"5cf5686c\" data-element_type=\"column\">\n\t\t\t<div class=\"elementor-widget-wrap elementor-element-populated\">\n\t\t\t\t\t\t<section class=\"elementor-section elementor-inner-section elementor-element elementor-element-0830a8a elementor-reverse-mobile elementor-section-boxed elementor-section-height-default elementor-section-height-default\" data-id=\"0830a8a\" data-element_type=\"section\">\n\t\t\t\t\t\t<div class=\"elementor-container elementor-column-gap-default\">\n\t\t\t\t\t<div class=\"elementor-column elementor-col-50 elementor-inner-column elementor-element elementor-element-6e056a5\" data-id=\"6e056a5\" data-element_type=\"column\">\n\t\t\t<div class=\"elementor-widget-wrap elementor-element-populated\">\n\t\t\t\t\t\t<div class=\"elementor-element elementor-element-422ee7f elementor-widget elementor-widget-image\" data-id=\"422ee7f\" data-element_type=\"widget\" data-widget_type=\"image.default\">\n\t\t\t\t<div class=\"elementor-widget-container\">\n\t\t\t\t\t\t\t\t\t\t\t\t\t<img fetchpriority=\"high\" decoding=\"async\" width=\"391\" height=\"695\" src=\"https:\/\/milvus.ro\/wp-content\/uploads\/2021\/01\/screenshot1_6.png\" class=\"attachment-large size-large wp-image-19422\" alt=\"\" srcset=\"https:\/\/milvus.ro\/wp-content\/uploads\/2021\/01\/screenshot1_6.png 391w, https:\/\/milvus.ro\/wp-content\/uploads\/2021\/01\/screenshot1_6-169x300.png 169w\" sizes=\"(max-width: 391px) 100vw, 391px\" \/>\t\t\t\t\t\t\t\t\t\t\t\t\t<\/div>\n\t\t\t\t<\/div>\n\t\t\t\t\t<\/div>\n\t\t<\/div>\n\t\t\t\t<div class=\"elementor-column elementor-col-50 elementor-inner-column elementor-element elementor-element-89e765d\" data-id=\"89e765d\" data-element_type=\"column\">\n\t\t\t<div class=\"elementor-widget-wrap elementor-element-populated\">\n\t\t\t\t\t\t<div class=\"elementor-element elementor-element-34b42b5 elementor-widget elementor-widget-image\" data-id=\"34b42b5\" data-element_type=\"widget\" data-widget_type=\"image.default\">\n\t\t\t\t<div class=\"elementor-widget-container\">\n\t\t\t\t\t\t\t\t\t\t\t\t\t<img decoding=\"async\" width=\"300\" height=\"80\" src=\"https:\/\/milvus.ro\/wp-content\/uploads\/2022\/06\/ONM-new-logo-e1654271580960-300x80.png\" class=\"attachment-medium size-medium wp-image-35647\" alt=\"\" srcset=\"https:\/\/milvus.ro\/wp-content\/uploads\/2022\/06\/ONM-new-logo-e1654271580960-300x80.png 300w, https:\/\/milvus.ro\/wp-content\/uploads\/2022\/06\/ONM-new-logo-e1654271580960-600x159.png 600w, https:\/\/milvus.ro\/wp-content\/uploads\/2022\/06\/ONM-new-logo-e1654271580960-1024x272.png 1024w, https:\/\/milvus.ro\/wp-content\/uploads\/2022\/06\/ONM-new-logo-e1654271580960-768x204.png 768w, https:\/\/milvus.ro\/wp-content\/uploads\/2022\/06\/ONM-new-logo-e1654271580960-1536x408.png 1536w, https:\/\/milvus.ro\/wp-content\/uploads\/2022\/06\/ONM-new-logo-e1654271580960.png 1995w\" sizes=\"(max-width: 300px) 100vw, 300px\" \/>\t\t\t\t\t\t\t\t\t\t\t\t\t<\/div>\n\t\t\t\t<\/div>\n\t\t\t\t<div class=\"elementor-element elementor-element-d4a008d elementor-widget elementor-widget-text-editor\" data-id=\"d4a008d\" data-element_type=\"widget\" data-widget_type=\"text-editor.default\">\n\t\t\t\t<div class=\"elementor-widget-container\">\n\t\t\t\t\t\t\t<p>Az <strong>OpenNatureMaps<\/strong> n\u00e9v egy olyan ny\u00edlt hozz\u00e1f\u00e9r\u00e9s\u0171 adatb\u00e1zis csal\u00e1dot takar, amelyekbe term\u00e9szetj\u00e1r\u00f3k t\u00f6lthetik fel megfigyel\u00e9seiket az OpenBioMaps telefonos alkalmaz\u00e1ssal vagy a honlapon el\u00e9rhet\u0151 \u0171rlapokon kereszt\u00fcl.<\/p><p>Ezek az adatb\u00e1zisok a klasszikus jegyzetf\u00fczet korszer\u0171 v\u00e1ltozatai, ahov\u00e1 jegyzetelhet\u00fcnk, archiv\u00e1lhatjuk, visszakereshetj\u00fck, megjelen\u00edthetj\u00fck a saj\u00e1t \u00e9s m\u00e1sok \u00e1ltal gy\u0171jt\u00f6tt megfigyel\u00e9seket. F\u00f6ldrajzi koordin\u00e1t\u00e1k, viselked\u00e9si form\u00e1k, \u00e9letkor, stb. k\u00f6nnyen feljegyezhet\u0151 m\u00e1r a megfigyel\u00e9st k\u00f6vet\u0151 pillanatokban, az OpenBioMaps alkalmaz\u00e1s \u0171rlapjai r\u00e9v\u00e9n.<\/p>\t\t\t\t\t\t<\/div>\n\t\t\t\t<\/div>\n\t\t\t\t\t<\/div>\n\t\t<\/div>\n\t\t\t\t\t<\/div>\n\t\t<\/section>\n\t\t\t\t<div class=\"elementor-element elementor-element-b3ff0a3 elementor-widget elementor-widget-spacer\" data-id=\"b3ff0a3\" data-element_type=\"widget\" data-widget_type=\"spacer.default\">\n\t\t\t\t<div class=\"elementor-widget-container\">\n\t\t\t\t\t<div class=\"elementor-spacer\">\n\t\t\t<div class=\"elementor-spacer-inner\"><\/div>\n\t\t<\/div>\n\t\t\t\t<\/div>\n\t\t\t\t<\/div>\n\t\t\t\t<div class=\"elementor-element elementor-element-1778ce7 elementor-widget elementor-widget-text-editor\" data-id=\"1778ce7\" data-element_type=\"widget\" data-widget_type=\"text-editor.default\">\n\t\t\t\t<div class=\"elementor-widget-container\">\n\t\t\t\t\t\t\t<p><strong>Jelen pillanatban h\u00e1rom adatb\u00e1zisunk akt\u00edv:<\/strong><\/p>\t\t\t\t\t\t<\/div>\n\t\t\t\t<\/div>\n\t\t\t\t<section class=\"elementor-section elementor-inner-section elementor-element elementor-element-c62323c elementor-section-boxed elementor-section-height-default elementor-section-height-default\" data-id=\"c62323c\" data-element_type=\"section\">\n\t\t\t\t\t\t<div class=\"elementor-container elementor-column-gap-default\">\n\t\t\t\t\t<div class=\"elementor-column elementor-col-33 elementor-inner-column elementor-element elementor-element-b7905cf\" data-id=\"b7905cf\" data-element_type=\"column\">\n\t\t\t<div class=\"elementor-widget-wrap elementor-element-populated\">\n\t\t\t\t\t\t<div class=\"elementor-element elementor-element-34467c4 elementor-widget elementor-widget-image\" data-id=\"34467c4\" data-element_type=\"widget\" data-widget_type=\"image.default\">\n\t\t\t\t<div class=\"elementor-widget-container\">\n\t\t\t\t\t\t\t\t\t\t\t\t\t\t<a href=\"https:\/\/openherpmaps.ro\/\" target=\"_blank\">\n\t\t\t\t\t\t\t<img decoding=\"async\" width=\"1024\" height=\"769\" src=\"https:\/\/milvus.ro\/wp-content\/uploads\/2022\/06\/OHM-new-logo-1024x769.png\" class=\"attachment-large size-large wp-image-35638\" alt=\"\" srcset=\"https:\/\/milvus.ro\/wp-content\/uploads\/2022\/06\/OHM-new-logo-1024x769.png 1024w, https:\/\/milvus.ro\/wp-content\/uploads\/2022\/06\/OHM-new-logo-600x450.png 600w, https:\/\/milvus.ro\/wp-content\/uploads\/2022\/06\/OHM-new-logo-300x225.png 300w, https:\/\/milvus.ro\/wp-content\/uploads\/2022\/06\/OHM-new-logo-768x576.png 768w, https:\/\/milvus.ro\/wp-content\/uploads\/2022\/06\/OHM-new-logo-1536x1153.png 1536w, https:\/\/milvus.ro\/wp-content\/uploads\/2022\/06\/OHM-new-logo.png 2000w\" sizes=\"(max-width: 1024px) 100vw, 1024px\" \/>\t\t\t\t\t\t\t\t<\/a>\n\t\t\t\t\t\t\t\t\t\t\t\t\t<\/div>\n\t\t\t\t<\/div>\n\t\t\t\t<div class=\"elementor-element elementor-element-172dd4d elementor-widget elementor-widget-text-editor\" data-id=\"172dd4d\" data-element_type=\"widget\" data-widget_type=\"text-editor.default\">\n\t\t\t\t<div class=\"elementor-widget-container\">\n\t\t\t\t\t\t\t<p>K\u00e9t\u00e9lt\u0171ek \u00e9s h\u00fcll\u0151k<\/p>\t\t\t\t\t\t<\/div>\n\t\t\t\t<\/div>\n\t\t\t\t\t<\/div>\n\t\t<\/div>\n\t\t\t\t<div class=\"elementor-column elementor-col-33 elementor-inner-column elementor-element elementor-element-6051ff3\" data-id=\"6051ff3\" data-element_type=\"column\">\n\t\t\t<div class=\"elementor-widget-wrap elementor-element-populated\">\n\t\t\t\t\t\t<div class=\"elementor-element elementor-element-f726bda elementor-widget elementor-widget-image\" data-id=\"f726bda\" data-element_type=\"widget\" data-widget_type=\"image.default\">\n\t\t\t\t<div class=\"elementor-widget-container\">\n\t\t\t\t\t\t\t\t\t\t\t\t\t\t<a href=\"https:\/\/openbirdmaps.ro\/\" target=\"_blank\">\n\t\t\t\t\t\t\t<img loading=\"lazy\" decoding=\"async\" width=\"1024\" height=\"769\" src=\"https:\/\/milvus.ro\/wp-content\/uploads\/2022\/06\/OBM-new-logo-1024x769.png\" class=\"attachment-large size-large wp-image-35641\" alt=\"\" srcset=\"https:\/\/milvus.ro\/wp-content\/uploads\/2022\/06\/OBM-new-logo-1024x769.png 1024w, https:\/\/milvus.ro\/wp-content\/uploads\/2022\/06\/OBM-new-logo-600x450.png 600w, https:\/\/milvus.ro\/wp-content\/uploads\/2022\/06\/OBM-new-logo-300x225.png 300w, https:\/\/milvus.ro\/wp-content\/uploads\/2022\/06\/OBM-new-logo-768x576.png 768w, https:\/\/milvus.ro\/wp-content\/uploads\/2022\/06\/OBM-new-logo-1536x1153.png 1536w, https:\/\/milvus.ro\/wp-content\/uploads\/2022\/06\/OBM-new-logo.png 2000w\" sizes=\"(max-width: 1024px) 100vw, 1024px\" \/>\t\t\t\t\t\t\t\t<\/a>\n\t\t\t\t\t\t\t\t\t\t\t\t\t<\/div>\n\t\t\t\t<\/div>\n\t\t\t\t<div class=\"elementor-element elementor-element-43bfac1 elementor-widget elementor-widget-text-editor\" data-id=\"43bfac1\" data-element_type=\"widget\" data-widget_type=\"text-editor.default\">\n\t\t\t\t<div class=\"elementor-widget-container\">\n\t\t\t\t\t\t\t<p>Madarak<\/p>\t\t\t\t\t\t<\/div>\n\t\t\t\t<\/div>\n\t\t\t\t\t<\/div>\n\t\t<\/div>\n\t\t\t\t<div class=\"elementor-column elementor-col-33 elementor-inner-column elementor-element elementor-element-4f24d07\" data-id=\"4f24d07\" data-element_type=\"column\">\n\t\t\t<div class=\"elementor-widget-wrap elementor-element-populated\">\n\t\t\t\t\t\t<div class=\"elementor-element elementor-element-77598fa elementor-widget elementor-widget-image\" data-id=\"77598fa\" data-element_type=\"widget\" data-widget_type=\"image.default\">\n\t\t\t\t<div class=\"elementor-widget-container\">\n\t\t\t\t\t\t\t\t\t\t\t\t\t\t<a href=\"https:\/\/openmammalmaps.ro\/\" target=\"_blank\">\n\t\t\t\t\t\t\t<img loading=\"lazy\" decoding=\"async\" width=\"1024\" height=\"768\" src=\"https:\/\/milvus.ro\/wp-content\/uploads\/2022\/06\/OMM-new-logo-1024x768.png\" class=\"attachment-large size-large wp-image-35644\" alt=\"\" srcset=\"https:\/\/milvus.ro\/wp-content\/uploads\/2022\/06\/OMM-new-logo-1024x768.png 1024w, https:\/\/milvus.ro\/wp-content\/uploads\/2022\/06\/OMM-new-logo-600x450.png 600w, https:\/\/milvus.ro\/wp-content\/uploads\/2022\/06\/OMM-new-logo-300x225.png 300w, https:\/\/milvus.ro\/wp-content\/uploads\/2022\/06\/OMM-new-logo-768x576.png 768w, https:\/\/milvus.ro\/wp-content\/uploads\/2022\/06\/OMM-new-logo-1536x1152.png 1536w, https:\/\/milvus.ro\/wp-content\/uploads\/2022\/06\/OMM-new-logo.png 2000w\" sizes=\"(max-width: 1024px) 100vw, 1024px\" \/>\t\t\t\t\t\t\t\t<\/a>\n\t\t\t\t\t\t\t\t\t\t\t\t\t<\/div>\n\t\t\t\t<\/div>\n\t\t\t\t<div class=\"elementor-element elementor-element-6175ffc elementor-widget elementor-widget-text-editor\" data-id=\"6175ffc\" data-element_type=\"widget\" data-widget_type=\"text-editor.default\">\n\t\t\t\t<div class=\"elementor-widget-container\">\n\t\t\t\t\t\t\t<p>Eml\u0151s\u00f6k<\/p>\t\t\t\t\t\t<\/div>\n\t\t\t\t<\/div>\n\t\t\t\t\t<\/div>\n\t\t<\/div>\n\t\t\t\t\t<\/div>\n\t\t<\/section>\n\t\t\t\t<div class=\"elementor-element elementor-element-2d43dfe elementor-widget elementor-widget-text-editor\" data-id=\"2d43dfe\" data-element_type=\"widget\" data-widget_type=\"text-editor.default\">\n\t\t\t\t<div class=\"elementor-widget-container\">\n\t\t\t\t\t\t\t<p><strong>Minden megfigyel\u00e9s sz\u00e1m\u00edt!<\/strong><\/p>\t\t\t\t\t\t<\/div>\n\t\t\t\t<\/div>\n\t\t\t\t\t<\/div>\n\t\t<\/div>\n\t\t\t\t\t<\/div>\n\t\t<\/section>\n\t\t\t\t<\/div>\n\t\t","protected":false},"excerpt":{"rendered":"Az OpenNatureMaps n\u00e9v egy olyan ny\u00edlt hozz\u00e1f\u00e9r\u00e9s\u0171 adatb\u00e1zis csal\u00e1dot takar, amelyekbe term\u00e9szetj\u00e1r\u00f3k t\u00f6lthetik fel megfigyel\u00e9seiket az OpenBioMaps telefonos alkalmaz\u00e1ssal vagy a honlapon el\u00e9rhet\u0151 \u0171rlapokon kereszt\u00fcl.Ezek az adatb\u00e1zisok a klasszikus jegyzetf\u00fczet korszer\u0171 v\u00e1ltozatai, ahov\u00e1 jegyzetelhet\u00fcnk, archiv\u00e1lhatjuk, visszakereshetj\u00fck, megjelen\u00edthetj\u00fck a saj\u00e1t \u00e9s m\u00e1sok \u00e1ltal gy\u0171jt\u00f6tt megfigyel\u00e9seket. F\u00f6ldrajzi koordin\u00e1t\u00e1k, viselked\u00e9si form\u00e1k, \u00e9letkor, stb. k\u00f6nnyen feljegyezhet\u0151 m\u00e1r a megfigyel\u00e9st [&hellip;]","protected":false},"author":2,"featured_media":35652,"parent":0,"menu_order":0,"comment_status":"closed","ping_status":"closed","template":"","meta":{"_acf_changed":false,"_eb_attr":"","ocean_post_layout":"right-sidebar","ocean_both_sidebars_style":"","ocean_both_sidebars_content_width":0,"ocean_both_sidebars_sidebars_width":0,"ocean_sidebar":"ocs-onm","ocean_second_sidebar":"0","ocean_disable_margins":"enable","ocean_add_body_class":"","ocean_shortcode_before_top_bar":"","ocean_shortcode_after_top_bar":"","ocean_shortcode_before_header":"","ocean_shortcode_after_header":"","ocean_has_shortcode":"","ocean_shortcode_after_title":"","ocean_shortcode_before_footer_widgets":"","ocean_shortcode_after_footer_widgets":"","ocean_shortcode_before_footer_bottom":"","ocean_shortcode_after_footer_bottom":"","ocean_display_top_bar":"default","ocean_display_header":"default","ocean_header_style":"","ocean_center_header_left_menu":"0","ocean_custom_header_template":"0","ocean_custom_logo":0,"ocean_custom_retina_logo":0,"ocean_custom_logo_max_width":0,"ocean_custom_logo_tablet_max_width":0,"ocean_custom_logo_mobile_max_width":0,"ocean_custom_logo_max_height":0,"ocean_custom_logo_tablet_max_height":0,"ocean_custom_logo_mobile_max_height":0,"ocean_header_custom_menu":"0","ocean_menu_typo_font_family":"0","ocean_menu_typo_font_subset":"","ocean_menu_typo_font_size":0,"ocean_menu_typo_font_size_tablet":0,"ocean_menu_typo_font_size_mobile":0,"ocean_menu_typo_font_size_unit":"px","ocean_menu_typo_font_weight":"","ocean_menu_typo_font_weight_tablet":"","ocean_menu_typo_font_weight_mobile":"","ocean_menu_typo_transform":"","ocean_menu_typo_transform_tablet":"","ocean_menu_typo_transform_mobile":"","ocean_menu_typo_line_height":0,"ocean_menu_typo_line_height_tablet":0,"ocean_menu_typo_line_height_mobile":0,"ocean_menu_typo_line_height_unit":"","ocean_menu_typo_spacing":0,"ocean_menu_typo_spacing_tablet":0,"ocean_menu_typo_spacing_mobile":0,"ocean_menu_typo_spacing_unit":"","ocean_menu_link_color":"","ocean_menu_link_color_hover":"","ocean_menu_link_color_active":"","ocean_menu_link_background":"","ocean_menu_link_hover_background":"","ocean_menu_link_active_background":"","ocean_menu_social_links_bg":"","ocean_menu_social_hover_links_bg":"","ocean_menu_social_links_color":"","ocean_menu_social_hover_links_color":"","ocean_disable_title":"default","ocean_disable_heading":"default","ocean_post_title":"","ocean_post_subheading":"","ocean_post_title_style":"background-image","ocean_post_title_background_color":"","ocean_post_title_background":27435,"ocean_post_title_bg_image_position":"bottom center","ocean_post_title_bg_image_attachment":"","ocean_post_title_bg_image_repeat":"no-repeat","ocean_post_title_bg_image_size":"cover","ocean_post_title_height":450,"ocean_post_title_bg_overlay":0.4,"ocean_post_title_bg_overlay_color":"#000000","ocean_disable_breadcrumbs":"default","ocean_breadcrumbs_color":"","ocean_breadcrumbs_separator_color":"","ocean_breadcrumbs_links_color":"","ocean_breadcrumbs_links_hover_color":"","ocean_display_footer_widgets":"default","ocean_display_footer_bottom":"default","ocean_custom_footer_template":"0","omw_enable_modal_window":"enable","osh_disable_topbar_sticky":"default","osh_disable_header_sticky":"default","osh_sticky_header_style":"default","osh_sticky_header_effect":"","osh_custom_sticky_logo":0,"osh_custom_retina_sticky_logo":0,"osh_custom_sticky_logo_height":0,"osh_background_color":"","osh_links_color":"","osh_links_hover_color":"","osh_links_active_color":"","osh_links_bg_color":"","osh_links_hover_bg_color":"","osh_links_active_bg_color":"","osh_menu_social_links_color":"","osh_menu_social_hover_links_color":"","footnotes":""},"class_list":["post-35651","page","type-page","status-publish","has-post-thumbnail","hentry","entry","has-media","owp-thumbs-layout-horizontal","owp-btn-normal","owp-tabs-layout-horizontal","has-no-thumbnails","has-product-nav"],"acf":[],"_links":{"self":[{"href":"https:\/\/milvus.ro\/hu\/wp-json\/wp\/v2\/pages\/35651","targetHints":{"allow":["GET"]}}],"collection":[{"href":"https:\/\/milvus.ro\/hu\/wp-json\/wp\/v2\/pages"}],"about":[{"href":"https:\/\/milvus.ro\/hu\/wp-json\/wp\/v2\/types\/page"}],"author":[{"embeddable":true,"href":"https:\/\/milvus.ro\/hu\/wp-json\/wp\/v2\/users\/2"}],"replies":[{"embeddable":true,"href":"https:\/\/milvus.ro\/hu\/wp-json\/wp\/v2\/comments?post=35651"}],"version-history":[{"count":7,"href":"https:\/\/milvus.ro\/hu\/wp-json\/wp\/v2\/pages\/35651\/revisions"}],"predecessor-version":[{"id":35661,"href":"https:\/\/milvus.ro\/hu\/wp-json\/wp\/v2\/pages\/35651\/revisions\/35661"}],"wp:featuredmedia":[{"embeddable":true,"href":"https:\/\/milvus.ro\/hu\/wp-json\/wp\/v2\/media\/35652"}],"wp:attachment":[{"href":"https:\/\/milvus.ro\/hu\/wp-json\/wp\/v2\/media?parent=35651"}],"curies":[{"name":"wp","href":"https:\/\/api.w.org\/{rel}","templated":true}]}}