{"id":34977,"date":"2020-09-17T13:46:45","date_gmt":"2020-09-17T10:46:45","guid":{"rendered":"https:\/\/milvus.ro\/?page_id=34977"},"modified":"2024-10-15T19:25:37","modified_gmt":"2024-10-15T16:25:37","slug":"orszagos-feszkelo-ragadozomadar-monitoring","status":"publish","type":"page","link":"https:\/\/milvus.ro\/hu\/monitoring\/orszagos-feszkelo-ragadozomadar-monitoring\/","title":{"rendered":"Orsz\u00e1gos f\u00e9szkel\u0151 ragadoz\u00f3mad\u00e1r monitoring"},"content":{"rendered":"\t\t<div data-elementor-type=\"wp-page\" data-elementor-id=\"34977\" class=\"elementor elementor-34977 elementor-13688\">\n\t\t\t\t\t\t<section class=\"elementor-section elementor-top-section elementor-element elementor-element-1c98241c elementor-section-boxed elementor-section-height-default elementor-section-height-default\" data-id=\"1c98241c\" data-element_type=\"section\">\n\t\t\t\t\t\t<div class=\"elementor-container elementor-column-gap-default\">\n\t\t\t\t\t<div class=\"elementor-column elementor-col-100 elementor-top-column elementor-element elementor-element-5dccc5c4\" data-id=\"5dccc5c4\" data-element_type=\"column\">\n\t\t\t<div class=\"elementor-widget-wrap elementor-element-populated\">\n\t\t\t\t\t\t<div class=\"elementor-element elementor-element-172e72e6 elementor-widget elementor-widget-text-editor\" data-id=\"172e72e6\" data-element_type=\"widget\" data-widget_type=\"text-editor.default\">\n\t\t\t\t<div class=\"elementor-widget-container\">\n\t\t\t\t\t\t\t<p><span style=\"font-weight: 400;\"><strong>C\u00e9lfaj<\/strong>: nappali ragadoz\u00f3mad\u00e1r fajok \u00e9s fekete g\u00f3lya<\/span><\/p><p><span style=\"font-weight: 400;\"><strong>Id\u0151szak<\/strong>: \u00e9vi 2 peri\u00f3dus: \u00e1prilis 15-m\u00e1jus 15 (1500 m tengersz\u00ednt feletti magass\u00e1gon m\u00e1jus 31.) \u00e9s j\u00falius 1-31<\/span><\/p><p><strong>Felk\u00e9sz\u00fclts\u00e9gi szint: <\/strong><span style=\"font-weight: 400;\">ragadoz\u00f3 madarak felismer\u00e9se<\/span><\/p><p><span style=\"font-weight: 400;\"><strong>Felm\u00e9r\u00e9shez sz\u00fcks\u00e9ges szem\u00e9lyek sz\u00e1ma:<\/strong> 1 szem\u00e9ly<\/span><\/p><p><span style=\"font-weight: 400;\"><strong>Sz\u00fcks\u00e9ges felszerel\u00e9s:<\/strong> mobiltelefon (android), t\u00e1vcs\u0151, teleszk\u00f3p (k\u00f6telez\u0151)<\/span><\/p><p><span style=\"font-weight: 400;\"><strong>Helysz\u00edn:<\/strong> 3 el\u0151re meghat\u00e1rozott megfigyel\u0151pont<\/span><\/p><h2><b>M\u00f3dszertan r\u00f6vid le\u00edr\u00e1sa<\/b><\/h2><p><span style=\"font-weight: 400;\">A monitoring alap egys\u00e9ge 10&#215;10 km-es m\u00e9ret\u0171, v\u00e9letlenszer\u0171en kiv\u00e1lasztott n\u00e9gyzetek alkotj\u00e1k, melyekben, az adott ter\u00fcleti adotts\u00e1gok f\u00fcggv\u00e9ny\u00e9ben, a teljes lefedetts\u00e9ghez sz\u00fcks\u00e9ges sz\u00e1m\u00fa megfigyel\u0151pontok vannak kiv\u00e1lasztva. Ezekb\u0151l a pontokb\u00f3l v\u00e9letlenszer\u0171en 3 pont van kiv\u00e1lasztva, amelyet minden \u00e9vben megism\u00e9tel\u00fcnk a program keret\u00e9ben.<\/span><\/p><p><span style=\"font-weight: 400;\">A megfigyel\u00e9s id\u0151tartama pontosan 3 \u00f3ra kell legyen. Ezalatt a megfigyel\u0151ponton tart\u00f3zkodva akt\u00edvan keress\u00fck a ragadoz\u00f3madarakat. A legt\u00f6bb esetben az \u00e9gen k\u00f6r\u00f6zve t\u00e1pl\u00e1l\u00e9k ut\u00e1n kutatva figyelhet\u0151k meg, de sokszor ki\u00fclnek egy magasabb pontra. Emiatt, alaposan v\u00e9gig kell t\u00f6bbsz\u00f6r p\u00e1szt\u00e1zni a t\u00e1jat. Minden egyedet k\u00fcl\u00f6n feljegyz\u00fcnk abban a pontban, ahol az egyedet \u00e9szlelt\u00fck. Erre az <\/span><a href=\"https:\/\/openbiomaps.org\/\"><span style=\"font-weight: 400;\">OpenBioMaps<\/span><\/a><span style=\"font-weight: 400;\"> applik\u00e1ci\u00f3t haszn\u00e1ljuk, amiben a felm\u00e9r\u00e9sre kialak\u00edtott speci\u00e1lis \u0171rlap seg\u00edts\u00e9g\u00e9vel a t\u00e9rk\u00e9pen bejel\u00f6lj\u00fck a pontos helyet. A megfigyel\u00e9seket 9:00 \u00e9s 15:00 k\u00f6z\u00f6tt kell elv\u00e9gezni. Naponta egy, maximum 2 pontot lehet elv\u00e9gezni csakis megfelel\u0151 id\u0151j\u00e1r\u00e1si viszonyok k\u00f6z\u00f6tt.\u00a0<\/span><\/p><p><span style=\"font-weight: 400;\">A r\u00e9szletes m\u00f3dszer<\/span><a href=\"https:\/\/milvus.ro\/wp-content\/uploads\/2022\/04\/2022_Metodologia-de-teren-a-speciilor-de-rapitoare-diurne.pdf\"><span style=\"font-weight: 400;\"> itt <\/span><\/a><span style=\"font-weight: 400;\">olvashat\u00f3.<\/span><\/p><h2><b>Eredm\u00e9nyek<\/b><\/h2><p><a href=\"https:\/\/milvus.ro\/hu\/nappali-ragadozo-monitoring-2022-ben\/\"><b>2022<\/b><\/a><\/p>\t\t\t\t\t\t<\/div>\n\t\t\t\t<\/div>\n\t\t\t\t\t<\/div>\n\t\t<\/div>\n\t\t\t\t\t<\/div>\n\t\t<\/section>\n\t\t\t\t<\/div>\n\t\t","protected":false},"excerpt":{"rendered":"C\u00e9lfaj: nappali ragadoz\u00f3mad\u00e1r fajok \u00e9s fekete g\u00f3lyaId\u0151szak: \u00e9vi 2 peri\u00f3dus: \u00e1prilis 15-m\u00e1jus 15 (1500 m tengersz\u00ednt feletti magass\u00e1gon m\u00e1jus 31.) \u00e9s j\u00falius 1-31Felk\u00e9sz\u00fclts\u00e9gi szint: ragadoz\u00f3 madarak felismer\u00e9seFelm\u00e9r\u00e9shez sz\u00fcks\u00e9ges szem\u00e9lyek sz\u00e1ma: 1 szem\u00e9lySz\u00fcks\u00e9ges felszerel\u00e9s: mobiltelefon (android), t\u00e1vcs\u0151, teleszk\u00f3p (k\u00f6telez\u0151)Helysz\u00edn: 3 el\u0151re meghat\u00e1rozott megfigyel\u0151pontM\u00f3dszertan r\u00f6vid le\u00edr\u00e1saA monitoring alap egys\u00e9ge 10&#215;10 km-es m\u00e9ret\u0171, v\u00e9letlenszer\u0171en kiv\u00e1lasztott n\u00e9gyzetek alkotj\u00e1k, melyekben, [&hellip;]","protected":false},"author":2,"featured_media":35018,"parent":17587,"menu_order":0,"comment_status":"closed","ping_status":"closed","template":"","meta":{"_acf_changed":false,"_eb_attr":"","ocean_post_layout":"left-sidebar","ocean_both_sidebars_style":"","ocean_both_sidebars_content_width":0,"ocean_both_sidebars_sidebars_width":0,"ocean_sidebar":"ocs-monitoring-menu","ocean_second_sidebar":"0","ocean_disable_margins":"enable","ocean_add_body_class":"","ocean_shortcode_before_top_bar":"","ocean_shortcode_after_top_bar":"","ocean_shortcode_before_header":"","ocean_shortcode_after_header":"","ocean_has_shortcode":"","ocean_shortcode_after_title":"","ocean_shortcode_before_footer_widgets":"","ocean_shortcode_after_footer_widgets":"","ocean_shortcode_before_footer_bottom":"","ocean_shortcode_after_footer_bottom":"","ocean_display_top_bar":"default","ocean_display_header":"default","ocean_header_style":"","ocean_center_header_left_menu":"0","ocean_custom_header_template":"0","ocean_custom_logo":0,"ocean_custom_retina_logo":0,"ocean_custom_logo_max_width":0,"ocean_custom_logo_tablet_max_width":0,"ocean_custom_logo_mobile_max_width":0,"ocean_custom_logo_max_height":0,"ocean_custom_logo_tablet_max_height":0,"ocean_custom_logo_mobile_max_height":0,"ocean_header_custom_menu":"0","ocean_menu_typo_font_family":"0","ocean_menu_typo_font_subset":"","ocean_menu_typo_font_size":0,"ocean_menu_typo_font_size_tablet":0,"ocean_menu_typo_font_size_mobile":0,"ocean_menu_typo_font_size_unit":"px","ocean_menu_typo_font_weight":"","ocean_menu_typo_font_weight_tablet":"","ocean_menu_typo_font_weight_mobile":"","ocean_menu_typo_transform":"","ocean_menu_typo_transform_tablet":"","ocean_menu_typo_transform_mobile":"","ocean_menu_typo_line_height":0,"ocean_menu_typo_line_height_tablet":0,"ocean_menu_typo_line_height_mobile":0,"ocean_menu_typo_line_height_unit":"","ocean_menu_typo_spacing":0,"ocean_menu_typo_spacing_tablet":0,"ocean_menu_typo_spacing_mobile":0,"ocean_menu_typo_spacing_unit":"","ocean_menu_link_color":"","ocean_menu_link_color_hover":"","ocean_menu_link_color_active":"","ocean_menu_link_background":"","ocean_menu_link_hover_background":"","ocean_menu_link_active_background":"","ocean_menu_social_links_bg":"","ocean_menu_social_hover_links_bg":"","ocean_menu_social_links_color":"","ocean_menu_social_hover_links_color":"","ocean_disable_title":"default","ocean_disable_heading":"default","ocean_post_title":"","ocean_post_subheading":"","ocean_post_title_style":"background-image","ocean_post_title_background_color":"","ocean_post_title_background":33551,"ocean_post_title_bg_image_position":"center center","ocean_post_title_bg_image_attachment":"fixed","ocean_post_title_bg_image_repeat":"no-repeat","ocean_post_title_bg_image_size":"cover","ocean_post_title_height":500,"ocean_post_title_bg_overlay":0.4,"ocean_post_title_bg_overlay_color":"","ocean_disable_breadcrumbs":"default","ocean_breadcrumbs_color":"","ocean_breadcrumbs_separator_color":"","ocean_breadcrumbs_links_color":"","ocean_breadcrumbs_links_hover_color":"","ocean_display_footer_widgets":"default","ocean_display_footer_bottom":"default","ocean_custom_footer_template":"0","omw_enable_modal_window":"enable","osh_disable_topbar_sticky":"default","osh_disable_header_sticky":"default","osh_sticky_header_style":"default","osh_sticky_header_effect":"","osh_custom_sticky_logo":0,"osh_custom_retina_sticky_logo":0,"osh_custom_sticky_logo_height":0,"osh_background_color":"","osh_links_color":"","osh_links_hover_color":"","osh_links_active_color":"","osh_links_bg_color":"","osh_links_hover_bg_color":"","osh_links_active_bg_color":"","osh_menu_social_links_color":"","osh_menu_social_hover_links_color":"","footnotes":""},"class_list":["post-34977","page","type-page","status-publish","has-post-thumbnail","hentry","entry","has-media","owp-thumbs-layout-horizontal","owp-btn-normal","owp-tabs-layout-horizontal","has-no-thumbnails","has-product-nav"],"acf":[],"_links":{"self":[{"href":"https:\/\/milvus.ro\/hu\/wp-json\/wp\/v2\/pages\/34977","targetHints":{"allow":["GET"]}}],"collection":[{"href":"https:\/\/milvus.ro\/hu\/wp-json\/wp\/v2\/pages"}],"about":[{"href":"https:\/\/milvus.ro\/hu\/wp-json\/wp\/v2\/types\/page"}],"author":[{"embeddable":true,"href":"https:\/\/milvus.ro\/hu\/wp-json\/wp\/v2\/users\/2"}],"replies":[{"embeddable":true,"href":"https:\/\/milvus.ro\/hu\/wp-json\/wp\/v2\/comments?post=34977"}],"version-history":[{"count":14,"href":"https:\/\/milvus.ro\/hu\/wp-json\/wp\/v2\/pages\/34977\/revisions"}],"predecessor-version":[{"id":43710,"href":"https:\/\/milvus.ro\/hu\/wp-json\/wp\/v2\/pages\/34977\/revisions\/43710"}],"up":[{"embeddable":true,"href":"https:\/\/milvus.ro\/hu\/wp-json\/wp\/v2\/pages\/17587"}],"wp:featuredmedia":[{"embeddable":true,"href":"https:\/\/milvus.ro\/hu\/wp-json\/wp\/v2\/media\/35018"}],"wp:attachment":[{"href":"https:\/\/milvus.ro\/hu\/wp-json\/wp\/v2\/media?parent=34977"}],"curies":[{"name":"wp","href":"https:\/\/api.w.org\/{rel}","templated":true}]}}