{"id":33168,"date":"2021-12-17T16:17:12","date_gmt":"2021-12-17T14:17:12","guid":{"rendered":"https:\/\/milvus.ro\/webcams\/webcam-hranitoare-de-pasari\/"},"modified":"2023-12-11T15:20:37","modified_gmt":"2023-12-11T13:20:37","slug":"feedercam","status":"publish","type":"page","link":"https:\/\/milvus.ro\/hu\/webcams\/feedercam\/","title":{"rendered":"Mad\u00e1retet\u0151 webkamera"},"content":{"rendered":"\t\t<div data-elementor-type=\"wp-post\" data-elementor-id=\"33153\" class=\"elementor elementor-33153 elementor-33107\">\n\t\t\t\t\t\t<section class=\"elementor-section elementor-top-section elementor-element elementor-element-c256065 elementor-section-boxed elementor-section-height-default elementor-section-height-default\" data-id=\"c256065\" data-element_type=\"section\">\n\t\t\t\t\t\t<div class=\"elementor-container elementor-column-gap-wider\">\n\t\t\t\t\t<div class=\"elementor-column elementor-col-50 elementor-top-column elementor-element elementor-element-a4b253e\" data-id=\"a4b253e\" data-element_type=\"column\">\n\t\t\t<div class=\"elementor-widget-wrap elementor-element-populated\">\n\t\t\t\t\t\t<div class=\"elementor-element elementor-element-eab42fa elementor-hidden-tablet elementor-widget elementor-widget-html\" data-id=\"eab42fa\" data-element_type=\"widget\" data-widget_type=\"html.default\">\n\t\t\t\t<div class=\"elementor-widget-container\">\n\t\t\t<div style=\"text-align: center\"><iframe src=\"https:\/\/stream.milvus.ro\/stream4\/\" style=\"width: 700px\" height=\"380\" margin=\"auto\" scrolling=\"no\" allowfullscreen=\"\"><\/iframe><\/div>\t\t<\/div>\n\t\t\t\t<\/div>\n\t\t\t\t<div class=\"elementor-element elementor-element-77a6f77 elementor-widget elementor-widget-text-editor\" data-id=\"77a6f77\" data-element_type=\"widget\" data-widget_type=\"text-editor.default\">\n\t\t\t\t<div class=\"elementor-widget-container\">\n\t\t\t\t\t\t\t<p>Eg\u00e9sz t\u00e9len k\u00f6vetheted a Milvus Csoport kertj\u00e9b\u0151l k\u00f6zvet\u00edt\u0151 <strong>mad\u00e1retet\u0151 online kamer\u00e1t<\/strong>. Kellemes n\u00e9zel\u0151d\u00e9st!<\/p><p>Haszn\u00e1ld ki az alkalmat hogy pontosan meghat\u00e1rozd \u0151ket \u00e9s tanulj r\u00f3luk a <strong>Mad\u00e1rhat\u00e1roz\u00f3 alkalmaz\u00e1sunk<\/strong> seg\u00edts\u00e9g\u00e9vel. Let\u00f6ltheted a\u00a0<a href=\"https:\/\/play.google.com\/store\/apps\/details?id=ro.hps.madarhatarozo_ro\">Google Play<\/a>\u00a0vagy az\u00a0<a href=\"https:\/\/apps.apple.com\/app\/id1488942106?fbclid=IwAR1ilsX8XgnJufukKzOIgbjZmR3OJjtRZFDDEctgfAFpEaS2VApTZYHhHSU\">App Store<\/a>\u00a0seg\u00edts\u00e9g\u00e9vel telefonodra.<\/p>\t\t\t\t\t\t<\/div>\n\t\t\t\t<\/div>\n\t\t\t\t<div class=\"elementor-element elementor-element-fbbdd4c elementor-widget elementor-widget-image\" data-id=\"fbbdd4c\" data-element_type=\"widget\" data-widget_type=\"image.default\">\n\t\t\t\t<div class=\"elementor-widget-container\">\n\t\t\t\t\t\t\t\t\t\t\t\t\t<img fetchpriority=\"high\" decoding=\"async\" width=\"300\" height=\"196\" src=\"https:\/\/milvus.ro\/wp-content\/uploads\/2021\/03\/determinator_ad_hu-300x196.png\" class=\"attachment-medium size-medium wp-image-27662\" alt=\"\" srcset=\"https:\/\/milvus.ro\/wp-content\/uploads\/2021\/03\/determinator_ad_hu-300x196.png 300w, https:\/\/milvus.ro\/wp-content\/uploads\/2021\/03\/determinator_ad_hu-600x391.png 600w, https:\/\/milvus.ro\/wp-content\/uploads\/2021\/03\/determinator_ad_hu.png 747w\" sizes=\"(max-width: 300px) 100vw, 300px\" \/>\t\t\t\t\t\t\t\t\t\t\t\t\t<\/div>\n\t\t\t\t<\/div>\n\t\t\t\t<div class=\"elementor-element elementor-element-015ec98 elementor-widget elementor-widget-text-editor\" data-id=\"015ec98\" data-element_type=\"widget\" data-widget_type=\"text-editor.default\">\n\t\t\t\t<div class=\"elementor-widget-container\">\n\t\t\t\t\t\t\t<p><a href=\"https:\/\/milvus.ro\/hu\/madaretetesi-tanacsok\/\" target=\"_blank\" rel=\"noopener\">Ha szeretn\u00e9d vend\u00e9g\u00fcl l\u00e1tni \u0151ket a saj\u00e1t ablakod el\u0151tt, innen mer\u00edthetsz men\u00fc-\u00f6tleteket.<\/a><\/p>\t\t\t\t\t\t<\/div>\n\t\t\t\t<\/div>\n\t\t\t\t\t<\/div>\n\t\t<\/div>\n\t\t\t\t<div class=\"elementor-column elementor-col-50 elementor-top-column elementor-element elementor-element-b9560dd elementor-hidden-tablet\" data-id=\"b9560dd\" data-element_type=\"column\">\n\t\t\t<div class=\"elementor-widget-wrap elementor-element-populated\">\n\t\t\t\t\t\t<div class=\"elementor-element elementor-element-7df7f85 elementor-widget elementor-widget-heading\" data-id=\"7df7f85\" data-element_type=\"widget\" data-widget_type=\"heading.default\">\n\t\t\t\t<div class=\"elementor-widget-container\">\n\t\t\t<h2 class=\"elementor-heading-title elementor-size-default\">Kapcsol\u00f3d\u00f3 h\u00edrek<\/h2>\t\t<\/div>\n\t\t\t\t<\/div>\n\t\t\t\t<div class=\"elementor-element elementor-element-f44efdd elementor-widget elementor-widget-wp-widget-ocean_recent_posts\" data-id=\"f44efdd\" data-element_type=\"widget\" data-widget_type=\"wp-widget-ocean_recent_posts.default\">\n\t\t\t\t<div class=\"elementor-widget-container\">\n\t\t\t\r\n\t\t\t\t<ul class=\"oceanwp-recent-posts clr\">\r\n\r\n\t\t\t\t\t\r\n\t\t\t\t\t\t\t<li class=\"clr\">\r\n\r\n\t\t\t\t\t\t\t\t\t\t\t\t\t\t\t\t\t<a href=\"https:\/\/milvus.ro\/hu\/boldog-madarak-kreativ-csaladok\/\" title=\"Boldog madarak, kreat\u00edv csal\u00e1dok!\" class=\"recent-posts-thumbnail\">\r\n\t\t\t\t\t\t\t\t\t\t<img decoding=\"async\" width=\"150\" height=\"150\" src=\"https:\/\/milvus.ro\/wp-content\/uploads\/2025\/11\/PXL_20251122_095613530.MP_-150x150.jpg\" class=\"attachment-thumbnail size-thumbnail wp-post-image\" alt=\"Boldog madarak, kreat\u00edv csal\u00e1dok!\" itemprop=\"image\" srcset=\"https:\/\/milvus.ro\/wp-content\/uploads\/2025\/11\/PXL_20251122_095613530.MP_-150x150.jpg 150w, https:\/\/milvus.ro\/wp-content\/uploads\/2025\/11\/PXL_20251122_095613530.MP_-600x600.jpg 600w, https:\/\/milvus.ro\/wp-content\/uploads\/2025\/11\/PXL_20251122_095613530.MP_-300x300.jpg 300w, https:\/\/milvus.ro\/wp-content\/uploads\/2025\/11\/PXL_20251122_095613530.MP_-100x100.jpg 100w\" sizes=\"(max-width: 150px) 100vw, 150px\" \/>\r\n\t\t\t\t\t\t\t\t\t\t<span class=\"overlay\"><\/span>\r\n\t\t\t\t\t\t\t\t\t<\/a>\r\n\t\t\t\t\t\t\t\t\r\n\t\t\t\t\t\t\t\t<div class=\"recent-posts-details clr\">\r\n\r\n\t\t\t\t\t\t\t\t\t<div class=\"recent-posts-details-inner clr\">\r\n\r\n\t\t\t\t\t\t\t\t\t\t<a href=\"https:\/\/milvus.ro\/hu\/boldog-madarak-kreativ-csaladok\/\" class=\"recent-posts-title\">Boldog madarak, kreat\u00edv csal\u00e1dok!<\/a>\r\n\r\n\t\t\t\t\t\t\t\t\t\t<div class=\"recent-posts-info clr\">\r\n\t\t\t\t\t\t\t\t\t\t\t<div class=\"recent-posts-date\">november 25, 2025<span class=\"sep\">\/<\/span><\/div>\r\n\t\t\t\t\t\t\t\t\t\t\t<div class=\"recent-posts-comments\"><a href=\"https:\/\/milvus.ro\/hu\/boldog-madarak-kreativ-csaladok\/#respond\">0 Comments<\/a><\/div>\r\n\t\t\t\t\t\t\t\t\t\t<\/div>\r\n\r\n\t\t\t\t\t\t\t\t\t<\/div>\r\n\r\n\t\t\t\t\t\t\t\t<\/div>\r\n\r\n\t\t\t\t\t\t\t<\/li>\r\n\r\n\t\t\t\t\t\t\r\n\t\t\t\t\t\t\t<li class=\"clr\">\r\n\r\n\t\t\t\t\t\t\t\t\t\t\t\t\t\t\t\t\t<a href=\"https:\/\/milvus.ro\/hu\/teli-madarbarat-muhely\/\" title=\"T\u00e9li mad\u00e1rbar\u00e1t m\u0171hely\" class=\"recent-posts-thumbnail\">\r\n\t\t\t\t\t\t\t\t\t\t<img decoding=\"async\" width=\"150\" height=\"150\" src=\"https:\/\/milvus.ro\/wp-content\/uploads\/2025\/11\/ChatGPT-Image-Nov-6-2025-11_31_31-AM-150x150.png\" class=\"attachment-thumbnail size-thumbnail wp-post-image\" alt=\"T\u00e9li mad\u00e1rbar\u00e1t m\u0171hely\" itemprop=\"image\" srcset=\"https:\/\/milvus.ro\/wp-content\/uploads\/2025\/11\/ChatGPT-Image-Nov-6-2025-11_31_31-AM-150x150.png 150w, https:\/\/milvus.ro\/wp-content\/uploads\/2025\/11\/ChatGPT-Image-Nov-6-2025-11_31_31-AM-600x600.png 600w, https:\/\/milvus.ro\/wp-content\/uploads\/2025\/11\/ChatGPT-Image-Nov-6-2025-11_31_31-AM-300x300.png 300w, https:\/\/milvus.ro\/wp-content\/uploads\/2025\/11\/ChatGPT-Image-Nov-6-2025-11_31_31-AM-100x100.png 100w\" sizes=\"(max-width: 150px) 100vw, 150px\" \/>\r\n\t\t\t\t\t\t\t\t\t\t<span class=\"overlay\"><\/span>\r\n\t\t\t\t\t\t\t\t\t<\/a>\r\n\t\t\t\t\t\t\t\t\r\n\t\t\t\t\t\t\t\t<div class=\"recent-posts-details clr\">\r\n\r\n\t\t\t\t\t\t\t\t\t<div class=\"recent-posts-details-inner clr\">\r\n\r\n\t\t\t\t\t\t\t\t\t\t<a href=\"https:\/\/milvus.ro\/hu\/teli-madarbarat-muhely\/\" class=\"recent-posts-title\">T\u00e9li mad\u00e1rbar\u00e1t m\u0171hely<\/a>\r\n\r\n\t\t\t\t\t\t\t\t\t\t<div class=\"recent-posts-info clr\">\r\n\t\t\t\t\t\t\t\t\t\t\t<div class=\"recent-posts-date\">november 12, 2025<span class=\"sep\">\/<\/span><\/div>\r\n\t\t\t\t\t\t\t\t\t\t\t<div class=\"recent-posts-comments\"><a href=\"https:\/\/milvus.ro\/hu\/teli-madarbarat-muhely\/#respond\">0 Comments<\/a><\/div>\r\n\t\t\t\t\t\t\t\t\t\t<\/div>\r\n\r\n\t\t\t\t\t\t\t\t\t<\/div>\r\n\r\n\t\t\t\t\t\t\t\t<\/div>\r\n\r\n\t\t\t\t\t\t\t<\/li>\r\n\r\n\t\t\t\t\t\t\r\n\t\t\t\t\t\t\t<li class=\"clr\">\r\n\r\n\t\t\t\t\t\t\t\t\t\t\t\t\t\t\t\t\t<a href=\"https:\/\/milvus.ro\/hu\/elo-kozvetites-a-milvus-madaretetojenel\/\" title=\"\u00c9l\u0151 k\u00f6zvet\u00edt\u00e9s a Milvus mad\u00e1retet\u0151j\u00e9n\u00e9l\" class=\"recent-posts-thumbnail\">\r\n\t\t\t\t\t\t\t\t\t\t<img loading=\"lazy\" decoding=\"async\" width=\"150\" height=\"150\" src=\"https:\/\/milvus.ro\/wp-content\/uploads\/2025\/11\/WhatsApp-Image-2025-11-10-at-15.05.39-150x150.jpeg\" class=\"attachment-thumbnail size-thumbnail wp-post-image\" alt=\"\u00c9l\u0151 k\u00f6zvet\u00edt\u00e9s a Milvus mad\u00e1retet\u0151j\u00e9n\u00e9l\" itemprop=\"image\" srcset=\"https:\/\/milvus.ro\/wp-content\/uploads\/2025\/11\/WhatsApp-Image-2025-11-10-at-15.05.39-150x150.jpeg 150w, https:\/\/milvus.ro\/wp-content\/uploads\/2025\/11\/WhatsApp-Image-2025-11-10-at-15.05.39-600x600.jpeg 600w, https:\/\/milvus.ro\/wp-content\/uploads\/2025\/11\/WhatsApp-Image-2025-11-10-at-15.05.39-300x300.jpeg 300w, https:\/\/milvus.ro\/wp-content\/uploads\/2025\/11\/WhatsApp-Image-2025-11-10-at-15.05.39-100x100.jpeg 100w\" sizes=\"(max-width: 150px) 100vw, 150px\" \/>\r\n\t\t\t\t\t\t\t\t\t\t<span class=\"overlay\"><\/span>\r\n\t\t\t\t\t\t\t\t\t<\/a>\r\n\t\t\t\t\t\t\t\t\r\n\t\t\t\t\t\t\t\t<div class=\"recent-posts-details clr\">\r\n\r\n\t\t\t\t\t\t\t\t\t<div class=\"recent-posts-details-inner clr\">\r\n\r\n\t\t\t\t\t\t\t\t\t\t<a href=\"https:\/\/milvus.ro\/hu\/elo-kozvetites-a-milvus-madaretetojenel\/\" class=\"recent-posts-title\">\u00c9l\u0151 k\u00f6zvet\u00edt\u00e9s a Milvus mad\u00e1retet\u0151j\u00e9n\u00e9l<\/a>\r\n\r\n\t\t\t\t\t\t\t\t\t\t<div class=\"recent-posts-info clr\">\r\n\t\t\t\t\t\t\t\t\t\t\t<div class=\"recent-posts-date\">november 10, 2025<span class=\"sep\">\/<\/span><\/div>\r\n\t\t\t\t\t\t\t\t\t\t\t<div class=\"recent-posts-comments\"><a href=\"https:\/\/milvus.ro\/hu\/elo-kozvetites-a-milvus-madaretetojenel\/#respond\">0 Comments<\/a><\/div>\r\n\t\t\t\t\t\t\t\t\t\t<\/div>\r\n\r\n\t\t\t\t\t\t\t\t\t<\/div>\r\n\r\n\t\t\t\t\t\t\t\t<\/div>\r\n\r\n\t\t\t\t\t\t\t<\/li>\r\n\r\n\t\t\t\t\t\t\r\n\t\t\t\t\t\t\t<li class=\"clr\">\r\n\r\n\t\t\t\t\t\t\t\t\t\t\t\t\t\t\t\t\t<a href=\"https:\/\/milvus.ro\/hu\/madaretetes-indul\/\" title=\"Mad\u00e1retet\u00e9s indul!\" class=\"recent-posts-thumbnail\">\r\n\t\t\t\t\t\t\t\t\t\t<img loading=\"lazy\" decoding=\"async\" width=\"150\" height=\"150\" src=\"https:\/\/milvus.ro\/wp-content\/uploads\/2018\/10\/Birdfeeder-webcam-150x150.png\" class=\"attachment-thumbnail size-thumbnail wp-post-image\" alt=\"Mad\u00e1retet\u00e9s indul!\" itemprop=\"image\" srcset=\"https:\/\/milvus.ro\/wp-content\/uploads\/2018\/10\/Birdfeeder-webcam-150x150.png 150w, https:\/\/milvus.ro\/wp-content\/uploads\/2018\/10\/Birdfeeder-webcam-300x300.png 300w, https:\/\/milvus.ro\/wp-content\/uploads\/2018\/10\/Birdfeeder-webcam-100x100.png 100w, https:\/\/milvus.ro\/wp-content\/uploads\/2018\/10\/Birdfeeder-webcam-600x600.png 600w, https:\/\/milvus.ro\/wp-content\/uploads\/2018\/10\/Birdfeeder-webcam.png 768w\" sizes=\"(max-width: 150px) 100vw, 150px\" \/>\r\n\t\t\t\t\t\t\t\t\t\t<span class=\"overlay\"><\/span>\r\n\t\t\t\t\t\t\t\t\t<\/a>\r\n\t\t\t\t\t\t\t\t\r\n\t\t\t\t\t\t\t\t<div class=\"recent-posts-details clr\">\r\n\r\n\t\t\t\t\t\t\t\t\t<div class=\"recent-posts-details-inner clr\">\r\n\r\n\t\t\t\t\t\t\t\t\t\t<a href=\"https:\/\/milvus.ro\/hu\/madaretetes-indul\/\" class=\"recent-posts-title\">Mad\u00e1retet\u00e9s indul!<\/a>\r\n\r\n\t\t\t\t\t\t\t\t\t\t<div class=\"recent-posts-info clr\">\r\n\t\t\t\t\t\t\t\t\t\t\t<div class=\"recent-posts-date\">december 12, 2023<span class=\"sep\">\/<\/span><\/div>\r\n\t\t\t\t\t\t\t\t\t\t\t<div class=\"recent-posts-comments\"><a href=\"https:\/\/milvus.ro\/hu\/madaretetes-indul\/#respond\">0 Comments<\/a><\/div>\r\n\t\t\t\t\t\t\t\t\t\t<\/div>\r\n\r\n\t\t\t\t\t\t\t\t\t<\/div>\r\n\r\n\t\t\t\t\t\t\t\t<\/div>\r\n\r\n\t\t\t\t\t\t\t<\/li>\r\n\r\n\t\t\t\t\t\t\r\n\t\t\t\t\t\t\t<li class=\"clr\">\r\n\r\n\t\t\t\t\t\t\t\t\t\t\t\t\t\t\t\t\t<a href=\"https:\/\/milvus.ro\/hu\/madarkalacs-igazi-csemege-a-kert-latogatoinak\/\" title=\"Mad\u00e1rkal\u00e1cs, igazi csemege a kert l\u00e1togat\u00f3inak\" class=\"recent-posts-thumbnail\">\r\n\t\t\t\t\t\t\t\t\t\t<img loading=\"lazy\" decoding=\"async\" width=\"150\" height=\"150\" src=\"https:\/\/milvus.ro\/wp-content\/uploads\/2023\/02\/Untitled-design-5-e1677228930964-150x150.png\" class=\"attachment-thumbnail size-thumbnail wp-post-image\" alt=\"Mad\u00e1rkal\u00e1cs, igazi csemege a kert l\u00e1togat\u00f3inak\" itemprop=\"image\" srcset=\"https:\/\/milvus.ro\/wp-content\/uploads\/2023\/02\/Untitled-design-5-e1677228930964-150x150.png 150w, https:\/\/milvus.ro\/wp-content\/uploads\/2023\/02\/Untitled-design-5-e1677228930964-300x300.png 300w, https:\/\/milvus.ro\/wp-content\/uploads\/2023\/02\/Untitled-design-5-e1677228930964-100x100.png 100w, https:\/\/milvus.ro\/wp-content\/uploads\/2023\/02\/Untitled-design-5-e1677228930964-600x600.png 600w\" sizes=\"(max-width: 150px) 100vw, 150px\" \/>\r\n\t\t\t\t\t\t\t\t\t\t<span class=\"overlay\"><\/span>\r\n\t\t\t\t\t\t\t\t\t<\/a>\r\n\t\t\t\t\t\t\t\t\r\n\t\t\t\t\t\t\t\t<div class=\"recent-posts-details clr\">\r\n\r\n\t\t\t\t\t\t\t\t\t<div class=\"recent-posts-details-inner clr\">\r\n\r\n\t\t\t\t\t\t\t\t\t\t<a href=\"https:\/\/milvus.ro\/hu\/madarkalacs-igazi-csemege-a-kert-latogatoinak\/\" class=\"recent-posts-title\">Mad\u00e1rkal\u00e1cs, igazi csemege a kert l\u00e1togat\u00f3inak<\/a>\r\n\r\n\t\t\t\t\t\t\t\t\t\t<div class=\"recent-posts-info clr\">\r\n\t\t\t\t\t\t\t\t\t\t\t<div class=\"recent-posts-date\">febru\u00e1r 24, 2023<span class=\"sep\">\/<\/span><\/div>\r\n\t\t\t\t\t\t\t\t\t\t\t<div class=\"recent-posts-comments\"><a href=\"https:\/\/milvus.ro\/hu\/madarkalacs-igazi-csemege-a-kert-latogatoinak\/#respond\">0 Comments<\/a><\/div>\r\n\t\t\t\t\t\t\t\t\t\t<\/div>\r\n\r\n\t\t\t\t\t\t\t\t\t<\/div>\r\n\r\n\t\t\t\t\t\t\t\t<\/div>\r\n\r\n\t\t\t\t\t\t\t<\/li>\r\n\r\n\t\t\t\t\t\t\r\n\t\t\t\t\t\t\t<li class=\"clr\">\r\n\r\n\t\t\t\t\t\t\t\t\t\t\t\t\t\t\t\t\t<a href=\"https:\/\/milvus.ro\/hu\/a-teli-madaretetesre-osszpontositunk\/\" title=\"A t\u00e9li mad\u00e1retet\u00e9sre \u00f6sszpontos\u00edtunk\" class=\"recent-posts-thumbnail\">\r\n\t\t\t\t\t\t\t\t\t\t<img loading=\"lazy\" decoding=\"async\" width=\"150\" height=\"150\" src=\"https:\/\/milvus.ro\/wp-content\/uploads\/2023\/01\/Hranirea-pasarilor-7-150x150.jpg\" class=\"attachment-thumbnail size-thumbnail wp-post-image\" alt=\"A t\u00e9li mad\u00e1retet\u00e9sre \u00f6sszpontos\u00edtunk\" itemprop=\"image\" srcset=\"https:\/\/milvus.ro\/wp-content\/uploads\/2023\/01\/Hranirea-pasarilor-7-150x150.jpg 150w, https:\/\/milvus.ro\/wp-content\/uploads\/2023\/01\/Hranirea-pasarilor-7-300x300.jpg 300w, https:\/\/milvus.ro\/wp-content\/uploads\/2023\/01\/Hranirea-pasarilor-7-100x100.jpg 100w, https:\/\/milvus.ro\/wp-content\/uploads\/2023\/01\/Hranirea-pasarilor-7-600x600.jpg 600w\" sizes=\"(max-width: 150px) 100vw, 150px\" \/>\r\n\t\t\t\t\t\t\t\t\t\t<span class=\"overlay\"><\/span>\r\n\t\t\t\t\t\t\t\t\t<\/a>\r\n\t\t\t\t\t\t\t\t\r\n\t\t\t\t\t\t\t\t<div class=\"recent-posts-details clr\">\r\n\r\n\t\t\t\t\t\t\t\t\t<div class=\"recent-posts-details-inner clr\">\r\n\r\n\t\t\t\t\t\t\t\t\t\t<a href=\"https:\/\/milvus.ro\/hu\/a-teli-madaretetesre-osszpontositunk\/\" class=\"recent-posts-title\">A t\u00e9li mad\u00e1retet\u00e9sre \u00f6sszpontos\u00edtunk<\/a>\r\n\r\n\t\t\t\t\t\t\t\t\t\t<div class=\"recent-posts-info clr\">\r\n\t\t\t\t\t\t\t\t\t\t\t<div class=\"recent-posts-date\">janu\u00e1r 16, 2023<span class=\"sep\">\/<\/span><\/div>\r\n\t\t\t\t\t\t\t\t\t\t\t<div class=\"recent-posts-comments\"><a href=\"https:\/\/milvus.ro\/hu\/a-teli-madaretetesre-osszpontositunk\/#respond\">0 Comments<\/a><\/div>\r\n\t\t\t\t\t\t\t\t\t\t<\/div>\r\n\r\n\t\t\t\t\t\t\t\t\t<\/div>\r\n\r\n\t\t\t\t\t\t\t\t<\/div>\r\n\r\n\t\t\t\t\t\t\t<\/li>\r\n\r\n\t\t\t\t\t\t\r\n\t\t\t\t\t\r\n\t\t\t\t<\/ul>\r\n\r\n\t\t\t\t\r\n\t\t\t\t\t<\/div>\n\t\t\t\t<\/div>\n\t\t\t\t\t<\/div>\n\t\t<\/div>\n\t\t\t\t\t<\/div>\n\t\t<\/section>\n\t\t\t\t<\/div>\n\t\t<p><\/p>","protected":false},"excerpt":{"rendered":"","protected":false},"author":2,"featured_media":0,"parent":30517,"menu_order":0,"comment_status":"open","ping_status":"closed","template":"","meta":{"_acf_changed":false,"_eb_attr":"","ocean_post_layout":"","ocean_both_sidebars_style":"","ocean_both_sidebars_content_width":0,"ocean_both_sidebars_sidebars_width":0,"ocean_sidebar":"0","ocean_second_sidebar":"0","ocean_disable_margins":"enable","ocean_add_body_class":"","ocean_shortcode_before_top_bar":"","ocean_shortcode_after_top_bar":"","ocean_shortcode_before_header":"","ocean_shortcode_after_header":"","ocean_has_shortcode":"","ocean_shortcode_after_title":"","ocean_shortcode_before_footer_widgets":"","ocean_shortcode_after_footer_widgets":"","ocean_shortcode_before_footer_bottom":"","ocean_shortcode_after_footer_bottom":"","ocean_display_top_bar":"default","ocean_display_header":"default","ocean_header_style":"","ocean_center_header_left_menu":"0","ocean_custom_header_template":"0","ocean_custom_logo":0,"ocean_custom_retina_logo":0,"ocean_custom_logo_max_width":0,"ocean_custom_logo_tablet_max_width":0,"ocean_custom_logo_mobile_max_width":0,"ocean_custom_logo_max_height":0,"ocean_custom_logo_tablet_max_height":0,"ocean_custom_logo_mobile_max_height":0,"ocean_header_custom_menu":"0","ocean_menu_typo_font_family":"0","ocean_menu_typo_font_subset":"","ocean_menu_typo_font_size":0,"ocean_menu_typo_font_size_tablet":0,"ocean_menu_typo_font_size_mobile":0,"ocean_menu_typo_font_size_unit":"px","ocean_menu_typo_font_weight":"","ocean_menu_typo_font_weight_tablet":"","ocean_menu_typo_font_weight_mobile":"","ocean_menu_typo_transform":"","ocean_menu_typo_transform_tablet":"","ocean_menu_typo_transform_mobile":"","ocean_menu_typo_line_height":0,"ocean_menu_typo_line_height_tablet":0,"ocean_menu_typo_line_height_mobile":0,"ocean_menu_typo_line_height_unit":"","ocean_menu_typo_spacing":0,"ocean_menu_typo_spacing_tablet":0,"ocean_menu_typo_spacing_mobile":0,"ocean_menu_typo_spacing_unit":"","ocean_menu_link_color":"","ocean_menu_link_color_hover":"","ocean_menu_link_color_active":"","ocean_menu_link_background":"","ocean_menu_link_hover_background":"","ocean_menu_link_active_background":"","ocean_menu_social_links_bg":"","ocean_menu_social_hover_links_bg":"","ocean_menu_social_links_color":"","ocean_menu_social_hover_links_color":"","ocean_disable_title":"default","ocean_disable_heading":"default","ocean_post_title":"","ocean_post_subheading":"[oceanwp_library id=\"27473\"]","ocean_post_title_style":"default","ocean_post_title_background_color":"","ocean_post_title_background":0,"ocean_post_title_bg_image_position":"","ocean_post_title_bg_image_attachment":"","ocean_post_title_bg_image_repeat":"","ocean_post_title_bg_image_size":"","ocean_post_title_height":0,"ocean_post_title_bg_overlay":0.5,"ocean_post_title_bg_overlay_color":"","ocean_disable_breadcrumbs":"off","ocean_breadcrumbs_color":"","ocean_breadcrumbs_separator_color":"","ocean_breadcrumbs_links_color":"","ocean_breadcrumbs_links_hover_color":"","ocean_display_footer_widgets":"default","ocean_display_footer_bottom":"default","ocean_custom_footer_template":"0","omw_enable_modal_window":"enable","osh_disable_topbar_sticky":"default","osh_disable_header_sticky":"default","osh_sticky_header_style":"default","osh_sticky_header_effect":"","osh_custom_sticky_logo":0,"osh_custom_retina_sticky_logo":0,"osh_custom_sticky_logo_height":0,"osh_background_color":"","osh_links_color":"","osh_links_hover_color":"","osh_links_active_color":"","osh_links_bg_color":"","osh_links_hover_bg_color":"","osh_links_active_bg_color":"","osh_menu_social_links_color":"","osh_menu_social_hover_links_color":"","footnotes":""},"class_list":["post-33168","page","type-page","status-publish","hentry","entry","has-media","owp-thumbs-layout-horizontal","owp-btn-normal","owp-tabs-layout-horizontal","has-no-thumbnails","has-product-nav"],"acf":[],"_links":{"self":[{"href":"https:\/\/milvus.ro\/hu\/wp-json\/wp\/v2\/pages\/33168","targetHints":{"allow":["GET"]}}],"collection":[{"href":"https:\/\/milvus.ro\/hu\/wp-json\/wp\/v2\/pages"}],"about":[{"href":"https:\/\/milvus.ro\/hu\/wp-json\/wp\/v2\/types\/page"}],"author":[{"embeddable":true,"href":"https:\/\/milvus.ro\/hu\/wp-json\/wp\/v2\/users\/2"}],"replies":[{"embeddable":true,"href":"https:\/\/milvus.ro\/hu\/wp-json\/wp\/v2\/comments?post=33168"}],"version-history":[{"count":5,"href":"https:\/\/milvus.ro\/hu\/wp-json\/wp\/v2\/pages\/33168\/revisions"}],"predecessor-version":[{"id":40862,"href":"https:\/\/milvus.ro\/hu\/wp-json\/wp\/v2\/pages\/33168\/revisions\/40862"}],"up":[{"embeddable":true,"href":"https:\/\/milvus.ro\/hu\/wp-json\/wp\/v2\/pages\/30517"}],"wp:attachment":[{"href":"https:\/\/milvus.ro\/hu\/wp-json\/wp\/v2\/media?parent=33168"}],"curies":[{"name":"wp","href":"https:\/\/api.w.org\/{rel}","templated":true}]}}