{"id":30625,"date":"2019-03-19T12:52:37","date_gmt":"2019-03-19T10:52:37","guid":{"rendered":"https:\/\/milvus.ro\/webcams\/falcocam\/"},"modified":"2021-06-14T19:41:45","modified_gmt":"2021-06-14T16:41:45","slug":"falcocam","status":"publish","type":"page","link":"https:\/\/milvus.ro\/hu\/webcams\/falcocam\/","title":{"rendered":"V\u00f6r\u00f6s v\u00e9rcse webkamera"},"content":{"rendered":"\t\t<div data-elementor-type=\"wp-page\" data-elementor-id=\"30625\" class=\"elementor elementor-30625 elementor-30506\">\n\t\t\t\t\t\t<section class=\"elementor-section elementor-top-section elementor-element elementor-element-3054ea1 elementor-section-boxed elementor-section-height-default elementor-section-height-default\" data-id=\"3054ea1\" data-element_type=\"section\">\n\t\t\t\t\t\t<div class=\"elementor-container elementor-column-gap-default\">\n\t\t\t\t\t<div class=\"elementor-column elementor-col-100 elementor-top-column elementor-element elementor-element-f3b1baa\" data-id=\"f3b1baa\" data-element_type=\"column\">\n\t\t\t<div class=\"elementor-widget-wrap elementor-element-populated\">\n\t\t\t\t\t\t<div class=\"elementor-element elementor-element-10c093a elementor-widget elementor-widget-shortcode\" data-id=\"10c093a\" data-element_type=\"widget\" data-widget_type=\"shortcode.default\">\n\t\t\t\t<div class=\"elementor-widget-container\">\n\t\t\t\t\t<div class=\"elementor-shortcode\">\t\t<div data-elementor-type=\"wp-post\" data-elementor-id=\"30410\" class=\"elementor elementor-30410 elementor-30406\">\n\t\t\t\t\t\t<section class=\"elementor-section elementor-top-section elementor-element elementor-element-7c165a1 elementor-hidden-desktop elementor-hidden-tablet elementor-section-boxed elementor-section-height-default elementor-section-height-default\" data-id=\"7c165a1\" data-element_type=\"section\">\n\t\t\t\t\t\t<div class=\"elementor-container elementor-column-gap-default\">\n\t\t\t\t\t<div class=\"elementor-column elementor-col-100 elementor-top-column elementor-element elementor-element-18de757\" data-id=\"18de757\" data-element_type=\"column\">\n\t\t\t<div class=\"elementor-widget-wrap elementor-element-populated\">\n\t\t\t\t\t\t<div class=\"elementor-element elementor-element-05c9b8c elementor-widget elementor-widget-html\" data-id=\"05c9b8c\" data-element_type=\"widget\" data-widget_type=\"html.default\">\n\t\t\t\t<div class=\"elementor-widget-container\">\n\t\t\t<iframe src=\"https:\/\/stream.milvus.ro\/stream2\/\" width=\"100%\" height=\"380\" scrolling=\"no\" allowfullscreen class=\"iframe-class\"><\/iframe>\t\t<\/div>\n\t\t\t\t<\/div>\n\t\t\t\t\t<\/div>\n\t\t<\/div>\n\t\t\t\t\t<\/div>\n\t\t<\/section>\n\t\t\t\t<section class=\"elementor-section elementor-top-section elementor-element elementor-element-ee66b47 elementor-reverse-mobile elementor-section-boxed elementor-section-height-default elementor-section-height-default\" data-id=\"ee66b47\" data-element_type=\"section\">\n\t\t\t\t\t\t<div class=\"elementor-container elementor-column-gap-wide\">\n\t\t\t\t\t<div class=\"elementor-column elementor-col-50 elementor-top-column elementor-element elementor-element-e8ea07a\" data-id=\"e8ea07a\" data-element_type=\"column\">\n\t\t\t<div class=\"elementor-widget-wrap elementor-element-populated\">\n\t\t\t\t\t\t<div class=\"elementor-element elementor-element-b297136 elementor-hidden-phone elementor-widget elementor-widget-html\" data-id=\"b297136\" data-element_type=\"widget\" data-widget_type=\"html.default\">\n\t\t\t\t<div class=\"elementor-widget-container\">\n\t\t\t<div style=\"text-align: center\"><iframe src=\"https:\/\/stream.milvus.ro\/stream2\/\" style=\"width: 700px\" height=\"380\" margin=\"auto\" scrolling=\"no\" allowfullscreen=\"\"><\/iframe><\/div>\t\t<\/div>\n\t\t\t\t<\/div>\n\t\t\t\t<div class=\"elementor-element elementor-element-b2ed51c elementor-widget elementor-widget-text-editor\" data-id=\"b2ed51c\" data-element_type=\"widget\" data-widget_type=\"text-editor.default\">\n\t\t\t\t<div class=\"elementor-widget-container\">\n\t\t\t\t\t\t\t<p>Itt\u00a0 k\u00f6vethet\u0151 \u00e9l\u0151ben egy marosv\u00e1s\u00e1rhelyi t\u00f6mbh\u00e1z tizedik emelet\u00e9n k\u00f6lt\u0151\u00a0 v\u00f6r\u00f6s v\u00e9rcse p\u00e1rnak a mindennapi\u00a0 \u00e9lete. 2018 \u00f3ta k\u00f6zvet\u00edt\u00fcnk err\u0151l a f\u00e9szekr\u0151l.<\/p>\t\t\t\t\t\t<\/div>\n\t\t\t\t<\/div>\n\t\t\t\t<div class=\"elementor-element elementor-element-39c53f1 elementor-widget elementor-widget-heading\" data-id=\"39c53f1\" data-element_type=\"widget\" data-widget_type=\"heading.default\">\n\t\t\t\t<div class=\"elementor-widget-container\">\n\t\t\t<h1 class=\"elementor-heading-title elementor-size-default\">Mi kell tudnunk a fajr\u00f3l?\n\n<\/h1>\t\t<\/div>\n\t\t\t\t<\/div>\n\t\t\t\t<div class=\"elementor-element elementor-element-c09723e elementor-widget elementor-widget-text-editor\" data-id=\"c09723e\" data-element_type=\"widget\" data-widget_type=\"text-editor.default\">\n\t\t\t\t<div class=\"elementor-widget-container\">\n\t\t\t\t\t\t\t<p>Az egere\u0301szo\u0308lyv mellett a leggyakoribb hazai ragadozo\u0301madarunk. A za\u0301rt erdo\u030bk, magashegyek e\u0301s fa\u0301tlan puszta\u0301k kive\u0301tele\u0301vel sokfele\u0301 fe\u0301szkel, utak mente\u0301n, parkokban, nagyva\u0301rosok szi\u0301ve\u0301ben. Varju\u0301fe\u0301le\u0301k fe\u0301szke\u0301t foglalja el, de elo\u030bszeretettel ko\u0308lt sziklahasade\u0301kokban, hidak alatt, e\u0301pu\u0308letek u\u0308regeiben. Ebben az esetben a v\u00e1rosi megteleped\u00e9st De\u00e1k Attila koll\u00e9g\u00e1nk seg\u00edtette, felaj\u00e1nlva egy k\u00f6lt\u0151l\u00e1d\u00e1t az egyik ablak\u00e1ban.<\/p><p>Ra\u0301gcsa\u0301lo\u0301kat, rovarokat, gyi\u0301kokat fogyaszt. A levego\u030bben egy helyben szita\u0301lo\u0301 ve\u0301rcse\u0301k la\u0301tja\u0301k azokat UV fe\u0301nyben elo\u030btu\u030bno\u030b vizeletcseppeket amelyekkel a fu\u030bben mozgo\u0301 ra\u0301gcsa\u0301lo\u0301k jelo\u0308lik ki u\u0301tvonalaikat, i\u0301gy hate\u0301konyabban tudnak vada\u0301szni ra\u0301juk. A kirepu\u0308lt fio\u0301ka\u0301k sza\u0301ma nagy me\u0301rte\u0301kben fu\u0308gg a ta\u0301pla\u0301le\u0301kbo\u030bse\u0301gto\u030bl, az u\u0301gynevezett pocokgrada\u0301cio\u0301s e\u0301vekben 4-5 fio\u0301ka hagyhatja el a fe\u0301szket.<\/p><p>Kellemes tavaszt \u00e9s nyarat k\u00edv\u00e1nunk a v\u00f6r\u00f6s v\u00e9rcs\u00e9k t\u00e1rsas\u00e1g\u00e1ban!<\/p><p>K\u00f6sz\u00f6nj\u00fck De\u00e1k Attil\u00e1nak \u00e9s a <a href=\"https:\/\/netsoft.ro\/\" target=\"_blank\" rel=\"noopener\">Netsoftnak<\/a>.<\/p>\t\t\t\t\t\t<\/div>\n\t\t\t\t<\/div>\n\t\t\t\t\t<\/div>\n\t\t<\/div>\n\t\t\t\t<div class=\"elementor-column elementor-col-50 elementor-top-column elementor-element elementor-element-d9ba89b\" data-id=\"d9ba89b\" data-element_type=\"column\">\n\t\t\t<div class=\"elementor-widget-wrap elementor-element-populated\">\n\t\t\t\t\t\t<div class=\"elementor-element elementor-element-9e30e05 elementor-position-left elementor-vertical-align-middle elementor-widget elementor-widget-image-box\" data-id=\"9e30e05\" data-element_type=\"widget\" data-widget_type=\"image-box.default\">\n\t\t\t\t<div class=\"elementor-widget-container\">\n\t\t\t<div class=\"elementor-image-box-wrapper\"><figure class=\"elementor-image-box-img\"><img decoding=\"async\" src=\"https:\/\/milvus.ro\/wp-content\/uploads\/2020\/11\/kekvercse.svg\" class=\"attachment-full size-full wp-image-18212\" alt=\"\" \/><\/figure><div class=\"elementor-image-box-content\"><h1 class=\"elementor-image-box-title\">Mi t\u00f6rt\u00e9nt eddig id\u00e9n a f\u00e9szekben?<\/h1><\/div><\/div>\t\t<\/div>\n\t\t\t\t<\/div>\n\t\t\t\t<div class=\"elementor-element elementor-element-fd63f1e elementor-widget elementor-widget-text-editor\" data-id=\"fd63f1e\" data-element_type=\"widget\" data-widget_type=\"text-editor.default\">\n\t\t\t\t<div class=\"elementor-widget-container\">\n\t\t\t\t\t\t\t<p><strong>M\u00e1rcius<\/strong> <strong>14.<\/strong> -a p\u00e1r megjelent a f\u00e9szekn\u00e9l;<br \/><strong>\u00c1prilis 15.<\/strong> &#8211; a toj\u00f3 lerakja az els\u0151 toj\u00e1st;<br \/><strong>\u00c1prilis 17.<\/strong> &#8211; megvan a m\u00e1sodik toj\u00e1s;<br \/><strong>\u00c1prilis 19.<\/strong> &#8211; m\u00e1r h\u00e1rom toj\u00e1s van;<\/p>\t\t\t\t\t\t<\/div>\n\t\t\t\t<\/div>\n\t\t\t\t<div class=\"elementor-element elementor-element-0451ce3 elementor-widget elementor-widget-heading\" data-id=\"0451ce3\" data-element_type=\"widget\" data-widget_type=\"heading.default\">\n\t\t\t\t<div class=\"elementor-widget-container\">\n\t\t\t<h1 class=\"elementor-heading-title elementor-size-default\">H\u00edrek a v\u00f6r\u00f6s v\u00e9rcs\u00e9kr\u0151l<\/h1>\t\t<\/div>\n\t\t\t\t<\/div>\n\t\t\t\t<div class=\"elementor-element elementor-element-1dff6a0 elementor-widget elementor-widget-wp-widget-ocean_recent_posts\" data-id=\"1dff6a0\" data-element_type=\"widget\" data-widget_type=\"wp-widget-ocean_recent_posts.default\">\n\t\t\t\t<div class=\"elementor-widget-container\">\n\t\t\t\r\n\t\t\t\t<ul class=\"oceanwp-recent-posts clr\">\r\n\r\n\t\t\t\t\t\r\n\t\t\t\t\t\t\t<li class=\"clr\">\r\n\r\n\t\t\t\t\t\t\t\t\t\t\t\t\t\t\t\t\t<a href=\"https:\/\/milvus.ro\/hu\/harom-fioka-egy-uj-kezdet\/\" title=\"H\u00e1rom fi\u00f3ka, egy \u00faj kezdet\" class=\"recent-posts-thumbnail\">\r\n\t\t\t\t\t\t\t\t\t\t<img decoding=\"async\" width=\"150\" height=\"150\" src=\"https:\/\/milvus.ro\/wp-content\/uploads\/2025\/07\/WhatsApp-Image-2025-07-08-at-12.18.50-1-150x150.jpeg\" class=\"attachment-thumbnail size-thumbnail wp-post-image\" alt=\"H\u00e1rom fi\u00f3ka, egy \u00faj kezdet\" itemprop=\"image\" srcset=\"https:\/\/milvus.ro\/wp-content\/uploads\/2025\/07\/WhatsApp-Image-2025-07-08-at-12.18.50-1-150x150.jpeg 150w, https:\/\/milvus.ro\/wp-content\/uploads\/2025\/07\/WhatsApp-Image-2025-07-08-at-12.18.50-1-600x600.jpeg 600w, https:\/\/milvus.ro\/wp-content\/uploads\/2025\/07\/WhatsApp-Image-2025-07-08-at-12.18.50-1-300x300.jpeg 300w, https:\/\/milvus.ro\/wp-content\/uploads\/2025\/07\/WhatsApp-Image-2025-07-08-at-12.18.50-1-100x100.jpeg 100w\" sizes=\"(max-width: 150px) 100vw, 150px\" \/>\r\n\t\t\t\t\t\t\t\t\t\t<span class=\"overlay\"><\/span>\r\n\t\t\t\t\t\t\t\t\t<\/a>\r\n\t\t\t\t\t\t\t\t\r\n\t\t\t\t\t\t\t\t<div class=\"recent-posts-details clr\">\r\n\r\n\t\t\t\t\t\t\t\t\t<div class=\"recent-posts-details-inner clr\">\r\n\r\n\t\t\t\t\t\t\t\t\t\t<a href=\"https:\/\/milvus.ro\/hu\/harom-fioka-egy-uj-kezdet\/\" class=\"recent-posts-title\">H\u00e1rom fi\u00f3ka, egy \u00faj kezdet<\/a>\r\n\r\n\t\t\t\t\t\t\t\t\t\t<div class=\"recent-posts-info clr\">\r\n\t\t\t\t\t\t\t\t\t\t\t<div class=\"recent-posts-date\">j\u00falius 11, 2025<span class=\"sep\">\/<\/span><\/div>\r\n\t\t\t\t\t\t\t\t\t\t\t<div class=\"recent-posts-comments\"><a href=\"https:\/\/milvus.ro\/hu\/harom-fioka-egy-uj-kezdet\/#respond\">0 Comments<\/a><\/div>\r\n\t\t\t\t\t\t\t\t\t\t<\/div>\r\n\r\n\t\t\t\t\t\t\t\t\t<\/div>\r\n\r\n\t\t\t\t\t\t\t\t<\/div>\r\n\r\n\t\t\t\t\t\t\t<\/li>\r\n\r\n\t\t\t\t\t\t\r\n\t\t\t\t\t\t\t<li class=\"clr\">\r\n\r\n\t\t\t\t\t\t\t\t\t\t\t\t\t\t\t\t\t<a href=\"https:\/\/milvus.ro\/hu\/latvanyos-rovid-dokumentumfilm-a-kek-vercsekrol\/\" title=\"L\u00e1tv\u00e1nyos r\u00f6vid dokumentumfilm a k\u00e9k v\u00e9rcs\u00e9kr\u0151l\" class=\"recent-posts-thumbnail\">\r\n\t\t\t\t\t\t\t\t\t\t<img decoding=\"async\" width=\"150\" height=\"150\" src=\"https:\/\/milvus.ro\/wp-content\/uploads\/2024\/12\/465894646_122093337656619088_8384986654550019315_n-150x150.jpg\" class=\"attachment-thumbnail size-thumbnail wp-post-image\" alt=\"L\u00e1tv\u00e1nyos r\u00f6vid dokumentumfilm a k\u00e9k v\u00e9rcs\u00e9kr\u0151l\" itemprop=\"image\" srcset=\"https:\/\/milvus.ro\/wp-content\/uploads\/2024\/12\/465894646_122093337656619088_8384986654550019315_n-150x150.jpg 150w, https:\/\/milvus.ro\/wp-content\/uploads\/2024\/12\/465894646_122093337656619088_8384986654550019315_n-600x600.jpg 600w, https:\/\/milvus.ro\/wp-content\/uploads\/2024\/12\/465894646_122093337656619088_8384986654550019315_n-300x300.jpg 300w, https:\/\/milvus.ro\/wp-content\/uploads\/2024\/12\/465894646_122093337656619088_8384986654550019315_n-100x100.jpg 100w\" sizes=\"(max-width: 150px) 100vw, 150px\" \/>\r\n\t\t\t\t\t\t\t\t\t\t<span class=\"overlay\"><\/span>\r\n\t\t\t\t\t\t\t\t\t<\/a>\r\n\t\t\t\t\t\t\t\t\r\n\t\t\t\t\t\t\t\t<div class=\"recent-posts-details clr\">\r\n\r\n\t\t\t\t\t\t\t\t\t<div class=\"recent-posts-details-inner clr\">\r\n\r\n\t\t\t\t\t\t\t\t\t\t<a href=\"https:\/\/milvus.ro\/hu\/latvanyos-rovid-dokumentumfilm-a-kek-vercsekrol\/\" class=\"recent-posts-title\">L\u00e1tv\u00e1nyos r\u00f6vid dokumentumfilm a k\u00e9k v\u00e9rcs\u00e9kr\u0151l<\/a>\r\n\r\n\t\t\t\t\t\t\t\t\t\t<div class=\"recent-posts-info clr\">\r\n\t\t\t\t\t\t\t\t\t\t\t<div class=\"recent-posts-date\">december 12, 2024<span class=\"sep\">\/<\/span><\/div>\r\n\t\t\t\t\t\t\t\t\t\t\t<div class=\"recent-posts-comments\"><a href=\"https:\/\/milvus.ro\/hu\/latvanyos-rovid-dokumentumfilm-a-kek-vercsekrol\/#respond\">0 Comments<\/a><\/div>\r\n\t\t\t\t\t\t\t\t\t\t<\/div>\r\n\r\n\t\t\t\t\t\t\t\t\t<\/div>\r\n\r\n\t\t\t\t\t\t\t\t<\/div>\r\n\r\n\t\t\t\t\t\t\t<\/li>\r\n\r\n\t\t\t\t\t\t\r\n\t\t\t\t\t\t\t<li class=\"clr\">\r\n\r\n\t\t\t\t\t\t\t\t\t\t\t\t\t\t\t\t\t<a href=\"https:\/\/milvus.ro\/hu\/2024-elso-elengedese\/\" title=\"2024 els\u0151 elenged\u00e9se!\" class=\"recent-posts-thumbnail\">\r\n\t\t\t\t\t\t\t\t\t\t<img decoding=\"async\" width=\"150\" height=\"150\" src=\"https:\/\/milvus.ro\/wp-content\/uploads\/2024\/01\/PXL_20240117_103703132-150x150.jpg\" class=\"attachment-thumbnail size-thumbnail wp-post-image\" alt=\"2024 els\u0151 elenged\u00e9se!\" itemprop=\"image\" srcset=\"https:\/\/milvus.ro\/wp-content\/uploads\/2024\/01\/PXL_20240117_103703132-150x150.jpg 150w, https:\/\/milvus.ro\/wp-content\/uploads\/2024\/01\/PXL_20240117_103703132-scaled-300x300.jpg 300w, https:\/\/milvus.ro\/wp-content\/uploads\/2024\/01\/PXL_20240117_103703132-scaled-100x100.jpg 100w, https:\/\/milvus.ro\/wp-content\/uploads\/2024\/01\/PXL_20240117_103703132-600x600.jpg 600w\" sizes=\"(max-width: 150px) 100vw, 150px\" \/>\r\n\t\t\t\t\t\t\t\t\t\t<span class=\"overlay\"><\/span>\r\n\t\t\t\t\t\t\t\t\t<\/a>\r\n\t\t\t\t\t\t\t\t\r\n\t\t\t\t\t\t\t\t<div class=\"recent-posts-details clr\">\r\n\r\n\t\t\t\t\t\t\t\t\t<div class=\"recent-posts-details-inner clr\">\r\n\r\n\t\t\t\t\t\t\t\t\t\t<a href=\"https:\/\/milvus.ro\/hu\/2024-elso-elengedese\/\" class=\"recent-posts-title\">2024 els\u0151 elenged\u00e9se!<\/a>\r\n\r\n\t\t\t\t\t\t\t\t\t\t<div class=\"recent-posts-info clr\">\r\n\t\t\t\t\t\t\t\t\t\t\t<div class=\"recent-posts-date\">janu\u00e1r 26, 2024<span class=\"sep\">\/<\/span><\/div>\r\n\t\t\t\t\t\t\t\t\t\t\t<div class=\"recent-posts-comments\"><a href=\"https:\/\/milvus.ro\/hu\/2024-elso-elengedese\/#respond\">0 Comments<\/a><\/div>\r\n\t\t\t\t\t\t\t\t\t\t<\/div>\r\n\r\n\t\t\t\t\t\t\t\t\t<\/div>\r\n\r\n\t\t\t\t\t\t\t\t<\/div>\r\n\r\n\t\t\t\t\t\t\t<\/li>\r\n\r\n\t\t\t\t\t\t\r\n\t\t\t\t\t\t\t<li class=\"clr\">\r\n\r\n\t\t\t\t\t\t\t\t\t\t\t\t\t\t\t\t\t<a href=\"https:\/\/milvus.ro\/hu\/varjuk-a-kek-vercsek-visszatereset\/\" title=\"V\u00e1rjuk a k\u00e9k v\u00e9rcs\u00e9k visszat\u00e9r\u00e9s\u00e9t\" class=\"recent-posts-thumbnail\">\r\n\t\t\t\t\t\t\t\t\t\t<img loading=\"lazy\" decoding=\"async\" width=\"150\" height=\"150\" src=\"https:\/\/milvus.ro\/wp-content\/uploads\/2023\/04\/Asteptam-revenirea-vantureilor-de-seara-4-150x150.jpg\" class=\"attachment-thumbnail size-thumbnail wp-post-image\" alt=\"V\u00e1rjuk a k\u00e9k v\u00e9rcs\u00e9k visszat\u00e9r\u00e9s\u00e9t\" itemprop=\"image\" srcset=\"https:\/\/milvus.ro\/wp-content\/uploads\/2023\/04\/Asteptam-revenirea-vantureilor-de-seara-4-150x150.jpg 150w, https:\/\/milvus.ro\/wp-content\/uploads\/2023\/04\/Asteptam-revenirea-vantureilor-de-seara-4-scaled-300x300.jpg 300w, https:\/\/milvus.ro\/wp-content\/uploads\/2023\/04\/Asteptam-revenirea-vantureilor-de-seara-4-scaled-100x100.jpg 100w, https:\/\/milvus.ro\/wp-content\/uploads\/2023\/04\/Asteptam-revenirea-vantureilor-de-seara-4-600x600.jpg 600w\" sizes=\"(max-width: 150px) 100vw, 150px\" \/>\r\n\t\t\t\t\t\t\t\t\t\t<span class=\"overlay\"><\/span>\r\n\t\t\t\t\t\t\t\t\t<\/a>\r\n\t\t\t\t\t\t\t\t\r\n\t\t\t\t\t\t\t\t<div class=\"recent-posts-details clr\">\r\n\r\n\t\t\t\t\t\t\t\t\t<div class=\"recent-posts-details-inner clr\">\r\n\r\n\t\t\t\t\t\t\t\t\t\t<a href=\"https:\/\/milvus.ro\/hu\/varjuk-a-kek-vercsek-visszatereset\/\" class=\"recent-posts-title\">V\u00e1rjuk a k\u00e9k v\u00e9rcs\u00e9k visszat\u00e9r\u00e9s\u00e9t<\/a>\r\n\r\n\t\t\t\t\t\t\t\t\t\t<div class=\"recent-posts-info clr\">\r\n\t\t\t\t\t\t\t\t\t\t\t<div class=\"recent-posts-date\">\u00e1prilis 14, 2023<span class=\"sep\">\/<\/span><\/div>\r\n\t\t\t\t\t\t\t\t\t\t\t<div class=\"recent-posts-comments\"><a href=\"https:\/\/milvus.ro\/hu\/varjuk-a-kek-vercsek-visszatereset\/#respond\">0 Comments<\/a><\/div>\r\n\t\t\t\t\t\t\t\t\t\t<\/div>\r\n\r\n\t\t\t\t\t\t\t\t\t<\/div>\r\n\r\n\t\t\t\t\t\t\t\t<\/div>\r\n\r\n\t\t\t\t\t\t\t<\/li>\r\n\r\n\t\t\t\t\t\t\r\n\t\t\t\t\t\r\n\t\t\t\t<\/ul>\r\n\r\n\t\t\t\t\r\n\t\t\t\t\t<\/div>\n\t\t\t\t<\/div>\n\t\t\t\t\t<\/div>\n\t\t<\/div>\n\t\t\t\t\t<\/div>\n\t\t<\/section>\n\t\t\t\t<section class=\"elementor-section elementor-top-section elementor-element elementor-element-74ec150 elementor-section-boxed elementor-section-height-default elementor-section-height-default\" data-id=\"74ec150\" data-element_type=\"section\">\n\t\t\t\t\t\t<div class=\"elementor-container elementor-column-gap-wide\">\n\t\t\t\t\t<div class=\"elementor-column elementor-col-100 elementor-top-column elementor-element elementor-element-2e40653\" data-id=\"2e40653\" data-element_type=\"column\">\n\t\t\t<div class=\"elementor-widget-wrap elementor-element-populated\">\n\t\t\t\t\t\t<div class=\"elementor-element elementor-element-7f04d09 elementor-widget elementor-widget-text-editor\" data-id=\"7f04d09\" data-element_type=\"widget\" data-widget_type=\"text-editor.default\">\n\t\t\t\t<div class=\"elementor-widget-container\">\n\t\t\t\t\t\t\t<p>Kedves kameral\u00e1togat\u00f3k!<\/p><p>Itt sz\u00f3lhatnak hozz\u00e1, f\u0171zhetnek megjegyz\u00e9seket a f\u00e9szken t\u00f6rt\u00e9nt esem\u00e9nyekhez. T\u00f6bb n\u00e9z\u0151 t\u00f6bbet l\u00e1t, \u00edgy sokan \u00e9rtes\u00fclhetnek olyan t\u00f6rt\u00e9n\u00e9sekr\u0151l, amiket nem siker\u00fclt mindenkinek elcs\u00edpni a k\u00e9perny\u0151 el\u0151tt. A bejegyz\u00e9seket moder\u00e1ljuk, \u00edgy nem jelennek meg azonnal a fel\u00fcleten \u00e9s el\u0151fordulhat, hogy a r\u00e9gi megjegyz\u00e9sek sem l\u00e1tszanak. K\u00e9rj\u00fck ne \u00edrjanak a madarakhoz nem tartoz\u00f3 megjegyz\u00e9seket. K\u00f6sz\u00f6nj\u00fck!<\/p>\t\t\t\t\t\t<\/div>\n\t\t\t\t<\/div>\n\t\t\t\t\t<\/div>\n\t\t<\/div>\n\t\t\t\t\t<\/div>\n\t\t<\/section>\n\t\t\t\t<\/div>\n\t\t<\/div>\n\t\t\t\t<\/div>\n\t\t\t\t<\/div>\n\t\t\t\t\t<\/div>\n\t\t<\/div>\n\t\t\t\t\t<\/div>\n\t\t<\/section>\n\t\t\t\t<\/div>\n\t\t","protected":false},"excerpt":{"rendered":"","protected":false},"author":3,"featured_media":1194,"parent":30517,"menu_order":2,"comment_status":"open","ping_status":"closed","template":"","meta":{"_acf_changed":false,"_eb_attr":"","ocean_post_layout":"","ocean_both_sidebars_style":"","ocean_both_sidebars_content_width":0,"ocean_both_sidebars_sidebars_width":0,"ocean_sidebar":"0","ocean_second_sidebar":"0","ocean_disable_margins":"enable","ocean_add_body_class":"","ocean_shortcode_before_top_bar":"","ocean_shortcode_after_top_bar":"","ocean_shortcode_before_header":"","ocean_shortcode_after_header":"","ocean_has_shortcode":"","ocean_shortcode_after_title":"[oceanwp_library id=\"27473\"]","ocean_shortcode_before_footer_widgets":"","ocean_shortcode_after_footer_widgets":"","ocean_shortcode_before_footer_bottom":"","ocean_shortcode_after_footer_bottom":"","ocean_display_top_bar":"default","ocean_display_header":"default","ocean_header_style":"","ocean_center_header_left_menu":"0","ocean_custom_header_template":"0","ocean_custom_logo":0,"ocean_custom_retina_logo":0,"ocean_custom_logo_max_width":0,"ocean_custom_logo_tablet_max_width":0,"ocean_custom_logo_mobile_max_width":0,"ocean_custom_logo_max_height":0,"ocean_custom_logo_tablet_max_height":0,"ocean_custom_logo_mobile_max_height":0,"ocean_header_custom_menu":"0","ocean_menu_typo_font_family":"0","ocean_menu_typo_font_subset":"","ocean_menu_typo_font_size":0,"ocean_menu_typo_font_size_tablet":0,"ocean_menu_typo_font_size_mobile":0,"ocean_menu_typo_font_size_unit":"px","ocean_menu_typo_font_weight":"","ocean_menu_typo_font_weight_tablet":"","ocean_menu_typo_font_weight_mobile":"","ocean_menu_typo_transform":"","ocean_menu_typo_transform_tablet":"","ocean_menu_typo_transform_mobile":"","ocean_menu_typo_line_height":0,"ocean_menu_typo_line_height_tablet":0,"ocean_menu_typo_line_height_mobile":0,"ocean_menu_typo_line_height_unit":"","ocean_menu_typo_spacing":0,"ocean_menu_typo_spacing_tablet":0,"ocean_menu_typo_spacing_mobile":0,"ocean_menu_typo_spacing_unit":"","ocean_menu_link_color":"","ocean_menu_link_color_hover":"","ocean_menu_link_color_active":"","ocean_menu_link_background":"","ocean_menu_link_hover_background":"","ocean_menu_link_active_background":"","ocean_menu_social_links_bg":"","ocean_menu_social_hover_links_bg":"","ocean_menu_social_links_color":"","ocean_menu_social_hover_links_color":"","ocean_disable_title":"default","ocean_disable_heading":"default","ocean_post_title":"","ocean_post_subheading":"","ocean_post_title_style":"","ocean_post_title_background_color":"","ocean_post_title_background":0,"ocean_post_title_bg_image_position":"","ocean_post_title_bg_image_attachment":"","ocean_post_title_bg_image_repeat":"","ocean_post_title_bg_image_size":"","ocean_post_title_height":0,"ocean_post_title_bg_overlay":0.5,"ocean_post_title_bg_overlay_color":"","ocean_disable_breadcrumbs":"off","ocean_breadcrumbs_color":"","ocean_breadcrumbs_separator_color":"","ocean_breadcrumbs_links_color":"","ocean_breadcrumbs_links_hover_color":"","ocean_display_footer_widgets":"default","ocean_display_footer_bottom":"default","ocean_custom_footer_template":"0","omw_enable_modal_window":"enable","osh_disable_topbar_sticky":"default","osh_disable_header_sticky":"default","osh_sticky_header_style":"default","osh_sticky_header_effect":"","osh_custom_sticky_logo":0,"osh_custom_retina_sticky_logo":0,"osh_custom_sticky_logo_height":0,"osh_background_color":"","osh_links_color":"","osh_links_hover_color":"","osh_links_active_color":"","osh_links_bg_color":"","osh_links_hover_bg_color":"","osh_links_active_bg_color":"","osh_menu_social_links_color":"","osh_menu_social_hover_links_color":"","footnotes":""},"class_list":["post-30625","page","type-page","status-publish","has-post-thumbnail","hentry","entry","has-media","owp-thumbs-layout-horizontal","owp-btn-normal","owp-tabs-layout-horizontal","has-no-thumbnails","has-product-nav"],"acf":[],"_links":{"self":[{"href":"https:\/\/milvus.ro\/hu\/wp-json\/wp\/v2\/pages\/30625","targetHints":{"allow":["GET"]}}],"collection":[{"href":"https:\/\/milvus.ro\/hu\/wp-json\/wp\/v2\/pages"}],"about":[{"href":"https:\/\/milvus.ro\/hu\/wp-json\/wp\/v2\/types\/page"}],"author":[{"embeddable":true,"href":"https:\/\/milvus.ro\/hu\/wp-json\/wp\/v2\/users\/3"}],"replies":[{"embeddable":true,"href":"https:\/\/milvus.ro\/hu\/wp-json\/wp\/v2\/comments?post=30625"}],"version-history":[{"count":4,"href":"https:\/\/milvus.ro\/hu\/wp-json\/wp\/v2\/pages\/30625\/revisions"}],"predecessor-version":[{"id":30629,"href":"https:\/\/milvus.ro\/hu\/wp-json\/wp\/v2\/pages\/30625\/revisions\/30629"}],"up":[{"embeddable":true,"href":"https:\/\/milvus.ro\/hu\/wp-json\/wp\/v2\/pages\/30517"}],"wp:featuredmedia":[{"embeddable":true,"href":"https:\/\/milvus.ro\/hu\/wp-json\/wp\/v2\/media\/1194"}],"wp:attachment":[{"href":"https:\/\/milvus.ro\/hu\/wp-json\/wp\/v2\/media?parent=30625"}],"curies":[{"name":"wp","href":"https:\/\/api.w.org\/{rel}","templated":true}]}}