{"id":29751,"date":"2021-05-12T18:49:43","date_gmt":"2021-05-12T15:49:43","guid":{"rendered":"https:\/\/new.milvus.ro\/?page_id=29751"},"modified":"2021-09-23T08:11:55","modified_gmt":"2021-09-23T05:11:55","slug":"mit-tehetsz-a-klimavaltozas-ellen","status":"publish","type":"page","link":"https:\/\/milvus.ro\/hu\/gameon\/mit-tehetsz-a-klimavaltozas-ellen\/","title":{"rendered":"Mit tehetsz a kl\u00edmav\u00e1ltoz\u00e1s ellen?"},"content":{"rendered":"\t\t<div data-elementor-type=\"wp-page\" data-elementor-id=\"29751\" class=\"elementor elementor-29751\">\n\t\t\t\t\t\t<section class=\"elementor-section elementor-top-section elementor-element elementor-element-ee2a59d elementor-section-boxed elementor-section-height-default elementor-section-height-default\" data-id=\"ee2a59d\" data-element_type=\"section\">\n\t\t\t\t\t\t<div class=\"elementor-container elementor-column-gap-default\">\n\t\t\t\t\t<div class=\"elementor-column elementor-col-100 elementor-top-column elementor-element elementor-element-1c10e05\" data-id=\"1c10e05\" data-element_type=\"column\">\n\t\t\t<div class=\"elementor-widget-wrap elementor-element-populated\">\n\t\t\t\t\t\t<div class=\"elementor-element elementor-element-e2c50f1 elementor-widget elementor-widget-text-editor\" data-id=\"e2c50f1\" data-element_type=\"widget\" data-widget_type=\"text-editor.default\">\n\t\t\t\t<div class=\"elementor-widget-container\">\n\t\t\t\t\t\t\t<p>A kl\u00edmav\u00e1ltoz\u00e1s j\u00f6v\u0151nk egyik legmeghat\u00e1roz\u00f3bb jelens\u00e9ge. <a href=\"https:\/\/www.pewresearch.org\/fact-tank\/2019\/04\/18\/a-look-at-how-people-around-the-world-view-climate-change\/\" target=\"_blank\" rel=\"noopener\">A vil\u00e1gon 10-b\u0151l 8 ember tekint \u00fagy r\u00e1, mint orsz\u00e1g\u00e1t \u00e9rint\u0151 nagy vesz\u00e9lyre.<\/a> Ha az emberis\u00e9g nem tesz ellene, hat\u00e1sa jelenlegi \u00e9let\u00fcnket fenekest\u00fcl fogja felforgatni. Mindannyiunkat \u00e9rint a F\u00f6ld\u00f6n, s \u00e9ppen ez\u00e9rt k\u00f6z\u00f6s felel\u0151ss\u00e9g\u00fcnk, hogy megf\u00e9kez\u00e9s\u00e9\u00e9rt minden t\u0151l\u00fcnk telhet\u0151t megtegy\u00fcnk.<\/p><p>Azt gondolod, kedves olvas\u00f3, hogy egyszer\u0171 emberk\u00e9nt nem tudsz tenni egy ilyen glob\u00e1lis probl\u00e9ma ellen? Enn\u00e9l nagyobbat nem is t\u00e9vedhetn\u00e9l. Mindennapi \u00e9leted szinte minden ter\u00fclet\u00e9n jelent\u0151sen tudsz tenni a sz\u00e9n-dioxid kibocs\u00e1t\u00e1s ellen. Azzal hogy, mit v\u00e1s\u00e1rolsz, hova m\u00e9sz, mivel m\u00e9sz, milyen t\u00e1rgyakat haszn\u00e1lsz, \u00e9s hogyan haszn\u00e1lod azokat, hat\u00e1ssal vagy a k\u00f6r\u00fcl\u00f6tted l\u00e9v\u0151 vil\u00e1gra, s ezzel hat\u00e1ssal vagy a kl\u00edmav\u00e1ltoz\u00e1s alakul\u00e1s\u00e1ra is. Ebben az \u00edr\u00e1sban seg\u00edteni szeretn\u00e9nk neked, hogy tudatos kl\u00edmav\u00e9d\u0151v\u00e9 v\u00e1lhass a mindennapjaidban.<\/p><p><a href=\"https:\/\/www.tandfonline.com\/doi\/full\/10.1080\/16000870.2019.1620078\" target=\"_blank\" rel=\"noopener\">A kl\u00edmav\u00e1ltoz\u00e1s elleni egyik legf\u0151bb v\u00e9dekez\u00e9s, az \u00fcvegh\u00e1zhat\u00e1st okoz\u00f3 g\u00e1zok kibocs\u00e1t\u00e1s\u00e1nak cs\u00f6kkent\u00e9se<\/a>. Igaz, leveg\u0151t venni kevesebbszer nem lehet, m\u00e9gis akad sz\u00e1mos m\u00e1s olyan fort\u00e9ly, amivel j\u00f3csk\u00e1n tudsz cs\u00f6kkenteni sz\u00e9nl\u00e1bnyomodon.<\/p>\t\t\t\t\t\t<\/div>\n\t\t\t\t<\/div>\n\t\t\t\t\t<\/div>\n\t\t<\/div>\n\t\t\t\t\t<\/div>\n\t\t<\/section>\n\t\t\t\t<section class=\"elementor-section elementor-top-section elementor-element elementor-element-bb500b9 elementor-section-boxed elementor-section-height-default elementor-section-height-default\" data-id=\"bb500b9\" data-element_type=\"section\">\n\t\t\t\t\t\t<div class=\"elementor-container elementor-column-gap-default\">\n\t\t\t\t\t<div class=\"elementor-column elementor-col-100 elementor-top-column elementor-element elementor-element-5baf145\" data-id=\"5baf145\" data-element_type=\"column\">\n\t\t\t<div class=\"elementor-widget-wrap elementor-element-populated\">\n\t\t\t\t\t\t<div class=\"elementor-element elementor-element-75e98d2 elementor-grid-eael-col-3 elementor-grid-tablet-eael-col-2 elementor-grid-mobile-eael-col-1 elementor-widget elementor-widget-eael-post-grid\" data-id=\"75e98d2\" data-element_type=\"widget\" data-settings=\"{&quot;eael_post_grid_columns&quot;:&quot;eael-col-3&quot;,&quot;eael_post_grid_columns_tablet&quot;:&quot;eael-col-2&quot;,&quot;eael_post_grid_columns_mobile&quot;:&quot;eael-col-1&quot;}\" data-widget_type=\"eael-post-grid.default\">\n\t\t\t\t<div class=\"elementor-widget-container\">\n\t\t\t<div id=\"eael-post-grid-75e98d2\" class=\"eael-post-grid-container\">\n            <div class=\"eael-post-grid eael-post-appender eael-post-appender-75e98d2 eael-post-grid-style-two\" data-layout-mode=\"grid\"><article class=\"eael-grid-post eael-post-grid-column\" data-id=\"29708\">\n        <div class=\"eael-grid-post-holder\">\n            <div class=\"eael-grid-post-holder-inner\"><div class=\"eael-entry-media\"><div class=\"eael-entry-overlay fade-in\"><i class=\"\" aria-hidden=\"true\"><\/i><a href=\"https:\/\/milvus.ro\/hu\/taplalkozas\/\"><\/a><\/div><div class=\"eael-entry-thumbnail \">\n                                <img fetchpriority=\"high\" decoding=\"async\" width=\"768\" height=\"432\" src=\"https:\/\/milvus.ro\/wp-content\/uploads\/2021\/01\/taplalkozas-1-768x432.png\" class=\"attachment-medium_large size-medium_large wp-image-30482\" alt=\"\" srcset=\"https:\/\/milvus.ro\/wp-content\/uploads\/2021\/01\/taplalkozas-1-768x432.png 768w, https:\/\/milvus.ro\/wp-content\/uploads\/2021\/01\/taplalkozas-1-600x337.png 600w, https:\/\/milvus.ro\/wp-content\/uploads\/2021\/01\/taplalkozas-1-300x169.png 300w, https:\/\/milvus.ro\/wp-content\/uploads\/2021\/01\/taplalkozas-1-1024x576.png 1024w, https:\/\/milvus.ro\/wp-content\/uploads\/2021\/01\/taplalkozas-1.png 1080w\" sizes=\"(max-width: 768px) 100vw, 768px\" \/>\n                              <\/div>\n                      <\/div><div class=\"eael-entry-wrapper\"><header class=\"eael-entry-header\"><h1 class=\"eael-entry-title\"><a class=\"eael-grid-post-link\" href=\"https:\/\/milvus.ro\/hu\/taplalkozas\/\" title=\"T\u00e1pl\u00e1lkoz\u00e1s\">T\u00e1pl\u00e1lkoz\u00e1s<\/a><\/h1><\/header><div class=\"eael-entry-content\">\n                                    <div class=\"eael-grid-post-excerpt\"><p>Az ember naponta h\u00e1rom-\u00f6tsz\u00f6r \u00e9tkezik. \u00c9let\u00e9nek meghat\u00e1roz\u00f3 idej\u00e9t t\u00f6lti ki az \u00e9lelmiszer beszerz\u00e9se, annak elk\u00e9sz\u00edt\u00e9se \u00e9s elfogyaszt\u00e1sa. Nem is csoda ez\u00e9rt, hogy kl\u00edma szempontj\u00e1b\u00f3l ez az egyik ter\u00fclet, amelyre nem...<\/p><a\n                                        href=\"https:\/\/milvus.ro\/hu\/taplalkozas\/\"\n                                        class=\"eael-post-elements-readmore-btn\">B\u0151vebben<\/a><\/div>\n                                <\/div><\/div><\/div>\n        <\/div>\n    <\/article><article class=\"eael-grid-post eael-post-grid-column\" data-id=\"29732\">\n        <div class=\"eael-grid-post-holder\">\n            <div class=\"eael-grid-post-holder-inner\"><div class=\"eael-entry-media\"><div class=\"eael-entry-overlay fade-in\"><i class=\"\" aria-hidden=\"true\"><\/i><a href=\"https:\/\/milvus.ro\/hu\/kozlekedes\/\"><\/a><\/div><div class=\"eael-entry-thumbnail \">\n                                <img decoding=\"async\" width=\"768\" height=\"432\" src=\"https:\/\/milvus.ro\/wp-content\/uploads\/2021\/01\/kozlekedes-768x432.png\" class=\"attachment-medium_large size-medium_large wp-image-30485\" alt=\"\" srcset=\"https:\/\/milvus.ro\/wp-content\/uploads\/2021\/01\/kozlekedes-768x432.png 768w, https:\/\/milvus.ro\/wp-content\/uploads\/2021\/01\/kozlekedes-600x337.png 600w, https:\/\/milvus.ro\/wp-content\/uploads\/2021\/01\/kozlekedes-300x169.png 300w, https:\/\/milvus.ro\/wp-content\/uploads\/2021\/01\/kozlekedes-1024x576.png 1024w, https:\/\/milvus.ro\/wp-content\/uploads\/2021\/01\/kozlekedes.png 1080w\" sizes=\"(max-width: 768px) 100vw, 768px\" \/>\n                              <\/div>\n                      <\/div><div class=\"eael-entry-wrapper\"><header class=\"eael-entry-header\"><h1 class=\"eael-entry-title\"><a class=\"eael-grid-post-link\" href=\"https:\/\/milvus.ro\/hu\/kozlekedes\/\" title=\"K\u00f6zleked\u00e9s\">K\u00f6zleked\u00e9s<\/a><\/h1><\/header><div class=\"eael-entry-content\">\n                                    <div class=\"eael-grid-post-excerpt\"><p>Az k\u00f6zleked\u00e9sb\u0151l sz\u00e1rmaz\u00f3 energiafogyaszt\u00e1s a vil\u00e1g kibocs\u00e1t\u00e1s\u00e1nak 16,2 sz\u00e1zal\u00e9k\u00e1\u00e9rt felel\u0151s, aminek&nbsp; t\u00f6bb, mint fel\u00e9t a lakoss\u00e1gi k\u00f6zleked\u00e9s adja. \u00cdgy mindenkinek lehet\u0151s\u00e9ge \u00e9s felel\u0151ss\u00e9ge van k\u00f6zleked\u00e9si l\u00e1bnyom cs\u00f6kkent\u00e9s\u00e9ben.Fel\u00fclsz a biciklire, felsz\u00e1llsz...<\/p><a\n                                        href=\"https:\/\/milvus.ro\/hu\/kozlekedes\/\"\n                                        class=\"eael-post-elements-readmore-btn\">B\u0151vebben<\/a><\/div>\n                                <\/div><\/div><\/div>\n        <\/div>\n    <\/article><article class=\"eael-grid-post eael-post-grid-column\" data-id=\"29746\">\n        <div class=\"eael-grid-post-holder\">\n            <div class=\"eael-grid-post-holder-inner\"><div class=\"eael-entry-media\"><div class=\"eael-entry-overlay fade-in\"><i class=\"\" aria-hidden=\"true\"><\/i><a href=\"https:\/\/milvus.ro\/hu\/energiafogyasztas-otthon\/\"><\/a><\/div><div class=\"eael-entry-thumbnail \">\n                                <img decoding=\"async\" width=\"768\" height=\"459\" src=\"https:\/\/milvus.ro\/wp-content\/uploads\/2021\/01\/energiafogyasztas-otthon-1-768x459.png\" class=\"attachment-medium_large size-medium_large wp-image-30488\" alt=\"\" srcset=\"https:\/\/milvus.ro\/wp-content\/uploads\/2021\/01\/energiafogyasztas-otthon-1-768x459.png 768w, https:\/\/milvus.ro\/wp-content\/uploads\/2021\/01\/energiafogyasztas-otthon-1-600x358.png 600w, https:\/\/milvus.ro\/wp-content\/uploads\/2021\/01\/energiafogyasztas-otthon-1-300x179.png 300w, https:\/\/milvus.ro\/wp-content\/uploads\/2021\/01\/energiafogyasztas-otthon-1-1024x612.png 1024w, https:\/\/milvus.ro\/wp-content\/uploads\/2021\/01\/energiafogyasztas-otthon-1.png 1080w\" sizes=\"(max-width: 768px) 100vw, 768px\" \/>\n                              <\/div>\n                      <\/div><div class=\"eael-entry-wrapper\"><header class=\"eael-entry-header\"><h1 class=\"eael-entry-title\"><a class=\"eael-grid-post-link\" href=\"https:\/\/milvus.ro\/hu\/energiafogyasztas-otthon\/\" title=\"Energiafogyaszt\u00e1s otthon\">Energiafogyaszt\u00e1s otthon<\/a><\/h1><\/header><div class=\"eael-entry-content\">\n                                    <div class=\"eael-grid-post-excerpt\"><p>A lak\u00e1sok energiafogyaszt\u00e1sa (vil\u00e1g\u00edt\u00e1s, f\u0151z\u00e9s, eszk\u00f6zhaszn\u00e1lat, f\u0171t\u00e9s, stb.) felel\u0151s a vil\u00e1g \u00fcvegh\u00e1zhat\u00e1s\u00fa g\u00e1zkibocs\u00e1t\u00e1s\u00e1nak 10,9 sz\u00e1zal\u00e9k\u00e1\u00e9rt. A K\u00f6z\u00e9p-Eur\u00f3pai lakoss\u00e1g energiahaszn\u00e1lat\u00e1nak jelent\u0151s r\u00e9sz\u00e9t a lak\u00e1sf\u0171t\u00e9s teszi ki. Rom\u00e1ni\u00e1ban az elektromos \u00e1ramfogyaszt\u00e1s \u00e9s...<\/p><a\n                                        href=\"https:\/\/milvus.ro\/hu\/energiafogyasztas-otthon\/\"\n                                        class=\"eael-post-elements-readmore-btn\">B\u0151vebben<\/a><\/div>\n                                <\/div><\/div><\/div>\n        <\/div>\n    <\/article><\/div>\n            <div class=\"clearfix\"><\/div>\n        <\/div>\t\t<\/div>\n\t\t\t\t<\/div>\n\t\t\t\t\t<\/div>\n\t\t<\/div>\n\t\t\t\t\t<\/div>\n\t\t<\/section>\n\t\t\t\t<section class=\"elementor-section elementor-top-section elementor-element elementor-element-fcbcba0 elementor-section-boxed elementor-section-height-default elementor-section-height-default\" data-id=\"fcbcba0\" data-element_type=\"section\">\n\t\t\t\t\t\t<div class=\"elementor-container elementor-column-gap-default\">\n\t\t\t\t\t<div class=\"elementor-column elementor-col-100 elementor-top-column elementor-element elementor-element-f04f598\" data-id=\"f04f598\" data-element_type=\"column\">\n\t\t\t<div class=\"elementor-widget-wrap elementor-element-populated\">\n\t\t\t\t\t\t<div class=\"elementor-element elementor-element-08f1fca elementor-widget elementor-widget-text-editor\" data-id=\"08f1fca\" data-element_type=\"widget\" data-widget_type=\"text-editor.default\">\n\t\t\t\t<div class=\"elementor-widget-container\">\n\t\t\t\t\t\t\t<p>Vizsg\u00e1ljuk meg egy\u00fctt, azokat az alapvet\u0151 ter\u00fcleteket, amelyek a g\u00e1zkibocs\u00e1t\u00e1s legnagyobb r\u00e9sz\u00e9\u00e9rt felel\u0151sek. Egyik ilyen ter\u00fclet az energiafelhaszn\u00e1l\u00e1s. Ez t\u00f6bbek k\u00f6zt mag\u00e1ba foglalja az \u00e1ramfogyaszt\u00e1st, a h\u0151termel\u00e9st, a k\u00f6zleked\u00e9st valamint az ipari tev\u00e9kenys\u00e9geket. A l\u00e9gk\u00f6rbe ker\u00fcl\u0151 \u00fcvegh\u00e1zhat\u00e1s\u00fa g\u00e1zok\u00e9rt kimagasl\u00f3an felel\u0151s m\u00e1sik nagy ter\u00fclet az \u00e9lelmiszergy\u00e1rt\u00e1s. Ehhez hozz\u00e1tartoznak a mez\u0151gazdas\u00e1gi \u00e9s a f\u00f6ldhaszn\u00e1lati tev\u00e9kenys\u00e9gek is. Ez a k\u00e9t ter\u00fclet felel\u0151s a vil\u00e1g \u00fcvegh\u00e1zhat\u00e1s\u00fa g\u00e1zkibocs\u00e1t\u00e1s\u00e1nak 91,7 sz\u00e1zal\u00e9k\u00e1\u00e9rt. (1. \u00e1bra).<\/p>\n<p>K\u00f6rbej\u00e1rtunk n\u00e9h\u00e1ny olyan kulcsfontoss\u00e1g\u00fa int\u00e9zked\u00e9st, amelyek az egyes ter\u00fcleteken t\u00f6rt\u00e9n\u0151 el\u0151rehalad\u00e1shoz sz\u00fcks\u00e9gesek, \u00e9s amelyeket mindennapi emberk\u00e9nt relat\u00edv k\u00f6nnyed\u00e9n megtehetsz. Term\u00e9szetesen ezek kisebb szint\u0171 \u00e9letm\u00f3dv\u00e1lt\u00e1ssal j\u00e1rnak, de nem fels\u0151 int\u00e9zked\u00e9s k\u00f6vetkezt\u00e9ben kell k\u00f6vetni \u0151ket. Objekt\u00edv, statisztikai adatokon megalapozott v\u00e1laszokat tal\u00e1lsz arr\u00f3l, hogy h\u00e9tk\u00f6znapi d\u00f6nt\u00e9seid sor\u00e1n, melyik lehet\u0151s\u00e9g is t\u00e9nylegesen a kl\u00edmabar\u00e1tabb, \u00e9s melyiket \u00e9rdemes elker\u00fclni.<\/p>\n<p>A fent felsorolt \u00f6tletek legt\u00f6bbje nehezebb \u00e9letm\u00f3dv\u00e1lt\u00e1s n\u00e9lk\u00fcl is megval\u00f3s\u00edthat\u00f3, s ezeket betartva m\u00e1ris rengeteget tudsz tenni a kl\u00edmav\u00e1ltoz\u00e1s ellen. Kezdj bele m\u00e1r ma, hisz a vil\u00e1gnak nem nagy tetteket v\u00e9ghezvitt h\u0151s\u00f6kre van sz\u00fcks\u00e9g, hanem a h\u00e9tk\u00f6znapjaikban tudatos mindennapi emberekre.<\/p>\t\t\t\t\t\t<\/div>\n\t\t\t\t<\/div>\n\t\t\t\t<div class=\"elementor-element elementor-element-20b13d9 elementor-widget elementor-widget-image\" data-id=\"20b13d9\" data-element_type=\"widget\" data-widget_type=\"image.default\">\n\t\t\t\t<div class=\"elementor-widget-container\">\n\t\t\t\t\t\t\t\t\t\t<figure class=\"wp-caption\">\n\t\t\t\t\t\t\t\t\t\t\t<a href=\"https:\/\/milvus.ro\/wp-content\/uploads\/2021\/05\/Emissions-by-sector-\u2013-pie-charts.png\">\n\t\t\t\t\t\t\t<img loading=\"lazy\" decoding=\"async\" width=\"1302\" height=\"1233\" src=\"https:\/\/milvus.ro\/wp-content\/uploads\/2021\/05\/Emissions-by-sector-\u2013-pie-charts.png\" class=\"attachment-full size-full wp-image-29753\" alt=\"\" srcset=\"https:\/\/milvus.ro\/wp-content\/uploads\/2021\/05\/Emissions-by-sector-\u2013-pie-charts.png 1302w, https:\/\/milvus.ro\/wp-content\/uploads\/2021\/05\/Emissions-by-sector-\u2013-pie-charts-600x568.png 600w, https:\/\/milvus.ro\/wp-content\/uploads\/2021\/05\/Emissions-by-sector-\u2013-pie-charts-300x284.png 300w, https:\/\/milvus.ro\/wp-content\/uploads\/2021\/05\/Emissions-by-sector-\u2013-pie-charts-1024x970.png 1024w, https:\/\/milvus.ro\/wp-content\/uploads\/2021\/05\/Emissions-by-sector-\u2013-pie-charts-768x727.png 768w\" sizes=\"(max-width: 1302px) 100vw, 1302px\" \/>\t\t\t\t\t\t\t\t<\/a>\n\t\t\t\t\t\t\t\t\t\t\t<figcaption class=\"widget-image-caption wp-caption-text\">1. \u00e1bra. https:\/\/ourworldindata.org\/ghg-emissions-by-sector<\/figcaption>\n\t\t\t\t\t\t\t\t\t\t<\/figure>\n\t\t\t\t\t\t\t<\/div>\n\t\t\t\t<\/div>\n\t\t\t\t\t<\/div>\n\t\t<\/div>\n\t\t\t\t\t<\/div>\n\t\t<\/section>\n\t\t\t\t<\/div>\n\t\t","protected":false},"excerpt":{"rendered":"A kl\u00edmav\u00e1ltoz\u00e1s j\u00f6v\u0151nk egyik legmeghat\u00e1roz\u00f3bb jelens\u00e9ge. A vil\u00e1gon 10-b\u0151l 8 ember tekint \u00fagy r\u00e1, mint orsz\u00e1g\u00e1t \u00e9rint\u0151 nagy vesz\u00e9lyre. Ha az emberis\u00e9g nem tesz ellene, hat\u00e1sa jelenlegi \u00e9let\u00fcnket fenekest\u00fcl fogja felforgatni. Mindannyiunkat \u00e9rint a F\u00f6ld\u00f6n, s \u00e9ppen ez\u00e9rt k\u00f6z\u00f6s felel\u0151ss\u00e9g\u00fcnk, hogy megf\u00e9kez\u00e9s\u00e9\u00e9rt minden t\u0151l\u00fcnk telhet\u0151t megtegy\u00fcnk.Azt gondolod, kedves olvas\u00f3, hogy egyszer\u0171 emberk\u00e9nt nem tudsz tenni [&hellip;]","protected":false},"author":2,"featured_media":552,"parent":17653,"menu_order":0,"comment_status":"closed","ping_status":"closed","template":"","meta":{"_acf_changed":false,"_eb_attr":"","ocean_post_layout":"","ocean_both_sidebars_style":"","ocean_both_sidebars_content_width":0,"ocean_both_sidebars_sidebars_width":0,"ocean_sidebar":"0","ocean_second_sidebar":"0","ocean_disable_margins":"enable","ocean_add_body_class":"","ocean_shortcode_before_top_bar":"","ocean_shortcode_after_top_bar":"","ocean_shortcode_before_header":"","ocean_shortcode_after_header":"","ocean_has_shortcode":"","ocean_shortcode_after_title":"[oceanwp_library id=\"2219\"]","ocean_shortcode_before_footer_widgets":"","ocean_shortcode_after_footer_widgets":"","ocean_shortcode_before_footer_bottom":"","ocean_shortcode_after_footer_bottom":"","ocean_display_top_bar":"default","ocean_display_header":"default","ocean_header_style":"","ocean_center_header_left_menu":"0","ocean_custom_header_template":"0","ocean_custom_logo":0,"ocean_custom_retina_logo":0,"ocean_custom_logo_max_width":0,"ocean_custom_logo_tablet_max_width":0,"ocean_custom_logo_mobile_max_width":0,"ocean_custom_logo_max_height":0,"ocean_custom_logo_tablet_max_height":0,"ocean_custom_logo_mobile_max_height":0,"ocean_header_custom_menu":"0","ocean_menu_typo_font_family":"0","ocean_menu_typo_font_subset":"","ocean_menu_typo_font_size":0,"ocean_menu_typo_font_size_tablet":0,"ocean_menu_typo_font_size_mobile":0,"ocean_menu_typo_font_size_unit":"px","ocean_menu_typo_font_weight":"","ocean_menu_typo_font_weight_tablet":"","ocean_menu_typo_font_weight_mobile":"","ocean_menu_typo_transform":"","ocean_menu_typo_transform_tablet":"","ocean_menu_typo_transform_mobile":"","ocean_menu_typo_line_height":0,"ocean_menu_typo_line_height_tablet":0,"ocean_menu_typo_line_height_mobile":0,"ocean_menu_typo_line_height_unit":"","ocean_menu_typo_spacing":0,"ocean_menu_typo_spacing_tablet":0,"ocean_menu_typo_spacing_mobile":0,"ocean_menu_typo_spacing_unit":"","ocean_menu_link_color":"","ocean_menu_link_color_hover":"","ocean_menu_link_color_active":"","ocean_menu_link_background":"","ocean_menu_link_hover_background":"","ocean_menu_link_active_background":"","ocean_menu_social_links_bg":"","ocean_menu_social_hover_links_bg":"","ocean_menu_social_links_color":"","ocean_menu_social_hover_links_color":"","ocean_disable_title":"default","ocean_disable_heading":"default","ocean_post_title":"","ocean_post_subheading":"","ocean_post_title_style":"background-image","ocean_post_title_background_color":"","ocean_post_title_background":27532,"ocean_post_title_bg_image_position":"center center","ocean_post_title_bg_image_attachment":"","ocean_post_title_bg_image_repeat":"no-repeat","ocean_post_title_bg_image_size":"cover","ocean_post_title_height":0,"ocean_post_title_bg_overlay":0.1,"ocean_post_title_bg_overlay_color":"#000000","ocean_disable_breadcrumbs":"default","ocean_breadcrumbs_color":"","ocean_breadcrumbs_separator_color":"","ocean_breadcrumbs_links_color":"","ocean_breadcrumbs_links_hover_color":"","ocean_display_footer_widgets":"default","ocean_display_footer_bottom":"default","ocean_custom_footer_template":"0","omw_enable_modal_window":"enable","osh_disable_topbar_sticky":"default","osh_disable_header_sticky":"default","osh_sticky_header_style":"default","osh_sticky_header_effect":"","osh_custom_sticky_logo":0,"osh_custom_retina_sticky_logo":0,"osh_custom_sticky_logo_height":0,"osh_background_color":"","osh_links_color":"","osh_links_hover_color":"","osh_links_active_color":"","osh_links_bg_color":"","osh_links_hover_bg_color":"","osh_links_active_bg_color":"","osh_menu_social_links_color":"","osh_menu_social_hover_links_color":"","footnotes":""},"class_list":["post-29751","page","type-page","status-publish","has-post-thumbnail","hentry","entry","has-media","owp-thumbs-layout-horizontal","owp-btn-normal","owp-tabs-layout-horizontal","has-no-thumbnails","has-product-nav"],"acf":[],"_links":{"self":[{"href":"https:\/\/milvus.ro\/hu\/wp-json\/wp\/v2\/pages\/29751","targetHints":{"allow":["GET"]}}],"collection":[{"href":"https:\/\/milvus.ro\/hu\/wp-json\/wp\/v2\/pages"}],"about":[{"href":"https:\/\/milvus.ro\/hu\/wp-json\/wp\/v2\/types\/page"}],"author":[{"embeddable":true,"href":"https:\/\/milvus.ro\/hu\/wp-json\/wp\/v2\/users\/2"}],"replies":[{"embeddable":true,"href":"https:\/\/milvus.ro\/hu\/wp-json\/wp\/v2\/comments?post=29751"}],"version-history":[{"count":20,"href":"https:\/\/milvus.ro\/hu\/wp-json\/wp\/v2\/pages\/29751\/revisions"}],"predecessor-version":[{"id":31835,"href":"https:\/\/milvus.ro\/hu\/wp-json\/wp\/v2\/pages\/29751\/revisions\/31835"}],"up":[{"embeddable":true,"href":"https:\/\/milvus.ro\/hu\/wp-json\/wp\/v2\/pages\/17653"}],"wp:featuredmedia":[{"embeddable":true,"href":"https:\/\/milvus.ro\/hu\/wp-json\/wp\/v2\/media\/552"}],"wp:attachment":[{"href":"https:\/\/milvus.ro\/hu\/wp-json\/wp\/v2\/media?parent=29751"}],"curies":[{"name":"wp","href":"https:\/\/api.w.org\/{rel}","templated":true}]}}