{"id":28691,"date":"2020-08-07T12:37:50","date_gmt":"2020-08-07T09:37:50","guid":{"rendered":"https:\/\/new.milvus.ro\/?page_id=28691"},"modified":"2021-04-08T17:32:01","modified_gmt":"2021-04-08T14:32:01","slug":"dealurile-tarnavelor-valea-nirajului","status":"publish","type":"page","link":"https:\/\/milvus.ro\/hu\/natura-2000\/dealurile-tarnavelor-valea-nirajului\/","title":{"rendered":"A Ny\u00e1r\u00e1d \u00e9s Kis-K\u00fck\u00fcll\u0151 menti Natura 2000-es term\u00e9szetv\u00e9delmi ter\u00fcletek"},"content":{"rendered":"<p>A Ny\u00e1r\u00e1d \u00e9s Kis-K\u00fck\u00fcll\u0151 ment\u00e9n 4 ter\u00fclet \u00e9lvez Natura 2000 v\u00e9detts\u00e9get. Ezek k\u00f6z\u00fcl h\u00e1rom K\u00fcl\u00f6nleges Term\u00e9szetmeg\u0151rz\u00e9si Ter\u00fclet (SCI) \u00e9s egy K\u00fcl\u00f6nleges Mad\u00e1rv\u00e9delmi Ter\u00fclet (SPA), amelyeknek ter\u00fclete k\u00f6zel 91.000 ha. Ezek a ter\u00fcletek h\u00e1rom megy\u00e9ben ter\u00fclnek el, \u00e9s 41 k\u00f6zs\u00e9get \u00e9s, t\u00f6bb mint 150 ezer lakost \u00e9rintenek. A k\u00f6zs\u00e9gek k\u00f6z\u00fcl 35 Maros, 4 Hargita, 2 Szeben megy\u00e9ben tal\u00e1lhat\u00f3.<br><\/p><p>Ezek a ter\u00fcletek a k\u00f6vetkez\u0151k:<br>\u2022 ROSPA0028 \u2013 K\u00dcK\u00dcLL\u0150K DOMBS\u00c1GA \u2013 NY\u00c1R\u00c1D V\u00d6LGYE mad\u00e1rv\u00e9delmi ter\u00fclet (Dealurile T\u00e2rnavelor\u2013Valea<br>Nirajului) 86.073 ha<br>Ezt a ter\u00fcletet els\u0151sorban madarak \u2013 mint p\u00e9ld\u00e1ul a b\u00e9k\u00e1sz\u00f3 sas vagy a haris \u2013 v\u00e9delm\u00e9re jel\u00f6lt\u00e9k ki. A madarak v\u00e9delm\u00e9vel p\u00e1rhuzamosan m\u00e1s fajok vagy \u00e9l\u0151helyek is oltalom al\u00e1 ker\u00fclnek. T\u00f6bbek k\u00f6z\u00f6tt nagyon \u00e9rt\u00e9kes gyepek is tal\u00e1lhat\u00f3ak a ter\u00fcleten, ahol az orchide\u00e1k k\u00f6z\u00e9 tartoz\u00f3 kosborok, a szib\u00e9riai n\u0151szirom vagy<br>a vadn\u00e1rcisz is \u00e9lnek.<\/p><p>\u2022 ROSCI0297 \u2013 KIS-K\u00dcK\u00dcLL\u0150 DOMBS\u00c1G \u2013 BEKECS \u00e9l\u0151helyv\u00e9delmi ter\u00fclet (Dealurile T\u00e2rnavei-Mici-Bichi\u0219) 37.082 ha<br>A ter\u00fclet fel\u00e9t alkot\u00f3 erd\u0151k v\u00e9delm\u00e9n k\u00edv\u00fcl els\u0151sorban nagyragadoz\u00f3 eml\u0151s\u00f6k v\u00e9delm\u00e9re jel\u00f6lt\u00e9k ki. Ez a t\u00e9rs\u00e9g k\u00fcl\u00f6n\u00f6sen fontos a barnamedve eur\u00f3pai popul\u00e1ci\u00f3j\u00e1nak meg\u0151rz\u00e9s\u00e9ben, de olyan k\u00f6zismert rovarok is v\u00e9dettek a ter\u00fcleten, mint a szarvasbog\u00e1r.<\/p><p>\u2022 ROSCI0384 \u2013 KIS-K\u00dcK\u00dcLL\u0150 FOLY\u00d3 \u00e9l\u0151helyv\u00e9delmi ter\u00fclet (R\u00e2ul T\u00e2rnava Mic\u0103) 331 ha<br>A Kis-K\u00fck\u00fcll\u0151ben olyan v\u00e9dett halfajok \u00e9lnek, mint a Pet\u00e9nyi m\u00e1rna vagy a homoki k\u00fcll\u0151. A ter\u00fcleten tal\u00e1lkozhatunk a<br>szint\u00e9n v\u00e9dett tompa folyamkagyl\u00f3val vagy a nagy t\u0171zlepk\u00e9vel is. Ugyanakkor a foly\u00f3t szeg\u00e9lyez\u0151 \u00e9geres-f\u00fczes \u00e1rt\u00e9ri ligeterd\u0151 ritka, k\u00fcl\u00f6nleges \u00e9l\u0151hely, amely v\u00e9delemre szorul.<\/p><p><br>\u2022 ROSCI0186 \u2013 NAGY-K\u00dcK\u00dcLL\u0150 MENTI MOLYHOS T\u00d6LGYESEK \u00e9l\u0151helyv\u00e9delmi ter\u00fclet (P\u0103durile de Stejar pufos de<br>pe T\u00e2rnava Mare) 240 ha<br>A molyhos t\u00f6lgyes bokorerd\u0151 egy nagyon megfogyatkozott \u00e9l\u0151hely t\u00edpus. A molyhos t\u00f6lgy melegkedvel\u0151, s\u00edkvid\u00e9ken vagy d\u00e9li kitetts\u00e9g\u0171 melegebb oldalakon fordul el\u0151. Ez\u00e9rt az eredeti \u00e9l\u0151helyeit ma m\u00e1r t\u00f6bbnyire mez\u0151gazdas\u00e1gi m\u0171vel\u00e9s al\u00e1 fogt\u00e1k. Ez a Natura 2000 ter\u00fclet tulajdonk\u00e9ppen kilenc, egym\u00e1shoz k\u00f6zel es\u0151, kisebb erd\u0151foltb\u00f3l vagy erd\u0151r\u00e9szb\u0151l \u00e1ll. Az erd\u0151foltok fele-fele ar\u00e1nyban Maros \u00e9s Szeben megy\u00e9ben, D\u00e1nos \u00e9s Erzs\u00e9betv\u00e1ros k\u00f6zel\u00e9ben<br>helyezkednek el. <\/p><p>A fenti ter\u00fcletek fel\u00fcgyeleti jog\u00e1t 2022-ig h\u00e1rom, egym\u00e1ssal partner egyes\u00fclet, a Ny\u00e1r\u00e1dmente Kist\u00e9rs\u00e9gi T\u00e1rsul\u00e1s, a Kis-K\u00fck\u00fcll\u0151 T\u00e9rs\u00e9gi T\u00e1rsul\u00e1s Balav\u00e1s\u00e1r-Szov\u00e1ta, valamint a Milvus Csoport Mad\u00e1rtani \u00e9s Term\u00e9szetv\u00e9delmi Egyes\u00fclet nyerte el a K\u00f6rnyezetv\u00e9delmi Miniszt\u00e9riumt\u00f3l. <\/p><p>A n\u00e9gy Natura 2000 ter\u00fcleten k\u00edv\u00fcl m\u00e9g k\u00e9t kisebb term\u00e9szetv\u00e9delmi rezerv\u00e1tum is tartozik a szervezetek gondnoks\u00e1ga al\u00e1: az erd\u0151szentgy\u00f6rgyi Hamisciprus\u00fcltetv\u00e9ny (<em>Chameocyparis lawsoniana<\/em>), valamint a Hargita<br>megy\u00e9ben tal\u00e1lhat\u00f3 Firtos-tet\u0151 rezerv\u00e1tum.<\/p><p>A h\u00e1rom egyes\u00fclet egy k\u00f6z\u00f6s fel\u00fcgyeleti strukt\u00fara alapj\u00e1n l\u00e1tja el a ter\u00fcletek gondnoks\u00e1g\u00e1t, amely a Ny\u00e1r\u00e1dmente Kist\u00e9rs\u00e9g \u00e9gisze alatt m\u0171k\u00f6dik. A h\u00e1rom egyes\u00fclet szeretn\u00e9 a t\u00f6rv\u00e9nyi szigor betartat\u00e1s\u00e1n t\u00fal megteremteni a lakosok pillanatnyi gazdas\u00e1gi \u00e9rdekei, az eg\u00e9szs\u00e9ges k\u00f6rnyezet, a j\u00f6v\u0151 nemzed\u00e9kek.<\/p>","protected":false},"excerpt":{"rendered":"A Ny\u00e1r\u00e1d \u00e9s Kis-K\u00fck\u00fcll\u0151 ment\u00e9n 4 ter\u00fclet \u00e9lvez Natura 2000 v\u00e9detts\u00e9get. Ezek k\u00f6z\u00fcl h\u00e1rom K\u00fcl\u00f6nleges Term\u00e9szetmeg\u0151rz\u00e9si Ter\u00fclet (SCI) \u00e9s egy K\u00fcl\u00f6nleges Mad\u00e1rv\u00e9delmi Ter\u00fclet (SPA), amelyeknek ter\u00fclete k\u00f6zel 91.000 ha. Ezek a ter\u00fcletek h\u00e1rom megy\u00e9ben ter\u00fclnek el, \u00e9s 41 k\u00f6zs\u00e9get \u00e9s, t\u00f6bb mint 150 ezer lakost \u00e9rintenek. A k\u00f6zs\u00e9gek k\u00f6z\u00fcl 35 Maros, 4 Hargita, 2 Szeben [&hellip;]","protected":false},"author":3,"featured_media":0,"parent":28684,"menu_order":0,"comment_status":"closed","ping_status":"closed","template":"","meta":{"_acf_changed":false,"_eb_attr":"","ocean_post_layout":"left-sidebar","ocean_both_sidebars_style":"","ocean_both_sidebars_content_width":0,"ocean_both_sidebars_sidebars_width":0,"ocean_sidebar":"ocs-natura-2000-menu","ocean_second_sidebar":"0","ocean_disable_margins":"enable","ocean_add_body_class":"","ocean_shortcode_before_top_bar":"","ocean_shortcode_after_top_bar":"","ocean_shortcode_before_header":"","ocean_shortcode_after_header":"","ocean_has_shortcode":"","ocean_shortcode_after_title":"","ocean_shortcode_before_footer_widgets":"","ocean_shortcode_after_footer_widgets":"","ocean_shortcode_before_footer_bottom":"","ocean_shortcode_after_footer_bottom":"","ocean_display_top_bar":"default","ocean_display_header":"default","ocean_header_style":"","ocean_center_header_left_menu":"0","ocean_custom_header_template":"0","ocean_custom_logo":0,"ocean_custom_retina_logo":0,"ocean_custom_logo_max_width":0,"ocean_custom_logo_tablet_max_width":0,"ocean_custom_logo_mobile_max_width":0,"ocean_custom_logo_max_height":0,"ocean_custom_logo_tablet_max_height":0,"ocean_custom_logo_mobile_max_height":0,"ocean_header_custom_menu":"0","ocean_menu_typo_font_family":"0","ocean_menu_typo_font_subset":"","ocean_menu_typo_font_size":0,"ocean_menu_typo_font_size_tablet":0,"ocean_menu_typo_font_size_mobile":0,"ocean_menu_typo_font_size_unit":"px","ocean_menu_typo_font_weight":"","ocean_menu_typo_font_weight_tablet":"","ocean_menu_typo_font_weight_mobile":"","ocean_menu_typo_transform":"","ocean_menu_typo_transform_tablet":"","ocean_menu_typo_transform_mobile":"","ocean_menu_typo_line_height":0,"ocean_menu_typo_line_height_tablet":0,"ocean_menu_typo_line_height_mobile":0,"ocean_menu_typo_line_height_unit":"","ocean_menu_typo_spacing":0,"ocean_menu_typo_spacing_tablet":0,"ocean_menu_typo_spacing_mobile":0,"ocean_menu_typo_spacing_unit":"","ocean_menu_link_color":"","ocean_menu_link_color_hover":"","ocean_menu_link_color_active":"","ocean_menu_link_background":"","ocean_menu_link_hover_background":"","ocean_menu_link_active_background":"","ocean_menu_social_links_bg":"","ocean_menu_social_hover_links_bg":"","ocean_menu_social_links_color":"","ocean_menu_social_hover_links_color":"","ocean_disable_title":"default","ocean_disable_heading":"default","ocean_post_title":"","ocean_post_subheading":"","ocean_post_title_style":"","ocean_post_title_background_color":"","ocean_post_title_background":0,"ocean_post_title_bg_image_position":"","ocean_post_title_bg_image_attachment":"","ocean_post_title_bg_image_repeat":"","ocean_post_title_bg_image_size":"","ocean_post_title_height":0,"ocean_post_title_bg_overlay":0.5,"ocean_post_title_bg_overlay_color":"","ocean_disable_breadcrumbs":"default","ocean_breadcrumbs_color":"","ocean_breadcrumbs_separator_color":"","ocean_breadcrumbs_links_color":"","ocean_breadcrumbs_links_hover_color":"","ocean_display_footer_widgets":"default","ocean_display_footer_bottom":"default","ocean_custom_footer_template":"0","omw_enable_modal_window":"enable","osh_disable_topbar_sticky":"default","osh_disable_header_sticky":"default","osh_sticky_header_style":"default","osh_sticky_header_effect":"","osh_custom_sticky_logo":0,"osh_custom_retina_sticky_logo":0,"osh_custom_sticky_logo_height":0,"osh_background_color":"","osh_links_color":"","osh_links_hover_color":"","osh_links_active_color":"","osh_links_bg_color":"","osh_links_hover_bg_color":"","osh_links_active_bg_color":"","osh_menu_social_links_color":"","osh_menu_social_hover_links_color":"","footnotes":""},"class_list":["post-28691","page","type-page","status-publish","hentry","entry","owp-thumbs-layout-horizontal","owp-btn-normal","owp-tabs-layout-horizontal","has-no-thumbnails","has-product-nav"],"acf":[],"_links":{"self":[{"href":"https:\/\/milvus.ro\/hu\/wp-json\/wp\/v2\/pages\/28691","targetHints":{"allow":["GET"]}}],"collection":[{"href":"https:\/\/milvus.ro\/hu\/wp-json\/wp\/v2\/pages"}],"about":[{"href":"https:\/\/milvus.ro\/hu\/wp-json\/wp\/v2\/types\/page"}],"author":[{"embeddable":true,"href":"https:\/\/milvus.ro\/hu\/wp-json\/wp\/v2\/users\/3"}],"replies":[{"embeddable":true,"href":"https:\/\/milvus.ro\/hu\/wp-json\/wp\/v2\/comments?post=28691"}],"version-history":[{"count":1,"href":"https:\/\/milvus.ro\/hu\/wp-json\/wp\/v2\/pages\/28691\/revisions"}],"predecessor-version":[{"id":28693,"href":"https:\/\/milvus.ro\/hu\/wp-json\/wp\/v2\/pages\/28691\/revisions\/28693"}],"up":[{"embeddable":true,"href":"https:\/\/milvus.ro\/hu\/wp-json\/wp\/v2\/pages\/28684"}],"wp:attachment":[{"href":"https:\/\/milvus.ro\/hu\/wp-json\/wp\/v2\/media?parent=28691"}],"curies":[{"name":"wp","href":"https:\/\/api.w.org\/{rel}","templated":true}]}}