{"id":28684,"date":"2020-08-06T09:53:13","date_gmt":"2020-08-06T06:53:13","guid":{"rendered":"https:\/\/new.milvus.ro\/?page_id=28684"},"modified":"2021-04-08T17:08:57","modified_gmt":"2021-04-08T14:08:57","slug":"natura-2000","status":"publish","type":"page","link":"https:\/\/milvus.ro\/hu\/natura-2000\/","title":{"rendered":"Natura 2000 \u00e9s v\u00e9dett ter\u00fcletek"},"content":{"rendered":"<p>Az eur\u00f3pai term\u00e9szetv\u00e9delem alapj\u00e1t k\u00e9t term\u00e9szetv\u00e9delmi ir\u00e1nyelv adja meg: a Mad\u00e1rv\u00e9delmi (79\/409\/ EGK, 1979) \u00e9s az \u00c9l\u0151helyv\u00e9delmi Ir\u00e1nyelv (43\/ 92\/ EGK, 1992). <\/p><p>Ezekben jelenik meg az eur\u00f3pai term\u00e9szetv\u00e9delem szab\u00e1lyrendszere, valamint ezen ir\u00e1nyelvek alapj\u00e1n kellett kijel\u00f6lje minden tagorsz\u00e1g a k\u00fcl\u00f6nleges mad\u00e1rv\u00e9delmi ter\u00fcleteket (SPA) valamint a k\u00fcl\u00f6nleges term\u00e9szetmeg\u0151rz\u00e9si ter\u00fcleteket (SCI). E ter\u00fcletek \u00f6sszess\u00e9ge alkotja a Natura 2000 h\u00e1l\u00f3zatot, amely a vil\u00e1g legnagyobb v\u00e9dett ter\u00fclet h\u00e1l\u00f3zata, az Eur\u00f3pai Uni\u00f3 28 tagorsz\u00e1ga sz\u00e1razf\u00f6ldi ter\u00fcleteinek a 18%-\u00e1n, a tengeri ter\u00fcleteinek pedig 6%-\u00e1n ter\u00fcl el.<br><br>A Natura 2000-es ter\u00fcletek kijel\u00f6l\u00e9se fontos m\u00e9rf\u00f6ldk\u00f6vet jelentett a rom\u00e1niai term\u00e9szetv\u00e9delemben, hisz ez\u00e1ltal a v\u00e9dett ter\u00fcletek ar\u00e1nya 7 %-r\u00f3l k\u00f6zel 23 %-ra emelkedett. <\/p><p>A Milvus Csoport mindk\u00e9t t\u00edpus\u00fa Natura 2000 ter\u00fclet kijel\u00f6l\u00e9s\u00e9hez nagy m\u00e9rt\u00e9kben hozz\u00e1j\u00e1rult. Hivatalos adatok szerint, 2016-ban Rom\u00e1ni\u00e1ban 162 SPA volt kijel\u00f6lve, mely az orsz\u00e1g ter\u00fclet\u00e9nek 15,31 %-\u00e1t fedi le. Ezeknek k\u00f6r\u00fclbel\u00fcl a fele a mi javaslatunkra kapott v\u00e9detts\u00e9get, a Milvus Csoport alkalmazottai \u00e9s \u00f6nk\u00e9ntesei \u00e1ltal gy\u0171jt\u00f6tt terepadatok alapj\u00e1n, 2007-ben, valamint 2011-ben. Ennek az eredm\u00e9nynek az el\u00e9r\u00e9s\u00e9ben fontos szerepet j\u00e1tszott a Fontos<br>Mad\u00e1r\u00e9l\u0151helyek (lmportant Bird Areas) k\u00f6nyv kiad\u00e1sa is. Az SCl-k kijel\u00f6l\u00e9s\u00e9ben is oroszl\u00e1nr\u00e9szt v\u00e1llaltunk, hisz az el\u0151zetes terepen gy\u0171jt\u00f6tt adataink alapj\u00e1n 397 \u00faj ter\u00fcletet javasoltunk, ezek 2010 \u00f3ta megtal\u00e1lhat\u00f3ak a www.natura2000proposals.ro oldalon is.<\/p><p>Ez az eredm\u00e9ny nem lett volna lehets\u00e9ges, ha nem k\u00e9pviselj\u00fck k\u00e9t alkalommal is a Natura 2000 Koal\u00edci\u00f3t a Biogeogr\u00e1fiai Szemin\u00e1riumokon, ahol siker\u00fclt terepadatokkal bebizony\u00edtani az EU Bizotts\u00e1g k\u00e9pvisel\u0151inek , hogy az addigi jel\u00f6l\u00e9s nem el\u00e9gs\u00e9ges. Nagy \u00f6r\u00f6m\u00f6t jelent sz\u00e1munkra, hogy az \u00e1ltalunk javasolt \u00e9s ez\u00e1ltal lev\u00e9dett ter\u00fcletek egy r\u00e9sze ma m\u00e1r kezel\u00e9si tervekkel is rendelkezik. Jelen pillanatban ezt tartjuk a Milvus Csoport egyik legjelent\u0151sebb eredm\u00e9ny\u00e9nek &#8211; hiszen maxim\u00e1lisan hozz\u00e1j\u00e1rultunk ahhoz, hogy Rom\u00e1nia v\u00e9dett ter\u00fclet h\u00e1l\u00f3zata t\u00f6bb mint h\u00e1romszoros\u00e1ra n\u0151j\u00f6n.<\/p><div id=\"map-natura2000\"><\/div>","protected":false},"excerpt":{"rendered":"Az eur\u00f3pai term\u00e9szetv\u00e9delem alapj\u00e1t k\u00e9t term\u00e9szetv\u00e9delmi ir\u00e1nyelv adja meg: a Mad\u00e1rv\u00e9delmi (79\/409\/ EGK, 1979) \u00e9s az \u00c9l\u0151helyv\u00e9delmi Ir\u00e1nyelv (43\/ 92\/ EGK, 1992). Ezekben jelenik meg az eur\u00f3pai term\u00e9szetv\u00e9delem szab\u00e1lyrendszere, valamint ezen ir\u00e1nyelvek alapj\u00e1n kellett kijel\u00f6lje minden tagorsz\u00e1g a k\u00fcl\u00f6nleges mad\u00e1rv\u00e9delmi ter\u00fcleteket (SPA) valamint a k\u00fcl\u00f6nleges term\u00e9szetmeg\u0151rz\u00e9si ter\u00fcleteket (SCI). E ter\u00fcletek \u00f6sszess\u00e9ge alkotja a Natura 2000 [&hellip;]","protected":false},"author":3,"featured_media":13849,"parent":0,"menu_order":0,"comment_status":"closed","ping_status":"closed","template":"","meta":{"_acf_changed":false,"_eb_attr":"","ocean_post_layout":"left-sidebar","ocean_both_sidebars_style":"","ocean_both_sidebars_content_width":0,"ocean_both_sidebars_sidebars_width":0,"ocean_sidebar":"ocs-natura-2000-menu","ocean_second_sidebar":"0","ocean_disable_margins":"enable","ocean_add_body_class":"","ocean_shortcode_before_top_bar":"","ocean_shortcode_after_top_bar":"","ocean_shortcode_before_header":"","ocean_shortcode_after_header":"","ocean_has_shortcode":"","ocean_shortcode_after_title":"","ocean_shortcode_before_footer_widgets":"","ocean_shortcode_after_footer_widgets":"","ocean_shortcode_before_footer_bottom":"","ocean_shortcode_after_footer_bottom":"","ocean_display_top_bar":"default","ocean_display_header":"default","ocean_header_style":"","ocean_center_header_left_menu":"0","ocean_custom_header_template":"0","ocean_custom_logo":0,"ocean_custom_retina_logo":0,"ocean_custom_logo_max_width":0,"ocean_custom_logo_tablet_max_width":0,"ocean_custom_logo_mobile_max_width":0,"ocean_custom_logo_max_height":0,"ocean_custom_logo_tablet_max_height":0,"ocean_custom_logo_mobile_max_height":0,"ocean_header_custom_menu":"0","ocean_menu_typo_font_family":"0","ocean_menu_typo_font_subset":"","ocean_menu_typo_font_size":0,"ocean_menu_typo_font_size_tablet":0,"ocean_menu_typo_font_size_mobile":0,"ocean_menu_typo_font_size_unit":"px","ocean_menu_typo_font_weight":"","ocean_menu_typo_font_weight_tablet":"","ocean_menu_typo_font_weight_mobile":"","ocean_menu_typo_transform":"","ocean_menu_typo_transform_tablet":"","ocean_menu_typo_transform_mobile":"","ocean_menu_typo_line_height":0,"ocean_menu_typo_line_height_tablet":0,"ocean_menu_typo_line_height_mobile":0,"ocean_menu_typo_line_height_unit":"","ocean_menu_typo_spacing":0,"ocean_menu_typo_spacing_tablet":0,"ocean_menu_typo_spacing_mobile":0,"ocean_menu_typo_spacing_unit":"","ocean_menu_link_color":"","ocean_menu_link_color_hover":"","ocean_menu_link_color_active":"","ocean_menu_link_background":"","ocean_menu_link_hover_background":"","ocean_menu_link_active_background":"","ocean_menu_social_links_bg":"","ocean_menu_social_hover_links_bg":"","ocean_menu_social_links_color":"","ocean_menu_social_hover_links_color":"","ocean_disable_title":"enable","ocean_disable_heading":"enable","ocean_post_title":"","ocean_post_subheading":"<p>2018\/75-\u00f6s sz\u00e1m\u00fa s\u00fcrg\u0151ss\u00e9gi korm\u00e1nyrendelettel kiz\u00e1rt\u00e1k a civil szervezeteket a v\u00e9dett ter\u00fcletek gondnoks\u00e1g\u00e1b\u00f3l. A v\u00e9dett ter\u00fcletek kezel\u00e9s\u00e9t a Term\u00e9szetv\u00e9delmi Ter\u00fcletek Orsz\u00e1gos Hat\u00f3s\u00e1ga <a href=\"http:\/\/ananp.gov.ro\/\" style=\"color:#f6f6f6\">(ANANP)<\/a> vette \u00e1t. <\/p>","ocean_post_title_style":"background-image","ocean_post_title_background_color":"","ocean_post_title_background":13847,"ocean_post_title_bg_image_position":"center center","ocean_post_title_bg_image_attachment":"fixed","ocean_post_title_bg_image_repeat":"no-repeat","ocean_post_title_bg_image_size":"cover","ocean_post_title_height":0,"ocean_post_title_bg_overlay":0.3,"ocean_post_title_bg_overlay_color":"0000000","ocean_disable_breadcrumbs":"off","ocean_breadcrumbs_color":"","ocean_breadcrumbs_separator_color":"","ocean_breadcrumbs_links_color":"","ocean_breadcrumbs_links_hover_color":"","ocean_display_footer_widgets":"default","ocean_display_footer_bottom":"default","ocean_custom_footer_template":"0","omw_enable_modal_window":"enable","osh_disable_topbar_sticky":"default","osh_disable_header_sticky":"default","osh_sticky_header_style":"default","osh_sticky_header_effect":"","osh_custom_sticky_logo":0,"osh_custom_retina_sticky_logo":0,"osh_custom_sticky_logo_height":0,"osh_background_color":"","osh_links_color":"","osh_links_hover_color":"","osh_links_active_color":"","osh_links_bg_color":"","osh_links_hover_bg_color":"","osh_links_active_bg_color":"","osh_menu_social_links_color":"","osh_menu_social_hover_links_color":"","footnotes":""},"class_list":["post-28684","page","type-page","status-publish","has-post-thumbnail","hentry","entry","has-media","owp-thumbs-layout-horizontal","owp-btn-normal","owp-tabs-layout-horizontal","has-no-thumbnails","has-product-nav"],"acf":[],"_links":{"self":[{"href":"https:\/\/milvus.ro\/hu\/wp-json\/wp\/v2\/pages\/28684","targetHints":{"allow":["GET"]}}],"collection":[{"href":"https:\/\/milvus.ro\/hu\/wp-json\/wp\/v2\/pages"}],"about":[{"href":"https:\/\/milvus.ro\/hu\/wp-json\/wp\/v2\/types\/page"}],"author":[{"embeddable":true,"href":"https:\/\/milvus.ro\/hu\/wp-json\/wp\/v2\/users\/3"}],"replies":[{"embeddable":true,"href":"https:\/\/milvus.ro\/hu\/wp-json\/wp\/v2\/comments?post=28684"}],"version-history":[{"count":1,"href":"https:\/\/milvus.ro\/hu\/wp-json\/wp\/v2\/pages\/28684\/revisions"}],"predecessor-version":[{"id":28686,"href":"https:\/\/milvus.ro\/hu\/wp-json\/wp\/v2\/pages\/28684\/revisions\/28686"}],"wp:featuredmedia":[{"embeddable":true,"href":"https:\/\/milvus.ro\/hu\/wp-json\/wp\/v2\/media\/13849"}],"wp:attachment":[{"href":"https:\/\/milvus.ro\/hu\/wp-json\/wp\/v2\/media?parent=28684"}],"curies":[{"name":"wp","href":"https:\/\/api.w.org\/{rel}","templated":true}]}}