{"id":28552,"date":"2020-07-17T09:00:36","date_gmt":"2020-07-17T06:00:36","guid":{"rendered":"https:\/\/new.milvus.ro\/?page_id=28552"},"modified":"2022-01-07T16:05:36","modified_gmt":"2022-01-07T14:05:36","slug":"milvus-osztondij","status":"publish","type":"page","link":"https:\/\/milvus.ro\/hu\/milvus-osztondij\/","title":{"rendered":"Milvus \u00f6szt\u00f6nd\u00edj"},"content":{"rendered":"<p>Mindig is fontosnak tartottuk a fiatal biol\u00f3gusok bevon\u00e1s\u00e1t a term\u00e9szetv\u00e9delembe \u00e9s kutat\u00e1sba. Ezzel a c\u00e9llal hoztuk l\u00e9tre 2005-ben Milvus \u00f6szt\u00f6nd\u00edjat, amivel az \u00e9vek sor\u00e1n egy\u00e9ni \u00e9s csoportos kutat\u00e1si projekteket finansz\u00edroztunk.<\/p><p>Egyetemist\u00e1k \u00e9s k\u00f6z\u00e9piskol\u00e1s di\u00e1kok is voltak a sikeresen p\u00e1ly\u00e1z\u00f3k k\u00f6z\u00f6tt. A p\u00e1ly\u00e1zatok z\u00f6me az orsz\u00e1g fontosabb egyetemi k\u00f6zpontjaib\u00f3l \u00e9rkezett, t\u00f6bbek k\u00f6z\u00f6tt Kolozsv\u00e1rr\u00f3l, Bukarestb\u0151l, J\u00e1szv\u00e1s\u00e1rb\u00f3l, Temesv\u00e1rr\u00f3l. Egyes p\u00e1ly\u00e1z\u00f3k t\u00f6bb \u00e9vben is kutattak az \u00f6szt\u00f6nd\u00edj \u00e1ltal ny\u00fajtott anyagi seg\u00edts\u00e9get kihaszn\u00e1lva. Az \u00f6szt\u00f6nd\u00edj sz\u00e1mos ritka faj Rom\u00e1niai helyzet\u00e9nek jobb megismer\u00e9s\u00e9t seg\u00edtette el\u0151 \u00e9s jelent\u0151s m\u00e9rt\u00e9kben hozz\u00e1j\u00e1rult Rom\u00e1nia Natura 2000-es v\u00e9dett ter\u00fcleteinek kijel\u00f6l\u00e9s\u00e9hez. A term\u00e9szetv\u00e9delmi t\u00e9m\u00e1j\u00fa projekteken k\u00edv\u00fcl, \u00f6kol\u00f3giai, taxon\u00f3miai, morfol\u00f3giai \u00e9s genetikai kutat\u00e1sokat is t\u00e1mogattunk. Nyugodtan kijelenthetj\u00fck, hogy a Milvus \u00f6szt\u00f6nd\u00edjnak nevel\u0151 hat\u00e1sa is van, mivel sz\u00e1mos \u00f6szt\u00f6nd\u00edjjal t\u00e1mogatott biol\u00f3gus napjainkban is akt\u00edvan r\u00e9szt csoportunk tev\u00e9kenys\u00e9geiben \u00e9s szoros k\u00f6t\u0151d\u00e9se van a term\u00e9szetv\u00e9delemhez. <\/p><p id=\"block-968394fa-654b-4aed-838d-b55b7610ee7f\">Tov\u00e1bbi inform\u00e1ci\u00f3k:\u00a0<a href=\"mailto:&#111;ff&#105;&#99;e&#64;milv&#117;s.r&#111;\">offi&#99;&#101;&#64;m&#105;lv&#117;s.ro<\/a>.<\/p><p id=\"block-e4cf0093-92ce-4c08-a09b-63deffe4b850\"><a href=\"https:\/\/milvus.ro\/beneficiarii-bursei-milvus-din-2020\/\"><strong>2021-ben nyert projektek <\/strong>(7 leadott p\u00e1ly\u00e1zat<\/a><a href=\"https:\/\/milvus.ro\/hu\/2021-ben-is-tamogatjuk-a-tehetseges-hallgatokat\/\">)<\/a><\/p><ul class=\"wp-block-list\" id=\"block-96e3e0e7-f0b0-4c44-91e5-66f598063cfc\"><li><strong>Iacob Geanina-Magdalena<\/strong> (Babe\u0219-Bolyai Tudom\u00e1nyegyetem) a kolozsv\u00e1ri <em>Paracossulus thrips<\/em> (<em>Lepidoptera, Cossidae<\/em>) popul\u00e1ci\u00f3inak felm\u00e9r\u00e9se<\/li><li><strong><strong>Loghin Vasilica<\/strong>\u00a0<\/strong>(Alexandru Ioan Cuza Egyetem) a t\u00f6vissz\u00far\u00f3 g\u00e9bics (<em>Lanius collurio<\/em>)<strong>\u00a0<\/strong>k\u00f6lt\u00e9si siker\u00e9t befoly\u00e1sol\u00f3 t\u00e9nyez\u0151ket fogja vizsg\u00e1lni Neam\u021b megy\u00e9ben.<\/li><\/ul><p id=\"block-e4cf0093-92ce-4c08-a09b-63deffe4b850\"><a href=\"https:\/\/milvus.ro\/beneficiarii-bursei-milvus-din-2020\/\"><strong>2020-ban nyert projektek<\/strong><\/a><\/p><ul class=\"wp-block-list\" id=\"block-96e3e0e7-f0b0-4c44-91e5-66f598063cfc\"><li><strong>Er\u0151s N\u00e1ndor<\/strong>&nbsp;(Universitatea Babe\u0219-Bolyai): Identificarea \u0219i studierea factorilor care determin\u0103 distribu\u021bia broa\u0219tei de mla\u0219tin\u0103 (<em>Rana arvalis<\/em>)<\/li><li><strong>Dinu Andrei<\/strong>&nbsp;(Universitatea Bucure\u0219ti): Monitorizarea coloniilor de p\u0103s\u0103ri ihtiofage din Situl de Cercet\u0103ri Socio\u2013Ecologice de Lung\u0103 Durat\u0103 Insulele Br\u0103ilei<\/li><\/ul><p id=\"block-b2e98689-8f58-4c1d-a4f9-89abf19369c8\"><a href=\"https:\/\/milvus.ro\/bursieri-milvus\/\"><strong>2019-ben nyert projektek<\/strong><\/a><\/p><ul class=\"wp-block-list\" id=\"block-8fa50d1b-ec18-4fd8-bb4e-25920cfae48c\"><li>Bir\u0103u Alexandru \u2013 Studiul diversit\u0103\u021bii avifaunei din Aria de Protec\u021bie Special\u0103 Avinfaunistic\u0103 ROSPA0074 Maglavit \u2013 bioindicator al gradului de cosnervare al zonelor umede \u00een conformitate<\/li><li>Simon Brigitta Ildik\u00f3 \u2013&nbsp; Utilizarea detectabilit\u0103\u021bii pentru a estima habitatul utilizat de reptile, probabilitatea detec\u021biei acestora, \u0219i num\u0103rul minim de vizite care poate concluziona absen\u021ba unei specii<\/li><\/ul><p id=\"block-c23c539b-2093-4bbe-ae47-0ee44b13978c\"><a href=\"https:\/\/milvus.ro\/Hu\/sprijinim-tinerii-cercetatori-prin-bursele-milvus\/\"><strong>2018-ban nyert projektek<\/strong><\/a><\/p><ul class=\"wp-block-list\" id=\"block-867773eb-98d9-41f4-beaf-573306a6879f\"><li>Slejiuc Ionela Marilena \u2013 Studiul distribu\u021biei speciilor de herpetofaun\u0103 din jude\u021bul Timi\u0219<\/li><li>Alina Georgiana Cislariu \u2013 Studii corologice \u0219i popula\u021bionale ale relictelor glaciare<em>&nbsp;Ligularia sibirica<\/em>&nbsp;\u0219i&nbsp;<em>Ligularia glauca<\/em>&nbsp;\u00een flora Rom\u00e2niei<\/li><li>Kiss Valentin Adrian \u2013 Monitorizarea si protejarea prin popularizarea avifaunei de la C\u00e2mpene\u0219ti<\/li><\/ul><p id=\"block-a3b98c6c-5619-456d-b41b-75686d5e91b0\"><a href=\"https:\/\/milvus.ro\/castigatorii-bursei-milvus-2017\/\"><strong>2017-ben nyert projetkek<\/strong><\/a><\/p><ul class=\"wp-block-list\" id=\"block-65e3ae69-67fe-4fd8-a100-ee3d64828305\"><li>P\u0103un Georgiana Elena \u2013 Estimarea distribu\u021biei poten\u021biale a viperei de f\u00e2nea\u021b\u0103 (<em>Vipera ursinii rakosiensis<\/em>) \u00een Podi\u0219ul Transilvaniei utiliz\u00e2nd modele de ni\u0219\u0103 ecologic\u0103<\/li><li>C\u00ee\u0219lariu Alina Georgiana \u2013 Evaluarea st\u0103rii de conservare a popula\u021biilor de Ligularia sibirica din Nord-Vestul Rom\u00e2niei<\/li><li>Oana Morozan \u2013 Masuri pentru conservarea in situ a endemitului carpatic \u201cpaiusul lui Porcius\u201d (<em>Saussurea porcii<\/em>) din Rezervartia Biosferei Muntii Rodnei<\/li><li>Borb\u00e9ly Edina \u2013 Mesteac\u0103nul pitic (<em>Betula nana<\/em>) ca relict glaciar \u00een Tinovul Luci<\/li><li>Sotek Alexandru \u2013 Popula\u021biile de&nbsp;<em>Euscorpius carpathicus<\/em>&nbsp;din Rom\u00e2nia: studii integrate de ecologie \u0219i taxonomie molecular\u0103<\/li><li>L\u0151rincz Csan\u00e1d Endre \u2013 Studiul morfologic \u0219i genetic al subspeciilor sop\u00e2rlei de c\u00e2mp (<em>Lacerta agilis<\/em>)<\/li><li>Petronel Spaseni \u2013 \u00cen c\u0103utarea de noi popula\u021bii de&nbsp;<em>Vipera ursinii moldavica<\/em>&nbsp;\u00een Rezerva\u021bia Biosferei Delta Dun\u0103rii<\/li><li>Gy\u00f6rk\u00f6s P\u00e9ter \u2013 Studiul morfologic \u0219i genetic al gu\u0219terului (<em>Lacerta viridis<\/em>)<\/li><li>Fuciu C\u0103t\u0103lin \u2013 Evaluarea \u0219i monitorizarea popula\u021biilor de ciuvic\u0103 (<em>Glaucidium passerinum<\/em>) \u0219i minuni\u021b\u0103 (<em>Aegolius funereus<\/em>) din zona P\u0103ltini\u0219<\/li><li>R\u0102DAC Ioan-Alexandru \u2013 Specii noi de bruchide (Insecta:&nbsp;<em>Coleoptera<\/em>) \u0219i heteroptere (Insecta:&nbsp;<em>Hemiptera<\/em>) alogene \u00een Rom\u00e2nia \u0219i Republica Moldova.<\/li><\/ul><p id=\"block-033ac168-2b3b-41e7-bf80-717005037b26\"><strong>2015-ben nyert projektek<\/strong><\/p><ul class=\"wp-block-list\" id=\"block-e1e3e60d-257a-4449-aa27-1cc85af7f16e\"><li>Petri\u0219or G\u0103lan \u2013 Identificarea coloniilor de v\u00e2nturel de sear\u0103 (<em>Falco vespertinus<\/em>) din Moldova (Rom\u00e2nia)<\/li><li>P\u0103un Georgiana Elena \u2013 Vipera de step\u0103 \u00een Transilvania: identificarea habitatelor noi folosind tehnici de modelare a ni\u0219ei ecologice<\/li><li>Vitalie Ajder \u2013 Ecologia soimului dunarean (<em>Falco cherrug<\/em>) in Republica Moldova<\/li><li>Kov\u00e1cs Csilla \u2013 Cercetarea habitatelor a coco\u0219ului de munte (<em>Tetrao urogallus rudolfi<\/em>)<\/li><li>Kelemen Alp\u00e1r \u2013 Cercet\u0103ri asupra popula\u021biilor cristelului de c\u00e2mp (<em>Crex crex<\/em>, L. 1758) \u00een Bazinul Ciucului de Jos pentru protejarea popula\u021biei \u0219i habitatelor r\u0103mase<\/li><li>Paul Cristian Dinc\u0103 \u2013 Evaluareapopula\u021biilor \u0219op\u00e2rlei de nisip (<em>Eremias arguta deserti<\/em>) de la Vadu\u0219i Hanu Conachi<\/li><\/ul><p id=\"block-29bf7ad5-0e30-486d-aea1-6c8ad55a679f\"><strong><a href=\"https:\/\/milvus.ro\/winners-of-milvus-scholarship-2010\/\">2010<\/a>-ben nyert projektek<\/strong><\/p><ul class=\"wp-block-list\" id=\"block-b03a03e2-ff4b-4cec-95a7-1e5310a5d8e7\"><li>Imecs Istv\u00e1n \u2013 Cercet\u0103ri asupra popula\u021biilor de \u021bipar (<em>Misgurnus fossilis<\/em>, L. 1758) \u00een bazinul Ciucului pentru elaborarea unui plan de conservare eficient<\/li><li>Kov\u00e1cs Zolt\u00e1n Zsolt \u2013 Estimarea popula\u021biei racului de ponoare (<em>Austropotamobius torrentium<\/em>) \u00een p\u00e2r\u00e2ul Valea Mare (Halm\u0103\u0219d)<\/li><li>Sug\u00e1r Szl\u00e1rd-Preferin\u021ba de habitate \u00een scar\u0103 mare a orbe\u021bilor (<em>Spalax<\/em>&nbsp;sp.) pe Podi\u0219ul Some\u0219ean \u0219i pe C\u00e2mpia Transilvaniei<\/li><li>Buria Istv\u00e1n \u2013 Estimarea st\u0103rii de conservare a singurei popula\u021bii certe a fluturelui Colias myrmidone din Rom\u00e2nia<\/li><li>Bolboac\u0103 Lucian Eugen \u2013 R\u0103pitoarele de noapte din habitatele forestiere ale jude\u021bului Ia\u0219i<\/li><li>Acz\u00e9l-Fridrich Zsuzsanna \u2013 Cercet\u0103ri privind distribu\u021bia \u0219i habitatul \u0219oarecelui s\u0103ritor de step\u0103 \u00een Transilvania<\/li><\/ul><p id=\"block-bd6c85c2-d372-4b3a-b41e-518bd3b346ea\"><strong>2007-ben nyert projektek<\/strong><\/p><ul class=\"wp-block-list\" id=\"block-86b2df9c-7548-4587-bac9-61c4045d1217\"><li>Strugariu Alexandru \u2013 Studiul Compozi\u021biei \u0219i Distribu\u021biei Geografice a Herpetofaunei din Jude\u021bul Ia\u0219i (Rom\u00e2nia)<\/li><li>Amalia Raluca \u2013 Actualizarea datelor faunistice privind Familia Syrphidae si Ordinul Aranea din cadrul Parcului Natural Por\u021bile de Fier (bazinul r\u00e2ului Sirinea)<\/li><li>Baltag Emanuel \u2013&nbsp; Chiropterele din Pe\u0219tera To\u0219orog<\/li><\/ul><p id=\"block-27eba2d1-12b8-4a84-a588-e9a2412dbabd\"><strong>2006-ban nyert projektek<\/strong><\/p><ul class=\"wp-block-list\" id=\"block-e9e742b9-fb6d-4d9b-a7f3-b8958c7e8f98\"><li>Hegyeli Zsolt \u2013 Evaluarea popula\u021biei de pop\u00e2nd\u0103i (Spermophilus citellus) \u00een C\u00e2mpia de Vest, \u00een vederea desemn\u0103rii ariilor speciale de protec\u021bie<\/li><li>Horia Bogdan \u2013&nbsp; Studiu ecologic si biologic asupra a dou\u0103 popula\u021bii ale genului&nbsp;<em>Bombina<\/em><\/li><li>Mezey Zs\u00f3fia \u2013&nbsp; Cercetarea conduitei de predare a p\u00e2r\u0219ilor \u00eentr-o colonie de scorburi artificiale \u00een Mun\u021bii Gurghiului<\/li><li>Nagy Am\u00e1lia \u2013&nbsp; Studiul popula\u021biei de&nbsp;<em>Euphydryas maturna<\/em>&nbsp;din Rezerva\u021bia Natural\u0103 Cheile Turzii \u00een vederea stabilirii strategiei de protec\u021bie eficient\u0103<\/li><li>Sos Tibor \u2013&nbsp; Cartografierea herpetofaunei din jude\u021bul Bra\u0219ov. Ini\u021bierea tinerilor interesa\u021bi de herpetologie \u00een munca de teren<\/li><\/ul><p id=\"block-1ca9d87a-68d3-4ed0-a283-d55772f8218c\"><strong>2005-ben nyert projektek<\/strong><\/p><ul class=\"wp-block-list\" id=\"block-932c117b-90ad-4aed-b864-1d7c05f005e0\"><li>Hegyeli Zsolt \u2013 Studiul ichtiofaunistic al bra\u021burilor moarte ale r\u00e2urilor Olt \u0219i R\u00e2ul Negru din jude\u021bul Covasna, cu privire special\u0103 la unele specii stagnofile rare sau periclitate<\/li><li>Manci Cosmin \u2013&nbsp; Ovidiu Cartarea faunei herpetologice \u0219i avifaunistice din perimetrul Ciupercenii Noi \u0219i Lacul Bistre\u021b (jud. Dolj)<\/li><li>Nagy Andr\u00e1s Attila \u2013&nbsp; Compararea din punct de vedere ichtiofaunistic a p\u00e2r\u00e2ului Halm\u0103\u0219d \u0219i Iaz<\/li><li>Vinkler Tivadar \u2013&nbsp; Densitatea pesc\u0103r\u00e2\u0219ului albastru (<em>Alcedo atthis<\/em>) pe r\u00e2ul Some\u0219<\/li><\/ul>","protected":false},"excerpt":{"rendered":"Mindig is fontosnak tartottuk a fiatal biol\u00f3gusok bevon\u00e1s\u00e1t a term\u00e9szetv\u00e9delembe \u00e9s kutat\u00e1sba. Ezzel a c\u00e9llal hoztuk l\u00e9tre 2005-ben Milvus \u00f6szt\u00f6nd\u00edjat, amivel az \u00e9vek sor\u00e1n egy\u00e9ni \u00e9s csoportos kutat\u00e1si projekteket finansz\u00edroztunk.Egyetemist\u00e1k \u00e9s k\u00f6z\u00e9piskol\u00e1s di\u00e1kok is voltak a sikeresen p\u00e1ly\u00e1z\u00f3k k\u00f6z\u00f6tt. A p\u00e1ly\u00e1zatok z\u00f6me az orsz\u00e1g fontosabb egyetemi k\u00f6zpontjaib\u00f3l \u00e9rkezett, t\u00f6bbek k\u00f6z\u00f6tt Kolozsv\u00e1rr\u00f3l, Bukarestb\u0151l, J\u00e1szv\u00e1s\u00e1rb\u00f3l, Temesv\u00e1rr\u00f3l. Egyes [&hellip;]","protected":false},"author":3,"featured_media":0,"parent":0,"menu_order":0,"comment_status":"closed","ping_status":"closed","template":"","meta":{"_acf_changed":false,"_eb_attr":"","ocean_post_layout":"right-sidebar","ocean_both_sidebars_style":"","ocean_both_sidebars_content_width":0,"ocean_both_sidebars_sidebars_width":0,"ocean_sidebar":"ocs-bursa-milvus","ocean_second_sidebar":"0","ocean_disable_margins":"enable","ocean_add_body_class":"","ocean_shortcode_before_top_bar":"","ocean_shortcode_after_top_bar":"","ocean_shortcode_before_header":"","ocean_shortcode_after_header":"","ocean_has_shortcode":"","ocean_shortcode_after_title":"","ocean_shortcode_before_footer_widgets":"","ocean_shortcode_after_footer_widgets":"","ocean_shortcode_before_footer_bottom":"","ocean_shortcode_after_footer_bottom":"","ocean_display_top_bar":"default","ocean_display_header":"default","ocean_header_style":"","ocean_center_header_left_menu":"0","ocean_custom_header_template":"0","ocean_custom_logo":0,"ocean_custom_retina_logo":0,"ocean_custom_logo_max_width":0,"ocean_custom_logo_tablet_max_width":0,"ocean_custom_logo_mobile_max_width":0,"ocean_custom_logo_max_height":0,"ocean_custom_logo_tablet_max_height":0,"ocean_custom_logo_mobile_max_height":0,"ocean_header_custom_menu":"0","ocean_menu_typo_font_family":"0","ocean_menu_typo_font_subset":"","ocean_menu_typo_font_size":0,"ocean_menu_typo_font_size_tablet":0,"ocean_menu_typo_font_size_mobile":0,"ocean_menu_typo_font_size_unit":"px","ocean_menu_typo_font_weight":"","ocean_menu_typo_font_weight_tablet":"","ocean_menu_typo_font_weight_mobile":"","ocean_menu_typo_transform":"","ocean_menu_typo_transform_tablet":"","ocean_menu_typo_transform_mobile":"","ocean_menu_typo_line_height":0,"ocean_menu_typo_line_height_tablet":0,"ocean_menu_typo_line_height_mobile":0,"ocean_menu_typo_line_height_unit":"","ocean_menu_typo_spacing":0,"ocean_menu_typo_spacing_tablet":0,"ocean_menu_typo_spacing_mobile":0,"ocean_menu_typo_spacing_unit":"","ocean_menu_link_color":"","ocean_menu_link_color_hover":"","ocean_menu_link_color_active":"","ocean_menu_link_background":"","ocean_menu_link_hover_background":"","ocean_menu_link_active_background":"","ocean_menu_social_links_bg":"","ocean_menu_social_hover_links_bg":"","ocean_menu_social_links_color":"","ocean_menu_social_hover_links_color":"","ocean_disable_title":"default","ocean_disable_heading":"default","ocean_post_title":"","ocean_post_subheading":"","ocean_post_title_style":"background-image","ocean_post_title_background_color":"","ocean_post_title_background":27654,"ocean_post_title_bg_image_position":"center center","ocean_post_title_bg_image_attachment":"fixed","ocean_post_title_bg_image_repeat":"no-repeat","ocean_post_title_bg_image_size":"","ocean_post_title_height":0,"ocean_post_title_bg_overlay":0.3,"ocean_post_title_bg_overlay_color":"#000000","ocean_disable_breadcrumbs":"default","ocean_breadcrumbs_color":"","ocean_breadcrumbs_separator_color":"","ocean_breadcrumbs_links_color":"","ocean_breadcrumbs_links_hover_color":"","ocean_display_footer_widgets":"default","ocean_display_footer_bottom":"default","ocean_custom_footer_template":"0","omw_enable_modal_window":"enable","osh_disable_topbar_sticky":"default","osh_disable_header_sticky":"default","osh_sticky_header_style":"default","osh_sticky_header_effect":"","osh_custom_sticky_logo":0,"osh_custom_retina_sticky_logo":0,"osh_custom_sticky_logo_height":0,"osh_background_color":"","osh_links_color":"","osh_links_hover_color":"","osh_links_active_color":"","osh_links_bg_color":"","osh_links_hover_bg_color":"","osh_links_active_bg_color":"","osh_menu_social_links_color":"","osh_menu_social_hover_links_color":"","footnotes":""},"class_list":["post-28552","page","type-page","status-publish","hentry","entry","owp-thumbs-layout-horizontal","owp-btn-normal","owp-tabs-layout-horizontal","has-no-thumbnails","has-product-nav"],"acf":[],"_links":{"self":[{"href":"https:\/\/milvus.ro\/hu\/wp-json\/wp\/v2\/pages\/28552","targetHints":{"allow":["GET"]}}],"collection":[{"href":"https:\/\/milvus.ro\/hu\/wp-json\/wp\/v2\/pages"}],"about":[{"href":"https:\/\/milvus.ro\/hu\/wp-json\/wp\/v2\/types\/page"}],"author":[{"embeddable":true,"href":"https:\/\/milvus.ro\/hu\/wp-json\/wp\/v2\/users\/3"}],"replies":[{"embeddable":true,"href":"https:\/\/milvus.ro\/hu\/wp-json\/wp\/v2\/comments?post=28552"}],"version-history":[{"count":2,"href":"https:\/\/milvus.ro\/hu\/wp-json\/wp\/v2\/pages\/28552\/revisions"}],"predecessor-version":[{"id":33267,"href":"https:\/\/milvus.ro\/hu\/wp-json\/wp\/v2\/pages\/28552\/revisions\/33267"}],"wp:attachment":[{"href":"https:\/\/milvus.ro\/hu\/wp-json\/wp\/v2\/media?parent=28552"}],"curies":[{"name":"wp","href":"https:\/\/api.w.org\/{rel}","templated":true}]}}