{"id":28464,"date":"2020-07-27T15:01:44","date_gmt":"2020-07-27T12:01:44","guid":{"rendered":"https:\/\/new.milvus.ro\/monitoring\/teli-ragadozomadar-monitoring\/"},"modified":"2024-12-12T11:50:07","modified_gmt":"2024-12-12T09:50:07","slug":"teli-ragadozomadar-monitoring","status":"publish","type":"page","link":"https:\/\/milvus.ro\/hu\/monitoring\/teli-ragadozomadar-monitoring\/","title":{"rendered":"T\u00e9li ragadoz\u00f3mad\u00e1r monitoring"},"content":{"rendered":"<p style=\"font-variant-ligatures: normal; font-variant-caps: normal; font-family: Poppins; font-size: 16px; font-style: normal; font-weight: 400;\"><strong>C\u00e9lfaj<\/strong>:\u00a0telel\u0151 ragadoz\u00f3 madarak \u00e9s nagy \u0151rg\u00e9bics<\/p>\n<p style=\"font-variant-ligatures: normal; font-variant-caps: normal; font-family: Poppins; font-size: 16px; font-style: normal; font-weight: 400;\"><strong>Id\u0151szak<\/strong>:\u00a02 kij\u00e1r\u00e1s: febru\u00e1r 7 \u2013 20 \u00e9s november 29 \u2013 december 12<\/p>\n<p style=\"font-variant-ligatures: normal; font-variant-caps: normal; font-family: Poppins; font-size: 16px; font-style: normal; font-weight: 400;\"><strong>Felk\u00e9sz\u00fclts\u00e9gi szint<\/strong>: ragadoz\u00f3 madarak felismer\u00e9se<\/p>\n<p style=\"font-variant-ligatures: normal; font-variant-caps: normal; font-family: Poppins; font-size: 16px; font-style: normal; font-weight: 400;\"><strong>Felm\u00e9r\u00e9shez sz\u00fcks\u00e9ges szem\u00e9lyek sz\u00e1ma<\/strong>:\u00a01 \u2013 3 szem\u00e9ly<\/p>\n<p style=\"font-variant-ligatures: normal; font-variant-caps: normal; font-family: Poppins; font-size: 16px; font-style: normal; font-weight: 400;\"><strong>Sz\u00fcks\u00e9ges felszerel\u00e9s<\/strong>:\u00a0mobiltelefon (android), t\u00e1vcs\u0151<\/p>\n<p style=\"font-variant-ligatures: normal; font-variant-caps: normal; font-family: Poppins; font-size: 16px; font-style: normal; font-weight: 400;\"><strong>Helysz\u00edn<\/strong>:\u00a0Transzekt, el\u0151rre kijel\u00f6lt, j\u00f3l behat\u00e1rolt nyomvonalak (pl. utak \u00e9s\/vagy foly\u00f3k ment\u00e9n)<\/p><p><\/p><p><h2>M\u00f3dszertan r\u00f6vid le\u00edr\u00e1sa:<\/h2><\/p><p>A mez\u0151gazdas\u00e1gi m\u0171vel\u00e9si m\u00f3dok v\u00e1ltoz\u00e1sa (p\u00e9ld\u00e1ul a hagyom\u00e1nyos gazd\u00e1lkod\u00e1sr\u00f3l az intenz\u00edv, monokult\u00far\u00e1s m\u0171vel\u00e9sre val\u00f3 \u00e1tt\u00e9r\u00e9s), az infrastrukt\u00fara \u00e9s turizmus fejleszt\u00e9se vagy \u00e9pp a kl\u00edmav\u00e1ltoz\u00e1s jelent\u0151s hat\u00e1ssal vannak minden \u00e9l\u0151 szervezetre, k\u00f6zt\u00fck a madarakra is. \u00c9pp ez\u00e9rt fontos k\u00f6vetn\u00fcnk \u00fagy a k\u00f6lt\u0151, mint a telel\u0151 mad\u00e1r\u00e1llom\u00e1nyokban bek\u00f6vetkez\u0151 v\u00e1ltoz\u00e1sokat. Ezek ismeret\u00e9ben id\u0151ben avatkozhatunk k\u00f6zbe \u00e9s m\u00e9rs\u00e9kelhetj\u00fck a negat\u00edv ir\u00e1ny\u00fa v\u00e1ltoz\u00e1sokat. A Milvus Csoport 2006-ban ind\u00edtotta el a t\u00e9li ragadoz\u00f3mad\u00e1r monitoring programot.&nbsp;<\/p><p>A program c\u00e9lja egyr\u00e9szt azonos\u00edtani az orsz\u00e1g k\u00fcl\u00f6nb\u00f6z\u0151 r\u00e9gi\u00f3iban telel\u0151 ragadoz\u00f3 mad\u00e1r fajokat \u00e9s egyedsz\u00e1maikat, m\u00e1sr\u00e9szt hossz\u00fa t\u00e1von k\u00f6vetni ezek \u00e1llom\u00e1nyv\u00e1ltoz\u00e1sait. A felm\u00e9r\u00e9st el\u0151rre kijel\u00f6lt minimum 5 km (aj\u00e1nlott 8-10 km) hossz\u00fas\u00e1g\u00fa szakaszon v\u00e9gezz\u00fck, amit a felm\u00e9r\u00e9s koordin\u00e1tor\u00e1val k\u00f6z\u00f6sen jel\u00f6l\u00fcnk ki. A sz\u00e1mol\u00e1st gyalog v\u00e9gezz\u00fck, 9 \u00e9s 16 \u00f3ra k\u00f6z\u00f6tt, j\u00f3 vizibilit\u00e1si k\u00f6r\u00fclm\u00e9nyek mellet. A felm\u00e9r\u00e9s ideje 2-4 \u00f3ra, ezalatt az id\u0151 alatt a felm\u00e9r\u0151k akt\u00edvan keresik a ragadoz\u00f3 madarakat a transzekt ment\u00e9n. A legt\u00f6bb esetben az \u00e9gen k\u00f6r\u00f6zve vagy egy magasabb pontra ki\u00fclve (pl. oszlop vagy fa) lehet tal\u00e1lni egyedeket emiatt fontos, hogy a felm\u00e9r\u00e9s k\u00f6zben gyakran \u00e1lljunk meg \u00e9s t\u00e1vcs\u0151vel alaposan p\u00e1szt\u00e1zzuk v\u00e9gig a t\u00e1jat \u00e9s az eget, hogy a t\u0151l\u00fcnk t\u00e1vol lev\u0151 egyedeket is tal\u00e1ljuk meg. A felm\u00e9r\u00e9s ideje alatt aj\u00e1nlott minden mad\u00e1rfajt feljegyezni, mivel ezek a megfigyel\u00e9sek \u00e9rt\u00e9kes inform\u00e1ci\u00f3kkal szolg\u00e1lnak a haz\u00e1nkban telel\u0151 mad\u00e1rfajokr\u00f3l.<\/p><p>A m\u00f3dszer r\u00e9szletes le\u00edr\u00e1s\u00e1t \u00e9s \u0171rlapokat innen lehet let\u00f6lteni (<a href=\"https:\/\/milvus.ro\/wp-content\/uploads\/2021\/11\/Metodologie-monitorizare-iernare-rapitoare_2021.pdf\">m\u00f3dszer<\/a> \u00e9s&nbsp;<a href=\"https:\/\/milvus.ro\/wp-content\/uploads\/2021\/11\/formular_rapitoare_iarna_2021.pdf\">kit\u00f6lt\u0151\u00edv<\/a>).<\/p><p>A program koordin\u00e1tora: Kov\u00e1cs Istv\u00e1n (<a href=\"mailto:i&#115;&#116;van.&#107;o&#118;ac&#115;&#46;&#107;&#111;v&#64;&#103;&#109;&#97;i&#108;.com\">&#105;stv&#97;n&#46;&#107;o&#118;&#97;&#99;s&#46;&#107;&#111;v&#64;gm&#97;il.c&#111;m<\/a>).<\/p><p><h2>Eredm\u00e9nyek:<\/h2><\/p><p><a href=\"https:\/\/milvus.ro\/images\/PDF\/Raport%202010.pdf\">A 2006-2010 id\u0151szak \u00f6sszefoglal\u00f3ja.<\/a><\/p><p><a href=\"https:\/\/milvus.ro\/wp-content\/uploads\/2020\/07\/Kovacs-BN-2019-poster_BirdNumbers.pdf\" target=\"_blank\" rel=\"noreferrer noopener\">A 2006-2018 k\u00f6z\u00f6tt gy\u0171jt\u00f6tt adatok r\u00f6vid elemz\u00e9se a Bird Numbers 2019 konferenci\u00e1n bemutatott poszteren<\/a><\/p><figure><a href=\"https:\/\/milvus.ro\/wp-content\/uploads\/2022\/04\/Teli-ragadozo-eredmenyek-tablazat-2022.jpg\"><img decoding=\"async\" src=\"https:\/\/milvus.ro\/wp-content\/uploads\/2022\/04\/Teli-ragadozo-eredmenyek-tablazat-2022.jpg\" alt=\"\" \/><\/a>\n<figcaption>A 2021-2022-es t\u00e9li megfigyel\u00e9sek eredm\u00e9nyei \u00e9s a 2006-2019 k\u00f6zti megfigyel\u00e9sek sok\u00e9ves \u00e1tlagai.<\/figcaption>\n<\/figure><p><\/p><p><a href=\"https:\/\/milvus.ro\/hu\/teli-ragadozomadar-monitoring-eredmenyek-2023-2024-telen\/\">&nbsp;Eredm\u00e9nyek 2023\/2024 tel\u00e9n <\/a><\/p><p><\/p>","protected":false},"excerpt":{"rendered":"C\u00e9lfaj:\u00a0telel\u0151 ragadoz\u00f3 madarak \u00e9s nagy \u0151rg\u00e9bics Id\u0151szak:\u00a02 kij\u00e1r\u00e1s: febru\u00e1r 7 \u2013 20 \u00e9s november 29 \u2013 december 12 Felk\u00e9sz\u00fclts\u00e9gi szint: ragadoz\u00f3 madarak felismer\u00e9se Felm\u00e9r\u00e9shez sz\u00fcks\u00e9ges szem\u00e9lyek sz\u00e1ma:\u00a01 \u2013 3 szem\u00e9ly Sz\u00fcks\u00e9ges felszerel\u00e9s:\u00a0mobiltelefon (android), t\u00e1vcs\u0151 Helysz\u00edn:\u00a0Transzekt, el\u0151rre kijel\u00f6lt, j\u00f3l behat\u00e1rolt nyomvonalak (pl. utak \u00e9s\/vagy foly\u00f3k ment\u00e9n)M\u00f3dszertan r\u00f6vid le\u00edr\u00e1sa:A mez\u0151gazdas\u00e1gi m\u0171vel\u00e9si m\u00f3dok v\u00e1ltoz\u00e1sa (p\u00e9ld\u00e1ul a hagyom\u00e1nyos gazd\u00e1lkod\u00e1sr\u00f3l [&hellip;]","protected":false},"author":2,"featured_media":1218,"parent":17587,"menu_order":0,"comment_status":"closed","ping_status":"closed","template":"","meta":{"_acf_changed":false,"_eb_attr":"","ocean_post_layout":"left-sidebar","ocean_both_sidebars_style":"","ocean_both_sidebars_content_width":0,"ocean_both_sidebars_sidebars_width":0,"ocean_sidebar":"ocs-monitoring-menu","ocean_second_sidebar":"0","ocean_disable_margins":"enable","ocean_add_body_class":"","ocean_shortcode_before_top_bar":"","ocean_shortcode_after_top_bar":"","ocean_shortcode_before_header":"","ocean_shortcode_after_header":"","ocean_has_shortcode":"","ocean_shortcode_after_title":"","ocean_shortcode_before_footer_widgets":"","ocean_shortcode_after_footer_widgets":"","ocean_shortcode_before_footer_bottom":"","ocean_shortcode_after_footer_bottom":"","ocean_display_top_bar":"default","ocean_display_header":"default","ocean_header_style":"","ocean_center_header_left_menu":"0","ocean_custom_header_template":"0","ocean_custom_logo":0,"ocean_custom_retina_logo":0,"ocean_custom_logo_max_width":0,"ocean_custom_logo_tablet_max_width":0,"ocean_custom_logo_mobile_max_width":0,"ocean_custom_logo_max_height":0,"ocean_custom_logo_tablet_max_height":0,"ocean_custom_logo_mobile_max_height":0,"ocean_header_custom_menu":"0","ocean_menu_typo_font_family":"0","ocean_menu_typo_font_subset":"","ocean_menu_typo_font_size":0,"ocean_menu_typo_font_size_tablet":0,"ocean_menu_typo_font_size_mobile":0,"ocean_menu_typo_font_size_unit":"px","ocean_menu_typo_font_weight":"","ocean_menu_typo_font_weight_tablet":"","ocean_menu_typo_font_weight_mobile":"","ocean_menu_typo_transform":"","ocean_menu_typo_transform_tablet":"","ocean_menu_typo_transform_mobile":"","ocean_menu_typo_line_height":0,"ocean_menu_typo_line_height_tablet":0,"ocean_menu_typo_line_height_mobile":0,"ocean_menu_typo_line_height_unit":"","ocean_menu_typo_spacing":0,"ocean_menu_typo_spacing_tablet":0,"ocean_menu_typo_spacing_mobile":0,"ocean_menu_typo_spacing_unit":"","ocean_menu_link_color":"","ocean_menu_link_color_hover":"","ocean_menu_link_color_active":"","ocean_menu_link_background":"","ocean_menu_link_hover_background":"","ocean_menu_link_active_background":"","ocean_menu_social_links_bg":"","ocean_menu_social_hover_links_bg":"","ocean_menu_social_links_color":"","ocean_menu_social_hover_links_color":"","ocean_disable_title":"enable","ocean_disable_heading":"enable","ocean_post_title":"","ocean_post_subheading":"","ocean_post_title_style":"background-image","ocean_post_title_background_color":"","ocean_post_title_background":32649,"ocean_post_title_bg_image_position":"center center","ocean_post_title_bg_image_attachment":"fixed","ocean_post_title_bg_image_repeat":"no-repeat","ocean_post_title_bg_image_size":"cover","ocean_post_title_height":500,"ocean_post_title_bg_overlay":0.4,"ocean_post_title_bg_overlay_color":"","ocean_disable_breadcrumbs":"on","ocean_breadcrumbs_color":"","ocean_breadcrumbs_separator_color":"","ocean_breadcrumbs_links_color":"","ocean_breadcrumbs_links_hover_color":"","ocean_display_footer_widgets":"default","ocean_display_footer_bottom":"default","ocean_custom_footer_template":"0","omw_enable_modal_window":"enable","osh_disable_topbar_sticky":"default","osh_disable_header_sticky":"default","osh_sticky_header_style":"default","osh_sticky_header_effect":"","osh_custom_sticky_logo":0,"osh_custom_retina_sticky_logo":0,"osh_custom_sticky_logo_height":0,"osh_background_color":"","osh_links_color":"","osh_links_hover_color":"","osh_links_active_color":"","osh_links_bg_color":"","osh_links_hover_bg_color":"","osh_links_active_bg_color":"","osh_menu_social_links_color":"","osh_menu_social_hover_links_color":"","footnotes":""},"class_list":["post-28464","page","type-page","status-publish","has-post-thumbnail","hentry","entry","has-media","owp-thumbs-layout-horizontal","owp-btn-normal","owp-tabs-layout-horizontal","has-no-thumbnails","has-product-nav"],"acf":[],"_links":{"self":[{"href":"https:\/\/milvus.ro\/hu\/wp-json\/wp\/v2\/pages\/28464","targetHints":{"allow":["GET"]}}],"collection":[{"href":"https:\/\/milvus.ro\/hu\/wp-json\/wp\/v2\/pages"}],"about":[{"href":"https:\/\/milvus.ro\/hu\/wp-json\/wp\/v2\/types\/page"}],"author":[{"embeddable":true,"href":"https:\/\/milvus.ro\/hu\/wp-json\/wp\/v2\/users\/2"}],"replies":[{"embeddable":true,"href":"https:\/\/milvus.ro\/hu\/wp-json\/wp\/v2\/comments?post=28464"}],"version-history":[{"count":24,"href":"https:\/\/milvus.ro\/hu\/wp-json\/wp\/v2\/pages\/28464\/revisions"}],"predecessor-version":[{"id":44836,"href":"https:\/\/milvus.ro\/hu\/wp-json\/wp\/v2\/pages\/28464\/revisions\/44836"}],"up":[{"embeddable":true,"href":"https:\/\/milvus.ro\/hu\/wp-json\/wp\/v2\/pages\/17587"}],"wp:featuredmedia":[{"embeddable":true,"href":"https:\/\/milvus.ro\/hu\/wp-json\/wp\/v2\/media\/1218"}],"wp:attachment":[{"href":"https:\/\/milvus.ro\/hu\/wp-json\/wp\/v2\/media?parent=28464"}],"curies":[{"name":"wp","href":"https:\/\/api.w.org\/{rel}","templated":true}]}}