{"id":27096,"date":"2020-07-28T09:54:13","date_gmt":"2020-07-28T06:54:13","guid":{"rendered":"https:\/\/new.milvus.ro\/?page_id=27096"},"modified":"2021-06-21T13:18:53","modified_gmt":"2021-06-21T10:18:53","slug":"pomarina","status":"publish","type":"page","link":"https:\/\/milvus.ro\/hu\/birds\/pomarina\/","title":{"rendered":"B\u00e9k\u00e1sz\u00f3 sas"},"content":{"rendered":"<p>A 2000 \u00e9vek elej\u00e9n t\u00f6bb, a Polg\u00e1r-T\u00e1rs Alap\u00edtv\u00e1ny \u00e1ltal t\u00e1mogatott erd\u00e9lyi szint\u0171 projekt\u00fcnk l\u00e1tott napvil\u00e1got, mely a ragadoz\u00f3 madarak v\u00e9delm\u00e9t c\u00e9lozta meg \u00e9s innen sz\u00e1m\u00edtva a b\u00e9k\u00e1sz\u00f3 sas (<i>Aquila pomarina<\/i>) egyik c\u00e9lfajunkk\u00e1 v\u00e1lt. Az akkori ismeretek a rom\u00e1niai b\u00e9k\u00e1sz\u00f3 sas \u00e1llom\u00e1nyt 200-300 k\u00f6lt\u0151 p\u00e1rra becs\u00fclt\u00e9k, de ezek a sz\u00e1mok nem t\u00e1maszkodtak egy re\u00e1lis felm\u00e9r\u00e9sre. Ezt k\u00f6vet\u0151en, 2005-ben egy, szinte orsz\u00e1gos szint\u0171 (K\u00e1rp\u00e1t-r\u00e9gi\u00f3) b\u00e9k\u00e1sz\u00f3 sas felm\u00e9r\u00e9st siker\u00fclt lebonyol\u00edtani k\u00fclf\u00f6ldi seg\u00edts\u00e9ggel, a WWF \u00e9s a CERI finansz\u00edroz\u00e1s\u00e1val. Az eredm\u00e9ny meglep\u0151 volt: a hazai \u00e1llom\u00e1ny k\u00f6zel 2000 p\u00e1rb\u00f3l \u00e1ll \u00e9s Rom\u00e1nia a b\u00e9k\u00e1sz\u00f3 sas v\u00e9delem szempontj\u00e1b\u00f3l egy nagyon jelent\u0151s orsz\u00e1gg\u00e1 l\u00e9pett el\u0151. Ezt a felm\u00e9r\u00e9st folytattuk 2007-ben, amikor kiterjesztett\u00fck az orsz\u00e1g fennmaradt r\u00e9gi\u00f3ira, \u00edgy l\u00e9trej\u00f6tt egy orsz\u00e1gos &#8211; egyben az els\u0151 rom\u00e1niai &#8211; b\u00e9k\u00e1sz\u00f3 sas felm\u00e9r\u00e9s.\u00a0<\/p><figure class=\"wp-block-gallery columns-3 is-cropped wp-block-gallery-1 is-layout-flex wp-block-gallery-is-layout-flex\"><ul class=\"blocks-gallery-grid\"><li class=\"blocks-gallery-item\"><figure><a href=\"https:\/\/milvus.ro\/wp-content\/uploads\/2010\/09\/P1130979.jpg\"><img fetchpriority=\"high\" decoding=\"async\" width=\"500\" height=\"325\" src=\"https:\/\/milvus.ro\/wp-content\/uploads\/2010\/09\/P1130979.jpg\" alt=\"\" data-id=\"23956\" data-full-url=\"https:\/\/milvus.ro\/wp-content\/uploads\/2010\/09\/P1130979.jpg\" data-link=\"https:\/\/milvus.ro\/en\/p1130979-2\/\" class=\"wp-image-23956\" srcset=\"https:\/\/milvus.ro\/wp-content\/uploads\/2010\/09\/P1130979.jpg 500w, https:\/\/milvus.ro\/wp-content\/uploads\/2010\/09\/P1130979-300x195.jpg 300w\" sizes=\"(max-width: 500px) 100vw, 500px\" \/><\/a><\/figure><\/li><li class=\"blocks-gallery-item\"><figure><a href=\"https:\/\/milvus.ro\/wp-content\/uploads\/2011\/10\/Aquila-pomarina.jpg\"><img decoding=\"async\" width=\"943\" height=\"1024\" src=\"https:\/\/milvus.ro\/wp-content\/uploads\/2011\/10\/Aquila-pomarina-943x1024.jpg\" alt=\"\" data-id=\"26542\" data-full-url=\"https:\/\/milvus.ro\/wp-content\/uploads\/2011\/10\/Aquila-pomarina.jpg\" data-link=\"https:\/\/milvus.ro\/en\/aquila-pomarina-2\/\" class=\"wp-image-26542\" srcset=\"https:\/\/milvus.ro\/wp-content\/uploads\/2011\/10\/Aquila-pomarina-943x1024.jpg 943w, https:\/\/milvus.ro\/wp-content\/uploads\/2011\/10\/Aquila-pomarina-600x652.jpg 600w, https:\/\/milvus.ro\/wp-content\/uploads\/2011\/10\/Aquila-pomarina-276x300.jpg 276w, https:\/\/milvus.ro\/wp-content\/uploads\/2011\/10\/Aquila-pomarina-768x834.jpg 768w, https:\/\/milvus.ro\/wp-content\/uploads\/2011\/10\/Aquila-pomarina.jpg 1304w\" sizes=\"(max-width: 943px) 100vw, 943px\" \/><\/a><\/figure><\/li><li class=\"blocks-gallery-item\"><figure><a href=\"https:\/\/milvus.ro\/wp-content\/uploads\/2017\/12\/phoca_thumb_l_cingar.jpg\"><img decoding=\"async\" width=\"475\" height=\"480\" src=\"https:\/\/milvus.ro\/wp-content\/uploads\/2017\/12\/phoca_thumb_l_cingar.jpg\" alt=\"\" data-id=\"23139\" data-full-url=\"https:\/\/milvus.ro\/wp-content\/uploads\/2017\/12\/phoca_thumb_l_cingar.jpg\" data-link=\"https:\/\/milvus.ro\/en\/phoca_thumb_l_cingar-2\/\" class=\"wp-image-23139\" srcset=\"https:\/\/milvus.ro\/wp-content\/uploads\/2017\/12\/phoca_thumb_l_cingar.jpg 475w, https:\/\/milvus.ro\/wp-content\/uploads\/2017\/12\/phoca_thumb_l_cingar-100x100.jpg 100w, https:\/\/milvus.ro\/wp-content\/uploads\/2017\/12\/phoca_thumb_l_cingar-297x300.jpg 297w\" sizes=\"(max-width: 475px) 100vw, 475px\" \/><\/a><\/figure><\/li><\/ul><\/figure><p>Term\u00e9szetesen itt nem \u00e1lltunk meg, \u00e9s 2010-ben egy orsz\u00e1gos b\u00e9k\u00e1sz\u00f3 sas v\u00e9delmi LIFE projekt sz\u00fcletett. A n\u00e9gy \u00e9ves  projekt, melyet a Szebeni Region\u00e1lis K\u00f6rnyezetv\u00e9delmi Hivatallal \u00e9s a Rom\u00e1n Mad\u00e1rtani Egyes\u00fclettel k\u00f6z\u00f6sen v\u00e9gezt\u00fcnk, elnyerte az EU elismer\u00e9s\u00e9t \u00e9s beker\u00fclt a legjobb LIFE projektek k\u00f6z\u00e9. A p\u00e1ly\u00e1zat keretein bel\u00fcl kidolgoztuk a faj rom\u00e1niai kezel\u00e9si terv\u00e9t, valamint friss\u00edtett\u00fck a faj eur\u00f3pai kezel\u00e9si terv\u00e9t (Species European Action Plan), ugyanakkor felm\u00e9rt\u00fck a fajt vesz\u00e9lyeztet\u0151 t\u00e9nyez\u0151ket. Ezek sokr\u00e9t\u0171ek , hiszen a b\u00e9k\u00e1sz\u00f3-sas egy hossz\u00fat\u00e1v\u00fa vonul\u00f3 faj, mely a telet Afrika d\u00e9li r\u00e9sz\u00e9n t\u00f6lti, \u00edgy p\u00e9ld\u00e1ul nem csak az orsz\u00e1gon bel\u00fcl kell megoldani a fenn\u00e1ll\u00f3 probl\u00e9m\u00e1kat. <\/p><figure class=\"wp-block-gallery columns-3 is-cropped wp-block-gallery-2 is-layout-flex wp-block-gallery-is-layout-flex\"><ul class=\"blocks-gallery-grid\"><li class=\"blocks-gallery-item\"><figure><a href=\"https:\/\/milvus.ro\/wp-content\/uploads\/2021\/04\/P1200237.jpg\"><img loading=\"lazy\" decoding=\"async\" width=\"2048\" height=\"1536\" src=\"https:\/\/milvus.ro\/wp-content\/uploads\/2021\/04\/P1200237.jpg\" alt=\"\" data-id=\"28934\" data-full-url=\"https:\/\/milvus.ro\/wp-content\/uploads\/2021\/04\/P1200237.jpg\" data-link=\"https:\/\/milvus.ro\/hu\/birds\/pomarina\/p1200237\/\" class=\"wp-image-28936\" srcset=\"https:\/\/milvus.ro\/wp-content\/uploads\/2021\/04\/P1200237.jpg 2048w, https:\/\/milvus.ro\/wp-content\/uploads\/2021\/04\/P1200237-600x450.jpg 600w, https:\/\/milvus.ro\/wp-content\/uploads\/2021\/04\/P1200237-300x225.jpg 300w, https:\/\/milvus.ro\/wp-content\/uploads\/2021\/04\/P1200237-1024x768.jpg 1024w, https:\/\/milvus.ro\/wp-content\/uploads\/2021\/04\/P1200237-768x576.jpg 768w, https:\/\/milvus.ro\/wp-content\/uploads\/2021\/04\/P1200237-1536x1152.jpg 1536w\" sizes=\"(max-width: 2048px) 100vw, 2048px\" \/><\/a><\/figure><\/li><li class=\"blocks-gallery-item\"><figure><a href=\"https:\/\/milvus.ro\/wp-content\/uploads\/2021\/04\/P1200291-1-scaled.jpg\"><img loading=\"lazy\" decoding=\"async\" width=\"2560\" height=\"1920\" src=\"https:\/\/milvus.ro\/wp-content\/uploads\/2021\/04\/P1200291-1-scaled.jpg\" alt=\"\" data-id=\"28937\" data-full-url=\"https:\/\/milvus.ro\/wp-content\/uploads\/2021\/04\/P1200291-1-scaled.jpg\" data-link=\"https:\/\/milvus.ro\/hu\/birds\/pomarina\/p1200291-1\/\" class=\"wp-image-28939\" srcset=\"https:\/\/milvus.ro\/wp-content\/uploads\/2021\/04\/P1200291-1-scaled.jpg 2560w, https:\/\/milvus.ro\/wp-content\/uploads\/2021\/04\/P1200291-1-scaled-600x450.jpg 600w, https:\/\/milvus.ro\/wp-content\/uploads\/2021\/04\/P1200291-1-300x225.jpg 300w, https:\/\/milvus.ro\/wp-content\/uploads\/2021\/04\/P1200291-1-1024x768.jpg 1024w, https:\/\/milvus.ro\/wp-content\/uploads\/2021\/04\/P1200291-1-768x576.jpg 768w, https:\/\/milvus.ro\/wp-content\/uploads\/2021\/04\/P1200291-1-1536x1152.jpg 1536w, https:\/\/milvus.ro\/wp-content\/uploads\/2021\/04\/P1200291-1-2048x1536.jpg 2048w\" sizes=\"(max-width: 2560px) 100vw, 2560px\" \/><\/a><\/figure><\/li><li class=\"blocks-gallery-item\"><figure><a href=\"https:\/\/milvus.ro\/wp-content\/uploads\/2021\/04\/P1270289.jpg\"><img loading=\"lazy\" decoding=\"async\" width=\"2560\" height=\"1920\" src=\"https:\/\/milvus.ro\/wp-content\/uploads\/2021\/04\/P1270289.jpg\" alt=\"\" data-id=\"28940\" data-full-url=\"https:\/\/milvus.ro\/wp-content\/uploads\/2021\/04\/P1270289.jpg\" data-link=\"https:\/\/milvus.ro\/hu\/birds\/pomarina\/p1270289\/\" class=\"wp-image-28942\" srcset=\"https:\/\/milvus.ro\/wp-content\/uploads\/2021\/04\/P1270289.jpg 2560w, https:\/\/milvus.ro\/wp-content\/uploads\/2021\/04\/P1270289-600x450.jpg 600w, https:\/\/milvus.ro\/wp-content\/uploads\/2021\/04\/P1270289-300x225.jpg 300w, https:\/\/milvus.ro\/wp-content\/uploads\/2021\/04\/P1270289-1024x768.jpg 1024w, https:\/\/milvus.ro\/wp-content\/uploads\/2021\/04\/P1270289-768x576.jpg 768w, https:\/\/milvus.ro\/wp-content\/uploads\/2021\/04\/P1270289-1536x1152.jpg 1536w, https:\/\/milvus.ro\/wp-content\/uploads\/2021\/04\/P1270289-2048x1536.jpg 2048w\" sizes=\"(max-width: 2560px) 100vw, 2560px\" \/><\/a><\/figure><\/li><li class=\"blocks-gallery-item\"><figure><a href=\"https:\/\/milvus.ro\/wp-content\/uploads\/2021\/04\/P1270315.jpg\"><img loading=\"lazy\" decoding=\"async\" width=\"2560\" height=\"1920\" src=\"https:\/\/milvus.ro\/wp-content\/uploads\/2021\/04\/P1270315.jpg\" alt=\"\" data-id=\"28943\" data-full-url=\"https:\/\/milvus.ro\/wp-content\/uploads\/2021\/04\/P1270315.jpg\" data-link=\"https:\/\/milvus.ro\/hu\/birds\/pomarina\/p1270315\/\" class=\"wp-image-28945\" srcset=\"https:\/\/milvus.ro\/wp-content\/uploads\/2021\/04\/P1270315.jpg 2560w, https:\/\/milvus.ro\/wp-content\/uploads\/2021\/04\/P1270315-600x450.jpg 600w, https:\/\/milvus.ro\/wp-content\/uploads\/2021\/04\/P1270315-300x225.jpg 300w, https:\/\/milvus.ro\/wp-content\/uploads\/2021\/04\/P1270315-1024x768.jpg 1024w, https:\/\/milvus.ro\/wp-content\/uploads\/2021\/04\/P1270315-768x576.jpg 768w, https:\/\/milvus.ro\/wp-content\/uploads\/2021\/04\/P1270315-1536x1152.jpg 1536w, https:\/\/milvus.ro\/wp-content\/uploads\/2021\/04\/P1270315-2048x1536.jpg 2048w\" sizes=\"(max-width: 2560px) 100vw, 2560px\" \/><\/a><\/figure><\/li><\/ul><\/figure><p>Rom\u00e1ni\u00e1ban v\u00e9delm\u00e9nek legfontosabb t\u00e9nyez\u0151je a jelenlegi mez\u0151gazdas\u00e1gi gyakorlat fenntart\u00e1sa. Ennek \u00e9rdek\u00e9ben kidolgoztunk egy mez\u0151gazdas\u00e1gi t\u00e1mogat\u00e1si rendszert, amely rem\u00e9lhet\u0151leg hamarosan \u00e9letbe l\u00e9p \u00e9s plusz j\u00f6vedelmet fog biztos\u00edtani azoknak a gazd\u00e1knak, akik sas-bar\u00e1t m\u00f3don m\u0171velik a f\u00f6ldjeiket. A p\u00e1ly\u00e1zat egy m\u00e1sik fontos hozad\u00e9ka egy \u00fatmutat\u00f3 a b\u00e9k\u00e1sz\u00f3 sas \u00e9l\u0151hely\u00e9nek megfelel\u0151 kezel\u00e9s\u00e9hez Rom\u00e1ni\u00e1ban, melyet \u00fagy a v\u00e9dett ter\u00fclet kezel\u0151i, mint az amat\u0151r\u00f6k is haszonnal forgathatnak.<\/p>","protected":false},"excerpt":{"rendered":"A 2000 \u00e9vek elej\u00e9n t\u00f6bb, a Polg\u00e1r-T\u00e1rs Alap\u00edtv\u00e1ny \u00e1ltal t\u00e1mogatott erd\u00e9lyi szint\u0171 projekt\u00fcnk l\u00e1tott napvil\u00e1got, mely a ragadoz\u00f3 madarak v\u00e9delm\u00e9t c\u00e9lozta meg \u00e9s innen sz\u00e1m\u00edtva a b\u00e9k\u00e1sz\u00f3 sas (Aquila pomarina) egyik c\u00e9lfajunkk\u00e1 v\u00e1lt. Az akkori ismeretek a rom\u00e1niai b\u00e9k\u00e1sz\u00f3 sas \u00e1llom\u00e1nyt 200-300 k\u00f6lt\u0151 p\u00e1rra becs\u00fclt\u00e9k, de ezek a sz\u00e1mok nem t\u00e1maszkodtak egy re\u00e1lis felm\u00e9r\u00e9sre. Ezt [&hellip;]","protected":false},"author":3,"featured_media":397,"parent":18398,"menu_order":0,"comment_status":"closed","ping_status":"closed","template":"","meta":{"_acf_changed":false,"_eb_attr":"","ocean_post_layout":"right-sidebar","ocean_both_sidebars_style":"","ocean_both_sidebars_content_width":0,"ocean_both_sidebars_sidebars_width":0,"ocean_sidebar":"ocs-acvila-tipatoare-mica","ocean_second_sidebar":"0","ocean_disable_margins":"enable","ocean_add_body_class":"","ocean_shortcode_before_top_bar":"","ocean_shortcode_after_top_bar":"","ocean_shortcode_before_header":"","ocean_shortcode_after_header":"[oceanwp_library id=\"18209\"]","ocean_has_shortcode":"","ocean_shortcode_after_title":"","ocean_shortcode_before_footer_widgets":"","ocean_shortcode_after_footer_widgets":"","ocean_shortcode_before_footer_bottom":"","ocean_shortcode_after_footer_bottom":"","ocean_display_top_bar":"off","ocean_display_header":"default","ocean_header_style":"","ocean_center_header_left_menu":"0","ocean_custom_header_template":"0","ocean_custom_logo":0,"ocean_custom_retina_logo":0,"ocean_custom_logo_max_width":0,"ocean_custom_logo_tablet_max_width":0,"ocean_custom_logo_mobile_max_width":0,"ocean_custom_logo_max_height":0,"ocean_custom_logo_tablet_max_height":0,"ocean_custom_logo_mobile_max_height":0,"ocean_header_custom_menu":"0","ocean_menu_typo_font_family":"0","ocean_menu_typo_font_subset":"","ocean_menu_typo_font_size":0,"ocean_menu_typo_font_size_tablet":0,"ocean_menu_typo_font_size_mobile":0,"ocean_menu_typo_font_size_unit":"px","ocean_menu_typo_font_weight":"","ocean_menu_typo_font_weight_tablet":"","ocean_menu_typo_font_weight_mobile":"","ocean_menu_typo_transform":"","ocean_menu_typo_transform_tablet":"","ocean_menu_typo_transform_mobile":"","ocean_menu_typo_line_height":0,"ocean_menu_typo_line_height_tablet":0,"ocean_menu_typo_line_height_mobile":0,"ocean_menu_typo_line_height_unit":"","ocean_menu_typo_spacing":0,"ocean_menu_typo_spacing_tablet":0,"ocean_menu_typo_spacing_mobile":0,"ocean_menu_typo_spacing_unit":"","ocean_menu_link_color":"","ocean_menu_link_color_hover":"","ocean_menu_link_color_active":"","ocean_menu_link_background":"","ocean_menu_link_hover_background":"","ocean_menu_link_active_background":"","ocean_menu_social_links_bg":"","ocean_menu_social_hover_links_bg":"","ocean_menu_social_links_color":"","ocean_menu_social_hover_links_color":"","ocean_disable_title":"enable","ocean_disable_heading":"enable","ocean_post_title":"","ocean_post_subheading":"","ocean_post_title_style":"background-image","ocean_post_title_background_color":"","ocean_post_title_background":28918,"ocean_post_title_bg_image_position":"center center","ocean_post_title_bg_image_attachment":"","ocean_post_title_bg_image_repeat":"no-repeat","ocean_post_title_bg_image_size":"","ocean_post_title_height":600,"ocean_post_title_bg_overlay":0.4,"ocean_post_title_bg_overlay_color":"#6b6b6b","ocean_disable_breadcrumbs":"default","ocean_breadcrumbs_color":"","ocean_breadcrumbs_separator_color":"","ocean_breadcrumbs_links_color":"","ocean_breadcrumbs_links_hover_color":"","ocean_display_footer_widgets":"default","ocean_display_footer_bottom":"default","ocean_custom_footer_template":"0","omw_enable_modal_window":"enable","osh_disable_topbar_sticky":"default","osh_disable_header_sticky":"default","osh_sticky_header_style":"default","osh_sticky_header_effect":"","osh_custom_sticky_logo":0,"osh_custom_retina_sticky_logo":0,"osh_custom_sticky_logo_height":0,"osh_background_color":"","osh_links_color":"","osh_links_hover_color":"","osh_links_active_color":"","osh_links_bg_color":"","osh_links_hover_bg_color":"","osh_links_active_bg_color":"","osh_menu_social_links_color":"","osh_menu_social_hover_links_color":"","footnotes":""},"class_list":["post-27096","page","type-page","status-publish","has-post-thumbnail","hentry","entry","has-media","owp-thumbs-layout-horizontal","owp-btn-normal","owp-tabs-layout-horizontal","has-no-thumbnails","has-product-nav"],"acf":[],"_links":{"self":[{"href":"https:\/\/milvus.ro\/hu\/wp-json\/wp\/v2\/pages\/27096","targetHints":{"allow":["GET"]}}],"collection":[{"href":"https:\/\/milvus.ro\/hu\/wp-json\/wp\/v2\/pages"}],"about":[{"href":"https:\/\/milvus.ro\/hu\/wp-json\/wp\/v2\/types\/page"}],"author":[{"embeddable":true,"href":"https:\/\/milvus.ro\/hu\/wp-json\/wp\/v2\/users\/3"}],"replies":[{"embeddable":true,"href":"https:\/\/milvus.ro\/hu\/wp-json\/wp\/v2\/comments?post=27096"}],"version-history":[{"count":10,"href":"https:\/\/milvus.ro\/hu\/wp-json\/wp\/v2\/pages\/27096\/revisions"}],"predecessor-version":[{"id":30728,"href":"https:\/\/milvus.ro\/hu\/wp-json\/wp\/v2\/pages\/27096\/revisions\/30728"}],"up":[{"embeddable":true,"href":"https:\/\/milvus.ro\/hu\/wp-json\/wp\/v2\/pages\/18398"}],"wp:featuredmedia":[{"embeddable":true,"href":"https:\/\/milvus.ro\/hu\/wp-json\/wp\/v2\/media\/397"}],"wp:attachment":[{"href":"https:\/\/milvus.ro\/hu\/wp-json\/wp\/v2\/media?parent=27096"}],"curies":[{"name":"wp","href":"https:\/\/api.w.org\/{rel}","templated":true}]}}