{"id":26751,"date":"2020-07-28T08:58:40","date_gmt":"2020-07-28T05:58:40","guid":{"rendered":"https:\/\/new.milvus.ro\/?page_id=26751"},"modified":"2021-04-26T19:18:09","modified_gmt":"2021-04-26T16:18:09","slug":"kerecsensolyom","status":"publish","type":"page","link":"https:\/\/milvus.ro\/hu\/birds\/kerecsensolyom\/","title":{"rendered":"Kerecsens\u00f3lyom"},"content":{"rendered":"<p>A kerecsens\u00f3lyom (<em>Falco cherrug<\/em>) glob\u00e1lisan vesz\u00e9lyeztetett, szigor\u00faan v\u00e9dett ragadoz\u00f3 mad\u00e1r. Mintegy 100 \u00e9vvel ezel\u0151tt a K\u00e1rp\u00e1tok kiv\u00e9tel\u00e9vel eg\u00e9sz Rom\u00e1nia ter\u00fclet\u00e9n jelen volt, az \u00e9vezredfordul\u00f3ra azonban az orsz\u00e1gban k\u00f6lt\u0151 p\u00e1rok sz\u00e1ma nagyon lecs\u00f6kkent, \u00e9s alig n\u00e9h\u00e1ny p\u00e1rr\u00f3l voltak ismereteink. A kerecsens\u00f3lyom t\u00f6bbnyire a z\u00e1nt\u00f3f\u00f6ldeken \u00e9s gyepeken el\u0151fordul\u00f3 kiseml\u0151s\u00f6kkel t\u00e1pl\u00e1lkozik. Kedvelt t\u00e1pl\u00e1l\u00e9ka az \u00fcrge, azonban gyakran megfigyelhet\u0151 amint m\u00e1s ragadoz\u00f3mad\u00e1r-fajokt\u00f3l, t\u00f6bbek k\u00f6z\u00f6tt v\u00e9rcs\u00e9kt\u0151l, r\u00e9tih\u00e9j\u00e1kt\u00f3l cseni el a pockokat. N\u00e9ha, sz\u0171k\u00f6sebb id\u0151szakokban, olyan kis \u00e9s k\u00f6zepes test\u0171 madarak is felker\u00fclnek a t\u00e1pl\u00e1l\u00e9klist\u00e1j\u00e1ra, mint az id\u0151szakosan nagy csapatokat alkot\u00f3 sereg\u00e9lyek, galambok vagy varj\u00faf\u00e9l\u00e9k. A t\u00f6bbi s\u00f3lyomf\u00e9l\u00e9hez hasonl\u00f3an a kerecsens\u00f3lyom sem k\u00e9sz\u00edt saj\u00e1t f\u00e9szket, helyette m\u00e1s ragadoz\u00f3 madarak illetve holl\u00f3k elhagyott f\u00e9szkeit foglalja el. \u00dajabban sz\u00edvesen foglalja el a nagyfesz\u00fclts\u00e9g\u0171 elektromos vezet\u00e9kek oszlopaira kihelyezett m\u0171f\u00e9szkeket. <\/p><figure class=\"wp-block-gallery columns-3 is-cropped wp-block-gallery-1 is-layout-flex wp-block-gallery-is-layout-flex\"><ul class=\"blocks-gallery-grid\"><li class=\"blocks-gallery-item\"><figure><a href=\"https:\/\/milvus.ro\/wp-content\/uploads\/2021\/04\/IMG_0015-scaled.jpg\"><img fetchpriority=\"high\" decoding=\"async\" width=\"1024\" height=\"683\" src=\"https:\/\/milvus.ro\/wp-content\/uploads\/2021\/04\/IMG_0015-1024x683.jpg\" alt=\"\" data-id=\"29325\" data-full-url=\"https:\/\/milvus.ro\/wp-content\/uploads\/2021\/04\/IMG_0015-scaled.jpg\" data-link=\"https:\/\/milvus.ro\/hu\/birds\/soimul-dunarean\/img_0015\/\" class=\"wp-image-29325\" srcset=\"https:\/\/milvus.ro\/wp-content\/uploads\/2021\/04\/IMG_0015-1024x683.jpg 1024w, https:\/\/milvus.ro\/wp-content\/uploads\/2021\/04\/IMG_0015-scaled-600x400.jpg 600w, https:\/\/milvus.ro\/wp-content\/uploads\/2021\/04\/IMG_0015-300x200.jpg 300w, https:\/\/milvus.ro\/wp-content\/uploads\/2021\/04\/IMG_0015-768x512.jpg 768w, https:\/\/milvus.ro\/wp-content\/uploads\/2021\/04\/IMG_0015-1536x1024.jpg 1536w, https:\/\/milvus.ro\/wp-content\/uploads\/2021\/04\/IMG_0015-2048x1365.jpg 2048w\" sizes=\"(max-width: 1024px) 100vw, 1024px\" \/><\/a><\/figure><\/li><li class=\"blocks-gallery-item\"><figure><a href=\"https:\/\/milvus.ro\/wp-content\/uploads\/2021\/04\/IMG_0009-scaled.jpg\"><img decoding=\"async\" width=\"683\" height=\"1024\" src=\"https:\/\/milvus.ro\/wp-content\/uploads\/2021\/04\/IMG_0009-683x1024.jpg\" alt=\"\" data-id=\"29320\" data-full-url=\"https:\/\/milvus.ro\/wp-content\/uploads\/2021\/04\/IMG_0009-scaled.jpg\" data-link=\"https:\/\/milvus.ro\/hu\/birds\/soimul-dunarean\/img_0009\/\" class=\"wp-image-29320\" srcset=\"https:\/\/milvus.ro\/wp-content\/uploads\/2021\/04\/IMG_0009-683x1024.jpg 683w, https:\/\/milvus.ro\/wp-content\/uploads\/2021\/04\/IMG_0009-scaled-600x900.jpg 600w, https:\/\/milvus.ro\/wp-content\/uploads\/2021\/04\/IMG_0009-200x300.jpg 200w, https:\/\/milvus.ro\/wp-content\/uploads\/2021\/04\/IMG_0009-768x1152.jpg 768w, https:\/\/milvus.ro\/wp-content\/uploads\/2021\/04\/IMG_0009-1024x1536.jpg 1024w, https:\/\/milvus.ro\/wp-content\/uploads\/2021\/04\/IMG_0009-1365x2048.jpg 1365w, https:\/\/milvus.ro\/wp-content\/uploads\/2021\/04\/IMG_0009-scaled.jpg 1707w\" sizes=\"(max-width: 683px) 100vw, 683px\" \/><\/a><\/figure><\/li><li class=\"blocks-gallery-item\"><figure><a href=\"https:\/\/milvus.ro\/wp-content\/uploads\/2021\/04\/100_9671-scaled.jpg\"><img decoding=\"async\" width=\"769\" height=\"1024\" src=\"https:\/\/milvus.ro\/wp-content\/uploads\/2021\/04\/100_9671-769x1024.jpg\" alt=\"\" data-id=\"29317\" data-full-url=\"https:\/\/milvus.ro\/wp-content\/uploads\/2021\/04\/100_9671-scaled.jpg\" data-link=\"https:\/\/milvus.ro\/birds\/soimul-dunarean\/100_9671\/\" class=\"wp-image-29317\" srcset=\"https:\/\/milvus.ro\/wp-content\/uploads\/2021\/04\/100_9671-769x1024.jpg 769w, https:\/\/milvus.ro\/wp-content\/uploads\/2021\/04\/100_9671-scaled-600x798.jpg 600w, https:\/\/milvus.ro\/wp-content\/uploads\/2021\/04\/100_9671-225x300.jpg 225w, https:\/\/milvus.ro\/wp-content\/uploads\/2021\/04\/100_9671-768x1022.jpg 768w, https:\/\/milvus.ro\/wp-content\/uploads\/2021\/04\/100_9671-1154x1536.jpg 1154w, https:\/\/milvus.ro\/wp-content\/uploads\/2021\/04\/100_9671-1539x2048.jpg 1539w, https:\/\/milvus.ro\/wp-content\/uploads\/2021\/04\/100_9671-scaled.jpg 1924w\" sizes=\"(max-width: 769px) 100vw, 769px\" \/><\/a><\/figure><\/li><li class=\"blocks-gallery-item\"><figure><a href=\"https:\/\/milvus.ro\/wp-content\/uploads\/2021\/04\/21-scaled.jpg\"><img loading=\"lazy\" decoding=\"async\" width=\"1024\" height=\"768\" src=\"https:\/\/milvus.ro\/wp-content\/uploads\/2021\/04\/21-1024x768.jpg\" alt=\"\" data-id=\"29310\" data-full-url=\"https:\/\/milvus.ro\/wp-content\/uploads\/2021\/04\/21-scaled.jpg\" data-link=\"https:\/\/milvus.ro\/birds\/soimul-dunarean\/21-2\/\" class=\"wp-image-29310\" srcset=\"https:\/\/milvus.ro\/wp-content\/uploads\/2021\/04\/21-1024x768.jpg 1024w, https:\/\/milvus.ro\/wp-content\/uploads\/2021\/04\/21-scaled-600x450.jpg 600w, https:\/\/milvus.ro\/wp-content\/uploads\/2021\/04\/21-300x225.jpg 300w, https:\/\/milvus.ro\/wp-content\/uploads\/2021\/04\/21-768x576.jpg 768w, https:\/\/milvus.ro\/wp-content\/uploads\/2021\/04\/21-1536x1152.jpg 1536w, https:\/\/milvus.ro\/wp-content\/uploads\/2021\/04\/21-2048x1536.jpg 2048w\" sizes=\"(max-width: 1024px) 100vw, 1024px\" \/><\/a><\/figure><\/li><li class=\"blocks-gallery-item\"><figure><a href=\"https:\/\/milvus.ro\/wp-content\/uploads\/2021\/04\/22-scaled.jpg\"><img loading=\"lazy\" decoding=\"async\" width=\"1024\" height=\"768\" src=\"https:\/\/milvus.ro\/wp-content\/uploads\/2021\/04\/22-1024x768.jpg\" alt=\"\" data-id=\"29313\" data-full-url=\"https:\/\/milvus.ro\/wp-content\/uploads\/2021\/04\/22-scaled.jpg\" data-link=\"https:\/\/milvus.ro\/birds\/soimul-dunarean\/22-2\/\" class=\"wp-image-29313\" srcset=\"https:\/\/milvus.ro\/wp-content\/uploads\/2021\/04\/22-1024x768.jpg 1024w, https:\/\/milvus.ro\/wp-content\/uploads\/2021\/04\/22-scaled-600x450.jpg 600w, https:\/\/milvus.ro\/wp-content\/uploads\/2021\/04\/22-300x225.jpg 300w, https:\/\/milvus.ro\/wp-content\/uploads\/2021\/04\/22-768x576.jpg 768w, https:\/\/milvus.ro\/wp-content\/uploads\/2021\/04\/22-1536x1152.jpg 1536w, https:\/\/milvus.ro\/wp-content\/uploads\/2021\/04\/22-2048x1536.jpg 2048w\" sizes=\"(max-width: 1024px) 100vw, 1024px\" \/><\/a><\/figure><\/li><li class=\"blocks-gallery-item\"><figure><a href=\"https:\/\/milvus.ro\/wp-content\/uploads\/2021\/04\/19-scaled.jpg\"><img loading=\"lazy\" decoding=\"async\" width=\"683\" height=\"1024\" src=\"https:\/\/milvus.ro\/wp-content\/uploads\/2021\/04\/19-683x1024.jpg\" alt=\"\" data-id=\"29307\" data-full-url=\"https:\/\/milvus.ro\/wp-content\/uploads\/2021\/04\/19-scaled.jpg\" data-link=\"https:\/\/milvus.ro\/birds\/soimul-dunarean\/19-2\/\" class=\"wp-image-29307\" srcset=\"https:\/\/milvus.ro\/wp-content\/uploads\/2021\/04\/19-683x1024.jpg 683w, https:\/\/milvus.ro\/wp-content\/uploads\/2021\/04\/19-scaled-600x900.jpg 600w, https:\/\/milvus.ro\/wp-content\/uploads\/2021\/04\/19-200x300.jpg 200w, https:\/\/milvus.ro\/wp-content\/uploads\/2021\/04\/19-768x1152.jpg 768w, https:\/\/milvus.ro\/wp-content\/uploads\/2021\/04\/19-1024x1536.jpg 1024w, https:\/\/milvus.ro\/wp-content\/uploads\/2021\/04\/19-1365x2048.jpg 1365w, https:\/\/milvus.ro\/wp-content\/uploads\/2021\/04\/19-scaled.jpg 1707w\" sizes=\"(max-width: 683px) 100vw, 683px\" \/><\/a><\/figure><\/li><\/ul><\/figure><p>A kerecsens\u00f3lyom elterjed\u00e9si ter\u00fclete K\u00f6z\u00e9p-Eur\u00f3pa ny\u00edlt, illetve f\u00e1kkal tark\u00edtott alf\u00f6ldi t\u00e9rs\u00e9geit\u0151l eg\u00e9szen K\u00edn\u00e1ig terjed. A k\u00f6z\u00e9p-eur\u00f3pai popul\u00e1ci\u00f3val ellent\u00e9tben a faj vil\u00e1g\u00e1llom\u00e1nya nagym\u00e9rt\u00e9k\u0171 \u00e9s \u00e1lland\u00f3 cs\u00f6kken\u00e9st mutat, \u00e9s elmondhat\u00f3, hogy szinte az eg\u00e9sz elterjed\u00e9si ter\u00fclet\u00e9n vesz\u00e9lyeztetett. Ehhez k\u00e9pest a k\u00f6z\u00e9p-eur\u00f3pai, els\u0151sorban magyarorsz\u00e1gi, t\u00f6bb \u00e9vtizedes v\u00e9delmi munka eredm\u00e9nyek\u00e9ppen a k\u00e1rp\u00e1t-medencei kerecsen\u00e1llom\u00e1ny folyamatosan n\u00f6vekszik. A pozit\u00edv p\u00e9ld\u00e1t alapul v\u00e9ve a Milvus Csoport is bekapcsol\u00f3dott a nemzetk\u00f6zi szint\u0171 munk\u00e1ba. <\/p><p>Egy 2009-2013 k\u00f6z\u00f6tt zajl\u00f3, n\u00e9gy orsz\u00e1got fel\u00f6lel\u0151 nemzetk\u00f6zi projekt keret\u00e9n bel\u00fcl siker\u00fclt a felsz\u00e1mol\u00f3d\u00e1ssal fenyegetett rom\u00e1niai kerecsens\u00f3lyom k\u00f6lt\u0151\u00e1llom\u00e1nyt megmenteni. Els\u0151sorban a mesters\u00e9ges f\u00e9szkel\u0151helyek kialak\u00edt\u00e1s\u00e1nak k\u00f6sz\u00f6nhet\u0151en, a 2011-ben ismert k\u00e9t p\u00e1rhoz k\u00e9pest 2016-ban m\u00e1r 14 p\u00e1rt sz\u00e1ml\u00e1lt a b\u00e1ns\u00e1gi \u00e9s partiumi kerecsens\u00f3lyom popul\u00e1ci\u00f3, m\u00edg a fi\u00f3k\u00e1k sz\u00e1ma megkilencszerez\u0151d\u00f6tt. Egy ilyen m\u00e9rt\u00e9k\u0171 \u00e1llom\u00e1nyn\u00f6veked\u00e9ssel egyar\u00e1nt n\u0151tt a felel\u0151ss\u00e9g\u00fcnk is, hiszen egy nagyobb \u00e1llom\u00e1ny a faj fennmarad\u00e1s\u00e1t tekintve is jelent\u0151sebb . Emiatt a v\u00e9delmi tev\u00e9kenys\u00e9gek folytat\u00e1sa, mint p\u00e9ld\u00e1ul az \u00e1ram\u00fct\u00e9ses elhull\u00e1snak betudhat\u00f3 vesztes\u00e9gek felsz\u00e1mol\u00e1sa, els\u0151dleges feladatunk lesz a j\u00f6v\u0151ben is.<\/p><figure class=\"wp-block-gallery columns-3 is-cropped wp-block-gallery-2 is-layout-flex wp-block-gallery-is-layout-flex\"><ul class=\"blocks-gallery-grid\"><li class=\"blocks-gallery-item\"><figure><a href=\"https:\/\/milvus.ro\/wp-content\/uploads\/2021\/04\/Taplalekvizsgalat-celjabol-kihelyezett-fotocsapda-a-kerecsenfeszek-mellett-scaled.jpg\"><img loading=\"lazy\" decoding=\"async\" width=\"768\" height=\"1024\" src=\"https:\/\/milvus.ro\/wp-content\/uploads\/2021\/04\/Taplalekvizsgalat-celjabol-kihelyezett-fotocsapda-a-kerecsenfeszek-mellett-768x1024.jpg\" alt=\"\" data-id=\"29332\" data-full-url=\"https:\/\/milvus.ro\/wp-content\/uploads\/2021\/04\/Taplalekvizsgalat-celjabol-kihelyezett-fotocsapda-a-kerecsenfeszek-mellett-scaled.jpg\" data-link=\"https:\/\/milvus.ro\/en\/birds\/kerecsensolyom\/taplalekvizsgalat-celjabol-kihelyezett-fotocsapda-a-kerecsenfeszek-mellett\/\" class=\"wp-image-29332\" srcset=\"https:\/\/milvus.ro\/wp-content\/uploads\/2021\/04\/Taplalekvizsgalat-celjabol-kihelyezett-fotocsapda-a-kerecsenfeszek-mellett-768x1024.jpg 768w, https:\/\/milvus.ro\/wp-content\/uploads\/2021\/04\/Taplalekvizsgalat-celjabol-kihelyezett-fotocsapda-a-kerecsenfeszek-mellett-scaled-600x800.jpg 600w, https:\/\/milvus.ro\/wp-content\/uploads\/2021\/04\/Taplalekvizsgalat-celjabol-kihelyezett-fotocsapda-a-kerecsenfeszek-mellett-225x300.jpg 225w, https:\/\/milvus.ro\/wp-content\/uploads\/2021\/04\/Taplalekvizsgalat-celjabol-kihelyezett-fotocsapda-a-kerecsenfeszek-mellett-1152x1536.jpg 1152w, https:\/\/milvus.ro\/wp-content\/uploads\/2021\/04\/Taplalekvizsgalat-celjabol-kihelyezett-fotocsapda-a-kerecsenfeszek-mellett-1536x2048.jpg 1536w, https:\/\/milvus.ro\/wp-content\/uploads\/2021\/04\/Taplalekvizsgalat-celjabol-kihelyezett-fotocsapda-a-kerecsenfeszek-mellett-scaled.jpg 1920w\" sizes=\"(max-width: 768px) 100vw, 768px\" \/><\/a><\/figure><\/li><li class=\"blocks-gallery-item\"><figure><a href=\"https:\/\/milvus.ro\/wp-content\/uploads\/2020\/08\/kerecsenslyom-fikk-hollfszekben1-fot-bagyura-jnos.jpg\"><img loading=\"lazy\" decoding=\"async\" width=\"532\" height=\"800\" src=\"https:\/\/milvus.ro\/wp-content\/uploads\/2020\/08\/kerecsenslyom-fikk-hollfszekben1-fot-bagyura-jnos.jpg\" alt=\"\" data-id=\"2143\" data-full-url=\"https:\/\/milvus.ro\/wp-content\/uploads\/2020\/08\/kerecsenslyom-fikk-hollfszekben1-fot-bagyura-jnos.jpg\" data-link=\"https:\/\/milvus.ro\/en\/storks-electrocuted-on-the-medium-voltage-power-line-dumbraviara\/kerecsenslyom-fikk-hollfszekben1-fot-bagyura-jnos-2\/\" class=\"wp-image-2143\" srcset=\"https:\/\/milvus.ro\/wp-content\/uploads\/2020\/08\/kerecsenslyom-fikk-hollfszekben1-fot-bagyura-jnos.jpg 532w, https:\/\/milvus.ro\/wp-content\/uploads\/2020\/08\/kerecsenslyom-fikk-hollfszekben1-fot-bagyura-jnos-200x300.jpg 200w\" sizes=\"(max-width: 532px) 100vw, 532px\" \/><\/a><\/figure><\/li><li class=\"blocks-gallery-item\"><figure><a href=\"https:\/\/milvus.ro\/wp-content\/uploads\/2018\/10\/fiatal-kerecsen-1.jpg\"><img loading=\"lazy\" decoding=\"async\" width=\"1024\" height=\"683\" src=\"https:\/\/milvus.ro\/wp-content\/uploads\/2018\/10\/fiatal-kerecsen-1-1024x683.jpg\" alt=\"\" data-id=\"23521\" data-full-url=\"https:\/\/milvus.ro\/wp-content\/uploads\/2018\/10\/fiatal-kerecsen-1.jpg\" data-link=\"https:\/\/milvus.ro\/en\/fiatal-kerecsen-2-2\/\" class=\"wp-image-23521\" srcset=\"https:\/\/milvus.ro\/wp-content\/uploads\/2018\/10\/fiatal-kerecsen-1-1024x683.jpg 1024w, https:\/\/milvus.ro\/wp-content\/uploads\/2018\/10\/fiatal-kerecsen-1-600x400.jpg 600w, https:\/\/milvus.ro\/wp-content\/uploads\/2018\/10\/fiatal-kerecsen-1-300x200.jpg 300w, https:\/\/milvus.ro\/wp-content\/uploads\/2018\/10\/fiatal-kerecsen-1-768x512.jpg 768w, https:\/\/milvus.ro\/wp-content\/uploads\/2018\/10\/fiatal-kerecsen-1.jpg 1500w\" sizes=\"(max-width: 1024px) 100vw, 1024px\" \/><\/a><\/figure><\/li><li class=\"blocks-gallery-item\"><figure><a href=\"https:\/\/milvus.ro\/wp-content\/uploads\/2013\/09\/IMG_9629.jpg\"><img loading=\"lazy\" decoding=\"async\" width=\"800\" height=\"533\" src=\"https:\/\/milvus.ro\/wp-content\/uploads\/2013\/09\/IMG_9629.jpg\" alt=\"\" data-id=\"24984\" data-full-url=\"https:\/\/milvus.ro\/wp-content\/uploads\/2013\/09\/IMG_9629.jpg\" data-link=\"https:\/\/milvus.ro\/en\/img_9629-3\/\" class=\"wp-image-24984\" srcset=\"https:\/\/milvus.ro\/wp-content\/uploads\/2013\/09\/IMG_9629.jpg 800w, https:\/\/milvus.ro\/wp-content\/uploads\/2013\/09\/IMG_9629-600x400.jpg 600w, https:\/\/milvus.ro\/wp-content\/uploads\/2013\/09\/IMG_9629-300x200.jpg 300w, https:\/\/milvus.ro\/wp-content\/uploads\/2013\/09\/IMG_9629-768x512.jpg 768w\" sizes=\"(max-width: 800px) 100vw, 800px\" \/><\/a><\/figure><\/li><li class=\"blocks-gallery-item\"><figure><a href=\"https:\/\/milvus.ro\/wp-content\/uploads\/2012\/04\/kerecsen-kamera.jpg\"><img loading=\"lazy\" decoding=\"async\" width=\"1024\" height=\"537\" src=\"https:\/\/milvus.ro\/wp-content\/uploads\/2012\/04\/kerecsen-kamera-1024x537.jpg\" alt=\"\" data-id=\"24280\" data-full-url=\"https:\/\/milvus.ro\/wp-content\/uploads\/2012\/04\/kerecsen-kamera.jpg\" data-link=\"https:\/\/milvus.ro\/en\/kerecsen-kamera-2\/\" class=\"wp-image-24280\" srcset=\"https:\/\/milvus.ro\/wp-content\/uploads\/2012\/04\/kerecsen-kamera-1024x537.jpg 1024w, https:\/\/milvus.ro\/wp-content\/uploads\/2012\/04\/kerecsen-kamera-600x315.jpg 600w, https:\/\/milvus.ro\/wp-content\/uploads\/2012\/04\/kerecsen-kamera-300x157.jpg 300w, https:\/\/milvus.ro\/wp-content\/uploads\/2012\/04\/kerecsen-kamera-768x403.jpg 768w, https:\/\/milvus.ro\/wp-content\/uploads\/2012\/04\/kerecsen-kamera.jpg 1261w\" sizes=\"(max-width: 1024px) 100vw, 1024px\" \/><\/a><\/figure><\/li><\/ul><\/figure>","protected":false},"excerpt":{"rendered":"A kerecsens\u00f3lyom (Falco cherrug) glob\u00e1lisan vesz\u00e9lyeztetett, szigor\u00faan v\u00e9dett ragadoz\u00f3 mad\u00e1r. Mintegy 100 \u00e9vvel ezel\u0151tt a K\u00e1rp\u00e1tok kiv\u00e9tel\u00e9vel eg\u00e9sz Rom\u00e1nia ter\u00fclet\u00e9n jelen volt, az \u00e9vezredfordul\u00f3ra azonban az orsz\u00e1gban k\u00f6lt\u0151 p\u00e1rok sz\u00e1ma nagyon lecs\u00f6kkent, \u00e9s alig n\u00e9h\u00e1ny p\u00e1rr\u00f3l voltak ismereteink. A kerecsens\u00f3lyom t\u00f6bbnyire a z\u00e1nt\u00f3f\u00f6ldeken \u00e9s gyepeken el\u0151fordul\u00f3 kiseml\u0151s\u00f6kkel t\u00e1pl\u00e1lkozik. Kedvelt t\u00e1pl\u00e1l\u00e9ka az \u00fcrge, azonban gyakran megfigyelhet\u0151 [&hellip;]","protected":false},"author":3,"featured_media":381,"parent":18398,"menu_order":0,"comment_status":"closed","ping_status":"closed","template":"","meta":{"_acf_changed":false,"_eb_attr":"","ocean_post_layout":"right-sidebar","ocean_both_sidebars_style":"","ocean_both_sidebars_content_width":0,"ocean_both_sidebars_sidebars_width":0,"ocean_sidebar":"ocs-soim-dunarean","ocean_second_sidebar":"0","ocean_disable_margins":"enable","ocean_add_body_class":"","ocean_shortcode_before_top_bar":"","ocean_shortcode_after_top_bar":"","ocean_shortcode_before_header":"","ocean_shortcode_after_header":"[oceanwp_library id=\"18209\"]","ocean_has_shortcode":"","ocean_shortcode_after_title":"","ocean_shortcode_before_footer_widgets":"","ocean_shortcode_after_footer_widgets":"","ocean_shortcode_before_footer_bottom":"","ocean_shortcode_after_footer_bottom":"","ocean_display_top_bar":"default","ocean_display_header":"default","ocean_header_style":"","ocean_center_header_left_menu":"0","ocean_custom_header_template":"0","ocean_custom_logo":0,"ocean_custom_retina_logo":0,"ocean_custom_logo_max_width":0,"ocean_custom_logo_tablet_max_width":0,"ocean_custom_logo_mobile_max_width":0,"ocean_custom_logo_max_height":0,"ocean_custom_logo_tablet_max_height":0,"ocean_custom_logo_mobile_max_height":0,"ocean_header_custom_menu":"0","ocean_menu_typo_font_family":"0","ocean_menu_typo_font_subset":"","ocean_menu_typo_font_size":0,"ocean_menu_typo_font_size_tablet":0,"ocean_menu_typo_font_size_mobile":0,"ocean_menu_typo_font_size_unit":"px","ocean_menu_typo_font_weight":"","ocean_menu_typo_font_weight_tablet":"","ocean_menu_typo_font_weight_mobile":"","ocean_menu_typo_transform":"","ocean_menu_typo_transform_tablet":"","ocean_menu_typo_transform_mobile":"","ocean_menu_typo_line_height":0,"ocean_menu_typo_line_height_tablet":0,"ocean_menu_typo_line_height_mobile":0,"ocean_menu_typo_line_height_unit":"","ocean_menu_typo_spacing":0,"ocean_menu_typo_spacing_tablet":0,"ocean_menu_typo_spacing_mobile":0,"ocean_menu_typo_spacing_unit":"","ocean_menu_link_color":"","ocean_menu_link_color_hover":"","ocean_menu_link_color_active":"","ocean_menu_link_background":"","ocean_menu_link_hover_background":"","ocean_menu_link_active_background":"","ocean_menu_social_links_bg":"","ocean_menu_social_hover_links_bg":"","ocean_menu_social_links_color":"","ocean_menu_social_hover_links_color":"","ocean_disable_title":"enable","ocean_disable_heading":"enable","ocean_post_title":"","ocean_post_subheading":"","ocean_post_title_style":"background-image","ocean_post_title_background_color":"","ocean_post_title_background":14267,"ocean_post_title_bg_image_position":"center center","ocean_post_title_bg_image_attachment":"","ocean_post_title_bg_image_repeat":"no-repeat","ocean_post_title_bg_image_size":"","ocean_post_title_height":550,"ocean_post_title_bg_overlay":0.2,"ocean_post_title_bg_overlay_color":"#000000","ocean_disable_breadcrumbs":"default","ocean_breadcrumbs_color":"","ocean_breadcrumbs_separator_color":"","ocean_breadcrumbs_links_color":"","ocean_breadcrumbs_links_hover_color":"","ocean_display_footer_widgets":"default","ocean_display_footer_bottom":"default","ocean_custom_footer_template":"0","omw_enable_modal_window":"enable","osh_disable_topbar_sticky":"default","osh_disable_header_sticky":"default","osh_sticky_header_style":"default","osh_sticky_header_effect":"","osh_custom_sticky_logo":0,"osh_custom_retina_sticky_logo":0,"osh_custom_sticky_logo_height":0,"osh_background_color":"","osh_links_color":"","osh_links_hover_color":"","osh_links_active_color":"","osh_links_bg_color":"","osh_links_hover_bg_color":"","osh_links_active_bg_color":"","osh_menu_social_links_color":"","osh_menu_social_hover_links_color":"","footnotes":""},"class_list":["post-26751","page","type-page","status-publish","has-post-thumbnail","hentry","entry","has-media","owp-thumbs-layout-horizontal","owp-btn-normal","owp-tabs-layout-horizontal","has-no-thumbnails","has-product-nav"],"acf":[],"_links":{"self":[{"href":"https:\/\/milvus.ro\/hu\/wp-json\/wp\/v2\/pages\/26751","targetHints":{"allow":["GET"]}}],"collection":[{"href":"https:\/\/milvus.ro\/hu\/wp-json\/wp\/v2\/pages"}],"about":[{"href":"https:\/\/milvus.ro\/hu\/wp-json\/wp\/v2\/types\/page"}],"author":[{"embeddable":true,"href":"https:\/\/milvus.ro\/hu\/wp-json\/wp\/v2\/users\/3"}],"replies":[{"embeddable":true,"href":"https:\/\/milvus.ro\/hu\/wp-json\/wp\/v2\/comments?post=26751"}],"version-history":[{"count":10,"href":"https:\/\/milvus.ro\/hu\/wp-json\/wp\/v2\/pages\/26751\/revisions"}],"predecessor-version":[{"id":29347,"href":"https:\/\/milvus.ro\/hu\/wp-json\/wp\/v2\/pages\/26751\/revisions\/29347"}],"up":[{"embeddable":true,"href":"https:\/\/milvus.ro\/hu\/wp-json\/wp\/v2\/pages\/18398"}],"wp:featuredmedia":[{"embeddable":true,"href":"https:\/\/milvus.ro\/hu\/wp-json\/wp\/v2\/media\/381"}],"wp:attachment":[{"href":"https:\/\/milvus.ro\/hu\/wp-json\/wp\/v2\/media?parent=26751"}],"curies":[{"name":"wp","href":"https:\/\/api.w.org\/{rel}","templated":true}]}}