{"id":26721,"date":"2020-07-28T08:48:28","date_gmt":"2020-07-28T05:48:28","guid":{"rendered":"https:\/\/new.milvus.ro\/?page_id=26721"},"modified":"2023-12-11T17:22:10","modified_gmt":"2023-12-11T15:22:10","slug":"feher-golya","status":"publish","type":"page","link":"https:\/\/milvus.ro\/hu\/birds\/feher-golya\/","title":{"rendered":"Feh\u00e9r g\u00f3lya"},"content":{"rendered":"<p>A feh\u00e9r g\u00f3lya (<em>Ciconia ciconia<\/em>) az egyik legismertebb, legszeretettebb madarunk. Ez a bizalmas mad\u00e1r nagyon r\u00e9g\u00f3ta az ember k\u00f6zel\u00e9ben f\u00e9szkel &#8211; r\u00e9gebben f\u0151leg ist\u00e1l\u00f3kon, cs\u0171r\u00f6k\u00f6n, f\u00e1kon &#8211; ma szinte kiz\u00e1r\u00f3lag villanyoszlopokon. Ez a f\u00e9szkel\u0151hely-v\u00e1lt\u00e1s evol\u00faci\u00f3s l\u00e9pt\u00e9kben hihetetlen gyorsan zajlott le, Rom\u00e1ni\u00e1ban az els\u0151 oszlopra \u00e9p\u00fclt f\u00e9szket 1971-ben tal\u00e1lt\u00e1k, ma pedig az \u00e1llom\u00e1ny 93%-a f\u00e9szkel ilyen m\u00f3don. A feh\u00e9r g\u00f3ly\u00e1k v\u00e9delme teh\u00e1t szorosan kapcsol\u00f3dik az elektromos h\u00e1l\u00f3zatokhoz: nemcsak amiatt, hogy az alacsony-fesz\u00fclts\u00e9g\u0171 elektromos h\u00e1l\u00f3zatok oszlopai f\u00e9szkel, hanem az\u00e9rt is, mert a legt\u00f6bb g\u00f3lya \u00e1ram\u00fct\u00e9s miatt pusztul el &#8211; f\u0151k\u00e9nt vonul\u00e1s k\u00f6zben &#8211; a k\u00f6z\u00e9pfesz\u00fclts\u00e9g\u0171 elektromos h\u00e1l\u00f3zatok oszlopain. A h\u00e1l\u00f3zaton lev\u0151 f\u00e9szkek sok probl\u00e9m\u00e1t okozhatnak az \u00e1ramszolg\u00e1ltat\u00f3knak valamint a g\u00f3ly\u00e1knak is, hiszen a f\u00e9szkek r\u00f6vidz\u00e1rlatot okozhatnak, kigy\u00falhatnak, stb. Mindk\u00e9t probl\u00e9m\u00e1ra van megold\u00e1s &#8211; a h\u00e1l\u00f3zaton lev\u0151 f\u00e9szkek al\u00e1 speci\u00e1lis \u00e1llv\u00e1nyt kell szerelni, az \u00e1ram\u00fct\u00e9st okoz\u00f3 k\u00f6z\u00e9pfesz\u00fclts\u00e9g\u0171 oszlopokat pedig burkolni kell vagy mad\u00e1rbar\u00e1t fejszerkezet\u0171re cser\u00e9lni. 2015-ben 1999 g\u00f3lyaf\u00e9szek-\u00e1llv\u00e1ny volt kihelyezve az orsz\u00e1gban \u00e9s a k\u00f6z\u00e9pfesz\u00fclts\u00e9g\u0171 oszlopokon t\u00f6rt\u00e9n\u0151 mad\u00e1rpusztul\u00e1s megold\u00e1s\u00e1ra is komoly el\u0151rel\u00e9p\u00e9sek t\u00f6rt\u00e9ntek. Ezekben a tev\u00e9kenys\u00e9gekben a Milvus Csoport \u00fatt\u00f6r\u0151 szerepet v\u00e1llalt \u00e9s folyamatosan dolgozik v\u00e9gleges megold\u00e1son &#8211; r\u00e9szletek a Madarak \u00e9s l\u00e9gvezet\u00e9kek r\u00e9szn\u00e9l. Kiadtunk a lakoss\u00e1g sz\u00e1m\u00e1ra egy &#8222;\u00datmutat\u00f3 g\u00f3lyaf\u00e9szek tart\u00f3\u00e1llv\u00e1ny elk\u00e9sz\u00edt\u00e9s\u00e9hez \u00e9p\u00fcletekre&#8221; c\u00edm\u0171 f\u00fczetet. Az \u00e1ramszolg\u00e1ltat\u00f3k sz\u00e1m\u00e1ra k\u00e9sz\u00fclt &#8222;\u00datmutat\u00f3 g\u00f3lyaf\u00e9szek tart\u00f3\u00e1llv\u00e1ny elk\u00e9sz\u00edt\u00e9s\u00e9hez oszlopokra&#8221; c\u00edm\u0171 kiadv\u00e1nyunk k\u00e9t kiad\u00e1st is meg\u00e9rt.<\/p><h2 class=\"wp-block-heading\"><a href=\"https:\/\/milvus.ro\/hu\/birds\/feher-golya\/golyafeszek-tartoallvany\/\" data-type=\"page\" data-id=\"14844\">Ismersz egy g\u00f3lyaf\u00e9szket, amely az elektromos vezet\u00e9kre van \u00e9p\u00edtve \u00e9s szeretn\u00e9l seg\u00edteni?<\/a><\/h2><figure class=\"wp-block-gallery has-nested-images columns-default is-cropped wp-block-gallery-1 is-layout-flex wp-block-gallery-is-layout-flex\"><figure class=\"wp-block-image size-large\"><a href=\"https:\/\/milvus.ro\/wp-content\/uploads\/2021\/04\/stork1.jpg\"><img fetchpriority=\"high\" decoding=\"async\" width=\"996\" height=\"1024\" data-id=\"29009\" src=\"https:\/\/milvus.ro\/wp-content\/uploads\/2021\/04\/stork1-996x1024.jpg\" alt=\"\" class=\"wp-image-29009\" srcset=\"https:\/\/milvus.ro\/wp-content\/uploads\/2021\/04\/stork1-996x1024.jpg 996w, https:\/\/milvus.ro\/wp-content\/uploads\/2021\/04\/stork1-600x617.jpg 600w, https:\/\/milvus.ro\/wp-content\/uploads\/2021\/04\/stork1-292x300.jpg 292w, https:\/\/milvus.ro\/wp-content\/uploads\/2021\/04\/stork1-768x790.jpg 768w, https:\/\/milvus.ro\/wp-content\/uploads\/2021\/04\/stork1.jpg 1345w\" sizes=\"(max-width: 996px) 100vw, 996px\" \/><\/a><\/figure>\n\n<figure class=\"wp-block-image size-large\"><a href=\"https:\/\/milvus.ro\/wp-content\/uploads\/2021\/04\/stork7.jpg\"><img decoding=\"async\" width=\"1024\" height=\"566\" data-id=\"28990\" src=\"https:\/\/milvus.ro\/wp-content\/uploads\/2021\/04\/stork7-1024x566.jpg\" alt=\"\" class=\"wp-image-28990\" srcset=\"https:\/\/milvus.ro\/wp-content\/uploads\/2021\/04\/stork7-1024x566.jpg 1024w, https:\/\/milvus.ro\/wp-content\/uploads\/2021\/04\/stork7-600x331.jpg 600w, https:\/\/milvus.ro\/wp-content\/uploads\/2021\/04\/stork7-300x166.jpg 300w, https:\/\/milvus.ro\/wp-content\/uploads\/2021\/04\/stork7-768x424.jpg 768w, https:\/\/milvus.ro\/wp-content\/uploads\/2021\/04\/stork7-1536x848.jpg 1536w, https:\/\/milvus.ro\/wp-content\/uploads\/2021\/04\/stork7.jpg 1827w\" sizes=\"(max-width: 1024px) 100vw, 1024px\" \/><\/a><\/figure>\n\n<figure class=\"wp-block-image size-large\"><a href=\"https:\/\/milvus.ro\/wp-content\/uploads\/2021\/02\/Golya_panofotok-scaled.jpg\"><img decoding=\"async\" width=\"1024\" height=\"683\" data-id=\"26727\" src=\"https:\/\/milvus.ro\/wp-content\/uploads\/2021\/02\/Golya_panofotok-1024x683.jpg\" alt=\"\" class=\"wp-image-26727\" srcset=\"https:\/\/milvus.ro\/wp-content\/uploads\/2021\/02\/Golya_panofotok-1024x683.jpg 1024w, https:\/\/milvus.ro\/wp-content\/uploads\/2021\/02\/Golya_panofotok-scaled-600x400.jpg 600w, https:\/\/milvus.ro\/wp-content\/uploads\/2021\/02\/Golya_panofotok-300x200.jpg 300w, https:\/\/milvus.ro\/wp-content\/uploads\/2021\/02\/Golya_panofotok-768x512.jpg 768w, https:\/\/milvus.ro\/wp-content\/uploads\/2021\/02\/Golya_panofotok-1536x1024.jpg 1536w, https:\/\/milvus.ro\/wp-content\/uploads\/2021\/02\/Golya_panofotok-2048x1365.jpg 2048w\" sizes=\"(max-width: 1024px) 100vw, 1024px\" \/><\/a><\/figure><\/figure><div style=\"height:20px\" aria-hidden=\"true\" class=\"wp-block-spacer\"><\/div><p>K\u00f6zkedvelts\u00e9ge ellen\u00e9re az ut\u00f3bbi 10 \u00e9vben sajnos elszaporodtak a g\u00f3ly\u00e1k elleni panaszok is, f\u0151 leg a f\u00e9szkel\u0151 madarak piszk\u00edt\u00e1sa miatt. Az \u00e9vek sor\u00e1n sz\u00e1mos n\u00e9pszer\u0171s\u00edt\u0151 tev\u00e9kenys\u00e9get v\u00e9gezt\u00fcnk &#8211; g\u00f3lya rajz ki\u00e1ll\u00edt\u00e1st szervezt\u00fcnk (3 orsz\u00e1gb\u00f3l \u00f6sszesen t\u00f6bb mint 8000 rajz gy\u0171lt \u00f6ssze), g\u00f3ly\u00e1val kapcsolatos inform\u00e1ci\u00f3s t\u00e1bl\u00e1kat helyezt\u00fcnk ki t\u00f6bb telep\u00fcl\u00e9sen (S\u00e1romberke, Kereszt\u00e9nysziget, Csomak\u00f6z stb.).<\/p><p>A g\u00f3lyasz\u00e1mol\u00e1sok szervez\u00e9se, lebonyol\u00edt\u00e1sa fontos r\u00e9sze a g\u00f3lyav\u00e9delemnek, hiszen csak \u00edgy kaphatunk k\u00e9pet arr\u00f3l, hogyan v\u00e1ltozik az \u00e1llom\u00e1ny. M\u00e1r 1994-t\u0151l elkezdt\u00fcnk g\u00f3ly\u00e1kat sz\u00e1molni k\u00fcl\u00f6nb\u00f6z\u0151 r\u00e9gi\u00f3kban, lefedve egyes megy\u00e9ket (Maros, Brass\u00f3 stb.) vagy egyes foly\u00f3v\u00f6lgyeket (pl. K\u00fck\u00fcll\u0151-v\u00f6lgye) &#8211; ezekb\u0151l sz\u00e1mos publik\u00e1ci\u00f3 is sz\u00fcletett. 2004-2005-ben a SOR-val k\u00f6z\u00f6sen megszervezt\u00fck az orsz\u00e1gos g\u00f3lyasz\u00e1mol\u00e1st, majd megism\u00e9telt\u00fck ezt 2014-2015-ben. Ezek alapj\u00e1n kijelenthetj\u00fck, hogy az orsz\u00e1gos g\u00f3lya\u00e1llom\u00e1ny 5500-6000 p\u00e1rb\u00f3l \u00e1ll \u00e9s stabil. K\u00fcl\u00f6n\u00f6s figyelmet ford\u00edtottunk egy sz\u00e1munkra kedves sokg\u00f3ly\u00e1s telep\u00fcl\u00e9sre: S\u00e1romberke a g\u00f3ly\u00e1k falva &#8211; n\u00e9ven sokr\u00e9t\u0171 programot ind\u00edtottunk 2004-ben ezen a telep\u00fcl\u00e9sen. T\u00f6bbek k\u00f6zt g\u00f3lyam\u00fazeumot hoztunk l\u00e9tre, g\u00f3lyafesztiv\u00e1lt szervezt\u00fcnk \u00e9s megpr\u00f3b\u00e1ltuk fellend\u00edteni a turizmust. Itt ind\u00edtottuk el az els\u0151 rom\u00e1niai g\u00f3lya web-kamer\u00e1t. Eleinte &#8211; 2006-t\u00f3l 2009-ig &#8211; csak a g\u00f3lyam\u00fazeumban lehetett l\u00e1tni a g\u00f3lyaf\u00e9szekb\u0151l \u00e9rkez\u0151 egyenes ad\u00e1st, de 2010-t\u0151l m\u00e1r on-line l\u00e1that\u00f3 egy s\u00e1romberki g\u00f3lyaf\u00e9szek \u00e9s 2015 -t\u0151l sokkal jobb min\u0151s\u00e9gben k\u00f6vethet\u0151ek a g\u00f3lyaf\u00e9szekben az esem\u00e9nyek.<\/p><p>A g\u00f3ly\u00e1k k\u00f6zismert vonul\u00f3 madarak, de a vonul\u00e1si \u00fatvonalak \u00e9s telel\u0151helyek pontos felt\u00e9rk\u00e9pez\u00e9s\u00e9hez sokat seg\u00edtenek a gy\u0171r\u0171z\u00f6tt madarak \u00e1ltal szolg\u00e1ltatott adatok. 2016-ig a Milvus Csoport t\u00f6bb mint 1000 g\u00f3ly\u00e1t gy\u0171r\u0171z\u00f6tt meg, f\u0151k\u00e9nt fi\u00f3k\u00e1kat.<\/p><iframe width=\"100%\" height=\"400\" src=\"https:\/\/www.youtube.com\/embed\/videoseries?si=jGnYuULIJglKtLiO&amp;list=PLI4ZtBQ9maukyD5eH9xOFyHk_AC3mDzDx\" title=\"YouTube video player\" frameborder=\"0\" allow=\"accelerometer; autoplay; clipboard-write; encrypted-media; gyroscope; picture-in-picture; web-share\" allowfullscreen><\/iframe>","protected":false},"excerpt":{"rendered":"A feh\u00e9r g\u00f3lya (Ciconia ciconia) az egyik legismertebb, legszeretettebb madarunk. Ez a bizalmas mad\u00e1r nagyon r\u00e9g\u00f3ta az ember k\u00f6zel\u00e9ben f\u00e9szkel &#8211; r\u00e9gebben f\u0151leg ist\u00e1l\u00f3kon, cs\u0171r\u00f6k\u00f6n, f\u00e1kon &#8211; ma szinte kiz\u00e1r\u00f3lag villanyoszlopokon. Ez a f\u00e9szkel\u0151hely-v\u00e1lt\u00e1s evol\u00faci\u00f3s l\u00e9pt\u00e9kben hihetetlen gyorsan zajlott le, Rom\u00e1ni\u00e1ban az els\u0151 oszlopra \u00e9p\u00fclt f\u00e9szket 1971-ben tal\u00e1lt\u00e1k, ma pedig az \u00e1llom\u00e1ny 93%-a f\u00e9szkel ilyen [&hellip;]","protected":false},"author":3,"featured_media":393,"parent":18398,"menu_order":0,"comment_status":"closed","ping_status":"closed","template":"","meta":{"_acf_changed":false,"_eb_attr":"","ocean_post_layout":"right-sidebar","ocean_both_sidebars_style":"","ocean_both_sidebars_content_width":0,"ocean_both_sidebars_sidebars_width":0,"ocean_sidebar":"ocs-barza-alba","ocean_second_sidebar":"0","ocean_disable_margins":"enable","ocean_add_body_class":"","ocean_shortcode_before_top_bar":"","ocean_shortcode_after_top_bar":"","ocean_shortcode_before_header":"","ocean_shortcode_after_header":"[oceanwp_library id=\"18209\"]","ocean_has_shortcode":"","ocean_shortcode_after_title":"","ocean_shortcode_before_footer_widgets":"","ocean_shortcode_after_footer_widgets":"","ocean_shortcode_before_footer_bottom":"","ocean_shortcode_after_footer_bottom":"","ocean_display_top_bar":"off","ocean_display_header":"default","ocean_header_style":"","ocean_center_header_left_menu":"0","ocean_custom_header_template":"0","ocean_custom_logo":0,"ocean_custom_retina_logo":0,"ocean_custom_logo_max_width":0,"ocean_custom_logo_tablet_max_width":0,"ocean_custom_logo_mobile_max_width":0,"ocean_custom_logo_max_height":0,"ocean_custom_logo_tablet_max_height":0,"ocean_custom_logo_mobile_max_height":0,"ocean_header_custom_menu":"0","ocean_menu_typo_font_family":"0","ocean_menu_typo_font_subset":"","ocean_menu_typo_font_size":0,"ocean_menu_typo_font_size_tablet":0,"ocean_menu_typo_font_size_mobile":0,"ocean_menu_typo_font_size_unit":"px","ocean_menu_typo_font_weight":"","ocean_menu_typo_font_weight_tablet":"","ocean_menu_typo_font_weight_mobile":"","ocean_menu_typo_transform":"","ocean_menu_typo_transform_tablet":"","ocean_menu_typo_transform_mobile":"","ocean_menu_typo_line_height":0,"ocean_menu_typo_line_height_tablet":0,"ocean_menu_typo_line_height_mobile":0,"ocean_menu_typo_line_height_unit":"","ocean_menu_typo_spacing":0,"ocean_menu_typo_spacing_tablet":0,"ocean_menu_typo_spacing_mobile":0,"ocean_menu_typo_spacing_unit":"","ocean_menu_link_color":"","ocean_menu_link_color_hover":"","ocean_menu_link_color_active":"","ocean_menu_link_background":"","ocean_menu_link_hover_background":"","ocean_menu_link_active_background":"","ocean_menu_social_links_bg":"","ocean_menu_social_hover_links_bg":"","ocean_menu_social_links_color":"","ocean_menu_social_hover_links_color":"","ocean_disable_title":"default","ocean_disable_heading":"default","ocean_post_title":"","ocean_post_subheading":"","ocean_post_title_style":"background-image","ocean_post_title_background_color":"","ocean_post_title_background":29003,"ocean_post_title_bg_image_position":"center center","ocean_post_title_bg_image_attachment":"","ocean_post_title_bg_image_repeat":"no-repeat","ocean_post_title_bg_image_size":"","ocean_post_title_height":600,"ocean_post_title_bg_overlay":0.2,"ocean_post_title_bg_overlay_color":"#000000","ocean_disable_breadcrumbs":"default","ocean_breadcrumbs_color":"","ocean_breadcrumbs_separator_color":"","ocean_breadcrumbs_links_color":"","ocean_breadcrumbs_links_hover_color":"","ocean_display_footer_widgets":"default","ocean_display_footer_bottom":"default","ocean_custom_footer_template":"0","omw_enable_modal_window":"enable","osh_disable_topbar_sticky":"default","osh_disable_header_sticky":"default","osh_sticky_header_style":"default","osh_sticky_header_effect":"","osh_custom_sticky_logo":0,"osh_custom_retina_sticky_logo":0,"osh_custom_sticky_logo_height":0,"osh_background_color":"","osh_links_color":"","osh_links_hover_color":"","osh_links_active_color":"","osh_links_bg_color":"","osh_links_hover_bg_color":"","osh_links_active_bg_color":"","osh_menu_social_links_color":"","osh_menu_social_hover_links_color":"","footnotes":""},"class_list":["post-26721","page","type-page","status-publish","has-post-thumbnail","hentry","entry","has-media","owp-thumbs-layout-horizontal","owp-btn-normal","owp-tabs-layout-horizontal","has-no-thumbnails","has-product-nav"],"acf":[],"_links":{"self":[{"href":"https:\/\/milvus.ro\/hu\/wp-json\/wp\/v2\/pages\/26721","targetHints":{"allow":["GET"]}}],"collection":[{"href":"https:\/\/milvus.ro\/hu\/wp-json\/wp\/v2\/pages"}],"about":[{"href":"https:\/\/milvus.ro\/hu\/wp-json\/wp\/v2\/types\/page"}],"author":[{"embeddable":true,"href":"https:\/\/milvus.ro\/hu\/wp-json\/wp\/v2\/users\/3"}],"replies":[{"embeddable":true,"href":"https:\/\/milvus.ro\/hu\/wp-json\/wp\/v2\/comments?post=26721"}],"version-history":[{"count":15,"href":"https:\/\/milvus.ro\/hu\/wp-json\/wp\/v2\/pages\/26721\/revisions"}],"predecessor-version":[{"id":40878,"href":"https:\/\/milvus.ro\/hu\/wp-json\/wp\/v2\/pages\/26721\/revisions\/40878"}],"up":[{"embeddable":true,"href":"https:\/\/milvus.ro\/hu\/wp-json\/wp\/v2\/pages\/18398"}],"wp:featuredmedia":[{"embeddable":true,"href":"https:\/\/milvus.ro\/hu\/wp-json\/wp\/v2\/media\/393"}],"wp:attachment":[{"href":"https:\/\/milvus.ro\/hu\/wp-json\/wp\/v2\/media?parent=26721"}],"curies":[{"name":"wp","href":"https:\/\/api.w.org\/{rel}","templated":true}]}}