{"id":26651,"date":"2021-02-09T09:30:49","date_gmt":"2021-02-09T07:30:49","guid":{"rendered":"https:\/\/new.milvus.ro\/?page_id=26651"},"modified":"2021-04-19T14:50:11","modified_gmt":"2021-04-19T11:50:11","slug":"golden-eagle","status":"publish","type":"page","link":"https:\/\/milvus.ro\/hu\/birds\/golden-eagle\/","title":{"rendered":"Szirti sas"},"content":{"rendered":"<p>A szirti sas (<em>Aquila chrysaetos<\/em>) az egyik legkisebb \u00e1llom\u00e1nnyal rendelkez\u0151 ragadoz\u00f3 mad\u00e1r faj Rom\u00e1ni\u00e1ban. A 2000-es \u00e9vek elej\u00e9ig nagyon kev\u00e9s ismeret \u00e1llt rendelkez\u00e9s\u00fcnkre a faj elterjed\u00e9s\u00e9r\u0151l \u00e9s \u00e1llom\u00e1ny\u00e1r\u00f3l az orsz\u00e1gban, \u00e9s mind\u00f6ssze 20-25 p\u00e1rra becs\u00fclt\u00e9k az \u00e1llom\u00e1ny\u00e1t.\u00a0<a rel=\"noopener\" href=\"https:\/\/milvus.ro\/hu\/monitoring\/golden-eagle\/\" target=\"_blank\">A fajjal kapcsolatos c\u00e9lzott tev\u00e9kenys\u00e9gek 2001-ben kezd\u0151dtek el a Torock\u00f3i hegys\u00e9gben. Az\u00f3ta \u00e9vente k\u00f6vetj\u00fck az \u00e1llom\u00e1ny v\u00e1ltoz\u00e1s\u00e1t, a faj k\u00f6lt\u00e9si siker\u00e9t \u00e9s a vesz\u00e9lyeztet\u0151 t\u00e9nyez\u0151ket az Erd\u00e9lyi-szigethegys\u00e9gben \u00e9s a Keleti-K\u00e1rp\u00e1tok bizonyos r\u00e9szein.\u00a0<\/a><\/p><figure class=\"wp-block-gallery columns-2 is-cropped wp-block-gallery-1 is-layout-flex wp-block-gallery-is-layout-flex\"><ul class=\"blocks-gallery-grid\"><li class=\"blocks-gallery-item\"><figure><a href=\"https:\/\/milvus.ro\/wp-content\/uploads\/2014\/08\/IMG_3409.jpg\"><img fetchpriority=\"high\" decoding=\"async\" width=\"1024\" height=\"683\" src=\"https:\/\/milvus.ro\/wp-content\/uploads\/2014\/08\/IMG_3409-1024x683.jpg\" alt=\"\" data-id=\"25683\" data-full-url=\"https:\/\/milvus.ro\/wp-content\/uploads\/2014\/08\/IMG_3409.jpg\" data-link=\"https:\/\/milvus.ro\/hu\/img_3409-2\/\" class=\"wp-image-25683\" srcset=\"https:\/\/milvus.ro\/wp-content\/uploads\/2014\/08\/IMG_3409-1024x683.jpg 1024w, https:\/\/milvus.ro\/wp-content\/uploads\/2014\/08\/IMG_3409-600x400.jpg 600w, https:\/\/milvus.ro\/wp-content\/uploads\/2014\/08\/IMG_3409-300x200.jpg 300w, https:\/\/milvus.ro\/wp-content\/uploads\/2014\/08\/IMG_3409-768x512.jpg 768w, https:\/\/milvus.ro\/wp-content\/uploads\/2014\/08\/IMG_3409.jpg 1037w\" sizes=\"(max-width: 1024px) 100vw, 1024px\" \/><\/a><\/figure><\/li><li class=\"blocks-gallery-item\"><figure><a href=\"https:\/\/milvus.ro\/wp-content\/uploads\/2015\/04\/milvus2-scaled.jpg\"><img decoding=\"async\" width=\"1024\" height=\"683\" src=\"https:\/\/milvus.ro\/wp-content\/uploads\/2015\/04\/milvus2-1024x683.jpg\" alt=\"\" data-id=\"25935\" data-full-url=\"https:\/\/milvus.ro\/wp-content\/uploads\/2015\/04\/milvus2-scaled.jpg\" data-link=\"https:\/\/milvus.ro\/hu\/milvus2-2\/\" class=\"wp-image-25935\" srcset=\"https:\/\/milvus.ro\/wp-content\/uploads\/2015\/04\/milvus2-1024x683.jpg 1024w, https:\/\/milvus.ro\/wp-content\/uploads\/2015\/04\/milvus2-scaled-600x400.jpg 600w, https:\/\/milvus.ro\/wp-content\/uploads\/2015\/04\/milvus2-300x200.jpg 300w, https:\/\/milvus.ro\/wp-content\/uploads\/2015\/04\/milvus2-768x512.jpg 768w, https:\/\/milvus.ro\/wp-content\/uploads\/2015\/04\/milvus2-1536x1024.jpg 1536w, https:\/\/milvus.ro\/wp-content\/uploads\/2015\/04\/milvus2-2048x1365.jpg 2048w\" sizes=\"(max-width: 1024px) 100vw, 1024px\" \/><\/a><\/figure><\/li><\/ul><\/figure><p>T\u00f6bb kisebb projekt keret\u00e9ben \u00e1llom\u00e1ny felm\u00e9r\u00e9st v\u00e9gezt\u00fcnk a m\u00e1r eml\u00edtett ter\u00fcleteken k\u00edv\u00fcl a B\u00e1ns\u00e1gi-hegys\u00e9gben \u00e9s a Retyez\u00e1t-hegys\u00e9gben is, aminek az eredm\u00e9nyek\u00e9nt siker\u00fclt sokkal re\u00e1lisabban megbecs\u00fclni a faj orsz\u00e1gos \u00e1llom\u00e1ny\u00e1t, \u00e9spedig 90-150 p\u00e1rra. A fi\u00f3k\u00e1kra szerelt GPS-es jelad\u00f3 seg\u00edts\u00e9g\u00e9vel a fiatal madarak \u00e9l\u0151helyhaszn\u00e1lat\u00e1r\u00f3l \u00e9s mozg\u00e1sair\u00f3l is gy\u0171jt\u00f6tt\u00fcnk inform\u00e1ci\u00f3t. A v\u00e9delmi tev\u00e9kenys\u00e9gek k\u00f6z\u00fcl a legfontosabbak a faj v\u00e9delm\u00e9t szolg\u00e1l\u00f3 Natura 2000 ter\u00fcletek kijel\u00f6l\u00e9se \u00e9s ezek kezel\u00e9si terv\u00e9nek a kidolgoz\u00e1s\u00e1ban ny\u00fajtott seg\u00edts\u00e9g, de ker\u00fclt m\u00e1r sor m\u0171f\u00e9szek kihelyez\u00e9s\u00e9re is.<\/p><div class=\"wp-block-image\"><figure class=\"aligncenter size-full\"><a href=\"https:\/\/milvus.ro\/wp-content\/uploads\/2021\/02\/IMG_0112-scaled.jpg\"><img decoding=\"async\" width=\"2560\" height=\"1707\" src=\"https:\/\/milvus.ro\/wp-content\/uploads\/2021\/02\/IMG_0112-scaled.jpg\" alt=\"\" class=\"wp-image-26668\" srcset=\"https:\/\/milvus.ro\/wp-content\/uploads\/2021\/02\/IMG_0112-scaled.jpg 2560w, https:\/\/milvus.ro\/wp-content\/uploads\/2021\/02\/IMG_0112-scaled-600x400.jpg 600w, https:\/\/milvus.ro\/wp-content\/uploads\/2021\/02\/IMG_0112-300x200.jpg 300w, https:\/\/milvus.ro\/wp-content\/uploads\/2021\/02\/IMG_0112-1024x683.jpg 1024w, https:\/\/milvus.ro\/wp-content\/uploads\/2021\/02\/IMG_0112-768x512.jpg 768w, https:\/\/milvus.ro\/wp-content\/uploads\/2021\/02\/IMG_0112-1536x1024.jpg 1536w, https:\/\/milvus.ro\/wp-content\/uploads\/2021\/02\/IMG_0112-2048x1365.jpg 2048w\" sizes=\"(max-width: 2560px) 100vw, 2560px\" \/><\/a><\/figure><\/div>","protected":false},"excerpt":{"rendered":"A szirti sas (Aquila chrysaetos) az egyik legkisebb \u00e1llom\u00e1nnyal rendelkez\u0151 ragadoz\u00f3 mad\u00e1r faj Rom\u00e1ni\u00e1ban. A 2000-es \u00e9vek elej\u00e9ig nagyon kev\u00e9s ismeret \u00e1llt rendelkez\u00e9s\u00fcnkre a faj elterjed\u00e9s\u00e9r\u0151l \u00e9s \u00e1llom\u00e1ny\u00e1r\u00f3l az orsz\u00e1gban, \u00e9s mind\u00f6ssze 20-25 p\u00e1rra becs\u00fclt\u00e9k az \u00e1llom\u00e1ny\u00e1t.\u00a0A fajjal kapcsolatos c\u00e9lzott tev\u00e9kenys\u00e9gek 2001-ben kezd\u0151dtek el a Torock\u00f3i hegys\u00e9gben. Az\u00f3ta \u00e9vente k\u00f6vetj\u00fck az \u00e1llom\u00e1ny v\u00e1ltoz\u00e1s\u00e1t, a faj [&hellip;]","protected":false},"author":3,"featured_media":19809,"parent":18398,"menu_order":0,"comment_status":"closed","ping_status":"closed","template":"","meta":{"_acf_changed":false,"_eb_attr":"","ocean_post_layout":"right-sidebar","ocean_both_sidebars_style":"","ocean_both_sidebars_content_width":0,"ocean_both_sidebars_sidebars_width":0,"ocean_sidebar":"ocs-acvila-de-munte","ocean_second_sidebar":"0","ocean_disable_margins":"enable","ocean_add_body_class":"","ocean_shortcode_before_top_bar":"","ocean_shortcode_after_top_bar":"","ocean_shortcode_before_header":"","ocean_shortcode_after_header":"[oceanwp_library id=\"18209\"]","ocean_has_shortcode":"","ocean_shortcode_after_title":"","ocean_shortcode_before_footer_widgets":"","ocean_shortcode_after_footer_widgets":"","ocean_shortcode_before_footer_bottom":"","ocean_shortcode_after_footer_bottom":"","ocean_display_top_bar":"default","ocean_display_header":"default","ocean_header_style":"","ocean_center_header_left_menu":"0","ocean_custom_header_template":"0","ocean_custom_logo":0,"ocean_custom_retina_logo":0,"ocean_custom_logo_max_width":0,"ocean_custom_logo_tablet_max_width":0,"ocean_custom_logo_mobile_max_width":0,"ocean_custom_logo_max_height":0,"ocean_custom_logo_tablet_max_height":0,"ocean_custom_logo_mobile_max_height":0,"ocean_header_custom_menu":"0","ocean_menu_typo_font_family":"0","ocean_menu_typo_font_subset":"","ocean_menu_typo_font_size":0,"ocean_menu_typo_font_size_tablet":0,"ocean_menu_typo_font_size_mobile":0,"ocean_menu_typo_font_size_unit":"px","ocean_menu_typo_font_weight":"","ocean_menu_typo_font_weight_tablet":"","ocean_menu_typo_font_weight_mobile":"","ocean_menu_typo_transform":"","ocean_menu_typo_transform_tablet":"","ocean_menu_typo_transform_mobile":"","ocean_menu_typo_line_height":0,"ocean_menu_typo_line_height_tablet":0,"ocean_menu_typo_line_height_mobile":0,"ocean_menu_typo_line_height_unit":"","ocean_menu_typo_spacing":0,"ocean_menu_typo_spacing_tablet":0,"ocean_menu_typo_spacing_mobile":0,"ocean_menu_typo_spacing_unit":"","ocean_menu_link_color":"","ocean_menu_link_color_hover":"","ocean_menu_link_color_active":"","ocean_menu_link_background":"","ocean_menu_link_hover_background":"","ocean_menu_link_active_background":"","ocean_menu_social_links_bg":"","ocean_menu_social_hover_links_bg":"","ocean_menu_social_links_color":"","ocean_menu_social_hover_links_color":"","ocean_disable_title":"default","ocean_disable_heading":"default","ocean_post_title":"","ocean_post_subheading":"","ocean_post_title_style":"background-image","ocean_post_title_background_color":"","ocean_post_title_background":28963,"ocean_post_title_bg_image_position":"center center","ocean_post_title_bg_image_attachment":"","ocean_post_title_bg_image_repeat":"","ocean_post_title_bg_image_size":"","ocean_post_title_height":600,"ocean_post_title_bg_overlay":0.2,"ocean_post_title_bg_overlay_color":"#000000","ocean_disable_breadcrumbs":"default","ocean_breadcrumbs_color":"","ocean_breadcrumbs_separator_color":"","ocean_breadcrumbs_links_color":"","ocean_breadcrumbs_links_hover_color":"","ocean_display_footer_widgets":"default","ocean_display_footer_bottom":"default","ocean_custom_footer_template":"0","omw_enable_modal_window":"enable","osh_disable_topbar_sticky":"default","osh_disable_header_sticky":"default","osh_sticky_header_style":"default","osh_sticky_header_effect":"","osh_custom_sticky_logo":0,"osh_custom_retina_sticky_logo":0,"osh_custom_sticky_logo_height":0,"osh_background_color":"","osh_links_color":"","osh_links_hover_color":"","osh_links_active_color":"","osh_links_bg_color":"","osh_links_hover_bg_color":"","osh_links_active_bg_color":"","osh_menu_social_links_color":"","osh_menu_social_hover_links_color":"","footnotes":""},"class_list":["post-26651","page","type-page","status-publish","has-post-thumbnail","hentry","entry","has-media","owp-thumbs-layout-horizontal","owp-btn-normal","owp-tabs-layout-horizontal","has-no-thumbnails","has-product-nav"],"acf":[],"_links":{"self":[{"href":"https:\/\/milvus.ro\/hu\/wp-json\/wp\/v2\/pages\/26651","targetHints":{"allow":["GET"]}}],"collection":[{"href":"https:\/\/milvus.ro\/hu\/wp-json\/wp\/v2\/pages"}],"about":[{"href":"https:\/\/milvus.ro\/hu\/wp-json\/wp\/v2\/types\/page"}],"author":[{"embeddable":true,"href":"https:\/\/milvus.ro\/hu\/wp-json\/wp\/v2\/users\/3"}],"replies":[{"embeddable":true,"href":"https:\/\/milvus.ro\/hu\/wp-json\/wp\/v2\/comments?post=26651"}],"version-history":[{"count":7,"href":"https:\/\/milvus.ro\/hu\/wp-json\/wp\/v2\/pages\/26651\/revisions"}],"predecessor-version":[{"id":28975,"href":"https:\/\/milvus.ro\/hu\/wp-json\/wp\/v2\/pages\/26651\/revisions\/28975"}],"up":[{"embeddable":true,"href":"https:\/\/milvus.ro\/hu\/wp-json\/wp\/v2\/pages\/18398"}],"wp:featuredmedia":[{"embeddable":true,"href":"https:\/\/milvus.ro\/hu\/wp-json\/wp\/v2\/media\/19809"}],"wp:attachment":[{"href":"https:\/\/milvus.ro\/hu\/wp-json\/wp\/v2\/media?parent=26651"}],"curies":[{"name":"wp","href":"https:\/\/api.w.org\/{rel}","templated":true}]}}