{"id":19827,"date":"2020-07-28T08:23:02","date_gmt":"2020-07-28T05:23:02","guid":{"rendered":"https:\/\/new.milvus.ro\/?page_id=19827"},"modified":"2026-02-24T14:03:04","modified_gmt":"2026-02-24T12:03:04","slug":"golden-eagle","status":"publish","type":"page","link":"https:\/\/milvus.ro\/hu\/monitoring\/golden-eagle\/","title":{"rendered":"Szirti sas (<em>Aquila chrysaetos<\/em>) \u00e9s v\u00e1ndors\u00f3lyom (<em>Falco peregrinus<\/em>) felm\u00e9r\u00e9s"},"content":{"rendered":"\t\t<div data-elementor-type=\"wp-page\" data-elementor-id=\"19827\" class=\"elementor elementor-19827 elementor-1295\">\n\t\t\t\t\t\t<section class=\"elementor-section elementor-top-section elementor-element elementor-element-405dc38 elementor-section-boxed elementor-section-height-default elementor-section-height-default\" data-id=\"405dc38\" data-element_type=\"section\">\n\t\t\t\t\t\t<div class=\"elementor-container elementor-column-gap-default\">\n\t\t\t\t\t<div class=\"elementor-column elementor-col-100 elementor-top-column elementor-element elementor-element-3db774f7\" data-id=\"3db774f7\" data-element_type=\"column\">\n\t\t\t<div class=\"elementor-widget-wrap elementor-element-populated\">\n\t\t\t\t\t\t<div class=\"elementor-element elementor-element-2e28fb58 elementor-widget elementor-widget-text-editor\" data-id=\"2e28fb58\" data-element_type=\"widget\" data-widget_type=\"text-editor.default\">\n\t\t\t\t<div class=\"elementor-widget-container\">\n\t\t\t\t\t\t\t<p><strong>C\u00e9lfaj<\/strong>: szirti sas \u00e9s v\u00e1ndor s\u00f3lyom<\/p>\n<p><strong>Id\u0151szak:<\/strong> k\u00f6telez\u0151 2 kij\u00e1r\u00e1s: f\u00e9szek \u00e9p\u00edt\u00e9si peri\u00f3dus febru\u00e1r 20 \u2013 m\u00e1rcius 15 \u00e9s kirep\u00fcl\u00e9si peri\u00f3dus: j\u00fanius 15 \u2013 j\u00falius 5; a k\u00f6telez\u0151 kij\u00e1r\u00e1sok tov\u00e1bbi kij\u00e1r\u00e1sokat is aj\u00e1nlott v\u00e9gezni (l\u00e1sd r\u00e9szletes m\u00f3dszertan)<\/p>\n<p>\u00a0<\/p>\n<p><strong>Felk\u00e9sz\u00fclts\u00e9gi szint:<\/strong> ragadoz\u00f3 madarak felismer\u00e9se<\/p>\n<p><strong>Felm\u00e9r\u00e9shez sz\u00fcks\u00e9ges szem\u00e9lyek sz\u00e1ma:<\/strong> 1 \u2013 3 szem\u00e9ly<\/p>\n<p><strong>Sz\u00fcks\u00e9ges felszerel\u00e9s:<\/strong> mobiltelefon (android), t\u00e1vcs\u0151, teleszk\u00f3p (k\u00f6telez\u0151)<\/p>\n<p><strong>Helysz\u00edn:<\/strong> f\u00e9szkek k\u00f6zel\u00e9ben kihelyezett megfigyel\u0151pontok<\/p>\n<h2><strong>M\u00f3dszertan r\u00f6vid le\u00edr\u00e1sa<\/strong>:<\/h2>\n<p>A monitoring program c\u00e9lja, hogy ellen\u0151rizz\u00fck az ismert p\u00e1rok jelenl\u00e9t\u00e9t a ter\u00fcleten \u00e9s az aktu\u00e1lis \u00e9vben be tudjuk azonos\u00edtani a haszn\u00e1lt f\u00e9szkeket, illetve meg tudjuk \u00e1llap\u00edtani a k\u00f6lt\u00e9si sikert a rev\u00edrekben.<\/p>\n<p>Ahhoz, hogy pontos inform\u00e1ci\u00f3kat kapjunk az ismert p\u00e1rok k\u00f6lt\u00e9si siker\u00e9r\u0151l minimum 2 kij\u00e1r\u00e1s sz\u00fcks\u00e9ges. Mindk\u00e9t alkalommal, a program koordin\u00e1tor\u00e1val el\u0151re egyeztette megfigyel\u0151ponton 3 \u00f3r\u00e1s megfigyel\u00e9st kell v\u00e9gezni. Ezalatt az id\u0151 alatt akt\u00edvan keress\u00fck a ragadoz\u00f3 madarakat, illetve a potenci\u00e1lis \u00faj f\u00e9szkeket. Az els\u0151 kij\u00e1r\u00e1s alkalm\u00e1val beazonos\u00edtjuk az adott \u00e9vben haszn\u00e1lt f\u00e9szket, mivel a szirti sas eset\u00e9ben lehets\u00e9ges, hogy nem minden \u00e9vben haszn\u00e1lja ugyanazt a f\u00e9szket a k\u00f6lt\u00e9shez. Ha nem siker\u00fclt pontosan azonos\u00edtani a f\u00e9szket aj\u00e1nlott t\u00f6bb kij\u00e1r\u00e1st v\u00e9gezni\u00a0 (l\u00e1sd a r\u00e9szletes m\u00f3dszertant). A m\u00e1sodik kij\u00e1r\u00e1s alkalm\u00e1val, a k\u00f6lt\u00e9si sikerr\u0151l gy\u0171jt\u00fcnk inform\u00e1ci\u00f3t. Az els\u0151 alkalommal beazonos\u00edtott f\u00e9szket ellen\u0151rizz\u00fck le. Amennyiben siker\u00fclt biztosan meg\u00e1llap\u00edtani, hogy sikeres volt vagy sem a k\u00f6lt\u00e9s, valamint a fi\u00f3ka kor\u00e1t os siker\u00fclt meghat\u00e1rozni, akkor nem sz\u00fcks\u00e9ges ki\u00fclni a 3 \u00f3r\u00e1t, b\u00e1rmilyen m\u00e1s esetben k\u00f6telez\u0151 ki\u00fclni a 3 \u00f3r\u00e1t, mivel a fi\u00f3k\u00e1k sokszor megb\u00fajnak a f\u00e9szekben \u00e9s nehezen \u00e9szrevehet\u0151ek.<\/p>\n<p>A t\u00f6bbi megfigyel\u00e9si programhoz hasonl\u00f3an az adatok gy\u0171jt\u00e9se az<a href=\"https:\/\/openbiomaps.org\/\"> OpenBioMaps<\/a> mobilalkalmaz\u00e1ssal t\u00f6rt\u00e9nik (az erre a c\u00e9lra k\u00e9sz\u00fclt \u0171rlap seg\u00edts\u00e9g\u00e9vel). Az \u0171rlap nem teszi lehet\u0151v\u00e9 az egy\u00e9b fajokra vonatkoz\u00f3 megfigyel\u00e9sek r\u00f6gz\u00edt\u00e9s\u00e9t, \u00e1m p\u00e1rhuzamosan lehet t\u00f6bb \u0171rlapot is haszn\u00e1lni \u00e9s javasoljuk, hogy m\u00e1s fajok megfigyel\u00e9s\u00e9t is r\u00f6gz\u00edts\u00e9k a kisz\u00e1ll\u00e1s ideje alatt.<\/p>\n<p>A r\u00e9szletes m\u00f3dszer itt olvashat\u00f3.\u00a0<\/p>\n<h2>Kapcsolat:<\/h2>\n<p>Papp Tam\u00e1s, <a href=\"mailto:t&#97;ma&#115;.p&#97;pp&#64;mi&#108;vu&#115;&#46;&#114;o\">&#116;&#97;&#109;as.pa&#112;p&#64;mil&#118;u&#115;&#46;&#114;o<\/a><\/p>\n<p>\u00a0<\/p>\n<p>\u00a0<\/p>\t\t\t\t\t\t<\/div>\n\t\t\t\t<\/div>\n\t\t\t\t\t<\/div>\n\t\t<\/div>\n\t\t\t\t\t<\/div>\n\t\t<\/section>\n\t\t\t\t<\/div>\n\t\t","protected":false},"excerpt":{"rendered":"C\u00e9lfaj: szirti sas \u00e9s v\u00e1ndor s\u00f3lyom Id\u0151szak: k\u00f6telez\u0151 2 kij\u00e1r\u00e1s: f\u00e9szek \u00e9p\u00edt\u00e9si peri\u00f3dus febru\u00e1r 20 \u2013 m\u00e1rcius 15 \u00e9s kirep\u00fcl\u00e9si peri\u00f3dus: j\u00fanius 15 \u2013 j\u00falius 5; a k\u00f6telez\u0151 kij\u00e1r\u00e1sok tov\u00e1bbi kij\u00e1r\u00e1sokat is aj\u00e1nlott v\u00e9gezni (l\u00e1sd r\u00e9szletes m\u00f3dszertan) \u00a0 Felk\u00e9sz\u00fclts\u00e9gi szint: ragadoz\u00f3 madarak felismer\u00e9se Felm\u00e9r\u00e9shez sz\u00fcks\u00e9ges szem\u00e9lyek sz\u00e1ma: 1 \u2013 3 szem\u00e9ly Sz\u00fcks\u00e9ges felszerel\u00e9s: mobiltelefon (android), [&hellip;]","protected":false},"author":3,"featured_media":1315,"parent":17587,"menu_order":0,"comment_status":"closed","ping_status":"closed","template":"","meta":{"_acf_changed":false,"_eb_attr":"","ocean_post_layout":"left-sidebar","ocean_both_sidebars_style":"","ocean_both_sidebars_content_width":0,"ocean_both_sidebars_sidebars_width":0,"ocean_sidebar":"ocs-monitoring-menu","ocean_second_sidebar":"0","ocean_disable_margins":"enable","ocean_add_body_class":"","ocean_shortcode_before_top_bar":"","ocean_shortcode_after_top_bar":"","ocean_shortcode_before_header":"","ocean_shortcode_after_header":"","ocean_has_shortcode":"","ocean_shortcode_after_title":"","ocean_shortcode_before_footer_widgets":"","ocean_shortcode_after_footer_widgets":"","ocean_shortcode_before_footer_bottom":"","ocean_shortcode_after_footer_bottom":"","ocean_display_top_bar":"default","ocean_display_header":"default","ocean_header_style":"","ocean_center_header_left_menu":"0","ocean_custom_header_template":"0","ocean_custom_logo":0,"ocean_custom_retina_logo":0,"ocean_custom_logo_max_width":0,"ocean_custom_logo_tablet_max_width":0,"ocean_custom_logo_mobile_max_width":0,"ocean_custom_logo_max_height":0,"ocean_custom_logo_tablet_max_height":0,"ocean_custom_logo_mobile_max_height":0,"ocean_header_custom_menu":"0","ocean_menu_typo_font_family":"0","ocean_menu_typo_font_subset":"","ocean_menu_typo_font_size":0,"ocean_menu_typo_font_size_tablet":0,"ocean_menu_typo_font_size_mobile":0,"ocean_menu_typo_font_size_unit":"px","ocean_menu_typo_font_weight":"","ocean_menu_typo_font_weight_tablet":"","ocean_menu_typo_font_weight_mobile":"","ocean_menu_typo_transform":"","ocean_menu_typo_transform_tablet":"","ocean_menu_typo_transform_mobile":"","ocean_menu_typo_line_height":0,"ocean_menu_typo_line_height_tablet":0,"ocean_menu_typo_line_height_mobile":0,"ocean_menu_typo_line_height_unit":"","ocean_menu_typo_spacing":0,"ocean_menu_typo_spacing_tablet":0,"ocean_menu_typo_spacing_mobile":0,"ocean_menu_typo_spacing_unit":"","ocean_menu_link_color":"","ocean_menu_link_color_hover":"","ocean_menu_link_color_active":"","ocean_menu_link_background":"","ocean_menu_link_hover_background":"","ocean_menu_link_active_background":"","ocean_menu_social_links_bg":"","ocean_menu_social_hover_links_bg":"","ocean_menu_social_links_color":"","ocean_menu_social_hover_links_color":"","ocean_disable_title":"default","ocean_disable_heading":"default","ocean_post_title":"","ocean_post_subheading":"","ocean_post_title_style":"background-image","ocean_post_title_background_color":"","ocean_post_title_background":44591,"ocean_post_title_bg_image_position":"center center","ocean_post_title_bg_image_attachment":"fixed","ocean_post_title_bg_image_repeat":"no-repeat","ocean_post_title_bg_image_size":"cover","ocean_post_title_height":500,"ocean_post_title_bg_overlay":0.4,"ocean_post_title_bg_overlay_color":"#000000","ocean_disable_breadcrumbs":"default","ocean_breadcrumbs_color":"","ocean_breadcrumbs_separator_color":"","ocean_breadcrumbs_links_color":"","ocean_breadcrumbs_links_hover_color":"","ocean_display_footer_widgets":"default","ocean_display_footer_bottom":"default","ocean_custom_footer_template":"0","omw_enable_modal_window":"enable","osh_disable_topbar_sticky":"default","osh_disable_header_sticky":"default","osh_sticky_header_style":"default","osh_sticky_header_effect":"","osh_custom_sticky_logo":0,"osh_custom_retina_sticky_logo":0,"osh_custom_sticky_logo_height":0,"osh_background_color":"","osh_links_color":"","osh_links_hover_color":"","osh_links_active_color":"","osh_links_bg_color":"","osh_links_hover_bg_color":"","osh_links_active_bg_color":"","osh_menu_social_links_color":"","osh_menu_social_hover_links_color":"","footnotes":""},"class_list":["post-19827","page","type-page","status-publish","has-post-thumbnail","hentry","entry","has-media","owp-thumbs-layout-horizontal","owp-btn-normal","owp-tabs-layout-horizontal","has-no-thumbnails","has-product-nav"],"acf":[],"_links":{"self":[{"href":"https:\/\/milvus.ro\/hu\/wp-json\/wp\/v2\/pages\/19827","targetHints":{"allow":["GET"]}}],"collection":[{"href":"https:\/\/milvus.ro\/hu\/wp-json\/wp\/v2\/pages"}],"about":[{"href":"https:\/\/milvus.ro\/hu\/wp-json\/wp\/v2\/types\/page"}],"author":[{"embeddable":true,"href":"https:\/\/milvus.ro\/hu\/wp-json\/wp\/v2\/users\/3"}],"replies":[{"embeddable":true,"href":"https:\/\/milvus.ro\/hu\/wp-json\/wp\/v2\/comments?post=19827"}],"version-history":[{"count":31,"href":"https:\/\/milvus.ro\/hu\/wp-json\/wp\/v2\/pages\/19827\/revisions"}],"predecessor-version":[{"id":50824,"href":"https:\/\/milvus.ro\/hu\/wp-json\/wp\/v2\/pages\/19827\/revisions\/50824"}],"up":[{"embeddable":true,"href":"https:\/\/milvus.ro\/hu\/wp-json\/wp\/v2\/pages\/17587"}],"wp:featuredmedia":[{"embeddable":true,"href":"https:\/\/milvus.ro\/hu\/wp-json\/wp\/v2\/media\/1315"}],"wp:attachment":[{"href":"https:\/\/milvus.ro\/hu\/wp-json\/wp\/v2\/media?parent=19827"}],"curies":[{"name":"wp","href":"https:\/\/api.w.org\/{rel}","templated":true}]}}