{"id":19755,"date":"2021-01-27T14:09:43","date_gmt":"2021-01-27T12:09:43","guid":{"rendered":"https:\/\/new.milvus.ro\/?page_id=19755"},"modified":"2021-03-05T13:43:54","modified_gmt":"2021-03-05T11:43:54","slug":"dropia","status":"publish","type":"page","link":"https:\/\/milvus.ro\/hu\/birds\/dropia\/","title":{"rendered":"T\u00fazok"},"content":{"rendered":"\t\t<div data-elementor-type=\"wp-page\" data-elementor-id=\"19755\" class=\"elementor elementor-19755 elementor-19733\">\n\t\t\t\t\t\t<section class=\"elementor-section elementor-top-section elementor-element elementor-element-36fdd3e elementor-section-boxed elementor-section-height-default elementor-section-height-default\" data-id=\"36fdd3e\" data-element_type=\"section\">\n\t\t\t\t\t\t<div class=\"elementor-container elementor-column-gap-default\">\n\t\t\t\t\t<div class=\"elementor-column elementor-col-100 elementor-top-column elementor-element elementor-element-06e2be3\" data-id=\"06e2be3\" data-element_type=\"column\">\n\t\t\t<div class=\"elementor-widget-wrap elementor-element-populated\">\n\t\t\t\t\t\t<div class=\"elementor-element elementor-element-9c03075 elementor-widget elementor-widget-text-editor\" data-id=\"9c03075\" data-element_type=\"widget\" data-widget_type=\"text-editor.default\">\n\t\t\t\t<div class=\"elementor-widget-container\">\n\t\t\t\t\t\t\t<p><img decoding=\"async\" class=\"alignleft\" src=\"http:\/\/milvus.ro\/wp-content\/uploads\/2021\/01\/IMG_0632-300x143.jpg\" alt=\"\" width=\"300\" height=\"143\" \/><span style=\"font-size: 16px;\">A t\u00fazok (Otis tarda), Eur\u00f3pa legnagyobb r\u00f6pk\u00e9pes madara, vil\u00e1gszerte vesz\u00e9lyeztetett. Rom\u00e1niai \u00e1llom\u00e1nyai az elm\u00falt k\u00e9t \u00e9vsz\u00e1zad alatt \u00f6sszeomlottak, a t\u00fazok orsz\u00e1gos szinten a kipusztul\u00e1s sz\u00e9l\u00e9re jutott. A mintegy 50-60 egyedre tehet\u0151, egyetlen rom\u00e1niai\u00a0 \u00e9letk\u00e9pes t\u00fazok popul\u00e1ci\u00f3 a Bihar megyei Nagyszalonta k\u00f6rny\u00e9k\u00e9n maradt fenn, ez\u00e9rt ennek meg\u0151rz\u00e9se els\u0151 sz\u00e1m\u00fa priorit\u00e1s. A madarak egyar\u00e1nt haszn\u00e1lj\u00e1k a rom\u00e1niai (nagyszalontai hat\u00e1r) illetve magyarorsz\u00e1gi (Mez\u0151gy\u00e1n k\u00f6rny\u00e9ke) \u00e9l\u0151helyeket, \u00edgy az \u00e1llom\u00e1ny meg\u0151rz\u00e9se kiz\u00e1r\u00f3lag nemzetk\u00f6zi \u00f6sszefog\u00e1s \u00e1ltal val\u00f3s\u00edthat\u00f3 meg. Mivel a t\u00fazok rendk\u00edv\u00fcli m\u00f3don ragaszkodik ter\u00fclet\u00e9hez, megszokott \u00e9lk\u0151helyeihez, egy ilyen kis, elszigetelt, \u00e9s ez\u00e9rt halmozottan s\u00e9r\u00fcl\u00e9keny popul\u00e1ci\u00f3t rendk\u00edv\u00fcli m\u00e9rt\u00e9kben vesz\u00e9lyeztet b\u00e1rmilyen, az \u00e9l\u0151hely\u00e9n bek\u00f6vetkezett negat\u00edv v\u00e1ltoz\u00e1s. Nem csoda h\u00e1t, hogy a nagyszalontai t\u00fazokok v\u00e9delme kiemelt feladatunk.\u00a0<\/span><\/p><p><span style=\"font-size: 16px;\">Ugyanakkor 2018-ig a Milvus Csoport t\u00fazokv\u00e9delmi programja ink\u00e1bb c\u00e9lzott, konkr\u00e9t tevek\u00e9nys\u00e9gekben nyilv\u00e1nult<br \/>meg, mintsem projektekben. 2018-ban indult a\u00a0<\/span><a href=\"https:\/\/milvus.ro\/hu\/projects-and-programmes\/rohu-14-the-nature-corner-termeszeti-ertekek-ket-orszag-szegleteben\/\" target=\"_blank\" rel=\"noopener\">A term\u00e9szeti \u00e9rt\u00e9kek meg\u0151rz\u00e9se, v\u00e9delme \u00e9s n\u00e9pszer\u0171s\u00edt\u00e9se Nagyszalonta-B\u00e9k\u00e9scsaba hat\u00e1rmenti t\u00e9rs\u00e9gben, ROHU-14 \u2013 The Nature Corner projekt<\/a>.<\/p><p><span style=\"font-size: 16px;\">Term\u00e9szetesen mindennek az alapja az \u00e1llom\u00e1ny v\u00e1ltoz\u00e1s\u00e1nak k\u00f6vet\u00e9se, az \u00fagynevezett monitoring, hiszen ez alapj\u00e1n tudjuk felm\u00e9rni, hogy egy adott popul\u00e1ci\u00f3 cs\u00f6kken, n\u0151, avagy stagn\u00e1l. T\u00edz \u00e9ve annak, hogy az els\u0151 dokument\u00e1lt nagyszalontai t\u00fazok-megfigyel\u00e9sn\u00e9l jelen voltunk, az\u00f3ta 81 terep nap sor\u00e1n t\u00f6bb, mint 1200 p\u00e9ld\u00e1nyt figyelt\u00fcnk meg. Term\u00e9szetesen ezek a megfigyel\u00e9sek mindegyike a t\u00e1jegys\u00e9gben \u00e9l\u0151 50-60 p\u00e9ld\u00e1nyra vonatkozik. Megfigyel\u00e9seink alapj\u00e1n pontosan kirajzol\u00f3dtak azok a nagyszalontai \u00e9l\u0151helyek , amelyek a legfontosabbak a t\u00fazoknak, \u00edgy tev\u00e9kenys\u00e9geinkkel els\u0151sorban ezekre az \u00e9l\u0151helyekre koncentr\u00e1lhatunk. N\u00e9h\u00e1ny esetben r\u00f6pk\u00e9ptelen fi\u00f3k\u00e1kat vezet\u0151 ty\u00fakokat is megfigyelt\u00fcnk, \u00edgy a faj nagyszalontai k\u00f6lt\u00e9se is bizony\u00edtott annak ellen\u00e9re, hogy konkr\u00e9t f\u00e9szket nem tal\u00e1ltunk. Sz\u00e1mos, a t\u00fazokok \u00e9l\u0151helyeit vesz\u00e9lyeztet\u0151 t\u00e9nyez\u0151t t\u00e1rtunk fel \u00e9s el\u0151zt\u00fcnk meg. Kiemelt sikerk\u00e9nt k\u00f6nyvelt\u00fck el, hogy nemzetk\u00f6zi \u00f6sszefog\u00e1st szorgalmazva egy olyan sz\u00e9ler\u0151m\u0171 projekt megval\u00f3s\u00edt\u00e1s\u00e1t akad\u00e1lyoztuk meg, amely kett\u00e9v\u00e1gta volna a sz\u00e9lturbin\u00e1k jelenl\u00e9t\u00e9t egy\u00e1ltal\u00e1n nem toler\u00e1l\u00f3 t\u00fazokok \u00e9l\u0151hely\u00e9t, m\u00e9g kisebb\u00e9 zsugor\u00edtva azt.<\/span><\/p>\t\t\t\t\t\t<\/div>\n\t\t\t\t<\/div>\n\t\t\t\t\t<\/div>\n\t\t<\/div>\n\t\t\t\t\t<\/div>\n\t\t<\/section>\n\t\t\t\t<\/div>\n\t\t","protected":false},"excerpt":{"rendered":"A t\u00fazok (Otis tarda), Eur\u00f3pa legnagyobb r\u00f6pk\u00e9pes madara, vil\u00e1gszerte vesz\u00e9lyeztetett. Rom\u00e1niai \u00e1llom\u00e1nyai az elm\u00falt k\u00e9t \u00e9vsz\u00e1zad alatt \u00f6sszeomlottak, a t\u00fazok orsz\u00e1gos szinten a kipusztul\u00e1s sz\u00e9l\u00e9re jutott. A mintegy 50-60 egyedre tehet\u0151, egyetlen rom\u00e1niai&nbsp; \u00e9letk\u00e9pes t\u00fazok popul\u00e1ci\u00f3 a Bihar megyei Nagyszalonta k\u00f6rny\u00e9k\u00e9n maradt fenn, ez\u00e9rt ennek meg\u0151rz\u00e9se els\u0151 sz\u00e1m\u00fa priorit\u00e1s. A madarak egyar\u00e1nt haszn\u00e1lj\u00e1k a rom\u00e1niai [&hellip;]","protected":false},"author":3,"featured_media":992,"parent":18398,"menu_order":0,"comment_status":"closed","ping_status":"closed","template":"","meta":{"_acf_changed":false,"_eb_attr":"","ocean_post_layout":"full-width","ocean_both_sidebars_style":"","ocean_both_sidebars_content_width":0,"ocean_both_sidebars_sidebars_width":0,"ocean_sidebar":"0","ocean_second_sidebar":"0","ocean_disable_margins":"enable","ocean_add_body_class":"","ocean_shortcode_before_top_bar":"","ocean_shortcode_after_top_bar":"","ocean_shortcode_before_header":"","ocean_shortcode_after_header":"[oceanwp_library id=\"18209\"]","ocean_has_shortcode":"","ocean_shortcode_after_title":"","ocean_shortcode_before_footer_widgets":"","ocean_shortcode_after_footer_widgets":"","ocean_shortcode_before_footer_bottom":"","ocean_shortcode_after_footer_bottom":"","ocean_display_top_bar":"default","ocean_display_header":"default","ocean_header_style":"","ocean_center_header_left_menu":"0","ocean_custom_header_template":"0","ocean_custom_logo":0,"ocean_custom_retina_logo":0,"ocean_custom_logo_max_width":0,"ocean_custom_logo_tablet_max_width":0,"ocean_custom_logo_mobile_max_width":0,"ocean_custom_logo_max_height":0,"ocean_custom_logo_tablet_max_height":0,"ocean_custom_logo_mobile_max_height":0,"ocean_header_custom_menu":"0","ocean_menu_typo_font_family":"0","ocean_menu_typo_font_subset":"","ocean_menu_typo_font_size":0,"ocean_menu_typo_font_size_tablet":0,"ocean_menu_typo_font_size_mobile":0,"ocean_menu_typo_font_size_unit":"px","ocean_menu_typo_font_weight":"","ocean_menu_typo_font_weight_tablet":"","ocean_menu_typo_font_weight_mobile":"","ocean_menu_typo_transform":"","ocean_menu_typo_transform_tablet":"","ocean_menu_typo_transform_mobile":"","ocean_menu_typo_line_height":0,"ocean_menu_typo_line_height_tablet":0,"ocean_menu_typo_line_height_mobile":0,"ocean_menu_typo_line_height_unit":"","ocean_menu_typo_spacing":0,"ocean_menu_typo_spacing_tablet":0,"ocean_menu_typo_spacing_mobile":0,"ocean_menu_typo_spacing_unit":"","ocean_menu_link_color":"","ocean_menu_link_color_hover":"","ocean_menu_link_color_active":"","ocean_menu_link_background":"","ocean_menu_link_hover_background":"","ocean_menu_link_active_background":"","ocean_menu_social_links_bg":"","ocean_menu_social_hover_links_bg":"","ocean_menu_social_links_color":"","ocean_menu_social_hover_links_color":"","ocean_disable_title":"default","ocean_disable_heading":"default","ocean_post_title":"","ocean_post_subheading":"","ocean_post_title_style":"background-image","ocean_post_title_background_color":"","ocean_post_title_background":20787,"ocean_post_title_bg_image_position":"center center","ocean_post_title_bg_image_attachment":"fixed","ocean_post_title_bg_image_repeat":"no-repeat","ocean_post_title_bg_image_size":"","ocean_post_title_height":0,"ocean_post_title_bg_overlay":0.2,"ocean_post_title_bg_overlay_color":"#000000","ocean_disable_breadcrumbs":"default","ocean_breadcrumbs_color":"","ocean_breadcrumbs_separator_color":"","ocean_breadcrumbs_links_color":"","ocean_breadcrumbs_links_hover_color":"","ocean_display_footer_widgets":"default","ocean_display_footer_bottom":"default","ocean_custom_footer_template":"0","omw_enable_modal_window":"enable","osh_disable_topbar_sticky":"default","osh_disable_header_sticky":"default","osh_sticky_header_style":"default","osh_sticky_header_effect":"","osh_custom_sticky_logo":0,"osh_custom_retina_sticky_logo":0,"osh_custom_sticky_logo_height":0,"osh_background_color":"","osh_links_color":"","osh_links_hover_color":"","osh_links_active_color":"","osh_links_bg_color":"","osh_links_hover_bg_color":"","osh_links_active_bg_color":"","osh_menu_social_links_color":"","osh_menu_social_hover_links_color":"","footnotes":""},"class_list":["post-19755","page","type-page","status-publish","has-post-thumbnail","hentry","entry","has-media","owp-thumbs-layout-horizontal","owp-btn-normal","owp-tabs-layout-horizontal","has-no-thumbnails","has-product-nav"],"acf":[],"_links":{"self":[{"href":"https:\/\/milvus.ro\/hu\/wp-json\/wp\/v2\/pages\/19755","targetHints":{"allow":["GET"]}}],"collection":[{"href":"https:\/\/milvus.ro\/hu\/wp-json\/wp\/v2\/pages"}],"about":[{"href":"https:\/\/milvus.ro\/hu\/wp-json\/wp\/v2\/types\/page"}],"author":[{"embeddable":true,"href":"https:\/\/milvus.ro\/hu\/wp-json\/wp\/v2\/users\/3"}],"replies":[{"embeddable":true,"href":"https:\/\/milvus.ro\/hu\/wp-json\/wp\/v2\/comments?post=19755"}],"version-history":[{"count":11,"href":"https:\/\/milvus.ro\/hu\/wp-json\/wp\/v2\/pages\/19755\/revisions"}],"predecessor-version":[{"id":27979,"href":"https:\/\/milvus.ro\/hu\/wp-json\/wp\/v2\/pages\/19755\/revisions\/27979"}],"up":[{"embeddable":true,"href":"https:\/\/milvus.ro\/hu\/wp-json\/wp\/v2\/pages\/18398"}],"wp:featuredmedia":[{"embeddable":true,"href":"https:\/\/milvus.ro\/hu\/wp-json\/wp\/v2\/media\/992"}],"wp:attachment":[{"href":"https:\/\/milvus.ro\/hu\/wp-json\/wp\/v2\/media?parent=19755"}],"curies":[{"name":"wp","href":"https:\/\/api.w.org\/{rel}","templated":true}]}}