{"id":19704,"date":"2020-06-16T08:16:48","date_gmt":"2020-06-16T05:16:48","guid":{"rendered":"https:\/\/new.milvus.ro\/?page_id=19704"},"modified":"2021-04-19T14:00:49","modified_gmt":"2021-04-19T11:00:49","slug":"vespertinus","status":"publish","type":"page","link":"https:\/\/milvus.ro\/hu\/birds\/vespertinus\/","title":{"rendered":"K\u00e9k v\u00e9rcse"},"content":{"rendered":"<p>A v\u00f6r\u00f6s k\u00e1nya \u00e9s a k\u00e9k v\u00e9rcse (<em>Falco vespertinus<\/em>) nem csak sz\u00ednben elt\u00e9r\u0151ek, de \u00e9letter\u00fck is csup\u00e1n minim\u00e1lis m\u00e9rt\u00e9kben fed \u00e1t. M\u00e9gis, a Milvus (a k\u00e1nya latin neve) \u00e9s a k\u00e9k v\u00e9rcse imm\u00e1r h\u00fasz \u00e9ve elv\u00e1laszthatatlanok, hiszen a partiumi k\u00e9k v\u00e9rcse telepek felm\u00e9r\u00e9s\u00e9t, a gy\u0171r\u0171z\u00e9si tev\u00e9kenys\u00e9geket a Milvus Csoport m\u00e1r a kilencvenes \u00e9vekben elkezdte. Az els\u0151 k\u00e9k v\u00e9rcse v\u00e9delmi projekt\u00fcnk \u00f6tezer doll\u00e1r k\u00f6lts\u00e9gvet\u00e9ssel b\u00edrt \u00e9s egy \u00e9vig tartott, a m\u00e1sodik m\u00e1r egy n\u00e9gy \u00e9ves nemzetk\u00f6zi LIFE projekt volt, 8 partnerrel \u00e9s milli\u00f3s nagys\u00e1grend\u0171 k\u00f6lts\u00e9gvet\u00e9ssel.<\/p><p>A k\u00e9k v\u00e9rcse egy vesz\u00e9lyeztetett, \u00e9s emiatt v\u00e9dett ragadoz\u00f3 mad\u00e1r. Kifejezetten a m\u00e9rs\u00e9kelt \u00e9g\u00f6v alf\u00f6ldi ter\u00fcletein \u00e9l, a telet Afrika d\u00e9li orsz\u00e1gaiban t\u00f6lti. F\u00e9szkel\u00e9si \u00f6kol\u00f3gi\u00e1ja k\u00e9t aspektusban is elt\u00e9r a megszokott\u00f3l. Egyr\u00e9szt nem \u00e9p\u00edt saj\u00e1t f\u00e9szket, fi\u00f3k\u00e1i felnevel\u00e9s\u00e9hez m\u00e1s madarak f\u00e9szk\u00e9t haszn\u00e1lja. M\u00e1sodsorban, a hazai ragadoz\u00f3 madarak k\u00f6z\u00f6tt egyed\u00fcl\u00e1ll\u00f3 m\u00f3don, a k\u00e9k v\u00e9rcse kifejezetten t\u00e1rsas l\u00e9ny \u00e9s jellemz\u0151en telepesen k\u00f6lt. Mivel az alf\u00f6ldi t\u00e9rs\u00e9geinkben a leggyakoribb telepes mad\u00e1r a vet\u00e9si varj\u00fa, a hazai k\u00e9k v\u00e9rcs\u00e9k els\u0151sorban a vet\u00e9sivarj\u00fa-telepek meg\u00fcresedett f\u00e9szkeiben k\u00f6ltenek. A varjak m\u00e1r kor\u00e1n, a tavasz els\u0151 napjaiban f\u00e9szkelni kezdenek, \u00edgy mire a telel\u0151ter\u00fcleteir\u0151l k\u00e9s\u0151n, m\u00e1jus elej\u00e9n visszat\u00e9r\u0151 k\u00e9k v\u00e9rcs\u00e9k meg\u00e9rkeznek, a varj\u00fafi\u00f3k\u00e1k a f\u00e9szek elhagy\u00e1s\u00e1ra k\u00e9sz\u00fclnek. Mindez azzal j\u00e1r, hogy a k\u00e9k v\u00e9rcs\u00e9k sorsa er\u0151sen f\u00fcgg a vet\u00e9si varjak f\u00e9szkel\u0151 \u00e1llom\u00e1ny\u00e1t\u00f3l, \u00edgy a Milvus Csoport k\u00e9k v\u00e9rcse v\u00e9delmi programja nem csak az els\u0151dleges c\u00e9lfajjal, de a vet\u00e9si varj\u00faval is behat\u00f3an foglalkozik. Mint tudjuk, a vet\u00e9si varjak jelenl\u00e9te sok esetben az emberek nemtetsz\u00e9s\u00e9t vonja maga ut\u00e1n, \u00edgy a k\u00e9k v\u00e9rcse f\u00e9szkel\u0151helyek v\u00e9delme k\u00fcl\u00f6n\u00f6sen bonyolult feladat.<\/p><figure class=\"wp-block-gallery columns-3 is-cropped wp-block-gallery-1 is-layout-flex wp-block-gallery-is-layout-flex\"><ul class=\"blocks-gallery-grid\"><li class=\"blocks-gallery-item\"><figure><a href=\"https:\/\/milvus.ro\/wp-content\/uploads\/2017\/11\/Falves5.jpg\"><img fetchpriority=\"high\" decoding=\"async\" width=\"2254\" height=\"1503\" src=\"https:\/\/milvus.ro\/wp-content\/uploads\/2017\/11\/Falves5.jpg\" alt=\"\" data-id=\"22929\" data-full-url=\"https:\/\/milvus.ro\/wp-content\/uploads\/2017\/11\/Falves5.jpg\" data-link=\"https:\/\/milvus.ro\/hu\/falves5-2-2\/\" class=\"wp-image-22929\" srcset=\"https:\/\/milvus.ro\/wp-content\/uploads\/2017\/11\/Falves5.jpg 2254w, https:\/\/milvus.ro\/wp-content\/uploads\/2017\/11\/Falves5-600x400.jpg 600w, https:\/\/milvus.ro\/wp-content\/uploads\/2017\/11\/Falves5-300x200.jpg 300w, https:\/\/milvus.ro\/wp-content\/uploads\/2017\/11\/Falves5-1024x683.jpg 1024w, https:\/\/milvus.ro\/wp-content\/uploads\/2017\/11\/Falves5-768x512.jpg 768w, https:\/\/milvus.ro\/wp-content\/uploads\/2017\/11\/Falves5-1536x1024.jpg 1536w, https:\/\/milvus.ro\/wp-content\/uploads\/2017\/11\/Falves5-2048x1366.jpg 2048w\" sizes=\"(max-width: 2254px) 100vw, 2254px\" \/><\/a><\/figure><\/li><li class=\"blocks-gallery-item\"><figure><a href=\"https:\/\/milvus.ro\/wp-content\/uploads\/2017\/11\/Falves4-scaled.jpg\"><img decoding=\"async\" width=\"2560\" height=\"1707\" src=\"https:\/\/milvus.ro\/wp-content\/uploads\/2017\/11\/Falves4-scaled.jpg\" alt=\"\" data-id=\"22927\" data-full-url=\"https:\/\/milvus.ro\/wp-content\/uploads\/2017\/11\/Falves4-scaled.jpg\" data-link=\"https:\/\/milvus.ro\/hu\/falves4-2\/\" class=\"wp-image-22927\" srcset=\"https:\/\/milvus.ro\/wp-content\/uploads\/2017\/11\/Falves4-scaled.jpg 2560w, https:\/\/milvus.ro\/wp-content\/uploads\/2017\/11\/Falves4-scaled-600x400.jpg 600w, https:\/\/milvus.ro\/wp-content\/uploads\/2017\/11\/Falves4-300x200.jpg 300w, https:\/\/milvus.ro\/wp-content\/uploads\/2017\/11\/Falves4-1024x683.jpg 1024w, https:\/\/milvus.ro\/wp-content\/uploads\/2017\/11\/Falves4-768x512.jpg 768w, https:\/\/milvus.ro\/wp-content\/uploads\/2017\/11\/Falves4-1536x1024.jpg 1536w, https:\/\/milvus.ro\/wp-content\/uploads\/2017\/11\/Falves4-2048x1365.jpg 2048w\" sizes=\"(max-width: 2560px) 100vw, 2560px\" \/><\/a><\/figure><\/li><li class=\"blocks-gallery-item\"><figure><a href=\"https:\/\/milvus.ro\/wp-content\/uploads\/2017\/11\/Falves3-e1517988845679.jpg\"><img decoding=\"async\" width=\"954\" height=\"954\" src=\"https:\/\/milvus.ro\/wp-content\/uploads\/2017\/11\/Falves3-e1517988845679.jpg\" alt=\"\" data-id=\"22925\" data-full-url=\"https:\/\/milvus.ro\/wp-content\/uploads\/2017\/11\/Falves3-e1517988845679.jpg\" data-link=\"https:\/\/milvus.ro\/hu\/falves3-2\/\" class=\"wp-image-22925\" srcset=\"https:\/\/milvus.ro\/wp-content\/uploads\/2017\/11\/Falves3-e1517988845679.jpg 954w, https:\/\/milvus.ro\/wp-content\/uploads\/2017\/11\/Falves3-e1517988845679-300x300.jpg 300w, https:\/\/milvus.ro\/wp-content\/uploads\/2017\/11\/Falves3-e1517988845679-100x100.jpg 100w, https:\/\/milvus.ro\/wp-content\/uploads\/2017\/11\/Falves3-e1517988845679-600x600.jpg 600w, https:\/\/milvus.ro\/wp-content\/uploads\/2017\/11\/Falves3-e1517988845679-150x150.jpg 150w, https:\/\/milvus.ro\/wp-content\/uploads\/2017\/11\/Falves3-e1517988845679-768x768.jpg 768w\" sizes=\"(max-width: 954px) 100vw, 954px\" \/><\/a><\/figure><\/li><li class=\"blocks-gallery-item\"><figure><a href=\"https:\/\/milvus.ro\/wp-content\/uploads\/2017\/11\/Falves2-scaled.jpg\"><img loading=\"lazy\" decoding=\"async\" width=\"2560\" height=\"1707\" src=\"https:\/\/milvus.ro\/wp-content\/uploads\/2017\/11\/Falves2-scaled.jpg\" alt=\"\" data-id=\"22923\" data-full-url=\"https:\/\/milvus.ro\/wp-content\/uploads\/2017\/11\/Falves2-scaled.jpg\" data-link=\"https:\/\/milvus.ro\/hu\/falves2-2-2\/\" class=\"wp-image-22923\" srcset=\"https:\/\/milvus.ro\/wp-content\/uploads\/2017\/11\/Falves2-scaled.jpg 2560w, https:\/\/milvus.ro\/wp-content\/uploads\/2017\/11\/Falves2-scaled-600x400.jpg 600w, https:\/\/milvus.ro\/wp-content\/uploads\/2017\/11\/Falves2-300x200.jpg 300w, https:\/\/milvus.ro\/wp-content\/uploads\/2017\/11\/Falves2-1024x683.jpg 1024w, https:\/\/milvus.ro\/wp-content\/uploads\/2017\/11\/Falves2-768x512.jpg 768w, https:\/\/milvus.ro\/wp-content\/uploads\/2017\/11\/Falves2-1536x1024.jpg 1536w, https:\/\/milvus.ro\/wp-content\/uploads\/2017\/11\/Falves2-2048x1365.jpg 2048w\" sizes=\"(max-width: 2560px) 100vw, 2560px\" \/><\/a><\/figure><\/li><li class=\"blocks-gallery-item\"><figure><a href=\"https:\/\/milvus.ro\/wp-content\/uploads\/2017\/11\/Falves1-scaled.jpg\"><img loading=\"lazy\" decoding=\"async\" width=\"2560\" height=\"1706\" src=\"https:\/\/milvus.ro\/wp-content\/uploads\/2017\/11\/Falves1-scaled.jpg\" alt=\"\" data-id=\"22921\" data-full-url=\"https:\/\/milvus.ro\/wp-content\/uploads\/2017\/11\/Falves1-scaled.jpg\" data-link=\"https:\/\/milvus.ro\/hu\/falves1-2-2\/\" class=\"wp-image-22921\" srcset=\"https:\/\/milvus.ro\/wp-content\/uploads\/2017\/11\/Falves1-scaled.jpg 2560w, https:\/\/milvus.ro\/wp-content\/uploads\/2017\/11\/Falves1-scaled-600x400.jpg 600w, https:\/\/milvus.ro\/wp-content\/uploads\/2017\/11\/Falves1-300x200.jpg 300w, https:\/\/milvus.ro\/wp-content\/uploads\/2017\/11\/Falves1-1024x683.jpg 1024w, https:\/\/milvus.ro\/wp-content\/uploads\/2017\/11\/Falves1-768x512.jpg 768w, https:\/\/milvus.ro\/wp-content\/uploads\/2017\/11\/Falves1-1536x1024.jpg 1536w, https:\/\/milvus.ro\/wp-content\/uploads\/2017\/11\/Falves1-2048x1365.jpg 2048w\" sizes=\"(max-width: 2560px) 100vw, 2560px\" \/><\/a><\/figure><\/li><\/ul><\/figure><p>A k\u00e9k v\u00e9rcs\u00e9k \u00e9rdekes \u00e9letm\u00f3dj\u00e1t csak tet\u00e9zi, hogy az \u0151szi vonul\u00e1st megel\u0151z\u0151en nagy csapatokban gy\u00fclekeznek. A szeptemberi est\u00e9ken t\u00f6bb sz\u00e1z, esetenk\u00e9nt t\u00f6bb ezer k\u00e9k v\u00e9rcse gy\u00fclekezik egy-egy pusztai facsoportban, fasorban, \u00e9s ezekre a helyekre a madarak nem csup\u00e1n est\u00e9r\u0151l-est\u00e9re, de \u00e9vr\u0151l-\u00e9vre is visszaj\u00e1rnak. Ez az a peri\u00f3dus, amikor a v\u00e9rcs\u00e9k felk\u00e9sz\u00fclnek a sokezer kilom\u00e9teres vonul\u00e1sra, \u00edgy a gy\u00fclekez\u0151helyek nyugalma \u00e9s a megfelel\u0151 t\u00e1pl\u00e1lkoz\u00f3ter\u00fcletek biztos\u00edt\u00e1sa els\u0151dleges fontoss\u00e1g\u00fa annak \u00e9rdek\u00e9ben, hogy az \u0151szi vonul\u00e1s sor\u00e1n min\u00e9l kisebb legyen az elhal\u00e1loz\u00e1si ar\u00e1ny, \u00edgy min\u00e9l nagyobb legyen a tavasszal visszat\u00e9r\u0151 v\u00e9rcs\u00e9k sz\u00e1ma.<\/p><p>Az elm\u00falt \u00e9vtizedben a Milvus Csoport szinte minden lehets\u00e9ges m\u00f3don kutatta, v\u00e9dte a rom\u00e1niai k\u00e9k v\u00e9rcse \u00e1llom\u00e1nyt. A 2006-2009 k\u00f6z\u00f6tt lebonyol\u00edtott k\u00e9k v\u00e9rcse LIFE fajv\u00e9delmi projekt keret\u00e9n bel\u00fcl az eg\u00e9sz Partiumra, illetve B\u00e1ns\u00e1gra kiterjed\u0151 \u00e1llom\u00e1nyfelm\u00e9r\u00e9st v\u00e9gezt\u00fcnk, mind a k\u00e9k v\u00e9rcse, mind a vet\u00e9si varj\u00fa eset\u00e9ben. A legjelent\u0151sebb f\u00e9szkel\u0151 \u00e1llom\u00e1nyok alakul\u00e1s\u00e1t folyamatosan figyelem alatt tartjuk. Id\u0151k\u00f6zben igyekezt\u00fcnk a k\u00e9k v\u00e9rcse kelet- \u00e9s d\u00e9l-rom\u00e1niai \u00e1llom\u00e1nyait is beazonos\u00edtani, felm\u00e9rni, ennek k\u00f6sz\u00f6nhet\u0151en imm\u00e1r r\u00e9szletes ismeretekkel rendelkez\u00fcnk az orsz\u00e1g teljes f\u00e9szkel\u0151 \u00e1llom\u00e1ny\u00e1ra vonatkoz\u00f3an. Magyarorsz\u00e1gi partnereinkkel k\u00f6z\u00f6sen minden \u00e9vben k\u00f6vetj\u00fck az \u0151szi gy\u00fclekez\u0151k\u00f6n \u00e1tvonul\u00f3 \u00e1llom\u00e1nyok dinamik\u00e1j\u00e1t, 2016-ban pedig r\u00e1tal\u00e1ltunk az eddig ismert legnagyobb k\u00e9k v\u00e9rcse gy\u00fclekez\u0151helyre a Fekete-tengert\u0151l nyugatra. T\u00f6bb k\u00e9k v\u00e9rcs\u00e9re is m\u0171holdas jelad\u00f3 ker\u00fclt, \u00edgy egyre jobban ismerj\u00fck a faj vonul\u00e1si \u00fatvonalait, illetve telel\u0151 ter\u00fcleteit. Az elm\u00falt \u00e9vtizedben t\u00f6bb sz\u00e1z mesters\u00e9ges k\u00f6lt\u0151l\u00e1da ker\u00fclt ki annak \u00e9rdek\u00e9ben, hogy a gy\u00e9r term\u00e9szetes f\u00e9szkel\u00e9si lehet\u0151s\u00e9geken fel\u00fcl megfelel\u0151 k\u00f6r\u00fclm\u00e9nyeket biztos\u00edtsunk a partiumi \u00e9s b\u00e1ns\u00e1gi k\u00e9k v\u00e9rcs\u00e9k szaporod\u00e1s\u00e1hoz. T\u00edz \u00e9ve annak, hogy kilobbiztuk a k\u00e9k v\u00e9rcs\u00e9nek f\u00e9szkel\u0151helyet biztos\u00edt\u00f3 vet\u00e9si varj\u00fa k\u00f6lt\u00e9si id\u0151ben val\u00f3 k\u00edm\u00e9let\u00e9t, el\u00e9rt\u00fck orsz\u00e1gszerte t\u00f6bb mint t\u00edz, kifejezetten a k\u00e9k v\u00e9rcse v\u00e9delm\u00e9t biztos\u00edtani hivatott Natura 2000-es ter\u00fclet l\u00e9trej\u00f6tt\u00e9t. Ezek egy r\u00e9sz\u00e9re fenntart\u00e1si terveket is k\u00e9sz\u00edtett\u00fcnk, h\u00e1rmat pedig saj\u00e1t<br>magunk kezel\u00fcnk.&nbsp;<\/p><figure class=\"wp-block-gallery columns-2 is-cropped wp-block-gallery-2 is-layout-flex wp-block-gallery-is-layout-flex\"><ul class=\"blocks-gallery-grid\"><li class=\"blocks-gallery-item\"><figure><a href=\"https:\/\/milvus.ro\/wp-content\/uploads\/2017\/11\/Falves_elterjedesVilagcrop-scaled.jpg\"><img loading=\"lazy\" decoding=\"async\" width=\"1024\" height=\"410\" src=\"https:\/\/milvus.ro\/wp-content\/uploads\/2017\/11\/Falves_elterjedesVilagcrop-1024x410.jpg\" alt=\"\" data-id=\"22931\" data-full-url=\"https:\/\/milvus.ro\/wp-content\/uploads\/2017\/11\/Falves_elterjedesVilagcrop-scaled.jpg\" data-link=\"https:\/\/milvus.ro\/falves_elterjedesvilagcrop-2\/\" class=\"wp-image-22931\" srcset=\"https:\/\/milvus.ro\/wp-content\/uploads\/2017\/11\/Falves_elterjedesVilagcrop-1024x410.jpg 1024w, https:\/\/milvus.ro\/wp-content\/uploads\/2017\/11\/Falves_elterjedesVilagcrop-scaled-600x240.jpg 600w, https:\/\/milvus.ro\/wp-content\/uploads\/2017\/11\/Falves_elterjedesVilagcrop-300x120.jpg 300w, https:\/\/milvus.ro\/wp-content\/uploads\/2017\/11\/Falves_elterjedesVilagcrop-768x307.jpg 768w, https:\/\/milvus.ro\/wp-content\/uploads\/2017\/11\/Falves_elterjedesVilagcrop-1536x615.jpg 1536w, https:\/\/milvus.ro\/wp-content\/uploads\/2017\/11\/Falves_elterjedesVilagcrop-2048x819.jpg 2048w\" sizes=\"(max-width: 1024px) 100vw, 1024px\" \/><\/a><\/figure><\/li><li class=\"blocks-gallery-item\"><figure><a href=\"https:\/\/milvus.ro\/wp-content\/uploads\/2017\/11\/Falves_elterjedesRo2016-scaled.jpg\"><img loading=\"lazy\" decoding=\"async\" width=\"1024\" height=\"711\" src=\"https:\/\/milvus.ro\/wp-content\/uploads\/2017\/11\/Falves_elterjedesRo2016-1024x711.jpg\" alt=\"\" data-id=\"22935\" data-full-url=\"https:\/\/milvus.ro\/wp-content\/uploads\/2017\/11\/Falves_elterjedesRo2016-scaled.jpg\" data-link=\"https:\/\/milvus.ro\/falves_elterjedesro2016-2\/\" class=\"wp-image-22935\" srcset=\"https:\/\/milvus.ro\/wp-content\/uploads\/2017\/11\/Falves_elterjedesRo2016-1024x711.jpg 1024w, https:\/\/milvus.ro\/wp-content\/uploads\/2017\/11\/Falves_elterjedesRo2016-scaled-600x417.jpg 600w, https:\/\/milvus.ro\/wp-content\/uploads\/2017\/11\/Falves_elterjedesRo2016-300x208.jpg 300w, https:\/\/milvus.ro\/wp-content\/uploads\/2017\/11\/Falves_elterjedesRo2016-768x534.jpg 768w, https:\/\/milvus.ro\/wp-content\/uploads\/2017\/11\/Falves_elterjedesRo2016-1536x1067.jpg 1536w, https:\/\/milvus.ro\/wp-content\/uploads\/2017\/11\/Falves_elterjedesRo2016-2048x1423.jpg 2048w\" sizes=\"(max-width: 1024px) 100vw, 1024px\" \/><\/a><\/figure><\/li><li class=\"blocks-gallery-item\"><figure><a href=\"https:\/\/milvus.ro\/wp-content\/uploads\/2017\/11\/Falves_Zona-de-cuibarit-Kazahstan.jpg\"><img loading=\"lazy\" decoding=\"async\" width=\"1024\" height=\"682\" src=\"https:\/\/milvus.ro\/wp-content\/uploads\/2017\/11\/Falves_Zona-de-cuibarit-Kazahstan-1024x682.jpg\" alt=\"\" data-id=\"22933\" data-full-url=\"https:\/\/milvus.ro\/wp-content\/uploads\/2017\/11\/Falves_Zona-de-cuibarit-Kazahstan.jpg\" data-link=\"https:\/\/milvus.ro\/falves_zona-de-cuibarit-kazahstan-2\/\" class=\"wp-image-22933\" srcset=\"https:\/\/milvus.ro\/wp-content\/uploads\/2017\/11\/Falves_Zona-de-cuibarit-Kazahstan-1024x682.jpg 1024w, https:\/\/milvus.ro\/wp-content\/uploads\/2017\/11\/Falves_Zona-de-cuibarit-Kazahstan-600x400.jpg 600w, https:\/\/milvus.ro\/wp-content\/uploads\/2017\/11\/Falves_Zona-de-cuibarit-Kazahstan-300x200.jpg 300w, https:\/\/milvus.ro\/wp-content\/uploads\/2017\/11\/Falves_Zona-de-cuibarit-Kazahstan-768x512.jpg 768w, https:\/\/milvus.ro\/wp-content\/uploads\/2017\/11\/Falves_Zona-de-cuibarit-Kazahstan-1536x1024.jpg 1536w, https:\/\/milvus.ro\/wp-content\/uploads\/2017\/11\/Falves_Zona-de-cuibarit-Kazahstan-2048x1365.jpg 2048w\" sizes=\"(max-width: 1024px) 100vw, 1024px\" \/><\/a><\/figure><\/li><li class=\"blocks-gallery-item\"><figure><a href=\"https:\/\/milvus.ro\/wp-content\/uploads\/2017\/11\/Falves_Colonie-Campia-de-Vest-scaled.jpg\"><img loading=\"lazy\" decoding=\"async\" width=\"1024\" height=\"683\" src=\"https:\/\/milvus.ro\/wp-content\/uploads\/2017\/11\/Falves_Colonie-Campia-de-Vest-1024x683.jpg\" alt=\"\" data-id=\"22937\" data-full-url=\"https:\/\/milvus.ro\/wp-content\/uploads\/2017\/11\/Falves_Colonie-Campia-de-Vest-scaled.jpg\" data-link=\"https:\/\/milvus.ro\/falves_colonie-campia-de-vest-2\/\" class=\"wp-image-22937\" srcset=\"https:\/\/milvus.ro\/wp-content\/uploads\/2017\/11\/Falves_Colonie-Campia-de-Vest-1024x683.jpg 1024w, https:\/\/milvus.ro\/wp-content\/uploads\/2017\/11\/Falves_Colonie-Campia-de-Vest-scaled-600x400.jpg 600w, https:\/\/milvus.ro\/wp-content\/uploads\/2017\/11\/Falves_Colonie-Campia-de-Vest-300x200.jpg 300w, https:\/\/milvus.ro\/wp-content\/uploads\/2017\/11\/Falves_Colonie-Campia-de-Vest-768x512.jpg 768w, https:\/\/milvus.ro\/wp-content\/uploads\/2017\/11\/Falves_Colonie-Campia-de-Vest-1536x1024.jpg 1536w, https:\/\/milvus.ro\/wp-content\/uploads\/2017\/11\/Falves_Colonie-Campia-de-Vest-2048x1365.jpg 2048w\" sizes=\"(max-width: 1024px) 100vw, 1024px\" \/><\/a><\/figure><\/li><li class=\"blocks-gallery-item\"><figure><a href=\"https:\/\/milvus.ro\/wp-content\/uploads\/2017\/11\/Falves_Ruta.jpg\"><img loading=\"lazy\" decoding=\"async\" width=\"668\" height=\"801\" src=\"https:\/\/milvus.ro\/wp-content\/uploads\/2017\/11\/Falves_Ruta.jpg\" alt=\"\" data-id=\"22943\" data-full-url=\"https:\/\/milvus.ro\/wp-content\/uploads\/2017\/11\/Falves_Ruta.jpg\" data-link=\"https:\/\/milvus.ro\/falves_ruta-2-2\/\" class=\"wp-image-22943\" srcset=\"https:\/\/milvus.ro\/wp-content\/uploads\/2017\/11\/Falves_Ruta.jpg 668w, https:\/\/milvus.ro\/wp-content\/uploads\/2017\/11\/Falves_Ruta-600x719.jpg 600w, https:\/\/milvus.ro\/wp-content\/uploads\/2017\/11\/Falves_Ruta-250x300.jpg 250w\" sizes=\"(max-width: 668px) 100vw, 668px\" \/><\/a><\/figure><\/li><li class=\"blocks-gallery-item\"><figure><a href=\"https:\/\/milvus.ro\/wp-content\/uploads\/2017\/11\/Falves_Rutele_migratie_cartierele_iernare.jpg\"><img loading=\"lazy\" decoding=\"async\" width=\"611\" height=\"759\" src=\"https:\/\/milvus.ro\/wp-content\/uploads\/2017\/11\/Falves_Rutele_migratie_cartierele_iernare.jpg\" alt=\"\" data-id=\"22945\" data-full-url=\"https:\/\/milvus.ro\/wp-content\/uploads\/2017\/11\/Falves_Rutele_migratie_cartierele_iernare.jpg\" data-link=\"https:\/\/milvus.ro\/falves_rutele_migratie_cartierele_iernare-2-2\/\" class=\"wp-image-22945\" srcset=\"https:\/\/milvus.ro\/wp-content\/uploads\/2017\/11\/Falves_Rutele_migratie_cartierele_iernare.jpg 611w, https:\/\/milvus.ro\/wp-content\/uploads\/2017\/11\/Falves_Rutele_migratie_cartierele_iernare-600x745.jpg 600w, https:\/\/milvus.ro\/wp-content\/uploads\/2017\/11\/Falves_Rutele_migratie_cartierele_iernare-242x300.jpg 242w\" sizes=\"(max-width: 611px) 100vw, 611px\" \/><\/a><\/figure><\/li><\/ul><\/figure><p>A k\u00e1rp\u00e1t-medencei k\u00e9k v\u00e9rcs\u00e9k sz\u00e1m\u00e1ra bevezetett egyedi jel\u00f6l\u00e9si program keret\u00e9n bel\u00fcl t\u00f6bb mint ezer k\u00e9k v\u00e9rcs\u00e9re ker\u00fclt eddig sz\u00ednes gy\u0171r\u0171, magyarorsz\u00e1gi partnereinkkel k\u00f6z\u00f6sen genetikai jelleg\u0171 kutat\u00e1sba fogtunk. Annak ellen\u00e9re, hogy a k\u00e9k v\u00e9rcs\u00e9vel kapcsolatos v\u00e9delmi \u00e9s kutat\u00e1si tev\u00e9kenys\u00e9geink sokr\u00e9t\u0171ek , minden egyes \u00e9vben tov\u00e1bb b\u0151v\u00fclnek.<\/p>","protected":false},"excerpt":{"rendered":"A v\u00f6r\u00f6s k\u00e1nya \u00e9s a k\u00e9k v\u00e9rcse (Falco vespertinus) nem csak sz\u00ednben elt\u00e9r\u0151ek, de \u00e9letter\u00fck is csup\u00e1n minim\u00e1lis m\u00e9rt\u00e9kben fed \u00e1t. M\u00e9gis, a Milvus (a k\u00e1nya latin neve) \u00e9s a k\u00e9k v\u00e9rcse imm\u00e1r h\u00fasz \u00e9ve elv\u00e1laszthatatlanok, hiszen a partiumi k\u00e9k v\u00e9rcse telepek felm\u00e9r\u00e9s\u00e9t, a gy\u0171r\u0171z\u00e9si tev\u00e9kenys\u00e9geket a Milvus Csoport m\u00e1r a kilencvenes \u00e9vekben elkezdte. Az [&hellip;]","protected":false},"author":3,"featured_media":365,"parent":18398,"menu_order":0,"comment_status":"closed","ping_status":"closed","template":"","meta":{"_acf_changed":false,"_eb_attr":"","ocean_post_layout":"right-sidebar","ocean_both_sidebars_style":"","ocean_both_sidebars_content_width":0,"ocean_both_sidebars_sidebars_width":0,"ocean_sidebar":"ocs-vanturel-menu","ocean_second_sidebar":"0","ocean_disable_margins":"enable","ocean_add_body_class":"","ocean_shortcode_before_top_bar":"","ocean_shortcode_after_top_bar":"","ocean_shortcode_before_header":"","ocean_shortcode_after_header":"[oceanwp_library id=\"18209\"]","ocean_has_shortcode":"","ocean_shortcode_after_title":"","ocean_shortcode_before_footer_widgets":"","ocean_shortcode_after_footer_widgets":"","ocean_shortcode_before_footer_bottom":"","ocean_shortcode_after_footer_bottom":"","ocean_display_top_bar":"default","ocean_display_header":"default","ocean_header_style":"","ocean_center_header_left_menu":"0","ocean_custom_header_template":"0","ocean_custom_logo":0,"ocean_custom_retina_logo":0,"ocean_custom_logo_max_width":0,"ocean_custom_logo_tablet_max_width":0,"ocean_custom_logo_mobile_max_width":0,"ocean_custom_logo_max_height":0,"ocean_custom_logo_tablet_max_height":0,"ocean_custom_logo_mobile_max_height":0,"ocean_header_custom_menu":"0","ocean_menu_typo_font_family":"0","ocean_menu_typo_font_subset":"","ocean_menu_typo_font_size":0,"ocean_menu_typo_font_size_tablet":0,"ocean_menu_typo_font_size_mobile":0,"ocean_menu_typo_font_size_unit":"px","ocean_menu_typo_font_weight":"","ocean_menu_typo_font_weight_tablet":"","ocean_menu_typo_font_weight_mobile":"","ocean_menu_typo_transform":"","ocean_menu_typo_transform_tablet":"","ocean_menu_typo_transform_mobile":"","ocean_menu_typo_line_height":0,"ocean_menu_typo_line_height_tablet":0,"ocean_menu_typo_line_height_mobile":0,"ocean_menu_typo_line_height_unit":"","ocean_menu_typo_spacing":0,"ocean_menu_typo_spacing_tablet":0,"ocean_menu_typo_spacing_mobile":0,"ocean_menu_typo_spacing_unit":"","ocean_menu_link_color":"","ocean_menu_link_color_hover":"","ocean_menu_link_color_active":"","ocean_menu_link_background":"","ocean_menu_link_hover_background":"","ocean_menu_link_active_background":"","ocean_menu_social_links_bg":"","ocean_menu_social_hover_links_bg":"","ocean_menu_social_links_color":"","ocean_menu_social_hover_links_color":"","ocean_disable_title":"default","ocean_disable_heading":"default","ocean_post_title":"","ocean_post_subheading":"","ocean_post_title_style":"background-image","ocean_post_title_background_color":"","ocean_post_title_background":349,"ocean_post_title_bg_image_position":"","ocean_post_title_bg_image_attachment":"fixed","ocean_post_title_bg_image_repeat":"no-repeat","ocean_post_title_bg_image_size":"cover","ocean_post_title_height":600,"ocean_post_title_bg_overlay":0.2,"ocean_post_title_bg_overlay_color":"#515151","ocean_disable_breadcrumbs":"default","ocean_breadcrumbs_color":"","ocean_breadcrumbs_separator_color":"","ocean_breadcrumbs_links_color":"","ocean_breadcrumbs_links_hover_color":"","ocean_display_footer_widgets":"default","ocean_display_footer_bottom":"default","ocean_custom_footer_template":"0","omw_enable_modal_window":"enable","osh_disable_topbar_sticky":"default","osh_disable_header_sticky":"default","osh_sticky_header_style":"default","osh_sticky_header_effect":"","osh_custom_sticky_logo":0,"osh_custom_retina_sticky_logo":0,"osh_custom_sticky_logo_height":0,"osh_background_color":"","osh_links_color":"","osh_links_hover_color":"","osh_links_active_color":"","osh_links_bg_color":"","osh_links_hover_bg_color":"","osh_links_active_bg_color":"","osh_menu_social_links_color":"","osh_menu_social_hover_links_color":"","footnotes":""},"class_list":["post-19704","page","type-page","status-publish","has-post-thumbnail","hentry","entry","has-media","owp-thumbs-layout-horizontal","owp-btn-normal","owp-tabs-layout-horizontal","has-no-thumbnails","has-product-nav"],"acf":[],"_links":{"self":[{"href":"https:\/\/milvus.ro\/hu\/wp-json\/wp\/v2\/pages\/19704","targetHints":{"allow":["GET"]}}],"collection":[{"href":"https:\/\/milvus.ro\/hu\/wp-json\/wp\/v2\/pages"}],"about":[{"href":"https:\/\/milvus.ro\/hu\/wp-json\/wp\/v2\/types\/page"}],"author":[{"embeddable":true,"href":"https:\/\/milvus.ro\/hu\/wp-json\/wp\/v2\/users\/3"}],"replies":[{"embeddable":true,"href":"https:\/\/milvus.ro\/hu\/wp-json\/wp\/v2\/comments?post=19704"}],"version-history":[{"count":19,"href":"https:\/\/milvus.ro\/hu\/wp-json\/wp\/v2\/pages\/19704\/revisions"}],"predecessor-version":[{"id":28923,"href":"https:\/\/milvus.ro\/hu\/wp-json\/wp\/v2\/pages\/19704\/revisions\/28923"}],"up":[{"embeddable":true,"href":"https:\/\/milvus.ro\/hu\/wp-json\/wp\/v2\/pages\/18398"}],"wp:featuredmedia":[{"embeddable":true,"href":"https:\/\/milvus.ro\/hu\/wp-json\/wp\/v2\/media\/365"}],"wp:attachment":[{"href":"https:\/\/milvus.ro\/hu\/wp-json\/wp\/v2\/media?parent=19704"}],"curies":[{"name":"wp","href":"https:\/\/api.w.org\/{rel}","templated":true}]}}