{"id":18838,"date":"2020-09-16T10:37:25","date_gmt":"2020-09-16T07:37:25","guid":{"rendered":"https:\/\/new.milvus.ro\/?page_id=18838"},"modified":"2020-12-14T19:14:37","modified_gmt":"2020-12-14T17:14:37","slug":"studiul-morfologic-si-genetic-al-pisicii-salbatice-felis-silvestris","status":"publish","type":"page","link":"https:\/\/milvus.ro\/hu\/mammals\/studiul-morfologic-si-genetic-al-pisicii-salbatice-felis-silvestris\/","title":{"rendered":"Vadmacska"},"content":{"rendered":"<p>Az. eur\u00f3pai vadmacska (Felis silvestris) a kontinens egyik term\u00e9szetv\u00e9delmileg sebezhet\u0151 ragadoz\u00f3ja, amelynek egyik legfontosabb vesz\u00e9lyeztet\u0151 t\u00e9nyez\u0151je a h\u00e1zimacsk\u00e1kkal val\u00f3 hibridiz\u00e1ci\u00f3 \u00e9s \u00edgy a genetikai leroml\u00e1s. Els\u0151sorban a K\u00e1rp\u00e1tokban \u00e9s Erd\u00e9lyben e fajnak m\u00e9g vil\u00e1gszinten is kiemelked\u0151 \u00e1llom\u00e1nyai \u00e9lnek. Az. elm\u00falt \u00e9vekben a hazai vadmacsk\u00e1k morfol\u00f3giai \u00e9s genetikai vizsg\u00e1lat\u00e1t ind\u00edtottuk el, els\u0151sorban a hibridiz\u00e1ci\u00f3 m\u00e9rt\u00e9k\u00e9nek tiszt\u00e1z\u00e1sa c\u00e9lj\u00e1b\u00f3l. Az egyedek genetikai tisztas\u00e1g\u00e1nak morfol\u00f3giai b\u00e9lyegeken alapul\u00f3 vizsg\u00e1lat\u00e1t els\u0151sorban k\u00f6zutakon el\u00fctve tal\u00e1lt egyedeken vizsg\u00e1ljuk, a genetikai vizsg\u00e1latokhoz pedig az ilyenform\u00e1n\u00a0szerzett sz\u00f6vetmint\u00e1kon k\u00edv\u00fcl sz\u0151rcsapd\u00e1z\u00e1st folytatunk. A genetikai elemz\u00e9seket a Senckenberg Forschungsinstitut und Naturmuseum Frankfurt kutat\u00f3int\u00e9zet v\u00e9gzi. Eddig biztat\u00f3 eredm\u00e9nyeket kaptunk, \u00fagy t\u0171nik hogy legal\u00e1bbis Erd\u00e9lyben a h\u00e1zimacsk\u00e1kkal t\u00f6rt\u00e9n\u0151 hibridiz\u00e1l\u00e1s viszonylag ritka jelens\u00e9g, ami egy eg\u00e9szs\u00e9ges vadmacska-\u00e1llom\u00e1ny jelenl\u00e9t\u00e9t t\u00e1masztja al\u00e1.<\/p><h5>Publik\u00e1ci\u00f3k:<\/h5><p><!-- \/wp:post-content --><!-- wp:paragraph --><\/p><p><strong>Brix, M., Domokos, Cs., Hegyeli, Zs.<\/strong>, Ramos, L., Tiesmeyer, A. 2016. Assessing the status of the European wildcat (<em>Felis silvestris<\/em>) by non-invasive hairtraps. X. MTBK M\u0171helytal\u00e1lkoz\u00f3: \u201eZ\u00e1szl\u00f3shaj\u00f3k, karizm\u00e1k \u00e9s eserny\u0151k: mit tehet az eml\u0151skutat\u00e1s a term\u00e9szetv\u00e9delem\u00e9rt\u201d absztrakt-k\u00f6tet: 55.<\/p><p><!-- \/wp:paragraph --><!-- wp:paragraph --><\/p><p>Nowak, C., Jarausch, A.,<strong>\u00a0Brix, M.<\/strong>, Chiriac, S., Corradini, A.,<strong>\u00a0Domokos, Cs.<\/strong>, Frosch, C., Gazzola, A.,<strong>\u00a0Hegyeli, Zs.<\/strong>, Munoz-Fuentes, V., Pop, I.-M., Sin, T., Tiesmeyer, A. 2016. Genetic approaches in wildlife monitoring \u2013 examples from wolves, bears and wildcats in Romania and Germany.\u00a0<em>The Eighth International Zoological Congress of \u201cGrigore Antipa\u201d Museum\u00a0<\/em>(CZGA 2016), 16-19 November 2016, Bucharest, Romania.<\/p>","protected":false},"excerpt":{"rendered":"Az. eur\u00f3pai vadmacska (Felis silvestris) a kontinens egyik term\u00e9szetv\u00e9delmileg sebezhet\u0151 ragadoz\u00f3ja, amelynek egyik legfontosabb vesz\u00e9lyeztet\u0151 t\u00e9nyez\u0151je a h\u00e1zimacsk\u00e1kkal val\u00f3 hibridiz\u00e1ci\u00f3 \u00e9s \u00edgy a genetikai leroml\u00e1s. Els\u0151sorban a K\u00e1rp\u00e1tokban \u00e9s Erd\u00e9lyben e fajnak m\u00e9g vil\u00e1gszinten is kiemelked\u0151 \u00e1llom\u00e1nyai \u00e9lnek. Az. elm\u00falt \u00e9vekben a hazai vadmacsk\u00e1k morfol\u00f3giai \u00e9s genetikai vizsg\u00e1lat\u00e1t ind\u00edtottuk el, els\u0151sorban a hibridiz\u00e1ci\u00f3 m\u00e9rt\u00e9k\u00e9nek tiszt\u00e1z\u00e1sa [&hellip;]","protected":false},"author":3,"featured_media":15409,"parent":17573,"menu_order":0,"comment_status":"closed","ping_status":"closed","template":"","meta":{"_acf_changed":false,"_eb_attr":"","ocean_post_layout":"","ocean_both_sidebars_style":"","ocean_both_sidebars_content_width":0,"ocean_both_sidebars_sidebars_width":0,"ocean_sidebar":"0","ocean_second_sidebar":"0","ocean_disable_margins":"enable","ocean_add_body_class":"","ocean_shortcode_before_top_bar":"","ocean_shortcode_after_top_bar":"","ocean_shortcode_before_header":"","ocean_shortcode_after_header":"[oceanwp_library id=\"18273\"]","ocean_has_shortcode":"","ocean_shortcode_after_title":"","ocean_shortcode_before_footer_widgets":"","ocean_shortcode_after_footer_widgets":"","ocean_shortcode_before_footer_bottom":"","ocean_shortcode_after_footer_bottom":"","ocean_display_top_bar":"default","ocean_display_header":"default","ocean_header_style":"","ocean_center_header_left_menu":"0","ocean_custom_header_template":"0","ocean_custom_logo":0,"ocean_custom_retina_logo":0,"ocean_custom_logo_max_width":0,"ocean_custom_logo_tablet_max_width":0,"ocean_custom_logo_mobile_max_width":0,"ocean_custom_logo_max_height":0,"ocean_custom_logo_tablet_max_height":0,"ocean_custom_logo_mobile_max_height":0,"ocean_header_custom_menu":"0","ocean_menu_typo_font_family":"0","ocean_menu_typo_font_subset":"","ocean_menu_typo_font_size":0,"ocean_menu_typo_font_size_tablet":0,"ocean_menu_typo_font_size_mobile":0,"ocean_menu_typo_font_size_unit":"px","ocean_menu_typo_font_weight":"","ocean_menu_typo_font_weight_tablet":"","ocean_menu_typo_font_weight_mobile":"","ocean_menu_typo_transform":"","ocean_menu_typo_transform_tablet":"","ocean_menu_typo_transform_mobile":"","ocean_menu_typo_line_height":0,"ocean_menu_typo_line_height_tablet":0,"ocean_menu_typo_line_height_mobile":0,"ocean_menu_typo_line_height_unit":"","ocean_menu_typo_spacing":0,"ocean_menu_typo_spacing_tablet":0,"ocean_menu_typo_spacing_mobile":0,"ocean_menu_typo_spacing_unit":"","ocean_menu_link_color":"","ocean_menu_link_color_hover":"","ocean_menu_link_color_active":"","ocean_menu_link_background":"","ocean_menu_link_hover_background":"","ocean_menu_link_active_background":"","ocean_menu_social_links_bg":"","ocean_menu_social_hover_links_bg":"","ocean_menu_social_links_color":"","ocean_menu_social_hover_links_color":"","ocean_disable_title":"default","ocean_disable_heading":"default","ocean_post_title":"","ocean_post_subheading":"","ocean_post_title_style":"centered","ocean_post_title_background_color":"","ocean_post_title_background":0,"ocean_post_title_bg_image_position":"","ocean_post_title_bg_image_attachment":"","ocean_post_title_bg_image_repeat":"","ocean_post_title_bg_image_size":"","ocean_post_title_height":0,"ocean_post_title_bg_overlay":0.5,"ocean_post_title_bg_overlay_color":"","ocean_disable_breadcrumbs":"on","ocean_breadcrumbs_color":"","ocean_breadcrumbs_separator_color":"","ocean_breadcrumbs_links_color":"","ocean_breadcrumbs_links_hover_color":"","ocean_display_footer_widgets":"default","ocean_display_footer_bottom":"default","ocean_custom_footer_template":"0","omw_enable_modal_window":"enable","osh_disable_topbar_sticky":"default","osh_disable_header_sticky":"default","osh_sticky_header_style":"default","osh_sticky_header_effect":"","osh_custom_sticky_logo":0,"osh_custom_retina_sticky_logo":0,"osh_custom_sticky_logo_height":0,"osh_background_color":"","osh_links_color":"","osh_links_hover_color":"","osh_links_active_color":"","osh_links_bg_color":"","osh_links_hover_bg_color":"","osh_links_active_bg_color":"","osh_menu_social_links_color":"","osh_menu_social_hover_links_color":"","footnotes":""},"class_list":["post-18838","page","type-page","status-publish","has-post-thumbnail","hentry","entry","has-media","owp-thumbs-layout-horizontal","owp-btn-normal","owp-tabs-layout-horizontal","has-no-thumbnails","has-product-nav"],"acf":[],"_links":{"self":[{"href":"https:\/\/milvus.ro\/hu\/wp-json\/wp\/v2\/pages\/18838","targetHints":{"allow":["GET"]}}],"collection":[{"href":"https:\/\/milvus.ro\/hu\/wp-json\/wp\/v2\/pages"}],"about":[{"href":"https:\/\/milvus.ro\/hu\/wp-json\/wp\/v2\/types\/page"}],"author":[{"embeddable":true,"href":"https:\/\/milvus.ro\/hu\/wp-json\/wp\/v2\/users\/3"}],"replies":[{"embeddable":true,"href":"https:\/\/milvus.ro\/hu\/wp-json\/wp\/v2\/comments?post=18838"}],"version-history":[{"count":7,"href":"https:\/\/milvus.ro\/hu\/wp-json\/wp\/v2\/pages\/18838\/revisions"}],"predecessor-version":[{"id":18848,"href":"https:\/\/milvus.ro\/hu\/wp-json\/wp\/v2\/pages\/18838\/revisions\/18848"}],"up":[{"embeddable":true,"href":"https:\/\/milvus.ro\/hu\/wp-json\/wp\/v2\/pages\/17573"}],"wp:featuredmedia":[{"embeddable":true,"href":"https:\/\/milvus.ro\/hu\/wp-json\/wp\/v2\/media\/15409"}],"wp:attachment":[{"href":"https:\/\/milvus.ro\/hu\/wp-json\/wp\/v2\/media?parent=18838"}],"curies":[{"name":"wp","href":"https:\/\/api.w.org\/{rel}","templated":true}]}}