{"id":18028,"date":"2020-11-27T13:00:22","date_gmt":"2020-11-27T11:00:22","guid":{"rendered":"https:\/\/new.milvus.ro\/jovokepunk-kuldetesunk-ertekeink-2\/"},"modified":"2022-12-19T23:02:37","modified_gmt":"2022-12-19T21:02:37","slug":"rolunk","status":"publish","type":"page","link":"https:\/\/milvus.ro\/hu\/rolunk\/","title":{"rendered":"R\u00f3lunk"},"content":{"rendered":"\t\t<div data-elementor-type=\"wp-page\" data-elementor-id=\"18028\" class=\"elementor elementor-18028 elementor-18020\">\n\t\t\t\t\t\t<section class=\"elementor-section elementor-top-section elementor-element elementor-element-767d1a0 elementor-section-boxed elementor-section-height-default elementor-section-height-default\" data-id=\"767d1a0\" data-element_type=\"section\">\n\t\t\t\t\t\t<div class=\"elementor-container elementor-column-gap-wider\">\n\t\t\t\t\t<div class=\"elementor-column elementor-col-50 elementor-top-column elementor-element elementor-element-e1bcdcb\" data-id=\"e1bcdcb\" data-element_type=\"column\">\n\t\t\t<div class=\"elementor-widget-wrap elementor-element-populated\">\n\t\t\t\t\t\t<div class=\"elementor-element elementor-element-fa7c915 elementor-widget elementor-widget-heading\" data-id=\"fa7c915\" data-element_type=\"widget\" data-widget_type=\"heading.default\">\n\t\t\t\t<div class=\"elementor-widget-container\">\n\t\t\t<h1 class=\"elementor-heading-title elementor-size-large\">J\u00f6v\u0151k\u00e9p\u00fcnk<\/h1>\t\t<\/div>\n\t\t\t\t<\/div>\n\t\t\t\t\t<\/div>\n\t\t<\/div>\n\t\t\t\t<div class=\"elementor-column elementor-col-50 elementor-top-column elementor-element elementor-element-63d02de\" data-id=\"63d02de\" data-element_type=\"column\">\n\t\t\t<div class=\"elementor-widget-wrap elementor-element-populated\">\n\t\t\t\t\t\t<div class=\"elementor-element elementor-element-eb18dc4 elementor-widget elementor-widget-text-editor\" data-id=\"eb18dc4\" data-element_type=\"widget\" data-widget_type=\"text-editor.default\">\n\t\t\t\t<div class=\"elementor-widget-container\">\n\t\t\t\t\t\t\t<p>Olyan vil\u00e1got szeretn\u00e9nk, amelyben az emberek a term\u00e9szettel egyens\u00falyban \u00e9lnek, azt alapvet\u0151 \u00e9rt\u00e9kk\u00e9nt kezelik, \u00e9s ez mindannyiunk cselekedeteiben t\u00fckr\u00f6z\u0151dik.<\/p>\t\t\t\t\t\t<\/div>\n\t\t\t\t<\/div>\n\t\t\t\t\t<\/div>\n\t\t<\/div>\n\t\t\t\t\t<\/div>\n\t\t<\/section>\n\t\t\t\t<section class=\"elementor-section elementor-top-section elementor-element elementor-element-92d56d1 elementor-section-boxed elementor-section-height-default elementor-section-height-default\" data-id=\"92d56d1\" data-element_type=\"section\" data-settings=\"{&quot;background_background&quot;:&quot;classic&quot;}\">\n\t\t\t\t\t\t<div class=\"elementor-container elementor-column-gap-wider\">\n\t\t\t\t\t<div class=\"elementor-column elementor-col-50 elementor-top-column elementor-element elementor-element-cc9bd4d\" data-id=\"cc9bd4d\" data-element_type=\"column\">\n\t\t\t<div class=\"elementor-widget-wrap elementor-element-populated\">\n\t\t\t\t\t\t<div class=\"elementor-element elementor-element-844f89b elementor-widget elementor-widget-heading\" data-id=\"844f89b\" data-element_type=\"widget\" data-widget_type=\"heading.default\">\n\t\t\t\t<div class=\"elementor-widget-container\">\n\t\t\t<h1 class=\"elementor-heading-title elementor-size-large\">K\u00fcldet\u00e9s\u00fcnk<\/h1>\t\t<\/div>\n\t\t\t\t<\/div>\n\t\t\t\t\t<\/div>\n\t\t<\/div>\n\t\t\t\t<div class=\"elementor-column elementor-col-50 elementor-top-column elementor-element elementor-element-dd57ef0\" data-id=\"dd57ef0\" data-element_type=\"column\">\n\t\t\t<div class=\"elementor-widget-wrap elementor-element-populated\">\n\t\t\t\t\t\t<div class=\"elementor-element elementor-element-2dabe96 elementor-widget elementor-widget-text-editor\" data-id=\"2dabe96\" data-element_type=\"widget\" data-widget_type=\"text-editor.default\">\n\t\t\t\t<div class=\"elementor-widget-container\">\n\t\t\t\t\t\t\t<p>Elk\u00f6telezettek vagyunk term\u00e9szeti \u00f6r\u00f6ks\u00e9g\u00fcnk meg\u0151rz\u00e9se ir\u00e1nt.<\/p><p>Vesz\u00e9lyeztetett fajok v\u00e9delm\u00e9vel, alkalmazott kutat\u00e1ssal, tudatos\u00edt\u00e1ssal \u00e9s oktat\u00e1ssal, a term\u00e9szetv\u00e9delmi t\u00f6rv\u00e9nyek betart\u00e1s\u00e1nak ellen\u0151rz\u00e9s\u00e9vel \u00e9s a term\u00e9szetet \u00e9rint\u0151 jogszab\u00e1lyok befoly\u00e1sol\u00e1s\u00e1val foglalkozunk.<\/p>\t\t\t\t\t\t<\/div>\n\t\t\t\t<\/div>\n\t\t\t\t\t<\/div>\n\t\t<\/div>\n\t\t\t\t\t<\/div>\n\t\t<\/section>\n\t\t\t\t<section class=\"elementor-section elementor-top-section elementor-element elementor-element-018f548 elementor-section-boxed elementor-section-height-default elementor-section-height-default\" data-id=\"018f548\" data-element_type=\"section\">\n\t\t\t\t\t\t<div class=\"elementor-container elementor-column-gap-wider\">\n\t\t\t\t\t<div class=\"elementor-column elementor-col-50 elementor-top-column elementor-element elementor-element-0e082b4\" data-id=\"0e082b4\" data-element_type=\"column\">\n\t\t\t<div class=\"elementor-widget-wrap elementor-element-populated\">\n\t\t\t\t\t\t<div class=\"elementor-element elementor-element-caff7d8 elementor-widget elementor-widget-heading\" data-id=\"caff7d8\" data-element_type=\"widget\" data-widget_type=\"heading.default\">\n\t\t\t\t<div class=\"elementor-widget-container\">\n\t\t\t<h1 class=\"elementor-heading-title elementor-size-large\">\u00c9rt\u00e9keink<\/h1>\t\t<\/div>\n\t\t\t\t<\/div>\n\t\t\t\t\t<\/div>\n\t\t<\/div>\n\t\t\t\t<div class=\"elementor-column elementor-col-50 elementor-top-column elementor-element elementor-element-f3411c6\" data-id=\"f3411c6\" data-element_type=\"column\">\n\t\t\t<div class=\"elementor-widget-wrap elementor-element-populated\">\n\t\t\t\t\t\t<div class=\"elementor-element elementor-element-7d6154e elementor-widget elementor-widget-text-editor\" data-id=\"7d6154e\" data-element_type=\"widget\" data-widget_type=\"text-editor.default\">\n\t\t\t\t<div class=\"elementor-widget-container\">\n\t\t\t\t\t\t\t<p><strong style=\"text-transform: uppercase;\">Szak\u00e9rtelem:<\/strong> Munkat\u00e1rsaink sok\u00e9ves term\u00e9szetv\u00e9delmi tapasztalattal \u00e9s biol\u00f3gus, \u00f6kol\u00f3gus vagy m\u00e1s fels\u0151fok\u00fa szakir\u00e1ny\u00fa v\u00e9gzetts\u00e9ggel rendelkeznek.<\/p><p><strong style=\"text-transform: uppercase;\">Hiteless\u00e9g<\/strong>: A d\u00f6nt\u00e9shozataln\u00e1l a terepen szerzett tapasztalatainkra is t\u00e1maszkodunk.<\/p><p><strong style=\"text-transform: uppercase;\">Kitart\u00e1s:<\/strong> 1991-es megalakul\u00e1sunk \u00f3ta kitart\u00f3an k\u00f6vetj\u00fck k\u00fcldet\u00e9s\u00fcnket.<\/p>\t\t\t\t\t\t<\/div>\n\t\t\t\t<\/div>\n\t\t\t\t\t<\/div>\n\t\t<\/div>\n\t\t\t\t\t<\/div>\n\t\t<\/section>\n\t\t\t\t<section class=\"elementor-section elementor-top-section elementor-element elementor-element-4980f62 elementor-section-boxed elementor-section-height-default elementor-section-height-default\" data-id=\"4980f62\" data-element_type=\"section\">\n\t\t\t\t\t\t<div class=\"elementor-container elementor-column-gap-wider\">\n\t\t\t\t\t<div class=\"elementor-column elementor-col-50 elementor-top-column elementor-element elementor-element-35bcfc5\" data-id=\"35bcfc5\" data-element_type=\"column\">\n\t\t\t<div class=\"elementor-widget-wrap\">\n\t\t\t\t\t\t\t<\/div>\n\t\t<\/div>\n\t\t\t\t<div class=\"elementor-column elementor-col-50 elementor-top-column elementor-element elementor-element-a88ea6f\" data-id=\"a88ea6f\" data-element_type=\"column\">\n\t\t\t<div class=\"elementor-widget-wrap elementor-element-populated\">\n\t\t\t\t\t\t<div class=\"elementor-element elementor-element-e3cd3d3 elementor-widget elementor-widget-heading\" data-id=\"e3cd3d3\" data-element_type=\"widget\" data-widget_type=\"heading.default\">\n\t\t\t\t<div class=\"elementor-widget-container\">\n\t\t\t<h1 class=\"elementor-heading-title elementor-size-large\">Az egyes\u00fclet r\u00f6vid t\u00f6rt\u00e9nete<\/h1>\t\t<\/div>\n\t\t\t\t<\/div>\n\t\t\t\t\t<\/div>\n\t\t<\/div>\n\t\t\t\t\t<\/div>\n\t\t<\/section>\n\t\t\t\t<section class=\"elementor-section elementor-top-section elementor-element elementor-element-8fdd0f7 elementor-section-boxed elementor-section-height-default elementor-section-height-default\" data-id=\"8fdd0f7\" data-element_type=\"section\">\n\t\t\t\t\t\t<div class=\"elementor-container elementor-column-gap-wider\">\n\t\t\t\t\t<div class=\"elementor-column elementor-col-50 elementor-top-column elementor-element elementor-element-c96bf5c\" data-id=\"c96bf5c\" data-element_type=\"column\">\n\t\t\t<div class=\"elementor-widget-wrap elementor-element-populated\">\n\t\t\t\t\t\t<div class=\"elementor-element elementor-element-dceb40a elementor-widget elementor-widget-heading\" data-id=\"dceb40a\" data-element_type=\"widget\" data-widget_type=\"heading.default\">\n\t\t\t\t<div class=\"elementor-widget-container\">\n\t\t\t<h1 class=\"elementor-heading-title elementor-size-large\">2010-jelen<\/h1>\t\t<\/div>\n\t\t\t\t<\/div>\n\t\t\t\t\t<\/div>\n\t\t<\/div>\n\t\t\t\t<div class=\"elementor-column elementor-col-50 elementor-top-column elementor-element elementor-element-a275dd6\" data-id=\"a275dd6\" data-element_type=\"column\">\n\t\t\t<div class=\"elementor-widget-wrap elementor-element-populated\">\n\t\t\t\t\t\t<div class=\"elementor-element elementor-element-149d4cd elementor-hidden-phone elementor-widget-divider--view-line elementor-widget elementor-widget-divider\" data-id=\"149d4cd\" data-element_type=\"widget\" data-widget_type=\"divider.default\">\n\t\t\t\t<div class=\"elementor-widget-container\">\n\t\t\t\t\t<div class=\"elementor-divider\">\n\t\t\t<span class=\"elementor-divider-separator\">\n\t\t\t\t\t\t<\/span>\n\t\t<\/div>\n\t\t\t\t<\/div>\n\t\t\t\t<\/div>\n\t\t\t\t<div class=\"elementor-element elementor-element-4db1b26 elementor-widget elementor-widget-text-editor\" data-id=\"4db1b26\" data-element_type=\"widget\" data-widget_type=\"text-editor.default\">\n\t\t\t\t<div class=\"elementor-widget-container\">\n\t\t\t\t\t\t\t<p>\u00a0Az EUs alapoknak k\u00f6sz\u00f6nhet\u0151en kider\u00fcl, hogy meg lehet \u00e9lni term\u00e9szetv\u00e9delemb\u0151l, ha az ember mindenk\u00e9pp azt szeretn\u00e9 csin\u00e1lni amit szeret \u00e9s amiben hisz. Viszont a b\u00fcrokr\u00e1cia is megjelenik az \u00e9let\u00fcnkben \u00e9s egyre t\u00f6bb id\u0151nket fogyasztja el.<\/p>\t\t\t\t\t\t<\/div>\n\t\t\t\t<\/div>\n\t\t\t\t<div class=\"elementor-element elementor-element-35fbe74 elementor-widget elementor-widget-text-editor\" data-id=\"35fbe74\" data-element_type=\"widget\" data-widget_type=\"text-editor.default\">\n\t\t\t\t<div class=\"elementor-widget-container\">\n\t\t\t\t\t\t\t<p>R\u00e1j\u00f6v\u00fcnk lassan, hogy mindent nem tudunk megoldani, de az\u00e9rt m\u00e9g mindig megpr\u00f3b\u00e1lunk mindent megoldani. A v\u00e9dett ter\u00fcletek kijel\u00f6l\u00e9se ut\u00e1n, sok ter\u00fclet kezel\u00e9s\u00e9t is elv\u00e1llaljuk, ami rengeteg energi\u00e1nkat felem\u00e9szti. Mad\u00e1rment\u00e9ssel m\u00e1r r\u00e9gen foglalkozunk, most ezt magasabb szintre emelj\u00fck &#8211; a Vets4Wild-al k\u00f6z\u00f6sen orsz\u00e1gos h\u00e1l\u00f3zatot alak\u00edtunk ki \u00e9s profi r\u00f6pd\u00e9ket \u00e9p\u00edt\u00fcnk. T\u00f6bb kevesebb sikerrel befoly\u00e1soljuk a term\u00e9szetre legnagyobb hat\u00e1st gyakorl\u00f3 \u00e1gazatokat pl. a mez\u0151gazdas\u00e1gi t\u00e1mogat\u00e1si rendszert pr\u00f3b\u00e1ljuk term\u00e9szet- \u00e9s kistermel\u0151 bar\u00e1tt\u00e1 alak\u00edtani, siker\u00fclt \u00faj agr\u00e1r-k\u00f6rnyezetv\u00e9delmi csomagokat kidolgoznunk. Az erd\u0151gazd\u00e1lkod\u00e1si, vadgazd\u00e1lkod\u00e1si politik\u00e1kban is igyeksz\u00fcnk a term\u00e9szetv\u00e9delmi \u00e9rdekeket \u00e9rv\u00e9nyes\u00edteni. T\u00f6bb faj c\u00e9lzott v\u00e9delm\u00e9t szolg\u00e1l\u00f3 projekteket bonyol\u00edtunk le &#8211; pl. b\u00e9k\u00e1sz\u00f3 sas, kerecsens\u00f3lyom, szalak\u00f3ta stb. N\u00e9h\u00e1ny eml\u00e9kezetes siker is jellemzi ezeket az \u00e9veket pl. a k\u00f6lt\u0151fajk\u00e9nt m\u00e1r szinte elt\u0171nt kerecsens\u00f3lyomb\u00f3l t\u00f6bb mint 15 p\u00e1r k\u00f6lt az orsz\u00e1g nyugati fel\u00e9n, a v\u00e9delmi int\u00e9zked\u00e9seknek k\u00f6sz\u00f6nhet\u0151en az \u00f6sszes \u00e1ltalunk kihelyezett k\u00f6lt\u0151l\u00e1d\u00e1kban . N\u00e9h\u00e1ny mad\u00e1rmonitoring programot is elind\u00edtottunk ezekben az \u00e9vekben, magunkban vagy a\u00a0<a href=\"https:\/\/www.sor.ro\/\" target=\"_blank\" rel=\"noopener\">Rom\u00e1n Mad\u00e1rtani Egyes\u00fclettel (SOR)<\/a>\u00a0k\u00f6z\u00f6sen. Rengeteg felm\u00e9r\u00e9st v\u00e9gz\u00fcnk el &#8211; ezekben az \u00e9vekben t\u00f6bbet tudunk meg a rom\u00e1niai madarak (\u00e9s m\u00e1s fajok pl. az \u00fcrge) elterjed\u00e9s\u00e9r\u0151l , \u00e1llom\u00e1nyair\u00f3l, mint az azel\u0151tt \u00f6sszesen. A term\u00e9szetv\u00e9delmi nevel\u00e9s programunk keret\u00e9ben az orsz\u00e1g t\u00f6bb r\u00e9sz\u00e9be jutunk el \u00f3r\u00e1t tartani, pedag\u00f3gusoknak k\u00e9pz\u00e9seket tartani, sok kiadv\u00e1nyunk k\u00e9sz\u00fcl el. Milvus\u00a0<span style=\"font-size: 16px; color: var( --e-global-color-1713250 );\">\u00f6szt\u00f6nd\u00edj programunk t\u00f6bb t\u00edz, term\u00e9szetv\u00e9delemben is \u00e9rdekelt di\u00e1k kutat\u00e1s\u00e1t seg\u00edti.<\/span><\/p>\t\t\t\t\t\t<\/div>\n\t\t\t\t<\/div>\n\t\t\t\t\t<\/div>\n\t\t<\/div>\n\t\t\t\t\t<\/div>\n\t\t<\/section>\n\t\t\t\t<section class=\"elementor-section elementor-top-section elementor-element elementor-element-2ee04d2 elementor-section-boxed elementor-section-height-default elementor-section-height-default\" data-id=\"2ee04d2\" data-element_type=\"section\">\n\t\t\t\t\t\t<div class=\"elementor-container elementor-column-gap-wider\">\n\t\t\t\t\t<div class=\"elementor-column elementor-col-50 elementor-top-column elementor-element elementor-element-5c39630\" data-id=\"5c39630\" data-element_type=\"column\">\n\t\t\t<div class=\"elementor-widget-wrap elementor-element-populated\">\n\t\t\t\t\t\t<div class=\"elementor-element elementor-element-1bbdd6d elementor-widget elementor-widget-heading\" data-id=\"1bbdd6d\" data-element_type=\"widget\" data-widget_type=\"heading.default\">\n\t\t\t\t<div class=\"elementor-widget-container\">\n\t\t\t<h1 class=\"elementor-heading-title elementor-size-large\">2001-2010<\/h1>\t\t<\/div>\n\t\t\t\t<\/div>\n\t\t\t\t\t<\/div>\n\t\t<\/div>\n\t\t\t\t<div class=\"elementor-column elementor-col-50 elementor-top-column elementor-element elementor-element-b14995e\" data-id=\"b14995e\" data-element_type=\"column\">\n\t\t\t<div class=\"elementor-widget-wrap elementor-element-populated\">\n\t\t\t\t\t\t<div class=\"elementor-element elementor-element-08c0c46 elementor-hidden-phone elementor-widget-divider--view-line elementor-widget elementor-widget-divider\" data-id=\"08c0c46\" data-element_type=\"widget\" data-widget_type=\"divider.default\">\n\t\t\t\t<div class=\"elementor-widget-container\">\n\t\t\t\t\t<div class=\"elementor-divider\">\n\t\t\t<span class=\"elementor-divider-separator\">\n\t\t\t\t\t\t<\/span>\n\t\t<\/div>\n\t\t\t\t<\/div>\n\t\t\t\t<\/div>\n\t\t\t\t<div class=\"elementor-element elementor-element-dfbc7ce elementor-widget elementor-widget-text-editor\" data-id=\"dfbc7ce\" data-element_type=\"widget\" data-widget_type=\"text-editor.default\">\n\t\t\t\t<div class=\"elementor-widget-container\">\n\t\t\t\t\t\t\t<p>Az EUs csatlakoz\u00e1s ut\u00e1n, m\u00e9g kamasz-egyes\u00fcletk\u00e9nt, el\u00e9rj\u00fck tal\u00e1n legnagyobb term\u00e9szetv\u00e9delmi siker\u00fcnket: a Natura 2000 ter\u00fcletek korrekt kijel\u00f6l\u00e9s\u00e9re koncentr\u00e1lunk \u00e9vekig \u00e9s hat\u00e1sunkra Rom\u00e1nia v\u00e9dett ter\u00fclet h\u00e1l\u00f3zata ma m\u00e1r az orsz\u00e1g 24%-\u00e1t fedi le. A feh\u00e9r g\u00f3lya \u00e9s a ragadoz\u00f3madarak kiemelt szerepet kapnak tev\u00e9kenys\u00e9geinkben &#8211; intenz\u00edven foglalkozunk a b\u00e9k\u00e1sz\u00f3 sassal, k\u00e9k v\u00e9rcs\u00e9vel, szirti sassal, v\u00e1ndors\u00f3lyommal stb. Ugyanakkor t\u00e1g\u00edtjuk is az \u00e9rdekl\u0151d\u00e9s\u00fcnket, \u00e9s m\u00e1r nem csak madarakkal foglalkozik az egyes\u00fclet, hanem eml\u0151s\u00f6kkel , k\u00e9t\u00e9lt\u0171ekkel, h\u00fcll\u0151kkel , halakkal &#8211; mindennel, ami term\u00e9szetv\u00e9delemmel kapcsolatos. Term\u00e9szetv\u00e9delmi nevel\u00e9s programunk is komolyan elindul.<\/p>\t\t\t\t\t\t<\/div>\n\t\t\t\t<\/div>\n\t\t\t\t\t<\/div>\n\t\t<\/div>\n\t\t\t\t\t<\/div>\n\t\t<\/section>\n\t\t\t\t<section class=\"elementor-section elementor-top-section elementor-element elementor-element-e67937a elementor-section-boxed elementor-section-height-default elementor-section-height-default\" data-id=\"e67937a\" data-element_type=\"section\">\n\t\t\t\t\t\t<div class=\"elementor-container elementor-column-gap-wider\">\n\t\t\t\t\t<div class=\"elementor-column elementor-col-50 elementor-top-column elementor-element elementor-element-550d57f\" data-id=\"550d57f\" data-element_type=\"column\">\n\t\t\t<div class=\"elementor-widget-wrap elementor-element-populated\">\n\t\t\t\t\t\t<div class=\"elementor-element elementor-element-ffb19c9 elementor-widget elementor-widget-heading\" data-id=\"ffb19c9\" data-element_type=\"widget\" data-widget_type=\"heading.default\">\n\t\t\t\t<div class=\"elementor-widget-container\">\n\t\t\t<h1 class=\"elementor-heading-title elementor-size-large\">1991-2010<\/h1>\t\t<\/div>\n\t\t\t\t<\/div>\n\t\t\t\t\t<\/div>\n\t\t<\/div>\n\t\t\t\t<div class=\"elementor-column elementor-col-50 elementor-top-column elementor-element elementor-element-4dfbc5c\" data-id=\"4dfbc5c\" data-element_type=\"column\">\n\t\t\t<div class=\"elementor-widget-wrap elementor-element-populated\">\n\t\t\t\t\t\t<div class=\"elementor-element elementor-element-1f896e3 elementor-hidden-phone elementor-widget-divider--view-line elementor-widget elementor-widget-divider\" data-id=\"1f896e3\" data-element_type=\"widget\" data-widget_type=\"divider.default\">\n\t\t\t\t<div class=\"elementor-widget-container\">\n\t\t\t\t\t<div class=\"elementor-divider\">\n\t\t\t<span class=\"elementor-divider-separator\">\n\t\t\t\t\t\t<\/span>\n\t\t<\/div>\n\t\t\t\t<\/div>\n\t\t\t\t<\/div>\n\t\t\t\t<div class=\"elementor-element elementor-element-a7641e2 elementor-widget elementor-widget-text-editor\" data-id=\"a7641e2\" data-element_type=\"widget\" data-widget_type=\"text-editor.default\">\n\t\t\t\t<div class=\"elementor-widget-container\">\n\t\t\t\t\t\t\t<p>A tagok az egyetem mellett lebonyol\u00edtj\u00e1k az els\u0151 jelent\u0151sebb projekteket, 10 \u00e9vben is mad\u00e1rgy\u0171r\u0171z\u0151 t\u00e1bort szerveznek a G\u00f6rg\u00e9nyi-havasokban, 2 \u00e9vben a Chituc t\u00farz\u00e1son.<\/p>\t\t\t\t\t\t<\/div>\n\t\t\t\t<\/div>\n\t\t\t\t\t<\/div>\n\t\t<\/div>\n\t\t\t\t\t<\/div>\n\t\t<\/section>\n\t\t\t\t<section class=\"elementor-section elementor-top-section elementor-element elementor-element-5e13505 elementor-section-boxed elementor-section-height-default elementor-section-height-default\" data-id=\"5e13505\" data-element_type=\"section\">\n\t\t\t\t\t\t<div class=\"elementor-container elementor-column-gap-wider\">\n\t\t\t\t\t<div class=\"elementor-column elementor-col-50 elementor-top-column elementor-element elementor-element-a6b5ba5\" data-id=\"a6b5ba5\" data-element_type=\"column\">\n\t\t\t<div class=\"elementor-widget-wrap elementor-element-populated\">\n\t\t\t\t\t\t<div class=\"elementor-element elementor-element-38f9e78 elementor-widget elementor-widget-heading\" data-id=\"38f9e78\" data-element_type=\"widget\" data-widget_type=\"heading.default\">\n\t\t\t\t<div class=\"elementor-widget-container\">\n\t\t\t<h1 class=\"elementor-heading-title elementor-size-large\">1991<\/h1>\t\t<\/div>\n\t\t\t\t<\/div>\n\t\t\t\t\t<\/div>\n\t\t<\/div>\n\t\t\t\t<div class=\"elementor-column elementor-col-50 elementor-top-column elementor-element elementor-element-ea8644e\" data-id=\"ea8644e\" data-element_type=\"column\">\n\t\t\t<div class=\"elementor-widget-wrap elementor-element-populated\">\n\t\t\t\t\t\t<div class=\"elementor-element elementor-element-2b685f2 elementor-hidden-phone elementor-widget-divider--view-line elementor-widget elementor-widget-divider\" data-id=\"2b685f2\" data-element_type=\"widget\" data-widget_type=\"divider.default\">\n\t\t\t\t<div class=\"elementor-widget-container\">\n\t\t\t\t\t<div class=\"elementor-divider\">\n\t\t\t<span class=\"elementor-divider-separator\">\n\t\t\t\t\t\t<\/span>\n\t\t<\/div>\n\t\t\t\t<\/div>\n\t\t\t\t<\/div>\n\t\t\t\t<div class=\"elementor-element elementor-element-d30a3e0 elementor-widget elementor-widget-text-editor\" data-id=\"d30a3e0\" data-element_type=\"widget\" data-widget_type=\"text-editor.default\">\n\t\t\t\t<div class=\"elementor-widget-container\">\n\t\t\t\t\t\t\t<p>\u0151sz\u00e9n n\u00e9h\u00e1ny lelkes mad\u00e1rbar\u00e1t Szombath Zoli b\u00e1csi konyh\u00e1j\u00e1ban megalap\u00edtotta a \u201eMilvus Csoport&#8221; Egyes\u00fcletet.<\/p>\t\t\t\t\t\t<\/div>\n\t\t\t\t<\/div>\n\t\t\t\t\t<\/div>\n\t\t<\/div>\n\t\t\t\t\t<\/div>\n\t\t<\/section>\n\t\t\t\t<section class=\"elementor-section elementor-top-section elementor-element elementor-element-db0485c elementor-section-boxed elementor-section-height-default elementor-section-height-default\" data-id=\"db0485c\" data-element_type=\"section\">\n\t\t\t\t\t\t<div class=\"elementor-container elementor-column-gap-default\">\n\t\t\t\t\t<div class=\"elementor-column elementor-col-100 elementor-top-column elementor-element elementor-element-bafe456\" data-id=\"bafe456\" data-element_type=\"column\">\n\t\t\t<div class=\"elementor-widget-wrap elementor-element-populated\">\n\t\t\t\t\t\t<div class=\"elementor-element elementor-element-8c122ff elementor-widget elementor-widget-text-editor\" data-id=\"8c122ff\" data-element_type=\"widget\" data-widget_type=\"text-editor.default\">\n\t\t\t\t<div class=\"elementor-widget-container\">\n\t\t\t\t\t\t\t<p>Photo: \u00a9 Adrian Baltariu<\/p>\t\t\t\t\t\t<\/div>\n\t\t\t\t<\/div>\n\t\t\t\t\t<\/div>\n\t\t<\/div>\n\t\t\t\t\t<\/div>\n\t\t<\/section>\n\t\t\t\t<\/div>\n\t\t","protected":false},"excerpt":{"rendered":"J\u00f6v\u0151k\u00e9p\u00fcnk Olyan vil\u00e1got szeretn\u00e9nk, amelyben az emberek a term\u00e9szettel egyens\u00falyban \u00e9lnek, azt alapvet\u0151 \u00e9rt\u00e9kk\u00e9nt kezelik, \u00e9s ez mindannyiunk cselekedeteiben t\u00fckr\u00f6z\u0151dik. K\u00fcldet\u00e9s\u00fcnk Elk\u00f6telezettek vagyunk term\u00e9szeti \u00f6r\u00f6ks\u00e9g\u00fcnk meg\u0151rz\u00e9se ir\u00e1nt.Vesz\u00e9lyeztetett fajok v\u00e9delm\u00e9vel, alkalmazott kutat\u00e1ssal, tudatos\u00edt\u00e1ssal \u00e9s oktat\u00e1ssal, a term\u00e9szetv\u00e9delmi t\u00f6rv\u00e9nyek betart\u00e1s\u00e1nak ellen\u0151rz\u00e9s\u00e9vel \u00e9s a term\u00e9szetet \u00e9rint\u0151 jogszab\u00e1lyok befoly\u00e1sol\u00e1s\u00e1val foglalkozunk. \u00c9rt\u00e9keink Szak\u00e9rtelem: Munkat\u00e1rsaink sok\u00e9ves term\u00e9szetv\u00e9delmi tapasztalattal \u00e9s biol\u00f3gus, \u00f6kol\u00f3gus [&hellip;]","protected":false},"author":2,"featured_media":0,"parent":0,"menu_order":0,"comment_status":"closed","ping_status":"closed","template":"elementor_header_footer","meta":{"_acf_changed":false,"_eb_attr":"","ocean_post_layout":"","ocean_both_sidebars_style":"","ocean_both_sidebars_content_width":0,"ocean_both_sidebars_sidebars_width":0,"ocean_sidebar":"0","ocean_second_sidebar":"0","ocean_disable_margins":"enable","ocean_add_body_class":"","ocean_shortcode_before_top_bar":"","ocean_shortcode_after_top_bar":"","ocean_shortcode_before_header":"","ocean_shortcode_after_header":"","ocean_has_shortcode":"","ocean_shortcode_after_title":"","ocean_shortcode_before_footer_widgets":"","ocean_shortcode_after_footer_widgets":"","ocean_shortcode_before_footer_bottom":"","ocean_shortcode_after_footer_bottom":"","ocean_display_top_bar":"default","ocean_display_header":"default","ocean_header_style":"","ocean_center_header_left_menu":"0","ocean_custom_header_template":"0","ocean_custom_logo":0,"ocean_custom_retina_logo":0,"ocean_custom_logo_max_width":0,"ocean_custom_logo_tablet_max_width":0,"ocean_custom_logo_mobile_max_width":0,"ocean_custom_logo_max_height":0,"ocean_custom_logo_tablet_max_height":0,"ocean_custom_logo_mobile_max_height":0,"ocean_header_custom_menu":"0","ocean_menu_typo_font_family":"0","ocean_menu_typo_font_subset":"","ocean_menu_typo_font_size":0,"ocean_menu_typo_font_size_tablet":0,"ocean_menu_typo_font_size_mobile":0,"ocean_menu_typo_font_size_unit":"px","ocean_menu_typo_font_weight":"","ocean_menu_typo_font_weight_tablet":"","ocean_menu_typo_font_weight_mobile":"","ocean_menu_typo_transform":"","ocean_menu_typo_transform_tablet":"","ocean_menu_typo_transform_mobile":"","ocean_menu_typo_line_height":0,"ocean_menu_typo_line_height_tablet":0,"ocean_menu_typo_line_height_mobile":0,"ocean_menu_typo_line_height_unit":"","ocean_menu_typo_spacing":0,"ocean_menu_typo_spacing_tablet":0,"ocean_menu_typo_spacing_mobile":0,"ocean_menu_typo_spacing_unit":"","ocean_menu_link_color":"","ocean_menu_link_color_hover":"","ocean_menu_link_color_active":"","ocean_menu_link_background":"","ocean_menu_link_hover_background":"","ocean_menu_link_active_background":"","ocean_menu_social_links_bg":"","ocean_menu_social_hover_links_bg":"","ocean_menu_social_links_color":"","ocean_menu_social_hover_links_color":"","ocean_disable_title":"default","ocean_disable_heading":"default","ocean_post_title":"","ocean_post_subheading":"","ocean_post_title_style":"background-image","ocean_post_title_background_color":"","ocean_post_title_background":17995,"ocean_post_title_bg_image_position":"center center","ocean_post_title_bg_image_attachment":"","ocean_post_title_bg_image_repeat":"no-repeat","ocean_post_title_bg_image_size":"cover","ocean_post_title_height":0,"ocean_post_title_bg_overlay":0.2,"ocean_post_title_bg_overlay_color":"#000000","ocean_disable_breadcrumbs":"off","ocean_breadcrumbs_color":"","ocean_breadcrumbs_separator_color":"","ocean_breadcrumbs_links_color":"","ocean_breadcrumbs_links_hover_color":"","ocean_display_footer_widgets":"default","ocean_display_footer_bottom":"default","ocean_custom_footer_template":"0","omw_enable_modal_window":"enable","osh_disable_topbar_sticky":"default","osh_disable_header_sticky":"default","osh_sticky_header_style":"default","osh_sticky_header_effect":"","osh_custom_sticky_logo":0,"osh_custom_retina_sticky_logo":0,"osh_custom_sticky_logo_height":0,"osh_background_color":"","osh_links_color":"","osh_links_hover_color":"","osh_links_active_color":"","osh_links_bg_color":"","osh_links_hover_bg_color":"","osh_links_active_bg_color":"","osh_menu_social_links_color":"","osh_menu_social_hover_links_color":"","footnotes":""},"class_list":["post-18028","page","type-page","status-publish","hentry","entry","owp-thumbs-layout-horizontal","owp-btn-normal","owp-tabs-layout-horizontal","has-no-thumbnails","has-product-nav"],"acf":[],"_links":{"self":[{"href":"https:\/\/milvus.ro\/hu\/wp-json\/wp\/v2\/pages\/18028","targetHints":{"allow":["GET"]}}],"collection":[{"href":"https:\/\/milvus.ro\/hu\/wp-json\/wp\/v2\/pages"}],"about":[{"href":"https:\/\/milvus.ro\/hu\/wp-json\/wp\/v2\/types\/page"}],"author":[{"embeddable":true,"href":"https:\/\/milvus.ro\/hu\/wp-json\/wp\/v2\/users\/2"}],"replies":[{"embeddable":true,"href":"https:\/\/milvus.ro\/hu\/wp-json\/wp\/v2\/comments?post=18028"}],"version-history":[{"count":29,"href":"https:\/\/milvus.ro\/hu\/wp-json\/wp\/v2\/pages\/18028\/revisions"}],"predecessor-version":[{"id":37834,"href":"https:\/\/milvus.ro\/hu\/wp-json\/wp\/v2\/pages\/18028\/revisions\/37834"}],"wp:attachment":[{"href":"https:\/\/milvus.ro\/hu\/wp-json\/wp\/v2\/media?parent=18028"}],"curies":[{"name":"wp","href":"https:\/\/api.w.org\/{rel}","templated":true}]}}