{"id":17876,"date":"2020-11-02T17:26:13","date_gmt":"2020-11-02T15:26:13","guid":{"rendered":"https:\/\/new.milvus.ro\/szemleletformalas\/turazas-kisgyerekes-csaladoknak\/"},"modified":"2021-04-06T21:23:28","modified_gmt":"2021-04-06T18:23:28","slug":"turazas-kisgyerekes-csaladoknak","status":"publish","type":"page","link":"https:\/\/milvus.ro\/hu\/szemleletformalas\/turazas-kisgyerekes-csaladoknak\/","title":{"rendered":"T\u00far\u00e1z\u00e1s kisgyerekes csal\u00e1doknak"},"content":{"rendered":"\t\t<div data-elementor-type=\"wp-page\" data-elementor-id=\"17876\" class=\"elementor elementor-17876 elementor-17283\">\n\t\t\t\t\t\t<section class=\"elementor-section elementor-top-section elementor-element elementor-element-2b20d5ab elementor-section-boxed elementor-section-height-default elementor-section-height-default\" data-id=\"2b20d5ab\" data-element_type=\"section\">\n\t\t\t\t\t\t<div class=\"elementor-container elementor-column-gap-default\">\n\t\t\t\t\t<div class=\"elementor-column elementor-col-100 elementor-top-column elementor-element elementor-element-30fe0370\" data-id=\"30fe0370\" data-element_type=\"column\">\n\t\t\t<div class=\"elementor-widget-wrap elementor-element-populated\">\n\t\t\t\t\t\t<div class=\"elementor-element elementor-element-76123555 elementor-widget elementor-widget-text-editor\" data-id=\"76123555\" data-element_type=\"widget\" data-widget_type=\"text-editor.default\">\n\t\t\t\t<div class=\"elementor-widget-container\">\n\t\t\t\t\t\t\t\n<p>Kir\u00e1nduljunk egy\u00fctt!<\/p>\n\n\n\n<p>Ismerd meg Maros megye Natura 2000-es term\u00e9szetv\u00e9delmi ter\u00fcleteit. Kir\u00e1ndul\u00e1sainkra olyan kisgyerekes csal\u00e1dokat v\u00e1runk akik szeretnek id\u0151t t\u00f6lteni a term\u00e9szetben, meg akarj\u00e1k ismerni az \u00e9l\u0151vil\u00e1got. A kir\u00e1ndul\u00e1s sor\u00e1n 5-10 kilom\u00e9ternyit fogunk gyalogolni, mik\u00f6zben felfedezz\u00fck az \u00e9l\u0151vil\u00e1got: n\u00f6v\u00e9nyeket, gomb\u00e1kat, \u00e1llatokat.<\/p>\n\n\n\n<p>Megosztjuk egym\u00e1ssal eddigi tapasztalatainkat, tanulunk egym\u00e1st\u00f3l. \u00c1ltal\u00e1ban olyan helyen pihen\u00fcnk, ahol a k\u00f6rny\u00e9ket jobban bel\u00e1tjuk, k\u00f6z\u00f6s falatoz\u00e1ssal z\u00e1rva a gyalogl\u00e1st.<\/p>\n<div style=\"display: none;\">\n<p>A helyek sz\u00e1ma korl\u00e1tozott, egy kir\u00e1ndul\u00e1son legfeljebb 10 csal\u00e1d vehet r\u00e9szt, ez\u00e9rt el\u0151zetes bejelentkez\u00e9sre van sz\u00fcks\u00e9g.<\/p>\n\n\n\n\n\n<ul>\n<li>Id\u0151pontok:\u00a0<strong>november 7<\/strong>, janu\u00e1r 16, m\u00e1jus 29, augusztus 14<\/li>\n<li>Helysz\u00ednek:\u00a0<strong>Rigm\u00e1ny-Ny\u00e1r\u00e1dszentsimon<\/strong>, G\u00f6rg\u00e9ny-v\u00f6lgy Mocs\u00e1rerd\u0151, Lekencei szakad\u00e9k \u00e9s Radn\u00f3t, Farag\u00f3i halastavak<\/li>\n<li>R\u00e9sztvev\u0151k sz\u00e1ma: legkevesebb 5, legt\u00f6bb 10 csal\u00e1d\/alkalom<\/li>\n<li>Kapcsolat: r&#101;&#107;&#97;&#46;&#107;&#105;s&#115;&#64;mi&#108;vus&#46;r&#111;,\u00a0<a href=\"https:\/\/www.facebook.com\/kiss.rekabeata\">Kiss R\u00e9ka Be\u00e1ta<\/a>, 0725-226175, 0723-929170<\/li>\n<li>Jelentkez\u00e9si hat\u00e1rid\u0151k:\u00a0<strong>november 4<\/strong>, janu\u00e1r 13, m\u00e1jus 26, augusztus 11<\/li>\n<li>Hozz\u00e1j\u00e1rul\u00e1s: 50 lej\/csal\u00e1d (\u00e9vszakonk\u00e9nt 1 kir\u00e1ndul\u00e1s)<\/li>\n<\/ul>\n\n<\/div>\t\t\t\t\t\t<\/div>\n\t\t\t\t<\/div>\n\t\t\t\t\t<\/div>\n\t\t<\/div>\n\t\t\t\t\t<\/div>\n\t\t<\/section>\n\t\t\t\t<\/div>\n\t\t","protected":false},"excerpt":{"rendered":"Kir\u00e1nduljunk egy\u00fctt! Ismerd meg Maros megye Natura 2000-es term\u00e9szetv\u00e9delmi ter\u00fcleteit. Kir\u00e1ndul\u00e1sainkra olyan kisgyerekes csal\u00e1dokat v\u00e1runk akik szeretnek id\u0151t t\u00f6lteni a term\u00e9szetben, meg akarj\u00e1k ismerni az \u00e9l\u0151vil\u00e1got. A kir\u00e1ndul\u00e1s sor\u00e1n 5-10 kilom\u00e9ternyit fogunk gyalogolni, mik\u00f6zben felfedezz\u00fck az \u00e9l\u0151vil\u00e1got: n\u00f6v\u00e9nyeket, gomb\u00e1kat, \u00e1llatokat. Megosztjuk egym\u00e1ssal eddigi tapasztalatainkat, tanulunk egym\u00e1st\u00f3l. \u00c1ltal\u00e1ban olyan helyen pihen\u00fcnk, ahol a k\u00f6rny\u00e9ket jobban bel\u00e1tjuk, [&hellip;]","protected":false},"author":2,"featured_media":0,"parent":14380,"menu_order":0,"comment_status":"closed","ping_status":"closed","template":"","meta":{"_acf_changed":false,"_eb_attr":"","ocean_post_layout":"left-sidebar","ocean_both_sidebars_style":"","ocean_both_sidebars_content_width":0,"ocean_both_sidebars_sidebars_width":0,"ocean_sidebar":"ocs-education-menu","ocean_second_sidebar":"0","ocean_disable_margins":"enable","ocean_add_body_class":"","ocean_shortcode_before_top_bar":"","ocean_shortcode_after_top_bar":"","ocean_shortcode_before_header":"","ocean_shortcode_after_header":"","ocean_has_shortcode":"","ocean_shortcode_after_title":"","ocean_shortcode_before_footer_widgets":"","ocean_shortcode_after_footer_widgets":"","ocean_shortcode_before_footer_bottom":"","ocean_shortcode_after_footer_bottom":"","ocean_display_top_bar":"default","ocean_display_header":"default","ocean_header_style":"","ocean_center_header_left_menu":"0","ocean_custom_header_template":"0","ocean_custom_logo":0,"ocean_custom_retina_logo":0,"ocean_custom_logo_max_width":0,"ocean_custom_logo_tablet_max_width":0,"ocean_custom_logo_mobile_max_width":0,"ocean_custom_logo_max_height":0,"ocean_custom_logo_tablet_max_height":0,"ocean_custom_logo_mobile_max_height":0,"ocean_header_custom_menu":"0","ocean_menu_typo_font_family":"0","ocean_menu_typo_font_subset":"","ocean_menu_typo_font_size":0,"ocean_menu_typo_font_size_tablet":0,"ocean_menu_typo_font_size_mobile":0,"ocean_menu_typo_font_size_unit":"px","ocean_menu_typo_font_weight":"","ocean_menu_typo_font_weight_tablet":"","ocean_menu_typo_font_weight_mobile":"","ocean_menu_typo_transform":"","ocean_menu_typo_transform_tablet":"","ocean_menu_typo_transform_mobile":"","ocean_menu_typo_line_height":0,"ocean_menu_typo_line_height_tablet":0,"ocean_menu_typo_line_height_mobile":0,"ocean_menu_typo_line_height_unit":"","ocean_menu_typo_spacing":0,"ocean_menu_typo_spacing_tablet":0,"ocean_menu_typo_spacing_mobile":0,"ocean_menu_typo_spacing_unit":"","ocean_menu_link_color":"","ocean_menu_link_color_hover":"","ocean_menu_link_color_active":"","ocean_menu_link_background":"","ocean_menu_link_hover_background":"","ocean_menu_link_active_background":"","ocean_menu_social_links_bg":"","ocean_menu_social_hover_links_bg":"","ocean_menu_social_links_color":"","ocean_menu_social_hover_links_color":"","ocean_disable_title":"default","ocean_disable_heading":"default","ocean_post_title":"","ocean_post_subheading":"","ocean_post_title_style":"","ocean_post_title_background_color":"","ocean_post_title_background":0,"ocean_post_title_bg_image_position":"","ocean_post_title_bg_image_attachment":"","ocean_post_title_bg_image_repeat":"","ocean_post_title_bg_image_size":"","ocean_post_title_height":0,"ocean_post_title_bg_overlay":0.5,"ocean_post_title_bg_overlay_color":"","ocean_disable_breadcrumbs":"default","ocean_breadcrumbs_color":"","ocean_breadcrumbs_separator_color":"","ocean_breadcrumbs_links_color":"","ocean_breadcrumbs_links_hover_color":"","ocean_display_footer_widgets":"default","ocean_display_footer_bottom":"default","ocean_custom_footer_template":"0","omw_enable_modal_window":"enable","osh_disable_topbar_sticky":"default","osh_disable_header_sticky":"default","osh_sticky_header_style":"default","osh_sticky_header_effect":"","osh_custom_sticky_logo":0,"osh_custom_retina_sticky_logo":0,"osh_custom_sticky_logo_height":0,"osh_background_color":"","osh_links_color":"","osh_links_hover_color":"","osh_links_active_color":"","osh_links_bg_color":"","osh_links_hover_bg_color":"","osh_links_active_bg_color":"","osh_menu_social_links_color":"","osh_menu_social_hover_links_color":"","footnotes":""},"class_list":["post-17876","page","type-page","status-publish","hentry","entry","owp-thumbs-layout-horizontal","owp-btn-normal","owp-tabs-layout-horizontal","has-no-thumbnails","has-product-nav"],"acf":[],"_links":{"self":[{"href":"https:\/\/milvus.ro\/hu\/wp-json\/wp\/v2\/pages\/17876","targetHints":{"allow":["GET"]}}],"collection":[{"href":"https:\/\/milvus.ro\/hu\/wp-json\/wp\/v2\/pages"}],"about":[{"href":"https:\/\/milvus.ro\/hu\/wp-json\/wp\/v2\/types\/page"}],"author":[{"embeddable":true,"href":"https:\/\/milvus.ro\/hu\/wp-json\/wp\/v2\/users\/2"}],"replies":[{"embeddable":true,"href":"https:\/\/milvus.ro\/hu\/wp-json\/wp\/v2\/comments?post=17876"}],"version-history":[{"count":5,"href":"https:\/\/milvus.ro\/hu\/wp-json\/wp\/v2\/pages\/17876\/revisions"}],"predecessor-version":[{"id":28547,"href":"https:\/\/milvus.ro\/hu\/wp-json\/wp\/v2\/pages\/17876\/revisions\/28547"}],"up":[{"embeddable":true,"href":"https:\/\/milvus.ro\/hu\/wp-json\/wp\/v2\/pages\/14380"}],"wp:attachment":[{"href":"https:\/\/milvus.ro\/hu\/wp-json\/wp\/v2\/media?parent=17876"}],"curies":[{"name":"wp","href":"https:\/\/api.w.org\/{rel}","templated":true}]}}