{"id":17807,"date":"2020-11-19T10:48:38","date_gmt":"2020-11-19T08:48:38","guid":{"rendered":"https:\/\/new.milvus.ro\/?page_id=17807"},"modified":"2020-11-19T11:02:05","modified_gmt":"2020-11-19T09:02:05","slug":"plante","status":"publish","type":"page","link":"https:\/\/milvus.ro\/hu\/szemleletformalas\/plante\/","title":{"rendered":"N\u00f6v\u00e9nyek"},"content":{"rendered":"\t\t<div data-elementor-type=\"wp-page\" data-elementor-id=\"17807\" class=\"elementor elementor-17807\">\n\t\t\t\t\t\t<section class=\"elementor-section elementor-top-section elementor-element elementor-element-5e85661 elementor-section-boxed elementor-section-height-default elementor-section-height-default\" data-id=\"5e85661\" data-element_type=\"section\">\n\t\t\t\t\t\t<div class=\"elementor-container elementor-column-gap-default\">\n\t\t\t\t\t<div class=\"elementor-column elementor-col-100 elementor-top-column elementor-element elementor-element-e05bdf8\" data-id=\"e05bdf8\" data-element_type=\"column\">\n\t\t\t<div class=\"elementor-widget-wrap elementor-element-populated\">\n\t\t\t\t\t\t<div class=\"elementor-element elementor-element-f2bf609 elementor-widget elementor-widget-eael-post-timeline\" data-id=\"f2bf609\" data-element_type=\"widget\" data-widget_type=\"eael-post-timeline.default\">\n\t\t\t\t<div class=\"elementor-widget-container\">\n\t\t\t<div id=\"eael-post-timeline-f2bf609\" class=\"eael-post-timeline timeline-layout-default eael-post-timeline-arrow-\">\n            <div class=\"eael-post-timeline eael-post-appender eael-post-appender-f2bf609\"><article class=\"eael-timeline-post eael-timeline-column\">\n    <div class=\"eael-timeline-bullet\"><\/div>\n    <div class=\"eael-timeline-post-inner\">\n        <a class=\"eael-timeline-post-link\" href=\"https:\/\/milvus.ro\/hu\/rosci0210-lekencei-szakadek-natura-2000-termeszetvedelmi-terulet\/\" title=\"ROSCI0210 Lekencei szakad\u00e9k Natura 2000 Term\u00e9szetv\u00e9delmi Ter\u00fclet\">\n            <time datetime=\"szeptember 4, 2020\">szeptember 4, 2020<\/time>\n            <div class=\"eael-timeline-post-image  attachment-full size-full\" style=\"background-image: url(https:\/\/milvus.ro\/wp-content\/uploads\/2020\/09\/Zerynthia-polyxena_C.-Mihai-333x250-1.jpg);\"><\/div><div class=\"eael-timeline-post-excerpt\"><p>Elhelyezked\u00e9s, f\u00f6ldrajzi viszonyok:A Maroslekence falu keleti hat\u00e1r\u00e1ban, Radn\u00f3t v\u00e1ros k\u00f6zigazgat\u00e1si...<\/p><\/div><div class=\"eael-timeline-post-title\">\n                    <h2 class=\"eael-timeline-post-title-text\">ROSCI0210 Lekencei szakad\u00e9k Natura 2000 Term\u00e9szetv\u00e9delmi Ter\u00fclet<\/h2>\n                <\/div><\/a>\n    <\/div>\n<\/article><article class=\"eael-timeline-post eael-timeline-column\">\n    <div class=\"eael-timeline-bullet\"><\/div>\n    <div class=\"eael-timeline-post-inner\">\n        <a class=\"eael-timeline-post-link\" href=\"https:\/\/milvus.ro\/hu\/orchideak-es-sokedvelo-novenyek-termeszeti-kincsek-a-maros-menten\/\" title=\"Orchide\u00e1k \u00e9s s\u00f3kedvel\u0151 n\u00f6v\u00e9nyek \u2013 term\u00e9szeti kincsek a Maros ment\u00e9n\">\n            <time datetime=\"augusztus 13, 2020\">augusztus 13, 2020<\/time>\n            <div class=\"eael-timeline-post-image  attachment-full size-full\" style=\"background-image: url(https:\/\/milvus.ro\/wp-content\/uploads\/2020\/08\/Orhidee-si-plante-de-saraturi-bogatii-naturale-de-pe-malurile-Muresului-9-scaled-1.jpg);\"><\/div><div class=\"eael-timeline-post-excerpt\"><p>A Maros fels\u0151 foly\u00e1sa ment\u00e9n (Holtmaros, Marosv\u00e9cs \u00e9s Als\u00f3idecs falvak...<\/p><\/div><div class=\"eael-timeline-post-title\">\n                    <h2 class=\"eael-timeline-post-title-text\">Orchide\u00e1k \u00e9s s\u00f3kedvel\u0151 n\u00f6v\u00e9nyek \u2013 term\u00e9szeti kincsek a Maros ment\u00e9n<\/h2>\n                <\/div><\/a>\n    <\/div>\n<\/article><article class=\"eael-timeline-post eael-timeline-column\">\n    <div class=\"eael-timeline-bullet\"><\/div>\n    <div class=\"eael-timeline-post-inner\">\n        <a class=\"eael-timeline-post-link\" href=\"https:\/\/milvus.ro\/hu\/szinek-koncertje\/\" title=\"Sz\u00ednek koncertje\">\n            <time datetime=\"\u00e1prilis 9, 2019\">\u00e1prilis 9, 2019<\/time>\n            <div class=\"eael-timeline-post-image  attachment-full size-full\" style=\"background-image: url(https:\/\/milvus.ro\/wp-content\/uploads\/2019\/04\/Adonis-vernalis-tavaszi-herics-ruscuta-de-primavara-scaled.jpg);\"><\/div><div class=\"eael-timeline-post-excerpt\"><p>Hegyi k\u00f6k\u00f6rcsin, tavaszi h\u00e9rics, erd\u00e9lyi ny\u00falfarokf\u0171, tavaszi csillagvir\u00e1g, farkasboroszl\u00e1n \u00e9s...<\/p><\/div><div class=\"eael-timeline-post-title\">\n                    <h2 class=\"eael-timeline-post-title-text\">Sz\u00ednek koncertje<\/h2>\n                <\/div><\/a>\n    <\/div>\n<\/article><\/div>\n\t\t<\/div>\t\t<\/div>\n\t\t\t\t<\/div>\n\t\t\t\t\t<\/div>\n\t\t<\/div>\n\t\t\t\t\t<\/div>\n\t\t<\/section>\n\t\t\t\t<\/div>\n\t\t","protected":false},"excerpt":{"rendered":"September 4, 2020 Elhelyezked\u00e9s, f\u00f6ldrajzi viszonyok: A Maroslekence falu keleti hat\u00e1r\u00e1ban, Radn\u00f3t v\u00e1ros&#8230; ROSCI0210 Lekencei szakad\u00e9k Natura 2000 Term\u00e9szetv\u00e9delmi Ter\u00fclet August 13, 2020 A Maros fels\u0151 foly\u00e1sa ment\u00e9n (Holtmaros, Marosv\u00e9cs \u00e9s Als\u00f3idecs falvak&#8230; Orchide\u00e1k \u00e9s s\u00f3kedvel\u0151 n\u00f6v\u00e9nyek \u2013 term\u00e9szeti kincsek a Maros ment\u00e9n April 9, 2019 Hegyi k\u00f6k\u00f6rcsin, tavaszi h\u00e9rics, erd\u00e9lyi ny\u00falfarokf\u0171, tavaszi csillagvir\u00e1g, farkasboroszl\u00e1n [&hellip;]","protected":false},"author":2,"featured_media":0,"parent":14380,"menu_order":0,"comment_status":"closed","ping_status":"closed","template":"","meta":{"_acf_changed":false,"_eb_attr":"","ocean_post_layout":"left-sidebar","ocean_both_sidebars_style":"","ocean_both_sidebars_content_width":0,"ocean_both_sidebars_sidebars_width":0,"ocean_sidebar":"ocs-education-menu","ocean_second_sidebar":"0","ocean_disable_margins":"enable","ocean_add_body_class":"","ocean_shortcode_before_top_bar":"","ocean_shortcode_after_top_bar":"","ocean_shortcode_before_header":"","ocean_shortcode_after_header":"","ocean_has_shortcode":"","ocean_shortcode_after_title":"","ocean_shortcode_before_footer_widgets":"","ocean_shortcode_after_footer_widgets":"","ocean_shortcode_before_footer_bottom":"","ocean_shortcode_after_footer_bottom":"","ocean_display_top_bar":"default","ocean_display_header":"default","ocean_header_style":"","ocean_center_header_left_menu":"0","ocean_custom_header_template":"0","ocean_custom_logo":0,"ocean_custom_retina_logo":0,"ocean_custom_logo_max_width":0,"ocean_custom_logo_tablet_max_width":0,"ocean_custom_logo_mobile_max_width":0,"ocean_custom_logo_max_height":0,"ocean_custom_logo_tablet_max_height":0,"ocean_custom_logo_mobile_max_height":0,"ocean_header_custom_menu":"0","ocean_menu_typo_font_family":"0","ocean_menu_typo_font_subset":"","ocean_menu_typo_font_size":0,"ocean_menu_typo_font_size_tablet":0,"ocean_menu_typo_font_size_mobile":0,"ocean_menu_typo_font_size_unit":"px","ocean_menu_typo_font_weight":"","ocean_menu_typo_font_weight_tablet":"","ocean_menu_typo_font_weight_mobile":"","ocean_menu_typo_transform":"","ocean_menu_typo_transform_tablet":"","ocean_menu_typo_transform_mobile":"","ocean_menu_typo_line_height":0,"ocean_menu_typo_line_height_tablet":0,"ocean_menu_typo_line_height_mobile":0,"ocean_menu_typo_line_height_unit":"","ocean_menu_typo_spacing":0,"ocean_menu_typo_spacing_tablet":0,"ocean_menu_typo_spacing_mobile":0,"ocean_menu_typo_spacing_unit":"","ocean_menu_link_color":"","ocean_menu_link_color_hover":"","ocean_menu_link_color_active":"","ocean_menu_link_background":"","ocean_menu_link_hover_background":"","ocean_menu_link_active_background":"","ocean_menu_social_links_bg":"","ocean_menu_social_hover_links_bg":"","ocean_menu_social_links_color":"","ocean_menu_social_hover_links_color":"","ocean_disable_title":"default","ocean_disable_heading":"default","ocean_post_title":"","ocean_post_subheading":"","ocean_post_title_style":"","ocean_post_title_background_color":"","ocean_post_title_background":0,"ocean_post_title_bg_image_position":"","ocean_post_title_bg_image_attachment":"","ocean_post_title_bg_image_repeat":"","ocean_post_title_bg_image_size":"","ocean_post_title_height":0,"ocean_post_title_bg_overlay":0.5,"ocean_post_title_bg_overlay_color":"","ocean_disable_breadcrumbs":"default","ocean_breadcrumbs_color":"","ocean_breadcrumbs_separator_color":"","ocean_breadcrumbs_links_color":"","ocean_breadcrumbs_links_hover_color":"","ocean_display_footer_widgets":"default","ocean_display_footer_bottom":"default","ocean_custom_footer_template":"0","omw_enable_modal_window":"enable","osh_disable_topbar_sticky":"default","osh_disable_header_sticky":"default","osh_sticky_header_style":"default","osh_sticky_header_effect":"","osh_custom_sticky_logo":0,"osh_custom_retina_sticky_logo":0,"osh_custom_sticky_logo_height":0,"osh_background_color":"","osh_links_color":"","osh_links_hover_color":"","osh_links_active_color":"","osh_links_bg_color":"","osh_links_hover_bg_color":"","osh_links_active_bg_color":"","osh_menu_social_links_color":"","osh_menu_social_hover_links_color":"","footnotes":""},"class_list":["post-17807","page","type-page","status-publish","hentry","entry","has-media","owp-thumbs-layout-horizontal","owp-btn-normal","owp-tabs-layout-horizontal","has-no-thumbnails","has-product-nav"],"acf":[],"_links":{"self":[{"href":"https:\/\/milvus.ro\/hu\/wp-json\/wp\/v2\/pages\/17807","targetHints":{"allow":["GET"]}}],"collection":[{"href":"https:\/\/milvus.ro\/hu\/wp-json\/wp\/v2\/pages"}],"about":[{"href":"https:\/\/milvus.ro\/hu\/wp-json\/wp\/v2\/types\/page"}],"author":[{"embeddable":true,"href":"https:\/\/milvus.ro\/hu\/wp-json\/wp\/v2\/users\/2"}],"replies":[{"embeddable":true,"href":"https:\/\/milvus.ro\/hu\/wp-json\/wp\/v2\/comments?post=17807"}],"version-history":[{"count":11,"href":"https:\/\/milvus.ro\/hu\/wp-json\/wp\/v2\/pages\/17807\/revisions"}],"predecessor-version":[{"id":17823,"href":"https:\/\/milvus.ro\/hu\/wp-json\/wp\/v2\/pages\/17807\/revisions\/17823"}],"up":[{"embeddable":true,"href":"https:\/\/milvus.ro\/hu\/wp-json\/wp\/v2\/pages\/14380"}],"wp:attachment":[{"href":"https:\/\/milvus.ro\/hu\/wp-json\/wp\/v2\/media?parent=17807"}],"curies":[{"name":"wp","href":"https:\/\/api.w.org\/{rel}","templated":true}]}}