{"id":17725,"date":"2020-11-18T13:26:11","date_gmt":"2020-11-18T11:26:11","guid":{"rendered":"https:\/\/new.milvus.ro\/?page_id=17725"},"modified":"2020-11-18T13:26:15","modified_gmt":"2020-11-18T11:26:15","slug":"west","status":"publish","type":"page","link":"https:\/\/milvus.ro\/hu\/west\/","title":{"rendered":"Milvus Transilvania Vest"},"content":{"rendered":"<p>A Milvus Csoport k\u00fcl\u00f6nb\u00f6z\u0151 kutat\u00e1si \u00e9s term\u00e9szetv\u00e9delmi tev\u00e9kenys\u00e9geket folytat az orsz\u00e1g nyugati v\u00e9gein m\u00e1r 1994-t\u0151l kezdve. A Milvus Csoport tagjai \u00e1ltal akkoriban elkezdett programok nagy r\u00e9sze jelenleg is \u00e9l, s\u0151t azzal, hogy a tev\u00e9kenys\u00e9gekbe bekapcsol\u00f3dtak helyi, nagyv\u00e1radi \u00e9s aradi Milvus tagok is, m\u00e9g hangs\u00falyosabbak lettek.<\/p><div class=\"wp-block-columns alignwide are-vertically-aligned-center is-layout-flex wp-container-core-columns-is-layout-9d6595d7 wp-block-columns-is-layout-flex\"><div class=\"wp-block-column is-vertically-aligned-center is-layout-flow wp-block-column-is-layout-flow\" style=\"flex-basis:33.33%\"><figure class=\"wp-block-image size-large is-resized\"><img fetchpriority=\"high\" decoding=\"async\" src=\"https:\/\/milvus.ro\/wp-content\/uploads\/2020\/11\/Milvus-west-logo-kicsi.png\" alt=\"\" class=\"wp-image-17713\" width=\"301\" height=\"303\" srcset=\"https:\/\/milvus.ro\/wp-content\/uploads\/2020\/11\/Milvus-west-logo-kicsi.png 370w, https:\/\/milvus.ro\/wp-content\/uploads\/2020\/11\/Milvus-west-logo-kicsi-100x100.png 100w, https:\/\/milvus.ro\/wp-content\/uploads\/2020\/11\/Milvus-west-logo-kicsi-297x300.png 297w, https:\/\/milvus.ro\/wp-content\/uploads\/2020\/11\/Milvus-west-logo-kicsi-150x150.png 150w\" sizes=\"(max-width: 301px) 100vw, 301px\" \/><\/figure><\/div>\n\n<div class=\"wp-block-column is-vertically-aligned-center is-layout-flow wp-block-column-is-layout-flow\" style=\"flex-basis:66.66%\"><figure class=\"wp-block-image size-large\"><img decoding=\"async\" width=\"800\" height=\"533\" src=\"https:\/\/milvus.ro\/wp-content\/uploads\/2020\/11\/wesztesek.jpg\" alt=\"\" class=\"wp-image-17716\" srcset=\"https:\/\/milvus.ro\/wp-content\/uploads\/2020\/11\/wesztesek.jpg 800w, https:\/\/milvus.ro\/wp-content\/uploads\/2020\/11\/wesztesek-600x400.jpg 600w, https:\/\/milvus.ro\/wp-content\/uploads\/2020\/11\/wesztesek-300x200.jpg 300w, https:\/\/milvus.ro\/wp-content\/uploads\/2020\/11\/wesztesek-768x512.jpg 768w\" sizes=\"(max-width: 800px) 100vw, 800px\" \/><\/figure><\/div><\/div><p>Onnant\u00f3l kezdve, az orsz\u00e1g n\u00e9gy nyugati megy\u00e9j\u00e9ben (Szatm\u00e1r, Bihar, Arad \u00e9s Temes) folytatott tev\u00e9kenys\u00e9gek m\u00e1r k\u00fcl\u00f6nb\u00f6z\u0151 projektek keretein bel\u00fcl zajl\u00f3dtak. Nem csoda, hogy megfogalmaz\u00f3dott egy partiumi fi\u00f3kcsoport megalap\u00edt\u00e1s\u00e1nak gondolata. Ugyan eleinte csup\u00e1n az anyaegyes\u00fclet egy bels\u0151 munkacsoportja volt, a nyugati tev\u00e9kenys\u00e9gek koordin\u00e1l\u00e1sa m\u00e1r akkoriban Nagyv\u00e1radra tev\u0151d\u00f6tt \u00e1t Marosv\u00e1s\u00e1rhelyr\u0151l. 2011-ben pedig, nagyv\u00e1radi sz\u00e9khellyel, megalakult a Milvus nyugat-erd\u00e9lyi fi\u00f3kegyes\u00fclete, amely onnant\u00f3l kezdve hivatalosan is a Milvus Csoport nyugat rom\u00e1niai tev\u00e9kenys\u00e9geinek felel\u0151se lett.<\/p><p>Sz\u00e9khely:&nbsp;str. Carpa\u021bi nr. 1B, bl. PB36, et. II, ap. 9<br>E-mail:&nbsp;<a href=\"mailto:&#109;&#105;&#108;&#118;&#117;&#115;&#46;ve&#115;&#116;&#64;&#109;i&#108;vus&#46;ro\">m&#105;l&#118;us.&#118;es&#116;&#64;m&#105;&#108;&#118;u&#115;&#46;r&#111;<br><\/a>Kapcsolattart\u00f3 szem\u00e9ly: Nagy Attila<\/p>","protected":false},"excerpt":{"rendered":"A Milvus Csoport k\u00fcl\u00f6nb\u00f6z\u0151 kutat\u00e1si \u00e9s term\u00e9szetv\u00e9delmi tev\u00e9kenys\u00e9geket folytat az orsz\u00e1g nyugati v\u00e9gein m\u00e1r 1994-t\u0151l kezdve. A Milvus Csoport tagjai \u00e1ltal akkoriban elkezdett programok nagy r\u00e9sze jelenleg is \u00e9l, s\u0151t azzal, hogy a tev\u00e9kenys\u00e9gekbe bekapcsol\u00f3dtak helyi, nagyv\u00e1radi \u00e9s aradi Milvus tagok is, m\u00e9g hangs\u00falyosabbak lettek.Onnant\u00f3l kezdve, az orsz\u00e1g n\u00e9gy nyugati megy\u00e9j\u00e9ben (Szatm\u00e1r, Bihar, Arad \u00e9s [&hellip;]","protected":false},"author":2,"featured_media":0,"parent":0,"menu_order":0,"comment_status":"closed","ping_status":"closed","template":"","meta":{"_acf_changed":false,"_eb_attr":"","ocean_post_layout":"right-sidebar","ocean_both_sidebars_style":"","ocean_both_sidebars_content_width":0,"ocean_both_sidebars_sidebars_width":0,"ocean_sidebar":"ocs-milvus-west","ocean_second_sidebar":"0","ocean_disable_margins":"enable","ocean_add_body_class":"","ocean_shortcode_before_top_bar":"","ocean_shortcode_after_top_bar":"","ocean_shortcode_before_header":"","ocean_shortcode_after_header":"","ocean_has_shortcode":"","ocean_shortcode_after_title":"","ocean_shortcode_before_footer_widgets":"","ocean_shortcode_after_footer_widgets":"","ocean_shortcode_before_footer_bottom":"","ocean_shortcode_after_footer_bottom":"","ocean_display_top_bar":"default","ocean_display_header":"default","ocean_header_style":"","ocean_center_header_left_menu":"0","ocean_custom_header_template":"0","ocean_custom_logo":0,"ocean_custom_retina_logo":0,"ocean_custom_logo_max_width":0,"ocean_custom_logo_tablet_max_width":0,"ocean_custom_logo_mobile_max_width":0,"ocean_custom_logo_max_height":0,"ocean_custom_logo_tablet_max_height":0,"ocean_custom_logo_mobile_max_height":0,"ocean_header_custom_menu":"0","ocean_menu_typo_font_family":"0","ocean_menu_typo_font_subset":"","ocean_menu_typo_font_size":0,"ocean_menu_typo_font_size_tablet":0,"ocean_menu_typo_font_size_mobile":0,"ocean_menu_typo_font_size_unit":"px","ocean_menu_typo_font_weight":"","ocean_menu_typo_font_weight_tablet":"","ocean_menu_typo_font_weight_mobile":"","ocean_menu_typo_transform":"","ocean_menu_typo_transform_tablet":"","ocean_menu_typo_transform_mobile":"","ocean_menu_typo_line_height":0,"ocean_menu_typo_line_height_tablet":0,"ocean_menu_typo_line_height_mobile":0,"ocean_menu_typo_line_height_unit":"","ocean_menu_typo_spacing":0,"ocean_menu_typo_spacing_tablet":0,"ocean_menu_typo_spacing_mobile":0,"ocean_menu_typo_spacing_unit":"","ocean_menu_link_color":"","ocean_menu_link_color_hover":"","ocean_menu_link_color_active":"","ocean_menu_link_background":"","ocean_menu_link_hover_background":"","ocean_menu_link_active_background":"","ocean_menu_social_links_bg":"","ocean_menu_social_hover_links_bg":"","ocean_menu_social_links_color":"","ocean_menu_social_hover_links_color":"","ocean_disable_title":"default","ocean_disable_heading":"default","ocean_post_title":"","ocean_post_subheading":"","ocean_post_title_style":"centered","ocean_post_title_background_color":"","ocean_post_title_background":0,"ocean_post_title_bg_image_position":"","ocean_post_title_bg_image_attachment":"","ocean_post_title_bg_image_repeat":"","ocean_post_title_bg_image_size":"","ocean_post_title_height":0,"ocean_post_title_bg_overlay":0.5,"ocean_post_title_bg_overlay_color":"","ocean_disable_breadcrumbs":"off","ocean_breadcrumbs_color":"","ocean_breadcrumbs_separator_color":"","ocean_breadcrumbs_links_color":"","ocean_breadcrumbs_links_hover_color":"","ocean_display_footer_widgets":"default","ocean_display_footer_bottom":"default","ocean_custom_footer_template":"0","omw_enable_modal_window":"enable","osh_disable_topbar_sticky":"default","osh_disable_header_sticky":"default","osh_sticky_header_style":"default","osh_sticky_header_effect":"","osh_custom_sticky_logo":0,"osh_custom_retina_sticky_logo":0,"osh_custom_sticky_logo_height":0,"osh_background_color":"","osh_links_color":"","osh_links_hover_color":"","osh_links_active_color":"","osh_links_bg_color":"","osh_links_hover_bg_color":"","osh_links_active_bg_color":"","osh_menu_social_links_color":"","osh_menu_social_hover_links_color":"","footnotes":""},"class_list":["post-17725","page","type-page","status-publish","hentry","entry","owp-thumbs-layout-horizontal","owp-btn-normal","owp-tabs-layout-horizontal","has-no-thumbnails","has-product-nav"],"acf":[],"_links":{"self":[{"href":"https:\/\/milvus.ro\/hu\/wp-json\/wp\/v2\/pages\/17725","targetHints":{"allow":["GET"]}}],"collection":[{"href":"https:\/\/milvus.ro\/hu\/wp-json\/wp\/v2\/pages"}],"about":[{"href":"https:\/\/milvus.ro\/hu\/wp-json\/wp\/v2\/types\/page"}],"author":[{"embeddable":true,"href":"https:\/\/milvus.ro\/hu\/wp-json\/wp\/v2\/users\/2"}],"replies":[{"embeddable":true,"href":"https:\/\/milvus.ro\/hu\/wp-json\/wp\/v2\/comments?post=17725"}],"version-history":[{"count":1,"href":"https:\/\/milvus.ro\/hu\/wp-json\/wp\/v2\/pages\/17725\/revisions"}],"predecessor-version":[{"id":17726,"href":"https:\/\/milvus.ro\/hu\/wp-json\/wp\/v2\/pages\/17725\/revisions\/17726"}],"wp:attachment":[{"href":"https:\/\/milvus.ro\/hu\/wp-json\/wp\/v2\/media?parent=17725"}],"curies":[{"name":"wp","href":"https:\/\/api.w.org\/{rel}","templated":true}]}}