{"id":17653,"date":"2020-08-20T11:42:22","date_gmt":"2020-08-20T08:42:22","guid":{"rendered":"https:\/\/new.milvus.ro\/game-over-do-not-let-climate-change-end-the-game\/"},"modified":"2023-10-27T16:44:29","modified_gmt":"2023-10-27T13:44:29","slug":"gameon","status":"publish","type":"page","link":"https:\/\/milvus.ro\/hu\/gameon\/","title":{"rendered":"Game on! Don&#8217;t let climate change end the game!"},"content":{"rendered":"\t\t<div data-elementor-type=\"wp-page\" data-elementor-id=\"17653\" class=\"elementor elementor-17653 elementor-2217\">\n\t\t\t\t\t\t<section class=\"elementor-section elementor-top-section elementor-element elementor-element-a983940 elementor-section-boxed elementor-section-height-default elementor-section-height-default\" data-id=\"a983940\" data-element_type=\"section\">\n\t\t\t\t\t\t<div class=\"elementor-container elementor-column-gap-default\">\n\t\t\t\t\t<div class=\"elementor-column elementor-col-100 elementor-top-column elementor-element elementor-element-fa076fe\" data-id=\"fa076fe\" data-element_type=\"column\">\n\t\t\t<div class=\"elementor-widget-wrap elementor-element-populated\">\n\t\t\t\t\t\t<div class=\"elementor-element elementor-element-cf450e6 elementor-widget elementor-widget-spacer\" data-id=\"cf450e6\" data-element_type=\"widget\" data-widget_type=\"spacer.default\">\n\t\t\t\t<div class=\"elementor-widget-container\">\n\t\t\t\t\t<div class=\"elementor-spacer\">\n\t\t\t<div class=\"elementor-spacer-inner\"><\/div>\n\t\t<\/div>\n\t\t\t\t<\/div>\n\t\t\t\t<\/div>\n\t\t\t\t<div class=\"elementor-element elementor-element-ff13b5d elementor-widget elementor-widget-heading\" data-id=\"ff13b5d\" data-element_type=\"widget\" data-widget_type=\"heading.default\">\n\t\t\t\t<div class=\"elementor-widget-container\">\n\t\t\t<h2 class=\"elementor-heading-title elementor-size-medium\">Programunk c\u00e9lja<\/h2>\t\t<\/div>\n\t\t\t\t<\/div>\n\t\t\t\t<div class=\"elementor-element elementor-element-fa0613b elementor-widget elementor-widget-text-editor\" data-id=\"fa0613b\" data-element_type=\"widget\" data-widget_type=\"text-editor.default\">\n\t\t\t\t<div class=\"elementor-widget-container\">\n\t\t\t\t\t\t\t<p>A most feln\u00f6v\u0151 gener\u00e1ci\u00f3 \u00e9let\u00e9nek egyik legnagyobb \u00e9s legs\u00fcrget\u0151bb probl\u00e9m\u00e1ja a glob\u00e1lis felmeleged\u00e9s. A jelens\u00e9g, ebben az \u00fctemben haladva mind a gazdas\u00e1gi, mind a szoci\u00e1lis rendszert hamarosan fenekest\u00fcl felforgatja, r\u00e1ad\u00e1sul nem csak minket, embereket \u00e9rint, hanem minden \u00e9l\u0151l\u00e9nyt a F\u00f6ld\u00f6n. A kl\u00edmav\u00e1ltoz\u00e1s t\u00f6bbek k\u00f6z\u00f6tt a biodiverzit\u00e1s cs\u00f6kken\u00e9s\u00e9nek egyik f\u0151 okoz\u00f3ja is. Ellenben ez ford\u00edtva is igaz, a t\u00f6meges fajkihal\u00e1s gyors\u00edtja, er\u0151s\u00edti a felmeleged\u00e9si folyamatokat \u00e9s azok hat\u00e1sait. Ezek pedig olyan \u00f6kosziszt\u00e9ma szolg\u00e1ltat\u00e1sok l\u00e9t\u00e9t vesz\u00e9lyeztetik, melyek elengedhetetlexnek az emberi \u00e9let\u00e9hez. Ha a glob\u00e1lis felmeleged\u00e9s folyamat\u00e1t nem m\u00e9rs\u00e9kelj\u00fck, a term\u00e9szet olyan n\u00e9lk\u00fcl\u00f6zhetetlen ell\u00e1t\u00f3 rendszerei ker\u00fclhetnek vesz\u00e9lybe mint a beporz\u00e1s, a v\u00edz \u00e9s \u00e9lelem ell\u00e1t\u00e1s vagy a fert\u0151z\u0151 betegs\u00e9gek \u00e9s a k\u00e1rtev\u0151k elleni term\u00e9szetes v\u00e9delem.<\/p>\n<p>A term\u00e9szetben m\u0171k\u00f6d\u0151 sokoldal\u00fa kapcsolatok jelent\u0151s szerepet j\u00e1tszanak abban, hogy a F\u00f6ld alapvet\u0151 folyamatai az ember sz\u00e1m\u00e1ra kiel\u00e9g\u00edt\u0151en m\u0171k\u00f6djenek. A glob\u00e1lis felmeleged\u00e9s elleni harcban pedig ezek k\u00fcl\u00f6n\u00f6sen fel\u00e9rt\u00e9kel\u0151dnek. Legyen sz\u00f3 ak\u00e1r a fenntarthat\u00f3 mez\u0151gazdas\u00e1g fontos t\u00e9nyez\u0151j\u00e9v\u00e9 v\u00e1l\u00f3 agrobiodiverzit\u00e1sr\u00f3l, vagy ak\u00e1r a v\u00edzszab\u00e1lyoz\u00e1sban is nagy szerepet j\u00e1tsz\u00f3 erd\u0151v\u00e9delemr\u0151l, t\u00e1rsadalmunk nagyon keveset hall m\u00e9rhetetlen jelent\u0151s\u00e9g\u00fckr\u0151l. A projektpartnerek \u00e9ppen ebb\u0151l kiindulva az\u00e9rt fogtak \u00f6ssze, hogy megossz\u00e1k a l\u00e9tez\u0151 ismereteket a glob\u00e1lis felmeleged\u00e9s az emberi t\u00e1rsadalomra \u2013 k\u00fcl\u00f6n\u00f6sen Eur\u00f3p\u00e1ra \u00e9s a fejl\u0151d\u0151 orsz\u00e1gokra \u2013 gyakorolt hat\u00e1s\u00e1r\u00f3l \u00e9s az esetleges megold\u00e1si lehet\u0151s\u00e9gekr\u0151l.<\/p>\n\t\t\t\t\t\t<\/div>\n\t\t\t\t<\/div>\n\t\t\t\t<div class=\"elementor-element elementor-element-1833a5a elementor-widget elementor-widget-html\" data-id=\"1833a5a\" data-element_type=\"widget\" data-widget_type=\"html.default\">\n\t\t\t\t<div class=\"elementor-widget-container\">\n\t\t\t<iframe height=\"450\" src=\"https:\/\/www.youtube.com\/embed\/fBkDGyoJPGI\" title=\"YouTube video player\" frameborder=\"0\" allow=\"accelerometer; autoplay; clipboard-write; encrypted-media; gyroscope; picture-in-picture; web-share\" allowfullscreen><\/iframe>\t\t<\/div>\n\t\t\t\t<\/div>\n\t\t\t\t<div class=\"elementor-element elementor-element-f4d7bd9 elementor-widget elementor-widget-text-editor\" data-id=\"f4d7bd9\" data-element_type=\"widget\" data-widget_type=\"text-editor.default\">\n\t\t\t\t<div class=\"elementor-widget-container\">\n\t\t\t\t\t\t\t<p>A projekt arra szeretn\u00e9 felh\u00edvni a fiatal gener\u00e1ci\u00f3 figyelm\u00e9t, hogy mindennapi d\u00f6nt\u00e9seink nagyban befoly\u00e1solj\u00e1k a k\u00f6r\u00fcl\u00f6tt\u00fcnk l\u00e9v\u0151 vil\u00e1got. Eur\u00f3pai polg\u00e1rk\u00e9nt, egy fogyaszt\u00f3i t\u00e1rsadalom r\u00e9szek\u00e9nt, nem csak k\u00f6zvetlen k\u00f6rnyezet\u00fcnkre, hanem a term\u00e9szetre \u00e9s m\u00e1s fejl\u0151d\u0151 orsz\u00e1gokra \u00e9s az eg\u00e9sz bolyg\u00f3ra is hat\u00e1st gyakorlunk. Ezen t\u00e9nyek tudat\u00e1ban, egy fenntarthat\u00f3bb \u00e9let megteremt\u00e9s\u00e9nek rem\u00e9ny\u00e9ben, megszokott \u00e9let\u00fcnk l\u00e9p\u00e9seit tudatosan kell meghoznunk, s mindemellett pedig, k\u00f6telesek vagyunk a helyi, az orsz\u00e1gos \u00e9s az eur\u00f3pai uni\u00f3s d\u00f6nt\u00e9shoz\u00f3kra nyom\u00e1st gyakorolni. Az Eur\u00f3pai Uni\u00f3 d\u00f6nt\u00e9shoz\u00f3i pedig gazdas\u00e1gi, kereskedelmi \u00e9s szoci\u00e1lis szempontb\u00f3l is felel\u0151ss\u00e9ggel tartoznak azon fejl\u0151d\u0151 orsz\u00e1gok j\u00f3l\u00e9t\u00e9\u00e9rt, amelyek \u00e9letmin\u0151s\u00e9g\u00e9t k\u00f6zvetlen\u00fcl vagy k\u00f6zvetetten befoly\u00e1soljuk.<\/p>\n<p>A projekt f\u0151 \u00fczenete, hogy a glob\u00e1lis felmeleged\u00e9s hat\u00e1sainak m\u00e9rs\u00e9kl\u00e9se \u00e9rdek\u00e9ben ak\u00e1r egy\u00e9ni, ak\u00e1r kis k\u00f6z\u00f6ss\u00e9gi, ak\u00e1r gazdas\u00e1gi \u00e9s ak\u00e1r d\u00f6nt\u00e9shoz\u00f3i szinten, igenis tenn\u00fcnk kell.<\/p>\n\t\t\t\t\t\t<\/div>\n\t\t\t\t<\/div>\n\t\t\t\t<div class=\"elementor-element elementor-element-849bb40 elementor-widget elementor-widget-heading\" data-id=\"849bb40\" data-element_type=\"widget\" data-widget_type=\"heading.default\">\n\t\t\t\t<div class=\"elementor-widget-container\">\n\t\t\t<h2 class=\"elementor-heading-title elementor-size-medium\">A projekt:<\/h2>\t\t<\/div>\n\t\t\t\t<\/div>\n\t\t\t\t<div class=\"elementor-element elementor-element-fa469e0 elementor-widget elementor-widget-text-editor\" data-id=\"fa469e0\" data-element_type=\"widget\" data-widget_type=\"text-editor.default\">\n\t\t\t\t<div class=\"elementor-widget-container\">\n\t\t\t\t\t\t\t<p><strong>C\u00edm:<\/strong>\u00a0<a href=\"https:\/\/climategame.eu\/?fbclid=IwAR3QevOYaBT0qBEOD1Lc0d3S8tbMwQSfzv-hqAgg-Pu2xL6i31ryYrZ4fTs\">Game on! Don&#8217;t let climate change end the game!<\/a><br \/><strong>T\u00e1mogat\u00f3:<\/strong>\u00a0Development Education and Awareness Raising Programme<br \/><strong>Id\u0151tartam:<\/strong>\u00a04 \u00e9v (a projekt indul\u00e1sa: 2019 november)<br \/><strong>\u00d6sszk\u00f6lts\u00e9g:<\/strong>\u00a05.346.865 euro<br \/><strong>Partenerek:<\/strong>\u00a0A projekt a nemzetk\u00f6zi partners\u00e9gen alapul, c\u00e9lja egy olyan nemzetk\u00f6zi kommunik\u00e1ci\u00f3s kamp\u00e1ny megval\u00f3s\u00edt\u00e1sa, mely a glob\u00e1lis felmeleged\u00e9s probl\u00e9m\u00e1j\u00e1ra h\u00edvja fel a fiatal gener\u00e1ci\u00f3k figyelm\u00e9t<br \/>Partnerek:<br \/><a href=\"https:\/\/www.ceeweb.org\/hu\/\">CEEweb for Biodiversity<\/a><br \/><a href=\"http:\/\/ci-romero.de\/\">Christliche Initiative Romero e.V.<\/a><br \/><a href=\"http:\/\/www.broz.sk\/\">BROZ \u2013 Regional Association for Nature Conservation and Sustainable Development\u00a0<\/a><br \/><a href=\"http:\/\/www.bbf.biodiversity.bg\/\">Bulgarian Biodiversity Foundation<\/a><br \/><a href=\"https:\/\/mtvsz.hu\/\">Magyar Term\u00e9szetv\u00e9d\u0151k Sz\u00f6vets\u00e9ge<\/a><br \/><a href=\"http:\/\/www.glis.lt\/\">Lithuanian Fund for Nature<\/a><br \/><a href=\"http:\/\/www.ldf.lv\/\">Latvian Fund for Nature<\/a><br \/><a href=\"http:\/\/www.namysli.com\/\">Na Mysli<\/a><br \/><a href=\"https:\/\/personar.hu\/\">PersonaR Ltd- kommunik\u00e1ci\u00f3s partner<\/a><\/p><p><strong>C\u00e9l:<\/strong>\u00a0Az eur\u00f3pai fiatals\u00e1got mozg\u00f3s\u00edtani, hogy vegyen r\u00e9szt a glob\u00e1lis felmeleged\u00e9s k\u00f6vetkezm\u00e9nyeit enyh\u00edteni k\u00edv\u00e1n\u00f3 tev\u00e9kenys\u00e9gekben. Szeretn\u00e9nk hozz\u00e1j\u00e1rulni, hogy jobban meg\u00e9rts\u00e9k az \u00e9ghajlatv\u00e1ltoz\u00e1s hat\u00e1sait az emberek j\u00f3ll\u00e9t\u00e9re, \u00e9s lehets\u00e9ges k\u00f6vetkezm\u00e9nyeit Eur\u00f3pa \u00e9s a harmadik vil\u00e1g orsz\u00e1gaira.<\/p>\t\t\t\t\t\t<\/div>\n\t\t\t\t<\/div>\n\t\t\t\t<div class=\"elementor-element elementor-element-3159591 elementor-widget elementor-widget-heading\" data-id=\"3159591\" data-element_type=\"widget\" data-widget_type=\"heading.default\">\n\t\t\t\t<div class=\"elementor-widget-container\">\n\t\t\t<h2 class=\"elementor-heading-title elementor-size-medium\">A projekt f\u0151 tev\u00e9kenys\u00e9gei:<\/h2>\t\t<\/div>\n\t\t\t\t<\/div>\n\t\t\t\t<div class=\"elementor-element elementor-element-9c6ba5d elementor-widget elementor-widget-text-editor\" data-id=\"9c6ba5d\" data-element_type=\"widget\" data-widget_type=\"text-editor.default\">\n\t\t\t\t<div class=\"elementor-widget-container\">\n\t\t\t\t\t\t\t<p>A t\u00e9ma ir\u00e1nti \u00e9rz\u00e9keny\u00edt\u00e9s<\/p>\n<ul>\n<li>k\u00f6zvetlen kommunik\u00e1ci\u00f3<\/li>\n<li>m\u00fazeumok bevon\u00e1sa<\/li>\n<li>Geol\u00e1d\u00e1k elhelyez\u00e9se<\/li>\n<li>Oktat\u00e1si anyagok k\u00e9sz\u00edt\u00e9se \u00e9s terjeszt\u00e9se<\/li>\n<li>Pedag\u00f3gus tov\u00e1bbk\u00e9pz\u00e9sek szervez\u00e9se a t\u00e9m\u00e1ban<\/li>\n<li>Term\u00e9szettudom\u00e1nyi ismeretekkel nem rendelkez\u0151k sz\u00e1m\u00e1ra online kurzusok l\u00e9trehoz\u00e1sa<\/li>\n<\/ul>\n<p>Fiatalok bevon\u00e1sa a kamp\u00e1nyba<\/p>\n<ul>\n<li>Ifj\u00fas\u00e1gi nagyk\u00f6vetek bevon\u00e1sa<\/li>\n<li>\u00dajs\u00e1g\u00edr\u00f3 k\u00e9pz\u00e9s<\/li>\n<li>Tapasztalatszerz\u00e9s a glob\u00e1lis felmeleged\u00e9s hat\u00e1sainak er\u0151sen kitett orsz\u00e1gokban<\/li>\n<\/ul>\n<p>\u00c9letm\u00f3dv\u00e1lt\u00e1s a t\u00e1rsadalomban<\/p>\n<ul>\n<li>fesztiv\u00e1l z\u00f6ld\u00edt\u00e9s<\/li>\n<li>T\u00e1borok szervez\u00e9se<\/li>\n<li>lobbitev\u00e9kenys\u00e9gek d\u00f6nt\u00e9shoz\u00f3k el\u00e9r\u00e9se \u00e9rdek\u00e9ben<\/li>\n<\/ul>\n\t\t\t\t\t\t<\/div>\n\t\t\t\t<\/div>\n\t\t\t\t<div class=\"elementor-element elementor-element-281b56f elementor-widget elementor-widget-html\" data-id=\"281b56f\" data-element_type=\"widget\" data-widget_type=\"html.default\">\n\t\t\t\t<div class=\"elementor-widget-container\">\n\t\t\t<iframe height=\"450\" src=\"https:\/\/www.youtube.com\/embed\/videoseries?list=PLI4ZtBQ9maukR6IYs-IQAQ3XQj24FEOu6\" title=\"YouTube video player\" frameborder=\"0\" allow=\"accelerometer; autoplay; clipboard-write; encrypted-media; gyroscope; picture-in-picture; web-share\" allowfullscreen><\/iframe>\t\t<\/div>\n\t\t\t\t<\/div>\n\t\t\t\t<div class=\"elementor-element elementor-element-4fecd98 elementor-widget elementor-widget-text-editor\" data-id=\"4fecd98\" data-element_type=\"widget\" data-widget_type=\"text-editor.default\">\n\t\t\t\t<div class=\"elementor-widget-container\">\n\t\t\t\t\t\t\t<p><strong>Itt lehet minket k\u00f6vetni:<\/strong>\u00a0<a href=\"https:\/\/www.facebook.com\/climate.game.on\/\">Facebook,<\/a>\u00a0<a href=\"https:\/\/www.instagram.com\/milvus_group\/\">Instagram<\/a><\/p>\n<p><em><strong>Ezt a weboldalt az Eur\u00f3pai Uni\u00f3 p\u00e9nz\u00fcgyi t\u00e1mogat\u00e1s\u00e1val hozt\u00e1k l\u00e9tre \u00e9s tartj\u00e1k karban. Tartalma a Milvus Csoport Egyes\u00fclet kiz\u00e1r\u00f3lagos felel\u0151ss\u00e9ge, \u00e9s nem felt\u00e9tlen\u00fcl t\u00fckr\u00f6zi az Eur\u00f3pai Uni\u00f3 v\u00e9lem\u00e9ny\u00e9t.<\/strong><\/em><\/p>\n\t\t\t\t\t\t<\/div>\n\t\t\t\t<\/div>\n\t\t\t\t<section class=\"elementor-section elementor-inner-section elementor-element elementor-element-d819a03 elementor-section-boxed elementor-section-height-default elementor-section-height-default\" data-id=\"d819a03\" data-element_type=\"section\">\n\t\t\t\t\t\t<div class=\"elementor-container elementor-column-gap-default\">\n\t\t\t\t\t<div class=\"elementor-column elementor-col-50 elementor-inner-column elementor-element elementor-element-e3180a0\" data-id=\"e3180a0\" data-element_type=\"column\">\n\t\t\t<div class=\"elementor-widget-wrap elementor-element-populated\">\n\t\t\t\t\t\t<div class=\"elementor-element elementor-element-8d36258 elementor-widget elementor-widget-image\" data-id=\"8d36258\" data-element_type=\"widget\" data-widget_type=\"image.default\">\n\t\t\t\t<div class=\"elementor-widget-container\">\n\t\t\t\t\t\t\t\t\t\t\t\t\t\t<a href=\"https:\/\/milvus.ro\/en\/gameon\/dear-programme\/\">\n\t\t\t\t\t\t\t<img decoding=\"async\" width=\"300\" height=\"159\" src=\"https:\/\/milvus.ro\/wp-content\/uploads\/2021\/03\/logo_noflag-300x159.png\" class=\"attachment-medium size-medium wp-image-27634\" alt=\"\" srcset=\"https:\/\/milvus.ro\/wp-content\/uploads\/2021\/03\/logo_noflag-300x159.png 300w, https:\/\/milvus.ro\/wp-content\/uploads\/2021\/03\/logo_noflag.png 414w\" sizes=\"(max-width: 300px) 100vw, 300px\" \/>\t\t\t\t\t\t\t\t<\/a>\n\t\t\t\t\t\t\t\t\t\t\t\t\t<\/div>\n\t\t\t\t<\/div>\n\t\t\t\t\t<\/div>\n\t\t<\/div>\n\t\t\t\t<div class=\"elementor-column elementor-col-50 elementor-inner-column elementor-element elementor-element-8b404b6\" data-id=\"8b404b6\" data-element_type=\"column\">\n\t\t\t<div class=\"elementor-widget-wrap elementor-element-populated\">\n\t\t\t\t\t\t<div class=\"elementor-element elementor-element-39401cc elementor-widget elementor-widget-image\" data-id=\"39401cc\" data-element_type=\"widget\" data-widget_type=\"image.default\">\n\t\t\t\t<div class=\"elementor-widget-container\">\n\t\t\t\t\t\t\t\t\t\t\t\t\t<img fetchpriority=\"high\" decoding=\"async\" width=\"768\" height=\"232\" src=\"https:\/\/milvus.ro\/wp-content\/uploads\/2020\/11\/GameOn_logo_GREEN_EU-768x232.png\" class=\"attachment-medium_large size-medium_large wp-image-17975\" alt=\"\" srcset=\"https:\/\/milvus.ro\/wp-content\/uploads\/2020\/11\/GameOn_logo_GREEN_EU-768x232.png 768w, https:\/\/milvus.ro\/wp-content\/uploads\/2020\/11\/GameOn_logo_GREEN_EU-600x181.png 600w, https:\/\/milvus.ro\/wp-content\/uploads\/2020\/11\/GameOn_logo_GREEN_EU-300x91.png 300w, https:\/\/milvus.ro\/wp-content\/uploads\/2020\/11\/GameOn_logo_GREEN_EU-1024x309.png 1024w, https:\/\/milvus.ro\/wp-content\/uploads\/2020\/11\/GameOn_logo_GREEN_EU.png 1517w\" sizes=\"(max-width: 768px) 100vw, 768px\" \/>\t\t\t\t\t\t\t\t\t\t\t\t\t<\/div>\n\t\t\t\t<\/div>\n\t\t\t\t\t<\/div>\n\t\t<\/div>\n\t\t\t\t\t<\/div>\n\t\t<\/section>\n\t\t\t\t\t<\/div>\n\t\t<\/div>\n\t\t\t\t\t<\/div>\n\t\t<\/section>\n\t\t\t\t<\/div>\n\t\t","protected":false},"excerpt":{"rendered":"Programunk c\u00e9lja A most feln\u00f6v\u0151 gener\u00e1ci\u00f3 \u00e9let\u00e9nek egyik legnagyobb \u00e9s legs\u00fcrget\u0151bb probl\u00e9m\u00e1ja a glob\u00e1lis felmeleged\u00e9s. A jelens\u00e9g, ebben az \u00fctemben haladva mind a gazdas\u00e1gi, mind a szoci\u00e1lis rendszert hamarosan fenekest\u00fcl felforgatja, r\u00e1ad\u00e1sul nem csak minket, embereket \u00e9rint, hanem minden \u00e9l\u0151l\u00e9nyt a F\u00f6ld\u00f6n. A kl\u00edmav\u00e1ltoz\u00e1s t\u00f6bbek k\u00f6z\u00f6tt a biodiverzit\u00e1s cs\u00f6kken\u00e9s\u00e9nek egyik f\u0151 okoz\u00f3ja is. Ellenben ez [&hellip;]","protected":false},"author":2,"featured_media":13533,"parent":0,"menu_order":0,"comment_status":"closed","ping_status":"closed","template":"elementor_header_footer","meta":{"_acf_changed":false,"_eb_attr":"","ocean_post_layout":"","ocean_both_sidebars_style":"","ocean_both_sidebars_content_width":0,"ocean_both_sidebars_sidebars_width":0,"ocean_sidebar":"0","ocean_second_sidebar":"0","ocean_disable_margins":"enable","ocean_add_body_class":"","ocean_shortcode_before_top_bar":"","ocean_shortcode_after_top_bar":"","ocean_shortcode_before_header":"","ocean_shortcode_after_header":"","ocean_has_shortcode":"","ocean_shortcode_after_title":"[oceanwp_library id=\"2219\"]","ocean_shortcode_before_footer_widgets":"","ocean_shortcode_after_footer_widgets":"","ocean_shortcode_before_footer_bottom":"","ocean_shortcode_after_footer_bottom":"","ocean_display_top_bar":"default","ocean_display_header":"default","ocean_header_style":"","ocean_center_header_left_menu":"0","ocean_custom_header_template":"0","ocean_custom_logo":0,"ocean_custom_retina_logo":0,"ocean_custom_logo_max_width":0,"ocean_custom_logo_tablet_max_width":0,"ocean_custom_logo_mobile_max_width":0,"ocean_custom_logo_max_height":0,"ocean_custom_logo_tablet_max_height":0,"ocean_custom_logo_mobile_max_height":0,"ocean_header_custom_menu":"0","ocean_menu_typo_font_family":"0","ocean_menu_typo_font_subset":"","ocean_menu_typo_font_size":0,"ocean_menu_typo_font_size_tablet":0,"ocean_menu_typo_font_size_mobile":0,"ocean_menu_typo_font_size_unit":"px","ocean_menu_typo_font_weight":"","ocean_menu_typo_font_weight_tablet":"","ocean_menu_typo_font_weight_mobile":"","ocean_menu_typo_transform":"","ocean_menu_typo_transform_tablet":"","ocean_menu_typo_transform_mobile":"","ocean_menu_typo_line_height":0,"ocean_menu_typo_line_height_tablet":0,"ocean_menu_typo_line_height_mobile":0,"ocean_menu_typo_line_height_unit":"","ocean_menu_typo_spacing":0,"ocean_menu_typo_spacing_tablet":0,"ocean_menu_typo_spacing_mobile":0,"ocean_menu_typo_spacing_unit":"","ocean_menu_link_color":"","ocean_menu_link_color_hover":"","ocean_menu_link_color_active":"","ocean_menu_link_background":"","ocean_menu_link_hover_background":"","ocean_menu_link_active_background":"","ocean_menu_social_links_bg":"","ocean_menu_social_hover_links_bg":"","ocean_menu_social_links_color":"","ocean_menu_social_hover_links_color":"","ocean_disable_title":"default","ocean_disable_heading":"default","ocean_post_title":"","ocean_post_subheading":"","ocean_post_title_style":"background-image","ocean_post_title_background_color":"","ocean_post_title_background":27534,"ocean_post_title_bg_image_position":"center center","ocean_post_title_bg_image_attachment":"","ocean_post_title_bg_image_repeat":"no-repeat","ocean_post_title_bg_image_size":"cover","ocean_post_title_height":0,"ocean_post_title_bg_overlay":0.1,"ocean_post_title_bg_overlay_color":"#000000","ocean_disable_breadcrumbs":"default","ocean_breadcrumbs_color":"","ocean_breadcrumbs_separator_color":"","ocean_breadcrumbs_links_color":"","ocean_breadcrumbs_links_hover_color":"","ocean_display_footer_widgets":"default","ocean_display_footer_bottom":"default","ocean_custom_footer_template":"0","omw_enable_modal_window":"enable","osh_disable_topbar_sticky":"default","osh_disable_header_sticky":"default","osh_sticky_header_style":"default","osh_sticky_header_effect":"","osh_custom_sticky_logo":0,"osh_custom_retina_sticky_logo":0,"osh_custom_sticky_logo_height":0,"osh_background_color":"","osh_links_color":"","osh_links_hover_color":"","osh_links_active_color":"","osh_links_bg_color":"","osh_links_hover_bg_color":"","osh_links_active_bg_color":"","osh_menu_social_links_color":"","osh_menu_social_hover_links_color":"","footnotes":""},"class_list":["post-17653","page","type-page","status-publish","has-post-thumbnail","hentry","entry","has-media","owp-thumbs-layout-horizontal","owp-btn-normal","owp-tabs-layout-horizontal","has-no-thumbnails","has-product-nav"],"acf":[],"_links":{"self":[{"href":"https:\/\/milvus.ro\/hu\/wp-json\/wp\/v2\/pages\/17653","targetHints":{"allow":["GET"]}}],"collection":[{"href":"https:\/\/milvus.ro\/hu\/wp-json\/wp\/v2\/pages"}],"about":[{"href":"https:\/\/milvus.ro\/hu\/wp-json\/wp\/v2\/types\/page"}],"author":[{"embeddable":true,"href":"https:\/\/milvus.ro\/hu\/wp-json\/wp\/v2\/users\/2"}],"replies":[{"embeddable":true,"href":"https:\/\/milvus.ro\/hu\/wp-json\/wp\/v2\/comments?post=17653"}],"version-history":[{"count":19,"href":"https:\/\/milvus.ro\/hu\/wp-json\/wp\/v2\/pages\/17653\/revisions"}],"predecessor-version":[{"id":40374,"href":"https:\/\/milvus.ro\/hu\/wp-json\/wp\/v2\/pages\/17653\/revisions\/40374"}],"wp:featuredmedia":[{"embeddable":true,"href":"https:\/\/milvus.ro\/hu\/wp-json\/wp\/v2\/media\/13533"}],"wp:attachment":[{"href":"https:\/\/milvus.ro\/hu\/wp-json\/wp\/v2\/media?parent=17653"}],"curies":[{"name":"wp","href":"https:\/\/api.w.org\/{rel}","templated":true}]}}