{"id":17624,"date":"2020-07-29T14:46:35","date_gmt":"2020-07-29T11:46:35","guid":{"rendered":"https:\/\/new.milvus.ro\/serult-vadallatok-rehabilitacios-kozpontja\/"},"modified":"2026-04-20T15:40:02","modified_gmt":"2026-04-20T12:40:02","slug":"serult-vadallatok-rehabilitacios-kozpontja","status":"publish","type":"page","link":"https:\/\/milvus.ro\/hu\/serult-vadallatok-rehabilitacios-kozpontja\/","title":{"rendered":"S\u00e9r\u00fclt Vad\u00e1llatok Rehabilit\u00e1ci\u00f3s K\u00f6zpontja"},"content":{"rendered":"\t\t<div data-elementor-type=\"wp-page\" data-elementor-id=\"17624\" class=\"elementor elementor-17624 elementor-1437\">\n\t\t\t\t\t\t<section class=\"elementor-section elementor-top-section elementor-element elementor-element-3c021c0 elementor-section-boxed elementor-section-height-default elementor-section-height-default\" data-id=\"3c021c0\" data-element_type=\"section\">\n\t\t\t\t\t\t<div class=\"elementor-container elementor-column-gap-default\">\n\t\t\t\t\t<div class=\"elementor-column elementor-col-100 elementor-top-column elementor-element elementor-element-b337b5a\" data-id=\"b337b5a\" data-element_type=\"column\">\n\t\t\t<div class=\"elementor-widget-wrap elementor-element-populated\">\n\t\t\t\t\t\t<div class=\"elementor-element elementor-element-cc84433 elementor-widget elementor-widget-text-editor\" data-id=\"cc84433\" data-element_type=\"widget\" data-widget_type=\"text-editor.default\">\n\t\t\t\t<div class=\"elementor-widget-container\">\n\t\t\t\t\t\t\t<p><span style=\"font-weight: 400;\">\u00a0<strong>Fontos k\u00f6zlem\u00e9ny! <\/strong><\/span><\/p><p><strong>A S\u00e9r\u00fclt Vad\u00e1llatok Rehabilit\u00e1ci\u00f3s K\u00f6zpontj\u00e1nak s\u00fcrg\u0151ss\u00e9gi telefonsz\u00e1ma \u00e1prilis 21\u201328. k\u00f6z\u00f6tt nem lesz el\u00e9rhet\u0151.<\/strong><\/p><p><strong>Ebben az id\u0151szakban, ha s\u00e9r\u00fclt vagy bajba jutott vad\u00e1llatot tal\u00e1lsz, k\u00e9rj\u00fck, lehet\u0151s\u00e9g szerint vidd el a BuboBubo \u00e1llatorvosi rendel\u0151be (Marosv\u00e1s\u00e1rhely, S\u0103vine\u0219ti utca 34. sz\u00e1m).<\/strong><\/p><p><strong>K\u00f6sz\u00f6nj\u00fck meg\u00e9rt\u00e9sedet \u00e9s seg\u00edts\u00e9gedet!<\/strong><\/p>\t\t\t\t\t\t<\/div>\n\t\t\t\t<\/div>\n\t\t\t\t\t<\/div>\n\t\t<\/div>\n\t\t\t\t\t<\/div>\n\t\t<\/section>\n\t\t\t\t<section class=\"elementor-section elementor-top-section elementor-element elementor-element-cfba4bf elementor-section-boxed elementor-section-height-default elementor-section-height-default\" data-id=\"cfba4bf\" data-element_type=\"section\">\n\t\t\t\t\t\t<div class=\"elementor-container elementor-column-gap-default\">\n\t\t\t\t\t<div class=\"elementor-column elementor-col-100 elementor-top-column elementor-element elementor-element-86b0bbd\" data-id=\"86b0bbd\" data-element_type=\"column\">\n\t\t\t<div class=\"elementor-widget-wrap elementor-element-populated\">\n\t\t\t\t\t\t<div class=\"elementor-element elementor-element-baa3af4 elementor-widget elementor-widget-text-editor\" data-id=\"baa3af4\" data-element_type=\"widget\" data-widget_type=\"text-editor.default\">\n\t\t\t\t<div class=\"elementor-widget-container\">\n\t\t\t\t\t\t\t<p>A s\u00e9r\u00fclt madarak gondoz\u00e1s\u00e1val, rehabilit\u00e1ci\u00f3j\u00e1val az egyes\u00fclet megalakul\u00e1sa \u00f3ta foglalkozunk, hiszen tev\u00e9kenys\u00e9geink sor\u00e1n mindig tal\u00e1lkoztunk s\u00e9r\u00fclt, elkobzott, illeg\u00e1lisan \u00e1rult p\u00e9ld\u00e1nyokkal. A rehabilit\u00e1ci\u00f3 helysz\u00edne az els\u0151 \u00e9vekben az egyes\u00fcleti iroda udvar\u00e1n l\u00e9tes\u00edtett r\u00f6gt\u00f6nz\u00f6tt ketrecek voltak, k\u00e9s\u0151bb, a madarak helyes tart\u00e1s\u00e1nak megfelel\u0151 speci\u00e1lisan kialak\u00edtott r\u00f6pd\u00e9k l\u00e1tt\u00e1k el ezt a funkci\u00f3t.<\/p><p>A s\u00e9r\u00fclt madarak orvosi ell\u00e1t\u00e1s\u00e1t az els\u0151 \u00e9vekben t\u00f6bb marosv\u00e1s\u00e1rhelyi \u00e1llatorvosn\u00e1l ig\u00e9nyelt\u00fck, v\u00e9g\u00fcl dr. Borka Levente lelkesed\u00e9se eredm\u00e9nyek\u00e9pp l\u00e9trej\u00f6tt a Vets4Wild \u00e1llatorvosokb\u00f3l \u00e1ll\u00f3 egyes\u00fclet, mely szerves r\u00e9sz\u00e9t k\u00e9pezi a ma m\u0171k\u00f6d\u0151 Milvus rehabilit\u00e1ci\u00f3s k\u00f6zpontnak. A k\u00f6zpont infrastruktur\u00e1lis fejleszt\u00e9s\u00e9t a Milvus csoport \u00e9s a Vets4Wild saj\u00e1t emberi \u00e9s anyagi hozz\u00e1j\u00e1rul\u00e1sa mellett, p\u00e1ly\u00e1zati forr\u00e1sokb\u00f3l \u00e9s adom\u00e1nyokb\u00f3l siker\u00fclt el\u00e9rni. Jelenleg a rehabilit\u00e1ci\u00f3s k\u00f6zpont k\u00e9t egys\u00e9gb\u0151l \u00e1ll, egy marosv\u00e1s\u00e1rhelyi \u00e9s egy ny\u00e1r\u00e1dszentsimoni.<\/p>\t\t\t\t\t\t<\/div>\n\t\t\t\t<\/div>\n\t\t\t\t<div class=\"elementor-element elementor-element-5e373ea elementor-widget elementor-widget-video\" data-id=\"5e373ea\" data-element_type=\"widget\" data-settings=\"{&quot;youtube_url&quot;:&quot;https:\\\/\\\/youtu.be\\\/FBTOsFXRaR8?si=Lk9-jt0tE9C4JU33&quot;,&quot;autoplay&quot;:&quot;yes&quot;,&quot;play_on_mobile&quot;:&quot;yes&quot;,&quot;mute&quot;:&quot;yes&quot;,&quot;loop&quot;:&quot;yes&quot;,&quot;video_type&quot;:&quot;youtube&quot;,&quot;controls&quot;:&quot;yes&quot;}\" data-widget_type=\"video.default\">\n\t\t\t\t<div class=\"elementor-widget-container\">\n\t\t\t\t\t<div class=\"elementor-wrapper elementor-open-inline\">\n\t\t\t<div class=\"elementor-video\"><\/div>\t\t<\/div>\n\t\t\t\t<\/div>\n\t\t\t\t<\/div>\n\t\t\t\t<div class=\"elementor-element elementor-element-c115270 elementor-widget elementor-widget-text-editor\" data-id=\"c115270\" data-element_type=\"widget\" data-widget_type=\"text-editor.default\">\n\t\t\t\t<div class=\"elementor-widget-container\">\n\t\t\t\t\t\t\t<p>A v\u00e1s\u00e1rhelyi egys\u00e9g\u00fcnkben mindennapos ell\u00e1t\u00e1sban \u00e9s kezel\u00e9sben r\u00e9szes\u00edtj\u00fck a beker\u00fclt \u00e1llatokat. Meger\u0151s\u00f6d\u00e9s \u00e9s fel\u00e9p\u00fcl\u00e9s ut\u00e1n a ny\u00e1r\u00e1dszentsimoni egys\u00e9g\u00fcnkbe helyezz\u00fck \u00e1t a p\u00e9ld\u00e1nyokat. Szabadon enged\u00e9s el\u0151tt a nagyobb m\u00e9ret\u0171 r\u00f6pd\u00e9kben a madaraknak es\u00e9ly\u00fck van meger\u0151s\u00f6d\u00e9sre \u00e9s az izmok edz\u00e9s\u00e9re. K\u00f6zpontunk nem csak madarakat l\u00e1t el, hanem eml\u0151s\u00f6ket \u00e9s h\u00fcll\u0151ket is.<\/p>\n<p>A kialak\u00edtott orsz\u00e1gos vad\u00e1llat ment\u0151 h\u00e1l\u00f3zatnak k\u00f6sz\u00f6nhet\u0151en a rendelkez\u00e9s\u00fcnkre \u00e1ll\u00f3 t\u00f6bb mint 20 r\u00f6pd\u00e9be \u00e1tlagosan minden m\u00e1sodik nap \u00e9rkezik p\u00e1ciens. A sok sz\u00e1z telefonos tan\u00e1csad\u00e1s \u00e9s \u00fatbaigaz\u00edt\u00e1s mellett \u00e9vente t\u00f6bb mint 150 seg\u00edts\u00e9gre szorult vad\u00e1llat ker\u00fcl k\u00f6zpontunkba.<\/p>\t\t\t\t\t\t<\/div>\n\t\t\t\t<\/div>\n\t\t\t\t<div class=\"elementor-element elementor-element-7d4efd2 elementor-hidden-tablet elementor-hidden-mobile elementor-widget elementor-widget-eael-image-accordion\" data-id=\"7d4efd2\" data-element_type=\"widget\" data-widget_type=\"eael-image-accordion.default\">\n\t\t\t\t<div class=\"elementor-widget-container\">\n\t\t\t    <div class=\"eael-img-accordion accordion-direction-horizontal eael-img-accordion-horizontal-align-center eael-img-accordion-vertical-align-center\" id=\"eael-img-accordion-7d4efd2\" data-img-accordion-id=\"7d4efd2\" data-img-accordion-type=\"on-hover\">\n                    \n            <div class=\"eael-image-accordion-hover eael-image-accordion-item\" style=\"background-image: url(https:\/\/milvus.ro\/wp-content\/uploads\/2023\/11\/rehab_decembrie-3.jpg);\"  tabindex=\"0\">\n                <div class=\"overlay\">\n                    <div class=\"overlay-inner \">\n                        <h2 class=\"img-accordion-title\">Karvaly<\/h2>                    <\/div>\n                <\/div>\n            <\/div>\n                    \n            <div class=\"eael-image-accordion-hover eael-image-accordion-item\" style=\"background-image: url(https:\/\/milvus.ro\/wp-content\/uploads\/2023\/11\/rehab_noiembrie-6.jpg);\"  tabindex=\"0\">\n                <div class=\"overlay\">\n                    <div class=\"overlay-inner \">\n                        <h2 class=\"img-accordion-title\">Erdei f\u00fclesbagoly<\/h2>                    <\/div>\n                <\/div>\n            <\/div>\n                    \n            <div class=\"eael-image-accordion-hover eael-image-accordion-item\" style=\"background-image: url(https:\/\/milvus.ro\/wp-content\/uploads\/2023\/11\/rehab_ianuarie-1.jpg);\"  tabindex=\"0\">\n                <div class=\"overlay\">\n                    <div class=\"overlay-inner \">\n                        <h2 class=\"img-accordion-title\">Kuvikok<\/h2>                    <\/div>\n                <\/div>\n            <\/div>\n                    \n            <div class=\"eael-image-accordion-hover eael-image-accordion-item\" style=\"background-image: url(https:\/\/milvus.ro\/wp-content\/uploads\/2023\/11\/rehab_ozike_300.jpg);\"  tabindex=\"0\">\n                <div class=\"overlay\">\n                    <div class=\"overlay-inner \">\n                        <h2 class=\"img-accordion-title\">\u0150z<\/h2>                    <\/div>\n                <\/div>\n            <\/div>\n                <\/div>\n        <style typr=\"text\/css\">\n                    #eael-img-accordion-7d4efd2 .eael-image-accordion-hover:hover {\n                        flex: 3 1 0% !important;\n                    }\n                    #eael-img-accordion-7d4efd2 .eael-image-accordion-hover:hover:hover .overlay-inner * {\n                        opacity: 1;\n                        visibility: visible;\n                        transform: none;\n                        transition: all .3s .3s;\n                    }\n                <\/style>\t\t<\/div>\n\t\t\t\t<\/div>\n\t\t\t\t<div class=\"elementor-element elementor-element-83e1be0 elementor-widget elementor-widget-text-editor\" data-id=\"83e1be0\" data-element_type=\"widget\" data-widget_type=\"text-editor.default\">\n\t\t\t\t<div class=\"elementor-widget-container\">\n\t\t\t\t\t\t\t<p>A folyamatosan b\u0151v\u00fcl\u0151 h\u00e1l\u00f3zat mellett egy s\u00fcrg\u0151ss\u00e9gi sz\u00e1mot is m\u0171k\u00f6dtet\u00fcnk \u2013 0722533816 \u2013 ezzel is nagym\u00e9rt\u00e9kben megn\u00f6velve a s\u00e9r\u00fclt \u00e1llatok fel\u00e9p\u00fcl\u00e9s\u00e9nek es\u00e9ly\u00e9t. H\u00e9tf\u0151t\u0151l p\u00e9ntekig 8-18 \u00f3ra k\u00f6z\u00f6tt, h\u00e9tv\u00e9g\u00e9n 10-15 \u00f3ra k\u00f6z\u00f6tt. Programon k\u00edv\u00fcl k\u00e9rj\u00fck k\u00fcldjenek \u00fczenetet \u00e9s fot\u00f3t WhatsApp-on, ugyanerre a sz\u00e1mra.<\/p>\t\t\t\t\t\t<\/div>\n\t\t\t\t<\/div>\n\t\t\t\t<div class=\"elementor-element elementor-element-0d2eeed elementor-widget elementor-widget-text-editor\" data-id=\"0d2eeed\" data-element_type=\"widget\" data-widget_type=\"text-editor.default\">\n\t\t\t\t<div class=\"elementor-widget-container\">\n\t\t\t\t\t\t\t<p>Ezen a telefonsz\u00e1mon naponta t\u00f6bb- alkalmank\u00e9nt ak\u00e1r t\u00f6bb t\u00edz h\u00edv\u00e1s \u00e9rkezik az orsz\u00e1g minden pontj\u00e1b\u00f3l \u00fatbaigaz\u00edt\u00e1s\u00e9rt, tan\u00e1csok\u00e9rt valamint s\u00e9r\u00fclt vad\u00e1llat megment\u00e9s\u00e9re ir\u00e1nyul\u00f3 seg\u00edts\u00e9g\u00e9rt. A k\u00f6zpont m\u0171k\u00f6dtet\u00e9se teljesen \u00f6nk\u00e9ntes alapon t\u00f6rt\u00e9nik a k\u00e9t egyes\u00fclet k\u00f6z\u00f6s er\u0151fesz\u00edt\u00e9sek\u00e9nt.<\/p><p>A Rehabilit\u00e1ci\u00f3s K\u00f6zpont koordin\u00e1tora: Kom\u00e1romi R\u00e9ka<\/p><p>Els\u0151seg\u00e9lypontok, ahova m\u00e9g fordulhatnak seg\u00edts\u00e9g\u00e9rt:<\/p><ul><li><strong>\u00c9lesd\u2013 Bihar<\/strong> \u2013 <em><strong>Dr. Tordai Tibor<\/strong> <\/em>tel. 0745 457 657<\/li><li><strong>Arad<\/strong> \u2013 <em><strong>Dr. Solyom Levente<\/strong> <\/em>tel. 0743 600 506<\/li><li><strong>Beszterce<\/strong> \u2013 <em><strong>Dr. Isabela Rivo<\/strong> <\/em>tel. 0749 773 461 \/ \u00f6nk\u00e9ntes \u2013 <em><strong>Balogh Szid\u00f3nia<\/strong><\/em> tel. 0748 675 107<\/li><li><strong>Beszterce<\/strong> &#8211; <em><strong>Dr. Alina Gherman<\/strong><\/em> tel.0742404352<\/li><li><strong>Botos\u00e1n<\/strong> \u2013 \u00f6nk\u00e9ntes \u2013 <em><strong>Anca Hrituleac<\/strong><\/em> tel. 0749 500 384<\/li><li><strong>Brass\u00f3<\/strong> &#8211; <em><strong>Dr. Dombay Endre<\/strong><\/em> tel. 0745 137 930<\/li><li><strong>Brass\u00f3<\/strong> &#8211; <strong>Barcaszentp\u00e9ter,<\/strong> <em><strong>Dr. Kolcs\u00e1r Robert<\/strong> <\/em>0722 193 418<\/li><li><strong>Bukarest <\/strong>&#8211;\u00a0 <em><strong>Visul Luanei Alap\u00edtv\u00e1ny<\/strong><\/em> tel. 0748 395 859<\/li><li><strong>Kolozsv\u00e1r<\/strong> &#8211;\u00a0 <em><strong>Dr. Georgiana Lupu<\/strong><\/em>, USAMV Kolozsv\u00e1r, tel. 0728 967 984<\/li><li><strong>Kolozsv\u00e1r<\/strong> \u2013 <em><strong>Dr. Manases S\u00e1ndor<\/strong><\/em> tel. 0723 177 343<\/li><li><strong>Kolozsv\u00e1r<\/strong>\u00a0&#8211; <em><strong>Transylvania Wildlife Rescue<\/strong> <\/em>tel. 0741 028 697<\/li><li>\u00a0<\/li><li><strong>Kar\u00e1csonk\u0151 (Piatra Neam\u021b)<\/strong> \u2013 <em><strong>Inovet Care \u00c1llatorvosi Rendel\u0151<\/strong><\/em> tel. 0728 146 343<\/li><li><strong>Nagyszeben<\/strong>\u2013 <em><strong>Prietenii Berzelor<\/strong><\/em> tel. 0723 327 931<\/li><li><strong>Nagyv\u00e1rad<\/strong> &#8211; \u00f6nk\u00e9ntes &#8211; <em><strong>Ana-Daniela Ciocan<\/strong><\/em> tel. 0731 528 443<\/li><li><strong>Szatm\u00e1rn\u00e9meti<\/strong> \u2013 <em><strong>Dr. Condurache Vlad<\/strong><\/em> tel. 0741 088 565 \/ \u00f6nk\u00e9ntes- <em><strong>M\u00e1rk Nagy J\u00e1nos<\/strong><\/em> tel. 0721 514 137<\/li><li><strong>Szentegyh\u00e1za (Vlahi\u021ba)<\/strong> \u2013 \u00f6nk\u00e9ntes \u2013 <em><strong>Kosa Csaba<\/strong><\/em> tel. 0745 147 599<\/li><li><strong>Temesv\u00e1r<\/strong> \u2013 \u00f6nk\u00e9ntes \u2013 <em><strong>Moldovan Silvia<\/strong><\/em> tel. 0724 898 390<\/li><li><strong>Torda<\/strong> \u2013 <em><strong>Dr. Udvary Margareta<\/strong> <\/em>tel. 0744 773 449<\/li><li><strong>Tulcea<\/strong> &#8211; <em><strong>Dr. Maximilian Alexandru<\/strong><\/em>, Anim All Delta, tel. 0740 200 657<\/li><li><strong>Vr\u00e1ncsa \u2013 Petre\u0219ti<\/strong>,\u00a0 <strong>V\u00e2n\u0103tori k\u00f6zs\u00e9g<\/strong>, tel. 0766 357 115 , <em><strong>Dr. Vlad George<\/strong> <\/em>tel. 0721 458 338<\/li><\/ul><p><a href=\"https:\/\/milvus.ro\/wp-content\/uploads\/2025\/05\/rehab-rezumat-1.xlsx\">Vad\u00e1llatok Rehabilit\u00e1ci\u00f3s K\u00f6zpontj\u00e1nak jelent\u00e9se 2020-2024 k\u00f6z\u00f6tt<\/a><br \/><a href=\"https:\/\/milvus.ro\/wp-content\/uploads\/2020\/07\/Raport-anual-din-2019-al-Centrului-de-Reabilitare-pentru-animale-salbatice-MILVUS.pdf\" target=\"_blank\" rel=\"noreferrer noopener\" data-type=\"URL\" data-id=\"https:\/\/milvus.ro\/wp-content\/uploads\/2020\/07\/Raport-anual-din-2019-al-Centrului-de-Reabilitare-pentru-animale-salbatice-MILVUS.pdf\">Vad\u00e1llatok Rehabilit\u00e1ci\u00f3s K\u00f6zpontj\u00e1nak \u00e9ves jelent\u00e9se 2019<\/a>\u00a0<br \/><a href=\"https:\/\/milvus.ro\/raport-anual-al-centrul-de-reabilitare-a-animalelor-salbatice-ranite-milvus-2016\/\">Vad\u00e1llatok Rehabilit\u00e1ci\u00f3s K\u00f6zpontj\u00e1nak \u00e9ves jelent\u00e9se 2016<\/a>\u00a0<br \/><a href=\"http:\/\/milvus.ro\/wp-content\/uploads\/images\/PDF\/raportrehab2014.pdf\">Vad\u00e1llatok Rehabilit\u00e1ci\u00f3s K\u00f6zpontj\u00e1nak \u00e9ves jelent\u00e9se 2014<\/a><br \/><a href=\"https:\/\/milvus.ro\/hu\/numarul-8-din-raportul-trimestrial-al-centrului-de-reabilitare-milvus-iulie-septembrie-2013\/\">Vad\u00e1llatok Rehabilit\u00e1ci\u00f3s K\u00f6zpontj\u00e1nak jelent\u00e9se, 2013\u00a0j\u00falius-szeptember<\/a><br \/><a href=\"https:\/\/milvus.ro\/hu\/numarul-7-din-raportul-trimestrial-al-centrului-de-reabilitare-milvus-aprilie-iunie-2013\/\">Vad\u00e1llatok Rehabilit\u00e1ci\u00f3s K\u00f6zpontj\u00e1nak jelent\u00e9se, 2013 \u00e1prilis-j\u00fanius<\/a>\u00a0<br \/><a href=\"https:\/\/milvus.ro\/hu\/numarul-6-din-raportul-trimestrial-al-centrului-de-reabilitare-milvus-ianuarie-martie-2013\/\">Vad\u00e1llatok Rehabilit\u00e1ci\u00f3s K\u00f6zpontj\u00e1nak jelent\u00e9se, 2013 janu\u00e1r &#8211; m\u00e1rcius\u00a0<br \/><\/a><a href=\"https:\/\/milvus.ro\/hu\/a-milvus-madarkorhaz-v-haromhavi-beszamoloja-2012-oktober-december\/\">Vad\u00e1llatok Rehabilit\u00e1ci\u00f3s K\u00f6zpontj\u00e1nak jelent\u00e9se, 2012 okt\u00f3ber-december<\/a><br \/><a href=\"https:\/\/milvus.ro\/hu\/numarul-4-din-raportul-bilunar-de-acum-trimestrial-al-centrului-de-reabilitare-milvus-iulie-septembrie-2012-2\/\">Vad\u00e1llatok Rehabilit\u00e1ci\u00f3s K\u00f6zpontj\u00e1nak jelent\u00e9se, 2012 j\u00falius-szeptember<\/a><br \/><a href=\"https:\/\/milvus.ro\/hu\/numarul-3-din-raportul-bilunar-al-centrului-de-reabilitare-milvus-mai-iunie-2012\/\">Vad\u00e1llatok Rehabilit\u00e1ci\u00f3s K\u00f6zpontj\u00e1nak jelent\u00e9se, 2012 m\u00e1jus-j\u00fanius\u00a0<\/a><br \/><a href=\"https:\/\/milvus.ro\/numarul-2-din-raportul-bilunar-al-centrului-de-reabilitare-milvus-martie-aprilie-2012\/\">Vad\u00e1llatok Rehabilit\u00e1ci\u00f3s k\u00f6zpontj\u00e1nak jelent\u00e9se, 2012 m\u00e1rcius-\u00e1prilis (rom\u00e1n nyelven)<\/a><br \/><a href=\"https:\/\/milvus.ro\/numarul-1-din-raportul-bilunar-al-centrului-de-reabilitare-milvus-ianuarie-februarie-2012\/\">Vad\u00e1llatok Rehabilit\u00e1ci\u00f3s K\u00f6zpontj\u00e1nak jelent\u00e9se, 2012 janu\u00e1r-febru\u00e1r (rom\u00e1n nyelven)<\/a><\/p>\t\t\t\t\t\t<\/div>\n\t\t\t\t<\/div>\n\t\t\t\t<section class=\"elementor-section elementor-inner-section elementor-element elementor-element-c081766 elementor-section-boxed elementor-section-height-default elementor-section-height-default\" data-id=\"c081766\" data-element_type=\"section\">\n\t\t\t\t\t\t<div class=\"elementor-container elementor-column-gap-default\">\n\t\t\t\t\t<div class=\"elementor-column elementor-col-50 elementor-inner-column elementor-element elementor-element-2072943\" data-id=\"2072943\" data-element_type=\"column\">\n\t\t\t<div class=\"elementor-widget-wrap elementor-element-populated\">\n\t\t\t\t\t\t<div class=\"elementor-element elementor-element-c313d64 elementor-widget elementor-widget-image\" data-id=\"c313d64\" data-element_type=\"widget\" data-widget_type=\"image.default\">\n\t\t\t\t<div class=\"elementor-widget-container\">\n\t\t\t\t\t\t\t\t\t\t\t\t\t<img decoding=\"async\" width=\"300\" height=\"114\" src=\"https:\/\/milvus.ro\/wp-content\/uploads\/2023\/11\/vets4wild-300x114.png\" class=\"attachment-medium size-medium wp-image-40763\" alt=\"\" srcset=\"https:\/\/milvus.ro\/wp-content\/uploads\/2023\/11\/vets4wild-300x114.png 300w, https:\/\/milvus.ro\/wp-content\/uploads\/2023\/11\/vets4wild.png 355w\" sizes=\"(max-width: 300px) 100vw, 300px\" \/>\t\t\t\t\t\t\t\t\t\t\t\t\t<\/div>\n\t\t\t\t<\/div>\n\t\t\t\t\t<\/div>\n\t\t<\/div>\n\t\t\t\t<div class=\"elementor-column elementor-col-50 elementor-inner-column elementor-element elementor-element-63ca2b0\" data-id=\"63ca2b0\" data-element_type=\"column\">\n\t\t\t<div class=\"elementor-widget-wrap elementor-element-populated\">\n\t\t\t\t\t\t<div class=\"elementor-element elementor-element-9503b86 elementor-widget elementor-widget-image\" data-id=\"9503b86\" data-element_type=\"widget\" data-widget_type=\"image.default\">\n\t\t\t\t<div class=\"elementor-widget-container\">\n\t\t\t\t\t\t\t\t\t\t\t\t\t<img decoding=\"async\" width=\"147\" height=\"120\" src=\"https:\/\/milvus.ro\/wp-content\/uploads\/2023\/11\/wlrlogo.png\" class=\"attachment-large size-large wp-image-40781\" alt=\"\" \/>\t\t\t\t\t\t\t\t\t\t\t\t\t<\/div>\n\t\t\t\t<\/div>\n\t\t\t\t\t<\/div>\n\t\t<\/div>\n\t\t\t\t\t<\/div>\n\t\t<\/section>\n\t\t\t\t\t<\/div>\n\t\t<\/div>\n\t\t\t\t\t<\/div>\n\t\t<\/section>\n\t\t\t\t<\/div>\n\t\t","protected":false},"excerpt":{"rendered":"\u00a0Fontos k\u00f6zlem\u00e9ny! A S\u00e9r\u00fclt Vad\u00e1llatok Rehabilit\u00e1ci\u00f3s K\u00f6zpontj\u00e1nak s\u00fcrg\u0151ss\u00e9gi telefonsz\u00e1ma \u00e1prilis 21\u201328. k\u00f6z\u00f6tt nem lesz el\u00e9rhet\u0151.Ebben az id\u0151szakban, ha s\u00e9r\u00fclt vagy bajba jutott vad\u00e1llatot tal\u00e1lsz, k\u00e9rj\u00fck, lehet\u0151s\u00e9g szerint vidd el a BuboBubo \u00e1llatorvosi rendel\u0151be (Marosv\u00e1s\u00e1rhely, S\u0103vine\u0219ti utca 34. sz\u00e1m).K\u00f6sz\u00f6nj\u00fck meg\u00e9rt\u00e9sedet \u00e9s seg\u00edts\u00e9gedet!A s\u00e9r\u00fclt madarak gondoz\u00e1s\u00e1val, rehabilit\u00e1ci\u00f3j\u00e1val az egyes\u00fclet megalakul\u00e1sa \u00f3ta foglalkozunk, hiszen tev\u00e9kenys\u00e9geink sor\u00e1n mindig tal\u00e1lkoztunk [&hellip;]","protected":false},"author":2,"featured_media":1465,"parent":0,"menu_order":0,"comment_status":"closed","ping_status":"closed","template":"","meta":{"_acf_changed":false,"_eb_attr":"","ocean_post_layout":"right-sidebar","ocean_both_sidebars_style":"","ocean_both_sidebars_content_width":0,"ocean_both_sidebars_sidebars_width":0,"ocean_sidebar":"ocs-rehab","ocean_second_sidebar":"0","ocean_disable_margins":"enable","ocean_add_body_class":"","ocean_shortcode_before_top_bar":"","ocean_shortcode_after_top_bar":"","ocean_shortcode_before_header":"","ocean_shortcode_after_header":"","ocean_has_shortcode":"","ocean_shortcode_after_title":"[oceanwp_library id=\"30781\"]","ocean_shortcode_before_footer_widgets":"","ocean_shortcode_after_footer_widgets":"","ocean_shortcode_before_footer_bottom":"","ocean_shortcode_after_footer_bottom":"","ocean_display_top_bar":"default","ocean_display_header":"default","ocean_header_style":"","ocean_center_header_left_menu":"0","ocean_custom_header_template":"0","ocean_custom_logo":0,"ocean_custom_retina_logo":0,"ocean_custom_logo_max_width":0,"ocean_custom_logo_tablet_max_width":0,"ocean_custom_logo_mobile_max_width":0,"ocean_custom_logo_max_height":0,"ocean_custom_logo_tablet_max_height":0,"ocean_custom_logo_mobile_max_height":0,"ocean_header_custom_menu":"0","ocean_menu_typo_font_family":"0","ocean_menu_typo_font_subset":"","ocean_menu_typo_font_size":0,"ocean_menu_typo_font_size_tablet":0,"ocean_menu_typo_font_size_mobile":0,"ocean_menu_typo_font_size_unit":"px","ocean_menu_typo_font_weight":"","ocean_menu_typo_font_weight_tablet":"","ocean_menu_typo_font_weight_mobile":"","ocean_menu_typo_transform":"","ocean_menu_typo_transform_tablet":"","ocean_menu_typo_transform_mobile":"","ocean_menu_typo_line_height":0,"ocean_menu_typo_line_height_tablet":0,"ocean_menu_typo_line_height_mobile":0,"ocean_menu_typo_line_height_unit":"","ocean_menu_typo_spacing":0,"ocean_menu_typo_spacing_tablet":0,"ocean_menu_typo_spacing_mobile":0,"ocean_menu_typo_spacing_unit":"","ocean_menu_link_color":"","ocean_menu_link_color_hover":"","ocean_menu_link_color_active":"","ocean_menu_link_background":"","ocean_menu_link_hover_background":"","ocean_menu_link_active_background":"","ocean_menu_social_links_bg":"","ocean_menu_social_hover_links_bg":"","ocean_menu_social_links_color":"","ocean_menu_social_hover_links_color":"","ocean_disable_title":"enable","ocean_disable_heading":"enable","ocean_post_title":"","ocean_post_subheading":"","ocean_post_title_style":"background-image","ocean_post_title_background_color":"","ocean_post_title_background":22225,"ocean_post_title_bg_image_position":"center center","ocean_post_title_bg_image_attachment":"","ocean_post_title_bg_image_repeat":"no-repeat","ocean_post_title_bg_image_size":"cover","ocean_post_title_height":450,"ocean_post_title_bg_overlay":0.3,"ocean_post_title_bg_overlay_color":"#000000","ocean_disable_breadcrumbs":"off","ocean_breadcrumbs_color":"","ocean_breadcrumbs_separator_color":"","ocean_breadcrumbs_links_color":"","ocean_breadcrumbs_links_hover_color":"","ocean_display_footer_widgets":"default","ocean_display_footer_bottom":"default","ocean_custom_footer_template":"0","omw_enable_modal_window":"enable","osh_disable_topbar_sticky":"default","osh_disable_header_sticky":"default","osh_sticky_header_style":"default","osh_sticky_header_effect":"","osh_custom_sticky_logo":0,"osh_custom_retina_sticky_logo":0,"osh_custom_sticky_logo_height":0,"osh_background_color":"","osh_links_color":"","osh_links_hover_color":"","osh_links_active_color":"","osh_links_bg_color":"","osh_links_hover_bg_color":"","osh_links_active_bg_color":"","osh_menu_social_links_color":"","osh_menu_social_hover_links_color":"","footnotes":""},"class_list":["post-17624","page","type-page","status-publish","has-post-thumbnail","hentry","entry","has-media","owp-thumbs-layout-horizontal","owp-btn-normal","owp-tabs-layout-horizontal","has-no-thumbnails","has-product-nav"],"acf":[],"_links":{"self":[{"href":"https:\/\/milvus.ro\/hu\/wp-json\/wp\/v2\/pages\/17624","targetHints":{"allow":["GET"]}}],"collection":[{"href":"https:\/\/milvus.ro\/hu\/wp-json\/wp\/v2\/pages"}],"about":[{"href":"https:\/\/milvus.ro\/hu\/wp-json\/wp\/v2\/types\/page"}],"author":[{"embeddable":true,"href":"https:\/\/milvus.ro\/hu\/wp-json\/wp\/v2\/users\/2"}],"replies":[{"embeddable":true,"href":"https:\/\/milvus.ro\/hu\/wp-json\/wp\/v2\/comments?post=17624"}],"version-history":[{"count":85,"href":"https:\/\/milvus.ro\/hu\/wp-json\/wp\/v2\/pages\/17624\/revisions"}],"predecessor-version":[{"id":51615,"href":"https:\/\/milvus.ro\/hu\/wp-json\/wp\/v2\/pages\/17624\/revisions\/51615"}],"wp:featuredmedia":[{"embeddable":true,"href":"https:\/\/milvus.ro\/hu\/wp-json\/wp\/v2\/media\/1465"}],"wp:attachment":[{"href":"https:\/\/milvus.ro\/hu\/wp-json\/wp\/v2\/media?parent=17624"}],"curies":[{"name":"wp","href":"https:\/\/api.w.org\/{rel}","templated":true}]}}