{"id":17595,"date":"2020-11-15T21:27:01","date_gmt":"2020-11-15T19:27:01","guid":{"rendered":"https:\/\/new.milvus.ro\/?page_id=17595"},"modified":"2020-11-30T12:48:06","modified_gmt":"2020-11-30T10:48:06","slug":"studiul-migratiei-a-pasarilor-rapitoare","status":"publish","type":"page","link":"https:\/\/milvus.ro\/hu\/monitoring\/studiul-migratiei-a-pasarilor-rapitoare\/","title":{"rendered":"A ragadoz\u00f3 madarak vonul\u00e1s\u00e1nak kutat\u00e1sa"},"content":{"rendered":"\t\t<div data-elementor-type=\"wp-page\" data-elementor-id=\"17595\" class=\"elementor elementor-17595 elementor-17224\">\n\t\t\t\t\t\t<section class=\"elementor-section elementor-top-section elementor-element elementor-element-3295f51 elementor-section-full_width elementor-section-height-default elementor-section-height-default\" data-id=\"3295f51\" data-element_type=\"section\">\n\t\t\t\t\t\t<div class=\"elementor-container elementor-column-gap-default\">\n\t\t\t\t\t<div class=\"elementor-column elementor-col-100 elementor-top-column elementor-element elementor-element-8a9adb2\" data-id=\"8a9adb2\" data-element_type=\"column\">\n\t\t\t<div class=\"elementor-widget-wrap elementor-element-populated\">\n\t\t\t\t\t\t<div class=\"elementor-element elementor-element-bdca93c elementor-widget elementor-widget-text-editor\" data-id=\"bdca93c\" data-element_type=\"widget\" data-widget_type=\"text-editor.default\">\n\t\t\t\t<div class=\"elementor-widget-container\">\n\t\t\t\t\t\t\t<p>A ragadoz\u00f3 \u00e9s m\u00e1s termikel\u0151 madarak saj\u00e1tos rep\u00fcl\u00e9si m\u00f3djuknak k\u00f6vetkezt\u00e9ben vonul\u00e1s k\u00f6zben elker\u00fclik a tengereket \u00e9s a magas hegys\u00e9geket. Ennek k\u00f6vetkezt\u00e9ben bizonyos tengerek \u00e9s hegys\u00e9gek \u00e1ltal hat\u00e1rolt sz\u0171kebb folyos\u00f3kon nagy sz\u00e1mban koncentr\u00e1l\u00f3dnak. Egy ilyen folyos\u00f3 tal\u00e1lhat\u00f3 Rom\u00e1ni\u00e1ban a Fekete tenger \u00e9s a K\u00e1rp\u00e1tok vonulata k\u00f6z\u00f6tt, illetve Boszporuszon, ahol gyakorlatilag egy 20-25 kilom\u00e9teres s\u00e1vban vonul \u00e1t t\u00f6bb faj K\u00f6z\u00e9p-Kelet Eur\u00f3p\u00e1ban f\u00e9szkel\u0151 \u00e1llom\u00e1nya teljes eg\u00e9sz\u00e9ben.<\/p><p>A ragadoz\u00f3 \u00e9s m\u00e1s termikel\u0151 madarak vonul\u00e1s\u00e1nak tanulm\u00e1nyoz\u00e1sa a Milvus Csoport egyik legfontosabb kutat\u00e1si tev\u00e9kenys\u00e9ge. Az elm\u00falt \u00e9vek sor\u00e1n t\u00f6bb t\u00e1bort szervezt\u00fcnk a kutat\u00e1sukra:<\/p>\t\t\t\t\t\t<\/div>\n\t\t\t\t<\/div>\n\t\t\t\t\t<\/div>\n\t\t<\/div>\n\t\t\t\t\t<\/div>\n\t\t<\/section>\n\t\t\t\t<section class=\"elementor-section elementor-top-section elementor-element elementor-element-b216c57 elementor-section-full_width elementor-section-height-default elementor-section-height-default\" data-id=\"b216c57\" data-element_type=\"section\">\n\t\t\t\t\t\t<div class=\"elementor-container elementor-column-gap-default\">\n\t\t\t\t\t<div class=\"elementor-column elementor-col-33 elementor-top-column elementor-element elementor-element-b16e69d\" data-id=\"b16e69d\" data-element_type=\"column\">\n\t\t\t<div class=\"elementor-widget-wrap elementor-element-populated\">\n\t\t\t\t\t\t<div class=\"elementor-element elementor-element-78dd17c elementor-position-top elementor-widget elementor-widget-image-box\" data-id=\"78dd17c\" data-element_type=\"widget\" data-widget_type=\"image-box.default\">\n\t\t\t\t<div class=\"elementor-widget-container\">\n\t\t\t<div class=\"elementor-image-box-wrapper\"><figure class=\"elementor-image-box-img\"><img fetchpriority=\"high\" decoding=\"async\" width=\"640\" height=\"480\" src=\"https:\/\/milvus.ro\/wp-content\/uploads\/2020\/10\/Macin.jpg\" class=\"attachment-full size-full wp-image-17199\" alt=\"\" srcset=\"https:\/\/milvus.ro\/wp-content\/uploads\/2020\/10\/Macin.jpg 640w, https:\/\/milvus.ro\/wp-content\/uploads\/2020\/10\/Macin-600x450.jpg 600w, https:\/\/milvus.ro\/wp-content\/uploads\/2020\/10\/Macin-300x225.jpg 300w\" sizes=\"(max-width: 640px) 100vw, 640px\" \/><\/figure><div class=\"elementor-image-box-content\"><h3 class=\"elementor-image-box-title\">1. M\u0103cin hegys\u00e9g<\/h3><p class=\"elementor-image-box-description\"> A t\u00e1bor 2002-t\u0151l 2007-ig m\u0171k\u00f6d\u00f6tt, minden \u00e9vben augusztus k\u00f6zepe \u00e9s okt\u00f3ber k\u00f6zepe k\u00f6z\u00f6tt. Itt \u00e9vente 8 000-14 000 ragadoz\u00f3t \u00e9s 10 000-40 000 g\u00f3ly\u00e1t sz\u00e1moltunk, a legfontosabb eredm\u00e9nyek pedig a c\u00e9lfajok vonul\u00e1si dinamik\u00e1j\u00e1nak \u00e9s id\u0151z\u00edt\u00e9s\u00e9nek a tiszt\u00e1z\u00e1sa volt.<\/p><\/div><\/div>\t\t<\/div>\n\t\t\t\t<\/div>\n\t\t\t\t\t<\/div>\n\t\t<\/div>\n\t\t\t\t<div class=\"elementor-column elementor-col-33 elementor-top-column elementor-element elementor-element-a71d621\" data-id=\"a71d621\" data-element_type=\"column\">\n\t\t\t<div class=\"elementor-widget-wrap elementor-element-populated\">\n\t\t\t\t\t\t<div class=\"elementor-element elementor-element-9b053db elementor-position-top elementor-widget elementor-widget-image-box\" data-id=\"9b053db\" data-element_type=\"widget\" data-widget_type=\"image-box.default\">\n\t\t\t\t<div class=\"elementor-widget-container\">\n\t\t\t<div class=\"elementor-image-box-wrapper\"><figure class=\"elementor-image-box-img\"><img decoding=\"async\" width=\"577\" height=\"433\" src=\"https:\/\/milvus.ro\/wp-content\/uploads\/2020\/10\/bosfor.jpg\" class=\"attachment-full size-full wp-image-17229\" alt=\"\" srcset=\"https:\/\/milvus.ro\/wp-content\/uploads\/2020\/10\/bosfor.jpg 577w, https:\/\/milvus.ro\/wp-content\/uploads\/2020\/10\/bosfor-300x225.jpg 300w\" sizes=\"(max-width: 577px) 100vw, 577px\" \/><\/figure><div class=\"elementor-image-box-content\"><h3 class=\"elementor-image-box-title\">2. Boszporusz<\/h3><p class=\"elementor-image-box-description\">2008-ban az egyes\u00fclet tagjai elhat\u00e1rozt\u00e1k, hogy a b\u00e9k\u00e1sz\u00f3 sas vonul\u00e1s\u00e1t lefed\u0151 21 napos peri\u00f3dusban egy ragadoz\u00f3mad\u00e1r vonul\u00e1s kutat\u00f3 t\u00e1bort szerveznek Boszporuszon. A sz\u00e1mol\u00e1s, el\u0151sz\u00f6r a boszporuszi sz\u00e1mol\u00e1sok t\u00f6rt\u00e9nelm\u00e9ben, p\u00e1rhuzamosan t\u00f6rt\u00e9nt 4 k\u00fcl\u00f6nb\u00f6z\u0151 megfigyel\u0151pontr\u00f3l, lefedve a Boszporusz legnagyobb r\u00e9sz\u00e9t. A h\u00e1rom h\u00e9t alatt \u00f6sszesen 141 000 ragadoz\u00f3t siker\u00fclt megfigyelni, t\u00f6bbek k\u00f6z\u00f6tt 58 000 b\u00e9k\u00e1sz\u00f3 sast \u00e9s 74 000 eger\u00e9sz \u00f6lyvet.<\/p><\/div><\/div>\t\t<\/div>\n\t\t\t\t<\/div>\n\t\t\t\t\t<\/div>\n\t\t<\/div>\n\t\t\t\t<div class=\"elementor-column elementor-col-33 elementor-top-column elementor-element elementor-element-4210131\" data-id=\"4210131\" data-element_type=\"column\">\n\t\t\t<div class=\"elementor-widget-wrap elementor-element-populated\">\n\t\t\t\t\t\t<div class=\"elementor-element elementor-element-3ccf294 elementor-position-top elementor-widget elementor-widget-image-box\" data-id=\"3ccf294\" data-element_type=\"widget\" data-widget_type=\"image-box.default\">\n\t\t\t\t<div class=\"elementor-widget-container\">\n\t\t\t<div class=\"elementor-image-box-wrapper\"><figure class=\"elementor-image-box-img\"><a href=\"https:\/\/milvus.ro\/hu\/monitoring\/studiul-migratiei-a-pasarilor-rapitoare\/romana-studiul-migratiei-de-toamna-a-pasarilor-rapitoare-din-dobrogea-20102011\/\" tabindex=\"-1\"><img decoding=\"async\" width=\"2560\" height=\"1920\" src=\"https:\/\/milvus.ro\/wp-content\/uploads\/2020\/10\/dscf3895-scaled.jpg\" class=\"attachment-full size-full wp-image-17216\" alt=\"\" srcset=\"https:\/\/milvus.ro\/wp-content\/uploads\/2020\/10\/dscf3895-scaled.jpg 2560w, https:\/\/milvus.ro\/wp-content\/uploads\/2020\/10\/dscf3895-scaled-600x450.jpg 600w, https:\/\/milvus.ro\/wp-content\/uploads\/2020\/10\/dscf3895-300x225.jpg 300w, https:\/\/milvus.ro\/wp-content\/uploads\/2020\/10\/dscf3895-1024x768.jpg 1024w, https:\/\/milvus.ro\/wp-content\/uploads\/2020\/10\/dscf3895-768x576.jpg 768w, https:\/\/milvus.ro\/wp-content\/uploads\/2020\/10\/dscf3895-1536x1152.jpg 1536w, https:\/\/milvus.ro\/wp-content\/uploads\/2020\/10\/dscf3895-2048x1536.jpg 2048w\" sizes=\"(max-width: 2560px) 100vw, 2560px\" \/><\/a><\/figure><div class=\"elementor-image-box-content\"><h3 class=\"elementor-image-box-title\"><a href=\"https:\/\/milvus.ro\/hu\/monitoring\/studiul-migratiei-a-pasarilor-rapitoare\/romana-studiul-migratiei-de-toamna-a-pasarilor-rapitoare-din-dobrogea-20102011\/\">3. Dobrudzsa<\/a><\/h3><p class=\"elementor-image-box-description\">A M\u0103cini tapasztalatokb\u00f3l, alkalmi megfigyel\u00e9sekb\u0151l, valamint jelad\u00f3s madarakt\u00f3l sz\u00e1rmaz\u00f3 inform\u00e1ci\u00f3k arra utaltak, hogy eg\u00e9sz kelet Rom\u00e1nia, \u00edgy Dobrudzsa eg\u00e9sze is r\u00e9sze egy fontos vonul\u00e1si \u00fatvonalnak. Ennek a r\u00e9szleges megismer\u00e9s\u00e9re tett pr\u00f3b\u00e1lkoz\u00e1s volt a 2010-ben megszervezett t\u00e1bor, 15 megfigyel\u0151ponttal \u00c9szak Dobrudzs\u00e1ban, illetve 2011-ben 13 megfigyel\u0151ponttal D\u00e9l Dobrudzs\u00e1ban. 2012-ben h\u00e1rom tov\u00e1bbi megfigyel\u0151pontr\u00f3l t\u00f6rt\u00e9nt sz\u00e1mol\u00e1s a M\u0103cin-hegys\u00e9g k\u00fcl\u00f6nb\u00f6z\u0151 pontjain. A sz\u00e1mol\u00e1s p\u00e1rhuzamosan t\u00f6rt\u00e9nt a megfigyel\u0151pontokr\u00f3l. Az eredm\u00e9nyek seg\u00edtettek kijel\u00f6lni a vonul\u00e1s szempontj\u00e1b\u00f3l fontosabb folyos\u00f3kat Dobrudzs\u00e1n bel\u00fcl, de pontosabb eredm\u00e9nyekhez tov\u00e1bbi hasonl\u00f3 jelleg\u0171 kutat\u00e1sokra lenne sz\u00fcks\u00e9g.<\/p><\/div><\/div>\t\t<\/div>\n\t\t\t\t<\/div>\n\t\t\t\t\t<\/div>\n\t\t<\/div>\n\t\t\t\t\t<\/div>\n\t\t<\/section>\n\t\t\t\t<\/div>\n\t\t","protected":false},"excerpt":{"rendered":"A ragadoz\u00f3 \u00e9s m\u00e1s termikel\u0151 madarak saj\u00e1tos rep\u00fcl\u00e9si m\u00f3djuknak k\u00f6vetkezt\u00e9ben vonul\u00e1s k\u00f6zben elker\u00fclik a tengereket \u00e9s a magas hegys\u00e9geket. Ennek k\u00f6vetkezt\u00e9ben bizonyos tengerek \u00e9s hegys\u00e9gek \u00e1ltal hat\u00e1rolt sz\u0171kebb folyos\u00f3kon nagy sz\u00e1mban koncentr\u00e1l\u00f3dnak. Egy ilyen folyos\u00f3 tal\u00e1lhat\u00f3 Rom\u00e1ni\u00e1ban a Fekete tenger \u00e9s a K\u00e1rp\u00e1tok vonulata k\u00f6z\u00f6tt, illetve Boszporuszon, ahol gyakorlatilag egy 20-25 kilom\u00e9teres s\u00e1vban vonul \u00e1t [&hellip;]","protected":false},"author":2,"featured_media":0,"parent":17587,"menu_order":0,"comment_status":"closed","ping_status":"closed","template":"","meta":{"_acf_changed":false,"_eb_attr":"","ocean_post_layout":"left-sidebar","ocean_both_sidebars_style":"","ocean_both_sidebars_content_width":0,"ocean_both_sidebars_sidebars_width":0,"ocean_sidebar":"ocs-monitoring-menu","ocean_second_sidebar":"0","ocean_disable_margins":"enable","ocean_add_body_class":"","ocean_shortcode_before_top_bar":"","ocean_shortcode_after_top_bar":"","ocean_shortcode_before_header":"","ocean_shortcode_after_header":"","ocean_has_shortcode":"","ocean_shortcode_after_title":"","ocean_shortcode_before_footer_widgets":"","ocean_shortcode_after_footer_widgets":"","ocean_shortcode_before_footer_bottom":"","ocean_shortcode_after_footer_bottom":"","ocean_display_top_bar":"default","ocean_display_header":"default","ocean_header_style":"","ocean_center_header_left_menu":"0","ocean_custom_header_template":"0","ocean_custom_logo":0,"ocean_custom_retina_logo":0,"ocean_custom_logo_max_width":0,"ocean_custom_logo_tablet_max_width":0,"ocean_custom_logo_mobile_max_width":0,"ocean_custom_logo_max_height":0,"ocean_custom_logo_tablet_max_height":0,"ocean_custom_logo_mobile_max_height":0,"ocean_header_custom_menu":"0","ocean_menu_typo_font_family":"0","ocean_menu_typo_font_subset":"","ocean_menu_typo_font_size":0,"ocean_menu_typo_font_size_tablet":0,"ocean_menu_typo_font_size_mobile":0,"ocean_menu_typo_font_size_unit":"px","ocean_menu_typo_font_weight":"","ocean_menu_typo_font_weight_tablet":"","ocean_menu_typo_font_weight_mobile":"","ocean_menu_typo_transform":"","ocean_menu_typo_transform_tablet":"","ocean_menu_typo_transform_mobile":"","ocean_menu_typo_line_height":0,"ocean_menu_typo_line_height_tablet":0,"ocean_menu_typo_line_height_mobile":0,"ocean_menu_typo_line_height_unit":"","ocean_menu_typo_spacing":0,"ocean_menu_typo_spacing_tablet":0,"ocean_menu_typo_spacing_mobile":0,"ocean_menu_typo_spacing_unit":"","ocean_menu_link_color":"","ocean_menu_link_color_hover":"","ocean_menu_link_color_active":"","ocean_menu_link_background":"","ocean_menu_link_hover_background":"","ocean_menu_link_active_background":"","ocean_menu_social_links_bg":"","ocean_menu_social_hover_links_bg":"","ocean_menu_social_links_color":"","ocean_menu_social_hover_links_color":"","ocean_disable_title":"default","ocean_disable_heading":"default","ocean_post_title":"","ocean_post_subheading":"","ocean_post_title_style":"","ocean_post_title_background_color":"","ocean_post_title_background":0,"ocean_post_title_bg_image_position":"","ocean_post_title_bg_image_attachment":"","ocean_post_title_bg_image_repeat":"","ocean_post_title_bg_image_size":"","ocean_post_title_height":0,"ocean_post_title_bg_overlay":0.5,"ocean_post_title_bg_overlay_color":"","ocean_disable_breadcrumbs":"default","ocean_breadcrumbs_color":"","ocean_breadcrumbs_separator_color":"","ocean_breadcrumbs_links_color":"","ocean_breadcrumbs_links_hover_color":"","ocean_display_footer_widgets":"default","ocean_display_footer_bottom":"default","ocean_custom_footer_template":"0","omw_enable_modal_window":"enable","osh_disable_topbar_sticky":"default","osh_disable_header_sticky":"default","osh_sticky_header_style":"default","osh_sticky_header_effect":"","osh_custom_sticky_logo":0,"osh_custom_retina_sticky_logo":0,"osh_custom_sticky_logo_height":0,"osh_background_color":"","osh_links_color":"","osh_links_hover_color":"","osh_links_active_color":"","osh_links_bg_color":"","osh_links_hover_bg_color":"","osh_links_active_bg_color":"","osh_menu_social_links_color":"","osh_menu_social_hover_links_color":"","footnotes":""},"class_list":["post-17595","page","type-page","status-publish","hentry","entry","owp-thumbs-layout-horizontal","owp-btn-normal","owp-tabs-layout-horizontal","has-no-thumbnails","has-product-nav"],"acf":[],"_links":{"self":[{"href":"https:\/\/milvus.ro\/hu\/wp-json\/wp\/v2\/pages\/17595","targetHints":{"allow":["GET"]}}],"collection":[{"href":"https:\/\/milvus.ro\/hu\/wp-json\/wp\/v2\/pages"}],"about":[{"href":"https:\/\/milvus.ro\/hu\/wp-json\/wp\/v2\/types\/page"}],"author":[{"embeddable":true,"href":"https:\/\/milvus.ro\/hu\/wp-json\/wp\/v2\/users\/2"}],"replies":[{"embeddable":true,"href":"https:\/\/milvus.ro\/hu\/wp-json\/wp\/v2\/comments?post=17595"}],"version-history":[{"count":7,"href":"https:\/\/milvus.ro\/hu\/wp-json\/wp\/v2\/pages\/17595\/revisions"}],"predecessor-version":[{"id":18144,"href":"https:\/\/milvus.ro\/hu\/wp-json\/wp\/v2\/pages\/17595\/revisions\/18144"}],"up":[{"embeddable":true,"href":"https:\/\/milvus.ro\/hu\/wp-json\/wp\/v2\/pages\/17587"}],"wp:attachment":[{"href":"https:\/\/milvus.ro\/hu\/wp-json\/wp\/v2\/media?parent=17595"}],"curies":[{"name":"wp","href":"https:\/\/api.w.org\/{rel}","templated":true}]}}