{"id":17579,"date":"2020-07-28T12:38:06","date_gmt":"2020-07-28T09:38:06","guid":{"rendered":"https:\/\/new.milvus.ro\/?page_id=17579"},"modified":"2021-06-30T15:15:36","modified_gmt":"2021-06-30T12:15:36","slug":"inelare","status":"publish","type":"page","link":"https:\/\/milvus.ro\/hu\/inelare\/","title":{"rendered":"Mad\u00e1rgy\u0171r\u0171z\u00e9s"},"content":{"rendered":"<p>A mad\u00e1rgy\u0171r\u0171z\u00e9s egy fontos kutat\u00e1si tev\u00e9kenys\u00e9g, amely r\u00e9v\u00e9n inform\u00e1ci\u00f3kat szerezhet\u00fcnk t\u00f6bbek k\u00f6zt vonul\u00f3 madaraink \u00fatvonalair\u00f3l, a vonul\u00e1s id\u0151z\u00edt\u00e9s\u00e9r\u0151l, felk\u00e9sz\u00fcl\u00e9s\u00fckr\u0151l a vonul\u00e1sra, telel\u00e9si helyeikr\u0151l, illetve minden faj diszperzi\u00f3j\u00e1r\u00f3l vagy \u00e9lettartam\u00e1r\u00f3l. Ugyanakkor a mad\u00e1rgy\u0171r\u0171z\u00e9snek jelent\u0151s szerepe van a term\u00e9szetv\u00e9delmi nevel\u00e9sben az idel\u00e1togat\u00f3, \u00f6nk\u00e9ntesked\u0151 szem\u00e9lyekre.<\/p><p>A gy\u0171r\u0171z\u00e9s sor\u00e1n a befogott madarak l\u00e1b\u00e1ra egyedi k\u00f3ddal ell\u00e1tott f\u00e9m vagy sz\u00ednes m\u0171anyag gy\u0171r\u0171 ker\u00fcl, illetve legt\u00f6bbsz\u00f6r lejegyz\u00e9sre ker\u00fcl n\u00e9h\u00e1ny tudom\u00e1nyos szempontb\u00f3l fontos m\u00e9ret is. Ezut\u00e1n a madarat szabadon engedik. A gy\u0171r\u0171 lehet\u0151v\u00e9 teszi az egyedi azonos\u00edt\u00e1st egy m\u00e1sodik befog\u00e1s vagy, a sz\u00ednes gy\u0171r\u0171k eset\u00e9ben, egy \u00fajabb megfigyel\u00e9s eset\u00e9n. A k\u00e9t megfigyel\u00e9s sokszor nem ugyanarr\u00f3l a helyr\u0151l sz\u00e1rmazik, \u00fagyhogy ez\u00e1ltal k\u00f6vetkeztetni lehet a madarak vonul\u00e1si \u00e9s diszperzi\u00f3s szok\u00e1saira.<\/p><p>A Milvus Csoport megalakul\u00e1sa \u00f3ta a legakt\u00edvabb gy\u0171r\u0171z\u00e9ssel foglalkoz\u00f3 szervezet Rom\u00e1ni\u00e1ban. 1993-t\u00f3l kezdve szinte minden \u00e9vben rendezt\u00fcnk gy\u0171r\u0171z\u0151t\u00e1borokat, sz\u00e1mos fajv\u00e9delmi p\u00e1ly\u00e1zat kulcstev\u00e9kenys\u00e9ge a gy\u0171r\u0171z\u00e9s, illetve mi koordin\u00e1ljuk a k\u00f6vetkez\u0151 fajok orsz\u00e1gos sz\u00ednes gy\u0171r\u0171z\u00e9ses programjait: szirti sas <em>(Aquila chrysaetos)<\/em>, b\u00e9k\u00e1sz\u00f3 sas&nbsp;<em>(Aquila pomarina)<\/em>, k\u00e9k v\u00e9rcse&nbsp;<em>(Falco vespertinus),<\/em>&nbsp;v\u00f6r\u00f6s v\u00e9rcse&nbsp;<em>(Falco tinnunculus<\/em>), kerecsen s\u00f3lyom&nbsp;<em>(Falco cherrug<\/em>) illetve szalak\u00f3ta&nbsp;<em>(Coracias garrulus)<\/em>.<\/p><h2 class=\"wp-block-heading\">Mit tegyen, ha gy\u0171r\u0171s madarat l\u00e1t vagy tal\u00e1l?<\/h2><ul class=\"wp-block-list\"><li>Ha gy\u0171r\u0171z\u00f6tt madarat l\u00e1t, pr\u00f3b\u00e1lja meg leolvasni a gy\u0171r\u0171 k\u00f3dj\u00e1t! Amennyiben lehet\u0151s\u00e9ge van r\u00e1, pr\u00f3b\u00e1ljon meg f\u00e9nyk\u00e9pet k\u00e9sz\u00edteni a mad\u00e1rr\u00f3l \u00e9s a gy\u0171r\u0171r\u0151l, \u00fagy, hogy a gy\u0171r\u0171 felirata olvashat\u00f3 legyen. Ez seg\u00edt a faj azonos\u00edt\u00e1s\u00e1ban, illetve a gy\u0171r\u0171 sz\u00e1rmaz\u00e1si hely\u00e9nek a<br>meg\u00e1llap\u00edt\u00e1s\u00e1ban.<\/li><li>Ha egy elpusztult mad\u00e1ron tal\u00e1l gy\u0171r\u0171t, jegyezze le a gy\u0171r\u0171re \u00edrt sz\u00f6veget (sz\u00e1rmaz\u00e1si orsz\u00e1g vagy gy\u0171r\u0171z\u0151 k\u00f6zpont) \u00e9s a gy\u0171r\u0171 k\u00f3dj\u00e1t. Amennyiben lehet\u0151s\u00e9ge van r\u00e1, k\u00e9sz\u00edtsen f\u00e9nyk\u00e9pet a mad\u00e1rr\u00f3l \u00e9s a gy\u0171r\u0171r\u0151l, \u00fagy, hogy a gy\u0171r\u0171 felirata olvashat\u00f3 legyen. Ez seg\u00edt a faj azonos\u00edt\u00e1s\u00e1ban, illetve a gy\u0171r\u0171 sz\u00e1rmaz\u00e1si hely\u00e9nek a meg\u00e1llap\u00edt\u00e1s\u00e1ban. A gy\u0171r\u0171t el is t\u00e1vol\u00edthatja a mad\u00e1r l\u00e1b\u00e1r\u00f3l \u00e9s elk\u00fcldheti c\u00edm\u00fcnkre.<\/li><li>K\u00fcldje el nek\u00fcnk a megfigyel\u00e9s vagy tal\u00e1l\u00e1s pontos hely\u00e9t \u00e9s d\u00e1tum\u00e1t, a megfigyel\u0151\/tal\u00e1l\u00f3 nev\u00e9t, a fajt (ha meg tudja \u00e1llap\u00edtani), a gy\u0171r\u0171n tal\u00e1lhat\u00f3 feliratokat, illetve ha sz\u00ednes gy\u0171r\u0171r\u0151l van sz\u00f3, a gy\u0171r\u0171 \u00e9s a felirat sz\u00edn\u00e9t \u00e9s hely\u00e9t (jobb vagy bal l\u00e1b, cs\u0171d vagy l\u00e1bsz\u00e1r), illetve a f\u00e9nyk\u00e9peket.<\/li><\/ul><p>El\u00e9rhet\u0151s\u00e9g\u00fcnk:&nbsp;<a href=\"mailto:r&#105;n&#103;&#105;n&#103;&#64;&#109;i&#108;vu&#115;&#46;ro\">rin&#103;ing&#64;m&#105;l&#118;&#117;s&#46;&#114;o<\/a>.<\/p><h2 class=\"wp-block-heading\">Gy\u0171r\u0171z\u0151t\u00e1boraink:<\/h2><h3 class=\"wp-block-heading\"><strong>Chituc-turz\u00e1si gy\u0171r\u0171z\u0151t\u00e1bor<\/strong><\/h3><p>Annak ellen\u00e9re, hogy a madarak vonul\u00e1sa az \u0151sid\u0151k \u00f3ta leny\u0171g\u00f6zte az emberis\u00e9get, a jelens\u00e9g tudom\u00e1nyos vizsg\u00e1lata csak 100 \u00e9ves m\u00faltra tekint vissza. Eur\u00f3p\u00e1t k\u00e9t nagy mad\u00e1rvonul\u00e1si \u00fatvonal szeli keresztbe: a Kelet-Atlanti \u00fatvonalat a Kelet-Kanad\u00e1ban, Gr\u00f6nlandon, \u00e9s Nyugat-Europ\u00e1ban f\u00e9szkel\u0151 madarak haszn\u00e1lj\u00e1k, amelyek a Gibralt\u00e1r szoroson kereszt\u00fcl jutnak Afrik\u00e1ba, a pontikus-mediterr\u00e1n \u00fatvonal K\u00f6z\u00e9p- \u00e9s Kelet-Eur\u00f3pa, illetve Nyugat-\u00c1zsia k\u00f6lt\u0151 madarainak vonul\u00e1si \u00fatvonala. A kistest\u0171 \u00e9nekesmadarak ker\u00fclik a ny\u00edlt v\u00edzfel\u00fclet felett val\u00f3 rep\u00fcl\u00e9st, \u00edgy megker\u00fclve a Fekete-tengert \u00e1tszelik orsz\u00e1gunkat is. A Chituc-turz\u00e1s egy tengeri-lagun\u00e1ris homokpad, amely a Duna-Delt\u00e1t\u00f3l d\u00e9lre helyezkedik el, a Szino\u00e9 t\u00f3 \u00e9s a tenger k\u00f6z\u00f6tt. \u00c9K-DNy ir\u00e1ny\u00fa elhelyezked\u00e9s\u00e9nek k\u00f6sz\u00f6nhet\u0151en, a turz\u00e1s t\u00f6lcs\u00e9rk\u00e9nt m\u0171k\u00f6dik az \u00e9nekesmadarak vonul\u00e1sa tekintet\u00e9ben. Mivel a Duna-Delta Bioszf\u00e9ra Rezerv\u00e1tum szigor\u00faan v\u00e9dett ter\u00fclete, az emberi zavar\u00e1s m\u00e9rt\u00e9ke kicsi, a partimadarak zavartalanul t\u00e1pl\u00e1lkozhatnak a vonul\u00e1s ideje alatt. A Szino\u00e9-t\u00f3 partj\u00e1t tal\u00e1lhat\u00f3 n\u00e1das \u00e9s cserj\u00e9s \u00e9jszak\u00e1z\u00f3- \u00e9s t\u00e1pl\u00e1lkoz\u00f3 helyk\u00e9nt szolg\u00e1l a madarak sz\u00e1m\u00e1ra.<\/p><p><strong>1996-1997<\/strong><br>A Milvus Csoport 1996 \u00e9s 1997 \u0151sz\u00e9n szervezett el\u0151sz\u00f6r gy\u0171r\u0171z\u0151t\u00e1bort a Chituc turz\u00e1son. M\u00e1r els\u0151 \u00e9v\u00e9ben Rom\u00e1nia egyik legjelent\u0151sebb gy\u0171r\u0171z\u0151t\u00e1bor\u00e1v\u00e1 n\u0151tte ki mag\u00e1t a t\u00e1bor: a 63 napig tart\u00f3 gy\u0171r\u0171z\u00e9st 3625 egyeddel z\u00e1rtuk. A 73 gy\u0171r\u0171z\u00f6tt faj k\u00f6z\u00fcl kett\u0151t el\u0151sz\u00f6r jelezt\u00fcnk Rom\u00e1ni\u00e1ban: a z\u00f6ld f\u00fczik\u00e9t <em>(Phylloscopus trochiloides<\/em>) \u00e9s a kir\u00e1lyf\u00fczik\u00e9t (<em>Phylloscopus proregulus<\/em>). Az 1997-es t\u00e1bor ezeket a sikereket is fel\u00fclm\u00falta, hiszen a 92 napig tart\u00f3 gy\u0171r\u0171z\u00e9s eredm\u00e9nyek\u00e9nt 96 faj 5715 egyed\u00e9re ker\u00fclt gy\u0171r\u0171, k\u00f6zt\u00fck egy sivatagi posz\u00e1t\u00e1ra (<em>Sylvia nana<\/em>) is, ami az\u00f3ta is a faj egyetlen \u00e9szlel\u00e9se az orsz\u00e1gban. M\u00e9g mindig fiatal szervezet l\u00e9v\u00e9n, 1998-ban m\u00e1r nem siker\u00fclt visszat\u00e9rni a turz\u00e1sra, de a t\u00e1bor az \u00f6sszesen 9340 gy\u0171r\u0171z\u00f6tt mad\u00e1rral bele\u00edrta mag\u00e1t a rom\u00e1niai madar\u00e1szt\u00f6rt\u00e9nelembe.<\/p><p><strong>2014-t\u0151l<\/strong><br>2014-re a Milvus Csoport m\u00e1r orsz\u00e1gosan ismert \u00e9s elismert szervezet lett. Megn\u00f6vekedett l\u00e9tsz\u00e1mmal \u00e9s friss er\u0151vel \u00fagy d\u00f6nt\u00f6tt\u00fcnk, hogy visszat\u00e9r\u00fcnk a turz\u00e1sra a gyakori mad\u00e1rfajok vonul\u00e1si dinamik\u00e1j\u00e1nak \u00e9s \u00e1llom\u00e1nybeli v\u00e1ltoz\u00e1sainak k\u00f6vet\u00e9se c\u00e9lj\u00e1b\u00f3l. A f\u00fcgg\u00f6nyh\u00e1l\u00f3k, amelyek seg\u00edts\u00e9g\u00e9vel megfogjuk a madarakat, \u00e9vr\u0151l-\u00e9vre ugyanott helyezkednek el. Ez a standardiz\u00e1lt fel\u00e1ll\u00e1s lehet\u0151v\u00e9 teszi az \u00e9ves fog\u00e1sok \u00f6sszehasonl\u00edt\u00e1s\u00e1t, amely, hossz\u00fat\u00e1von popul\u00e1ci\u00f3s v\u00e1ltoz\u00e1sokat t\u00fckr\u00f6z\u0151 adatsort eredm\u00e9nyezhet. A Chituc-i gy\u0171r\u0171z\u0151t\u00e1bor a legnagyobb ilyen jelleg\u0171 t\u00e1bor Rom\u00e1ni\u00e1ban, kiemelked\u0151 szerepet t\u00f6lt be a gy\u0171r\u0171z\u00f6tt fajok \u00e9s egyedsz\u00e1muk tekintet\u00e9ben is. A t\u00e1bor egyre nagyobb nemzetk\u00f6zi ismerets\u00e9gnek \u00f6rvend, ami a k\u00fclf\u00f6ldi gy\u0171r\u0171z\u0151k n\u00f6vekv\u0151 \u00e9rdekl\u0151d\u00e9s\u00e9ben nyilv\u00e1nul meg.<\/p><h3 class=\"wp-block-heading\">Maross\u00e1rpatak<\/h3><p>2008 \u00e9s 2012 k\u00f6z\u00f6tt, augusztust\u00f3l szeptemberig, hetente k\u00e9t nap volt gy\u0171r\u0171z\u00e9s. 5000 madarat gy\u0171r\u0171zt\u00fcnk itt.<\/p><h3 class=\"wp-block-heading\">Retyez\u00e1t-hegys\u00e9g, Gura Zlata<\/h3><p>A t\u00e1bor 2005-ben ker\u00fclt megrendez\u00e9sre. Itt mind\u00f6ssze 447 madarat siker\u00fclt fogni.<\/p><h3 class=\"wp-block-heading\">Sz\u00e9k<\/h3><p>A sz\u00e9ki t\u00e1bor k\u00e9t \u00e9ve alatt (2003-2004) els\u0151sorban n\u00e1di fajok gy\u0171r\u0171z\u00e9se volt a c\u00e9l. \u00d6sszesen 6 500 mad\u00e1rra ker\u00fclt gy\u0171r\u0171.<\/p><h3 class=\"wp-block-heading\">G\u00f6rg\u00e9nyi-havasok<\/h3><p>Alakul\u00e1sunkat k\u00f6vetk\u0151 m\u00e1sodik \u00e9vben m\u00e1r gy\u0171r\u0171z\u0151t\u00e1bort rendezt\u00fcnk a G\u00f6rg\u00e9nyi-havasokban. A t\u00e1bor 1993-2002 k\u00f6z\u00f6tt m\u0171k\u00f6d\u00f6tt, a 10 \u00e9v alatt t\u00f6bb mint 12 000 madarat gy\u0171r\u0171zt\u00fcnk. Ez volt Rom\u00e1nia els\u0151 hossz\u00fat\u00e1von m\u0171k\u00f6d\u0151 gy\u0171r\u0171z\u0151t\u00e1bora, ahol egy eg\u00e9sz madar\u00e1szgener\u00e1ci\u00f3 n\u0151tt fel.<\/p>","protected":false},"excerpt":{"rendered":"A mad\u00e1rgy\u0171r\u0171z\u00e9s egy fontos kutat\u00e1si tev\u00e9kenys\u00e9g, amely r\u00e9v\u00e9n inform\u00e1ci\u00f3kat szerezhet\u00fcnk t\u00f6bbek k\u00f6zt vonul\u00f3 madaraink \u00fatvonalair\u00f3l, a vonul\u00e1s id\u0151z\u00edt\u00e9s\u00e9r\u0151l, felk\u00e9sz\u00fcl\u00e9s\u00fckr\u0151l a vonul\u00e1sra, telel\u00e9si helyeikr\u0151l, illetve minden faj diszperzi\u00f3j\u00e1r\u00f3l vagy \u00e9lettartam\u00e1r\u00f3l. Ugyanakkor a mad\u00e1rgy\u0171r\u0171z\u00e9snek jelent\u0151s szerepe van a term\u00e9szetv\u00e9delmi nevel\u00e9sben az idel\u00e1togat\u00f3, \u00f6nk\u00e9ntesked\u0151 szem\u00e9lyekre.A gy\u0171r\u0171z\u00e9s sor\u00e1n a befogott madarak l\u00e1b\u00e1ra egyedi k\u00f3ddal ell\u00e1tott f\u00e9m vagy sz\u00ednes m\u0171anyag [&hellip;]","protected":false},"author":2,"featured_media":0,"parent":0,"menu_order":0,"comment_status":"closed","ping_status":"closed","template":"","meta":{"_acf_changed":false,"_eb_attr":"","ocean_post_layout":"right-sidebar","ocean_both_sidebars_style":"","ocean_both_sidebars_content_width":0,"ocean_both_sidebars_sidebars_width":0,"ocean_sidebar":"ocs-inelare","ocean_second_sidebar":"0","ocean_disable_margins":"enable","ocean_add_body_class":"","ocean_shortcode_before_top_bar":"","ocean_shortcode_after_top_bar":"","ocean_shortcode_before_header":"","ocean_shortcode_after_header":"","ocean_has_shortcode":"","ocean_shortcode_after_title":"","ocean_shortcode_before_footer_widgets":"","ocean_shortcode_after_footer_widgets":"","ocean_shortcode_before_footer_bottom":"","ocean_shortcode_after_footer_bottom":"","ocean_display_top_bar":"default","ocean_display_header":"default","ocean_header_style":"","ocean_center_header_left_menu":"0","ocean_custom_header_template":"0","ocean_custom_logo":0,"ocean_custom_retina_logo":0,"ocean_custom_logo_max_width":0,"ocean_custom_logo_tablet_max_width":0,"ocean_custom_logo_mobile_max_width":0,"ocean_custom_logo_max_height":0,"ocean_custom_logo_tablet_max_height":0,"ocean_custom_logo_mobile_max_height":0,"ocean_header_custom_menu":"0","ocean_menu_typo_font_family":"0","ocean_menu_typo_font_subset":"","ocean_menu_typo_font_size":0,"ocean_menu_typo_font_size_tablet":0,"ocean_menu_typo_font_size_mobile":0,"ocean_menu_typo_font_size_unit":"px","ocean_menu_typo_font_weight":"","ocean_menu_typo_font_weight_tablet":"","ocean_menu_typo_font_weight_mobile":"","ocean_menu_typo_transform":"","ocean_menu_typo_transform_tablet":"","ocean_menu_typo_transform_mobile":"","ocean_menu_typo_line_height":0,"ocean_menu_typo_line_height_tablet":0,"ocean_menu_typo_line_height_mobile":0,"ocean_menu_typo_line_height_unit":"","ocean_menu_typo_spacing":0,"ocean_menu_typo_spacing_tablet":0,"ocean_menu_typo_spacing_mobile":0,"ocean_menu_typo_spacing_unit":"","ocean_menu_link_color":"","ocean_menu_link_color_hover":"","ocean_menu_link_color_active":"","ocean_menu_link_background":"","ocean_menu_link_hover_background":"","ocean_menu_link_active_background":"","ocean_menu_social_links_bg":"","ocean_menu_social_hover_links_bg":"","ocean_menu_social_links_color":"","ocean_menu_social_hover_links_color":"","ocean_disable_title":"default","ocean_disable_heading":"default","ocean_post_title":"","ocean_post_subheading":"","ocean_post_title_style":"background-image","ocean_post_title_background_color":"","ocean_post_title_background":29489,"ocean_post_title_bg_image_position":"center center","ocean_post_title_bg_image_attachment":"","ocean_post_title_bg_image_repeat":"no-repeat","ocean_post_title_bg_image_size":"","ocean_post_title_height":550,"ocean_post_title_bg_overlay":0.2,"ocean_post_title_bg_overlay_color":"#000000","ocean_disable_breadcrumbs":"off","ocean_breadcrumbs_color":"","ocean_breadcrumbs_separator_color":"","ocean_breadcrumbs_links_color":"","ocean_breadcrumbs_links_hover_color":"","ocean_display_footer_widgets":"default","ocean_display_footer_bottom":"default","ocean_custom_footer_template":"0","omw_enable_modal_window":"enable","osh_disable_topbar_sticky":"default","osh_disable_header_sticky":"default","osh_sticky_header_style":"default","osh_sticky_header_effect":"","osh_custom_sticky_logo":0,"osh_custom_retina_sticky_logo":0,"osh_custom_sticky_logo_height":0,"osh_background_color":"","osh_links_color":"","osh_links_hover_color":"","osh_links_active_color":"","osh_links_bg_color":"","osh_links_hover_bg_color":"","osh_links_active_bg_color":"","osh_menu_social_links_color":"","osh_menu_social_hover_links_color":"","footnotes":""},"class_list":["post-17579","page","type-page","status-publish","hentry","entry","owp-thumbs-layout-horizontal","owp-btn-normal","owp-tabs-layout-horizontal","has-no-thumbnails","has-product-nav"],"acf":[],"_links":{"self":[{"href":"https:\/\/milvus.ro\/hu\/wp-json\/wp\/v2\/pages\/17579","targetHints":{"allow":["GET"]}}],"collection":[{"href":"https:\/\/milvus.ro\/hu\/wp-json\/wp\/v2\/pages"}],"about":[{"href":"https:\/\/milvus.ro\/hu\/wp-json\/wp\/v2\/types\/page"}],"author":[{"embeddable":true,"href":"https:\/\/milvus.ro\/hu\/wp-json\/wp\/v2\/users\/2"}],"replies":[{"embeddable":true,"href":"https:\/\/milvus.ro\/hu\/wp-json\/wp\/v2\/comments?post=17579"}],"version-history":[{"count":31,"href":"https:\/\/milvus.ro\/hu\/wp-json\/wp\/v2\/pages\/17579\/revisions"}],"predecessor-version":[{"id":30807,"href":"https:\/\/milvus.ro\/hu\/wp-json\/wp\/v2\/pages\/17579\/revisions\/30807"}],"wp:attachment":[{"href":"https:\/\/milvus.ro\/hu\/wp-json\/wp\/v2\/media?parent=17579"}],"curies":[{"name":"wp","href":"https:\/\/api.w.org\/{rel}","templated":true}]}}