{"id":17573,"date":"2020-10-20T16:45:00","date_gmt":"2020-10-20T13:45:00","guid":{"rendered":"https:\/\/new.milvus.ro\/?page_id=17573"},"modified":"2021-03-23T12:43:49","modified_gmt":"2021-03-23T10:43:49","slug":"mammals","status":"publish","type":"page","link":"https:\/\/milvus.ro\/hu\/mammals\/","title":{"rendered":"Eml\u0151sv\u00e9delem \u00e9s -kutat\u00e1s"},"content":{"rendered":"\t\t<div data-elementor-type=\"wp-page\" data-elementor-id=\"17573\" class=\"elementor elementor-17573 elementor-17119\">\n\t\t\t\t\t\t<section class=\"elementor-section elementor-top-section elementor-element elementor-element-baea753 elementor-section-boxed elementor-section-height-default elementor-section-height-default\" data-id=\"baea753\" data-element_type=\"section\">\n\t\t\t\t\t\t<div class=\"elementor-container elementor-column-gap-default\">\n\t\t\t\t\t<div class=\"elementor-column elementor-col-100 elementor-top-column elementor-element elementor-element-88d0efb\" data-id=\"88d0efb\" data-element_type=\"column\">\n\t\t\t<div class=\"elementor-widget-wrap\">\n\t\t\t\t\t\t\t<\/div>\n\t\t<\/div>\n\t\t\t\t\t<\/div>\n\t\t<\/section>\n\t\t\t\t<section class=\"elementor-section elementor-inner-section elementor-element elementor-element-51ec32b elementor-section-boxed elementor-section-height-default elementor-section-height-default\" data-id=\"51ec32b\" data-element_type=\"section\">\n\t\t\t\t\t\t<div class=\"elementor-container elementor-column-gap-default\">\n\t\t\t\t\t<div class=\"elementor-column elementor-col-16 elementor-inner-column elementor-element elementor-element-f43f341\" data-id=\"f43f341\" data-element_type=\"column\">\n\t\t\t<div class=\"elementor-widget-wrap elementor-element-populated\">\n\t\t\t\t\t\t<div class=\"elementor-element elementor-element-07a93a2 elementor-position-top elementor-widget elementor-widget-image-box\" data-id=\"07a93a2\" data-element_type=\"widget\" data-widget_type=\"image-box.default\">\n\t\t\t\t<div class=\"elementor-widget-container\">\n\t\t\t<div class=\"elementor-image-box-wrapper\"><figure class=\"elementor-image-box-img\"><a href=\"https:\/\/milvus.ro\/hu\/mammals\/studiul-morfologic-si-genetic-al-pisicii-salbatice-felis-silvestris\/\" tabindex=\"-1\"><img fetchpriority=\"high\" decoding=\"async\" width=\"256\" height=\"256\" src=\"https:\/\/milvus.ro\/wp-content\/uploads\/2020\/10\/ikon_vadmacska_vadmacska.png\" class=\"attachment-full size-full wp-image-15409\" alt=\"\" srcset=\"https:\/\/milvus.ro\/wp-content\/uploads\/2020\/10\/ikon_vadmacska_vadmacska.png 256w, https:\/\/milvus.ro\/wp-content\/uploads\/2020\/10\/ikon_vadmacska_vadmacska-100x100.png 100w, https:\/\/milvus.ro\/wp-content\/uploads\/2020\/10\/ikon_vadmacska_vadmacska-150x150.png 150w\" sizes=\"(max-width: 256px) 100vw, 256px\" \/><\/a><\/figure><div class=\"elementor-image-box-content\"><h5 class=\"elementor-image-box-title\"><a href=\"https:\/\/milvus.ro\/hu\/mammals\/studiul-morfologic-si-genetic-al-pisicii-salbatice-felis-silvestris\/\">Vadmacska<\/a><\/h5><\/div><\/div>\t\t<\/div>\n\t\t\t\t<\/div>\n\t\t\t\t\t<\/div>\n\t\t<\/div>\n\t\t\t\t<div class=\"elementor-column elementor-col-16 elementor-inner-column elementor-element elementor-element-cdd3da3\" data-id=\"cdd3da3\" data-element_type=\"column\">\n\t\t\t<div class=\"elementor-widget-wrap elementor-element-populated\">\n\t\t\t\t\t\t<div class=\"elementor-element elementor-element-2bf9ed6 elementor-position-top elementor-widget elementor-widget-image-box\" data-id=\"2bf9ed6\" data-element_type=\"widget\" data-widget_type=\"image-box.default\">\n\t\t\t\t<div class=\"elementor-widget-container\">\n\t\t\t<div class=\"elementor-image-box-wrapper\"><figure class=\"elementor-image-box-img\"><a href=\"https:\/\/milvus.ro\/hu\/mammals\/program-de-conservare-urs\/\" tabindex=\"-1\"><img decoding=\"async\" width=\"256\" height=\"256\" src=\"https:\/\/milvus.ro\/wp-content\/uploads\/2020\/07\/ikon_medve_vilagoszold.png\" class=\"attachment-full size-full wp-image-941\" alt=\"\" srcset=\"https:\/\/milvus.ro\/wp-content\/uploads\/2020\/07\/ikon_medve_vilagoszold.png 256w, https:\/\/milvus.ro\/wp-content\/uploads\/2020\/07\/ikon_medve_vilagoszold-100x100.png 100w, https:\/\/milvus.ro\/wp-content\/uploads\/2020\/07\/ikon_medve_vilagoszold-150x150.png 150w\" sizes=\"(max-width: 256px) 100vw, 256px\" \/><\/a><\/figure><div class=\"elementor-image-box-content\"><h5 class=\"elementor-image-box-title\"><a href=\"https:\/\/milvus.ro\/hu\/mammals\/program-de-conservare-urs\/\">Barna medve<\/a><\/h5><\/div><\/div>\t\t<\/div>\n\t\t\t\t<\/div>\n\t\t\t\t\t<\/div>\n\t\t<\/div>\n\t\t\t\t<div class=\"elementor-column elementor-col-16 elementor-inner-column elementor-element elementor-element-7d6cc4e\" data-id=\"7d6cc4e\" data-element_type=\"column\">\n\t\t\t<div class=\"elementor-widget-wrap elementor-element-populated\">\n\t\t\t\t\t\t<div class=\"elementor-element elementor-element-a901615 elementor-position-top elementor-widget elementor-widget-image-box\" data-id=\"a901615\" data-element_type=\"widget\" data-widget_type=\"image-box.default\">\n\t\t\t\t<div class=\"elementor-widget-container\">\n\t\t\t<div class=\"elementor-image-box-wrapper\"><figure class=\"elementor-image-box-img\"><a href=\"https:\/\/milvus.ro\/hu\/mammals\/popandaul\/\" tabindex=\"-1\"><img decoding=\"async\" width=\"256\" height=\"256\" src=\"https:\/\/milvus.ro\/wp-content\/uploads\/2020\/07\/ikon_urge_sotetzold.png\" class=\"attachment-full size-full wp-image-995\" alt=\"\" srcset=\"https:\/\/milvus.ro\/wp-content\/uploads\/2020\/07\/ikon_urge_sotetzold.png 256w, https:\/\/milvus.ro\/wp-content\/uploads\/2020\/07\/ikon_urge_sotetzold-100x100.png 100w, https:\/\/milvus.ro\/wp-content\/uploads\/2020\/07\/ikon_urge_sotetzold-150x150.png 150w\" sizes=\"(max-width: 256px) 100vw, 256px\" \/><\/a><\/figure><div class=\"elementor-image-box-content\"><h5 class=\"elementor-image-box-title\"><a href=\"https:\/\/milvus.ro\/hu\/mammals\/popandaul\/\">\u00dcrge<\/a><\/h5><\/div><\/div>\t\t<\/div>\n\t\t\t\t<\/div>\n\t\t\t\t\t<\/div>\n\t\t<\/div>\n\t\t\t\t<div class=\"elementor-column elementor-col-16 elementor-inner-column elementor-element elementor-element-73b8e52\" data-id=\"73b8e52\" data-element_type=\"column\">\n\t\t\t<div class=\"elementor-widget-wrap elementor-element-populated\">\n\t\t\t\t\t\t<div class=\"elementor-element elementor-element-7ba6fdd elementor-position-top elementor-widget elementor-widget-image-box\" data-id=\"7ba6fdd\" data-element_type=\"widget\" data-widget_type=\"image-box.default\">\n\t\t\t\t<div class=\"elementor-widget-container\">\n\t\t\t<div class=\"elementor-image-box-wrapper\"><figure class=\"elementor-image-box-img\"><a href=\"https:\/\/milvus.ro\/hu\/mammals\/sicista\/\" tabindex=\"-1\"><img loading=\"lazy\" decoding=\"async\" width=\"256\" height=\"256\" src=\"https:\/\/milvus.ro\/wp-content\/uploads\/2020\/10\/ikon_szocskeeger_sotetzold.png\" class=\"attachment-full size-full wp-image-15420\" alt=\"\" srcset=\"https:\/\/milvus.ro\/wp-content\/uploads\/2020\/10\/ikon_szocskeeger_sotetzold.png 256w, https:\/\/milvus.ro\/wp-content\/uploads\/2020\/10\/ikon_szocskeeger_sotetzold-100x100.png 100w, https:\/\/milvus.ro\/wp-content\/uploads\/2020\/10\/ikon_szocskeeger_sotetzold-150x150.png 150w\" sizes=\"(max-width: 256px) 100vw, 256px\" \/><\/a><\/figure><div class=\"elementor-image-box-content\"><h5 class=\"elementor-image-box-title\"><a href=\"https:\/\/milvus.ro\/hu\/mammals\/sicista\/\">Sz\u00f6cskeeg\u00e9r<\/a><\/h5><\/div><\/div>\t\t<\/div>\n\t\t\t\t<\/div>\n\t\t\t\t\t<\/div>\n\t\t<\/div>\n\t\t\t\t<div class=\"elementor-column elementor-col-16 elementor-inner-column elementor-element elementor-element-a6558ae\" data-id=\"a6558ae\" data-element_type=\"column\">\n\t\t\t<div class=\"elementor-widget-wrap elementor-element-populated\">\n\t\t\t\t\t\t<div class=\"elementor-element elementor-element-3a4d10a elementor-position-top elementor-widget elementor-widget-image-box\" data-id=\"3a4d10a\" data-element_type=\"widget\" data-widget_type=\"image-box.default\">\n\t\t\t\t<div class=\"elementor-widget-container\">\n\t\t\t<div class=\"elementor-image-box-wrapper\"><figure class=\"elementor-image-box-img\"><a href=\"https:\/\/milvus.ro\/hu\/mammals\/spalacinae\/\" tabindex=\"-1\"><img loading=\"lazy\" decoding=\"async\" width=\"256\" height=\"256\" src=\"https:\/\/milvus.ro\/wp-content\/uploads\/2020\/07\/ikon_foldikutya_narancs.png\" class=\"attachment-full size-full wp-image-1004\" alt=\"\" srcset=\"https:\/\/milvus.ro\/wp-content\/uploads\/2020\/07\/ikon_foldikutya_narancs.png 256w, https:\/\/milvus.ro\/wp-content\/uploads\/2020\/07\/ikon_foldikutya_narancs-100x100.png 100w, https:\/\/milvus.ro\/wp-content\/uploads\/2020\/07\/ikon_foldikutya_narancs-150x150.png 150w\" sizes=\"(max-width: 256px) 100vw, 256px\" \/><\/a><\/figure><div class=\"elementor-image-box-content\"><h5 class=\"elementor-image-box-title\"><a href=\"https:\/\/milvus.ro\/hu\/mammals\/spalacinae\/\">F\u00f6ldikutya<\/a><\/h5><\/div><\/div>\t\t<\/div>\n\t\t\t\t<\/div>\n\t\t\t\t\t<\/div>\n\t\t<\/div>\n\t\t\t\t<div class=\"elementor-column elementor-col-16 elementor-inner-column elementor-element elementor-element-c43bac3\" data-id=\"c43bac3\" data-element_type=\"column\">\n\t\t\t<div class=\"elementor-widget-wrap\">\n\t\t\t\t\t\t\t<\/div>\n\t\t<\/div>\n\t\t\t\t\t<\/div>\n\t\t<\/section>\n\t\t\t\t<\/div>\n\t\t","protected":false},"excerpt":{"rendered":"Vadmacska Barna medve \u00dcrge Sz\u00f6cskeeg\u00e9r F\u00f6ldikutya","protected":false},"author":2,"featured_media":0,"parent":0,"menu_order":0,"comment_status":"closed","ping_status":"closed","template":"","meta":{"_acf_changed":false,"_eb_attr":"","ocean_post_layout":"","ocean_both_sidebars_style":"","ocean_both_sidebars_content_width":0,"ocean_both_sidebars_sidebars_width":0,"ocean_sidebar":"0","ocean_second_sidebar":"0","ocean_disable_margins":"enable","ocean_add_body_class":"","ocean_shortcode_before_top_bar":"","ocean_shortcode_after_top_bar":"","ocean_shortcode_before_header":"","ocean_shortcode_after_header":"","ocean_has_shortcode":"","ocean_shortcode_after_title":"","ocean_shortcode_before_footer_widgets":"","ocean_shortcode_after_footer_widgets":"","ocean_shortcode_before_footer_bottom":"","ocean_shortcode_after_footer_bottom":"","ocean_display_top_bar":"default","ocean_display_header":"default","ocean_header_style":"","ocean_center_header_left_menu":"0","ocean_custom_header_template":"0","ocean_custom_logo":0,"ocean_custom_retina_logo":0,"ocean_custom_logo_max_width":0,"ocean_custom_logo_tablet_max_width":0,"ocean_custom_logo_mobile_max_width":0,"ocean_custom_logo_max_height":0,"ocean_custom_logo_tablet_max_height":0,"ocean_custom_logo_mobile_max_height":0,"ocean_header_custom_menu":"0","ocean_menu_typo_font_family":"0","ocean_menu_typo_font_subset":"","ocean_menu_typo_font_size":0,"ocean_menu_typo_font_size_tablet":0,"ocean_menu_typo_font_size_mobile":0,"ocean_menu_typo_font_size_unit":"px","ocean_menu_typo_font_weight":"","ocean_menu_typo_font_weight_tablet":"","ocean_menu_typo_font_weight_mobile":"","ocean_menu_typo_transform":"","ocean_menu_typo_transform_tablet":"","ocean_menu_typo_transform_mobile":"","ocean_menu_typo_line_height":0,"ocean_menu_typo_line_height_tablet":0,"ocean_menu_typo_line_height_mobile":0,"ocean_menu_typo_line_height_unit":"","ocean_menu_typo_spacing":0,"ocean_menu_typo_spacing_tablet":0,"ocean_menu_typo_spacing_mobile":0,"ocean_menu_typo_spacing_unit":"","ocean_menu_link_color":"","ocean_menu_link_color_hover":"","ocean_menu_link_color_active":"","ocean_menu_link_background":"","ocean_menu_link_hover_background":"","ocean_menu_link_active_background":"","ocean_menu_social_links_bg":"","ocean_menu_social_hover_links_bg":"","ocean_menu_social_links_color":"","ocean_menu_social_hover_links_color":"","ocean_disable_title":"default","ocean_disable_heading":"default","ocean_post_title":"","ocean_post_subheading":"","ocean_post_title_style":"centered","ocean_post_title_background_color":"","ocean_post_title_background":0,"ocean_post_title_bg_image_position":"","ocean_post_title_bg_image_attachment":"","ocean_post_title_bg_image_repeat":"","ocean_post_title_bg_image_size":"","ocean_post_title_height":0,"ocean_post_title_bg_overlay":0.5,"ocean_post_title_bg_overlay_color":"","ocean_disable_breadcrumbs":"off","ocean_breadcrumbs_color":"","ocean_breadcrumbs_separator_color":"","ocean_breadcrumbs_links_color":"","ocean_breadcrumbs_links_hover_color":"","ocean_display_footer_widgets":"default","ocean_display_footer_bottom":"default","ocean_custom_footer_template":"0","omw_enable_modal_window":"enable","osh_disable_topbar_sticky":"default","osh_disable_header_sticky":"default","osh_sticky_header_style":"default","osh_sticky_header_effect":"","osh_custom_sticky_logo":0,"osh_custom_retina_sticky_logo":0,"osh_custom_sticky_logo_height":0,"osh_background_color":"","osh_links_color":"","osh_links_hover_color":"","osh_links_active_color":"","osh_links_bg_color":"","osh_links_hover_bg_color":"","osh_links_active_bg_color":"","osh_menu_social_links_color":"","osh_menu_social_hover_links_color":"","footnotes":""},"class_list":["post-17573","page","type-page","status-publish","hentry","entry","owp-thumbs-layout-horizontal","owp-btn-normal","owp-tabs-layout-horizontal","has-no-thumbnails","has-product-nav"],"acf":[],"_links":{"self":[{"href":"https:\/\/milvus.ro\/hu\/wp-json\/wp\/v2\/pages\/17573","targetHints":{"allow":["GET"]}}],"collection":[{"href":"https:\/\/milvus.ro\/hu\/wp-json\/wp\/v2\/pages"}],"about":[{"href":"https:\/\/milvus.ro\/hu\/wp-json\/wp\/v2\/types\/page"}],"author":[{"embeddable":true,"href":"https:\/\/milvus.ro\/hu\/wp-json\/wp\/v2\/users\/2"}],"replies":[{"embeddable":true,"href":"https:\/\/milvus.ro\/hu\/wp-json\/wp\/v2\/comments?post=17573"}],"version-history":[{"count":19,"href":"https:\/\/milvus.ro\/hu\/wp-json\/wp\/v2\/pages\/17573\/revisions"}],"predecessor-version":[{"id":28370,"href":"https:\/\/milvus.ro\/hu\/wp-json\/wp\/v2\/pages\/17573\/revisions\/28370"}],"wp:attachment":[{"href":"https:\/\/milvus.ro\/hu\/wp-json\/wp\/v2\/media?parent=17573"}],"curies":[{"name":"wp","href":"https:\/\/api.w.org\/{rel}","templated":true}]}}