{"id":17256,"date":"2020-10-30T16:16:46","date_gmt":"2020-10-30T14:16:46","guid":{"rendered":"https:\/\/new.milvus.ro\/?page_id=17256"},"modified":"2026-01-20T13:46:25","modified_gmt":"2026-01-20T11:46:25","slug":"member","status":"publish","type":"page","link":"https:\/\/milvus.ro\/hu\/member\/","title":{"rendered":"Csatlakozz a Milvus k\u00f6z\u00f6ss\u00e9g\u00e9hez!"},"content":{"rendered":"\t\t<div data-elementor-type=\"wp-page\" data-elementor-id=\"17256\" class=\"elementor elementor-17256 elementor-17260\">\n\t\t\t\t\t\t<section class=\"elementor-section elementor-top-section elementor-element elementor-element-3826f40d elementor-section-boxed elementor-section-height-default elementor-section-height-default\" data-id=\"3826f40d\" data-element_type=\"section\">\n\t\t\t\t\t\t<div class=\"elementor-container elementor-column-gap-default\">\n\t\t\t\t\t<div class=\"elementor-column elementor-col-100 elementor-top-column elementor-element elementor-element-494e9735\" data-id=\"494e9735\" data-element_type=\"column\">\n\t\t\t<div class=\"elementor-widget-wrap elementor-element-populated\">\n\t\t\t\t\t\t<div class=\"elementor-element elementor-element-1c5050f1 elementor-widget__width-initial elementor-widget elementor-widget-text-editor\" data-id=\"1c5050f1\" data-element_type=\"widget\" data-widget_type=\"text-editor.default\">\n\t\t\t\t<div class=\"elementor-widget-container\">\n\t\t\t\t\t\t\t<p><strong><b>\u00daJDONS\u00c1G!<br \/><\/b><\/strong><\/p><p data-start=\"117\" data-end=\"376\">2025-t\u0151l a befizetett tagd\u00edj <strong data-start=\"162\" data-end=\"221\">nem a befizet\u00e9s napj\u00e1t\u00f3l sz\u00e1m\u00edtott egy \u00e9vig (365 napig)<\/strong> \u00e9rv\u00e9nyes, hanem <strong data-start=\"238\" data-end=\"263\">az adott napt\u00e1ri \u00e9vre<\/strong> sz\u00f3l.<br data-start=\"269\" data-end=\"272\" data-is-only-node=\"\" \/>Mivel nem szeretn\u00e9nk m\u0171anyagot haszn\u00e1lni, <strong data-start=\"314\" data-end=\"376\">mostant\u00f3l kiz\u00e1r\u00f3lag virtu\u00e1lis tags\u00e1gi k\u00e1rty\u00e1t \u00e1ll\u00edtunk ki.<\/strong><\/p><p data-start=\"378\" data-end=\"416\"><strong data-start=\"378\" data-end=\"416\">Milyen kedvezm\u00e9nyeket biztos\u00edtunk?<\/strong><\/p><ul><li style=\"list-style-type: none;\"><ul><li>r\u00e9szt vehetsz a Milvus Csoport rendezv\u00e9nyein, t\u00e1boraiban<\/li><li>havi h\u00edrlevelet k\u00fcld\u00fcnk az Egyes\u00fclet fontosabb tev\u00e9kenys\u00e9geir\u0151l, a hazai mad\u00e1rvil\u00e1got \u00e9s term\u00e9szetv\u00e9delmet \u00e9rint\u0151 f\u0151 k\u00e9rd\u00e9sekr\u0151l<\/li><li>csal\u00e1di tagk\u00e9nt el\u0151nyt \u00e9lvezhetsz a gyerekeknek, csal\u00e1doknak sz\u00f3l\u00f3 korl\u00e1tozott r\u00e9sztvev\u0151s rendezv\u00e9nyeinken<\/li><li>kedvezm\u00e9nyek vehetsz ig\u00e9nybe, szolg\u00e1ltat\u00e1sokat ny\u00fajt\u00f3 \u00e9s term\u00e9keket forgalmaz\u00f3 partnereinkn\u00e9l:<ul><li><a href=\"https:\/\/www.mormota.ro\/\" target=\"_blank\" rel=\"noreferrer noopener\">Mormota<\/a>\u00a0web\u00e1ruh\u00e1z (t\u00farafelszerel\u00e9sek \u00e9s ruh\u00e1zat) \u2013 10%<\/li><li><a href=\"http:\/\/www.scopus.ro\/\" target=\"_blank\" rel=\"noreferrer noopener\">Scopus<\/a>\u00a0web\u00e1ruh\u00e1z \u00e9s bolt Marosv\u00e1s\u00e1rhelyen (t\u00farafelszerel\u00e9sek) \u2013 10%<\/li><li><a href=\"https:\/\/caiac-shop.ro\/\">Caiac-shop<\/a>\u00a0(kajak \u00e9s kenu, rafting kurzusok \u00e9s v\u00edzit\u00far\u00e1k) \u2013 5-10% (rendel\u00e9s f\u00fcggv\u00e9ny\u00e9ben)<\/li><li><a href=\"http:\/\/outdoorexperience.ro\/\">Outdoor Experience<\/a>\u00a0(rafting) \u2013 10%<\/li><li><a href=\"https:\/\/www.hang-out.ro\/\">Hangout <\/a>(m\u00e1sz\u00f3terem) \u2013 10%<\/li><li><a href=\"http:\/\/sportmaniac.ro\/\" target=\"_blank\" rel=\"noreferrer noopener\">SPORTMANIAC.RO<\/a> (t\u00fara l\u00e1bbelik \u00e9s kieg\u00e9sz\u00edt\u0151k) \u2013 10%<\/li><\/ul><\/li><\/ul><\/li><\/ul><p>A kedvezm\u00e9nyek ig\u00e9nybev\u00e9tel\u00e9hez be kell mutatnod \u00e9rv\u00e9nyes tags\u00e1gi k\u00e1rty\u00e1dat. A kedvezm\u00e9nyek list\u00e1ja b\u0151v\u00fcl, \u00e9rdemes id\u0151nk\u00e9nt \u00fajra felkeresni a honlapot.<\/p>\t\t\t\t\t\t<\/div>\n\t\t\t\t<\/div>\n\t\t\t\t\t<\/div>\n\t\t<\/div>\n\t\t\t\t\t<\/div>\n\t\t<\/section>\n\t\t\t\t<section class=\"elementor-section elementor-top-section elementor-element elementor-element-511ffa8 elementor-section-boxed elementor-section-height-default elementor-section-height-default\" data-id=\"511ffa8\" data-element_type=\"section\">\n\t\t\t\t\t\t<div class=\"elementor-container elementor-column-gap-default\">\n\t\t\t\t\t<div class=\"elementor-column elementor-col-100 elementor-top-column elementor-element elementor-element-aeeeafe\" data-id=\"aeeeafe\" data-element_type=\"column\">\n\t\t\t<div class=\"elementor-widget-wrap elementor-element-populated\">\n\t\t\t\t\t\t<div class=\"elementor-element elementor-element-7f7637d elementor-widget elementor-widget-heading\" data-id=\"7f7637d\" data-element_type=\"widget\" data-widget_type=\"heading.default\">\n\t\t\t\t<div class=\"elementor-widget-container\">\n\t\t\t<h2 class=\"elementor-heading-title elementor-size-default\">Csatlakozz a Milvus k\u00f6z\u00f6ss\u00e9g\u00e9hez!<\/h2>\t\t<\/div>\n\t\t\t\t<\/div>\n\t\t\t\t\t<\/div>\n\t\t<\/div>\n\t\t\t\t\t<\/div>\n\t\t<\/section>\n\t\t\t\t<section class=\"elementor-section elementor-top-section elementor-element elementor-element-f6e3846 elementor-section-boxed elementor-section-height-default elementor-section-height-default\" data-id=\"f6e3846\" data-element_type=\"section\">\n\t\t\t\t\t\t<div class=\"elementor-container elementor-column-gap-default\">\n\t\t\t\t\t<div class=\"elementor-column elementor-col-33 elementor-top-column elementor-element elementor-element-8a569d9\" data-id=\"8a569d9\" data-element_type=\"column\">\n\t\t\t<div class=\"elementor-widget-wrap elementor-element-populated\">\n\t\t\t\t\t\t<div class=\"elementor-element elementor-element-35af261 membership-selector elementor-view-default elementor-position-top elementor-mobile-position-top elementor-widget elementor-widget-icon-box\" data-id=\"35af261\" data-element_type=\"widget\" id=\"membership-44331\" data-widget_type=\"icon-box.default\">\n\t\t\t\t<div class=\"elementor-widget-container\">\n\t\t\t\t\t<div class=\"elementor-icon-box-wrapper\">\n\n\t\t\t\t\t\t<div class=\"elementor-icon-box-icon\">\n\t\t\t\t<span  class=\"elementor-icon elementor-animation-\">\n\t\t\t\t<i aria-hidden=\"true\" class=\"fas fa-user\"><\/i>\t\t\t\t<\/span>\n\t\t\t<\/div>\n\t\t\t\n\t\t\t\t\t\t<div class=\"elementor-icon-box-content\">\n\n\t\t\t\t\t\t\t\t\t<h3 class=\"elementor-icon-box-title\">\n\t\t\t\t\t\t<span  >\n\t\t\t\t\t\t\tEgy\u00e9ni t\u00e1mogat\u00f3\t\t\t\t\t\t<\/span>\n\t\t\t\t\t<\/h3>\n\t\t\t\t\n\t\t\t\t\t\t\t\t\t<p class=\"elementor-icon-box-description\">\n\t\t\t\t\t\t40 RON\t\t\t\t\t<\/p>\n\t\t\t\t\n\t\t\t<\/div>\n\t\t\t\n\t\t<\/div>\n\t\t\t\t<\/div>\n\t\t\t\t<\/div>\n\t\t\t\t\t<\/div>\n\t\t<\/div>\n\t\t\t\t<div class=\"elementor-column elementor-col-33 elementor-top-column elementor-element elementor-element-12f1540\" data-id=\"12f1540\" data-element_type=\"column\">\n\t\t\t<div class=\"elementor-widget-wrap elementor-element-populated\">\n\t\t\t\t\t\t<div class=\"elementor-element elementor-element-cd5c938 membership-selector elementor-view-default elementor-position-top elementor-mobile-position-top elementor-widget elementor-widget-icon-box\" data-id=\"cd5c938\" data-element_type=\"widget\" id=\"membership-44350\" data-widget_type=\"icon-box.default\">\n\t\t\t\t<div class=\"elementor-widget-container\">\n\t\t\t\t\t<div class=\"elementor-icon-box-wrapper\">\n\n\t\t\t\t\t\t<div class=\"elementor-icon-box-icon\">\n\t\t\t\t<span  class=\"elementor-icon elementor-animation-\">\n\t\t\t\t<i aria-hidden=\"true\" class=\"fas fa-users\"><\/i>\t\t\t\t<\/span>\n\t\t\t<\/div>\n\t\t\t\n\t\t\t\t\t\t<div class=\"elementor-icon-box-content\">\n\n\t\t\t\t\t\t\t\t\t<h3 class=\"elementor-icon-box-title\">\n\t\t\t\t\t\t<span  >\n\t\t\t\t\t\t\tCsal\u00e1di t\u00e1mogat\u00f3\t\t\t\t\t\t<\/span>\n\t\t\t\t\t<\/h3>\n\t\t\t\t\n\t\t\t\t\t\t\t\t\t<p class=\"elementor-icon-box-description\">\n\t\t\t\t\t\t50 RON\t\t\t\t\t<\/p>\n\t\t\t\t\n\t\t\t<\/div>\n\t\t\t\n\t\t<\/div>\n\t\t\t\t<\/div>\n\t\t\t\t<\/div>\n\t\t\t\t\t<\/div>\n\t\t<\/div>\n\t\t\t\t<div class=\"elementor-column elementor-col-33 elementor-top-column elementor-element elementor-element-4f6ce99\" data-id=\"4f6ce99\" data-element_type=\"column\">\n\t\t\t<div class=\"elementor-widget-wrap elementor-element-populated\">\n\t\t\t\t\t\t<div class=\"elementor-element elementor-element-3e4ad02 membership-selector elementor-view-default elementor-position-top elementor-mobile-position-top elementor-widget elementor-widget-icon-box\" data-id=\"3e4ad02\" data-element_type=\"widget\" id=\"membership-44352\" data-widget_type=\"icon-box.default\">\n\t\t\t\t<div class=\"elementor-widget-container\">\n\t\t\t\t\t<div class=\"elementor-icon-box-wrapper\">\n\n\t\t\t\t\t\t<div class=\"elementor-icon-box-icon\">\n\t\t\t\t<span  class=\"elementor-icon elementor-animation-\">\n\t\t\t\t<i aria-hidden=\"true\" class=\"fas fa-user-graduate\"><\/i>\t\t\t\t<\/span>\n\t\t\t<\/div>\n\t\t\t\n\t\t\t\t\t\t<div class=\"elementor-icon-box-content\">\n\n\t\t\t\t\t\t\t\t\t<h3 class=\"elementor-icon-box-title\">\n\t\t\t\t\t\t<span  >\n\t\t\t\t\t\t\tDi\u00e1k t\u00e1mogat\u00f3\t\t\t\t\t\t<\/span>\n\t\t\t\t\t<\/h3>\n\t\t\t\t\n\t\t\t\t\t\t\t\t\t<p class=\"elementor-icon-box-description\">\n\t\t\t\t\t\t30 RON\t\t\t\t\t<\/p>\n\t\t\t\t\n\t\t\t<\/div>\n\t\t\t\n\t\t<\/div>\n\t\t\t\t<\/div>\n\t\t\t\t<\/div>\n\t\t\t\t\t<\/div>\n\t\t<\/div>\n\t\t\t\t\t<\/div>\n\t\t<\/section>\n\t\t\t\t<\/div>\n\t\t","protected":false},"excerpt":{"rendered":"\u00daJDONS\u00c1G!2025-t\u0151l a befizetett tagd\u00edj nem a befizet\u00e9s napj\u00e1t\u00f3l sz\u00e1m\u00edtott egy \u00e9vig (365 napig) \u00e9rv\u00e9nyes, hanem az adott napt\u00e1ri \u00e9vre sz\u00f3l.Mivel nem szeretn\u00e9nk m\u0171anyagot haszn\u00e1lni, mostant\u00f3l kiz\u00e1r\u00f3lag virtu\u00e1lis tags\u00e1gi k\u00e1rty\u00e1t \u00e1ll\u00edtunk ki.Milyen kedvezm\u00e9nyeket biztos\u00edtunk?r\u00e9szt vehetsz a Milvus Csoport rendezv\u00e9nyein, t\u00e1boraibanhavi h\u00edrlevelet k\u00fcld\u00fcnk az Egyes\u00fclet fontosabb tev\u00e9kenys\u00e9geir\u0151l, a hazai mad\u00e1rvil\u00e1got \u00e9s term\u00e9szetv\u00e9delmet \u00e9rint\u0151 f\u0151 k\u00e9rd\u00e9sekr\u0151lcsal\u00e1di tagk\u00e9nt el\u0151nyt [&hellip;]","protected":false},"author":2,"featured_media":0,"parent":0,"menu_order":0,"comment_status":"closed","ping_status":"closed","template":"","meta":{"_acf_changed":false,"_eb_attr":"","ocean_post_layout":"","ocean_both_sidebars_style":"","ocean_both_sidebars_content_width":0,"ocean_both_sidebars_sidebars_width":0,"ocean_sidebar":"0","ocean_second_sidebar":"0","ocean_disable_margins":"enable","ocean_add_body_class":"","ocean_shortcode_before_top_bar":"","ocean_shortcode_after_top_bar":"","ocean_shortcode_before_header":"","ocean_shortcode_after_header":"","ocean_has_shortcode":"","ocean_shortcode_after_title":"","ocean_shortcode_before_footer_widgets":"","ocean_shortcode_after_footer_widgets":"","ocean_shortcode_before_footer_bottom":"","ocean_shortcode_after_footer_bottom":"","ocean_display_top_bar":"default","ocean_display_header":"default","ocean_header_style":"","ocean_center_header_left_menu":"0","ocean_custom_header_template":"0","ocean_custom_logo":0,"ocean_custom_retina_logo":0,"ocean_custom_logo_max_width":0,"ocean_custom_logo_tablet_max_width":0,"ocean_custom_logo_mobile_max_width":0,"ocean_custom_logo_max_height":0,"ocean_custom_logo_tablet_max_height":0,"ocean_custom_logo_mobile_max_height":0,"ocean_header_custom_menu":"0","ocean_menu_typo_font_family":"0","ocean_menu_typo_font_subset":"","ocean_menu_typo_font_size":0,"ocean_menu_typo_font_size_tablet":0,"ocean_menu_typo_font_size_mobile":0,"ocean_menu_typo_font_size_unit":"px","ocean_menu_typo_font_weight":"","ocean_menu_typo_font_weight_tablet":"","ocean_menu_typo_font_weight_mobile":"","ocean_menu_typo_transform":"","ocean_menu_typo_transform_tablet":"","ocean_menu_typo_transform_mobile":"","ocean_menu_typo_line_height":0,"ocean_menu_typo_line_height_tablet":0,"ocean_menu_typo_line_height_mobile":0,"ocean_menu_typo_line_height_unit":"","ocean_menu_typo_spacing":0,"ocean_menu_typo_spacing_tablet":0,"ocean_menu_typo_spacing_mobile":0,"ocean_menu_typo_spacing_unit":"","ocean_menu_link_color":"","ocean_menu_link_color_hover":"","ocean_menu_link_color_active":"","ocean_menu_link_background":"","ocean_menu_link_hover_background":"","ocean_menu_link_active_background":"","ocean_menu_social_links_bg":"","ocean_menu_social_hover_links_bg":"","ocean_menu_social_links_color":"","ocean_menu_social_hover_links_color":"","ocean_disable_title":"default","ocean_disable_heading":"default","ocean_post_title":"","ocean_post_subheading":"Legy\u00e9l t\u00e1rsunk, seg\u00edts benn\u00fcnket term\u00e9szetv\u00e9d\u0151 munk\u00e1nkban, ismerj meg hozz\u00e1d hasonl\u00f3 mad\u00e1r- \u00e9s term\u00e9szetszeret\u0151 embereket!","ocean_post_title_style":"background-image","ocean_post_title_background_color":"","ocean_post_title_background":27408,"ocean_post_title_bg_image_position":"bottom center","ocean_post_title_bg_image_attachment":"fixed","ocean_post_title_bg_image_repeat":"no-repeat","ocean_post_title_bg_image_size":"cover","ocean_post_title_height":0,"ocean_post_title_bg_overlay":0.4,"ocean_post_title_bg_overlay_color":"#000000","ocean_disable_breadcrumbs":"off","ocean_breadcrumbs_color":"","ocean_breadcrumbs_separator_color":"","ocean_breadcrumbs_links_color":"","ocean_breadcrumbs_links_hover_color":"","ocean_display_footer_widgets":"default","ocean_display_footer_bottom":"default","ocean_custom_footer_template":"0","omw_enable_modal_window":"enable","osh_disable_topbar_sticky":"default","osh_disable_header_sticky":"default","osh_sticky_header_style":"default","osh_sticky_header_effect":"","osh_custom_sticky_logo":0,"osh_custom_retina_sticky_logo":0,"osh_custom_sticky_logo_height":0,"osh_background_color":"","osh_links_color":"","osh_links_hover_color":"","osh_links_active_color":"","osh_links_bg_color":"","osh_links_hover_bg_color":"","osh_links_active_bg_color":"","osh_menu_social_links_color":"","osh_menu_social_hover_links_color":"","footnotes":""},"class_list":["post-17256","page","type-page","status-publish","hentry","entry","owp-thumbs-layout-horizontal","owp-btn-normal","owp-tabs-layout-horizontal","has-no-thumbnails","has-product-nav"],"acf":[],"_links":{"self":[{"href":"https:\/\/milvus.ro\/hu\/wp-json\/wp\/v2\/pages\/17256","targetHints":{"allow":["GET"]}}],"collection":[{"href":"https:\/\/milvus.ro\/hu\/wp-json\/wp\/v2\/pages"}],"about":[{"href":"https:\/\/milvus.ro\/hu\/wp-json\/wp\/v2\/types\/page"}],"author":[{"embeddable":true,"href":"https:\/\/milvus.ro\/hu\/wp-json\/wp\/v2\/users\/2"}],"replies":[{"embeddable":true,"href":"https:\/\/milvus.ro\/hu\/wp-json\/wp\/v2\/comments?post=17256"}],"version-history":[{"count":52,"href":"https:\/\/milvus.ro\/hu\/wp-json\/wp\/v2\/pages\/17256\/revisions"}],"predecessor-version":[{"id":50333,"href":"https:\/\/milvus.ro\/hu\/wp-json\/wp\/v2\/pages\/17256\/revisions\/50333"}],"wp:attachment":[{"href":"https:\/\/milvus.ro\/hu\/wp-json\/wp\/v2\/media?parent=17256"}],"curies":[{"name":"wp","href":"https:\/\/api.w.org\/{rel}","templated":true}]}}