{"id":14844,"date":"2020-10-01T11:23:51","date_gmt":"2020-10-01T08:23:51","guid":{"rendered":"https:\/\/new.milvus.ro\/golyafeszek-tartoallvany\/"},"modified":"2026-04-20T12:57:48","modified_gmt":"2026-04-20T09:57:48","slug":"golyafeszek-tartoallvany","status":"publish","type":"page","link":"https:\/\/milvus.ro\/hu\/birds\/feher-golya\/golyafeszek-tartoallvany\/","title":{"rendered":"G\u00f3lyaf\u00e9szek tart\u00f3\u00e1llv\u00e1ny"},"content":{"rendered":"<h1 class=\"wp-block-heading has-medium-font-size\">Mi\u00e9rt van sz\u00fcks\u00e9g g\u00f3lyaf\u00e9szek-\u00e1llv\u00e1nyra?<\/h1><p>A feh\u00e9r g\u00f3lya (<em>Ciconia ciconia<\/em>) az egyik legismertebb, legszeretettebb madarunk. Ez a bizalmas mad\u00e1r nagyon r\u00e9g\u00f3ta az ember k\u00f6zel\u00e9ben <strong>f\u00e9szkel <\/strong>\u2013 r\u00e9gebben f\u0151leg ist\u00e1ll\u00f3kon, cs\u0171r\u00f6k\u00f6n, f\u00e1kon \u2013 ma szinte kiz\u00e1r\u00f3lag <strong>villanyoszlopokon<\/strong>. Ez a f\u00e9szkel\u0151hely-v\u00e1lt\u00e1s evol\u00faci\u00f3s l\u00e9pt\u00e9kben hihetetlen gyorsan zajlott le, Rom\u00e1ni\u00e1ban az els\u0151 oszlopra \u00e9p\u00fclt f\u00e9szket 1971-ben tal\u00e1lt\u00e1k, ma pedig az \u00e1llom\u00e1ny min. 93%-a f\u00e9szkel ilyen m\u00f3don. A feh\u00e9r g\u00f3ly\u00e1k v\u00e9delme teh\u00e1t szorosan kapcsol\u00f3dik az elektromos h\u00e1l\u00f3zatokhoz: nemcsak amiatt, hogy az <strong>alacsony-fesz\u00fclts\u00e9g\u0171 <\/strong>elektromos h\u00e1l\u00f3zatok oszlopain <strong>f\u00e9szkel<\/strong>, hanem az\u00e9rt is, mert a legt\u00f6bb g\u00f3lya <strong>\u00e1ram\u00fct\u00e9s <\/strong>miatt pusztul el \u2013 f\u0151k\u00e9nt vonul\u00e1s k\u00f6zben \u2013 a <strong>k\u00f6z\u00e9pfesz\u00fclts\u00e9g\u0171 <\/strong>elektromos h\u00e1l\u00f3zatok oszlopain. A h\u00e1l\u00f3zaton lev\u0151 f\u00e9szkek sok probl\u00e9m\u00e1t okozhatnak az \u00e1ramszolg\u00e1ltat\u00f3knak, valamint a g\u00f3ly\u00e1knak is, hiszen a f\u00e9szkek r\u00f6vidz\u00e1rlatot okozhatnak, kigy\u00falhatnak, stb. Mindk\u00e9t probl\u00e9m\u00e1ra van megold\u00e1s \u2013 a h\u00e1l\u00f3zaton lev\u0151 f\u00e9szkek al\u00e1 speci\u00e1lis \u00e1llv\u00e1nyt kell szerelni, az \u00e1ram\u00fct\u00e9st okoz\u00f3 k\u00f6z\u00e9pfesz\u00fclts\u00e9g\u0171 oszlopokat pedig burkolni kell, vagy mad\u00e1rbar\u00e1t fejszerkezet\u0171re cser\u00e9lni. 2015-ig 1999 g\u00f3lyaf\u00e9szek-\u00e1llv\u00e1ny volt kihelyezve az orsz\u00e1gban, \u00e9s a k\u00f6z\u00e9pfesz\u00fclts\u00e9g\u0171 oszlopokon t\u00f6rt\u00e9n\u0151 mad\u00e1rpusztul\u00e1s megold\u00e1s\u00e1ra is komoly el\u0151rel\u00e9p\u00e9sek t\u00f6rt\u00e9ntek. Ezekben a tev\u00e9kenys\u00e9gekben a Milvus Csoport \u00fatt\u00f6r\u0151 szerepet v\u00e1llalt \u00e9s folyamatosan dolgozik v\u00e9gleges megold\u00e1son. Kiadtunk a lakoss\u00e1g sz\u00e1m\u00e1ra egy \u201c<a href=\"https:\/\/milvus.ro\/wp-content\/uploads\/2018\/02\/ghid_suport_cuib_de_barza.pdf\">\u00datmutat\u00f3 g\u00f3lyaf\u00e9szek tart\u00f3\u00e1llv\u00e1ny elk\u00e9sz\u00edt\u00e9s\u00e9hez \u00e9p\u00fcletekre<\/a>\u201d c\u00edm\u0171 f\u00fczetet. Az \u00e1ramszolg\u00e1ltat\u00f3k sz\u00e1m\u00e1ra k\u00e9sz\u00fclt \u201c<a rel=\"noreferrer noopener\" href=\"https:\/\/milvus.ro\/wp-content\/uploads\/2008\/02\/Ghid-pentru-confectionarea-si-montarea-suporturilor-pentru-cuiburile-de-berze-aflate-pe-stalp.pdf\" target=\"_blank\">\u00datmutat\u00f3 g\u00f3lyaf\u00e9szek tart\u00f3\u00e1llv\u00e1ny elk\u00e9sz\u00edt\u00e9s\u00e9hez oszlopokra<\/a>\u201d c\u00edm\u0171 kiadv\u00e1nyunk k\u00e9t kiad\u00e1st is meg\u00e9rt.<\/p><h1 class=\"wp-block-heading has-medium-font-size\">A probl\u00e9ma<\/h1><p>Sajnos a legt\u00f6bb megy\u00e9ben a kezdeti lend\u00fclet ut\u00e1n az \u00e1ramszolg\u00e1ltat\u00f3 v\u00e1llalat nem helyezett ki t\u00f6bb \u00e1llv\u00e1nyt, \u00edgy az ut\u00f3bbi \u00e9vekben nagyon sok telep\u00fcl\u00e9sr\u0151l fordultak hozz\u00e1nk mad\u00e1rbar\u00e1tok azzal a k\u00e9r\u00e9ssel, hogy van egy \u00e1llv\u00e1ny n\u00e9lk\u00fcli g\u00f3lyaf\u00e9szek az elektromos h\u00e1l\u00f3zaton \u00e9s sz\u00fcks\u00e9g lenne \u00e1llv\u00e1nyra.<\/p><h1 class=\"wp-block-heading has-medium-font-size\">Mit tett eddig a Milvus Csoport?<\/h1><p><i class=\"fas fa-check\"><\/i>  Megpr\u00f3b\u00e1ltuk a helyi \u00e1ramszolg\u00e1ltat\u00f3t r\u00e1venni, hogy k\u00e9sz\u00edtsen \u00e9s helyezzen ki \u00faj \u00e1llv\u00e1nyokat, vagy legal\u00e1bb a m\u00e1r kint lev\u0151 \u00fcres \u00e1llv\u00e1nyokat helyezze \u00e1t olyan helyekre ahol sz\u00fcks\u00e9gesek. \u00d6ssze\u00e1ll\u00edtottunk egy anyagot a Maros megy\u00e9ben \u00e1ltalunk azonos\u00edtott, haszn\u00e1laton k\u00edv\u00fcli \u00e1llv\u00e1nyokr\u00f3l, valamint azokr\u00f3l a f\u00e9szkekr\u0151l, amelyek nincsenek \u00e1llv\u00e1nyon. Az anyagot eljuttattuk az \u00e1ramszolg\u00e1ltat\u00f3hoz egy megbesz\u00e9l\u00e9s keret\u00e9ben, de sajnos a k\u00f6vetkez\u0151 l\u00e9p\u00e9sek elmaradtak a r\u00e9sz\u00fckr\u0151l.<\/p><p><i class=\"fas fa-check\"><\/i>  Megterveztett\u00fcnk egy \u00faj \u00e1llv\u00e1ny-t\u00edpust, amelynek a kihelyez\u00e9se sokkal k\u00f6lts\u00e9ghat\u00e9konyabb (nem sz\u00fcks\u00e9ges hozz\u00e1 darus aut\u00f3) \u00e9s b\u00e1rmilyen m\u00e9ret\u0171 \u00e9s alak\u00fa oszlopra kiszerelhet\u0151.<\/p><p><i class=\"fas fa-check\"><\/i>  Az ut\u00f3bbi \u00e9vek sor\u00e1n siker\u00fclt k\u00fcl\u00f6nb\u00f6z\u0151 t\u00e1mogat\u00e1sokb\u00f3l \u00e9s saj\u00e1t forr\u00e1sb\u00f3l<a href=\"https:\/\/milvus.ro\/hu\/a-milvus-csoport-a-helybeliekkel-kozosen-golyafeszek-tartoallvanyt-helyezett-ki-havad-telepulesen\/\"> legy\u00e1rtani \u00e9s kihelyeztetni n\u00e9h\u00e1ny darabot<\/a>, de az ig\u00e9ny sokkal nagyobb mint a lehet\u0151s\u00e9geink, a k\u00f6lts\u00e9gek meghaladj\u00e1k az anyagi lehet\u0151s\u00e9geinket.<\/p><h1 class=\"wp-block-heading has-medium-font-size\"><strong>Mire van sz\u00fcks\u00e9g ahhoz, hogy az \u00e1llv\u00e1ny a hely\u00e9re ker\u00fclj\u00f6n?<\/strong><\/h1><p>Az \u00e1llv\u00e1ny kihelyez\u00e9s\u00e9hez nemcsak m\u0171szaki felt\u00e9telekre, hanem a <strong>k\u00f6z\u00f6ss\u00e9g egy\u00fcttm\u0171k\u00f6d\u00e9s\u00e9re<\/strong> is sz\u00fcks\u00e9g van. Fontos a k\u00f6z\u00f6ss\u00e9g j\u00f3indulata \u00e9s \u00f6sszefog\u00e1sa, valamint az \u00e1llv\u00e1ny elk\u00e9sz\u00edt\u00e9s\u00e9hez sz\u00fcks\u00e9ges anyagi forr\u00e1sok biztos\u00edt\u00e1sa, amely t\u00f6rt\u00e9nhet adom\u00e1nygy\u0171jt\u00e9sb\u0151l, illetve a helyi \u00f6nkorm\u00e1nyzat hozz\u00e1j\u00e1rul\u00e1s\u00e1val is.<\/p><p>Javasolt, hogy a sz\u00fcks\u00e9ges forr\u00e1sok \u00f6sszegy\u0171jt\u00e9se \u00e9s az \u00e1llv\u00e1ny elk\u00e9sz\u00edt\u00e9se m\u00e9g az \u00e9rz\u00e9keny, k\u00f6lt\u00e9si id\u0151szakban megt\u00f6rt\u00e9njen, azonban a t\u00e9nyleges kihelyez\u00e9st c\u00e9lszer\u0171 \u0151szre id\u0151z\u00edteni, amikor a g\u00f3ly\u00e1k m\u00e1r elhagyt\u00e1k a f\u00e9szket \u00e9s Afrik\u00e1ba vonultak telelni. Ez biztos\u00edtja, hogy a beavatkoz\u00e1s ne zavarja a k\u00f6lt\u00e9st, \u00e9s a telep\u00edt\u00e9s biztons\u00e1gosan megval\u00f3sulhasson.<\/p><h1 class=\"wp-block-heading has-medium-font-size\"><strong>Mit NEM tudunk mi biztos\u00edtani ebb\u0151l?<\/strong><\/h1><ul class=\"wp-block-list\"><li><strong>Egy \u00e1llv\u00e1nyt<\/strong> \u2013 bizonyos felt\u00e9telek mellett.<\/li><\/ul><p>Sz\u00e1munkra fontos ez a tev\u00e9kenys\u00e9g \u00e9s szeretn\u00e9nk seg\u00edteni, de nem tudjuk az \u00e1llv\u00e1ny k\u00f6lts\u00e9g\u00e9t magunkra v\u00e1llalni, mivel nincs p\u00e9nz\u00fcgyi keret\u00fcnk erre a c\u00e9lra.<\/p><h2 class=\"wp-block-heading\">Mit tudunk mi biztos\u00edtani?<\/h2><ul class=\"wp-block-list\"><li><strong>Tan\u00e1csokat <\/strong>a kihelyez\u00e9ssel kapcsolatban (milyen c\u00e9get kell keresni, mire kell figyelni a kihelyez\u00e9sn\u00e9l, ki tudja \u00e1llni a k\u00f6lts\u00e9geket)<\/li><\/ul><p>Ha szeretn\u00e9, hogy valamelyik g\u00f3lyaf\u00e9szek \u00e1llv\u00e1nyra ker\u00fclj\u00f6n, akkor a vegye fel vel\u00fcnk a kapcsolatot a t&#97;&#109;a&#115;&#46;&#112;&#97;&#112;&#112;&#64;&#109;&#105;&#108;&#118;&#117;s&#46;&#114;o c\u00edmen vagy a 0720530117 telefonsz\u00e1mon.<\/p>","protected":false},"excerpt":{"rendered":"Mi\u00e9rt van sz\u00fcks\u00e9g g\u00f3lyaf\u00e9szek-\u00e1llv\u00e1nyra?A feh\u00e9r g\u00f3lya (Ciconia ciconia) az egyik legismertebb, legszeretettebb madarunk. Ez a bizalmas mad\u00e1r nagyon r\u00e9g\u00f3ta az ember k\u00f6zel\u00e9ben f\u00e9szkel \u2013 r\u00e9gebben f\u0151leg ist\u00e1ll\u00f3kon, cs\u0171r\u00f6k\u00f6n, f\u00e1kon \u2013 ma szinte kiz\u00e1r\u00f3lag villanyoszlopokon. Ez a f\u00e9szkel\u0151hely-v\u00e1lt\u00e1s evol\u00faci\u00f3s l\u00e9pt\u00e9kben hihetetlen gyorsan zajlott le, Rom\u00e1ni\u00e1ban az els\u0151 oszlopra \u00e9p\u00fclt f\u00e9szket 1971-ben tal\u00e1lt\u00e1k, ma pedig az \u00e1llom\u00e1ny [&hellip;]","protected":false},"author":2,"featured_media":22259,"parent":26721,"menu_order":0,"comment_status":"closed","ping_status":"closed","template":"","meta":{"_acf_changed":false,"_eb_attr":"","ocean_post_layout":"right-sidebar","ocean_both_sidebars_style":"","ocean_both_sidebars_content_width":0,"ocean_both_sidebars_sidebars_width":0,"ocean_sidebar":"ocs-barza-alba","ocean_second_sidebar":"0","ocean_disable_margins":"enable","ocean_add_body_class":"","ocean_shortcode_before_top_bar":"","ocean_shortcode_after_top_bar":"","ocean_shortcode_before_header":"","ocean_shortcode_after_header":"","ocean_has_shortcode":"","ocean_shortcode_after_title":"","ocean_shortcode_before_footer_widgets":"","ocean_shortcode_after_footer_widgets":"","ocean_shortcode_before_footer_bottom":"","ocean_shortcode_after_footer_bottom":"","ocean_display_top_bar":"default","ocean_display_header":"default","ocean_header_style":"","ocean_center_header_left_menu":"0","ocean_custom_header_template":"0","ocean_custom_logo":0,"ocean_custom_retina_logo":0,"ocean_custom_logo_max_width":0,"ocean_custom_logo_tablet_max_width":0,"ocean_custom_logo_mobile_max_width":0,"ocean_custom_logo_max_height":0,"ocean_custom_logo_tablet_max_height":0,"ocean_custom_logo_mobile_max_height":0,"ocean_header_custom_menu":"0","ocean_menu_typo_font_family":"0","ocean_menu_typo_font_subset":"","ocean_menu_typo_font_size":0,"ocean_menu_typo_font_size_tablet":0,"ocean_menu_typo_font_size_mobile":0,"ocean_menu_typo_font_size_unit":"px","ocean_menu_typo_font_weight":"","ocean_menu_typo_font_weight_tablet":"","ocean_menu_typo_font_weight_mobile":"","ocean_menu_typo_transform":"","ocean_menu_typo_transform_tablet":"","ocean_menu_typo_transform_mobile":"","ocean_menu_typo_line_height":0,"ocean_menu_typo_line_height_tablet":0,"ocean_menu_typo_line_height_mobile":0,"ocean_menu_typo_line_height_unit":"","ocean_menu_typo_spacing":0,"ocean_menu_typo_spacing_tablet":0,"ocean_menu_typo_spacing_mobile":0,"ocean_menu_typo_spacing_unit":"","ocean_menu_link_color":"","ocean_menu_link_color_hover":"","ocean_menu_link_color_active":"","ocean_menu_link_background":"","ocean_menu_link_hover_background":"","ocean_menu_link_active_background":"","ocean_menu_social_links_bg":"","ocean_menu_social_hover_links_bg":"","ocean_menu_social_links_color":"","ocean_menu_social_hover_links_color":"","ocean_disable_title":"default","ocean_disable_heading":"default","ocean_post_title":"Ismersz egy g\u00f3lyaf\u00e9szket, amely az elektromos vezet\u00e9kre van \u00e9p\u00edtve \u00e9s szeretn\u00e9l seg\u00edteni?","ocean_post_subheading":"","ocean_post_title_style":"background-image","ocean_post_title_background_color":"","ocean_post_title_background":25124,"ocean_post_title_bg_image_position":"top center","ocean_post_title_bg_image_attachment":"fixed","ocean_post_title_bg_image_repeat":"no-repeat","ocean_post_title_bg_image_size":"cover","ocean_post_title_height":450,"ocean_post_title_bg_overlay":0.4,"ocean_post_title_bg_overlay_color":"#000000","ocean_disable_breadcrumbs":"default","ocean_breadcrumbs_color":"","ocean_breadcrumbs_separator_color":"","ocean_breadcrumbs_links_color":"","ocean_breadcrumbs_links_hover_color":"","ocean_display_footer_widgets":"default","ocean_display_footer_bottom":"default","ocean_custom_footer_template":"0","omw_enable_modal_window":"enable","osh_disable_topbar_sticky":"default","osh_disable_header_sticky":"default","osh_sticky_header_style":"default","osh_sticky_header_effect":"","osh_custom_sticky_logo":0,"osh_custom_retina_sticky_logo":0,"osh_custom_sticky_logo_height":0,"osh_background_color":"","osh_links_color":"","osh_links_hover_color":"","osh_links_active_color":"","osh_links_bg_color":"","osh_links_hover_bg_color":"","osh_links_active_bg_color":"","osh_menu_social_links_color":"","osh_menu_social_hover_links_color":"","footnotes":""},"class_list":["post-14844","page","type-page","status-publish","has-post-thumbnail","hentry","entry","has-media","owp-thumbs-layout-horizontal","owp-btn-normal","owp-tabs-layout-horizontal","has-no-thumbnails","has-product-nav"],"acf":[],"_links":{"self":[{"href":"https:\/\/milvus.ro\/hu\/wp-json\/wp\/v2\/pages\/14844","targetHints":{"allow":["GET"]}}],"collection":[{"href":"https:\/\/milvus.ro\/hu\/wp-json\/wp\/v2\/pages"}],"about":[{"href":"https:\/\/milvus.ro\/hu\/wp-json\/wp\/v2\/types\/page"}],"author":[{"embeddable":true,"href":"https:\/\/milvus.ro\/hu\/wp-json\/wp\/v2\/users\/2"}],"replies":[{"embeddable":true,"href":"https:\/\/milvus.ro\/hu\/wp-json\/wp\/v2\/comments?post=14844"}],"version-history":[{"count":17,"href":"https:\/\/milvus.ro\/hu\/wp-json\/wp\/v2\/pages\/14844\/revisions"}],"predecessor-version":[{"id":51570,"href":"https:\/\/milvus.ro\/hu\/wp-json\/wp\/v2\/pages\/14844\/revisions\/51570"}],"up":[{"embeddable":true,"href":"https:\/\/milvus.ro\/hu\/wp-json\/wp\/v2\/pages\/26721"}],"wp:featuredmedia":[{"embeddable":true,"href":"https:\/\/milvus.ro\/hu\/wp-json\/wp\/v2\/media\/22259"}],"wp:attachment":[{"href":"https:\/\/milvus.ro\/hu\/wp-json\/wp\/v2\/media?parent=14844"}],"curies":[{"name":"wp","href":"https:\/\/api.w.org\/{rel}","templated":true}]}}