{"id":14757,"date":"2020-09-30T16:28:04","date_gmt":"2020-09-30T13:28:04","guid":{"rendered":"https:\/\/new.milvus.ro\/rohu-14-the-nature-corner-termeszeti-ertekek-ket-orszag-szegleteben\/"},"modified":"2022-02-25T17:41:43","modified_gmt":"2022-02-25T15:41:43","slug":"rohu-14-the-nature-corner-termeszeti-ertekek-ket-orszag-szegleteben","status":"publish","type":"page","link":"https:\/\/milvus.ro\/hu\/proiecte\/rohu-14-the-nature-corner-termeszeti-ertekek-ket-orszag-szegleteben\/","title":{"rendered":"ROHU-14 \u2013 The Nature Corner: term\u00e9szeti \u00e9rt\u00e9kek k\u00e9t orsz\u00e1g szeglet\u00e9ben"},"content":{"rendered":"<div class=\"wp-block-image\"><figure class=\"aligncenter size-full is-resized\"><img fetchpriority=\"high\" decoding=\"async\" src=\"https:\/\/milvus.ro\/wp-content\/uploads\/2020\/09\/The-Nature-Corner-HU-661x372-1.jpg\" alt=\"\" class=\"wp-image-14752\" width=\"960\" height=\"540\"\/><\/figure><\/div><p><span class=\"color_brown\"><strong>C\u00edm<\/strong>:<\/span>&nbsp;<em>A term\u00e9szeti \u00e9rt\u00e9kek meg\u0151rz\u00e9se, v\u00e9delme \u00e9s n\u00e9pszer\u0171s\u00edt\u00e9se Nagyszalonta-B\u00e9k\u00e9scsaba hat\u00e1rmenti t\u00e9rs\u00e9gben, ROHU-14 \u2013 The Nature Corner<\/em><\/p><p><span class=\"color_brown\"><strong>T\u00e1mogat\u00f3<\/strong>:<\/span>&nbsp;az Eur\u00f3pai Uni\u00f3 az&nbsp;<a href=\"https:\/\/ec.europa.eu\/regional_policy\/ro\/funding\/erdf\/\">Eur\u00f3pai Region\u00e1lis Fejleszt\u00e9si Alap<\/a>&nbsp;\u00e1ltal, Rom\u00e1nia \u00e9s Magyarorsz\u00e1g Korm\u00e1nya t\u00e1mogat\u00e1s\u00e1val az&nbsp;<a href=\"https:\/\/interreg-rohu.eu\/ro\/home\/\">Interreg V-A Rom\u00e1nia-Magyarorsz\u00e1g program<\/a>&nbsp;keret\u00e9ben, melynek c\u00e9lja a hat\u00e1ron \u00e1tny\u00fal\u00f3 egy\u00fcttm\u0171k\u00f6d\u00e9s a k\u00f6z\u00f6s \u00e9rt\u00e9kek \u00e9s forr\u00e1sok hat\u00e9kony v\u00e9delme \u00e9s felhaszn\u00e1l\u00e1sa.<\/p><p><span class=\"color_brown\"><strong>Id\u0151tartam<\/strong>:<\/span>\u00a054 h\u00f3nap (a projekt indul\u00e1s\u00e1nak id\u0151pontja: 2018. m\u00e1rcius 1.).<\/p><p><span class=\"color_brown\"><strong>\u00d6sszk\u00f6lts\u00e9g<\/strong>:<\/span>&nbsp;2 997 387,86 eur\u00f3.<\/p><p><span class=\"color_brown\"><strong>Partnerek<\/strong>:<\/span>&nbsp;A projekt egy k\u00f6z- \u00e9s mag\u00e1nszf\u00e9ra k\u00f6z\u00f6tti partners\u00e9gen alapul, melynek c\u00e9lja a k\u00f6z\u00f6s term\u00e9szeti \u00f6r\u00f6ks\u00e9g meg\u0151rz\u00e9se \u00e9s n\u00e9pszer\u0171s\u00edt\u00e9se.<\/p><p><a href=\"https:\/\/salonta.net\/hu\/\">Nagyszalonta Megyei Jog\u00fa V\u00e1ros<\/a>&nbsp;(vezet\u0151 projektpartner) <br><a href=\"https:\/\/korosoknaturpark.hu\/\">K\u00f6r\u00f6s\u00f6k V\u00f6lgye Nat\u00farpark Egyes\u00fclet<\/a> <br><a href=\"https:\/\/milvus.ro\/Hu\/west\/\">Milvus Transilvania Vest Egyes\u00fclet<\/a><br><a href=\"http:\/\/www.bekesvaros.hu\/\">B\u00e9k\u00e9s V\u00e1rosa<\/a><\/p><p><span class=\"color_brown\"><strong>C\u00e9lkit\u0171z\u00e9s<\/strong>:<\/span>&nbsp;a Nagyszalonta \u2013 B\u00e9k\u00e9s hat\u00e1r menti t\u00e9rs\u00e9g k\u00f6z\u00f6s term\u00e9szeti \u00f6r\u00f6ks\u00e9g\u00e9nek fenntarthat\u00f3 kiakn\u00e1z\u00e1sa, a term\u00e9szeti \u00f6r\u00f6ks\u00e9g term\u00e9szetv\u00e9delmi helyzet\u00e9nek fejleszt\u00e9se \u00e9s a term\u00e9szeti \u00e9rt\u00e9kek integr\u00e1lt n\u00e9pszer\u0171s\u00edt\u00e9se r\u00e9v\u00e9n.<\/p><p><strong>F\u0151 tev\u00e9kenys\u00e9gek<\/strong>:<\/p><p><strong>Term\u00e9szetv\u00e9delem:<\/strong>&nbsp;a fizikai korl\u00e1tok elt\u00e1vol\u00edt\u00e1sa a t\u00fazok \u00e9letter\u00e9b\u0151l (6 km-es szakaszon f\u00f6ld alatt ker\u00fclnek elvezet\u00e9sre a k\u00f6z\u00e9pfesz\u00fclts\u00e9g\u0171 elektromos l\u00e9gvezet\u00e9kek), a t\u00fazok term\u00e9szetes ragadoz\u00f3i l\u00e9tsz\u00e1m\u00e1nak cs\u00f6kkent\u00e9se (k\u00f6lt\u00e9s idej\u00e9n), Natura 2000 \u00e9l\u0151hely rendez\u00e9se \u2013 eutr\u00f3f t\u00f3 rehabilit\u00e1ci\u00f3ja.<\/p><p><strong>Nevel\u00e9s \u00e9s t\u00e1j\u00e9koztat\u00e1s<\/strong>: szemin\u00e1riumok tan\u00edt\u00f3k \u00e9s tan\u00e1rok r\u00e9sz\u00e9re a t\u00fazokr\u00f3l \u00e9s egy\u00e9b term\u00e9szeti \u00e9rt\u00e9kekr\u0151l, verseny szervez\u00e9se I\u2013VIII. oszt\u00e1lyos tanul\u00f3k sz\u00e1m\u00e1ra, tal\u00e1lkoz\u00f3k gazd\u00e1lkod\u00f3kkal \u00e9s \u00e1llattart\u00f3kkal, tapasztalatcsere folytat\u00e1sa szak\u00e9rt\u0151kkel.<\/p><p><strong>Turizmus<\/strong>: turisztikai inform\u00e1ci\u00f3s k\u00f6zpont \u00e9p\u00edt\u00e9se \u00e9s fejleszt\u00e9se, t\u00fazok-megfigyel\u0151helyek l\u00e9tes\u00edt\u00e9se \u00e9s felszerel\u00e9se, tematikus \u00f6sv\u00e9ny ki\u00e9p\u00edt\u00e9se.<\/p><p><span class=\"color_brown\"><strong>\u00dajdons\u00e1gok<\/strong>:<\/span>&nbsp;a projekt weboldala:&nbsp;<a href=\"https:\/\/www.dropia.eu\/hu\">ww.dropia.eu<\/a> <br>\r\n\r\nK\u00f6vessen minket: <br>\r\nFacebook-on:&nbsp;<a href=\"https:\/\/www.facebook.com\/pg\/The-Nature-Corner-789550407907029\/posts\/?ref=page_internal\">The Nature Corner<\/a> <br>\r\nInstagram-on:&nbsp;<a href=\"https:\/\/www.instagram.com\/nature_corner_rohu14\/\">nature_corner_rohu14<\/a><\/p><p><em>Az itt k\u00f6zz\u00e9tett tartalom nem felt\u00e9tlen\u00fcl t\u00fckr\u00f6zi az Eur\u00f3pai Uni\u00f3 hivatalos \u00e1ll\u00e1spontj\u00e1t.<\/em>\r\n<em>Fot\u00f3: Milvus Csoport.<\/em><\/p>","protected":false},"excerpt":{"rendered":"C\u00edm:&nbsp;A term\u00e9szeti \u00e9rt\u00e9kek meg\u0151rz\u00e9se, v\u00e9delme \u00e9s n\u00e9pszer\u0171s\u00edt\u00e9se Nagyszalonta-B\u00e9k\u00e9scsaba hat\u00e1rmenti t\u00e9rs\u00e9gben, ROHU-14 \u2013 The Nature CornerT\u00e1mogat\u00f3:&nbsp;az Eur\u00f3pai Uni\u00f3 az&nbsp;Eur\u00f3pai Region\u00e1lis Fejleszt\u00e9si Alap&nbsp;\u00e1ltal, Rom\u00e1nia \u00e9s Magyarorsz\u00e1g Korm\u00e1nya t\u00e1mogat\u00e1s\u00e1val az&nbsp;Interreg V-A Rom\u00e1nia-Magyarorsz\u00e1g program&nbsp;keret\u00e9ben, melynek c\u00e9lja a hat\u00e1ron \u00e1tny\u00fal\u00f3 egy\u00fcttm\u0171k\u00f6d\u00e9s a k\u00f6z\u00f6s \u00e9rt\u00e9kek \u00e9s forr\u00e1sok hat\u00e9kony v\u00e9delme \u00e9s felhaszn\u00e1l\u00e1sa.Id\u0151tartam:\u00a054 h\u00f3nap (a projekt indul\u00e1s\u00e1nak id\u0151pontja: 2018. m\u00e1rcius 1.).\u00d6sszk\u00f6lts\u00e9g:&nbsp;2 997 387,86 [&hellip;]","protected":false},"author":2,"featured_media":21571,"parent":17382,"menu_order":0,"comment_status":"closed","ping_status":"closed","template":"","meta":{"_acf_changed":false,"_eb_attr":"","ocean_post_layout":"","ocean_both_sidebars_style":"","ocean_both_sidebars_content_width":0,"ocean_both_sidebars_sidebars_width":0,"ocean_sidebar":"0","ocean_second_sidebar":"0","ocean_disable_margins":"enable","ocean_add_body_class":"","ocean_shortcode_before_top_bar":"","ocean_shortcode_after_top_bar":"","ocean_shortcode_before_header":"","ocean_shortcode_after_header":"","ocean_has_shortcode":"","ocean_shortcode_after_title":"","ocean_shortcode_before_footer_widgets":"","ocean_shortcode_after_footer_widgets":"","ocean_shortcode_before_footer_bottom":"","ocean_shortcode_after_footer_bottom":"","ocean_display_top_bar":"default","ocean_display_header":"default","ocean_header_style":"","ocean_center_header_left_menu":"0","ocean_custom_header_template":"0","ocean_custom_logo":0,"ocean_custom_retina_logo":0,"ocean_custom_logo_max_width":0,"ocean_custom_logo_tablet_max_width":0,"ocean_custom_logo_mobile_max_width":0,"ocean_custom_logo_max_height":0,"ocean_custom_logo_tablet_max_height":0,"ocean_custom_logo_mobile_max_height":0,"ocean_header_custom_menu":"0","ocean_menu_typo_font_family":"0","ocean_menu_typo_font_subset":"","ocean_menu_typo_font_size":0,"ocean_menu_typo_font_size_tablet":0,"ocean_menu_typo_font_size_mobile":0,"ocean_menu_typo_font_size_unit":"px","ocean_menu_typo_font_weight":"","ocean_menu_typo_font_weight_tablet":"","ocean_menu_typo_font_weight_mobile":"","ocean_menu_typo_transform":"","ocean_menu_typo_transform_tablet":"","ocean_menu_typo_transform_mobile":"","ocean_menu_typo_line_height":0,"ocean_menu_typo_line_height_tablet":0,"ocean_menu_typo_line_height_mobile":0,"ocean_menu_typo_line_height_unit":"","ocean_menu_typo_spacing":0,"ocean_menu_typo_spacing_tablet":0,"ocean_menu_typo_spacing_mobile":0,"ocean_menu_typo_spacing_unit":"","ocean_menu_link_color":"","ocean_menu_link_color_hover":"","ocean_menu_link_color_active":"","ocean_menu_link_background":"","ocean_menu_link_hover_background":"","ocean_menu_link_active_background":"","ocean_menu_social_links_bg":"","ocean_menu_social_hover_links_bg":"","ocean_menu_social_links_color":"","ocean_menu_social_hover_links_color":"","ocean_disable_title":"default","ocean_disable_heading":"default","ocean_post_title":"","ocean_post_subheading":"","ocean_post_title_style":"","ocean_post_title_background_color":"","ocean_post_title_background":0,"ocean_post_title_bg_image_position":"","ocean_post_title_bg_image_attachment":"","ocean_post_title_bg_image_repeat":"","ocean_post_title_bg_image_size":"","ocean_post_title_height":0,"ocean_post_title_bg_overlay":0.5,"ocean_post_title_bg_overlay_color":"","ocean_disable_breadcrumbs":"default","ocean_breadcrumbs_color":"","ocean_breadcrumbs_separator_color":"","ocean_breadcrumbs_links_color":"","ocean_breadcrumbs_links_hover_color":"","ocean_display_footer_widgets":"default","ocean_display_footer_bottom":"default","ocean_custom_footer_template":"0","omw_enable_modal_window":"enable","osh_disable_topbar_sticky":"default","osh_disable_header_sticky":"default","osh_sticky_header_style":"default","osh_sticky_header_effect":"","osh_custom_sticky_logo":0,"osh_custom_retina_sticky_logo":0,"osh_custom_sticky_logo_height":0,"osh_background_color":"","osh_links_color":"","osh_links_hover_color":"","osh_links_active_color":"","osh_links_bg_color":"","osh_links_hover_bg_color":"","osh_links_active_bg_color":"","osh_menu_social_links_color":"","osh_menu_social_hover_links_color":"","footnotes":""},"class_list":["post-14757","page","type-page","status-publish","has-post-thumbnail","hentry","entry","has-media","owp-thumbs-layout-horizontal","owp-btn-normal","owp-tabs-layout-horizontal","has-no-thumbnails","has-product-nav"],"acf":[],"_links":{"self":[{"href":"https:\/\/milvus.ro\/hu\/wp-json\/wp\/v2\/pages\/14757","targetHints":{"allow":["GET"]}}],"collection":[{"href":"https:\/\/milvus.ro\/hu\/wp-json\/wp\/v2\/pages"}],"about":[{"href":"https:\/\/milvus.ro\/hu\/wp-json\/wp\/v2\/types\/page"}],"author":[{"embeddable":true,"href":"https:\/\/milvus.ro\/hu\/wp-json\/wp\/v2\/users\/2"}],"replies":[{"embeddable":true,"href":"https:\/\/milvus.ro\/hu\/wp-json\/wp\/v2\/comments?post=14757"}],"version-history":[{"count":9,"href":"https:\/\/milvus.ro\/hu\/wp-json\/wp\/v2\/pages\/14757\/revisions"}],"predecessor-version":[{"id":33723,"href":"https:\/\/milvus.ro\/hu\/wp-json\/wp\/v2\/pages\/14757\/revisions\/33723"}],"up":[{"embeddable":true,"href":"https:\/\/milvus.ro\/hu\/wp-json\/wp\/v2\/pages\/17382"}],"wp:featuredmedia":[{"embeddable":true,"href":"https:\/\/milvus.ro\/hu\/wp-json\/wp\/v2\/media\/21571"}],"wp:attachment":[{"href":"https:\/\/milvus.ro\/hu\/wp-json\/wp\/v2\/media?parent=14757"}],"curies":[{"name":"wp","href":"https:\/\/api.w.org\/{rel}","templated":true}]}}