{"id":14745,"date":"2020-09-30T15:20:56","date_gmt":"2020-09-30T12:20:56","guid":{"rendered":"https:\/\/new.milvus.ro\/?page_id=14745"},"modified":"2023-03-11T14:08:17","modified_gmt":"2023-03-11T12:08:17","slug":"poim","status":"publish","type":"page","link":"https:\/\/milvus.ro\/hu\/proiecte\/poim\/","title":{"rendered":"A ROSCI 0210, ROSCI 0367, ROSCI 0368, ROSCI 0369 Natura 2000-es ter\u00fcletek kezel\u00e9si tervei, SMIS 117254"},"content":{"rendered":"<p>A Milvus Csoport \u2013 egy\u00fcttm\u0171k\u00f6d\u00e9sben a ProPark egyes\u00fclettel (Funda\u021bia pentru Arii Protejate) \u2013 \u00e1tfog\u00f3 projektet ind\u00edt a Maros foly\u00f3 ment\u00e9n tal\u00e1lhat\u00f3 n\u00e9gy Natura 2000 v\u00e9dett ter\u00fclet (ROSCI0210 A lekencei szakad\u00e1s, ROSCI0367 Malomfalva \u00e9s Marosugra k\u00f6z\u00f6tti Maros szakasz, ROSCI0369 Radn\u00f3tf\u00e1ja \u00e9s K\u00f6rtv\u00e9lyf\u00e1ja k\u00f6z\u00f6tti Maros szakasz, ROSCI0368 D\u00e9da \u00e9s Sz\u00e1szr\u00e9gen k\u00f6z\u00f6tti Maros szakasz) v\u00e9delm\u00e9re.<\/p><figure class=\"wp-block-image size-large\"><a href=\"https:\/\/milvus.ro\/wp-content\/uploads\/2018\/11\/POIMMures.jpg\"><img fetchpriority=\"high\" decoding=\"async\" width=\"1024\" height=\"576\" src=\"https:\/\/milvus.ro\/wp-content\/uploads\/2018\/11\/POIMMures.jpg\" alt=\"\" class=\"wp-image-23613\" srcset=\"https:\/\/milvus.ro\/wp-content\/uploads\/2018\/11\/POIMMures.jpg 1024w, https:\/\/milvus.ro\/wp-content\/uploads\/2018\/11\/POIMMures-600x338.jpg 600w, https:\/\/milvus.ro\/wp-content\/uploads\/2018\/11\/POIMMures-300x169.jpg 300w, https:\/\/milvus.ro\/wp-content\/uploads\/2018\/11\/POIMMures-768x432.jpg 768w\" sizes=\"(max-width: 1024px) 100vw, 1024px\" \/><\/a><figcaption class=\"wp-element-caption\">A Maros foly\u00f3<\/figcaption><\/figure><p>A projekt c\u00e9lja a n\u00e9gy v\u00e9dett ter\u00fclet biol\u00f3giai sokf\u00e9les\u00e9g\u00e9nek v\u00e9delm\u00e9t szolg\u00e1l\u00f3 kezel\u00e9si terv elk\u00e9sz\u00edt\u00e9se. Ennek \u00e9rdek\u00e9ben sz\u00e1mos tev\u00e9kenys\u00e9get val\u00f3s\u00edtunk meg a projekt sor\u00e1n, mint az \u00e9rintett ter\u00fcletek felt\u00e9rk\u00e9pez\u00e9se, az \u00e9l\u0151helyek \u00e9s fajok v\u00e9detts\u00e9gi st\u00e1tusz\u00e1nak \u00e9rt\u00e9kel\u00e9se, bizonyos fajok \u00e9s \u00e9l\u0151helyek felm\u00e9r\u00e9s\u00e9n alapul\u00f3 tanulm\u00e1nyok elk\u00e9sz\u00edt\u00e9se, vesz\u00e9lyeztet\u0151 t\u00e9nyez\u0151k felm\u00e9r\u00e9se, szeml\u00e9letform\u00e1l\u00e1s a l\u00e1togat\u00f3k \u00e9s a Natura 2000 ter\u00fcletek \u00e1ltal \u00e9rintett telep\u00fcl\u00e9sek lakosai k\u00f6r\u00e9ben.<\/p><div class=\"wp-block-image\"><figure class=\"aligncenter size-full\"><a href=\"https:\/\/milvus.ro\/wp-content\/uploads\/2021\/06\/Total-4-sit.jpg\"><img decoding=\"async\" width=\"1948\" height=\"1378\" src=\"https:\/\/milvus.ro\/wp-content\/uploads\/2021\/06\/Total-4-sit.jpg\" alt=\"\" class=\"wp-image-30703\" srcset=\"https:\/\/milvus.ro\/wp-content\/uploads\/2021\/06\/Total-4-sit.jpg 1948w, https:\/\/milvus.ro\/wp-content\/uploads\/2021\/06\/Total-4-sit-600x424.jpg 600w, https:\/\/milvus.ro\/wp-content\/uploads\/2021\/06\/Total-4-sit-300x212.jpg 300w, https:\/\/milvus.ro\/wp-content\/uploads\/2021\/06\/Total-4-sit-1024x724.jpg 1024w, https:\/\/milvus.ro\/wp-content\/uploads\/2021\/06\/Total-4-sit-768x543.jpg 768w, https:\/\/milvus.ro\/wp-content\/uploads\/2021\/06\/Total-4-sit-1536x1087.jpg 1536w\" sizes=\"(max-width: 1948px) 100vw, 1948px\" \/><\/a><figcaption class=\"wp-element-caption\">ROSCI 0210, ROSCI 0367, ROSCI 0368, ROSCI 0369 ter\u00fcletek<\/figcaption><\/figure><\/div><p>Az \u00e9vek sor\u00e1n, mint ezeknek a v\u00e9dett ter\u00fclteknek a gy\u00e1mjai sz\u00e1mos olyan probl\u00e9m\u00e1val szembes\u00fclt\u00fcnk, mint a v\u00edzszennyez\u00e9s, a szennyv\u00edzkezel\u0151 l\u00e9tes\u00edtm\u00e9nyek hi\u00e1nya, a mez\u0151gazdas\u00e1gban haszn\u00e1lt m\u0171tr\u00e1gy\u00e1k t\u00falhaszn\u00e1lata, v\u00e9dett halfajok befog\u00e1sa, a foly\u00f3partok \u00e9s patakok menti f\u00e1k kiv\u00e1g\u00e1sa, kavicskitermel\u00e9s, a vizes \u00e9l\u0151helyek lecsapol\u00e1sa \u00e9s nem utols\u00f3 sorban a ter\u00fcleteken tal\u00e1lhat\u00f3 v\u00e9dett vagy szigor\u00faan v\u00e9dett fajok, valamint az \u00e9l\u0151helyeik pontos nyilv\u00e1ntart\u00e1s\u00e1nak hi\u00e1nya.<\/p><div class=\"wp-block-image\"><figure class=\"aligncenter size-full\"><a href=\"https:\/\/milvus.ro\/wp-content\/uploads\/2021\/06\/raul-mures-presa-1.jpg\"><img decoding=\"async\" width=\"1200\" height=\"675\" src=\"https:\/\/milvus.ro\/wp-content\/uploads\/2021\/06\/raul-mures-presa-1.jpg\" alt=\"\" class=\"wp-image-30699\" srcset=\"https:\/\/milvus.ro\/wp-content\/uploads\/2021\/06\/raul-mures-presa-1.jpg 1200w, https:\/\/milvus.ro\/wp-content\/uploads\/2021\/06\/raul-mures-presa-1-600x338.jpg 600w, https:\/\/milvus.ro\/wp-content\/uploads\/2021\/06\/raul-mures-presa-1-300x169.jpg 300w, https:\/\/milvus.ro\/wp-content\/uploads\/2021\/06\/raul-mures-presa-1-1024x576.jpg 1024w, https:\/\/milvus.ro\/wp-content\/uploads\/2021\/06\/raul-mures-presa-1-768x432.jpg 768w\" sizes=\"(max-width: 1200px) 100vw, 1200px\" \/><\/a><figcaption class=\"wp-element-caption\">A Maros foly\u00f3<\/figcaption><\/figure><\/div><p>A p\u00e1ly\u00e1zat keret\u00e9n bel\u00fcl k\u00fcl\u00f6nb\u00f6z\u0151 kamp\u00e1nyokkal r\u00e9v\u00e9n hangs\u00falyt fektet\u00fcnk a lakoss\u00e1g tudatoss\u00e1g\u00e1nak n\u00f6vel\u00e9s\u00e9re. Szervez\u00fcnk iskolai tev\u00e9kenys\u00e9geket \u00e9s di\u00e1kt\u00e1borokat, kerekasztal besz\u00e9lget\u00e9seket hal\u00e1szokkal \u00e9s a helyi hat\u00f3s\u00e1gok k\u00e9pvisel\u0151ivel.<\/p><p>A p\u00e1ly\u00e1zat 2018 j\u00fanius\u00e1ban indult, k\u00f6lts\u00e9gvet\u00e9se 6 358 394,47 lej, amelyet a\u00a0<a rel=\"noreferrer noopener\" href=\"http:\/\/www.fonduri-ue.ro\/\" target=\"_blank\">Nagy Infrastruktur\u00e1lis Operat\u00edv Program finansz\u00edroz (4-es priorit\u00e1si tengely: K\u00f6rnyezetv\u00e9delmi int\u00e9zked\u00e9sek a biol\u00f3giai sokf\u00e9les\u00e9g meg\u0151rz\u00e9s\u00e9re \u00e9rdek\u00e9ben, a leveg\u0151min\u0151s\u00e9g ellen\u0151rz\u00e9s\u00e9re \u00e9s a szennyezett ter\u00fcletek fert\u0151tlen\u00edt\u00e9s\u00e9re, OS 4.1 altengely: A biol\u00f3giai sokf\u00e9les\u00e9g v\u00e9delme \u00e9s meg\u0151rz\u00e9se, valamint a degrad\u00e1lt \u00f6kosziszt\u00e9m\u00e1k helyre\u00e1ll\u00edt\u00e1sa)<\/a>.<\/p><figure><iframe src=\"https:\/\/www.youtube.com\/embed\/nl2nyrW5raY\" width=\"560\" height=\"315\" allowfullscreen=\"allowfullscreen\"><\/iframe><\/figure><p><a href=\"https:\/\/www.fonduri-ue.ro\/\" target=\"_blank\" rel=\"noreferrer noopener\">Tov\u00e1bbi, az Eur\u00f3pai Uni\u00f3 \u00e1ltal t\u00e1mogatott programokr\u00f3l sz\u00f3l\u00f3 inform\u00e1ci\u00f3k\u00e9rt l\u00e1togasson el a www.fonduri-ue.ro oldalra.<\/a><\/p><p>Ezen anyag tartalma nem k\u00e9pviseli felt\u00e9tlen\u00fcl az Eur\u00f3pa Uni\u00f3 vagy Rom\u00e1nia Korm\u00e1ny\u00e1nak hivatalos \u00e1ll\u00e1spontj\u00e1t.<\/p><figure class=\"wp-block-gallery alignleft has-nested-images columns-default is-cropped wp-block-gallery-1 is-layout-flex wp-block-gallery-is-layout-flex\"><figure class=\"wp-block-image size-medium\"><img loading=\"lazy\" decoding=\"async\" width=\"300\" height=\"300\" data-id=\"21257\" src=\"https:\/\/milvus.ro\/wp-content\/uploads\/2020\/01\/sigla_guv_coroana_albastru-300x300.png\" alt=\"\" class=\"wp-image-21257\" srcset=\"https:\/\/milvus.ro\/wp-content\/uploads\/2020\/01\/sigla_guv_coroana_albastru-300x300.png 300w, https:\/\/milvus.ro\/wp-content\/uploads\/2020\/01\/sigla_guv_coroana_albastru-100x100.png 100w, https:\/\/milvus.ro\/wp-content\/uploads\/2020\/01\/sigla_guv_coroana_albastru-150x150.png 150w, https:\/\/milvus.ro\/wp-content\/uploads\/2020\/01\/sigla_guv_coroana_albastru.png 500w\" sizes=\"(max-width: 300px) 100vw, 300px\" \/><\/figure>\n\n<figure class=\"wp-block-image size-medium\"><img loading=\"lazy\" decoding=\"async\" width=\"300\" height=\"159\" data-id=\"21259\" src=\"https:\/\/milvus.ro\/wp-content\/uploads\/2020\/01\/ue-300x159.png\" alt=\"\" class=\"wp-image-21259\" srcset=\"https:\/\/milvus.ro\/wp-content\/uploads\/2020\/01\/ue-300x159.png 300w, https:\/\/milvus.ro\/wp-content\/uploads\/2020\/01\/ue.png 527w\" sizes=\"(max-width: 300px) 100vw, 300px\" \/><\/figure>\n\n<figure class=\"wp-block-image size-medium\"><img loading=\"lazy\" decoding=\"async\" width=\"300\" height=\"300\" data-id=\"21255\" src=\"https:\/\/milvus.ro\/wp-content\/uploads\/2020\/01\/logo-IS-2014-2020-300x300.png\" alt=\"\" class=\"wp-image-21255\" srcset=\"https:\/\/milvus.ro\/wp-content\/uploads\/2020\/01\/logo-IS-2014-2020-300x300.png 300w, https:\/\/milvus.ro\/wp-content\/uploads\/2020\/01\/logo-IS-2014-2020-100x100.png 100w, https:\/\/milvus.ro\/wp-content\/uploads\/2020\/01\/logo-IS-2014-2020-600x600.png 600w, https:\/\/milvus.ro\/wp-content\/uploads\/2020\/01\/logo-IS-2014-2020-150x150.png 150w, https:\/\/milvus.ro\/wp-content\/uploads\/2020\/01\/logo-IS-2014-2020-768x768.png 768w, https:\/\/milvus.ro\/wp-content\/uploads\/2020\/01\/logo-IS-2014-2020.png 950w\" sizes=\"(max-width: 300px) 100vw, 300px\" \/><\/figure><\/figure>","protected":false},"excerpt":{"rendered":"A Milvus Csoport \u2013 egy\u00fcttm\u0171k\u00f6d\u00e9sben a ProPark egyes\u00fclettel (Funda\u021bia pentru Arii Protejate) \u2013 \u00e1tfog\u00f3 projektet ind\u00edt a Maros foly\u00f3 ment\u00e9n tal\u00e1lhat\u00f3 n\u00e9gy Natura 2000 v\u00e9dett ter\u00fclet (ROSCI0210 A lekencei szakad\u00e1s, ROSCI0367 Malomfalva \u00e9s Marosugra k\u00f6z\u00f6tti Maros szakasz, ROSCI0369 Radn\u00f3tf\u00e1ja \u00e9s K\u00f6rtv\u00e9lyf\u00e1ja k\u00f6z\u00f6tti Maros szakasz, ROSCI0368 D\u00e9da \u00e9s Sz\u00e1szr\u00e9gen k\u00f6z\u00f6tti Maros szakasz) v\u00e9delm\u00e9re.A projekt c\u00e9lja a [&hellip;]","protected":false},"author":2,"featured_media":23613,"parent":17382,"menu_order":0,"comment_status":"closed","ping_status":"closed","template":"","meta":{"_acf_changed":false,"_eb_attr":"","ocean_post_layout":"right-sidebar","ocean_both_sidebars_style":"","ocean_both_sidebars_content_width":0,"ocean_both_sidebars_sidebars_width":0,"ocean_sidebar":"ocs-marospoim","ocean_second_sidebar":"0","ocean_disable_margins":"enable","ocean_add_body_class":"","ocean_shortcode_before_top_bar":"","ocean_shortcode_after_top_bar":"","ocean_shortcode_before_header":"","ocean_shortcode_after_header":"","ocean_has_shortcode":"","ocean_shortcode_after_title":"","ocean_shortcode_before_footer_widgets":"","ocean_shortcode_after_footer_widgets":"","ocean_shortcode_before_footer_bottom":"","ocean_shortcode_after_footer_bottom":"","ocean_display_top_bar":"default","ocean_display_header":"default","ocean_header_style":"","ocean_center_header_left_menu":"0","ocean_custom_header_template":"0","ocean_custom_logo":0,"ocean_custom_retina_logo":0,"ocean_custom_logo_max_width":0,"ocean_custom_logo_tablet_max_width":0,"ocean_custom_logo_mobile_max_width":0,"ocean_custom_logo_max_height":0,"ocean_custom_logo_tablet_max_height":0,"ocean_custom_logo_mobile_max_height":0,"ocean_header_custom_menu":"0","ocean_menu_typo_font_family":"0","ocean_menu_typo_font_subset":"","ocean_menu_typo_font_size":0,"ocean_menu_typo_font_size_tablet":0,"ocean_menu_typo_font_size_mobile":0,"ocean_menu_typo_font_size_unit":"px","ocean_menu_typo_font_weight":"","ocean_menu_typo_font_weight_tablet":"","ocean_menu_typo_font_weight_mobile":"","ocean_menu_typo_transform":"","ocean_menu_typo_transform_tablet":"","ocean_menu_typo_transform_mobile":"","ocean_menu_typo_line_height":0,"ocean_menu_typo_line_height_tablet":0,"ocean_menu_typo_line_height_mobile":0,"ocean_menu_typo_line_height_unit":"","ocean_menu_typo_spacing":0,"ocean_menu_typo_spacing_tablet":0,"ocean_menu_typo_spacing_mobile":0,"ocean_menu_typo_spacing_unit":"","ocean_menu_link_color":"","ocean_menu_link_color_hover":"","ocean_menu_link_color_active":"","ocean_menu_link_background":"","ocean_menu_link_hover_background":"","ocean_menu_link_active_background":"","ocean_menu_social_links_bg":"","ocean_menu_social_hover_links_bg":"","ocean_menu_social_links_color":"","ocean_menu_social_hover_links_color":"","ocean_disable_title":"default","ocean_disable_heading":"default","ocean_post_title":"","ocean_post_subheading":"","ocean_post_title_style":"","ocean_post_title_background_color":"","ocean_post_title_background":0,"ocean_post_title_bg_image_position":"","ocean_post_title_bg_image_attachment":"","ocean_post_title_bg_image_repeat":"","ocean_post_title_bg_image_size":"","ocean_post_title_height":0,"ocean_post_title_bg_overlay":0.5,"ocean_post_title_bg_overlay_color":"","ocean_disable_breadcrumbs":"default","ocean_breadcrumbs_color":"","ocean_breadcrumbs_separator_color":"","ocean_breadcrumbs_links_color":"","ocean_breadcrumbs_links_hover_color":"","ocean_display_footer_widgets":"default","ocean_display_footer_bottom":"default","ocean_custom_footer_template":"0","omw_enable_modal_window":"enable","osh_disable_topbar_sticky":"default","osh_disable_header_sticky":"default","osh_sticky_header_style":"default","osh_sticky_header_effect":"","osh_custom_sticky_logo":0,"osh_custom_retina_sticky_logo":0,"osh_custom_sticky_logo_height":0,"osh_background_color":"","osh_links_color":"","osh_links_hover_color":"","osh_links_active_color":"","osh_links_bg_color":"","osh_links_hover_bg_color":"","osh_links_active_bg_color":"","osh_menu_social_links_color":"","osh_menu_social_hover_links_color":"","footnotes":""},"class_list":["post-14745","page","type-page","status-publish","has-post-thumbnail","hentry","entry","has-media","owp-thumbs-layout-horizontal","owp-btn-normal","owp-tabs-layout-horizontal","has-no-thumbnails","has-product-nav"],"acf":[],"_links":{"self":[{"href":"https:\/\/milvus.ro\/hu\/wp-json\/wp\/v2\/pages\/14745","targetHints":{"allow":["GET"]}}],"collection":[{"href":"https:\/\/milvus.ro\/hu\/wp-json\/wp\/v2\/pages"}],"about":[{"href":"https:\/\/milvus.ro\/hu\/wp-json\/wp\/v2\/types\/page"}],"author":[{"embeddable":true,"href":"https:\/\/milvus.ro\/hu\/wp-json\/wp\/v2\/users\/2"}],"replies":[{"embeddable":true,"href":"https:\/\/milvus.ro\/hu\/wp-json\/wp\/v2\/comments?post=14745"}],"version-history":[{"count":3,"href":"https:\/\/milvus.ro\/hu\/wp-json\/wp\/v2\/pages\/14745\/revisions"}],"predecessor-version":[{"id":38469,"href":"https:\/\/milvus.ro\/hu\/wp-json\/wp\/v2\/pages\/14745\/revisions\/38469"}],"up":[{"embeddable":true,"href":"https:\/\/milvus.ro\/hu\/wp-json\/wp\/v2\/pages\/17382"}],"wp:featuredmedia":[{"embeddable":true,"href":"https:\/\/milvus.ro\/hu\/wp-json\/wp\/v2\/media\/23613"}],"wp:attachment":[{"href":"https:\/\/milvus.ro\/hu\/wp-json\/wp\/v2\/media?parent=14745"}],"curies":[{"name":"wp","href":"https:\/\/api.w.org\/{rel}","templated":true}]}}