{"id":14380,"date":"2020-09-22T15:53:18","date_gmt":"2020-09-22T12:53:18","guid":{"rendered":"https:\/\/new.milvus.ro\/szemleletformalas\/"},"modified":"2025-02-20T09:53:03","modified_gmt":"2025-02-20T07:53:03","slug":"szemleletformalas","status":"publish","type":"page","link":"https:\/\/milvus.ro\/hu\/szemleletformalas\/","title":{"rendered":"Nevel\u00e9s, szeml\u00e9letform\u00e1l\u00e1s"},"content":{"rendered":"\t\t<div data-elementor-type=\"wp-page\" data-elementor-id=\"14380\" class=\"elementor elementor-14380 elementor-14334\">\n\t\t\t\t\t\t<section class=\"elementor-section elementor-top-section elementor-element elementor-element-a22fce2 animated-slow elementor-section-boxed elementor-section-height-default elementor-section-height-default\" data-id=\"a22fce2\" data-element_type=\"section\" data-settings=\"{&quot;animation&quot;:&quot;none&quot;}\">\n\t\t\t\t\t\t<div class=\"elementor-container elementor-column-gap-default\">\n\t\t\t\t\t<div class=\"elementor-column elementor-col-100 elementor-top-column elementor-element elementor-element-882ac0c\" data-id=\"882ac0c\" data-element_type=\"column\">\n\t\t\t<div class=\"elementor-widget-wrap elementor-element-populated\">\n\t\t\t\t\t\t<div class=\"elementor-element elementor-element-504659c elementor-widget elementor-widget-heading\" data-id=\"504659c\" data-element_type=\"widget\" data-widget_type=\"heading.default\">\n\t\t\t\t<div class=\"elementor-widget-container\">\n\t\t\t<h4 class=\"elementor-heading-title elementor-size-default\">Mi\u00f3ta foglalkozunk k\u00f6rnyezeti nevel\u00e9ssel?<\/h4>\t\t<\/div>\n\t\t\t\t<\/div>\n\t\t\t\t<div class=\"elementor-element elementor-element-c894550 elementor-widget elementor-widget-text-editor\" data-id=\"c894550\" data-element_type=\"widget\" data-widget_type=\"text-editor.default\">\n\t\t\t\t<div class=\"elementor-widget-container\">\n\t\t\t\t\t\t\t<p>A 90-es \u00e9vek k\u00f6zep\u00e9n kezdt\u00fck el iskolai l\u00e1togat\u00e1sainkat. Kezdetben vet\u00edt\u00e9seket tartottunk madarakr\u00f3l \u00e9s saj\u00e1t k\u00e9sz\u00edt\u00e9s\u0171, ma m\u00e1r megmosolyogtat\u00f3 diafilmek seg\u00edts\u00e9g\u00e9vel pr\u00f3b\u00e1ltuk \u00e1tadni ismereteinket. Az\u00f3ta v\u00e1ltozatosabb programokkal b\u0151v\u00edtett\u00fck oktat\u00e1si k\u00edn\u00e1latunkat.<\/p>\t\t\t\t\t\t<\/div>\n\t\t\t\t<\/div>\n\t\t\t\t\t<\/div>\n\t\t<\/div>\n\t\t\t\t\t<\/div>\n\t\t<\/section>\n\t\t\t\t<section class=\"elementor-section elementor-top-section elementor-element elementor-element-7bdd82e animated-slow elementor-section-boxed elementor-section-height-default elementor-section-height-default elementor-invisible\" data-id=\"7bdd82e\" data-element_type=\"section\" data-settings=\"{&quot;animation&quot;:&quot;fadeInUp&quot;}\">\n\t\t\t\t\t\t<div class=\"elementor-container elementor-column-gap-default\">\n\t\t\t\t\t<div class=\"elementor-column elementor-col-100 elementor-top-column elementor-element elementor-element-3547ed1\" data-id=\"3547ed1\" data-element_type=\"column\">\n\t\t\t<div class=\"elementor-widget-wrap elementor-element-populated\">\n\t\t\t\t\t\t<div class=\"elementor-element elementor-element-7568fa7 elementor-widget elementor-widget-heading\" data-id=\"7568fa7\" data-element_type=\"widget\" data-widget_type=\"heading.default\">\n\t\t\t\t<div class=\"elementor-widget-container\">\n\t\t\t<h4 class=\"elementor-heading-title elementor-size-default\">Milyen programokat k\u00edn\u00e1lunk?<\/h4>\t\t<\/div>\n\t\t\t\t<\/div>\n\t\t\t\t<div class=\"elementor-element elementor-element-22229ac elementor-widget elementor-widget-text-editor\" data-id=\"22229ac\" data-element_type=\"widget\" data-widget_type=\"text-editor.default\">\n\t\t\t\t<div class=\"elementor-widget-container\">\n\t\t\t\t\t\t\t<ul>\n<li>Alkalmi \u00e9s rendszeres foglalkoz\u00e1sokb\u00f3l \u00e1ll\u00f3 interakt\u00edv \u00f3r\u00e1k (belt\u00e9ri\/k\u00fclt\u00e9ri)<\/li>\n<li>Kir\u00e1ndul\u00e1sok<\/li>\n<li>T\u00e1borok<\/li>\n<li>Feln\u0151tt tal\u00e1lkoz\u00f3k \u00e9s k\u00e9pz\u00e9sek<\/li>\n<li>Ny\u00edlt esem\u00e9nyek<\/li>\n<\/ul>\t\t\t\t\t\t<\/div>\n\t\t\t\t<\/div>\n\t\t\t\t<div class=\"elementor-element elementor-element-a199b51 elementor-align-left elementor-mobile-align-center elementor-widget elementor-widget-button\" data-id=\"a199b51\" data-element_type=\"widget\" data-widget_type=\"button.default\">\n\t\t\t\t<div class=\"elementor-widget-container\">\n\t\t\t\t\t\t\t<div class=\"elementor-button-wrapper\">\n\t\t\t\t\t<a class=\"elementor-button elementor-button-link elementor-size-sm elementor-animation-shrink\" href=\"https:\/\/milvus.ro\/hu\/szemleletformalas\/tevekenysegeink\/\">\n\t\t\t\t\t\t<span class=\"elementor-button-content-wrapper\">\n\t\t\t\t\t\t\t\t\t<span class=\"elementor-button-text\">Tev\u00e9kenys\u00e9geinkr\u0151l b\u0151vebben<\/span>\n\t\t\t\t\t<\/span>\n\t\t\t\t\t<\/a>\n\t\t\t\t<\/div>\n\t\t\t\t\t\t<\/div>\n\t\t\t\t<\/div>\n\t\t\t\t<div class=\"elementor-element elementor-element-d430c4f elementor-widget elementor-widget-spacer\" data-id=\"d430c4f\" data-element_type=\"widget\" data-widget_type=\"spacer.default\">\n\t\t\t\t<div class=\"elementor-widget-container\">\n\t\t\t\t\t<div class=\"elementor-spacer\">\n\t\t\t<div class=\"elementor-spacer-inner\"><\/div>\n\t\t<\/div>\n\t\t\t\t<\/div>\n\t\t\t\t<\/div>\n\t\t\t\t\t<\/div>\n\t\t<\/div>\n\t\t\t\t\t<\/div>\n\t\t<\/section>\n\t\t\t\t<section class=\"elementor-section elementor-top-section elementor-element elementor-element-a4cd411 animated-slow elementor-section-boxed elementor-section-height-default elementor-section-height-default elementor-invisible\" data-id=\"a4cd411\" data-element_type=\"section\" data-settings=\"{&quot;animation&quot;:&quot;fadeInUp&quot;}\">\n\t\t\t\t\t\t<div class=\"elementor-container elementor-column-gap-default\">\n\t\t\t\t\t<div class=\"elementor-column elementor-col-100 elementor-top-column elementor-element elementor-element-d16f185\" data-id=\"d16f185\" data-element_type=\"column\">\n\t\t\t<div class=\"elementor-widget-wrap elementor-element-populated\">\n\t\t\t\t\t\t<div class=\"elementor-element elementor-element-4f6c52d elementor-widget elementor-widget-heading\" data-id=\"4f6c52d\" data-element_type=\"widget\" data-widget_type=\"heading.default\">\n\t\t\t\t<div class=\"elementor-widget-container\">\n\t\t\t<h4 class=\"elementor-heading-title elementor-size-default\">Ismerd meg az oktat\u00f3nkat!<\/h4>\t\t<\/div>\n\t\t\t\t<\/div>\n\t\t\t\t<section class=\"elementor-section elementor-inner-section elementor-element elementor-element-c1aeec7 elementor-section-boxed elementor-section-height-default elementor-section-height-default\" data-id=\"c1aeec7\" data-element_type=\"section\">\n\t\t\t\t\t\t<div class=\"elementor-container elementor-column-gap-wide\">\n\t\t\t\t\t<div class=\"elementor-column elementor-col-100 elementor-inner-column elementor-element elementor-element-4d9f6b3\" data-id=\"4d9f6b3\" data-element_type=\"column\">\n\t\t\t<div class=\"elementor-widget-wrap elementor-element-populated\">\n\t\t\t\t\t\t<div class=\"elementor-element elementor-element-ade81d0 elementor-widget elementor-widget-image\" data-id=\"ade81d0\" data-element_type=\"widget\" data-widget_type=\"image.default\">\n\t\t\t\t<div class=\"elementor-widget-container\">\n\t\t\t\t\t\t\t\t\t\t\t\t\t<img fetchpriority=\"high\" decoding=\"async\" width=\"768\" height=\"1024\" src=\"https:\/\/milvus.ro\/wp-content\/uploads\/2024\/06\/PXL_20231027_063949168.MP_-768x1024.jpg\" class=\"attachment-large size-large wp-image-42183\" alt=\"\" srcset=\"https:\/\/milvus.ro\/wp-content\/uploads\/2024\/06\/PXL_20231027_063949168.MP_-768x1024.jpg 768w, https:\/\/milvus.ro\/wp-content\/uploads\/2024\/06\/PXL_20231027_063949168.MP_-scaled-600x800.jpg 600w, https:\/\/milvus.ro\/wp-content\/uploads\/2024\/06\/PXL_20231027_063949168.MP_-225x300.jpg 225w, https:\/\/milvus.ro\/wp-content\/uploads\/2024\/06\/PXL_20231027_063949168.MP_-1152x1536.jpg 1152w, https:\/\/milvus.ro\/wp-content\/uploads\/2024\/06\/PXL_20231027_063949168.MP_-1536x2048.jpg 1536w, https:\/\/milvus.ro\/wp-content\/uploads\/2024\/06\/PXL_20231027_063949168.MP_-scaled.jpg 1920w\" sizes=\"(max-width: 768px) 100vw, 768px\" \/>\t\t\t\t\t\t\t\t\t\t\t\t\t<\/div>\n\t\t\t\t<\/div>\n\t\t\t\t<div class=\"elementor-element elementor-element-2dc15f9 elementor-widget elementor-widget-heading\" data-id=\"2dc15f9\" data-element_type=\"widget\" data-widget_type=\"heading.default\">\n\t\t\t\t<div class=\"elementor-widget-container\">\n\t\t\t<h4 class=\"elementor-heading-title elementor-size-default\">Miholcsa Andrea<\/h4>\t\t<\/div>\n\t\t\t\t<\/div>\n\t\t\t\t<div class=\"elementor-element elementor-element-62f0f5c elementor-widget elementor-widget-text-editor\" data-id=\"62f0f5c\" data-element_type=\"widget\" data-widget_type=\"text-editor.default\">\n\t\t\t\t<div class=\"elementor-widget-container\">\n\t\t\t\t\t\t\t<p>Miholcsa Andrea elem\u00e9ben \u00e9rzi mag\u00e1t, minden alkalommal mikor bel\u00e9p egy oszt\u00e1lyterembe. Andrea 2021-ben t\u00e9rt vissza a tanterembe, miut\u00e1n a K\u00f6lni Egyetemen pedag\u00f3gusk\u00e9nt gazdag\u00edtotta tud\u00e1s\u00e1t, \u00e9s a 2023-2024-es tan\u00e9vt\u0151l tan\u00edt k\u00f6rnyezeti nevel\u00e9st. Melegsz\u00edv\u0171 ember, aki m\u00e1r az iskol\u00e1ban r\u00e1j\u00f6tt, hogy egy j\u00f3 tan\u00e1r milyen hat\u00e1ssal lehet a fiatal gener\u00e1ci\u00f3k j\u00f6v\u0151j\u00e9re. Tan\u00e1rai \u00e1ltal inspir\u00e1lva v\u00e1lasztotta ezt a p\u00e1ly\u00e1t, \u00e9s elk\u00f6telezetten igyekszik \u00e1tadni az \u00e1llatok \u00e9s a term\u00e9szet ir\u00e1nti szeretet\u00e9t mindenkinek, akivel kapcsolatba ker\u00fcl.<\/p>\t\t\t\t\t\t<\/div>\n\t\t\t\t<\/div>\n\t\t\t\t\t<\/div>\n\t\t<\/div>\n\t\t\t\t\t<\/div>\n\t\t<\/section>\n\t\t\t\t\t<\/div>\n\t\t<\/div>\n\t\t\t\t\t<\/div>\n\t\t<\/section>\n\t\t\t\t<section class=\"elementor-section elementor-top-section elementor-element elementor-element-396e761 elementor-section-boxed elementor-section-height-default elementor-section-height-default\" data-id=\"396e761\" data-element_type=\"section\">\n\t\t\t\t\t\t<div class=\"elementor-container elementor-column-gap-default\">\n\t\t\t\t\t<div class=\"elementor-column elementor-col-100 elementor-top-column elementor-element elementor-element-b988698\" data-id=\"b988698\" data-element_type=\"column\">\n\t\t\t<div class=\"elementor-widget-wrap elementor-element-populated\">\n\t\t\t\t\t\t<div class=\"elementor-element elementor-element-e1d4f73 elementor-widget elementor-widget-heading\" data-id=\"e1d4f73\" data-element_type=\"widget\" data-widget_type=\"heading.default\">\n\t\t\t\t<div class=\"elementor-widget-container\">\n\t\t\t<h4 class=\"elementor-heading-title elementor-size-default\">Projektjeink<\/h4>\t\t<\/div>\n\t\t\t\t<\/div>\n\t\t\t\t<div class=\"elementor-element elementor-element-8e1643e elementor-widget elementor-widget-text-editor\" data-id=\"8e1643e\" data-element_type=\"widget\" data-widget_type=\"text-editor.default\">\n\t\t\t\t<div class=\"elementor-widget-container\">\n\t\t\t\t\t\t\t<ul class=\"wp-block-list\">\n<li><strong>2021<\/strong> &#8211; <a href=\"https:\/\/milvus.ro\/hu\/natura-2000-okoskodo\/\" target=\"_blank\" rel=\"noreferrer noopener\" data-type=\"link\" data-id=\"https:\/\/milvus.ro\/hu\/natura-2000-okoskodo\/\">Maros POIM<\/a><\/li>\n\n<li><strong>2018<\/strong> &#8211; <a href=\"https:\/\/milvus.ro\/hu\/vercsek-az-iskolaudvaron\/\" data-type=\"link\" data-id=\"https:\/\/milvus.ro\/hu\/vercsek-az-iskolaudvaron\/\">A Milvus Csoport gondnoks\u00e1g\u00e1ban lev\u0151 v\u00e9dett ter\u00fcletek n\u00e9pszer\u0171s\u00edt\u00e9se<\/a><\/li>\n\n<li><strong>2017<\/strong> &#8211; Ny\u00e1r\u00e1d \u00e9s K\u00fck\u00fcll\u0151 menti Natura 2000 ter\u00fcleteken foly\u00f3 nevel\u00e9si program<\/li>\n\n<li><strong>2017<\/strong> &#8211; <a href=\"https:\/\/milvus.ro\/hu\/projects\/lehua\/\">LEHUA \u2013 Tanuljunk embers\u00e9get az \u00e1llatokt\u00f3l (Erasmus+ 2016-3-HU01-KA205-002032)<\/a><\/li>\n\n<li><strong>2011<\/strong> &#8211; <a href=\"https:\/\/natura2000transilvania.ro\/\">A term\u00e9szet\u00e9rt \u00e9s a helyi k\u00f6z\u00f6ss\u00e9gek\u00e9rt a \u2013 Hortob\u00e1gy \u2013 Nagy-K\u00fck\u00fcll\u0151 \u2013 Olt Natura 2000 ter\u00fcletek integr\u00e1lt kezel\u00e9si alapjai<\/a><\/li>\n\n<li><strong>2011<\/strong> &#8211; <a href=\"https:\/\/milvus.ro\/hu\/ecological-education-for-children-and-young-people\/\">K\u00f6rnyezeti nevel\u00e9s egy fenntarthat\u00f3 j\u00f6v\u0151\u00e9rt<\/a><\/li>\n\n<li><strong>2007<\/strong> &#8211; <a href=\"https:\/\/milvus.ro\/projects\/program-sistematic-de-educatie-ecologica-in-judetul-mures-prin-pedagogia-durabilitatii\/\">(RO) Program sistematic de educa\u021bie ecologic\u0103 \u00een jude\u021bul Mure\u0219, prin pedagogia durabilit\u0103\u021bii<\/a><\/li>\n<\/ul>\n<p><\/p>\t\t\t\t\t\t<\/div>\n\t\t\t\t<\/div>\n\t\t\t\t<div class=\"elementor-element elementor-element-4b55991 elementor-widget elementor-widget-shortcode\" data-id=\"4b55991\" data-element_type=\"widget\" data-widget_type=\"shortcode.default\">\n\t\t\t\t<div class=\"elementor-widget-container\">\n\t\t\t\t\t<div class=\"elementor-shortcode\"><\/div>\n\t\t\t\t<\/div>\n\t\t\t\t<\/div>\n\t\t\t\t\t<\/div>\n\t\t<\/div>\n\t\t\t\t\t<\/div>\n\t\t<\/section>\n\t\t\t\t<\/div>\n\t\t","protected":false},"excerpt":{"rendered":"Mi\u00f3ta foglalkozunk k\u00f6rnyezeti nevel\u00e9ssel? A 90-es \u00e9vek k\u00f6zep\u00e9n kezdt\u00fck el iskolai l\u00e1togat\u00e1sainkat. Kezdetben vet\u00edt\u00e9seket tartottunk madarakr\u00f3l \u00e9s saj\u00e1t k\u00e9sz\u00edt\u00e9s\u0171, ma m\u00e1r megmosolyogtat\u00f3 diafilmek seg\u00edts\u00e9g\u00e9vel pr\u00f3b\u00e1ltuk \u00e1tadni ismereteinket. Az\u00f3ta v\u00e1ltozatosabb programokkal b\u0151v\u00edtett\u00fck oktat\u00e1si k\u00edn\u00e1latunkat. Milyen programokat k\u00edn\u00e1lunk? Alkalmi \u00e9s rendszeres foglalkoz\u00e1sokb\u00f3l \u00e1ll\u00f3 interakt\u00edv \u00f3r\u00e1k (belt\u00e9ri\/k\u00fclt\u00e9ri) Kir\u00e1ndul\u00e1sok T\u00e1borok Feln\u0151tt tal\u00e1lkoz\u00f3k \u00e9s k\u00e9pz\u00e9sek Ny\u00edlt esem\u00e9nyek Tev\u00e9kenys\u00e9geinkr\u0151l b\u0151vebben Ismerd [&hellip;]","protected":false},"author":2,"featured_media":0,"parent":0,"menu_order":0,"comment_status":"closed","ping_status":"closed","template":"","meta":{"_acf_changed":false,"_eb_attr":"","ocean_post_layout":"left-sidebar","ocean_both_sidebars_style":"","ocean_both_sidebars_content_width":0,"ocean_both_sidebars_sidebars_width":0,"ocean_sidebar":"ocs-education-menu","ocean_second_sidebar":"0","ocean_disable_margins":"enable","ocean_add_body_class":"","ocean_shortcode_before_top_bar":"","ocean_shortcode_after_top_bar":"","ocean_shortcode_before_header":"","ocean_shortcode_after_header":"","ocean_has_shortcode":"","ocean_shortcode_after_title":"","ocean_shortcode_before_footer_widgets":"","ocean_shortcode_after_footer_widgets":"","ocean_shortcode_before_footer_bottom":"","ocean_shortcode_after_footer_bottom":"","ocean_display_top_bar":"default","ocean_display_header":"default","ocean_header_style":"","ocean_center_header_left_menu":"0","ocean_custom_header_template":"0","ocean_custom_logo":0,"ocean_custom_retina_logo":0,"ocean_custom_logo_max_width":0,"ocean_custom_logo_tablet_max_width":0,"ocean_custom_logo_mobile_max_width":0,"ocean_custom_logo_max_height":0,"ocean_custom_logo_tablet_max_height":0,"ocean_custom_logo_mobile_max_height":0,"ocean_header_custom_menu":"0","ocean_menu_typo_font_family":"0","ocean_menu_typo_font_subset":"","ocean_menu_typo_font_size":0,"ocean_menu_typo_font_size_tablet":0,"ocean_menu_typo_font_size_mobile":0,"ocean_menu_typo_font_size_unit":"px","ocean_menu_typo_font_weight":"","ocean_menu_typo_font_weight_tablet":"","ocean_menu_typo_font_weight_mobile":"","ocean_menu_typo_transform":"","ocean_menu_typo_transform_tablet":"","ocean_menu_typo_transform_mobile":"","ocean_menu_typo_line_height":0,"ocean_menu_typo_line_height_tablet":0,"ocean_menu_typo_line_height_mobile":0,"ocean_menu_typo_line_height_unit":"","ocean_menu_typo_spacing":0,"ocean_menu_typo_spacing_tablet":0,"ocean_menu_typo_spacing_mobile":0,"ocean_menu_typo_spacing_unit":"","ocean_menu_link_color":"","ocean_menu_link_color_hover":"","ocean_menu_link_color_active":"","ocean_menu_link_background":"","ocean_menu_link_hover_background":"","ocean_menu_link_active_background":"","ocean_menu_social_links_bg":"","ocean_menu_social_hover_links_bg":"","ocean_menu_social_links_color":"","ocean_menu_social_hover_links_color":"","ocean_disable_title":"default","ocean_disable_heading":"default","ocean_post_title":"Bemutatkozunk","ocean_post_subheading":"","ocean_post_title_style":"background-image","ocean_post_title_background_color":"","ocean_post_title_background":42453,"ocean_post_title_bg_image_position":"bottom center","ocean_post_title_bg_image_attachment":"fixed","ocean_post_title_bg_image_repeat":"no-repeat","ocean_post_title_bg_image_size":"cover","ocean_post_title_height":450,"ocean_post_title_bg_overlay":0.4,"ocean_post_title_bg_overlay_color":"#161616","ocean_disable_breadcrumbs":"on","ocean_breadcrumbs_color":"","ocean_breadcrumbs_separator_color":"","ocean_breadcrumbs_links_color":"","ocean_breadcrumbs_links_hover_color":"","ocean_display_footer_widgets":"default","ocean_display_footer_bottom":"default","ocean_custom_footer_template":"0","omw_enable_modal_window":"enable","osh_disable_topbar_sticky":"default","osh_disable_header_sticky":"default","osh_sticky_header_style":"default","osh_sticky_header_effect":"","osh_custom_sticky_logo":0,"osh_custom_retina_sticky_logo":0,"osh_custom_sticky_logo_height":0,"osh_background_color":"","osh_links_color":"","osh_links_hover_color":"","osh_links_active_color":"","osh_links_bg_color":"","osh_links_hover_bg_color":"","osh_links_active_bg_color":"","osh_menu_social_links_color":"","osh_menu_social_hover_links_color":"","footnotes":""},"class_list":["post-14380","page","type-page","status-publish","hentry","entry","owp-thumbs-layout-horizontal","owp-btn-normal","owp-tabs-layout-horizontal","has-no-thumbnails","has-product-nav"],"acf":[],"_links":{"self":[{"href":"https:\/\/milvus.ro\/hu\/wp-json\/wp\/v2\/pages\/14380","targetHints":{"allow":["GET"]}}],"collection":[{"href":"https:\/\/milvus.ro\/hu\/wp-json\/wp\/v2\/pages"}],"about":[{"href":"https:\/\/milvus.ro\/hu\/wp-json\/wp\/v2\/types\/page"}],"author":[{"embeddable":true,"href":"https:\/\/milvus.ro\/hu\/wp-json\/wp\/v2\/users\/2"}],"replies":[{"embeddable":true,"href":"https:\/\/milvus.ro\/hu\/wp-json\/wp\/v2\/comments?post=14380"}],"version-history":[{"count":109,"href":"https:\/\/milvus.ro\/hu\/wp-json\/wp\/v2\/pages\/14380\/revisions"}],"predecessor-version":[{"id":45477,"href":"https:\/\/milvus.ro\/hu\/wp-json\/wp\/v2\/pages\/14380\/revisions\/45477"}],"wp:attachment":[{"href":"https:\/\/milvus.ro\/hu\/wp-json\/wp\/v2\/media?parent=14380"}],"curies":[{"name":"wp","href":"https:\/\/api.w.org\/{rel}","templated":true}]}}