{"id":13711,"date":"2015-12-14T23:27:49","date_gmt":"2015-12-14T21:27:49","guid":{"rendered":"https:\/\/new.milvus.ro\/telelo-erdei-fulesbagoly-asio-otus-monitoring-2\/"},"modified":"2025-02-28T10:29:32","modified_gmt":"2025-02-28T08:29:32","slug":"asiotu-monitoring","status":"publish","type":"page","link":"https:\/\/milvus.ro\/hu\/monitoring\/asiotu-monitoring\/","title":{"rendered":"Telel\u0151 erdei f\u00fclesbagoly (<em>Asio otus<\/em>) monitoring"},"content":{"rendered":"\t\t<div data-elementor-type=\"wp-page\" data-elementor-id=\"13711\" class=\"elementor elementor-13711 elementor-7954\">\n\t\t\t\t\t\t<section class=\"elementor-section elementor-top-section elementor-element elementor-element-5905faa elementor-section-boxed elementor-section-height-default elementor-section-height-default\" data-id=\"5905faa\" data-element_type=\"section\">\n\t\t\t\t\t\t<div class=\"elementor-container elementor-column-gap-default\">\n\t\t\t\t\t<div class=\"elementor-column elementor-col-100 elementor-top-column elementor-element elementor-element-a7b970f\" data-id=\"a7b970f\" data-element_type=\"column\">\n\t\t\t<div class=\"elementor-widget-wrap elementor-element-populated\">\n\t\t\t\t\t\t<div class=\"elementor-element elementor-element-ec9149d elementor-absolute elementor-widget elementor-widget-text-editor\" data-id=\"ec9149d\" data-element_type=\"widget\" data-settings=\"{&quot;_position&quot;:&quot;absolute&quot;}\" data-widget_type=\"text-editor.default\">\n\t\t\t\t<div class=\"elementor-widget-container\">\n\t\t\t\t\t\t\t<h5><em><span style=\"font-weight: normal;\">Fot\u00f3:<\/span><span style=\"font-weight: normal;\"> Alexandra Ion<\/span><\/em><\/h5>\t\t\t\t\t\t<\/div>\n\t\t\t\t<\/div>\n\t\t\t\t\t<\/div>\n\t\t<\/div>\n\t\t\t\t\t<\/div>\n\t\t<\/section>\n\t\t\t\t<section class=\"elementor-section elementor-top-section elementor-element elementor-element-01fd1de elementor-section-boxed elementor-section-height-default elementor-section-height-default\" data-id=\"01fd1de\" data-element_type=\"section\">\n\t\t\t\t\t\t<div class=\"elementor-container elementor-column-gap-default\">\n\t\t\t\t\t<div class=\"elementor-column elementor-col-100 elementor-top-column elementor-element elementor-element-e87c228\" data-id=\"e87c228\" data-element_type=\"column\">\n\t\t\t<div class=\"elementor-widget-wrap elementor-element-populated\">\n\t\t\t\t\t\t<div class=\"elementor-element elementor-element-a88f6de elementor-widget elementor-widget-text-editor\" data-id=\"a88f6de\" data-element_type=\"widget\" data-widget_type=\"text-editor.default\">\n\t\t\t\t<div class=\"elementor-widget-container\">\n\t\t\t\t\t\t\t<p><strong>C\u00e9lfajok: <\/strong>erdei f\u00fclesbagoly<\/p><p><strong>Id\u0151szak: <\/strong>december-janu\u00e1r<\/p><p><strong>Felk\u00e9sz\u00fclts\u00e9gi szint:<\/strong> kezd\u0151<\/p><p><strong>Felm\u00e9r\u00e9shez sz\u00fcks\u00e9ges szem\u00e9lyek sz\u00e1ma:<\/strong> 1\u00a0<\/p><p><strong>Felszerel\u00e9s:<\/strong> t\u00e1vcs\u0151, okostelefon<\/p><p><strong>Helysz\u00edn:<\/strong> telep\u00fcl\u00e9sek (falvak, v\u00e1rosnegyedek)<\/p>\t\t\t\t\t\t<\/div>\n\t\t\t\t<\/div>\n\t\t\t\t\t<\/div>\n\t\t<\/div>\n\t\t\t\t\t<\/div>\n\t\t<\/section>\n\t\t\t\t<section class=\"elementor-section elementor-top-section elementor-element elementor-element-3eef7e9 elementor-section-height-min-height elementor-section-items-stretch elementor-section-boxed elementor-section-height-default\" data-id=\"3eef7e9\" data-element_type=\"section\" data-settings=\"{&quot;background_background&quot;:&quot;classic&quot;}\">\n\t\t\t\t\t\t<div class=\"elementor-container elementor-column-gap-default\">\n\t\t\t\t\t<div class=\"elementor-column elementor-col-100 elementor-top-column elementor-element elementor-element-4aa705b\" data-id=\"4aa705b\" data-element_type=\"column\">\n\t\t\t<div class=\"elementor-widget-wrap\">\n\t\t\t\t\t\t\t<\/div>\n\t\t<\/div>\n\t\t\t\t\t<\/div>\n\t\t<\/section>\n\t\t\t\t<section class=\"elementor-section elementor-top-section elementor-element elementor-element-19831caa elementor-section-boxed elementor-section-height-default elementor-section-height-default\" data-id=\"19831caa\" data-element_type=\"section\">\n\t\t\t\t\t\t<div class=\"elementor-container elementor-column-gap-default\">\n\t\t\t\t\t<div class=\"elementor-column elementor-col-100 elementor-top-column elementor-element elementor-element-33f350c4\" data-id=\"33f350c4\" data-element_type=\"column\">\n\t\t\t<div class=\"elementor-widget-wrap elementor-element-populated\">\n\t\t\t\t\t\t<div class=\"elementor-element elementor-element-d076e63 elementor-widget elementor-widget-text-editor\" data-id=\"d076e63\" data-element_type=\"widget\" data-widget_type=\"text-editor.default\">\n\t\t\t\t<div class=\"elementor-widget-container\">\n\t\t\t\t\t\t\t<h2><strong>M\u00f3dszer r\u00f6vid le\u00edr\u00e1sa<\/strong><\/h2>\n<p>A monitoring programban val\u00f3 r\u00e9szv\u00e9telhez nincs sz\u00fcks\u00e9g k\u00fcl\u00f6nleges mad\u00e1rtani ismeretre vagy felszerel\u00e9sre, \u00edgy b\u00e1rki csatlakozhat \u00f6nk\u00e9ntesk\u00e9nt a felm\u00e9r\u00e9shez. Az orsz\u00e1g b\u00e1rmely r\u00e9sz\u00e9b\u0151l v\u00e1rjuk azon mad\u00e1rbar\u00e1tok jelentkez\u00e9s\u00e9t, akik erdei f\u00fclesbagoly telel\u0151helyeket kutatn\u00e1nak fel lak\u00f3helyeik k\u00f6zel\u00e9ben, illetve \u00e9vente egyszer megsz\u00e1moln\u00e1k az itt tart\u00f3zkod\u00f3 erdei f\u00fclesbaglyokat, lehet\u0151leg t\u00f6bb \u00e9ven kereszt\u00fcl. Ha szeretn\u00e9l jelentkezni, akkor k\u00e9r\u00fcnk e-mailen jelezd sz\u00e1nd\u00e9kodat a program koordin\u00e1tor\u00e1nak.&nbsp;<\/p>\n<p>A telep\u00fcl\u00e9seket vagy v\u00e1ros-r\u00e9szeket a r\u00e9sztvev\u0151k javasolj\u00e1k, majd a program koordin\u00e1tor\u00e1val k\u00f6z\u00f6sen v\u00e9gleges\u00edtik. A megfigyel\u00e9seket, a t\u00f6bbi monitoring programunkhoz hasonl\u00f3an, az OpenBioMaps telefonos alkalmaz\u00e1sban el\u00e9rhet\u0151 \u0171rlap haszn\u00e1lat\u00e1val ker\u00fclnek r\u00f6gz\u00edt\u00e9sre.<\/p>\n<p>A r\u00e9szletes terepi m\u00f3dszer <strong><a href=\"https:\/\/milvus.ro\/wp-content\/uploads\/2025\/02\/Protocol-de-monitorizare-al-ciufilor-de-padure-in-locurile-de-iernare.pdf\">itt<\/a><\/strong> olvashat\u00f3 (RO).<\/p>\n<p><a href=\"https:\/\/docs.google.com\/spreadsheets\/d\/1czBw3TUH8ZXnndRRvjsoROYAP0jkJ4WcN_pDUGMYoFU\/edit#gid=0\"><strong>Ebben a t\u00e1bl\u00e1zatban<\/strong><\/a> minden \u00f6nk\u00e9ntes nyomon tudja k\u00f6vetheti, hogy az \u00e1ltala kiv\u00e1lasztott telep\u00fcl\u00e9sen\/telep\u00fcl\u00e9seken mikor sz\u00fcks\u00e9ges teljes bej\u00e1r\u00e1st v\u00e9gezni (r\u00e9szleteket l\u00e1sd a m\u00f3dszertani le\u00edr\u00e1sban).<\/p>\t\t\t\t\t\t<\/div>\n\t\t\t\t<\/div>\n\t\t\t\t\t<\/div>\n\t\t<\/div>\n\t\t\t\t\t<\/div>\n\t\t<\/section>\n\t\t\t\t<section class=\"elementor-section elementor-top-section elementor-element elementor-element-3056859 elementor-section-height-min-height elementor-section-items-stretch elementor-section-boxed elementor-section-height-default\" data-id=\"3056859\" data-element_type=\"section\" data-settings=\"{&quot;background_background&quot;:&quot;classic&quot;}\">\n\t\t\t\t\t\t<div class=\"elementor-container elementor-column-gap-default\">\n\t\t\t\t\t<div class=\"elementor-column elementor-col-33 elementor-top-column elementor-element elementor-element-3e74921\" data-id=\"3e74921\" data-element_type=\"column\">\n\t\t\t<div class=\"elementor-widget-wrap elementor-element-populated\">\n\t\t\t\t\t\t<div class=\"elementor-element elementor-element-a039375 elementor-widget-tablet__width-initial elementor-widget elementor-widget-text-editor\" data-id=\"a039375\" data-element_type=\"widget\" data-widget_type=\"text-editor.default\">\n\t\t\t\t<div class=\"elementor-widget-container\">\n\t\t\t\t\t\t\t<h2><strong>Eredm\u00e9nyek<\/strong><\/h2><p><a href=\"https:\/\/milvus.ro\/hu\/csokkenoben-az-erdei-fulesbaglyok-gyulekezo-helyeinek-szama\/\">2023-2024<\/a><br \/><a href=\"https:\/\/milvus.ro\/hu\/kevesebb-erdei-fulesbagoly\/\">2022-2023<\/a><br \/><a href=\"https:\/\/milvus.ro\/hu\/telelo-erdei-fulesek-2021-2022-telen\/\">2021-2022<\/a><br \/><a href=\"https:\/\/milvus.ro\/hu\/telelo-erdei-fulesbagoly-monitoring-eredmenyek-2020-2021-telen\/\">2020-2021<\/a><br \/><a href=\"https:\/\/milvus.ro\/rezultatele-monitorizarii-ciufilor-de-padure-in-locurile-de-iernare-in-iarna-2019-2020\/\">2019-2020<\/a>\u00a0(rom\u00e1n nyelven)<br \/><a href=\"https:\/\/milvus.ro\/hu\/erdei-fulesek-megszamolva\/\">2018-2019<\/a><br \/><a href=\"https:\/\/milvus.ro\/hu\/asio_otus_census\/\">2014-2015<\/a><br \/><a href=\"https:\/\/milvus.ro\/hu\/recensamant-de-iarna-al-ciufilor-de-padure-2013-2014\/\">2013-2014<\/a><br \/><a href=\"https:\/\/milvus.ro\/hu\/al-patrulea-recensamant-de-iarna-al-ciufilor-de-padure-2011-2012\/\">2012-2013<\/a><br \/><a href=\"https:\/\/milvus.ro\/hu\/the-third-wintering-long-eared-owl-census-2011-2012\/\">2011-2012<\/a><br \/><a href=\"https:\/\/milvus.ro\/1010-2011-winters-synchronous-census-of-long-eared-owls\/\">2010-2011<\/a>\u00a0(rom\u00e1n nyelven)<\/p><h2><strong>Kapcsolat<\/strong><\/h2><p>B\u0103rbos L\u0151rinc:\u00a0 <span style=\"font-size: 16px;\">lor&#105;&#110;c&#46;b&#97;r&#98;os&#64;&#109;&#105;&#108;vus.ro<\/span><\/p>\t\t\t\t\t\t<\/div>\n\t\t\t\t<\/div>\n\t\t\t\t\t<\/div>\n\t\t<\/div>\n\t\t\t\t<div class=\"elementor-column elementor-col-66 elementor-top-column elementor-element elementor-element-9690da1 elementor-hidden-mobile\" data-id=\"9690da1\" data-element_type=\"column\" data-settings=\"{&quot;background_background&quot;:&quot;classic&quot;}\">\n\t\t\t<div class=\"elementor-widget-wrap elementor-element-populated\">\n\t\t\t\t\t\t<div class=\"elementor-element elementor-element-fbb6d94 elementor-widget elementor-widget-image\" data-id=\"fbb6d94\" data-element_type=\"widget\" data-widget_type=\"image.default\">\n\t\t\t\t<div class=\"elementor-widget-container\">\n\t\t\t\t\t\t\t\t\t\t\t\t\t<img decoding=\"async\" src=\"https:\/\/milvus.ro\/wp-content\/plugins\/elementor\/assets\/images\/placeholder.png\" title=\"\" alt=\"\" loading=\"lazy\" \/>\t\t\t\t\t\t\t\t\t\t\t\t\t<\/div>\n\t\t\t\t<\/div>\n\t\t\t\t\t<\/div>\n\t\t<\/div>\n\t\t\t\t\t<\/div>\n\t\t<\/section>\n\t\t\t\t<section class=\"elementor-section elementor-top-section elementor-element elementor-element-dbdaf5d elementor-section-height-min-height elementor-section-items-stretch elementor-section-boxed elementor-section-height-default\" data-id=\"dbdaf5d\" data-element_type=\"section\">\n\t\t\t\t\t\t<div class=\"elementor-container elementor-column-gap-default\">\n\t\t\t\t\t<div class=\"elementor-column elementor-col-100 elementor-top-column elementor-element elementor-element-776eb27\" data-id=\"776eb27\" data-element_type=\"column\">\n\t\t\t<div class=\"elementor-widget-wrap elementor-element-populated\">\n\t\t\t\t\t\t<div class=\"elementor-element elementor-element-f24ea5c elementor-widget elementor-widget-spacer\" data-id=\"f24ea5c\" data-element_type=\"widget\" data-widget_type=\"spacer.default\">\n\t\t\t\t<div class=\"elementor-widget-container\">\n\t\t\t\t\t<div class=\"elementor-spacer\">\n\t\t\t<div class=\"elementor-spacer-inner\"><\/div>\n\t\t<\/div>\n\t\t\t\t<\/div>\n\t\t\t\t<\/div>\n\t\t\t\t<div class=\"elementor-element elementor-element-46e6ec5 elementor-widget elementor-widget-video\" data-id=\"46e6ec5\" data-element_type=\"widget\" data-settings=\"{&quot;youtube_url&quot;:&quot;https:\\\/\\\/www.youtube.com\\\/watch?v=FD9kLlytKKg&amp;ab_channel=MilvusGroup&quot;,&quot;lazy_load&quot;:&quot;yes&quot;,&quot;video_type&quot;:&quot;youtube&quot;}\" data-widget_type=\"video.default\">\n\t\t\t\t<div class=\"elementor-widget-container\">\n\t\t\t\t\t<div class=\"elementor-wrapper elementor-open-inline\">\n\t\t\t<div class=\"elementor-video\"><\/div>\t\t<\/div>\n\t\t\t\t<\/div>\n\t\t\t\t<\/div>\n\t\t\t\t\t<\/div>\n\t\t<\/div>\n\t\t\t\t\t<\/div>\n\t\t<\/section>\n\t\t\t\t<\/div>\n\t\t","protected":false},"excerpt":{"rendered":"Fot\u00f3: Alexandra IonC\u00e9lfajok: erdei f\u00fclesbagolyId\u0151szak: december-janu\u00e1rFelk\u00e9sz\u00fclts\u00e9gi szint: kezd\u0151Felm\u00e9r\u00e9shez sz\u00fcks\u00e9ges szem\u00e9lyek sz\u00e1ma: 1\u00a0Felszerel\u00e9s: t\u00e1vcs\u0151, okostelefonHelysz\u00edn: telep\u00fcl\u00e9sek (falvak, v\u00e1rosnegyedek)M\u00f3dszer r\u00f6vid le\u00edr\u00e1sa A monitoring programban val\u00f3 r\u00e9szv\u00e9telhez nincs sz\u00fcks\u00e9g k\u00fcl\u00f6nleges mad\u00e1rtani ismeretre vagy felszerel\u00e9sre, \u00edgy b\u00e1rki csatlakozhat \u00f6nk\u00e9ntesk\u00e9nt a felm\u00e9r\u00e9shez. Az orsz\u00e1g b\u00e1rmely r\u00e9sz\u00e9b\u0151l v\u00e1rjuk azon mad\u00e1rbar\u00e1tok jelentkez\u00e9s\u00e9t, akik erdei f\u00fclesbagoly telel\u0151helyeket kutatn\u00e1nak fel lak\u00f3helyeik k\u00f6zel\u00e9ben, illetve \u00e9vente [&hellip;]","protected":false},"author":3,"featured_media":15424,"parent":17587,"menu_order":3,"comment_status":"closed","ping_status":"closed","template":"","meta":{"_acf_changed":false,"_eb_attr":"","ocean_post_layout":"left-sidebar","ocean_both_sidebars_style":"","ocean_both_sidebars_content_width":0,"ocean_both_sidebars_sidebars_width":0,"ocean_sidebar":"ocs-monitoring-menu","ocean_second_sidebar":"0","ocean_disable_margins":"enable","ocean_add_body_class":"","ocean_shortcode_before_top_bar":"","ocean_shortcode_after_top_bar":"","ocean_shortcode_before_header":"","ocean_shortcode_after_header":"","ocean_has_shortcode":"","ocean_shortcode_after_title":"","ocean_shortcode_before_footer_widgets":"","ocean_shortcode_after_footer_widgets":"","ocean_shortcode_before_footer_bottom":"","ocean_shortcode_after_footer_bottom":"","ocean_display_top_bar":"default","ocean_display_header":"default","ocean_header_style":"","ocean_center_header_left_menu":"0","ocean_custom_header_template":"0","ocean_custom_logo":0,"ocean_custom_retina_logo":0,"ocean_custom_logo_max_width":0,"ocean_custom_logo_tablet_max_width":0,"ocean_custom_logo_mobile_max_width":0,"ocean_custom_logo_max_height":0,"ocean_custom_logo_tablet_max_height":0,"ocean_custom_logo_mobile_max_height":0,"ocean_header_custom_menu":"0","ocean_menu_typo_font_family":"0","ocean_menu_typo_font_subset":"","ocean_menu_typo_font_size":0,"ocean_menu_typo_font_size_tablet":0,"ocean_menu_typo_font_size_mobile":0,"ocean_menu_typo_font_size_unit":"px","ocean_menu_typo_font_weight":"","ocean_menu_typo_font_weight_tablet":"","ocean_menu_typo_font_weight_mobile":"","ocean_menu_typo_transform":"","ocean_menu_typo_transform_tablet":"","ocean_menu_typo_transform_mobile":"","ocean_menu_typo_line_height":0,"ocean_menu_typo_line_height_tablet":0,"ocean_menu_typo_line_height_mobile":0,"ocean_menu_typo_line_height_unit":"","ocean_menu_typo_spacing":0,"ocean_menu_typo_spacing_tablet":0,"ocean_menu_typo_spacing_mobile":0,"ocean_menu_typo_spacing_unit":"","ocean_menu_link_color":"","ocean_menu_link_color_hover":"","ocean_menu_link_color_active":"","ocean_menu_link_background":"","ocean_menu_link_hover_background":"","ocean_menu_link_active_background":"","ocean_menu_social_links_bg":"","ocean_menu_social_hover_links_bg":"","ocean_menu_social_links_color":"","ocean_menu_social_hover_links_color":"","ocean_disable_title":"default","ocean_disable_heading":"default","ocean_post_title":"","ocean_post_subheading":"","ocean_post_title_style":"background-image","ocean_post_title_background_color":"","ocean_post_title_background":417,"ocean_post_title_bg_image_position":"center center","ocean_post_title_bg_image_attachment":"fixed","ocean_post_title_bg_image_repeat":"no-repeat","ocean_post_title_bg_image_size":"cover","ocean_post_title_height":500,"ocean_post_title_bg_overlay":0.4,"ocean_post_title_bg_overlay_color":"","ocean_disable_breadcrumbs":"default","ocean_breadcrumbs_color":"","ocean_breadcrumbs_separator_color":"","ocean_breadcrumbs_links_color":"","ocean_breadcrumbs_links_hover_color":"","ocean_display_footer_widgets":"default","ocean_display_footer_bottom":"default","ocean_custom_footer_template":"0","omw_enable_modal_window":"enable","osh_disable_topbar_sticky":"default","osh_disable_header_sticky":"default","osh_sticky_header_style":"default","osh_sticky_header_effect":"","osh_custom_sticky_logo":0,"osh_custom_retina_sticky_logo":0,"osh_custom_sticky_logo_height":0,"osh_background_color":"","osh_links_color":"","osh_links_hover_color":"","osh_links_active_color":"","osh_links_bg_color":"","osh_links_hover_bg_color":"","osh_links_active_bg_color":"","osh_menu_social_links_color":"","osh_menu_social_hover_links_color":"","footnotes":""},"class_list":["post-13711","page","type-page","status-publish","has-post-thumbnail","hentry","entry","has-media","owp-thumbs-layout-horizontal","owp-btn-normal","owp-tabs-layout-horizontal","has-no-thumbnails","has-product-nav"],"acf":[],"_links":{"self":[{"href":"https:\/\/milvus.ro\/hu\/wp-json\/wp\/v2\/pages\/13711","targetHints":{"allow":["GET"]}}],"collection":[{"href":"https:\/\/milvus.ro\/hu\/wp-json\/wp\/v2\/pages"}],"about":[{"href":"https:\/\/milvus.ro\/hu\/wp-json\/wp\/v2\/types\/page"}],"author":[{"embeddable":true,"href":"https:\/\/milvus.ro\/hu\/wp-json\/wp\/v2\/users\/3"}],"replies":[{"embeddable":true,"href":"https:\/\/milvus.ro\/hu\/wp-json\/wp\/v2\/comments?post=13711"}],"version-history":[{"count":71,"href":"https:\/\/milvus.ro\/hu\/wp-json\/wp\/v2\/pages\/13711\/revisions"}],"predecessor-version":[{"id":45695,"href":"https:\/\/milvus.ro\/hu\/wp-json\/wp\/v2\/pages\/13711\/revisions\/45695"}],"up":[{"embeddable":true,"href":"https:\/\/milvus.ro\/hu\/wp-json\/wp\/v2\/pages\/17587"}],"wp:featuredmedia":[{"embeddable":true,"href":"https:\/\/milvus.ro\/hu\/wp-json\/wp\/v2\/media\/15424"}],"wp:attachment":[{"href":"https:\/\/milvus.ro\/hu\/wp-json\/wp\/v2\/media?parent=13711"}],"curies":[{"name":"wp","href":"https:\/\/api.w.org\/{rel}","templated":true}]}}