{"id":13686,"date":"2020-09-16T10:42:49","date_gmt":"2020-09-16T07:42:49","guid":{"rendered":"https:\/\/new.milvus.ro\/?page_id=13686"},"modified":"2021-03-05T14:03:17","modified_gmt":"2021-03-05T12:03:17","slug":"popandaul","status":"publish","type":"page","link":"https:\/\/milvus.ro\/hu\/mammals\/popandaul\/","title":{"rendered":"\u00dcrge"},"content":{"rendered":"\t\t<div data-elementor-type=\"wp-page\" data-elementor-id=\"13686\" class=\"elementor elementor-13686 elementor-13553\">\n\t\t\t\t\t\t<section class=\"elementor-section elementor-top-section elementor-element elementor-element-6f98298 elementor-section-boxed elementor-section-height-default elementor-section-height-default\" data-id=\"6f98298\" data-element_type=\"section\">\n\t\t\t\t\t\t<div class=\"elementor-container elementor-column-gap-default\">\n\t\t\t\t\t<div class=\"elementor-column elementor-col-100 elementor-top-column elementor-element elementor-element-3c7bca7d\" data-id=\"3c7bca7d\" data-element_type=\"column\">\n\t\t\t<div class=\"elementor-widget-wrap elementor-element-populated\">\n\t\t\t\t\t\t<div class=\"elementor-element elementor-element-c0333a4 elementor-widget elementor-widget-text-editor\" data-id=\"c0333a4\" data-element_type=\"widget\" data-widget_type=\"text-editor.default\">\n\t\t\t\t<div class=\"elementor-widget-container\">\n\t\t\t\t\t\t\t<p><img fetchpriority=\"high\" decoding=\"async\" class=\"alignleft wp-image-13554\" src=\"http:\/\/milvus.ro\/wp-content\/uploads\/2020\/09\/IMG_8550-2-346x232-1.jpg\" alt=\"\" width=\"346\" height=\"232\" srcset=\"https:\/\/milvus.ro\/wp-content\/uploads\/2020\/09\/IMG_8550-2-346x232-1.jpg 346w, https:\/\/milvus.ro\/wp-content\/uploads\/2020\/09\/IMG_8550-2-346x232-1-300x201.jpg 300w\" sizes=\"(max-width: 346px) 100vw, 346px\" \/>Az \u00fcrge (<em>Spermophilus citellus<\/em>), ez a ma m\u00e1r elterjed\u00e9se nagy r\u00e9sz\u00e9n vesz\u00e9lyeztetett r\u00e1gcs\u00e1l\u00f3, t\u00f6bb mint egy \u00e9vtizede keltette fel term\u00e9szetv\u00e9delmi \u00e9rdekl\u0151d\u00e9s\u00fcnket, \u00e9s m\u00e1ra a Milvus Csoport egyik legkutatottabb \u00e1llatfaj\u00e1v\u00e1 l\u00e9pett el\u0151. Jellegzetes sztyeppi eml\u0151sk\u00e9nt, az alf\u00f6ldi ny\u00edlt ter\u00fcletek r\u00f6vidf\u00fcv\u0171 legel\u0151it kedveli, \u00edgy ezen \u00e9l\u0151helyek besz\u00e1nt\u00e1s vagy be\u00e9p\u00edt\u00e9s \u00e1ltali megsz\u0171n\u00e9se vagy nem megfelel\u0151 kezel\u00e9se nagy nyom\u00e1st gyakorol az \u00fcrge \u00e1llom\u00e1nyaira. Az \u00e9vek sor\u00e1n sikeresen felm\u00e9rt\u00fck a faj orsz\u00e1gos elterjed\u00e9s\u00e9t \u00e9s a m\u00e9g l\u00e9tez\u0151 \u00e9l\u0151helyeinek meghat\u00e1roz\u00f3 r\u00e9sz\u00e9t, majd adatainkra t\u00e1maszkodva jelent\u0151sen megn\u00f6velt\u00fck az \u00fcrge meg\u0151rz\u00e9se \u00e9rdek\u00e9ben kijel\u00f6lt Natura 2000 ter\u00fcletek sz\u00e1m\u00e1t Rom\u00e1nia k\u00fcl\u00f6nb\u00f6z\u0151 r\u00e9gi\u00f3iban. Az orsz\u00e1g nyugati r\u00e9sz\u00e9n (a pannon biogeogr\u00e1fiai r\u00e9gi\u00f3ban) 2011 \u00f3ta rendszeres monitoring jelleg\u0171 munk\u00e1t \u00e9s fajv\u00e9delmi tev\u00e9kenys\u00e9geket is folytatunk, t\u00f6bbek k\u00f6z\u00f6tt az \u00fcrg\u00e9k vesz\u00e9lyeztetett \u00e9l\u0151helyekr\u0151l val\u00f3 \u00e1ttelep\u00edt\u00e9s\u00e9vel. Ezek a tev\u00e9kenys\u00e9gek a kerecsens\u00f3lyom (<em>Falco cherrug<\/em>) v\u00e9delm\u00e9re ir\u00e1nyul\u00f3 er\u0151fesz\u00edt\u00e9seink r\u00e9szek\u00e9nt is jelent\u0151s szerepet kaptak. Az Eur\u00f3pai Uni\u00f3 LIFE+ programj\u00e1nak t\u00e1rsfinansz\u00edroz\u00e1s\u00e1val megval\u00f3sul\u00f3 A vesz\u00e9lyeztetett parlagi sas \u00e9s kerecsens\u00f3lyom popul\u00e1ci\u00f3k zs\u00e1km\u00e1nyb\u00e1zis\u00e1nak biztos\u00edt\u00e1sa a K\u00e1rp\u00e1t-medenc\u00e9ben (RAPTORSPREYLIFE) c\u00edm\u0171 nemzetk\u00f6zi projekt keret\u00e9ben is folytatjuk \u00fcrgev\u00e9delmi tev\u00e9kenys\u00e9geinket. Ennek r\u00e9szek\u00e9nt a legjelent\u0151sebb folyamatban l\u00e9v\u0151, illetve tervezett int\u00e9zked\u00e9seink k\u00f6z\u00f6tt megeml\u00edthetj\u00fck a gyeng\u00e9bb \u00e1llom\u00e1nyok v\u00e9rfriss\u00edt\u00e9s\u00e9re, er\u0151s\u00edt\u00e9s\u00e9re szolg\u00e1l\u00f3 betelep\u00edt\u00e9seket; az \u00fcrgetelepek genetikai \u00f6sszehasonl\u00edt\u00e1s\u00e1t \u00e9s a leromlott \u00e9l\u0151helyeik feljav\u00edt\u00e1s\u00e1t kasz\u00e1l\u00e1ssal; valamint a k\u00fcl\u00f6nf\u00e9le t\u00e1j\u00e9koztat\u00f3 \u00e9s nevel\u00e9si tev\u00e9kenys\u00e9geket. Az ut\u00f3bbi \u00e9vekben rendszeresen egy\u00fcttm\u0171k\u00f6dt\u00fcnk egy, az orsz\u00e1g keleti r\u00e9sz\u00e9n (Moldv\u00e1ban) \u00fcrgekutat\u00e1ssal \u00e9s v\u00e9delemmel foglalkoz\u00f3 kutat\u00f3csoporttal. Ugyanakkor folyamatosan k\u00fczd\u00fcnk az \u00fcrg\u00e9s gyepek t\u00f6rv\u00e9nytelen puszt\u00edt\u00e1sa ellen, a gazd\u00e1kat pedig egy agr\u00e1r-k\u00f6rnyezetgazd\u00e1lkod\u00e1si csomag-tervezettel szeretn\u00e9nk az \u00fcrge \u00e9l\u0151helyeinek megfelel\u0151 kezel\u00e9s\u00e9re buzd\u00edtani.<\/p>\n<p>\n\n<\/p>\n<figure class=\"wp-block-gallery alignfull columns-2 is-cropped\">\n<ul class=\"blocks-gallery-grid\">\n<li class=\"blocks-gallery-item\">\n<figure><a href=\"http:\/\/milvus.ro\/wp-content\/uploads\/2020\/09\/\u00c1ttelep\u00edt\u00e9shez-befogott-\u00fcrg\u00e9k-scaled.jpg\"><img decoding=\"async\" width=\"2560\" height=\"1707\" class=\"wp-image-13560\" src=\"http:\/\/milvus.ro\/wp-content\/uploads\/2020\/09\/\u00c1ttelep\u00edt\u00e9shez-befogott-\u00fcrg\u00e9k-scaled.jpg\" alt=\"\" data-id=\"13560\" data-full-url=\"http:\/\/milvus.ro\/wp-content\/uploads\/2020\/09\/\u00c1ttelep\u00edt\u00e9shez-befogott-\u00fcrg\u00e9k-scaled.jpg\" data-link=\"http:\/\/milvus.ro\/ro\/?attachment_id=13560\" srcset=\"https:\/\/milvus.ro\/wp-content\/uploads\/2020\/09\/\u00c1ttelep\u00edt\u00e9shez-befogott-\u00fcrg\u00e9k-scaled.jpg 2560w, https:\/\/milvus.ro\/wp-content\/uploads\/2020\/09\/\u00c1ttelep\u00edt\u00e9shez-befogott-\u00fcrg\u00e9k-scaled-600x400.jpg 600w, https:\/\/milvus.ro\/wp-content\/uploads\/2020\/09\/\u00c1ttelep\u00edt\u00e9shez-befogott-\u00fcrg\u00e9k-300x200.jpg 300w, https:\/\/milvus.ro\/wp-content\/uploads\/2020\/09\/\u00c1ttelep\u00edt\u00e9shez-befogott-\u00fcrg\u00e9k-1024x683.jpg 1024w, https:\/\/milvus.ro\/wp-content\/uploads\/2020\/09\/\u00c1ttelep\u00edt\u00e9shez-befogott-\u00fcrg\u00e9k-768x512.jpg 768w, https:\/\/milvus.ro\/wp-content\/uploads\/2020\/09\/\u00c1ttelep\u00edt\u00e9shez-befogott-\u00fcrg\u00e9k-1536x1024.jpg 1536w, https:\/\/milvus.ro\/wp-content\/uploads\/2020\/09\/\u00c1ttelep\u00edt\u00e9shez-befogott-\u00fcrg\u00e9k-2048x1365.jpg 2048w\" sizes=\"(max-width: 2560px) 100vw, 2560px\" \/><\/a><\/figure>\n<\/li>\n<li class=\"blocks-gallery-item\">\n<figure><a href=\"http:\/\/milvus.ro\/wp-content\/uploads\/2020\/09\/\u00c1ttelelp\u00edtett-\u00fcrge-a-v\u00e9d\u0151ker\u00edt\u00e9s-m\u00f6g\u00f6tt.jpg\"><img decoding=\"async\" width=\"1821\" height=\"1239\" class=\"wp-image-13557\" src=\"http:\/\/milvus.ro\/wp-content\/uploads\/2020\/09\/\u00c1ttelelp\u00edtett-\u00fcrge-a-v\u00e9d\u0151ker\u00edt\u00e9s-m\u00f6g\u00f6tt.jpg\" alt=\"\" data-id=\"13557\" data-full-url=\"http:\/\/milvus.ro\/wp-content\/uploads\/2020\/09\/\u00c1ttelelp\u00edtett-\u00fcrge-a-v\u00e9d\u0151ker\u00edt\u00e9s-m\u00f6g\u00f6tt.jpg\" data-link=\"http:\/\/milvus.ro\/ro\/?attachment_id=13557\" srcset=\"https:\/\/milvus.ro\/wp-content\/uploads\/2020\/09\/\u00c1ttelelp\u00edtett-\u00fcrge-a-v\u00e9d\u0151ker\u00edt\u00e9s-m\u00f6g\u00f6tt.jpg 1821w, https:\/\/milvus.ro\/wp-content\/uploads\/2020\/09\/\u00c1ttelelp\u00edtett-\u00fcrge-a-v\u00e9d\u0151ker\u00edt\u00e9s-m\u00f6g\u00f6tt-600x408.jpg 600w, https:\/\/milvus.ro\/wp-content\/uploads\/2020\/09\/\u00c1ttelelp\u00edtett-\u00fcrge-a-v\u00e9d\u0151ker\u00edt\u00e9s-m\u00f6g\u00f6tt-300x204.jpg 300w, https:\/\/milvus.ro\/wp-content\/uploads\/2020\/09\/\u00c1ttelelp\u00edtett-\u00fcrge-a-v\u00e9d\u0151ker\u00edt\u00e9s-m\u00f6g\u00f6tt-1024x697.jpg 1024w, https:\/\/milvus.ro\/wp-content\/uploads\/2020\/09\/\u00c1ttelelp\u00edtett-\u00fcrge-a-v\u00e9d\u0151ker\u00edt\u00e9s-m\u00f6g\u00f6tt-768x523.jpg 768w, https:\/\/milvus.ro\/wp-content\/uploads\/2020\/09\/\u00c1ttelelp\u00edtett-\u00fcrge-a-v\u00e9d\u0151ker\u00edt\u00e9s-m\u00f6g\u00f6tt-1536x1045.jpg 1536w\" sizes=\"(max-width: 1821px) 100vw, 1821px\" \/><\/a><\/figure>\n<\/li>\n<\/ul>\n<\/figure>\n<p>\n\n<\/p>\n<h4>Publik\u00e1ci\u00f3k:<\/h4>\n<p>\n\n<\/p>\n<p>Kecsk\u00e9s A., Hegyeli Zs., Latkov\u00e1 H., Sos T., Nagy A. A., Domokos Cs., Acz\u00e9l-Fridrich Zs., Mezey Zs., Sug\u00e1r Sz., Papp T. 2012. Eml\u0151sfajok v\u00e9delme a Natura 2000 h\u00e1l\u00f3zat seg\u00edts\u00e9g\u00e9vel Rom\u00e1ni\u00e1ban. Babe\u0219-Bolyai Tudom\u00e1nyegyetem, Biol\u00f3gia \u00e9s Geol\u00f3gia Kar \u2013 Ap\u00e1thy Istv\u00e1n Egyes\u00fclet. 13. Kolozsv\u00e1ri Biol\u00f3gus Napok. Kolozsv\u00e1r, 2012 m\u00e1rcius 30-31.<\/p>\n<p>\n\n<\/p>\n<p>Hegyeli Zs., Nagy A., Dar\u00f3czi J. Sz., Kecsk\u00e9s A., Latkov\u00e1 H. 2012. Current distribution and status of the European ground squirrel in Romania. IV European Ground Squirrel Meeting, 5-7 September 2012, Kamie\u0144 \u015al\u0105ski, Poland.<\/p>\n<p>\n\n<\/p>\n<p>Hegyeli, Zs., B\u00f3n\u00e9, G., F\u00fcl\u00f6p, T., Nagy, A. 2014. Vulnerability of European ground squirrel colonies in the Pannonian region of Romania. 5th European Ground Squirrel Meeting, Perspectives on an endangered species. Rust, Austria, 02-05 October 2014.<\/p>\n<p>\n\n<\/p>\n<p>Petr\u00e1ss, I. A., Hegyeli, Zs. 2013. Studiu de evaluare a impactului repatrierii Spermophilus citellus. Activitatea C3 LIFE09 NAT\/HU\/000384. Raport, 27 pp.<\/p>\n<p>\n\n<\/p>\n<p>F\u00fcl\u00f6p, T., Hegyeli, Zs. 2016. Pest control companies as threats to European ground squirrel (Spermophilus citellus) and common hamster (Cricetus cricetus) populations in Romania. 6th European Ground Squirrel Meeting. Belgrade, Serbia, 4\u20136 November 2016.<\/p>\n<p>\n\n<\/p>\n<p>Baltag, E. \u0218., F\u00fcl\u00f6p, T., Zaharia, G., Petrencu, L., Hegyeli, Zs. 2016. Distribution modeling of European Ground Squirrel (Spermophilus citellus) population from Romania. 6th European Ground Squirrel Meeting. Belgrade, Serbia, 4\u20136 November 2016.<\/p>\n<p><\/p>\n<p>\n\n<\/p>\n<p><\/p>\t\t\t\t\t\t<\/div>\n\t\t\t\t<\/div>\n\t\t\t\t\t<\/div>\n\t\t<\/div>\n\t\t\t\t\t<\/div>\n\t\t<\/section>\n\t\t\t\t<\/div>\n\t\t","protected":false},"excerpt":{"rendered":"Az \u00fcrge (Spermophilus citellus), ez a ma m\u00e1r elterjed\u00e9se nagy r\u00e9sz\u00e9n vesz\u00e9lyeztetett r\u00e1gcs\u00e1l\u00f3, t\u00f6bb mint egy \u00e9vtizede keltette fel term\u00e9szetv\u00e9delmi \u00e9rdekl\u0151d\u00e9s\u00fcnket, \u00e9s m\u00e1ra a Milvus Csoport egyik legkutatottabb \u00e1llatfaj\u00e1v\u00e1 l\u00e9pett el\u0151. Jellegzetes sztyeppi eml\u0151sk\u00e9nt, az alf\u00f6ldi ny\u00edlt ter\u00fcletek r\u00f6vidf\u00fcv\u0171 legel\u0151it kedveli, \u00edgy ezen \u00e9l\u0151helyek besz\u00e1nt\u00e1s vagy be\u00e9p\u00edt\u00e9s \u00e1ltali megsz\u0171n\u00e9se vagy nem megfelel\u0151 kezel\u00e9se nagy nyom\u00e1st [&hellip;]","protected":false},"author":2,"featured_media":995,"parent":17573,"menu_order":0,"comment_status":"closed","ping_status":"closed","template":"","meta":{"_acf_changed":false,"_eb_attr":"","ocean_post_layout":"full-width","ocean_both_sidebars_style":"","ocean_both_sidebars_content_width":0,"ocean_both_sidebars_sidebars_width":0,"ocean_sidebar":"0","ocean_second_sidebar":"0","ocean_disable_margins":"enable","ocean_add_body_class":"","ocean_shortcode_before_top_bar":"","ocean_shortcode_after_top_bar":"","ocean_shortcode_before_header":"","ocean_shortcode_after_header":"[oceanwp_library id=\"18273\"]","ocean_has_shortcode":"","ocean_shortcode_after_title":"","ocean_shortcode_before_footer_widgets":"","ocean_shortcode_after_footer_widgets":"","ocean_shortcode_before_footer_bottom":"","ocean_shortcode_after_footer_bottom":"","ocean_display_top_bar":"default","ocean_display_header":"default","ocean_header_style":"","ocean_center_header_left_menu":"0","ocean_custom_header_template":"0","ocean_custom_logo":0,"ocean_custom_retina_logo":0,"ocean_custom_logo_max_width":0,"ocean_custom_logo_tablet_max_width":0,"ocean_custom_logo_mobile_max_width":0,"ocean_custom_logo_max_height":0,"ocean_custom_logo_tablet_max_height":0,"ocean_custom_logo_mobile_max_height":0,"ocean_header_custom_menu":"0","ocean_menu_typo_font_family":"0","ocean_menu_typo_font_subset":"","ocean_menu_typo_font_size":0,"ocean_menu_typo_font_size_tablet":0,"ocean_menu_typo_font_size_mobile":0,"ocean_menu_typo_font_size_unit":"px","ocean_menu_typo_font_weight":"","ocean_menu_typo_font_weight_tablet":"","ocean_menu_typo_font_weight_mobile":"","ocean_menu_typo_transform":"","ocean_menu_typo_transform_tablet":"","ocean_menu_typo_transform_mobile":"","ocean_menu_typo_line_height":0,"ocean_menu_typo_line_height_tablet":0,"ocean_menu_typo_line_height_mobile":0,"ocean_menu_typo_line_height_unit":"","ocean_menu_typo_spacing":0,"ocean_menu_typo_spacing_tablet":0,"ocean_menu_typo_spacing_mobile":0,"ocean_menu_typo_spacing_unit":"","ocean_menu_link_color":"","ocean_menu_link_color_hover":"","ocean_menu_link_color_active":"","ocean_menu_link_background":"","ocean_menu_link_hover_background":"","ocean_menu_link_active_background":"","ocean_menu_social_links_bg":"","ocean_menu_social_hover_links_bg":"","ocean_menu_social_links_color":"","ocean_menu_social_hover_links_color":"","ocean_disable_title":"default","ocean_disable_heading":"default","ocean_post_title":"","ocean_post_subheading":"","ocean_post_title_style":"background-image","ocean_post_title_background_color":"","ocean_post_title_background":27907,"ocean_post_title_bg_image_position":"bottom center","ocean_post_title_bg_image_attachment":"fixed","ocean_post_title_bg_image_repeat":"no-repeat","ocean_post_title_bg_image_size":"","ocean_post_title_height":450,"ocean_post_title_bg_overlay":0.2,"ocean_post_title_bg_overlay_color":"#000000","ocean_disable_breadcrumbs":"default","ocean_breadcrumbs_color":"","ocean_breadcrumbs_separator_color":"","ocean_breadcrumbs_links_color":"","ocean_breadcrumbs_links_hover_color":"","ocean_display_footer_widgets":"default","ocean_display_footer_bottom":"default","ocean_custom_footer_template":"0","omw_enable_modal_window":"enable","osh_disable_topbar_sticky":"default","osh_disable_header_sticky":"default","osh_sticky_header_style":"default","osh_sticky_header_effect":"","osh_custom_sticky_logo":0,"osh_custom_retina_sticky_logo":0,"osh_custom_sticky_logo_height":0,"osh_background_color":"","osh_links_color":"","osh_links_hover_color":"","osh_links_active_color":"","osh_links_bg_color":"","osh_links_hover_bg_color":"","osh_links_active_bg_color":"","osh_menu_social_links_color":"","osh_menu_social_hover_links_color":"","footnotes":""},"class_list":["post-13686","page","type-page","status-publish","has-post-thumbnail","hentry","entry","has-media","owp-thumbs-layout-horizontal","owp-btn-normal","owp-tabs-layout-horizontal","has-no-thumbnails","has-product-nav"],"acf":[],"_links":{"self":[{"href":"https:\/\/milvus.ro\/hu\/wp-json\/wp\/v2\/pages\/13686","targetHints":{"allow":["GET"]}}],"collection":[{"href":"https:\/\/milvus.ro\/hu\/wp-json\/wp\/v2\/pages"}],"about":[{"href":"https:\/\/milvus.ro\/hu\/wp-json\/wp\/v2\/types\/page"}],"author":[{"embeddable":true,"href":"https:\/\/milvus.ro\/hu\/wp-json\/wp\/v2\/users\/2"}],"replies":[{"embeddable":true,"href":"https:\/\/milvus.ro\/hu\/wp-json\/wp\/v2\/comments?post=13686"}],"version-history":[{"count":19,"href":"https:\/\/milvus.ro\/hu\/wp-json\/wp\/v2\/pages\/13686\/revisions"}],"predecessor-version":[{"id":27984,"href":"https:\/\/milvus.ro\/hu\/wp-json\/wp\/v2\/pages\/13686\/revisions\/27984"}],"up":[{"embeddable":true,"href":"https:\/\/milvus.ro\/hu\/wp-json\/wp\/v2\/pages\/17573"}],"wp:featuredmedia":[{"embeddable":true,"href":"https:\/\/milvus.ro\/hu\/wp-json\/wp\/v2\/media\/995"}],"wp:attachment":[{"href":"https:\/\/milvus.ro\/hu\/wp-json\/wp\/v2\/media?parent=13686"}],"curies":[{"name":"wp","href":"https:\/\/api.w.org\/{rel}","templated":true}]}}