{"id":13673,"date":"2020-09-16T12:32:37","date_gmt":"2020-09-16T10:32:37","guid":{"rendered":"https:\/\/new.milvus.ro\/?page_id=13673"},"modified":"2021-04-22T20:45:13","modified_gmt":"2021-04-22T17:45:13","slug":"sicista","status":"publish","type":"page","link":"https:\/\/milvus.ro\/hu\/mammals\/sicista\/","title":{"rendered":"Sz\u00f6cskeegerek"},"content":{"rendered":"<p>A sz\u00f6cskeegerek az ugr\u00f3egerek rokonai, kis test\u00fck, visszah\u00faz\u00f3d\u00f3 \u00e9letm\u00f3djuk, illetve az kutat\u00e1sok hi\u00e1nya miatt j\u00f3 ideig azt sem tudtuk, \u00e9l-e m\u00e9g sz\u00f6cskeeg\u00e9r Rom\u00e1ni\u00e1ban?<\/p>\n<p>A jelenlegi rendszertani ismeretek alapj\u00e1n haz\u00e1nkban <strong>h\u00e1rom sz\u00f6cskeeg\u00e9rfajt k\u00fcl\u00f6n\u00edt\u00fcnk el: az \u00e9szaki sz\u00f6cskeegeret (<em>Sicista betulina<\/em>), valamint a \u201ecs\u00edkos sz\u00f6cskeeg\u00e9r fajcsoporthoz&#8221; tartoz\u00f3 magyar (<em>Sicista trizona<\/em>) \u00e9s Nordmann-sz\u00f6cskeegeret (<em>Sicista loriger<\/em>).<\/strong> 2009-ig a magyar sz\u00f6cskeeg\u00e9r rom\u00e1niai el\u0151fordul\u00e1si adatai az irodalomb\u00f3l \u00e9s m\u00fazeumi<br \/>p\u00e9ld\u00e1nyok alapj\u00e1n voltak ismertek.<\/p>\n<p>Erd\u00e9lyb\u0151l eddig egyetlen adat volt ismert, az 1900-ban, Orosz Endre \u00e1ltal befogott apahidai n\u0151st\u00e9ny, amelyet a Magyar Term\u00e9szettudom\u00e1nyi M\u00fazeum Eml\u0151sgy\u0171jtem\u00e9nye \u0151riz.<\/p>\n<p>2008-2010 sor\u00e1n a Szamosmenti-dombs\u00e1gon vizsg\u00e1lt gy\u00f6ngybagoly- \u00e9s kuvikk\u00f6petekb\u0151l a sz\u00f6cskeeg\u00e9r t\u00f6bb p\u00e9ld\u00e1nya ker\u00fclt el\u0151. Az ezt k\u00f6vet\u0151 exped\u00edci\u00f3k sor\u00e1n a Milvus Csoport a magyarorsz\u00e1gi B\u00fckki Eml\u0151stani Kutat\u00f3csoport Egyes\u00fclettel k\u00f6z\u00f6s kiseml\u0151sfaunisztikai felm\u00e9r\u00e9seken felkutatta a k\u00e9t faj irodalmi lel\u0151helyeit. Ennek eredm\u00e9nyek\u00e9nt 2012-ben a magyar sz\u00f6cskeegeret siker\u00fclt \u00e9lve megfogni Kolozsv\u00e1r szomsz\u00e9ds\u00e1g\u00e1ban, 2013-ben pedig a Nordmann-sz\u00f6cskeeg\u00e9r p\u00e9ld\u00e1nyai ker\u00fcltek meg J\u00e1szv\u00e1s\u00e1r mell\u0151l.<\/p>\n<p>Az ezt k\u00eds\u00e9r\u0151 genetikai vizsg\u00e1latok f\u00e9nyt der\u00edtettek a rom\u00e1niai cs\u00edkos sz\u00f6cskeeg\u00e9r fajkomplexum helyzet\u00e9re. <strong>Az erd\u00e9lyi p\u00e9ld\u00e1nyok a magyar sz\u00f6cskeeg\u00e9rhez tartoz\u00f3, a K\u00e1rp\u00e1t-medence bennsz\u00fcl\u00f6tt faj\u00e1nak \u00e9l\u0151 p\u00e9ld\u00e1nyai, a <em>Sicista trizona transylvanica<\/em>.<\/strong> A moldvai sztyeppeken pedig a Nordmann-sz\u00f6cskeeg\u00e9r (Sicista loriger) p\u00e9ld\u00e1nyai fordulnak el\u0151.<\/p>\n<p>Az elm\u00falt \u00e9vtized sor\u00e1n az \u00e9lvefog\u00f3 kismel\u0151scsapd\u00e1z\u00e1sok alkalm\u00e1val az \u00e9szaki sz\u00f6cskeeg\u00e9r t\u00f6bb p\u00e9ld\u00e1ny\u00e1t siker\u00fclt megtal\u00e1lnunk a Gyergy\u00f3i-medence ny\u00edrf\u00e1kkal ben\u0151tt l\u00e1pr\u00e9tjein, kasz\u00e1l\u00f3in. Haz\u00e1nkb\u00f3l 4 irodalmi jegyz\u00e9s ismert az 1943-1996 peri\u00f3dusb\u00f3l a Keleti- \u00e9s D\u00e9li-K\u00e1rp\u00e1tokb\u00f3l. N\u00e9gy recens adata is ismert: 2006-ban egy megfigyelt p\u00e9ld\u00e1ny a G\u00f6rg\u00e9ny hegys\u00e9gb\u0151l, illetve 2008-ban egy befogott p\u00e9ld\u00e1ny a Gyergy\u00f3i-medenc\u00e9b\u0151l , ahonnan a 2010-es csapd\u00e1z\u00e1sok sor\u00e1n \u00fajabb k\u00e9t p\u00e9ld\u00e1nyt siker\u00fclt befognunk<!-- \/wp:post-content --><\/p>\n\n<!-- wp:gallery {\"ids\":[29259,13675,29256,29253],\"columns\":2,\"linkTo\":\"file\"} -->\n<figure class=\"wp-block-gallery columns-2 is-cropped\"><ul class=\"blocks-gallery-grid\"><li class=\"blocks-gallery-item\"><figure><a href=\"https:\/\/milvus.ro\/wp-content\/uploads\/2021\/04\/P8090060-scaled.jpg\"><img fetchpriority=\"high\" decoding=\"async\" width=\"1024\" height=\"768\" src=\"https:\/\/milvus.ro\/wp-content\/uploads\/2021\/04\/P8090060-1024x768.jpg\" alt=\"\" data-id=\"29259\" data-full-url=\"https:\/\/milvus.ro\/wp-content\/uploads\/2021\/04\/P8090060-scaled.jpg\" data-link=\"https:\/\/milvus.ro\/en\/mammals\/sicista\/olympus-digital-camera-36-2\/\" class=\"wp-image-29259\" srcset=\"https:\/\/milvus.ro\/wp-content\/uploads\/2021\/04\/P8090060-1024x768.jpg 1024w, https:\/\/milvus.ro\/wp-content\/uploads\/2021\/04\/P8090060-scaled-600x450.jpg 600w, https:\/\/milvus.ro\/wp-content\/uploads\/2021\/04\/P8090060-300x225.jpg 300w, https:\/\/milvus.ro\/wp-content\/uploads\/2021\/04\/P8090060-768x576.jpg 768w, https:\/\/milvus.ro\/wp-content\/uploads\/2021\/04\/P8090060-1536x1152.jpg 1536w, https:\/\/milvus.ro\/wp-content\/uploads\/2021\/04\/P8090060-2048x1536.jpg 2048w\" sizes=\"(max-width: 1024px) 100vw, 1024px\" \/><\/a><\/figure><\/li><li class=\"blocks-gallery-item\"><figure><a href=\"https:\/\/milvus.ro\/wp-content\/uploads\/2020\/09\/sicistasubtilis.jpg\"><img decoding=\"async\" width=\"300\" height=\"400\" src=\"https:\/\/milvus.ro\/wp-content\/uploads\/2020\/09\/sicistasubtilis.jpg\" alt=\"\" data-id=\"13675\" data-full-url=\"https:\/\/milvus.ro\/wp-content\/uploads\/2020\/09\/sicistasubtilis.jpg\" data-link=\"https:\/\/milvus.ro\/en\/mammals\/sicista\/olympus-digital-camera-2\/\" class=\"wp-image-13675\" srcset=\"https:\/\/milvus.ro\/wp-content\/uploads\/2020\/09\/sicistasubtilis.jpg 300w, https:\/\/milvus.ro\/wp-content\/uploads\/2020\/09\/sicistasubtilis-225x300.jpg 225w\" sizes=\"(max-width: 300px) 100vw, 300px\" \/><\/a><\/figure><\/li><li class=\"blocks-gallery-item\"><figure><a href=\"https:\/\/milvus.ro\/wp-content\/uploads\/2021\/04\/P1020933.jpg\"><img decoding=\"async\" width=\"1024\" height=\"768\" src=\"https:\/\/milvus.ro\/wp-content\/uploads\/2021\/04\/P1020933-1024x768.jpg\" alt=\"\" data-id=\"29256\" data-full-url=\"https:\/\/milvus.ro\/wp-content\/uploads\/2021\/04\/P1020933.jpg\" data-link=\"https:\/\/milvus.ro\/en\/mammals\/sicista\/p1020933-2\/\" class=\"wp-image-29256\" srcset=\"https:\/\/milvus.ro\/wp-content\/uploads\/2021\/04\/P1020933-1024x768.jpg 1024w, https:\/\/milvus.ro\/wp-content\/uploads\/2021\/04\/P1020933-600x450.jpg 600w, https:\/\/milvus.ro\/wp-content\/uploads\/2021\/04\/P1020933-300x225.jpg 300w, https:\/\/milvus.ro\/wp-content\/uploads\/2021\/04\/P1020933-768x576.jpg 768w, https:\/\/milvus.ro\/wp-content\/uploads\/2021\/04\/P1020933-1536x1152.jpg 1536w, https:\/\/milvus.ro\/wp-content\/uploads\/2021\/04\/P1020933-2048x1536.jpg 2048w\" sizes=\"(max-width: 1024px) 100vw, 1024px\" \/><\/a><\/figure><\/li><li class=\"blocks-gallery-item\"><figure><a href=\"https:\/\/milvus.ro\/wp-content\/uploads\/2021\/04\/P1000561.jpg\"><img loading=\"lazy\" decoding=\"async\" width=\"1024\" height=\"768\" src=\"https:\/\/milvus.ro\/wp-content\/uploads\/2021\/04\/P1000561-1024x768.jpg\" alt=\"\" data-id=\"29253\" data-full-url=\"https:\/\/milvus.ro\/wp-content\/uploads\/2021\/04\/P1000561.jpg\" data-link=\"https:\/\/milvus.ro\/en\/mammals\/sicista\/p1000561-2\/\" class=\"wp-image-29253\" srcset=\"https:\/\/milvus.ro\/wp-content\/uploads\/2021\/04\/P1000561-1024x768.jpg 1024w, https:\/\/milvus.ro\/wp-content\/uploads\/2021\/04\/P1000561-600x450.jpg 600w, https:\/\/milvus.ro\/wp-content\/uploads\/2021\/04\/P1000561-300x225.jpg 300w, https:\/\/milvus.ro\/wp-content\/uploads\/2021\/04\/P1000561-768x576.jpg 768w, https:\/\/milvus.ro\/wp-content\/uploads\/2021\/04\/P1000561-1536x1152.jpg 1536w, https:\/\/milvus.ro\/wp-content\/uploads\/2021\/04\/P1000561-2048x1536.jpg 2048w\" sizes=\"(max-width: 1024px) 100vw, 1024px\" \/><\/a><\/figure><\/li><\/ul><\/figure>\n<!-- \/wp:gallery -->","protected":false},"excerpt":{"rendered":"A sz\u00f6cskeegerek az ugr\u00f3egerek rokonai, kis test\u00fck, visszah\u00faz\u00f3d\u00f3 \u00e9letm\u00f3djuk, illetve az kutat\u00e1sok hi\u00e1nya miatt j\u00f3 ideig azt sem tudtuk, \u00e9l-e m\u00e9g sz\u00f6cskeeg\u00e9r Rom\u00e1ni\u00e1ban? A jelenlegi rendszertani ismeretek alapj\u00e1n haz\u00e1nkban h\u00e1rom sz\u00f6cskeeg\u00e9rfajt k\u00fcl\u00f6n\u00edt\u00fcnk el: az \u00e9szaki sz\u00f6cskeegeret (Sicista betulina), valamint a \u201ecs\u00edkos sz\u00f6cskeeg\u00e9r fajcsoporthoz&#8221; tartoz\u00f3 magyar (Sicista trizona) \u00e9s Nordmann-sz\u00f6cskeegeret (Sicista loriger). 2009-ig a magyar sz\u00f6cskeeg\u00e9r [&hellip;]","protected":false},"author":2,"featured_media":15420,"parent":17573,"menu_order":0,"comment_status":"closed","ping_status":"closed","template":"","meta":{"_acf_changed":false,"_eb_attr":"","ocean_post_layout":"","ocean_both_sidebars_style":"","ocean_both_sidebars_content_width":0,"ocean_both_sidebars_sidebars_width":0,"ocean_sidebar":"0","ocean_second_sidebar":"0","ocean_disable_margins":"enable","ocean_add_body_class":"","ocean_shortcode_before_top_bar":"","ocean_shortcode_after_top_bar":"","ocean_shortcode_before_header":"","ocean_shortcode_after_header":"[oceanwp_library id=\"18273\"]","ocean_has_shortcode":"","ocean_shortcode_after_title":"","ocean_shortcode_before_footer_widgets":"","ocean_shortcode_after_footer_widgets":"","ocean_shortcode_before_footer_bottom":"","ocean_shortcode_after_footer_bottom":"","ocean_display_top_bar":"default","ocean_display_header":"default","ocean_header_style":"","ocean_center_header_left_menu":"0","ocean_custom_header_template":"0","ocean_custom_logo":0,"ocean_custom_retina_logo":0,"ocean_custom_logo_max_width":0,"ocean_custom_logo_tablet_max_width":0,"ocean_custom_logo_mobile_max_width":0,"ocean_custom_logo_max_height":0,"ocean_custom_logo_tablet_max_height":0,"ocean_custom_logo_mobile_max_height":0,"ocean_header_custom_menu":"0","ocean_menu_typo_font_family":"0","ocean_menu_typo_font_subset":"","ocean_menu_typo_font_size":0,"ocean_menu_typo_font_size_tablet":0,"ocean_menu_typo_font_size_mobile":0,"ocean_menu_typo_font_size_unit":"px","ocean_menu_typo_font_weight":"","ocean_menu_typo_font_weight_tablet":"","ocean_menu_typo_font_weight_mobile":"","ocean_menu_typo_transform":"","ocean_menu_typo_transform_tablet":"","ocean_menu_typo_transform_mobile":"","ocean_menu_typo_line_height":0,"ocean_menu_typo_line_height_tablet":0,"ocean_menu_typo_line_height_mobile":0,"ocean_menu_typo_line_height_unit":"","ocean_menu_typo_spacing":0,"ocean_menu_typo_spacing_tablet":0,"ocean_menu_typo_spacing_mobile":0,"ocean_menu_typo_spacing_unit":"","ocean_menu_link_color":"","ocean_menu_link_color_hover":"","ocean_menu_link_color_active":"","ocean_menu_link_background":"","ocean_menu_link_hover_background":"","ocean_menu_link_active_background":"","ocean_menu_social_links_bg":"","ocean_menu_social_hover_links_bg":"","ocean_menu_social_links_color":"","ocean_menu_social_hover_links_color":"","ocean_disable_title":"default","ocean_disable_heading":"default","ocean_post_title":"","ocean_post_subheading":"","ocean_post_title_style":"background-image","ocean_post_title_background_color":"","ocean_post_title_background":29265,"ocean_post_title_bg_image_position":"center center","ocean_post_title_bg_image_attachment":"","ocean_post_title_bg_image_repeat":"no-repeat","ocean_post_title_bg_image_size":"","ocean_post_title_height":600,"ocean_post_title_bg_overlay":0.2,"ocean_post_title_bg_overlay_color":"#000000","ocean_disable_breadcrumbs":"default","ocean_breadcrumbs_color":"","ocean_breadcrumbs_separator_color":"","ocean_breadcrumbs_links_color":"","ocean_breadcrumbs_links_hover_color":"","ocean_display_footer_widgets":"default","ocean_display_footer_bottom":"default","ocean_custom_footer_template":"0","omw_enable_modal_window":"enable","osh_disable_topbar_sticky":"default","osh_disable_header_sticky":"default","osh_sticky_header_style":"default","osh_sticky_header_effect":"","osh_custom_sticky_logo":0,"osh_custom_retina_sticky_logo":0,"osh_custom_sticky_logo_height":0,"osh_background_color":"","osh_links_color":"","osh_links_hover_color":"","osh_links_active_color":"","osh_links_bg_color":"","osh_links_hover_bg_color":"","osh_links_active_bg_color":"","osh_menu_social_links_color":"","osh_menu_social_hover_links_color":"","footnotes":""},"class_list":["post-13673","page","type-page","status-publish","has-post-thumbnail","hentry","entry","has-media","owp-thumbs-layout-horizontal","owp-btn-normal","owp-tabs-layout-horizontal","has-no-thumbnails","has-product-nav"],"acf":[],"_links":{"self":[{"href":"https:\/\/milvus.ro\/hu\/wp-json\/wp\/v2\/pages\/13673","targetHints":{"allow":["GET"]}}],"collection":[{"href":"https:\/\/milvus.ro\/hu\/wp-json\/wp\/v2\/pages"}],"about":[{"href":"https:\/\/milvus.ro\/hu\/wp-json\/wp\/v2\/types\/page"}],"author":[{"embeddable":true,"href":"https:\/\/milvus.ro\/hu\/wp-json\/wp\/v2\/users\/2"}],"replies":[{"embeddable":true,"href":"https:\/\/milvus.ro\/hu\/wp-json\/wp\/v2\/comments?post=13673"}],"version-history":[{"count":10,"href":"https:\/\/milvus.ro\/hu\/wp-json\/wp\/v2\/pages\/13673\/revisions"}],"predecessor-version":[{"id":29276,"href":"https:\/\/milvus.ro\/hu\/wp-json\/wp\/v2\/pages\/13673\/revisions\/29276"}],"up":[{"embeddable":true,"href":"https:\/\/milvus.ro\/hu\/wp-json\/wp\/v2\/pages\/17573"}],"wp:featuredmedia":[{"embeddable":true,"href":"https:\/\/milvus.ro\/hu\/wp-json\/wp\/v2\/media\/15420"}],"wp:attachment":[{"href":"https:\/\/milvus.ro\/hu\/wp-json\/wp\/v2\/media?parent=13673"}],"curies":[{"name":"wp","href":"https:\/\/api.w.org\/{rel}","templated":true}]}}