{"id":13582,"date":"2020-09-16T11:18:16","date_gmt":"2020-09-16T09:18:16","guid":{"rendered":"https:\/\/new.milvus.ro\/?page_id=13582"},"modified":"2023-04-19T17:09:38","modified_gmt":"2023-04-19T14:09:38","slug":"program-de-conservare-urs","status":"publish","type":"page","link":"https:\/\/milvus.ro\/hu\/mammals\/program-de-conservare-urs\/","title":{"rendered":"A barna medve kutat\u00e1sa \u00e9s v\u00e9delme egy rom\u00e1niai mintater\u00fcleten"},"content":{"rendered":"<h1 class=\"has-medium-font-size wp-block-heading\">C\u00e9l<\/h1><p>A program a rom\u00e1niai barna medve \u00e1llom\u00e1ny meg\u0151rz\u00e9s\u00e9hez k\u00edv\u00e1n hozz\u00e1j\u00e1rulni egy mintater\u00fclet l\u00e9trehoz\u00e1s\u00e1val, ahol gyakorlati v\u00e9delmi \u00e9s v\u00e9delem-orient\u00e1lt kutat\u00e1si tev\u00e9kenys\u00e9geket folytatunk, m\u00e1shol is alkalmazhat\u00f3 p\u00e9ld\u00e1kat mutatva be.<\/p><h1 class=\"has-medium-font-size wp-block-heading\">Helysz\u00edn<\/h1><p>A program tev\u00e9kenys\u00e9geinek nagy r\u00e9sze k\u00e9t, egym\u00e1s mellett fekv\u0151 mintater\u00fcleten val\u00f3sul meg: egy dombvid\u00e9ken (a G\u00f6rg\u00e9nyi-havasokt\u00f3l nyugatra elter\u00fcl\u0151 dombvid\u00e9k, Maros megye), valamint a G\u00f6rg\u00e9nyi-havasokban (a G\u00f6rg\u00e9ny foly\u00f3t\u00f3l d\u00e9lre, a rom\u00e1niai Keleti K\u00e1rp\u00e1tokban, Maros \u00e9s Hargita megy\u00e9k). Bizonyos tev\u00e9kenys\u00e9geink nincsenek erre a k\u00e9t ter\u00fcletre korl\u00e1tozva.<\/p><figure class=\"wp-block-gallery aligncenter has-nested-images columns-default is-cropped wp-block-gallery-1 is-layout-flex wp-block-gallery-is-layout-flex\"><figure class=\"wp-block-image size-full\"><a href=\"https:\/\/milvus.ro\/wp-content\/uploads\/2020\/09\/Bear-8-1-scaled.jpg\"><img fetchpriority=\"high\" decoding=\"async\" width=\"2560\" height=\"1920\" data-id=\"13595\" src=\"https:\/\/milvus.ro\/wp-content\/uploads\/2020\/09\/Bear-8-1-scaled.jpg\" alt=\"\" class=\"wp-image-13595\" srcset=\"https:\/\/milvus.ro\/wp-content\/uploads\/2020\/09\/Bear-8-1-scaled.jpg 2560w, https:\/\/milvus.ro\/wp-content\/uploads\/2020\/09\/Bear-8-1-scaled-600x450.jpg 600w, https:\/\/milvus.ro\/wp-content\/uploads\/2020\/09\/Bear-8-1-300x225.jpg 300w, https:\/\/milvus.ro\/wp-content\/uploads\/2020\/09\/Bear-8-1-1024x768.jpg 1024w, https:\/\/milvus.ro\/wp-content\/uploads\/2020\/09\/Bear-8-1-768x576.jpg 768w, https:\/\/milvus.ro\/wp-content\/uploads\/2020\/09\/Bear-8-1-1536x1152.jpg 1536w, https:\/\/milvus.ro\/wp-content\/uploads\/2020\/09\/Bear-8-1-2048x1536.jpg 2048w\" sizes=\"(max-width: 2560px) 100vw, 2560px\" \/><\/a><\/figure>\n\n<figure class=\"wp-block-image size-full\"><a href=\"https:\/\/milvus.ro\/wp-content\/uploads\/2020\/09\/Bear-project-areas-1-scaled.jpg\"><img decoding=\"async\" width=\"2560\" height=\"1810\" data-id=\"13598\" src=\"https:\/\/milvus.ro\/wp-content\/uploads\/2020\/09\/Bear-project-areas-1-scaled.jpg\" alt=\"\" class=\"wp-image-13598\" srcset=\"https:\/\/milvus.ro\/wp-content\/uploads\/2020\/09\/Bear-project-areas-1-scaled.jpg 2560w, https:\/\/milvus.ro\/wp-content\/uploads\/2020\/09\/Bear-project-areas-1-scaled-600x424.jpg 600w, https:\/\/milvus.ro\/wp-content\/uploads\/2020\/09\/Bear-project-areas-1-300x212.jpg 300w, https:\/\/milvus.ro\/wp-content\/uploads\/2020\/09\/Bear-project-areas-1-1024x724.jpg 1024w, https:\/\/milvus.ro\/wp-content\/uploads\/2020\/09\/Bear-project-areas-1-768x543.jpg 768w, https:\/\/milvus.ro\/wp-content\/uploads\/2020\/09\/Bear-project-areas-1-1536x1086.jpg 1536w, https:\/\/milvus.ro\/wp-content\/uploads\/2020\/09\/Bear-project-areas-1-2048x1448.jpg 2048w\" sizes=\"(max-width: 2560px) 100vw, 2560px\" \/><\/a><\/figure>\n\n<figure class=\"wp-block-image size-full\"><a href=\"https:\/\/milvus.ro\/wp-content\/uploads\/2020\/09\/Bear-1-1-scaled.jpg\"><img decoding=\"async\" width=\"2560\" height=\"1920\" data-id=\"13586\" src=\"https:\/\/milvus.ro\/wp-content\/uploads\/2020\/09\/Bear-1-1-scaled.jpg\" alt=\"\" class=\"wp-image-13586\" srcset=\"https:\/\/milvus.ro\/wp-content\/uploads\/2020\/09\/Bear-1-1-scaled.jpg 2560w, https:\/\/milvus.ro\/wp-content\/uploads\/2020\/09\/Bear-1-1-scaled-600x450.jpg 600w, https:\/\/milvus.ro\/wp-content\/uploads\/2020\/09\/Bear-1-1-300x225.jpg 300w, https:\/\/milvus.ro\/wp-content\/uploads\/2020\/09\/Bear-1-1-1024x768.jpg 1024w, https:\/\/milvus.ro\/wp-content\/uploads\/2020\/09\/Bear-1-1-768x576.jpg 768w, https:\/\/milvus.ro\/wp-content\/uploads\/2020\/09\/Bear-1-1-1536x1152.jpg 1536w, https:\/\/milvus.ro\/wp-content\/uploads\/2020\/09\/Bear-1-1-2048x1536.jpg 2048w\" sizes=\"(max-width: 2560px) 100vw, 2560px\" \/><\/a><\/figure><\/figure><div style=\"height:20px\" aria-hidden=\"true\" class=\"wp-block-spacer\"><\/div><h1 class=\"has-medium-font-size wp-block-heading\">C\u00e9lkit\u0171z\u00e9sek \u00e9s aktu\u00e1lis tev\u00e9kenys\u00e9gek<\/h1><p><strong>C\u00e9lkit\u0171z\u00e9s 1. A faj t\u00e1rsadalmi elfogadotts\u00e1g\u00e1nak jav\u00edt\u00e1sa<\/strong><\/p><p>Tev\u00e9kenys\u00e9g 1.1. T\u00e1j\u00e9koztat\u00f3 kamp\u00e1nyok folytat\u00e1sa a program c\u00e9lter\u00fcletein \u00e9s azok hat\u00e1rain t\u00fal<\/p><p>Tev\u00e9kenys\u00e9g 1.2. A sajt\u00f3 rendszeres t\u00e1j\u00e9koztat\u00e1sa a programr\u00f3l \u00e9s \u00e1ltal\u00e1ban a medv\u00e9kr\u0151l<\/p><p><strong>C\u00e9lkit\u0171z\u00e9s 2. A fajjal kapcsolatos tudom\u00e1nyos ismeretek b\u0151v\u00edt\u00e9se<\/strong><\/p><p>Tev\u00e9kenys\u00e9g 2.1. Tudom\u00e1nyos ismeretek b\u0151v\u00edt\u00e9se a medv\u00e9k otthonter\u00fcleteir\u0151l, mozg\u00e1s- \u00e9s aktivit\u00e1s-mint\u00e1zatair\u00f3l, \u00e9l\u0151helyhaszn\u00e1lat\u00e1r\u00f3l<\/p><p>Tev\u00e9kenys\u00e9g 2.2. Parazitol\u00f3giai vizsg\u00e1lat<\/p><p>Tev\u00e9kenys\u00e9g 2.3. Medve-orvvad\u00e1szat vizsg\u00e1lata Rom\u00e1ni\u00e1ban<\/p><p>Tev\u00e9kenys\u00e9g 2.4. A program eredm\u00e9nyeinek lek\u00f6zl\u00e9se lektor\u00e1lt foly\u00f3iratokban<\/p><p><strong>C\u00e9lkit\u0171z\u00e9s 3. Megfelel\u0151 \u00e9l\u0151hely biztos\u00edt\u00e1sa a medv\u00e9k sz\u00e1m\u00e1ra<\/strong><\/p><p>Tev\u00e9kenys\u00e9g 3.1. A program c\u00e9lter\u00fcleteit metsz\u0151, tervezett aut\u00f3p\u00e1lya szakaszok negat\u00edv hat\u00e1sainak m\u00e9rs\u00e9kel\u00e9se<\/p><figure class=\"wp-block-gallery aligncenter has-nested-images columns-default is-cropped wp-block-gallery-2 is-layout-flex wp-block-gallery-is-layout-flex\"><figure class=\"wp-block-image size-full\"><a href=\"https:\/\/milvus.ro\/wp-content\/uploads\/2020\/09\/Bear-5-1-scaled.jpg\"><img loading=\"lazy\" decoding=\"async\" width=\"2560\" height=\"1920\" data-id=\"13610\" src=\"https:\/\/milvus.ro\/wp-content\/uploads\/2020\/09\/Bear-5-1-scaled.jpg\" alt=\"\" class=\"wp-image-13610\" srcset=\"https:\/\/milvus.ro\/wp-content\/uploads\/2020\/09\/Bear-5-1-scaled.jpg 2560w, https:\/\/milvus.ro\/wp-content\/uploads\/2020\/09\/Bear-5-1-scaled-600x450.jpg 600w, https:\/\/milvus.ro\/wp-content\/uploads\/2020\/09\/Bear-5-1-300x225.jpg 300w, https:\/\/milvus.ro\/wp-content\/uploads\/2020\/09\/Bear-5-1-1024x768.jpg 1024w, https:\/\/milvus.ro\/wp-content\/uploads\/2020\/09\/Bear-5-1-768x576.jpg 768w, https:\/\/milvus.ro\/wp-content\/uploads\/2020\/09\/Bear-5-1-1536x1152.jpg 1536w, https:\/\/milvus.ro\/wp-content\/uploads\/2020\/09\/Bear-5-1-2048x1536.jpg 2048w\" sizes=\"(max-width: 2560px) 100vw, 2560px\" \/><\/a><\/figure>\n\n<figure class=\"wp-block-image size-full\"><a href=\"https:\/\/milvus.ro\/wp-content\/uploads\/2020\/09\/Bear-6-1-scaled.jpg\"><img loading=\"lazy\" decoding=\"async\" width=\"2560\" height=\"1920\" data-id=\"13616\" src=\"https:\/\/milvus.ro\/wp-content\/uploads\/2020\/09\/Bear-6-1-scaled.jpg\" alt=\"\" class=\"wp-image-13616\" srcset=\"https:\/\/milvus.ro\/wp-content\/uploads\/2020\/09\/Bear-6-1-scaled.jpg 2560w, https:\/\/milvus.ro\/wp-content\/uploads\/2020\/09\/Bear-6-1-scaled-600x450.jpg 600w, https:\/\/milvus.ro\/wp-content\/uploads\/2020\/09\/Bear-6-1-300x225.jpg 300w, https:\/\/milvus.ro\/wp-content\/uploads\/2020\/09\/Bear-6-1-1024x768.jpg 1024w, https:\/\/milvus.ro\/wp-content\/uploads\/2020\/09\/Bear-6-1-768x576.jpg 768w, https:\/\/milvus.ro\/wp-content\/uploads\/2020\/09\/Bear-6-1-1536x1152.jpg 1536w, https:\/\/milvus.ro\/wp-content\/uploads\/2020\/09\/Bear-6-1-2048x1536.jpg 2048w\" sizes=\"(max-width: 2560px) 100vw, 2560px\" \/><\/a><\/figure>\n\n<figure class=\"wp-block-image size-full\"><a href=\"https:\/\/milvus.ro\/wp-content\/uploads\/2020\/09\/Bear-3-1-scaled.jpg\"><img decoding=\"async\" data-id=\"21496\" src=\"https:\/\/milvus.ro\/wp-content\/uploads\/2020\/09\/Bear-3-1-scaled.jpg\" alt=\"\" class=\"wp-image-21496\"\/><\/a><\/figure><\/figure><div style=\"height:20px\" aria-hidden=\"true\" class=\"wp-block-spacer\"><\/div><h1 class=\"has-medium-font-size wp-block-heading\">N\u00e9h\u00e1ny eredm\u00e9ny\u00fcnk<\/h1><ul class=\"wp-block-list\"><li>6 \u00faj v\u00e9dett ter\u00fclet (Natura 2000) kijel\u00f6l\u00e9se barna medv\u00e9k (\u00e9s egy\u00e9b, k\u00f6z\u00f6ss\u00e9gi jelent\u0151s\u00e9g\u0171 fajok \u00e9s \u00e9l\u0151helyek) sz\u00e1m\u00e1ra, az EU \u00c9l\u0151helyv\u00e9delmi Ir\u00e1nyelve alapj\u00e1n, \u00f6sszesen 104889 hekt\u00e1ron (ROSCI0297, ROSCI0303, ROSCI0304, ROSCI0327, ROSCI0352, ROSCI0357)<\/li>\n\n<li>44 medvebocs megmentve (2011-t\u0151l) a Vets4Wild-al \u00e9s helyi vadgazd\u00e1lkod\u00f3kkal k\u00f6z\u00f6sen \u00e9s \u00e1tadva a Hagym\u00e1s-hegys\u00e9gben m\u0171k\u00f6d\u0151 \u00c1rva Medvebocs Rehabilit\u00e1l\u00f3 K\u00f6zpontnak (2 tov\u00e1bbi medvebocsot k\u00e9nytelenek voltak elaltatni)<\/li>\n\n<li>14 medve kimentve orvvad\u00e1szok hurkaib\u00f3l (2011-t\u0151l) a Vets4Wild-al \u00e9s helyi vadgazd\u00e1lkod\u00f3kkal k\u00f6z\u00f6sen (1 tov\u00e1bbi medv\u00e9t hurokban elpusztulva tal\u00e1ltunk meg)<\/li>\n\n<li>125 medvebarlang \u00e9s 13 ny\u00edlt f\u00e9szek felt\u00e9rk\u00e9pezve \u00e9s lem\u00e9rve (2008-t\u00f3l), helyi vadgazd\u00e1lkod\u00f3k seg\u00edts\u00e9g\u00e9vel<\/li>\n\n<li>211 \u00fcr\u00fcl\u00e9k (szabadb\u00f3l begy\u0171jtve) \u00e9s 43 lel\u0151tt medve (vadgazd\u00e1lkod\u00f3k \u00e1ltal \u00e1tadott) parazitol\u00f3giai vizsg\u00e1lata (2011-2016), a Vets4Wild-al k\u00f6z\u00f6sen<\/li>\n\n<li>genetikai mint\u00e1k begy\u0171jtve t\u00f6bb, mint 150 k\u00fcl\u00f6nb\u00f6z\u0151 egyedt\u0151l (2008 \u00f3ta), r\u00e9szben helyi vadgazd\u00e1lkod\u00f3kkal k\u00f6z\u00f6sen<\/li>\n\n<li>8 habitu\u00e1lt (emberhez szokott) medve sikeres \u00e1thelyez\u00e9se (2011 \u00f3ta), helyi vadgazd\u00e1lkod\u00f3kkal \u00e9s a Vet4Wild-al k\u00f6z\u00f6sen<\/li>\n\n<li>35 medve GPS-GSM nyak\u00f6rvekkel ell\u00e1tva (2011 \u00f3ta), helyi vadgazd\u00e1lkod\u00f3kkal \u00e9s a Vets4Wild-al k\u00f6z\u00f6sen<\/li>\n\n<li>folyamatosan b\u0151v\u00fcl\u0151 adatb\u00e1zis a tervezett Marosv\u00e1s\u00e1rhely-J\u00e1szv\u00e1ros aut\u00f3p\u00e1lya nyomvonal\u00e1nak (Marosv\u00e1s\u00e1rhely-Gyergy\u00f3ditr\u00f3 \u00e9s Gyergy\u00f3ditr\u00f3-N\u00e9metv\u00e1s\u00e1r szakaszok) medv\u00e9k \u00e1ltali haszn\u00e1lat\u00e1r\u00f3l: nyomoz\u00e1sos adatok (mindk\u00e9t szakaszr\u00f3l), sz\u0151rcsapd\u00e1z\u00e1sb\u00f3l sz\u00e1rmaz\u00f3 genetikai adatok (Gyergy\u00f3ditr\u00f3-N\u00e9metv\u00e1s\u00e1r szakasz), r\u00e1di\u00f3telemetri\u00e1s adatok (Marosv\u00e1s\u00e1rhely-Gyergy\u00f3ditr\u00f3 szakasz)<\/li>\n\n<li>t\u00f6bb sajt\u00f3s szerepl\u00e9s az elm\u00falt \u00e9vek sor\u00e1n. N\u00e9h\u00e1ny p\u00e9lda: BalkanInsight, Guardian, Smithsonian, YaleEnvironment360, Nat Geo Wild France, Arte<\/li><\/ul><figure class=\"wp-block-gallery aligncenter has-nested-images columns-default is-cropped wp-block-gallery-3 is-layout-flex wp-block-gallery-is-layout-flex\"><figure class=\"wp-block-image size-full\"><a href=\"https:\/\/milvus.ro\/wp-content\/uploads\/2020\/09\/Bear-2-1-scaled.jpg\"><img loading=\"lazy\" decoding=\"async\" width=\"2560\" height=\"1920\" data-id=\"13623\" src=\"https:\/\/milvus.ro\/wp-content\/uploads\/2020\/09\/Bear-2-1-scaled.jpg\" alt=\"\" class=\"wp-image-13623\" srcset=\"https:\/\/milvus.ro\/wp-content\/uploads\/2020\/09\/Bear-2-1-scaled.jpg 2560w, https:\/\/milvus.ro\/wp-content\/uploads\/2020\/09\/Bear-2-1-scaled-600x450.jpg 600w, https:\/\/milvus.ro\/wp-content\/uploads\/2020\/09\/Bear-2-1-300x225.jpg 300w, https:\/\/milvus.ro\/wp-content\/uploads\/2020\/09\/Bear-2-1-1024x768.jpg 1024w, https:\/\/milvus.ro\/wp-content\/uploads\/2020\/09\/Bear-2-1-768x576.jpg 768w, https:\/\/milvus.ro\/wp-content\/uploads\/2020\/09\/Bear-2-1-1536x1152.jpg 1536w, https:\/\/milvus.ro\/wp-content\/uploads\/2020\/09\/Bear-2-1-2048x1536.jpg 2048w\" sizes=\"(max-width: 2560px) 100vw, 2560px\" \/><\/a><\/figure>\n\n<figure class=\"wp-block-image size-full\"><a href=\"https:\/\/milvus.ro\/wp-content\/uploads\/2020\/09\/Bear-7-1-scaled.jpg\"><img loading=\"lazy\" decoding=\"async\" width=\"2560\" height=\"1920\" data-id=\"13635\" src=\"https:\/\/milvus.ro\/wp-content\/uploads\/2020\/09\/Bear-7-1-scaled.jpg\" alt=\"\" class=\"wp-image-13635\" srcset=\"https:\/\/milvus.ro\/wp-content\/uploads\/2020\/09\/Bear-7-1-scaled.jpg 2560w, https:\/\/milvus.ro\/wp-content\/uploads\/2020\/09\/Bear-7-1-scaled-600x450.jpg 600w, https:\/\/milvus.ro\/wp-content\/uploads\/2020\/09\/Bear-7-1-300x225.jpg 300w, https:\/\/milvus.ro\/wp-content\/uploads\/2020\/09\/Bear-7-1-1024x768.jpg 1024w, https:\/\/milvus.ro\/wp-content\/uploads\/2020\/09\/Bear-7-1-768x576.jpg 768w, https:\/\/milvus.ro\/wp-content\/uploads\/2020\/09\/Bear-7-1-1536x1152.jpg 1536w, https:\/\/milvus.ro\/wp-content\/uploads\/2020\/09\/Bear-7-1-2048x1536.jpg 2048w\" sizes=\"(max-width: 2560px) 100vw, 2560px\" \/><\/a><\/figure>\n\n<figure class=\"wp-block-image size-full\"><a href=\"https:\/\/milvus.ro\/wp-content\/uploads\/2020\/09\/Bear-4-1-scaled.jpg\"><img loading=\"lazy\" decoding=\"async\" width=\"2560\" height=\"1920\" data-id=\"13629\" src=\"https:\/\/milvus.ro\/wp-content\/uploads\/2020\/09\/Bear-4-1-scaled.jpg\" alt=\"\" class=\"wp-image-13629\" srcset=\"https:\/\/milvus.ro\/wp-content\/uploads\/2020\/09\/Bear-4-1-scaled.jpg 2560w, https:\/\/milvus.ro\/wp-content\/uploads\/2020\/09\/Bear-4-1-scaled-600x450.jpg 600w, https:\/\/milvus.ro\/wp-content\/uploads\/2020\/09\/Bear-4-1-300x225.jpg 300w, https:\/\/milvus.ro\/wp-content\/uploads\/2020\/09\/Bear-4-1-1024x768.jpg 1024w, https:\/\/milvus.ro\/wp-content\/uploads\/2020\/09\/Bear-4-1-768x576.jpg 768w, https:\/\/milvus.ro\/wp-content\/uploads\/2020\/09\/Bear-4-1-1536x1152.jpg 1536w, https:\/\/milvus.ro\/wp-content\/uploads\/2020\/09\/Bear-4-1-2048x1536.jpg 2048w\" sizes=\"(max-width: 2560px) 100vw, 2560px\" \/><\/a><\/figure><\/figure><div style=\"height:20px\" aria-hidden=\"true\" class=\"wp-block-spacer\"><\/div><h1 class=\"has-medium-font-size wp-block-heading\">Lektor\u00e1lt cikkek a program hozz\u00e1j\u00e1rul\u00e1s\u00e1val<\/h1><p>Faure U*, <strong>Domokos C<\/strong>*, Leriche A, and Cristescu B. 2020. Brown bear den characteristics and selection in eastern Transylvania, Romania. Journal of Mammalogy 101(4):1177\u20131188. (DOI: 10.1093\/jmammal\/gyaa047) [* shared first authorship] [<a href=\"https:\/\/academic.oup.com\/jmammal\/article\/101\/4\/1177\/5837915\" target=\"_blank\" rel=\"noreferrer noopener\">link<\/a>]<\/p><p>Cristescu B, <strong>Domokos C<\/strong>, Teichman KJ, and Nielsen SE. 2019. Large carnivore habitat suitability modelling for Romania and associated predictions for protected areas. PeerJ 7:e6549. (DOI: 10.7717\/peerj.6549) [<a href=\"https:\/\/peerj.com\/articles\/6549\/#fig-5\" target=\"_blank\" rel=\"noreferrer noopener\">link<\/a>]<\/p><p>Borka-Vit\u00e1lis L, <strong>Domokos C<\/strong>, F\u00f6ldv\u00e1ri G, and Majoros G. 2017. Endoparasites of brown bears in Eastern Transylvania, Romania. Ursus 28(1):20-30 (DOI: 10.2192\/URSUS-D-16-00015.1) [<a href=\"http:\/\/www.bioone.org\/doi\/abs\/10.2192\/URSU-D-16-00015.1\">link<\/a>]<\/p><p>NoNowak C, <strong>Domokos C<\/strong>, Dutsov A, and Frosch C. 2014. Molecular evidence for historic long-distance translocations of brown bears in the Balkan region. Conservation Genetics 15(3):743-747 (DOI: 10.1007\/s10592-014-0570-7)[<a href=\"https:\/\/link.springer.com\/article\/10.1007\/s10592-014-0570-7\" target=\"_blank\" rel=\"noreferrer noopener\">link<\/a>]<\/p><h1 class=\"has-medium-font-size wp-block-heading\">T\u00e1mogat\u00f3k<\/h1><p><strong>Jelenlegi<\/strong><\/p><p><a href=\"http:\/\/www.bearsinmind.org\/\" target=\"_blank\" rel=\"noreferrer noopener\">Bears in Mind<\/a><\/p><p><a href=\"http:\/\/www.bernd-thies.org\/\" target=\"_blank\" rel=\"noreferrer noopener\">Bernd Thies Foundation<\/a><\/p><p><strong>Lej\u00e1rt<\/strong><\/p><p><a href=\"https:\/\/www.columbuszoo.org\/\" target=\"_blank\" rel=\"noreferrer noopener\">Columbus Zoo and Aquarium<\/a><\/p><p><a href=\"https:\/\/www.euronatur.org\/\" target=\"_blank\" rel=\"noreferrer noopener\">EuroNatur<\/a><\/p><p><a href=\"https:\/\/www.fzs.org\/en\/\" target=\"_blank\" rel=\"noreferrer noopener\">Frankfurt Zoological Society&nbsp;<\/a><\/p><p><a href=\"http:\/\/www.nandoperettifound.org\/en\/page.php\" target=\"_blank\" rel=\"noreferrer noopener\">The Nando Peretti Foundation<\/a><\/p><p><a href=\"http:\/\/www.bearbiology.com\/\" target=\"_blank\" rel=\"noreferrer noopener\">International Association for Bear Research and Management (IBA)<\/a><\/p><p><a href=\"http:\/\/romania.nlembassy.org\/\" target=\"_blank\" rel=\"noreferrer noopener\">Matra-Knipp Programme, Netherlands Embassy in Bucharest<\/a><\/p><figure class=\"wp-block-gallery aligncenter has-nested-images columns-default wp-block-gallery-4 is-layout-flex wp-block-gallery-is-layout-flex\"><figure class=\"wp-block-image size-medium\"><img loading=\"lazy\" decoding=\"async\" width=\"300\" height=\"252\" data-id=\"38639\" src=\"https:\/\/milvus.ro\/wp-content\/uploads\/2023\/04\/bears-in-mind-logo-300x252.png\" alt=\"\" class=\"wp-image-38639\" srcset=\"https:\/\/milvus.ro\/wp-content\/uploads\/2023\/04\/bears-in-mind-logo-300x252.png 300w, https:\/\/milvus.ro\/wp-content\/uploads\/2023\/04\/bears-in-mind-logo-600x503.png 600w, https:\/\/milvus.ro\/wp-content\/uploads\/2023\/04\/bears-in-mind-logo-1024x859.png 1024w, https:\/\/milvus.ro\/wp-content\/uploads\/2023\/04\/bears-in-mind-logo-768x644.png 768w, https:\/\/milvus.ro\/wp-content\/uploads\/2023\/04\/bears-in-mind-logo-1536x1289.png 1536w, https:\/\/milvus.ro\/wp-content\/uploads\/2023\/04\/bears-in-mind-logo.png 1716w\" sizes=\"(max-width: 300px) 100vw, 300px\" \/><\/figure>\n\n<figure class=\"wp-block-image size-medium\"><img loading=\"lazy\" decoding=\"async\" width=\"300\" height=\"194\" data-id=\"13640\" src=\"https:\/\/milvus.ro\/wp-content\/uploads\/2020\/09\/bernd_thies_stiftung-300x194.jpg\" alt=\"\" class=\"wp-image-13640\" srcset=\"https:\/\/milvus.ro\/wp-content\/uploads\/2020\/09\/bernd_thies_stiftung-300x194.jpg 300w, https:\/\/milvus.ro\/wp-content\/uploads\/2020\/09\/bernd_thies_stiftung.jpg 313w\" sizes=\"(max-width: 300px) 100vw, 300px\" \/><\/figure>\n\n<figure class=\"wp-block-image size-medium\"><img loading=\"lazy\" decoding=\"async\" width=\"300\" height=\"188\" data-id=\"13643\" src=\"https:\/\/milvus.ro\/wp-content\/uploads\/2020\/09\/Zoo-Logo-New-4-color-JPEG-300x188-1.jpg\" alt=\"\" class=\"wp-image-13643\"\/><\/figure><\/figure><p class=\"has-text-align-right has-text-color has-small-font-size\" style=\"color:#7f7f7f\">Cover photo: Kinga Mihaly<\/p>","protected":false},"excerpt":{"rendered":"C\u00e9lA program a rom\u00e1niai barna medve \u00e1llom\u00e1ny meg\u0151rz\u00e9s\u00e9hez k\u00edv\u00e1n hozz\u00e1j\u00e1rulni egy mintater\u00fclet l\u00e9trehoz\u00e1s\u00e1val, ahol gyakorlati v\u00e9delmi \u00e9s v\u00e9delem-orient\u00e1lt kutat\u00e1si tev\u00e9kenys\u00e9geket folytatunk, m\u00e1shol is alkalmazhat\u00f3 p\u00e9ld\u00e1kat mutatva be.Helysz\u00ednA program tev\u00e9kenys\u00e9geinek nagy r\u00e9sze k\u00e9t, egym\u00e1s mellett fekv\u0151 mintater\u00fcleten val\u00f3sul meg: egy dombvid\u00e9ken (a G\u00f6rg\u00e9nyi-havasokt\u00f3l nyugatra elter\u00fcl\u0151 dombvid\u00e9k, Maros megye), valamint a G\u00f6rg\u00e9nyi-havasokban (a G\u00f6rg\u00e9ny foly\u00f3t\u00f3l d\u00e9lre, a [&hellip;]","protected":false},"author":2,"featured_media":939,"parent":17573,"menu_order":0,"comment_status":"closed","ping_status":"closed","template":"","meta":{"_acf_changed":false,"_eb_attr":"","ocean_post_layout":"right-sidebar","ocean_both_sidebars_style":"","ocean_both_sidebars_content_width":0,"ocean_both_sidebars_sidebars_width":0,"ocean_sidebar":"ocs-urs-brun","ocean_second_sidebar":"0","ocean_disable_margins":"enable","ocean_add_body_class":"","ocean_shortcode_before_top_bar":"","ocean_shortcode_after_top_bar":"","ocean_shortcode_before_header":"","ocean_shortcode_after_header":"[oceanwp_library id=\"18273\"]","ocean_has_shortcode":"","ocean_shortcode_after_title":"","ocean_shortcode_before_footer_widgets":"","ocean_shortcode_after_footer_widgets":"","ocean_shortcode_before_footer_bottom":"","ocean_shortcode_after_footer_bottom":"","ocean_display_top_bar":"default","ocean_display_header":"default","ocean_header_style":"","ocean_center_header_left_menu":"0","ocean_custom_header_template":"0","ocean_custom_logo":0,"ocean_custom_retina_logo":0,"ocean_custom_logo_max_width":0,"ocean_custom_logo_tablet_max_width":0,"ocean_custom_logo_mobile_max_width":0,"ocean_custom_logo_max_height":0,"ocean_custom_logo_tablet_max_height":0,"ocean_custom_logo_mobile_max_height":0,"ocean_header_custom_menu":"0","ocean_menu_typo_font_family":"0","ocean_menu_typo_font_subset":"","ocean_menu_typo_font_size":0,"ocean_menu_typo_font_size_tablet":0,"ocean_menu_typo_font_size_mobile":0,"ocean_menu_typo_font_size_unit":"px","ocean_menu_typo_font_weight":"","ocean_menu_typo_font_weight_tablet":"","ocean_menu_typo_font_weight_mobile":"","ocean_menu_typo_transform":"","ocean_menu_typo_transform_tablet":"","ocean_menu_typo_transform_mobile":"","ocean_menu_typo_line_height":0,"ocean_menu_typo_line_height_tablet":0,"ocean_menu_typo_line_height_mobile":0,"ocean_menu_typo_line_height_unit":"","ocean_menu_typo_spacing":0,"ocean_menu_typo_spacing_tablet":0,"ocean_menu_typo_spacing_mobile":0,"ocean_menu_typo_spacing_unit":"","ocean_menu_link_color":"","ocean_menu_link_color_hover":"","ocean_menu_link_color_active":"","ocean_menu_link_background":"","ocean_menu_link_hover_background":"","ocean_menu_link_active_background":"","ocean_menu_social_links_bg":"","ocean_menu_social_hover_links_bg":"","ocean_menu_social_links_color":"","ocean_menu_social_hover_links_color":"","ocean_disable_title":"default","ocean_disable_heading":"default","ocean_post_title":"","ocean_post_subheading":"","ocean_post_title_style":"background-image","ocean_post_title_background_color":"","ocean_post_title_background":29816,"ocean_post_title_bg_image_position":"bottom center","ocean_post_title_bg_image_attachment":"fixed","ocean_post_title_bg_image_repeat":"no-repeat","ocean_post_title_bg_image_size":"cover","ocean_post_title_height":550,"ocean_post_title_bg_overlay":0.2,"ocean_post_title_bg_overlay_color":"#000000","ocean_disable_breadcrumbs":"default","ocean_breadcrumbs_color":"","ocean_breadcrumbs_separator_color":"","ocean_breadcrumbs_links_color":"","ocean_breadcrumbs_links_hover_color":"","ocean_display_footer_widgets":"default","ocean_display_footer_bottom":"default","ocean_custom_footer_template":"0","omw_enable_modal_window":"enable","osh_disable_topbar_sticky":"default","osh_disable_header_sticky":"default","osh_sticky_header_style":"default","osh_sticky_header_effect":"","osh_custom_sticky_logo":0,"osh_custom_retina_sticky_logo":0,"osh_custom_sticky_logo_height":0,"osh_background_color":"","osh_links_color":"","osh_links_hover_color":"","osh_links_active_color":"","osh_links_bg_color":"","osh_links_hover_bg_color":"","osh_links_active_bg_color":"","osh_menu_social_links_color":"","osh_menu_social_hover_links_color":"","footnotes":""},"class_list":["post-13582","page","type-page","status-publish","has-post-thumbnail","hentry","entry","has-media","owp-thumbs-layout-horizontal","owp-btn-normal","owp-tabs-layout-horizontal","has-no-thumbnails","has-product-nav"],"acf":[],"_links":{"self":[{"href":"https:\/\/milvus.ro\/hu\/wp-json\/wp\/v2\/pages\/13582","targetHints":{"allow":["GET"]}}],"collection":[{"href":"https:\/\/milvus.ro\/hu\/wp-json\/wp\/v2\/pages"}],"about":[{"href":"https:\/\/milvus.ro\/hu\/wp-json\/wp\/v2\/types\/page"}],"author":[{"embeddable":true,"href":"https:\/\/milvus.ro\/hu\/wp-json\/wp\/v2\/users\/2"}],"replies":[{"embeddable":true,"href":"https:\/\/milvus.ro\/hu\/wp-json\/wp\/v2\/comments?post=13582"}],"version-history":[{"count":5,"href":"https:\/\/milvus.ro\/hu\/wp-json\/wp\/v2\/pages\/13582\/revisions"}],"predecessor-version":[{"id":38645,"href":"https:\/\/milvus.ro\/hu\/wp-json\/wp\/v2\/pages\/13582\/revisions\/38645"}],"up":[{"embeddable":true,"href":"https:\/\/milvus.ro\/hu\/wp-json\/wp\/v2\/pages\/17573"}],"wp:featuredmedia":[{"embeddable":true,"href":"https:\/\/milvus.ro\/hu\/wp-json\/wp\/v2\/media\/939"}],"wp:attachment":[{"href":"https:\/\/milvus.ro\/hu\/wp-json\/wp\/v2\/media?parent=13582"}],"curies":[{"name":"wp","href":"https:\/\/api.w.org\/{rel}","templated":true}]}}