{"id":1266,"date":"2020-07-27T17:01:19","date_gmt":"2020-07-27T14:01:19","guid":{"rendered":"https:\/\/new.milvus.ro\/nyilt-elohelyek-ejszakai-madarainak-monitoringja\/"},"modified":"2025-02-27T14:14:30","modified_gmt":"2025-02-27T12:14:30","slug":"programul-de-monitorizare-a-speciilor-nocturne-din-habitate-deschise-si-semideschise","status":"publish","type":"page","link":"https:\/\/milvus.ro\/hu\/monitoring\/programul-de-monitorizare-a-speciilor-nocturne-din-habitate-deschise-si-semideschise\/","title":{"rendered":"Ny\u00edlt \u00e9l\u0151helyek \u00e9jszakai madarainak monitoringja"},"content":{"rendered":"\t\t<div data-elementor-type=\"wp-page\" data-elementor-id=\"1266\" class=\"elementor elementor-1266 elementor-1261\">\n\t\t\t\t\t\t<section class=\"elementor-section elementor-top-section elementor-element elementor-element-35421031 elementor-section-boxed elementor-section-height-default elementor-section-height-default\" data-id=\"35421031\" data-element_type=\"section\">\n\t\t\t\t\t\t<div class=\"elementor-container elementor-column-gap-default\">\n\t\t\t\t\t<div class=\"elementor-column elementor-col-100 elementor-top-column elementor-element elementor-element-67fe48f5\" data-id=\"67fe48f5\" data-element_type=\"column\">\n\t\t\t<div class=\"elementor-widget-wrap elementor-element-populated\">\n\t\t\t\t\t\t<div class=\"elementor-element elementor-element-6cfd00cb elementor-widget elementor-widget-text-editor\" data-id=\"6cfd00cb\" data-element_type=\"widget\" data-widget_type=\"text-editor.default\">\n\t\t\t\t<div class=\"elementor-widget-container\">\n\t\t\t\t\t\t\t<p><\/p>\n<p><strong>C\u00e9lfaj:<\/strong> ny\u00edlt \u00e9l\u0151helyeken k\u00f6lt\u0151 \u00e9jjel akt\u00edv mad\u00e1rfajok<\/p>\n<p><strong>Id\u0151szak:<\/strong> m\u00e1jus 20 \u2013 j\u00fanius 10<\/p>\n<p><strong>Felk\u00e9sz\u00fclts\u00e9gi szint:<\/strong> halad\u00f3, mad\u00e1rhangok alapos ismerete<\/p>\n<p><strong>Felm\u00e9r\u00e9shez sz\u00fcks\u00e9ges szem\u00e9lyek sz\u00e1ma:<\/strong> aj\u00e1nlott min. 2 szem\u00e9ly<\/p>\n<p><strong>Sz\u00fcks\u00e9ges felszerel\u00e9s:<\/strong> mobiltelefon (android), t\u00e1vcs\u0151, legt\u00f6bb esetben terepj\u00e1r\u00f3<\/p>\n<p><strong>Helysz\u00edn:<\/strong> 10x10km-es n\u00e9gyzetekben kijel\u00f6lt 20 megfigyel\u0151 pont<\/p>\n<h2>M\u00f3dszertan r\u00f6vid le\u00edr\u00e1sa<\/h2>\n<p>A felm\u00e9r\u00e9s c\u00e9lja a ny\u00edlt \u00e9l\u0151helyeken f\u00e9szkel\u0151 \u00e9jjeli madarak felm\u00e9r\u00e9se \u00e9s az \u00e1llom\u00e1ny v\u00e1ltoz\u00e1s nyomon k\u00f6vet\u00e9se. Mivel ezek a fajok legnagyobb r\u00e9szben \u00e9jjel akt\u00edvak, a felm\u00e9r\u00e9st \u00e9jszaka kell elv\u00e9gezni, alkonyatt\u00f3l\u00a0 hajnalig. A 20, el\u00f6re meghat\u00e1rozott megfigyel\u0151pontb\u00f3l k\u00f6telez\u0151 m\u00f3don 10-et kell felm\u00e9rni, de amennyiben lehets\u00e9ges aj\u00e1nlott elv\u00e9gezni a megfigyel\u00e9st minden ponton. Abban az esetben, ha el\u0151sz\u00f6r v\u00e9gezz\u00fck a felm\u00e9r\u00e9st k\u00f6telez\u0151en, de minden esetben aj\u00e1nlott, egy nappali bej\u00e1r\u00e1st v\u00e9gezni, hogy megbizonyosodjunk a pontok el\u00e9rhet\u0151s\u00e9g\u00e9r\u0151l. A felm\u00e9r\u00e9s id\u0151tartama alatt minden megfigyel\u0151 ponton 5 percet kell tart\u00f3zkodni \u00e9s ezalatt feljegyezni az \u00e9szlelt egyedeket az \u00e9szlel\u00e9s pontos hely\u00e9n. Az \u00e9jszakai k\u00f6r\u00fclm\u00e9nyek miatt az egyedeket szinte kiz\u00e1r\u00f3lag hangr\u00f3l lehet \u00e9szlelni, emiatt fontos, hogy a megfigyel\u00e9s id\u0151tartama alatt teljes csendben tart\u00f3zkodjunk a ponton.<\/p>\n<p>Az adatokat az <a href=\"https:\/\/openbiomaps.org\/\">OpenBioMaps<\/a> applik\u00e1ci\u00f3 seg\u00edts\u00e9g\u00e9vel r\u00f6gz\u00edtj\u00fck, egy speci\u00e1lis kit\u00f6lt\u0151\u00edvbe. A c\u00e9lfajok mellet, minden \u00e9szlelt fajt fel kell jegyezni a megfigyel\u0151 pontokon.<\/p>\n<p>A r\u00e9szletes m\u00f3dszertan <a href=\"https:\/\/milvus.ro\/wp-content\/uploads\/2025\/02\/Protocol-de-monitorizare-a-speciilor-nocturne-din-habitate-deschise-si-semideschise.pdf\"><strong>itt<\/strong><\/a> let\u00f6lthet\u0151 (RO).<\/p>\n<h2><b>Eredm\u00e9nyek<\/b><\/h2>\n<p><a href=\"https:\/\/milvus.ro\/hu\/ejjeli-madarakat-szamlaltunk\/\"><b>2023<\/b><\/a><br \/><a href=\"https:\/\/milvus.ro\/hu\/nyilt-elohelyek-ejszakai-madarainak-felmerese-2022-ben\/\"><b>2022<\/b><\/a><br \/><a href=\"https:\/\/milvus.ro\/wp-content\/uploads\/2018\/03\/Kovacs-Monitorizare-specii-nocturne.pdf\"><b>2017<\/b><\/a><b> (rom\u00e1n nyelven)<\/b><\/p>\n<h2><strong>Kapcsolat<\/strong><\/h2>\n<p>Papp Edg\u00e1r, <a href=\"mailto:edg&#97;r&#46;&#112;ap&#112;&#64;&#109;&#105;lvu&#115;&#46;&#114;o\">&#101;&#100;&#103;&#97;r&#46;&#112;ap&#112;&#64;mil&#118;u&#115;&#46;ro<\/a><\/p>\n<p><\/p>\n<p><\/p>\n<p>\u00a0<\/p>\n<p><\/p>\n<p><\/p>\n<figure>\n<figure id=\"attachment_35585\" aria-describedby=\"caption-attachment-35585\" style=\"width: 1753px\" class=\"wp-caption alignnone\"><a href=\"https:\/\/milvus.ro\/wp-content\/uploads\/2022\/05\/Programul-de-monitorizare-a-speciilor-nocturne-din-habitate-deschise-si-semideschise-2.jpg\"><img fetchpriority=\"high\" decoding=\"async\" src=\"https:\/\/milvus.ro\/wp-content\/uploads\/2022\/05\/Programul-de-monitorizare-a-speciilor-nocturne-din-habitate-deschise-si-semideschise-2.jpg\" alt=\"\" width=\"1753\" height=\"1240\" \/><\/a><figcaption id=\"caption-attachment-35585\" class=\"wp-caption-text\">A program keret\u00e9n bel\u00fcl felm\u00e9rt n\u00e9gyzetek<\/figcaption><\/figure>\n<\/figure>\n<p><\/p>\n<p><\/p>\n<p>\u00a0<\/p>\n<p><\/p>\n<p><\/p>\n<p>\u00a0<\/p>\n<p><\/p>\n<p><\/p>\n<figure><\/figure>\n<p><\/p>\t\t\t\t\t\t<\/div>\n\t\t\t\t<\/div>\n\t\t\t\t\t<\/div>\n\t\t<\/div>\n\t\t\t\t\t<\/div>\n\t\t<\/section>\n\t\t\t\t<\/div>\n\t\t","protected":false},"excerpt":{"rendered":"C\u00e9lfaj: ny\u00edlt \u00e9l\u0151helyeken k\u00f6lt\u0151 \u00e9jjel akt\u00edv mad\u00e1rfajok Id\u0151szak: m\u00e1jus 20 \u2013 j\u00fanius 10 Felk\u00e9sz\u00fclts\u00e9gi szint: halad\u00f3, mad\u00e1rhangok alapos ismerete Felm\u00e9r\u00e9shez sz\u00fcks\u00e9ges szem\u00e9lyek sz\u00e1ma: aj\u00e1nlott min. 2 szem\u00e9ly Sz\u00fcks\u00e9ges felszerel\u00e9s: mobiltelefon (android), t\u00e1vcs\u0151, legt\u00f6bb esetben terepj\u00e1r\u00f3 Helysz\u00edn: 10x10km-es n\u00e9gyzetekben kijel\u00f6lt 20 megfigyel\u0151 pont M\u00f3dszertan r\u00f6vid le\u00edr\u00e1sa A felm\u00e9r\u00e9s c\u00e9lja a ny\u00edlt \u00e9l\u0151helyeken f\u00e9szkel\u0151 \u00e9jjeli madarak felm\u00e9r\u00e9se [&hellip;]","protected":false},"author":2,"featured_media":1264,"parent":17587,"menu_order":0,"comment_status":"closed","ping_status":"closed","template":"","meta":{"_acf_changed":false,"_eb_attr":"","ocean_post_layout":"left-sidebar","ocean_both_sidebars_style":"","ocean_both_sidebars_content_width":0,"ocean_both_sidebars_sidebars_width":0,"ocean_sidebar":"ocs-monitoring-menu","ocean_second_sidebar":"0","ocean_disable_margins":"enable","ocean_add_body_class":"","ocean_shortcode_before_top_bar":"","ocean_shortcode_after_top_bar":"","ocean_shortcode_before_header":"","ocean_shortcode_after_header":"","ocean_has_shortcode":"","ocean_shortcode_after_title":"","ocean_shortcode_before_footer_widgets":"","ocean_shortcode_after_footer_widgets":"","ocean_shortcode_before_footer_bottom":"","ocean_shortcode_after_footer_bottom":"","ocean_display_top_bar":"default","ocean_display_header":"default","ocean_header_style":"","ocean_center_header_left_menu":"0","ocean_custom_header_template":"0","ocean_custom_logo":0,"ocean_custom_retina_logo":0,"ocean_custom_logo_max_width":0,"ocean_custom_logo_tablet_max_width":0,"ocean_custom_logo_mobile_max_width":0,"ocean_custom_logo_max_height":0,"ocean_custom_logo_tablet_max_height":0,"ocean_custom_logo_mobile_max_height":0,"ocean_header_custom_menu":"0","ocean_menu_typo_font_family":"0","ocean_menu_typo_font_subset":"","ocean_menu_typo_font_size":0,"ocean_menu_typo_font_size_tablet":0,"ocean_menu_typo_font_size_mobile":0,"ocean_menu_typo_font_size_unit":"px","ocean_menu_typo_font_weight":"","ocean_menu_typo_font_weight_tablet":"","ocean_menu_typo_font_weight_mobile":"","ocean_menu_typo_transform":"","ocean_menu_typo_transform_tablet":"","ocean_menu_typo_transform_mobile":"","ocean_menu_typo_line_height":0,"ocean_menu_typo_line_height_tablet":0,"ocean_menu_typo_line_height_mobile":0,"ocean_menu_typo_line_height_unit":"","ocean_menu_typo_spacing":0,"ocean_menu_typo_spacing_tablet":0,"ocean_menu_typo_spacing_mobile":0,"ocean_menu_typo_spacing_unit":"","ocean_menu_link_color":"","ocean_menu_link_color_hover":"","ocean_menu_link_color_active":"","ocean_menu_link_background":"","ocean_menu_link_hover_background":"","ocean_menu_link_active_background":"","ocean_menu_social_links_bg":"","ocean_menu_social_hover_links_bg":"","ocean_menu_social_links_color":"","ocean_menu_social_hover_links_color":"","ocean_disable_title":"enable","ocean_disable_heading":"enable","ocean_post_title":"","ocean_post_subheading":"","ocean_post_title_style":"background-image","ocean_post_title_background_color":"","ocean_post_title_background":35591,"ocean_post_title_bg_image_position":"center center","ocean_post_title_bg_image_attachment":"fixed","ocean_post_title_bg_image_repeat":"no-repeat","ocean_post_title_bg_image_size":"cover","ocean_post_title_height":550,"ocean_post_title_bg_overlay":0.2,"ocean_post_title_bg_overlay_color":"#000000","ocean_disable_breadcrumbs":"on","ocean_breadcrumbs_color":"","ocean_breadcrumbs_separator_color":"","ocean_breadcrumbs_links_color":"","ocean_breadcrumbs_links_hover_color":"","ocean_display_footer_widgets":"default","ocean_display_footer_bottom":"default","ocean_custom_footer_template":"0","omw_enable_modal_window":"enable","osh_disable_topbar_sticky":"default","osh_disable_header_sticky":"default","osh_sticky_header_style":"default","osh_sticky_header_effect":"","osh_custom_sticky_logo":0,"osh_custom_retina_sticky_logo":0,"osh_custom_sticky_logo_height":0,"osh_background_color":"","osh_links_color":"","osh_links_hover_color":"","osh_links_active_color":"","osh_links_bg_color":"","osh_links_hover_bg_color":"","osh_links_active_bg_color":"","osh_menu_social_links_color":"","osh_menu_social_hover_links_color":"","footnotes":""},"class_list":["post-1266","page","type-page","status-publish","has-post-thumbnail","hentry","entry","has-media","owp-thumbs-layout-horizontal","owp-btn-normal","owp-tabs-layout-horizontal","has-no-thumbnails","has-product-nav"],"acf":[],"_links":{"self":[{"href":"https:\/\/milvus.ro\/hu\/wp-json\/wp\/v2\/pages\/1266","targetHints":{"allow":["GET"]}}],"collection":[{"href":"https:\/\/milvus.ro\/hu\/wp-json\/wp\/v2\/pages"}],"about":[{"href":"https:\/\/milvus.ro\/hu\/wp-json\/wp\/v2\/types\/page"}],"author":[{"embeddable":true,"href":"https:\/\/milvus.ro\/hu\/wp-json\/wp\/v2\/users\/2"}],"replies":[{"embeddable":true,"href":"https:\/\/milvus.ro\/hu\/wp-json\/wp\/v2\/comments?post=1266"}],"version-history":[{"count":14,"href":"https:\/\/milvus.ro\/hu\/wp-json\/wp\/v2\/pages\/1266\/revisions"}],"predecessor-version":[{"id":45680,"href":"https:\/\/milvus.ro\/hu\/wp-json\/wp\/v2\/pages\/1266\/revisions\/45680"}],"up":[{"embeddable":true,"href":"https:\/\/milvus.ro\/hu\/wp-json\/wp\/v2\/pages\/17587"}],"wp:featuredmedia":[{"embeddable":true,"href":"https:\/\/milvus.ro\/hu\/wp-json\/wp\/v2\/media\/1264"}],"wp:attachment":[{"href":"https:\/\/milvus.ro\/hu\/wp-json\/wp\/v2\/media?parent=1266"}],"curies":[{"name":"wp","href":"https:\/\/api.w.org\/{rel}","templated":true}]}}