{"id":1209,"date":"2020-07-17T08:20:13","date_gmt":"2020-07-17T05:20:13","guid":{"rendered":"https:\/\/new.milvus.ro\/teli-vizimadar-szinkron\/"},"modified":"2026-01-08T17:15:11","modified_gmt":"2026-01-08T15:15:11","slug":"iwc","status":"publish","type":"page","link":"https:\/\/milvus.ro\/hu\/monitoring\/iwc\/","title":{"rendered":"T\u00e9li v\u00edzimad\u00e1r-szinkron"},"content":{"rendered":"\t\t<div data-elementor-type=\"wp-page\" data-elementor-id=\"1209\" class=\"elementor elementor-1209 elementor-951\">\n\t\t\t\t\t\t<section class=\"elementor-section elementor-top-section elementor-element elementor-element-a85c4d9 elementor-section-boxed elementor-section-height-default elementor-section-height-default\" data-id=\"a85c4d9\" data-element_type=\"section\">\n\t\t\t\t\t\t<div class=\"elementor-container elementor-column-gap-default\">\n\t\t\t\t\t<div class=\"elementor-column elementor-col-100 elementor-top-column elementor-element elementor-element-e14a108\" data-id=\"e14a108\" data-element_type=\"column\">\n\t\t\t<div class=\"elementor-widget-wrap elementor-element-populated\">\n\t\t\t\t\t\t<div class=\"elementor-element elementor-element-b737535 elementor-widget elementor-widget-text-editor\" data-id=\"b737535\" data-element_type=\"widget\" data-widget_type=\"text-editor.default\">\n\t\t\t\t<div class=\"elementor-widget-container\">\n\t\t\t\t\t\t\t<p style=\"font-variant-ligatures: normal; font-variant-caps: normal; font-family: Poppins; font-size: 16px; font-style: normal; font-weight: 400;\"><span style=\"font-size: 16px; font-weight: 600;\">C\u00e9lfaj:<\/span>\u00a0v\u00edzimad\u00e1r fajok<\/p><p style=\"font-variant-ligatures: normal; font-variant-caps: normal; font-family: Poppins; font-size: 16px; font-style: normal; font-weight: 400;\"><span style=\"font-size: 16px; font-weight: 600;\">Id\u0151szak:<\/span> janu\u00e1r 10-20<\/p><p style=\"font-variant-ligatures: normal; font-variant-caps: normal; font-family: Poppins; font-size: 16px; font-style: normal; font-weight: 400;\"><span style=\"font-size: 16px; font-weight: 600;\">Felk\u00e9sz\u00fclts\u00e9gi szint:<\/span>\u00a0a v\u00edzimad\u00e1r fajok kell\u0151 ismerete<\/p><p style=\"font-variant-ligatures: normal; font-variant-caps: normal; font-family: Poppins; font-size: 16px; font-style: normal; font-weight: 400;\"><span style=\"font-size: 16px; font-weight: 600;\">Felm\u00e9r\u00e9shez sz\u00fcks\u00e9ges szem\u00e9lyek sz\u00e1ma:<\/span>\u00a01-3 szem\u00e9ly<\/p><p style=\"font-variant-ligatures: normal; font-variant-caps: normal; font-family: Poppins; font-size: 16px; font-style: normal; font-weight: 400;\"><span style=\"font-size: 16px; font-weight: 600;\">Sz\u00fcks\u00e9ges felszerel\u00e9s:<\/span>\u00a0teleszk\u00f3p, k\u00e9zi t\u00e1vcs\u0151, mobiltelefon<\/p><p style=\"font-variant-ligatures: normal; font-variant-caps: normal; font-family: Poppins; font-size: 16px; font-style: normal; font-weight: 400;\"><span style=\"font-size: 16px; font-weight: 600;\">Helysz\u00edn:<\/span>\u00a0foly\u00f3k, v\u00edzt\u00e1roz\u00f3k, halastavak, mocsarak, tengerpar<\/p>\t\t\t\t\t\t<\/div>\n\t\t\t\t<\/div>\n\t\t\t\t\t<\/div>\n\t\t<\/div>\n\t\t\t\t\t<\/div>\n\t\t<\/section>\n\t\t\t\t<section class=\"elementor-section elementor-top-section elementor-element elementor-element-55e9702 elementor-section-height-min-height elementor-section-items-stretch elementor-section-boxed elementor-section-height-default\" data-id=\"55e9702\" data-element_type=\"section\" data-settings=\"{&quot;background_background&quot;:&quot;classic&quot;}\">\n\t\t\t\t\t\t<div class=\"elementor-container elementor-column-gap-default\">\n\t\t\t\t\t<div class=\"elementor-column elementor-col-100 elementor-top-column elementor-element elementor-element-7788781\" data-id=\"7788781\" data-element_type=\"column\">\n\t\t\t<div class=\"elementor-widget-wrap\">\n\t\t\t\t\t\t\t<\/div>\n\t\t<\/div>\n\t\t\t\t\t<\/div>\n\t\t<\/section>\n\t\t\t\t<section class=\"elementor-section elementor-top-section elementor-element elementor-element-478d615 elementor-section-boxed elementor-section-height-default elementor-section-height-default\" data-id=\"478d615\" data-element_type=\"section\">\n\t\t\t\t\t\t<div class=\"elementor-container elementor-column-gap-default\">\n\t\t\t\t\t<div class=\"elementor-column elementor-col-100 elementor-top-column elementor-element elementor-element-06863dc\" data-id=\"06863dc\" data-element_type=\"column\">\n\t\t\t<div class=\"elementor-widget-wrap elementor-element-populated\">\n\t\t\t\t\t\t<div class=\"elementor-element elementor-element-3b145c6 elementor-widget elementor-widget-text-editor\" data-id=\"3b145c6\" data-element_type=\"widget\" data-widget_type=\"text-editor.default\">\n\t\t\t\t<div class=\"elementor-widget-container\">\n\t\t\t\t\t\t\t<h2><strong>M\u00f3dszertan r\u00f6vid le\u00edr\u00e1sa:<\/strong><\/h2><p>A monitoring program keret\u00e9ben a felm\u00e9r\u0151k, az el\u0151re kijel\u00f6lt tavakon vagy foly\u00f3szakaszokon v\u00e9gzik a megfigyel\u00e9seket. Nagyobb v\u00edzfel\u00fcletek \u00e9s tavak est\u00e9ben k\u00f6rbej\u00e1rjuk vagy t\u00f6bb megfigyel\u0151 pontr\u00f3l megsz\u00e1moljuk a v\u00edzen \u00e9s a parton l\u00e1tott madarakat. Fontos, hogy a teljes v\u00edzfel\u00fcletet bel\u00e1ss\u00e1k a felm\u00e9r\u00e9s alatt. A kisebb foly\u00f3szakaszok eset\u00e9ben, ezek partj\u00e1n s\u00e9t\u00e1lva, t\u00f6bbsz\u00f6r meg\u00e1llva\u00a0<span style=\"font-family: Poppins; font-size: 16px; font-style: normal; font-variant-caps: normal;\">sz\u00e1moljuk meg a madarakat<\/span><span style=\"font-size: 16px;\">. Minden egyedet fajra azonos\u00edtunk \u00e9s feljegyz\u00fcnk, mivel a felm\u00e9r\u00e9s c\u00e9lja a telel\u0151 v\u00edzimad\u00e1r \u00e1llom\u00e1ny pontos felm\u00e9r\u00e9se. Aj\u00e1nlott, hogy a felm\u00e9r\u0151 csapat legal\u00e1bb egy tagja rendelkezzen j\u00f3 mad\u00e1rismeretekkel, hogy az adott ter\u00fcletet haszn\u00e1l\u00f3 \u00f6sszes fajr\u00f3l kapjunk inform\u00e1ci\u00f3t.<\/span><\/p><p>Egyes\u00fclet\u00fcnk m\u00e1s mad\u00e1rfelm\u00e9r\u00e9si programjaihoz hasonl\u00f3an, az ennek keret\u00e9ben gy\u0171jt\u00f6tt adatok is az <a href=\"https:\/\/openbiomaps.org\/\">OpenBioMaps<\/a> mobilalkalmaz\u00e1s seg\u00edts\u00e9g\u00e9vel ker\u00fclnek r\u00f6gz\u00edt\u00e9sre, az erre a c\u00e9lra l\u00e9trehozott \u0171rlap seg\u00edts\u00e9g\u00e9vel. Az adatok, szinkroniz\u00e1l\u00e1s ut\u00e1n megtekinthet\u0151v\u00e9 v\u00e1lnak az <a href=\"https:\/\/openbirdmaps.ro\/\">OpenBirdMaps<\/a> adatb\u00e1zisba. A Milvus Csoport \u00e9s a Rom\u00e1n Mad\u00e1rtani Egyes\u00fclet (SOR) \u00e1ltal gy\u0171jt\u00f6tt adatokat a t\u00e9l v\u00e9g\u00e9ig \u00f6sszes\u00edtj\u00fck \u00e9s a tov\u00e1bb\u00edtjuk\u00a0<a href=\"https:\/\/www.wetlands.org\/\">Wetlands International <\/a>fel\u00e9. Ez a szervezet a vizes \u00e9l\u0151helyek meg\u0151rz\u00e9s\u00e9vel, v\u00e9delm\u00e9vel \u00e9s helyre\u00e1ll\u00edt\u00e1s\u00e1val foglalkozik \u00e9s nemzetk\u00f6zi szinten koordin\u00e1lja a t\u00e9li v\u00edzimad\u00e1r felm\u00e9r\u00e9si tev\u00e9kenys\u00e9geket.<\/p>\t\t\t\t\t\t<\/div>\n\t\t\t\t<\/div>\n\t\t\t\t\t<\/div>\n\t\t<\/div>\n\t\t\t\t\t<\/div>\n\t\t<\/section>\n\t\t\t\t<section class=\"elementor-section elementor-top-section elementor-element elementor-element-f0dcc12 elementor-section-boxed elementor-section-height-default elementor-section-height-default\" data-id=\"f0dcc12\" data-element_type=\"section\">\n\t\t\t\t\t\t<div class=\"elementor-container elementor-column-gap-default\">\n\t\t\t\t\t<div class=\"elementor-column elementor-col-33 elementor-top-column elementor-element elementor-element-5660d92\" data-id=\"5660d92\" data-element_type=\"column\">\n\t\t\t<div class=\"elementor-widget-wrap elementor-element-populated\">\n\t\t\t\t\t\t<div class=\"elementor-element elementor-element-14b113b elementor-widget__width-initial elementor-widget-mobile_extra__width-initial elementor-widget elementor-widget-text-editor\" data-id=\"14b113b\" data-element_type=\"widget\" data-widget_type=\"text-editor.default\">\n\t\t\t\t<div class=\"elementor-widget-container\">\n\t\t\t\t\t\t\t<h2><strong>Eredm\u00e9nyek:<\/strong><\/h2><p><a href=\"https:\/\/milvus.ro\/hu\/a-2025-os-teli-vizimadar-szinkron-szamlalas-eredmenyei\/\"><strong>2025<\/strong><\/a><br \/><a href=\"https:\/\/milvus.ro\/hu\/a-2024-es-teli-vizimadar-szinkron-szamlalas-eredmenyei\/\"><strong>2024<\/strong><\/a><br \/><a href=\"https:\/\/milvus.ro\/hu\/a-2023-as-teli-vizimadar-szinkron-eredmenyei\/\"><strong>2023<\/strong><\/a><br \/><a href=\"https:\/\/milvus.ro\/hu\/a-2022-es-teli-vizimadar-szinkron-eredmenyei\/\"><strong>2022<\/strong><\/a><br \/><a href=\"https:\/\/milvus.ro\/hu\/a-2020-as-teli-vizimadar-szamlalas-elozetes-eredmenyei\/\"><strong>2020<\/strong><\/a><br \/><a href=\"https:\/\/milvus.ro\/hu\/nemzetkozi-teli-vizimadar-szinkron-2019-januar\/\"><strong>2019<\/strong><\/a><br \/><a href=\"https:\/\/milvus.ro\/hu\/recensamantul-de-iarna-al-pasarilor-de-apa-2013\/\"><strong>2013<\/strong><\/a><br \/><a href=\"https:\/\/milvus.ro\/hu\/recensamantul-de-iarna-al-pasarilor-de-apa\/\"><strong>2012<\/strong><\/a><\/p>\t\t\t\t\t\t<\/div>\n\t\t\t\t<\/div>\n\t\t\t\t\t<\/div>\n\t\t<\/div>\n\t\t\t\t<div class=\"elementor-column elementor-col-66 elementor-top-column elementor-element elementor-element-8a48baa elementor-hidden-mobile\" data-id=\"8a48baa\" data-element_type=\"column\" data-settings=\"{&quot;background_background&quot;:&quot;classic&quot;}\">\n\t\t\t<div class=\"elementor-widget-wrap elementor-element-populated\">\n\t\t\t\t\t\t<div class=\"elementor-element elementor-element-2809aa8 elementor-widget-mobile_extra__width-initial elementor-widget elementor-widget-image\" data-id=\"2809aa8\" data-element_type=\"widget\" data-widget_type=\"image.default\">\n\t\t\t\t<div class=\"elementor-widget-container\">\n\t\t\t\t\t\t\t\t\t\t\t\t\t<img decoding=\"async\" src=\"https:\/\/milvus.ro\/wp-content\/plugins\/elementor\/assets\/images\/placeholder.png\" title=\"\" alt=\"\" loading=\"lazy\" \/>\t\t\t\t\t\t\t\t\t\t\t\t\t<\/div>\n\t\t\t\t<\/div>\n\t\t\t\t\t<\/div>\n\t\t<\/div>\n\t\t\t\t\t<\/div>\n\t\t<\/section>\n\t\t\t\t<section class=\"elementor-section elementor-top-section elementor-element elementor-element-4d83453e elementor-section-boxed elementor-section-height-default elementor-section-height-default\" data-id=\"4d83453e\" data-element_type=\"section\">\n\t\t\t\t\t\t<div class=\"elementor-container elementor-column-gap-default\">\n\t\t\t\t\t<div class=\"elementor-column elementor-col-100 elementor-top-column elementor-element elementor-element-3f889e5c\" data-id=\"3f889e5c\" data-element_type=\"column\">\n\t\t\t<div class=\"elementor-widget-wrap elementor-element-populated\">\n\t\t\t\t\t\t<div class=\"elementor-element elementor-element-6f87e5af elementor-widget elementor-widget-text-editor\" data-id=\"6f87e5af\" data-element_type=\"widget\" data-widget_type=\"text-editor.default\">\n\t\t\t\t<div class=\"elementor-widget-container\">\n\t\t\t\t\t\t\t<p>Minden \u00e9vben t\u00f6bb sz\u00e1z vizes \u00e9l\u0151helyen v\u00e9gz\u00fcnk r\u00e9szletes felm\u00e9r\u00e9st, \u00edgy hosszabb t\u00e1von pontos k\u00e9pet kapunk az egyes v\u00edzimad\u00e1r-fajok \u00e1llom\u00e1ny v\u00e1ltoz\u00e1s\u00e1r\u00f3l.<\/p><p>Az \u00f6nk\u00e9nteseink bevon\u00e1s\u00e1val \u00e9s a szaktud\u00e1suk gyarap\u00edt\u00e1s\u00e1val, \u00e9vr\u0151l \u00e9vre n\u00f6velni tudjuk a felm\u00e9rt ter\u00fcleteket sz\u00e1m\u00e1t. Ez nagyban el\u0151seg\u00edti az orsz\u00e1g vizes \u00e9l\u0151helyeinek \u00a0megismer\u00e9s\u00e9t.<\/p><figure style=\"width: 1024px\" class=\"wp-caption aligncenter &lt;span style=\"><img fetchpriority=\"high\" decoding=\"async\" style=\"font-size: 16px;\" src=\"https:\/\/milvus.ro\/wp-content\/uploads\/2024\/10\/midwinter_sampling_crop-1024x726.jpg\" alt=\"\" width=\"1024\" height=\"726\" \/><figcaption class=\"wp-caption-text\"><span style=\"font-size: 16px;\"> A Milvus Group \u00e1ltal felm\u00e9rt ter\u00fcletek<\/span><\/figcaption><\/figure>\t\t\t\t\t\t<\/div>\n\t\t\t\t<\/div>\n\t\t\t\t\t<\/div>\n\t\t<\/div>\n\t\t\t\t\t<\/div>\n\t\t<\/section>\n\t\t\t\t<section class=\"elementor-section elementor-top-section elementor-element elementor-element-3276954 elementor-section-boxed elementor-section-height-default elementor-section-height-default\" data-id=\"3276954\" data-element_type=\"section\">\n\t\t\t\t\t\t<div class=\"elementor-container elementor-column-gap-default\">\n\t\t\t\t\t<div class=\"elementor-column elementor-col-100 elementor-top-column elementor-element elementor-element-3e8b432\" data-id=\"3e8b432\" data-element_type=\"column\">\n\t\t\t<div class=\"elementor-widget-wrap elementor-element-populated\">\n\t\t\t\t\t\t<div class=\"elementor-element elementor-element-d6c6aab elementor-widget elementor-widget-video\" data-id=\"d6c6aab\" data-element_type=\"widget\" data-settings=\"{&quot;youtube_url&quot;:&quot;https:\\\/\\\/www.youtube.com\\\/watch?v=sD03aZxOj9M&amp;ab_channel=MilvusGroup&quot;,&quot;video_type&quot;:&quot;youtube&quot;,&quot;controls&quot;:&quot;yes&quot;}\" data-widget_type=\"video.default\">\n\t\t\t\t<div class=\"elementor-widget-container\">\n\t\t\t\t\t<div class=\"elementor-wrapper elementor-open-inline\">\n\t\t\t<div class=\"elementor-video\"><\/div>\t\t<\/div>\n\t\t\t\t<\/div>\n\t\t\t\t<\/div>\n\t\t\t\t\t<\/div>\n\t\t<\/div>\n\t\t\t\t\t<\/div>\n\t\t<\/section>\n\t\t\t\t<section class=\"elementor-section elementor-top-section elementor-element elementor-element-a9966e3 elementor-section-boxed elementor-section-height-default elementor-section-height-default\" data-id=\"a9966e3\" data-element_type=\"section\">\n\t\t\t\t\t\t<div class=\"elementor-container elementor-column-gap-default\">\n\t\t\t\t\t<div class=\"elementor-column elementor-col-100 elementor-top-column elementor-element elementor-element-1e7e379\" data-id=\"1e7e379\" data-element_type=\"column\">\n\t\t\t<div class=\"elementor-widget-wrap elementor-element-populated\">\n\t\t\t\t\t\t<div class=\"elementor-element elementor-element-606c0df elementor-widget elementor-widget-text-editor\" data-id=\"606c0df\" data-element_type=\"widget\" data-widget_type=\"text-editor.default\">\n\t\t\t\t<div class=\"elementor-widget-container\">\n\t\t\t\t\t\t\t<h2><strong>Kapcsolat:<\/strong><\/h2><p>Nagy Attila, a&#116;&#116;i&#108;a.nag&#121;&#64;&#109;il&#118;&#117;s.r&#111;, 0728303868<\/p>\t\t\t\t\t\t<\/div>\n\t\t\t\t<\/div>\n\t\t\t\t\t<\/div>\n\t\t<\/div>\n\t\t\t\t\t<\/div>\n\t\t<\/section>\n\t\t\t\t<\/div>\n\t\t","protected":false},"excerpt":{"rendered":"C\u00e9lfaj:\u00a0v\u00edzimad\u00e1r fajokId\u0151szak: janu\u00e1r 10-20Felk\u00e9sz\u00fclts\u00e9gi szint:\u00a0a v\u00edzimad\u00e1r fajok kell\u0151 ismereteFelm\u00e9r\u00e9shez sz\u00fcks\u00e9ges szem\u00e9lyek sz\u00e1ma:\u00a01-3 szem\u00e9lySz\u00fcks\u00e9ges felszerel\u00e9s:\u00a0teleszk\u00f3p, k\u00e9zi t\u00e1vcs\u0151, mobiltelefonHelysz\u00edn:\u00a0foly\u00f3k, v\u00edzt\u00e1roz\u00f3k, halastavak, mocsarak, tengerparM\u00f3dszertan r\u00f6vid le\u00edr\u00e1sa:A monitoring program keret\u00e9ben a felm\u00e9r\u0151k, az el\u0151re kijel\u00f6lt tavakon vagy foly\u00f3szakaszokon v\u00e9gzik a megfigyel\u00e9seket. Nagyobb v\u00edzfel\u00fcletek \u00e9s tavak est\u00e9ben k\u00f6rbej\u00e1rjuk vagy t\u00f6bb megfigyel\u0151 pontr\u00f3l megsz\u00e1moljuk a v\u00edzen \u00e9s a parton l\u00e1tott madarakat. [&hellip;]","protected":false},"author":2,"featured_media":0,"parent":17587,"menu_order":0,"comment_status":"closed","ping_status":"closed","template":"","meta":{"_acf_changed":false,"_eb_attr":"","ocean_post_layout":"left-sidebar","ocean_both_sidebars_style":"","ocean_both_sidebars_content_width":0,"ocean_both_sidebars_sidebars_width":0,"ocean_sidebar":"ocs-monitoring-menu","ocean_second_sidebar":"0","ocean_disable_margins":"enable","ocean_add_body_class":"","ocean_shortcode_before_top_bar":"","ocean_shortcode_after_top_bar":"","ocean_shortcode_before_header":"","ocean_shortcode_after_header":"","ocean_has_shortcode":"","ocean_shortcode_after_title":"","ocean_shortcode_before_footer_widgets":"","ocean_shortcode_after_footer_widgets":"","ocean_shortcode_before_footer_bottom":"","ocean_shortcode_after_footer_bottom":"","ocean_display_top_bar":"default","ocean_display_header":"default","ocean_header_style":"","ocean_center_header_left_menu":"0","ocean_custom_header_template":"0","ocean_custom_logo":0,"ocean_custom_retina_logo":0,"ocean_custom_logo_max_width":0,"ocean_custom_logo_tablet_max_width":0,"ocean_custom_logo_mobile_max_width":0,"ocean_custom_logo_max_height":0,"ocean_custom_logo_tablet_max_height":0,"ocean_custom_logo_mobile_max_height":0,"ocean_header_custom_menu":"0","ocean_menu_typo_font_family":"0","ocean_menu_typo_font_subset":"","ocean_menu_typo_font_size":0,"ocean_menu_typo_font_size_tablet":0,"ocean_menu_typo_font_size_mobile":0,"ocean_menu_typo_font_size_unit":"px","ocean_menu_typo_font_weight":"","ocean_menu_typo_font_weight_tablet":"","ocean_menu_typo_font_weight_mobile":"","ocean_menu_typo_transform":"","ocean_menu_typo_transform_tablet":"","ocean_menu_typo_transform_mobile":"","ocean_menu_typo_line_height":0,"ocean_menu_typo_line_height_tablet":0,"ocean_menu_typo_line_height_mobile":0,"ocean_menu_typo_line_height_unit":"","ocean_menu_typo_spacing":0,"ocean_menu_typo_spacing_tablet":0,"ocean_menu_typo_spacing_mobile":0,"ocean_menu_typo_spacing_unit":"","ocean_menu_link_color":"","ocean_menu_link_color_hover":"","ocean_menu_link_color_active":"","ocean_menu_link_background":"","ocean_menu_link_hover_background":"","ocean_menu_link_active_background":"","ocean_menu_social_links_bg":"","ocean_menu_social_hover_links_bg":"","ocean_menu_social_links_color":"","ocean_menu_social_hover_links_color":"","ocean_disable_title":"enable","ocean_disable_heading":"enable","ocean_post_title":"","ocean_post_subheading":"","ocean_post_title_style":"background-image","ocean_post_title_background_color":"","ocean_post_title_background":37607,"ocean_post_title_bg_image_position":"center center","ocean_post_title_bg_image_attachment":"fixed","ocean_post_title_bg_image_repeat":"","ocean_post_title_bg_image_size":"cover","ocean_post_title_height":500,"ocean_post_title_bg_overlay":0.4,"ocean_post_title_bg_overlay_color":"","ocean_disable_breadcrumbs":"default","ocean_breadcrumbs_color":"","ocean_breadcrumbs_separator_color":"","ocean_breadcrumbs_links_color":"","ocean_breadcrumbs_links_hover_color":"","ocean_display_footer_widgets":"default","ocean_display_footer_bottom":"default","ocean_custom_footer_template":"0","omw_enable_modal_window":"enable","osh_disable_topbar_sticky":"default","osh_disable_header_sticky":"default","osh_sticky_header_style":"default","osh_sticky_header_effect":"","osh_custom_sticky_logo":0,"osh_custom_retina_sticky_logo":0,"osh_custom_sticky_logo_height":0,"osh_background_color":"","osh_links_color":"","osh_links_hover_color":"","osh_links_active_color":"","osh_links_bg_color":"","osh_links_hover_bg_color":"","osh_links_active_bg_color":"","osh_menu_social_links_color":"","osh_menu_social_hover_links_color":"","footnotes":"[]"},"class_list":["post-1209","page","type-page","status-publish","hentry","entry","owp-thumbs-layout-horizontal","owp-btn-normal","owp-tabs-layout-horizontal","has-no-thumbnails","has-product-nav"],"acf":[],"_links":{"self":[{"href":"https:\/\/milvus.ro\/hu\/wp-json\/wp\/v2\/pages\/1209","targetHints":{"allow":["GET"]}}],"collection":[{"href":"https:\/\/milvus.ro\/hu\/wp-json\/wp\/v2\/pages"}],"about":[{"href":"https:\/\/milvus.ro\/hu\/wp-json\/wp\/v2\/types\/page"}],"author":[{"embeddable":true,"href":"https:\/\/milvus.ro\/hu\/wp-json\/wp\/v2\/users\/2"}],"replies":[{"embeddable":true,"href":"https:\/\/milvus.ro\/hu\/wp-json\/wp\/v2\/comments?post=1209"}],"version-history":[{"count":42,"href":"https:\/\/milvus.ro\/hu\/wp-json\/wp\/v2\/pages\/1209\/revisions"}],"predecessor-version":[{"id":50221,"href":"https:\/\/milvus.ro\/hu\/wp-json\/wp\/v2\/pages\/1209\/revisions\/50221"}],"up":[{"embeddable":true,"href":"https:\/\/milvus.ro\/hu\/wp-json\/wp\/v2\/pages\/17587"}],"wp:attachment":[{"href":"https:\/\/milvus.ro\/hu\/wp-json\/wp\/v2\/media?parent=1209"}],"curies":[{"name":"wp","href":"https:\/\/api.w.org\/{rel}","templated":true}]}}