{"id":18870,"date":"2020-12-14T20:03:08","date_gmt":"2020-12-14T18:03:08","guid":{"rendered":"https:\/\/new.milvus.ro\/?page_id=18870"},"modified":"2020-12-14T20:47:50","modified_gmt":"2020-12-14T18:47:50","slug":"spalacinae","status":"publish","type":"page","link":"https:\/\/milvus.ro\/en\/mammals\/spalacinae\/","title":{"rendered":"Blind Mole-rats"},"content":{"rendered":"\t\t<div data-elementor-type=\"wp-page\" data-elementor-id=\"18870\" class=\"elementor elementor-18870 elementor-13681\">\n\t\t\t\t\t\t<section class=\"elementor-section elementor-top-section elementor-element elementor-element-c28e7f4 elementor-section-boxed elementor-section-height-default elementor-section-height-default\" data-id=\"c28e7f4\" data-element_type=\"section\">\n\t\t\t\t\t\t<div class=\"elementor-container elementor-column-gap-default\">\n\t\t\t\t\t<div class=\"elementor-column elementor-col-100 elementor-top-column elementor-element elementor-element-fbd5928\" data-id=\"fbd5928\" data-element_type=\"column\">\n\t\t\t<div class=\"elementor-widget-wrap elementor-element-populated\">\n\t\t\t\t\t\t<div class=\"elementor-element elementor-element-2cd9f22 elementor-widget elementor-widget-text-editor\" data-id=\"2cd9f22\" data-element_type=\"widget\" data-widget_type=\"text-editor.default\">\n\t\t\t\t<div class=\"elementor-widget-container\">\n\t\t\t\t\t\t\t<p>Blind mole-rats are small steppe rodents, typical for Eastern Europe, very little known. What characterises them is the subterranean lifestyle. In partnership with our peers from the Hungarian Natural History Museum and \u00d6tv\u00f6s Lor\u00e1nd University, we&#8217;ve been researching for almost a decade their distribution, ecology and taxonomy in the Carpathian Basin and Romania. Among other activities, we contributed to the taxonomic re-evaluation of the genus of Balkan mole-rat species (Spalax graecus), considered until then only one species.<\/p>\n<p>One of the important results of the study, in terms of taxonomy and conservation, is enlisting Mehely&#8217;s blind mole-rat (Spalax antiquus) as a distinct species, thus becoming the only endemic mammal species in Transylvania that we know of so far. We&nbsp;researched the size of the population of this species, by making an inventory of the molehills in several places across the Transylvanian Plain.<\/p>\n<p>Being part of the research community, we conducted an assessment of the conservation status of all blind mole-rat species in the Carpathian Basin. This was another important achievement. Besides from the already mentioned species, two more species live in the Romanian part of the area: the Transylvanian blind mole-rat (Nannospalax transsylvanicus) and the Hungarian lesser blind molerat (Nannospalax hungaricus). Both species belong to the group of lesser blind mole-rats and are part of the Nannospalax (superspecies leucodon). We proposed the first species to be enlisted in the &#8220;vulnerable&#8221; category and the second (Mehely&#8217;s blind mole-rat) in the &#8220;threatened&#8221; category, according to the criteria of the International Union for Conservation of Nature (IUCN).<\/p>\n<p>In recent years, we have also been involved in the repopulation programme of the Transylvanian blind mole-rat in Hungary, coordinated by our Hungarian peers. This was also the first significant measure for the conservation of this species&#8217; populations in Hungary.<\/p>\n<h5>Publications:<\/h5>\n<p><!-- \/wp:heading --><!-- wp:paragraph --><\/p>\n<p><strong>Hegyeli, Zs.<\/strong>, Csorba, G., Horv\u00e1th, M., Sendula, T., N\u00e9meth, A. 2016. Vesz\u00e9ly a felsz\u00ednen \u00e9s a felsz\u00edn alatt: a f\u00f6ldikutya, mint zs\u00e1km\u00e1ny\u00e1llat. X. MTBK M\u0171helytal\u00e1lkoz\u00f3: \u201eZ\u00e1szl\u00f3shaj\u00f3k, karizm\u00e1k \u00e9s eserny\u0151k: mit tehet az eml\u0151skutat\u00e1s a term\u00e9szetv\u00e9delem\u00e9rt\u201d absztrakt-k\u00f6tet: 59.<\/p>\n<p><!-- \/wp:paragraph --><!-- wp:paragraph --><\/p>\n<p>N\u00e9meth, A.,&nbsp;<strong>Hegyeli, Zs.<\/strong>, Sendula, T., Horv\u00e1th, M., Czab\u00e1n, D., Csorba, G. 2016. Danger underground and in the open \u2013 predation on blind mole-rats (Rodentia: Spalacinae) revisited. Mammal Review 46: 204\u2013214.<\/p>\n<p><!-- \/wp:paragraph --><!-- wp:paragraph --><\/p>\n<p>Sz\u00e9l, L., Moldov\u00e1n, O., Horv\u00e1th, T., Moln\u00e1r, A.,<strong>&nbsp;Hegyeli, Zs., Sug\u00e1r, Sz.<\/strong>, Csorba, G., N\u00e9meth, A. 2016. A sz\u00e9ls\u0151s\u00e9gesen talajlak\u00f3 r\u00e1gcs\u00e1l\u00f3k megment\u00e9s\u00e9nek legjobb m\u00f3dja? \u00daj f\u00f6ldikutya popul\u00e1ci\u00f3k l\u00e9trehoz\u00e1sa Magyarorsz\u00e1gon. X. MTBK M\u0171helytal\u00e1lkoz\u00f3: \u201eZ\u00e1szl\u00f3shaj\u00f3k, karizm\u00e1k \u00e9s eserny\u0151k: mit tehet az eml\u0151skutat\u00e1s a term\u00e9szetv\u00e9delem\u00e9rt\u201d absztrakt-k\u00f6tet: 12.<\/p>\n<p><!-- \/wp:paragraph --><!-- wp:paragraph --><\/p>\n<p>Csorba, G., Krivek, G., Sendula, T., Homonnay, Z. G.,<strong>&nbsp;Hegyeli, Zs., Sug\u00e1r, Sz.<\/strong>, Farkas, J., Stojni\u0107, N., N\u00e9meth, A. 2015. How can scientific researches change conservation priorities? A review of decade-long research of blind mole-rats (Rodentia: Spalacinae) in the Carpathian Basin. Therya 6(1): 103\u2013121.<\/p>\n<p><!-- \/wp:paragraph --><!-- wp:paragraph --><\/p>\n<p>N\u00e9meth, A., Krivek, G., Sendula, T.,<strong>&nbsp;Hegyeli, Zs., Sug\u00e1r, Sz.<\/strong>, Farkas, J., Stojni\u0107, N., Csorba, G. 2015. How scientific researches can change conservation priorities? The decade-long research of Eurasian blind mole-rats (Rodentia: Spalacinae) in the Carpathian Basin. 27<sup>th<\/sup>&nbsp;International Congress for Conservation Biology, August 2-6 2015, Montpellier \/ France.<\/p>\n<p><!-- \/wp:paragraph --><!-- wp:paragraph --><\/p>\n<p>N\u00e9meth, A., Homonnay, Z. G., Kr\u00edzsik, V., Csorba, M., Pavl\u00ed\u010dek, T.,<strong>&nbsp;Hegyeli, Zs.,&nbsp;<\/strong>Hadid, Y.,<strong>&nbsp;Sug\u00e1r, Sz.<\/strong>, Farkas, J., Csorba, G. 2013. Old views and new insights \u2013 taxonomic revision of the Bukovina blind mole rat,&nbsp;<em>Spalax graecus<\/em>. Zoological Journal of the Linnean Society 169: 903\u2013914.<\/p>\n<p><!-- \/wp:paragraph --><!-- wp:paragraph --><\/p>\n<p>Csorba, G., N\u00e9meth, A.,<strong>&nbsp;Hegyeli, Zs.<\/strong>, Czab\u00e1n, D., Major, \u00c1., R\u00e9vay, T., Farkas, J. 2011. The most endangered rodents in Europe? \u2013 Taxonomy, distribution and protection status of the mole-rats of the Carpathian basin. In:&nbsp;<em>Abstract volume 6th European Congress of Mammalogy<\/em>,&nbsp;Paris, France, p.102.<\/p>\n<p><!-- \/wp:paragraph --><!-- wp:paragraph --><\/p>\n<p>N\u00e9meth, A., Csorba, G., Krn\u00e1cs, Gy.,<strong>&nbsp;Hegyeli, Zs., Sug\u00e1r, Sz.<\/strong>, Vajda, Z., Stojnic, N., Delic, J. L., Kry\u0161tufek, B. 2011. Recent extinction of two European mammals? \u2013The&nbsp;probable extinction of two mole-rat taxa.&nbsp;In:&nbsp;<em>Abstract volume 6th European Congress of Mammalogy<\/em>,&nbsp;Paris, France, p.103.<\/p>\n<p><!-- \/wp:paragraph --><!-- wp:paragraph --><\/p>\n<p>N\u00e9meth, A.,<strong>&nbsp;Hegyeli, Zs.<\/strong>, Krn\u00e1cs, Gy., Czab\u00e1n, D., Major, \u00c1., Farkas, J., Csorba, G. 2011. Eur\u00f3pa legvesz\u00e9lyeztetettebb r\u00e1gcs\u00e1l\u00f3i, a K\u00e1rp\u00e1t-medence f\u00f6ldikuty\u00e1i a kihal\u00e1s k\u00fcsz\u00f6b\u00e9n \u00e9s azon t\u00fal. VII. Magyar Term\u00e9szetv\u00e9delmi Biol\u00f3giai Konferencia, Debreceni Egyetem, 2011. november 3-6.<\/p>\n<p><!-- \/wp:paragraph --><!-- wp:paragraph --><\/p>\n<p><strong>Sug\u00e1r, Sz., Hegyeli, Zs.<\/strong>&nbsp;2010. Possibilities of distinguishing two Transylvanian mole rat (<em>Rodentia: Spalacide<\/em>) species based on tunnel diameter and their population estimation by mound counts. Babe\u0219-Bolyai University, Faculty of Biology and Geology \u2013 Ap\u00e1thy Istv\u00e1n Society. 11<sup>th<\/sup>&nbsp;Biology Days, Cluj-Napoca, 23-24 April 2010.<\/p>\n<p><!-- \/wp:paragraph --><!-- wp:paragraph --><\/p>\n<p>N\u00e9meth, A., R\u00e9vay, T.,<strong>&nbsp;Hegyeli, Zs.<\/strong>, Farkas, J., Czab\u00e1n, D., R\u00f3zs\u00e1s, A., Csorba, G. 2009. Chromosomal forms and risk assessment of&nbsp;<em>Nannospalax&nbsp;<\/em>(superspecies&nbsp;<em>leucodon<\/em>) (Mammalia: Rodentia) in the Carpathian Basin. Folia Zoologica 58(3): 349\u2013361.<\/p>\n<p><!-- \/wp:paragraph --><!-- wp:paragraph --><\/p>\n<p><strong>Hegyeli, Zs.,&nbsp;<\/strong>2008. Distribution of mole rats (<em>Spalax spp.<\/em>) in Transylvania \u2013 preliminary results. Babe\u0219-Bolyai University, Faculty of Biology and Geology \u2013 Eco Studia Society. Biology Days, 9<sup>th<\/sup>&nbsp;edition, 25-26 April 2008.<\/p>\t\t\t\t\t\t<\/div>\n\t\t\t\t<\/div>\n\t\t\t\t\t<\/div>\n\t\t<\/div>\n\t\t\t\t\t<\/div>\n\t\t<\/section>\n\t\t\t\t<\/div>\n\t\t","protected":false},"excerpt":{"rendered":"Blind mole-rats are small steppe rodents, typical for Eastern Europe, very little known. What characterises them is the subterranean lifestyle. In partnership with our peers from the Hungarian Natural History Museum and \u00d6tv\u00f6s Lor\u00e1nd University, we&#8217;ve been researching for almost a decade their distribution, ecology and taxonomy in the Carpathian Basin and Romania. Among other [&hellip;]","protected":false},"author":3,"featured_media":1003,"parent":18471,"menu_order":0,"comment_status":"closed","ping_status":"closed","template":"","meta":{"_acf_changed":false,"_eb_attr":"","ocean_post_layout":"","ocean_both_sidebars_style":"","ocean_both_sidebars_content_width":0,"ocean_both_sidebars_sidebars_width":0,"ocean_sidebar":"0","ocean_second_sidebar":"0","ocean_disable_margins":"enable","ocean_add_body_class":"","ocean_shortcode_before_top_bar":"","ocean_shortcode_after_top_bar":"","ocean_shortcode_before_header":"","ocean_shortcode_after_header":"[oceanwp_library id=\"18273\"]","ocean_has_shortcode":"","ocean_shortcode_after_title":"","ocean_shortcode_before_footer_widgets":"","ocean_shortcode_after_footer_widgets":"","ocean_shortcode_before_footer_bottom":"","ocean_shortcode_after_footer_bottom":"","ocean_display_top_bar":"default","ocean_display_header":"default","ocean_header_style":"","ocean_center_header_left_menu":"0","ocean_custom_header_template":"0","ocean_custom_logo":0,"ocean_custom_retina_logo":0,"ocean_custom_logo_max_width":0,"ocean_custom_logo_tablet_max_width":0,"ocean_custom_logo_mobile_max_width":0,"ocean_custom_logo_max_height":0,"ocean_custom_logo_tablet_max_height":0,"ocean_custom_logo_mobile_max_height":0,"ocean_header_custom_menu":"0","ocean_menu_typo_font_family":"0","ocean_menu_typo_font_subset":"","ocean_menu_typo_font_size":0,"ocean_menu_typo_font_size_tablet":0,"ocean_menu_typo_font_size_mobile":0,"ocean_menu_typo_font_size_unit":"px","ocean_menu_typo_font_weight":"","ocean_menu_typo_font_weight_tablet":"","ocean_menu_typo_font_weight_mobile":"","ocean_menu_typo_transform":"","ocean_menu_typo_transform_tablet":"","ocean_menu_typo_transform_mobile":"","ocean_menu_typo_line_height":0,"ocean_menu_typo_line_height_tablet":0,"ocean_menu_typo_line_height_mobile":0,"ocean_menu_typo_line_height_unit":"","ocean_menu_typo_spacing":0,"ocean_menu_typo_spacing_tablet":0,"ocean_menu_typo_spacing_mobile":0,"ocean_menu_typo_spacing_unit":"","ocean_menu_link_color":"","ocean_menu_link_color_hover":"","ocean_menu_link_color_active":"","ocean_menu_link_background":"","ocean_menu_link_hover_background":"","ocean_menu_link_active_background":"","ocean_menu_social_links_bg":"","ocean_menu_social_hover_links_bg":"","ocean_menu_social_links_color":"","ocean_menu_social_hover_links_color":"","ocean_disable_title":"default","ocean_disable_heading":"default","ocean_post_title":"","ocean_post_subheading":"","ocean_post_title_style":"centered","ocean_post_title_background_color":"","ocean_post_title_background":0,"ocean_post_title_bg_image_position":"","ocean_post_title_bg_image_attachment":"","ocean_post_title_bg_image_repeat":"","ocean_post_title_bg_image_size":"","ocean_post_title_height":0,"ocean_post_title_bg_overlay":0.5,"ocean_post_title_bg_overlay_color":"","ocean_disable_breadcrumbs":"on","ocean_breadcrumbs_color":"","ocean_breadcrumbs_separator_color":"","ocean_breadcrumbs_links_color":"","ocean_breadcrumbs_links_hover_color":"","ocean_display_footer_widgets":"default","ocean_display_footer_bottom":"default","ocean_custom_footer_template":"0","omw_enable_modal_window":"enable","osh_disable_topbar_sticky":"default","osh_disable_header_sticky":"default","osh_sticky_header_style":"default","osh_sticky_header_effect":"","osh_custom_sticky_logo":0,"osh_custom_retina_sticky_logo":0,"osh_custom_sticky_logo_height":0,"osh_background_color":"","osh_links_color":"","osh_links_hover_color":"","osh_links_active_color":"","osh_links_bg_color":"","osh_links_hover_bg_color":"","osh_links_active_bg_color":"","osh_menu_social_links_color":"","osh_menu_social_hover_links_color":"","footnotes":""},"class_list":["post-18870","page","type-page","status-publish","has-post-thumbnail","hentry","entry","has-media","owp-thumbs-layout-horizontal","owp-btn-normal","owp-tabs-layout-horizontal","has-no-thumbnails","has-product-nav"],"acf":[],"_links":{"self":[{"href":"https:\/\/milvus.ro\/en\/wp-json\/wp\/v2\/pages\/18870","targetHints":{"allow":["GET"]}}],"collection":[{"href":"https:\/\/milvus.ro\/en\/wp-json\/wp\/v2\/pages"}],"about":[{"href":"https:\/\/milvus.ro\/en\/wp-json\/wp\/v2\/types\/page"}],"author":[{"embeddable":true,"href":"https:\/\/milvus.ro\/en\/wp-json\/wp\/v2\/users\/3"}],"replies":[{"embeddable":true,"href":"https:\/\/milvus.ro\/en\/wp-json\/wp\/v2\/comments?post=18870"}],"version-history":[{"count":10,"href":"https:\/\/milvus.ro\/en\/wp-json\/wp\/v2\/pages\/18870\/revisions"}],"predecessor-version":[{"id":18887,"href":"https:\/\/milvus.ro\/en\/wp-json\/wp\/v2\/pages\/18870\/revisions\/18887"}],"up":[{"embeddable":true,"href":"https:\/\/milvus.ro\/en\/wp-json\/wp\/v2\/pages\/18471"}],"wp:featuredmedia":[{"embeddable":true,"href":"https:\/\/milvus.ro\/en\/wp-json\/wp\/v2\/media\/1003"}],"wp:attachment":[{"href":"https:\/\/milvus.ro\/en\/wp-json\/wp\/v2\/media?parent=18870"}],"curies":[{"name":"wp","href":"https:\/\/api.w.org\/{rel}","templated":true}]}}